{"id":4111,"date":"2024-09-20T14:40:27","date_gmt":"2024-09-20T20:40:27","guid":{"rendered":"https:\/\/1800hurt911co.com\/transporte\/"},"modified":"2024-10-04T03:52:46","modified_gmt":"2024-10-04T09:52:46","slug":"transporte","status":"publish","type":"page","link":"https:\/\/1800hurt911co.com\/es\/transporte\/","title":{"rendered":"Transporte"},"content":{"rendered":"<h2>HURT 911 PUEDE AYUDARTE CON LAS REPARACIONES Y EL TRANSPORTE DE TU COCHE<\/h2>\n<p>Si te has lesionado en un accidente de tr\u00e1fico, puede que tu veh\u00edculo est\u00e9 averiado y te resulte dif\u00edcil ir al m\u00e9dico.<br \/>\nLlama al 1-800-HURT-911 inmediatamente despu\u00e9s de tu accidente, y organizaremos el transporte gratuito de ida y vuelta a nuestras oficinas.<br \/>\nLas urgencias surgen cuando tus necesidades m\u00e9dicas son urgentes.<br \/>\nEsto incluye lesiones sufridas en el trabajo, en lugares p\u00fablicos o lesiones graves por accidentes de tr\u00e1fico.<br \/>\nEn estas situaciones, puede ser necesario llevarte a urgencias en ambulancia o transporte a\u00e9reo.<br \/>\nAunque no es necesaria la aprobaci\u00f3n previa para el transporte de urgencia, HURT 911 ofrece transporte a los clientes que re\u00fanan los requisitos para ir y volver de consultas m\u00e9dicas, hospitales u otros centros m\u00e9dicos, a fin de garantizar que recibas el tratamiento necesario para tus lesiones por accidente de coche.<br \/>\nAunque no puedas conducir tu coche o no tengas carn\u00e9 de conducir, estamos aqu\u00ed para ayudarte con el transporte relacionado con tu recuperaci\u00f3n.<br \/>\nLos accidentes de coche pueden acarrear un estr\u00e9s continuo, y el impacto no termina con el choque.<br \/>\nTu veh\u00edculo puede estar en el taller para reparaciones importantes, y puede llevar tiempo encontrar un taller de carrocer\u00eda de confianza que haga el trabajo.<br \/>\nMientras tanto, sigues teniendo responsabilidades diarias que gestionar.<br \/>\n\u00bfY qu\u00e9 ocurre si no tienes un coche de repuesto?<br \/>\nDependiendo de los detalles de tu accidente y de la cobertura de tu seguro, podr\u00edas optar a un veh\u00edculo de alquiler sin coste alguno.<br \/>\nSi llamas <a href=\"tel:+17204140000\">al 1-800-HURT911<\/a>, podemos guiarte en el proceso.<br \/>\nEsto es lo que debes saber para conseguir un veh\u00edculo de alquiler tras un accidente.<\/p>\n<h2>\u00bfQUI\u00c9N PAGA TU COCHE DE ALQUILER?<\/h2>\n<p>Hay tres partes potenciales que podr\u00edan cubrir el coste de tu coche de alquiler: tu compa\u00f1\u00eda de seguros, el seguro del otro conductor o t\u00fa.<\/p>\n<p>Si eres culpable del accidente, el seguro del otro conductor no cubrir\u00e1 el alquiler.<\/p>\n<p>Tu propio seguro pagar\u00e1 si tu p\u00f3liza incluye la cobertura del coche de alquiler.<\/p>\n<p>Si no, tendr\u00e1s que correr t\u00fa con los gastos del alquiler.<\/p>\n<p>Si el otro conductor tiene la culpa del accidente, su compa\u00f1\u00eda de seguros est\u00e1 legalmente obligada a pagar tu coche de alquiler hasta que tu<\/p>\n<p>veh\u00edculo est\u00e9 reparado o, si se considera siniestro total, hasta que te indemnice por su valor.<\/p>\n<p>Adem\u00e1s, la compa\u00f1\u00eda de seguros debe proporcionarte un coche de alquiler comparable al de tu veh\u00edculo siniestrado.<\/p>\n<p>Por ejemplo, si conduces un todoterreno, deben cubrir el alquiler de un veh\u00edculo similar, no s\u00f3lo de un coche compacto.<\/p>\n<p><a href=\"https:\/\/1800hurt911co.com\/wp-content\/uploads\/2024\/09\/insurace-transportation-copy.webp\"><img fetchpriority=\"high\" decoding=\"async\" class=\"alignnone size-full wp-image-3785\" src=\"https:\/\/1800hurt911co.com\/wp-content\/uploads\/2024\/09\/insurace-transportation-copy.webp\" alt=\"Hurt911 puede ayudarte con tu seguro y transporte\" width=\"500\" height=\"333\" srcset=\"https:\/\/1800hurt911co.com\/wp-content\/uploads\/2024\/09\/insurace-transportation-copy.webp 500w, https:\/\/1800hurt911co.com\/wp-content\/uploads\/2024\/09\/insurace-transportation-copy-300x200.webp 300w\" sizes=\"(max-width: 500px) 100vw, 500px\" \/><\/a><\/p>\n<h2>CONTRATA A UN ABOGADO PARA TRATAR CON LA COMPA\u00d1\u00cdA DE SEGUROS<\/h2>\n<p>Conseguir que la compa\u00f1\u00eda de seguros del otro conductor cubra tu coche de alquiler puede ser complicado.<\/p>\n<p>A menos que el accidente sea claramente culpa del otro conductor (como ser golpeado por detr\u00e1s mientras est\u00e1 parado en un sem\u00e1foro), la compa\u00f1\u00eda de seguros puede discutir la responsabilidad.<\/p>\n<p>Durante esta disputa, no pagar\u00e1n tu coche de alquiler, dej\u00e1ndote sin transporte a menos que cubras los gastos por adelantado.<\/p>\n<p>Una vez establecida la culpabilidad, el seguro del otro conductor tendr\u00e1 que reembols\u00e1rtelo, pero mientras tanto, t\u00fa te lo pagas de tu bolsillo.<\/p>\n<p>Aqu\u00ed es donde el EQUIPO LEGAL DE HURT 911 puede marcar una gran diferencia.<\/p>\n<p>Las compa\u00f1\u00edas de seguros suelen dar largas a la hora de determinar la culpa, lo que puede llevar semanas o incluso m\u00e1s tiempo, sobre todo si nadie les presiona para que aceleren el proceso.<\/p>\n<p>Es dif\u00edcil presionar a la compa\u00f1\u00eda de seguros del otro conductor por tu cuenta.<\/p>\n<p>Sin embargo, un abogado puede ponerse en contacto directamente con la aseguradora.<\/p>\n<p>Los abogados tienen experiencia en tratar con peritos de seguros, y su intervenci\u00f3n introduce la posibilidad de una demanda, algo que las aseguradoras quieren evitar.<\/p>\n<p>Esta presi\u00f3n a\u00f1adida puede incitar a la compa\u00f1\u00eda de seguros a cubrir los gastos de tu coche de alquiler si parece probable que su conductor sea declarado culpable.<\/p>\n<p>\u00bfY lo mejor?<\/p>\n<p>Tu EQUIPO LEGAL DE HURT 911 puede encargarse de ello sin coste adicional para ti.<\/p>\n<h2>LLAMA AL 1-800-HURT911 INMEDIATAMENTE DESPU\u00c9S DE UN ACCIDENTE DE TR\u00c1FICO<\/h2>\n<p>Si has sufrido un accidente de tr\u00e1fico, lo mejor que puedes hacer es llamar <a href=\"\/contact\/\">al 1-800-HURT911<\/a>.<br \/>\nEstamos aqu\u00ed para ayudarte a obtener el mejor resultado y proteger tus derechos.<br \/>\nNo esperes, \u00a1ll\u00e1manos hoy!<\/p>\n","protected":false},"excerpt":{"rendered":"<p>HURT 911 PUEDE AYUDARTE CON LAS REPARACIONES Y EL TRANSPORTE DE TU COCHE Si te has lesionado en un accidente de tr\u00e1fico, puede que tu veh\u00edculo est\u00e9 averiado y te resulte dif\u00edcil ir al m\u00e9dico. Llama al 1-800-HURT-911 inmediatamente despu\u00e9s de tu accidente, y organizaremos el transporte gratuito de ida y vuelta a nuestras oficinas. [&hellip;]<\/p>\n","protected":false},"author":22,"featured_media":0,"parent":0,"menu_order":0,"comment_status":"closed","ping_status":"closed","template":"","meta":{"_acf_changed":false,"footnotes":""},"class_list":["post-4111","page","type-page","status-publish","hentry"],"acf":[],"_links":{"self":[{"href":"https:\/\/1800hurt911co.com\/es\/wp-json\/wp\/v2\/pages\/4111","targetHints":{"allow":["GET"]}}],"collection":[{"href":"https:\/\/1800hurt911co.com\/es\/wp-json\/wp\/v2\/pages"}],"about":[{"href":"https:\/\/1800hurt911co.com\/es\/wp-json\/wp\/v2\/types\/page"}],"author":[{"embeddable":true,"href":"https:\/\/1800hurt911co.com\/es\/wp-json\/wp\/v2\/users\/22"}],"replies":[{"embeddable":true,"href":"https:\/\/1800hurt911co.com\/es\/wp-json\/wp\/v2\/comments?post=4111"}],"version-history":[{"count":3,"href":"https:\/\/1800hurt911co.com\/es\/wp-json\/wp\/v2\/pages\/4111\/revisions"}],"predecessor-version":[{"id":4494,"href":"https:\/\/1800hurt911co.com\/es\/wp-json\/wp\/v2\/pages\/4111\/revisions\/4494"}],"wp:attachment":[{"href":"https:\/\/1800hurt911co.com\/es\/wp-json\/wp\/v2\/media?parent=4111"}],"curies":[{"name":"wp","href":"https:\/\/api.w.org\/{rel}","templated":true}]}}