{"id":4143,"date":"2024-09-10T11:30:44","date_gmt":"2024-09-10T15:30:44","guid":{"rendered":"https:\/\/1800hurt911co.com\/arvada\/"},"modified":"2024-11-18T12:12:11","modified_gmt":"2024-11-18T17:12:11","slug":"arvada","status":"publish","type":"page","link":"https:\/\/1800hurt911co.com\/es\/arvada\/","title":{"rendered":"Arvada"},"content":{"rendered":"<p>Arvada, Colorado, es una vibrante ciudad situada en la parte noroeste del \u00e1rea metropolitana de Denver. Fundada en 1870, ha pasado de ser un peque\u00f1o pueblo minero a convertirse en una pr\u00f3spera comunidad con una poblaci\u00f3n aproximada de 130.000 habitantes. Arvada ofrece una mezcla \u00fanica de encanto hist\u00f3rico y comodidades modernas, lo que la convierte en un lugar deseable para vivir y trabajar. Una de las caracter\u00edsticas m\u00e1s destacadas de Arvada es su compromiso de preservar su patrimonio hist\u00f3rico al tiempo que adopta el desarrollo contempor\u00e1neo. El distrito de Olde Town Arvada es un buen ejemplo de ello, con edificios bellamente restaurados, pintorescas tiendas y diversas opciones gastron\u00f3micas. Esta zona es el coraz\u00f3n de la ciudad, donde residentes y visitantes pueden disfrutar de una gran variedad de eventos locales y actividades culturales. Arvada tambi\u00e9n es famosa por sus amplios parques e instalaciones recreativas. Con m\u00e1s de 160 km de senderos y numerosos parques, incluido el extenso Parque Regional del Lago Standley, los residentes tienen amplias oportunidades para practicar actividades al aire libre como senderismo, ciclismo y observaci\u00f3n de aves. El compromiso de la ciudad con los espacios verdes mejora la calidad de vida y proporciona una escapada natural del ajetreo urbano. La econom\u00eda local se beneficia de una mezcla de industrias, como la tecnol\u00f3gica, la manufacturera y la minorista. La ubicaci\u00f3n estrat\u00e9gica de Arvada, cerca de las principales autopistas y del Aeropuerto Internacional de Denver, favorece su crecimiento econ\u00f3mico y su accesibilidad. La ciudad alberga una amplia gama de empresas, desde nuevas empresas hasta empresas establecidas, lo que contribuye a un mercado laboral din\u00e1mico y diverso. La educaci\u00f3n es una prioridad en Arvada, con varios colegios p\u00fablicos y privados de gran prestigio que dan servicio a la comunidad. El enfoque de la ciudad en servicios familiares, combinado con su rica historia y belleza esc\u00e9nica, hace de Arvada un destino acogedor y atractivo para familias, profesionales y jubilados por igual.<\/p>\n","protected":false},"excerpt":{"rendered":"<p>Arvada, Colorado, es una vibrante ciudad situada en la parte noroeste del \u00e1rea metropolitana de Denver. Fundada en 1870, ha pasado de ser un peque\u00f1o pueblo minero a convertirse en una pr\u00f3spera comunidad con una poblaci\u00f3n aproximada de 130.000 habitantes. Arvada ofrece una mezcla \u00fanica de encanto hist\u00f3rico y comodidades modernas, lo que la convierte [&hellip;]<\/p>\n","protected":false},"author":34,"featured_media":4008,"parent":0,"menu_order":0,"comment_status":"closed","ping_status":"closed","template":"","meta":{"_acf_changed":false,"footnotes":""},"class_list":["post-4143","page","type-page","status-publish","has-post-thumbnail","hentry"],"acf":[],"_links":{"self":[{"href":"https:\/\/1800hurt911co.com\/es\/wp-json\/wp\/v2\/pages\/4143","targetHints":{"allow":["GET"]}}],"collection":[{"href":"https:\/\/1800hurt911co.com\/es\/wp-json\/wp\/v2\/pages"}],"about":[{"href":"https:\/\/1800hurt911co.com\/es\/wp-json\/wp\/v2\/types\/page"}],"author":[{"embeddable":true,"href":"https:\/\/1800hurt911co.com\/es\/wp-json\/wp\/v2\/users\/34"}],"replies":[{"embeddable":true,"href":"https:\/\/1800hurt911co.com\/es\/wp-json\/wp\/v2\/comments?post=4143"}],"version-history":[{"count":3,"href":"https:\/\/1800hurt911co.com\/es\/wp-json\/wp\/v2\/pages\/4143\/revisions"}],"predecessor-version":[{"id":5206,"href":"https:\/\/1800hurt911co.com\/es\/wp-json\/wp\/v2\/pages\/4143\/revisions\/5206"}],"wp:featuredmedia":[{"embeddable":true,"href":"https:\/\/1800hurt911co.com\/es\/wp-json\/wp\/v2\/media\/4008"}],"wp:attachment":[{"href":"https:\/\/1800hurt911co.com\/es\/wp-json\/wp\/v2\/media?parent=4143"}],"curies":[{"name":"wp","href":"https:\/\/api.w.org\/{rel}","templated":true}]}}