{"id":4148,"date":"2024-09-11T15:01:13","date_gmt":"2024-09-11T19:01:13","guid":{"rendered":"https:\/\/1800hurt911co.com\/arvada\/accidente-de-autobus-en-arvada\/"},"modified":"2024-09-25T10:11:56","modified_gmt":"2024-09-25T16:11:56","slug":"accidente-de-autobus-en-arvada","status":"publish","type":"page","link":"https:\/\/1800hurt911co.com\/es\/arvada\/accidente-de-autobus-en-arvada\/","title":{"rendered":"Accidente de autob\u00fas en Arvada"},"content":{"rendered":"<h2>Tratamiento comprensivo de lesi\u00f3n del accidente del autob\u00fas en Arvada, CO<\/h2>\n<p>En Hurt 911 Colorado Injury Centers, nos especializamos en proporcionar atenci\u00f3n integral a las personas lesionadas en accidentes de autob\u00fas. Nuestro equipo dedicado entiende los desaf\u00edos \u00fanicos que vienen con tales lesiones. Ofrecemos una gama de servicios dise\u00f1ados para atender sus necesidades espec\u00edficas, asegurando que reciba el mejor tratamiento y apoyo posibles. Tras un accidente de autob\u00fas, las lesiones pueden variar mucho, desde un latigazo cervical hasta lesiones m\u00e1s graves de la columna vertebral. Nuestro enfoque se centra en evaluaciones exhaustivas y planes de tratamiento personalizados adaptados a su situaci\u00f3n. Damos prioridad a su recuperaci\u00f3n y trabajamos con diligencia para aliviar el dolor, restaurar la funci\u00f3n y mejorar su bienestar general. Nuestras instalaciones est\u00e1n equipadas con herramientas de diagn\u00f3stico avanzadas, incluyendo rayos X y resonancias magn\u00e9ticas, para evaluar con precisi\u00f3n sus lesiones. Esto nos permite crear un plan de tratamiento espec\u00edfico que puede incluir ajustes quiropr\u00e1cticos, fisioterapia y otras t\u00e9cnicas de rehabilitaci\u00f3n. Nuestro objetivo es facilitar una r\u00e1pida recuperaci\u00f3n para que pueda volver a sus actividades diarias sin dolor o molestias. La elecci\u00f3n de Hurt 911 significa que usted no es s\u00f3lo un paciente, usted es parte de una comunidad de apoyo. Proporcionamos transporte gratuito de ida y vuelta a las citas, facilit\u00e1ndole el acceso a la atenci\u00f3n que necesita. Adem\u00e1s, nuestro equipo de colaboraci\u00f3n de profesionales m\u00e9dicos y expertos legales est\u00e1 aqu\u00ed para guiarle a trav\u00e9s de las complejidades de las reclamaciones por lesiones, asegurando que reciba la compensaci\u00f3n que se merece. Si usted o un ser querido ha estado involucrado en un accidente de autob\u00fas, no dude en ponerse en contacto. Nuestro personal compasivo est\u00e1 listo para ayudarle en su viaje hacia la recuperaci\u00f3n. P\u00f3ngase en contacto con nosotros hoy para programar su cita y dar el primer paso hacia la curaci\u00f3n.<\/p>\n<h2>Tratamiento especializado de lesiones por accidente de autob\u00fas en Arvada<\/h2>\n<p><img fetchpriority=\"high\" decoding=\"async\" class=\"alignnone wp-image-2522 size-full\" src=\"https:\/\/1800hurt911co.com\/wp-content\/uploads\/2024\/09\/shutterstock_2234893373.webp\" alt=\"Arvada bus accident\" width=\"500\" height=\"333\" srcset=\"https:\/\/1800hurt911co.com\/wp-content\/uploads\/2024\/09\/shutterstock_2234893373.webp 500w, https:\/\/1800hurt911co.com\/wp-content\/uploads\/2024\/09\/shutterstock_2234893373-300x200.webp 300w\" sizes=\"(max-width: 500px) 100vw, 500px\" \/><\/p>\n<p>En Hurt 911 Colorado Injury Centers, ofrecemos tratamiento especializado para las personas que han sufrido lesiones por accidentes de autob\u00fas. Nuestro equipo entiende los desaf\u00edos \u00fanicos que vienen con estos tipos de accidentes. Estamos dedicados a proporcionar una atenci\u00f3n integral adaptada a sus necesidades espec\u00edficas, asegurando un proceso de recuperaci\u00f3n m\u00e1s suave.<\/p>\n<h3>S\u00edntomas y tratamiento del latigazo cervical<\/h3>\n<p>El latigazo cervical es una lesi\u00f3n com\u00fan en los accidentes de autob\u00fas, a menudo como resultado del movimiento brusco de la cabeza. Puede dar lugar a diversos s\u00edntomas, como dolor de cuello, rigidez, dolores de cabeza y mareos. Reconocer estos s\u00edntomas a tiempo es crucial para un tratamiento eficaz. Identificaci\u00f3n de los s\u00edntomas del latigazo cervical Si experimenta alguno de estos s\u00edntomas tras un accidente de autob\u00fas, es importante que busque atenci\u00f3n m\u00e9dica. El diagn\u00f3stico precoz puede prevenir problemas a largo plazo y facilitar una recuperaci\u00f3n m\u00e1s r\u00e1pida. Opciones de tratamiento para el latigazo cervical Nuestras opciones de tratamiento para el latigazo cervical pueden incluir ajustes quiropr\u00e1cticos, fisioterapia y t\u00e9cnicas de manejo del dolor. Nos centramos en restaurar la movilidad y aliviar el dolor, ayud\u00e1ndole a volver a sus actividades diarias tan pronto como sea posible.<\/p>\n<h3>Da\u00f1os en los tejidos blandos y rehabilitaci\u00f3n<\/h3>\n<p><img decoding=\"async\" class=\"alignnone wp-image-2539 size-full\" src=\"https:\/\/1800hurt911co.com\/wp-content\/uploads\/2024\/09\/shutterstock_1770797390.webp\" alt=\"Physical therapist checking on a client's neck pain\" width=\"500\" height=\"369\" srcset=\"https:\/\/1800hurt911co.com\/wp-content\/uploads\/2024\/09\/shutterstock_1770797390.webp 500w, https:\/\/1800hurt911co.com\/wp-content\/uploads\/2024\/09\/shutterstock_1770797390-300x221.webp 300w\" sizes=\"(max-width: 500px) 100vw, 500px\" \/><\/p>\n<p>Los accidentes de autob\u00fas tambi\u00e9n pueden provocar lesiones en los tejidos blandos, como esguinces, distensiones y contusiones. Estas lesiones no siempre son evidentes de inmediato, pero pueden causar un malestar significativo y dificultar su recuperaci\u00f3n. Esguinces, distensiones y contusiones Las lesiones de tejidos blandos requieren un tratamiento cuidadoso. Nuestro equipo m\u00e9dico evaluar\u00e1 el alcance de sus lesiones y desarrollar\u00e1 un plan de rehabilitaci\u00f3n personalizado. Fisioterapia y t\u00e9cnicas de rehabilitaci\u00f3n Ofrecemos diversas t\u00e9cnicas de rehabilitaci\u00f3n, como ejercicios espec\u00edficos, terapia manual y modalidades como ultrasonidos y estimulaci\u00f3n el\u00e9ctrica. Estos m\u00e9todos est\u00e1n dise\u00f1ados para promover la curaci\u00f3n y restaurar la funci\u00f3n.<\/p>\n<h3>Control del dolor de espalda tras un accidente de autob\u00fas<\/h3>\n<p>El dolor de espalda es otro problema com\u00fan al que se enfrentan las v\u00edctimas de accidentes de autob\u00fas. Si se deriva de latigazo cervical o impacto directo, la gesti\u00f3n de este dolor es esencial para su recuperaci\u00f3n general. Ajustes Quiropr\u00e1cticos para el Dolor de EspaldaEl cuidado quiropr\u00e1ctico juega un papel importante en el alivio del dolor de espalda. Nuestros quiropr\u00e1cticos experimentados utilizan ajustes manuales y manipulaci\u00f3n espinal para aliviar la presi\u00f3n y mejorar la alineaci\u00f3n. Opciones de tratamiento adicionales: Hielo\/Calor, Estimulaci\u00f3n El\u00e9ctrica Adem\u00e1s de los ajustes quiropr\u00e1cticos, podemos recomendar otras opciones de tratamiento como la terapia de hielo o calor, as\u00ed como la estimulaci\u00f3n el\u00e9ctrica para reducir el dolor y la inflamaci\u00f3n. En Hurt 911 Colorado Injury Centers, estamos comprometidos a proporcionar la atenci\u00f3n especializada que necesita despu\u00e9s de un accidente de autob\u00fas. Nuestro objetivo es apoyar su viaje de recuperaci\u00f3n en cada paso del camino.<\/p>\n<h2>Por qu\u00e9 elegir los centros de lesi\u00f3n de Hurt 911 Colorado para el tratamiento del accidente del autob\u00fas<\/h2>\n<p><img decoding=\"async\" class=\"alignnone wp-image-2542 size-full\" src=\"https:\/\/1800hurt911co.com\/wp-content\/uploads\/2024\/09\/shutterstock_2500528345.webp\" alt=\"Arvada physical therapist helping an injured man recover\" width=\"500\" height=\"333\" srcset=\"https:\/\/1800hurt911co.com\/wp-content\/uploads\/2024\/09\/shutterstock_2500528345.webp 500w, https:\/\/1800hurt911co.com\/wp-content\/uploads\/2024\/09\/shutterstock_2500528345-300x200.webp 300w\" sizes=\"(max-width: 500px) 100vw, 500px\" \/><\/p>\n<p>Cuando usted ha estado involucrado en un accidente de autob\u00fas, la selecci\u00f3n del centro de tratamiento adecuado es crucial para su recuperaci\u00f3n. El Centro de Lesiones Hurt 911 Colorado se destaca como la mejor opci\u00f3n en Arvada por varias razones de peso.<\/p>\n<h3>Nuestro experimentado equipo m\u00e9dico<\/h3>\n<p>Nuestro equipo est\u00e1 compuesto por profesionales cualificados con amplia experiencia en la atenci\u00f3n de lesiones personales. Cada miembro est\u00e1 dedicado a entender las necesidades \u00fanicas de las v\u00edctimas de accidentes de autob\u00fas. Esta experiencia nos permite ofrecer un tratamiento centrado y eficaz adaptado a sus lesiones espec\u00edficas.<\/p>\n<h3>Enfoque de colaboraci\u00f3n: M\u00e9dicos y abogados<\/h3>\n<p>Tomamos un enfoque hol\u00edstico para su cuidado. Nuestro personal m\u00e9dico trabaja en estrecha colaboraci\u00f3n con profesionales del derecho para garantizar que usted reciba no s\u00f3lo el mejor tratamiento m\u00e9dico, sino tambi\u00e9n el apoyo jur\u00eddico necesario para sus reclamaciones por lesiones. Esta colaboraci\u00f3n mejora su proceso de recuperaci\u00f3n y le ayuda a navegar por las complejidades de su caso con confianza.<\/p>\n<h3>Servicios de atenci\u00f3n integral<\/h3>\n<p>En Hurt 911, ofrecemos una amplia gama de servicios para facilitar su recuperaci\u00f3n. Desde las evaluaciones iniciales hasta el tratamiento continuo, nuestro objetivo es abordar todos los aspectos de su lesi\u00f3n. Tambi\u00e9n ofrecemos transporte gratuito de ida y vuelta a las citas, facilit\u00e1ndole el acceso a la atenci\u00f3n que necesita sin estr\u00e9s a\u00f1adido.<\/p>\n<h3>Asistencia jur\u00eddica para reclamaciones por lesiones<\/h3>\n<p>Comprender c\u00f3mo reclamar una indemnizaci\u00f3n puede resultar abrumador. Nuestro equipo est\u00e1 aqu\u00ed para guiarle a trav\u00e9s del proceso legal, asegur\u00e1ndose de que est\u00e1 informado y apoyado en cada paso del camino. Nuestro objetivo es maximizar su compensaci\u00f3n para que pueda centrarse en la curaci\u00f3n.<\/p>\n<h3>Testimonios de clientes e historias de \u00e9xito<\/h3>\n<p>Las experiencias de nuestros clientes hablan mucho de la calidad de la atenci\u00f3n que ofrecemos. Muchos han compartido sus historias de \u00e9xito, destacando c\u00f3mo nuestro equipo les ayud\u00f3 a recuperarse de sus lesiones y asegurar una compensaci\u00f3n justa. Estos testimonios reflejan nuestro compromiso con la satisfacci\u00f3n del cliente y un tratamiento eficaz. Elegir los Centros de Lesiones Hurt 911 Colorado significa que est\u00e1 seleccionando un equipo dedicado que prioriza su recuperaci\u00f3n y bienestar. Perm\u00edtanos ayudarle a volver a la pista despu\u00e9s de su accidente de autob\u00fas.<\/p>\n<h2>Entre en contacto con los centros de lesi\u00f3n de Hurt 911 Colorado hoy<\/h2>\n<p><img loading=\"lazy\" decoding=\"async\" class=\"alignnone wp-image-2064\" src=\"https:\/\/1800hurt911co.com\/wp-content\/uploads\/2020\/12\/banner-bg1-copy-1024x254.webp\" alt=\"1-800-HURT911\" width=\"500\" height=\"124\" srcset=\"https:\/\/1800hurt911co.com\/wp-content\/uploads\/2020\/12\/banner-bg1-copy-1024x254.webp 1024w, https:\/\/1800hurt911co.com\/wp-content\/uploads\/2020\/12\/banner-bg1-copy-300x75.webp 300w, https:\/\/1800hurt911co.com\/wp-content\/uploads\/2020\/12\/banner-bg1-copy-768x191.webp 768w, https:\/\/1800hurt911co.com\/wp-content\/uploads\/2020\/12\/banner-bg1-copy-1536x382.webp 1536w, https:\/\/1800hurt911co.com\/wp-content\/uploads\/2020\/12\/banner-bg1-copy.webp 1920w\" sizes=\"(max-width: 500px) 100vw, 500px\" \/><\/p>\n<p>Si usted ha estado implicado en un accidente de autob\u00fas, alcanzar ayuda es crucial. En Hurt 911 Colorado Injury Centers, estamos dedicados a proporcionar la atenci\u00f3n y el apoyo que necesita para recuperarse de sus lesiones. Nuestro equipo est\u00e1 listo para ayudarle a navegar los pr\u00f3ximos pasos hacia la curaci\u00f3n y la compensaci\u00f3n.<\/p>\n<h3>Programe su cita<\/h3>\n<p>No espere para buscar tratamiento. La intervenci\u00f3n temprana puede tener un impacto significativo en su recuperaci\u00f3n. Nuestra cl\u00ednica de lesiones de Arvada ofrece horarios de citas flexibles para adaptarse a su horario. Puede llamarnos directamente o utilizar nuestro formulario en l\u00ednea para reservar su visita. Damos prioridad a su salud y bienestar.<\/p>\n<h2>Obtenga la atenci\u00f3n que merece despu\u00e9s de un accidente de autob\u00fas<\/h2>\n<p>Nuestros profesionales experimentados est\u00e1n aqu\u00ed para proporcionar atenci\u00f3n integral de lesiones accidente de autob\u00fas. Desde ajustes quiropr\u00e1cticos hasta servicios de rehabilitaci\u00f3n, atendemos sus necesidades espec\u00edficas. Tambi\u00e9n ofrecemos transporte gratuito desde y hacia las citas, asegurando que pueda acceder a la atenci\u00f3n que necesita sin estr\u00e9s a\u00f1adido. D\u00e9 el primer paso hacia la recuperaci\u00f3n hoy mismo. P\u00f3ngase en contacto con los Centros de Lesiones Hurt 911 Colorado y perm\u00edtanos ayudarle a volver a la normalidad. Su salud y tranquilidad son nuestras principales prioridades.<\/p>\n","protected":false},"excerpt":{"rendered":"<p>Tratamiento comprensivo de lesi\u00f3n del accidente del autob\u00fas en Arvada, CO En Hurt 911 Colorado Injury Centers, nos especializamos en proporcionar atenci\u00f3n integral a las personas lesionadas en accidentes de autob\u00fas. Nuestro equipo dedicado entiende los desaf\u00edos \u00fanicos que vienen con tales lesiones. Ofrecemos una gama de servicios dise\u00f1ados para atender sus necesidades espec\u00edficas, asegurando [&hellip;]<\/p>\n","protected":false},"author":34,"featured_media":0,"parent":4143,"menu_order":0,"comment_status":"closed","ping_status":"closed","template":"","meta":{"_acf_changed":false,"footnotes":""},"class_list":["post-4148","page","type-page","status-publish","hentry"],"acf":[],"_links":{"self":[{"href":"https:\/\/1800hurt911co.com\/es\/wp-json\/wp\/v2\/pages\/4148","targetHints":{"allow":["GET"]}}],"collection":[{"href":"https:\/\/1800hurt911co.com\/es\/wp-json\/wp\/v2\/pages"}],"about":[{"href":"https:\/\/1800hurt911co.com\/es\/wp-json\/wp\/v2\/types\/page"}],"author":[{"embeddable":true,"href":"https:\/\/1800hurt911co.com\/es\/wp-json\/wp\/v2\/users\/34"}],"replies":[{"embeddable":true,"href":"https:\/\/1800hurt911co.com\/es\/wp-json\/wp\/v2\/comments?post=4148"}],"version-history":[{"count":2,"href":"https:\/\/1800hurt911co.com\/es\/wp-json\/wp\/v2\/pages\/4148\/revisions"}],"predecessor-version":[{"id":4150,"href":"https:\/\/1800hurt911co.com\/es\/wp-json\/wp\/v2\/pages\/4148\/revisions\/4150"}],"up":[{"embeddable":true,"href":"https:\/\/1800hurt911co.com\/es\/wp-json\/wp\/v2\/pages\/4143"}],"wp:attachment":[{"href":"https:\/\/1800hurt911co.com\/es\/wp-json\/wp\/v2\/media?parent=4148"}],"curies":[{"name":"wp","href":"https:\/\/api.w.org\/{rel}","templated":true}]}}