{"id":4151,"date":"2024-09-10T21:31:53","date_gmt":"2024-09-11T01:31:53","guid":{"rendered":"https:\/\/1800hurt911co.com\/arvada\/arvada-accidente-de-coche-quiropractico\/"},"modified":"2024-09-26T02:43:56","modified_gmt":"2024-09-26T08:43:56","slug":"arvada-accidente-de-coche-quiropractico","status":"publish","type":"page","link":"https:\/\/1800hurt911co.com\/es\/arvada\/arvada-accidente-de-coche-quiropractico\/","title":{"rendered":"Arvada accidente de coche quiropr\u00e1ctico"},"content":{"rendered":"<h2>\u00bfNecesite a un quiropr\u00e1ctico del accidente de coche de Arvada?<\/h2>\n<p>En Hurt 911 Colorado Injury Centers, nos especializamos en la prestaci\u00f3n de servicios quiropr\u00e1cticos para tratar las lesiones sufridas por accidentes de coche en Arvada. La comprensi\u00f3n de la naturaleza de estas lesiones es esencial para una recuperaci\u00f3n eficaz.<\/p>\n<h2>Entendiendo las lesiones por accidentes de coche<\/h2>\n<p><img fetchpriority=\"high\" decoding=\"async\" class=\"alignnone wp-image-2534 size-full\" src=\"https:\/\/1800hurt911co.com\/wp-content\/uploads\/2024\/09\/shutterstock_1769883446.webp\" alt=\"Woman with knee injury seeing xrays from her doctor\" width=\"500\" height=\"334\" srcset=\"https:\/\/1800hurt911co.com\/wp-content\/uploads\/2024\/09\/shutterstock_1769883446.webp 500w, https:\/\/1800hurt911co.com\/wp-content\/uploads\/2024\/09\/shutterstock_1769883446-300x200.webp 300w\" sizes=\"(max-width: 500px) 100vw, 500px\" \/><\/p>\n<p>Los accidentes de coche suelen provocar diversas lesiones, como latigazo cervical, dolor de cuello y da\u00f1os en los tejidos blandos. Es posible que los s\u00edntomas no aparezcan de inmediato, por lo que es crucial buscar una evaluaci\u00f3n m\u00e9dica de inmediato. Un diagn\u00f3stico precoz puede tener un gran impacto en su recuperaci\u00f3n al permitir una intervenci\u00f3n y tratamiento oportunos. Los accidentes de coche tambi\u00e9n pueden afectar a la m\u00e9dula espinal, dando lugar a problemas tales como hernias discales que ejercen presi\u00f3n sobre la m\u00e9dula espinal y causan dolor y otros s\u00edntomas.<\/p>\n<h2>Lesiones comunes en accidentes de coche<\/h2>\n<p>Los accidentes de tr\u00e1fico pueden provocar diversas lesiones, algunas de las cuales pueden no ser evidentes de inmediato. Las lesiones comunes en accidentes de auto incluyen el latigazo cervical, hernias discales y lesiones de tejidos blandos. El latigazo cervical se produce cuando la cabeza se sacude repentinamente hacia adelante y hacia atr\u00e1s, causando tensi\u00f3n en los m\u00fasculos y ligamentos del cuello. Las hernias discales se producen cuando la columna vertebral se comprime o se tuerce, provocando que los discos se abulten o se rompan. Las lesiones de tejidos blandos, como contusiones y esguinces, pueden producirse en m\u00fasculos, piel y tendones.<\/p>\n<h2>\u00bfPor qu\u00e9 elegir la atenci\u00f3n quiropr\u00e1ctica para las lesiones por accidente de auto?<\/h2>\n<p><img decoding=\"async\" class=\"alignnone wp-image-2552 size-full\" src=\"https:\/\/1800hurt911co.com\/wp-content\/uploads\/2024\/09\/shutterstock_2475680809.webp\" alt=\"An Arvada Car Accident Chiropractor works on a woman's injured back\" width=\"500\" height=\"330\" srcset=\"https:\/\/1800hurt911co.com\/wp-content\/uploads\/2024\/09\/shutterstock_2475680809.webp 500w, https:\/\/1800hurt911co.com\/wp-content\/uploads\/2024\/09\/shutterstock_2475680809-300x198.webp 300w\" sizes=\"(max-width: 500px) 100vw, 500px\" \/><\/p>\n<p>El cuidado quiropr\u00e1ctico ofrece numerosos beneficios para la recuperaci\u00f3n de lesiones por accidentes de tr\u00e1fico:<\/p>\n<ul>\n<li>Ajustes Quiropr\u00e1cticos: Estos ajustes ayudan a realinear la columna vertebral, aliviar el dolor y promover una curaci\u00f3n m\u00e1s r\u00e1pida.<\/li>\n<li>Opciones de tratamiento no invasivo: Los m\u00e9todos quiropr\u00e1cticos se centran en la curaci\u00f3n natural, evitando la necesidad de procedimientos invasivos.<\/li>\n<li>Evitar la cirug\u00eda y los medicamentos: El cuidado quiropr\u00e1ctico ayuda a los pacientes a evitar cirug\u00edas y reduce la dependencia de medicamentos<\/li>\n<li>para el dolor, que pueden tener efectos secundarios no deseados.<\/li>\n<\/ul>\n<p>Nuestro quiropr\u00e1ctico Dr. Smith tiene un enfoque hol\u00edstico para la atenci\u00f3n al paciente, centr\u00e1ndose en el individuo en su totalidad en lugar de simplemente abordar los s\u00edntomas aislados. Nuestro equipo se dedica a proporcionar una atenci\u00f3n personalizada que se adapte a sus necesidades espec\u00edficas. Si usted ha estado involucrado en un accidente de coche en Arvada, no dude en ponerse en contacto. Su camino hacia la recuperaci\u00f3n comienza aqu\u00ed.<\/p>\n<h2>Nuestro enfoque integral para la recuperaci\u00f3n de accidentes automovil\u00edsticos<\/h2>\n<p>En Hurt 911 Colorado Injury Centers en Arvada, creemos en un enfoque hol\u00edstico para la curaci\u00f3n despu\u00e9s de un accidente de coche. Nuestra atenci\u00f3n multidisciplinar aborda las diversas necesidades de cada paciente, reconociendo que cada lesi\u00f3n es \u00fanica y requiere un plan de tratamiento a medida. Nuestros servicios quiropr\u00e1cticos incluyen una variedad de t\u00e9cnicas dirigidas a la curaci\u00f3n natural y la atenci\u00f3n personalizada.<\/p>\n<h2>Atenci\u00f3n multidisciplinar para lesiones por accidente de coche<\/h2>\n<p><img decoding=\"async\" class=\"alignnone wp-image-2548 size-full\" src=\"https:\/\/1800hurt911co.com\/wp-content\/uploads\/2024\/09\/shutterstock_1805310178.webp\" alt=\"Arvada Car Accident Chiropractor points to a model spine\" width=\"500\" height=\"334\" srcset=\"https:\/\/1800hurt911co.com\/wp-content\/uploads\/2024\/09\/shutterstock_1805310178.webp 500w, https:\/\/1800hurt911co.com\/wp-content\/uploads\/2024\/09\/shutterstock_1805310178-300x200.webp 300w\" sizes=\"(max-width: 500px) 100vw, 500px\" \/><\/p>\n<p>Nuestro equipo especializado ofrece una amplia gama de servicios para ayudarle en su recuperaci\u00f3n:<\/p>\n<ul>\n<li><strong>Atenci\u00f3n quiropr\u00e1ctica<\/strong>: Nuestros quiropr\u00e1cticos utilizan ajustes de la columna vertebral para aliviar el dolor y restaurar la movilidad, especialmente eficaces para el dolor de cuello y el latigazo cervical.<\/li>\n<li><strong>Fisioterapia<\/strong>: Los ejercicios de rehabilitaci\u00f3n destinados a mejorar la fuerza y la flexibilidad son vitales para una recuperaci\u00f3n completa. Una rehabilitaci\u00f3n eficaz requiere mejorar la comunicaci\u00f3n entre los m\u00fasculos y la m\u00e9dula espinal, especialmente en el contexto de la optimizaci\u00f3n de la funci\u00f3n de la columna vertebral.<\/li>\n<li><strong>Masaje terap\u00e9utico<\/strong>: El masaje terap\u00e9utico ayuda a aliviar la tensi\u00f3n muscular y favorece la relajaci\u00f3n durante el proceso de recuperaci\u00f3n.<\/li>\n<li><strong>Servicios de diagn\u00f3stico<\/strong>: Ofrecemos radiograf\u00edas y resonancias magn\u00e9ticas para evaluar con precisi\u00f3n sus lesiones y orientar su plan de tratamiento.<\/li>\n<\/ul>\n<h2>Servicios de la Cl\u00ednica del Dolor de Espalda<\/h2>\n<p>Nuestra cl\u00ednica de dolor de espalda ofrece una gama de servicios para ayudar a aliviar el dolor de espalda y promover la salud en general. Nuestro quiropr\u00e1ctico Arvada utiliza la atenci\u00f3n quiropr\u00e1ctica para tratar la causa ra\u00edz del dolor de espalda, en lugar de simplemente enmascarar los s\u00edntomas. Nuestros servicios incluyen la alineaci\u00f3n espinal, descompresi\u00f3n espinal, masaje m\u00e9dico, y otras t\u00e9cnicas quiropr\u00e1cticas. Tambi\u00e9n ofrecemos terapia f\u00edsica para ayudar a los pacientes a recuperarse de lesiones y lograr una salud \u00f3ptima.<\/p>\n<h2>Opciones de tratamiento del dolor de cuello<\/h2>\n<p>El dolor de cuello puede ser causado por una variedad de factores, incluyendo accidentes automovil\u00edsticos, malas posturas, y la tensi\u00f3n repetitiva. Nuestro quiropr\u00e1ctico Arvada ofrece una gama de opciones de tratamiento para ayudar a aliviar el dolor de cuello. Estos incluyen ajustes quiropr\u00e1cticos, fisioterapia y masajes m\u00e9dicos. Tambi\u00e9n ofrecemos consejos de estilo de vida y recomendaciones ergon\u00f3micas para ayudar a prevenir el dolor de cuello en el futuro.<\/p>\n<h2>C\u00f3mo funciona nuestro tratamiento quiropr\u00e1ctico<\/h2>\n<p>Nuestro proceso comienza con una evaluaci\u00f3n completa para entender sus necesidades espec\u00edficas: Consulta Inicial y Diagn\u00f3stico: Durante su primera visita, evaluamos el alcance de sus lesiones para determinar el mejor curso de acci\u00f3n para el tratamiento. Nuestro quiropr\u00e1ctico Dr. Smith evaluar\u00e1 el alcance de sus lesiones para determinar el mejor curso de acci\u00f3n para el tratamiento. Planes de tratamiento personalizado: Creamos un plan de tratamiento personalizado que puede incluir ajustes quiropr\u00e1cticos, terapia f\u00edsica y terapia de masaje, asegurando un cuidado \u00f3ptimo. Alivio del dolor y rehabilitaci\u00f3n a largo plazo: Nuestro objetivo es la recuperaci\u00f3n duradera, centr\u00e1ndose en las estrategias de rehabilitaci\u00f3n que apoyan su salud y bienestar.<\/p>\n<h2>Qu\u00e9 esperar de nuestro quiropr\u00e1ctico Arvada<\/h2>\n<p><img loading=\"lazy\" decoding=\"async\" class=\"alignnone wp-image-2557 size-full\" src=\"https:\/\/1800hurt911co.com\/wp-content\/uploads\/2024\/09\/shutterstock_2460501509.webp\" alt=\"A woman holding her neck in pain from whiplash\" width=\"500\" height=\"264\" srcset=\"https:\/\/1800hurt911co.com\/wp-content\/uploads\/2024\/09\/shutterstock_2460501509.webp 500w, https:\/\/1800hurt911co.com\/wp-content\/uploads\/2024\/09\/shutterstock_2460501509-300x158.webp 300w\" sizes=\"(max-width: 500px) 100vw, 500px\" \/><\/p>\n<p>Cuando usted visita a nuestro quiropr\u00e1ctico Arvada, usted puede esperar un enfoque exhaustivo y personalizado a su cuidado. Nuestro quiropr\u00e1ctico se tomar\u00e1 el tiempo para escuchar sus preocupaciones y desarrollar un plan de tratamiento que se adapte a sus necesidades espec\u00edficas. Utilizamos una serie de t\u00e9cnicas quiropr\u00e1cticas, incluyendo la alineaci\u00f3n espinal y la descompresi\u00f3n espinal, para ayudar a aliviar el dolor y promover la salud en general. Tambi\u00e9n ofrecemos terapia f\u00edsica y masaje m\u00e9dico para ayudar a los pacientes a recuperarse de lesiones y lograr una salud \u00f3ptima.<\/p>\n<h2>Qu\u00e9 hacer despu\u00e9s de un accidente de coche en Arvada<\/h2>\n<p>Los accidentes automovil\u00edsticos pueden ser abrumadores, pero saber qu\u00e9 pasos tomar puede hacer una gran diferencia en su recuperaci\u00f3n.<\/p>\n<ul>\n<li><strong>Busque atenci\u00f3n m\u00e9dica<\/strong>: Incluso si usted no siente dolor inmediatamente, es crucial consultar a un profesional de la salud. Lesiones como el latigazo cervical o da\u00f1os en los tejidos blandos pueden no mostrar s\u00edntomas de inmediato. Nuestros servicios quiropr\u00e1cticos pueden ayudar a tratar lesiones como el latigazo cervical o da\u00f1os en los tejidos blandos que pueden no mostrar s\u00edntomas de inmediato.<\/li>\n<li><strong>Documente sus lesiones<\/strong>: Lleve un registro detallado de sus lesiones, s\u00edntomas y c\u00f3mo afectan a su vida diaria.<\/li>\n<\/ul>\n<h2>Preguntas frecuentes<\/h2>\n<h3>\u00bfCubrir\u00e1 mi seguro la atenci\u00f3n quiropr\u00e1ctica?<\/h3>\n<p>La mayor\u00eda de las p\u00f3lizas de seguros de autom\u00f3viles cubren la atenci\u00f3n quiropr\u00e1ctica despu\u00e9s de un accidente de coche. La mayor\u00eda de las p\u00f3lizas de seguro de auto cubren una amplia gama de servicios quiropr\u00e1cticos, asegurando que usted reciba atenci\u00f3n integral para sus lesiones. Un abogado de accidente de coche puede ayudarle a recuperar la compensaci\u00f3n por la atenci\u00f3n m\u00e9dica. Remitimos pacientes a abogados expertos y ofrecemos tratamiento sin costes por adelantado. Nuestro equipo m\u00e9dico se paga una vez que usted gana su caso de accidente de coche.<\/p>\n<h3>\u00bfQu\u00e9 pasa si no siento dolor inmediatamente?<\/h3>\n<p>Es com\u00fan que los s\u00edntomas aparezcan d\u00edas o incluso semanas despu\u00e9s de un accidente. El diagn\u00f3stico precoz es clave para prevenir complicaciones a largo plazo. La atenci\u00f3n quiropr\u00e1ctica puede abordar los problemas subyacentes antes de que empeoren.<\/p>\n<h3>\u00bfCu\u00e1ndo puedo empezar el tratamiento?<\/h3>\n<p>Usted puede programar su primera cita tan pronto como est\u00e9 listo. La intervenci\u00f3n temprana mejora en gran medida la recuperaci\u00f3n, as\u00ed que no espere para obtener la atenci\u00f3n que necesita.<\/p>\n<h2>\u00bfPor qu\u00e9 visitar Hurt 911 Colorado Injury Centers y Arvada Quiropr\u00e1ctico?<\/h2>\n<p><img loading=\"lazy\" decoding=\"async\" class=\"alignnone wp-image-2064\" src=\"https:\/\/1800hurt911co.com\/wp-content\/uploads\/2020\/12\/banner-bg1-copy-1024x254.webp\" alt=\"HURT911\" width=\"500\" height=\"124\" srcset=\"https:\/\/1800hurt911co.com\/wp-content\/uploads\/2020\/12\/banner-bg1-copy-1024x254.webp 1024w, https:\/\/1800hurt911co.com\/wp-content\/uploads\/2020\/12\/banner-bg1-copy-300x75.webp 300w, https:\/\/1800hurt911co.com\/wp-content\/uploads\/2020\/12\/banner-bg1-copy-768x191.webp 768w, https:\/\/1800hurt911co.com\/wp-content\/uploads\/2020\/12\/banner-bg1-copy-1536x382.webp 1536w, https:\/\/1800hurt911co.com\/wp-content\/uploads\/2020\/12\/banner-bg1-copy.webp 1920w\" sizes=\"(max-width: 500px) 100vw, 500px\" \/><\/p>\n<ul>\n<li><strong>Transporte gratuito<\/strong>: Ofrecemos servicios de transporte gratuitos para garantizar que reciba la atenci\u00f3n que necesita sin complicaciones.<\/li>\n<li><strong>Sin costos por adelantado<\/strong>: Nos pagan una vez que usted gana su caso de accidente de coche.<\/li>\n<li><strong>Cuidado Hol\u00edstico<\/strong>: Nuestros servicios incluyen atenci\u00f3n quiropr\u00e1ctica y orientaci\u00f3n legal, ayud\u00e1ndole a navegar por las reclamaciones de seguros y la compensaci\u00f3n por sus lesiones.<\/li>\n<\/ul>\n<h2>Contacte con nosotros<\/h2>\n<p><span style=\"font-size: 16px;\">Si usted ha estado involucrado en un accidente automovil\u00edstico en Arvada, tome el primer paso hacia la recuperaci\u00f3n mediante la programaci\u00f3n de una cita con Hurt 911 Colorado Injury Centers. Nuestro equipo dedicado est\u00e1 aqu\u00ed para apoyarle en su viaje de curaci\u00f3n.<\/span><\/p>\n","protected":false},"excerpt":{"rendered":"<p>\u00bfNecesite a un quiropr\u00e1ctico del accidente de coche de Arvada? En Hurt 911 Colorado Injury Centers, nos especializamos en la prestaci\u00f3n de servicios quiropr\u00e1cticos para tratar las lesiones sufridas por accidentes de coche en Arvada. La comprensi\u00f3n de la naturaleza de estas lesiones es esencial para una recuperaci\u00f3n eficaz. Entendiendo las lesiones por accidentes de [&hellip;]<\/p>\n","protected":false},"author":34,"featured_media":0,"parent":4143,"menu_order":0,"comment_status":"closed","ping_status":"closed","template":"","meta":{"_acf_changed":false,"footnotes":""},"class_list":["post-4151","page","type-page","status-publish","hentry"],"acf":[],"_links":{"self":[{"href":"https:\/\/1800hurt911co.com\/es\/wp-json\/wp\/v2\/pages\/4151","targetHints":{"allow":["GET"]}}],"collection":[{"href":"https:\/\/1800hurt911co.com\/es\/wp-json\/wp\/v2\/pages"}],"about":[{"href":"https:\/\/1800hurt911co.com\/es\/wp-json\/wp\/v2\/types\/page"}],"author":[{"embeddable":true,"href":"https:\/\/1800hurt911co.com\/es\/wp-json\/wp\/v2\/users\/34"}],"replies":[{"embeddable":true,"href":"https:\/\/1800hurt911co.com\/es\/wp-json\/wp\/v2\/comments?post=4151"}],"version-history":[{"count":2,"href":"https:\/\/1800hurt911co.com\/es\/wp-json\/wp\/v2\/pages\/4151\/revisions"}],"predecessor-version":[{"id":4153,"href":"https:\/\/1800hurt911co.com\/es\/wp-json\/wp\/v2\/pages\/4151\/revisions\/4153"}],"up":[{"embeddable":true,"href":"https:\/\/1800hurt911co.com\/es\/wp-json\/wp\/v2\/pages\/4143"}],"wp:attachment":[{"href":"https:\/\/1800hurt911co.com\/es\/wp-json\/wp\/v2\/media?parent=4151"}],"curies":[{"name":"wp","href":"https:\/\/api.w.org\/{rel}","templated":true}]}}