{"id":4160,"date":"2024-09-11T14:57:22","date_gmt":"2024-09-11T18:57:22","guid":{"rendered":"https:\/\/1800hurt911co.com\/arvada\/tratamiento-de-accidentes-de-coche-en-arvada\/"},"modified":"2024-09-26T04:09:10","modified_gmt":"2024-09-26T10:09:10","slug":"tratamiento-de-accidentes-de-coche-en-arvada","status":"publish","type":"page","link":"https:\/\/1800hurt911co.com\/es\/arvada\/tratamiento-de-accidentes-de-coche-en-arvada\/","title":{"rendered":"Tratamiento de accidentes de coche en Arvada"},"content":{"rendered":"<h2>Tratamiento de accidentes de coche en Arvada<\/h2>\n<p>En el Centro de Lesiones Hurt 911 Colorado, entendemos los retos a los que se enfrentan las v\u00edctimas de accidentes de coche. Nuestro enfoque de tratamiento integral est\u00e1 dise\u00f1ado para abordar todo el espectro de lesiones que puede experimentar despu\u00e9s de un accidente automovil\u00edstico. Nos centramos en proporcionar la atenci\u00f3n m\u00e9dica necesaria para ayudarle a recuperarse f\u00edsicamente y recuperar su calidad de vida.<\/p>\n<p>Nuestro equipo est\u00e1 formado por m\u00e9dicos con experiencia en accidentes de coche y quiropr\u00e1cticos que se especializan en el tratamiento de una variedad de lesiones por accidentes de coche. Sabemos que cada lesi\u00f3n es \u00fanica, y adaptamos nuestros planes de tratamiento para satisfacer sus necesidades espec\u00edficas. Si usted est\u00e1 tratando con latigazo cervical, hernias discales, o lesiones de tejidos blandos, estamos aqu\u00ed para apoyar su viaje de recuperaci\u00f3n.<\/p>\n<p>En Arvada, damos prioridad a un enfoque multifac\u00e9tico que combina el tratamiento m\u00e9dico, la atenci\u00f3n quiropr\u00e1ctica y fisioterapia. Esto nos permite abordar no s\u00f3lo sus s\u00edntomas inmediatos, sino tambi\u00e9n los problemas subyacentes que pueden conducir a dolor cr\u00f3nico si no se trata. Nuestro objetivo es ayudarle a lograr una curaci\u00f3n \u00f3ptima y restaurar su movilidad.<\/p>\n<p>Tambi\u00e9n reconocemos la importancia de la comodidad durante su recuperaci\u00f3n. Es por eso que ofrecemos transporte gratuito desde y hacia nuestras instalaciones, asegurando que pueda acceder a la atenci\u00f3n que necesita sin estr\u00e9s adicional. Nuestro compromiso se extiende m\u00e1s all\u00e1 del tratamiento m\u00e9dico; tambi\u00e9n proporcionamos asistencia con asuntos legales relacionados con su accidente, asegurando que usted reciba una compensaci\u00f3n justa por sus lesiones.<\/p>\n<p>Si usted o un ser querido ha estado involucrado en un accidente de coche en Arvada, no espere para buscar tratamiento. La atenci\u00f3n m\u00e9dica oportuna puede mejorar significativamente los resultados de su recuperaci\u00f3n. P\u00f3ngase en contacto con Hurt 911 Colorado Injury Centers hoy para programar su cita y dar el primer paso hacia la curaci\u00f3n.<\/p>\n<h2>El papel del cuidado quiropr\u00e1ctico en la recuperaci\u00f3n del accidente de coche<\/h2>\n<p><img fetchpriority=\"high\" decoding=\"async\" class=\"alignnone wp-image-2556 size-full\" src=\"https:\/\/1800hurt911co.com\/wp-content\/uploads\/2024\/09\/shutterstock_2022747632.webp\" alt=\"Car accident in Arvada, CO\" width=\"500\" height=\"334\" srcset=\"https:\/\/1800hurt911co.com\/wp-content\/uploads\/2024\/09\/shutterstock_2022747632.webp 500w, https:\/\/1800hurt911co.com\/wp-content\/uploads\/2024\/09\/shutterstock_2022747632-300x200.webp 300w\" sizes=\"(max-width: 500px) 100vw, 500px\" \/><\/p>\n<p>La atenci\u00f3n quiropr\u00e1ctica desempe\u00f1a un papel crucial en el proceso de recuperaci\u00f3n de las personas implicadas en accidentes de tr\u00e1fico. Despu\u00e9s de un accidente de coche, muchas v\u00edctimas experimentan dolor, rigidez y movilidad reducida. El tratamiento quiropr\u00e1ctico se centra en abordar estos problemas para promover la curaci\u00f3n y restaurar la funci\u00f3n.<\/p>\n<p>Los quiropr\u00e1cticos emplean diversas t\u00e9cnicas para aliviar el dolor y mejorar la amplitud de movimiento. Eval\u00faan el cuerpo en busca de desalineaciones y tensiones, sobre todo en la columna vertebral y los m\u00fasculos circundantes. Mediante ajustes y terapia manual, los quiropr\u00e1cticos ayudan a realinear la columna vertebral, reducir la inflamaci\u00f3n y mejorar la circulaci\u00f3n sangu\u00ednea. Este enfoque no s\u00f3lo ayuda a aliviar el dolor, sino que tambi\u00e9n favorece los procesos naturales de curaci\u00f3n del organismo.<\/p>\n<p>La intervenci\u00f3n precoz es vital. Buscar atenci\u00f3n quiropr\u00e1ctica poco despu\u00e9s de un accidente de coche puede prevenir el dolor cr\u00f3nico y las complicaciones a largo plazo. Muchas lesiones por accidente de coche, como el latigazo cervical y da\u00f1os en los tejidos blandos, pueden no mostrar s\u00edntomas inmediatos. Un quiropr\u00e1ctico puede identificar estas lesiones ocultas y desarrollar un plan de tratamiento a medida para abordarlas con eficacia.<\/p>\n<p>Adem\u00e1s, la atenci\u00f3n quiropr\u00e1ctica mejora la recuperaci\u00f3n general. Complementa otros tratamientos m\u00e9dicos y puede integrarse con la fisioterapia para una atenci\u00f3n integral. Al abordar los aspectos f\u00edsicos y funcionales de las lesiones, el tratamiento quiropr\u00e1ctico ayuda a las v\u00edctimas de accidentes de coche a recuperar su calidad de vida.<\/p>\n<p>En resumen, la atenci\u00f3n quiropr\u00e1ctica es un componente esencial de la recuperaci\u00f3n de las v\u00edctimas de accidentes de tr\u00e1fico. Proporciona un alivio espec\u00edfico del dolor, promueve la curaci\u00f3n y favorece la salud a largo plazo. Si usted ha estado involucrado en un accidente de coche, considere la posibilidad de llegar a un tratamiento quiropr\u00e1ctico para facilitar su viaje de recuperaci\u00f3n.<\/p>\n<h2>Fisioterapia para lesiones por accidente de coche<\/h2>\n<p><img decoding=\"async\" class=\"alignnone wp-image-2552 size-full\" src=\"https:\/\/1800hurt911co.com\/wp-content\/uploads\/2024\/09\/shutterstock_2475680809.webp\" alt=\"A woman visiting a Hurt911 chiropractor in Arvada for car accident treatment\" width=\"500\" height=\"330\" srcset=\"https:\/\/1800hurt911co.com\/wp-content\/uploads\/2024\/09\/shutterstock_2475680809.webp 500w, https:\/\/1800hurt911co.com\/wp-content\/uploads\/2024\/09\/shutterstock_2475680809-300x198.webp 300w\" sizes=\"(max-width: 500px) 100vw, 500px\" \/><\/p>\n<p>La fisioterapia desempe\u00f1a un papel crucial en el proceso de recuperaci\u00f3n de las personas que sufren lesiones por accidentes de tr\u00e1fico. Despu\u00e9s de un accidente, muchas v\u00edctimas experimentan dolor que puede dificultar sus actividades diarias. Buscar tratamiento con prontitud puede ayudar a aliviar los s\u00edntomas y promover la curaci\u00f3n.<\/p>\n<p>Los fisioterapeutas se centran en estrategias de rehabilitaci\u00f3n adaptadas a las necesidades de cada paciente. Eval\u00faan las lesiones y desarrollan un plan de tratamiento integral dirigido a restablecer la funci\u00f3n y la movilidad. Este enfoque no s\u00f3lo aborda los problemas inmediatos, sino que tambi\u00e9n ayuda a prevenir complicaciones a largo plazo.<\/p>\n<p>Los ejercicios terap\u00e9uticos son la piedra angular de la fisioterapia. Estos ejercicios est\u00e1n dise\u00f1ados para mejorar la flexibilidad, la fuerza y la salud f\u00edsica en general. A menudo, los pacientes comprueban que las sesiones de terapia constantes producen mejoras significativas en sus niveles de dolor y en su funcionamiento diario.<\/p>\n<p>Tambi\u00e9n se emplean t\u00e9cnicas de terapia manual para mejorar la recuperaci\u00f3n. Este enfoque pr\u00e1ctico puede reducir el dolor, mejorar la circulaci\u00f3n y aumentar la amplitud de movimiento. Al centrarse en \u00e1reas espec\u00edficas de malestar, los fisioterapeutas pueden ayudar a los pacientes a recuperar su calidad de vida.<\/p>\n<p>En resumen, la fisioterapia es esencial para las v\u00edctimas de accidentes de tr\u00e1fico. Ayuda a recuperar la movilidad, aliviar el dolor y mejorar la recuperaci\u00f3n general. Si se ha lesionado, considere la posibilidad de acudir a un fisioterapeuta cualificado para iniciar su proceso de curaci\u00f3n.<\/p>\n<h2>Servicios de diagn\u00f3stico para una evaluaci\u00f3n precisa de las lesiones<\/h2>\n<p>En las secuelas de un accidente de coche, la comprensi\u00f3n de la magnitud de sus lesiones es crucial para la recuperaci\u00f3n efectiva. En Hurt 911 Colorado Injury Centers, damos prioridad a un diagn\u00f3stico preciso a trav\u00e9s de servicios de diagn\u00f3stico avanzados. Nuestro objetivo es proporcionarle la informaci\u00f3n que necesita para desarrollar un plan de tratamiento integral.<\/p>\n<h3>Radiograf\u00edas y resonancias magn\u00e9ticas: Herramientas de diagn\u00f3stico esenciales<\/h3>\n<p>Las radiograf\u00edas y resonancias magn\u00e9ticas son vitales para identificar lesiones que pueden no ser inmediatamente visibles. Las radiograf\u00edas nos ayudan a detectar fracturas o luxaciones, mientras que las resonancias magn\u00e9ticas proporcionan im\u00e1genes detalladas de los tejidos blandos, incluidos m\u00fasculos, ligamentos y discos. Esta combinaci\u00f3n permite a nuestro equipo m\u00e9dico determinar la naturaleza exacta de sus lesiones y adaptar su tratamiento en consecuencia.<\/p>\n<h3>Evaluaci\u00f3n exhaustiva de las lesiones<\/h3>\n<p>M\u00e1s all\u00e1 del diagn\u00f3stico por imagen, nuestras exhaustivas evaluaciones de lesiones valoran su estado f\u00edsico general. Tenemos en cuenta sus s\u00edntomas, historial m\u00e9dico y cualquier limitaci\u00f3n f\u00edsica que pueda estar experimentando. Este enfoque hol\u00edstico garantiza que no se pase por alto ning\u00fan aspecto de su salud. Al diagnosticar con precisi\u00f3n su condici\u00f3n, podemos implementar estrategias de tratamiento eficaces que promuevan la curaci\u00f3n y restauren su movilidad.<\/p>\n<p>En Hurt 911 Colorado Injury Centers, nos dedicamos a utilizar las mejores herramientas de diagn\u00f3stico disponibles. Este compromiso con la precisi\u00f3n en la evaluaci\u00f3n es una parte clave de nuestra misi\u00f3n para ayudarle a recuperarse de sus lesiones por accidente de coche y volver a su vida cotidiana.<\/p>\n<h2>\u00bfPor qu\u00e9 elegir los centros de lesi\u00f3n de Hurt 911 Colorado?<\/h2>\n<p><img decoding=\"async\" class=\"alignnone wp-image-2537 size-full\" src=\"https:\/\/1800hurt911co.com\/wp-content\/uploads\/2024\/09\/shutterstock_2304125513.webp\" alt=\"A Hurt911 physical therapist works on a client's knee\" width=\"500\" height=\"334\" srcset=\"https:\/\/1800hurt911co.com\/wp-content\/uploads\/2024\/09\/shutterstock_2304125513.webp 500w, https:\/\/1800hurt911co.com\/wp-content\/uploads\/2024\/09\/shutterstock_2304125513-300x200.webp 300w\" sizes=\"(max-width: 500px) 100vw, 500px\" \/><\/p>\n<p>Cuando se trata de recuperarse de un accidente de coche, usted necesita un equipo que entienda las complejidades del tratamiento de lesiones y los retos a los que se enfrenta. En Hurt 911 Colorado Injury Centers, nos dedicamos a proporcionar una atenci\u00f3n integral que se ocupa tanto de sus necesidades f\u00edsicas y legales.<\/p>\n<h3>M\u00e9dicos y quiropr\u00e1cticos experimentados en accidentes<\/h3>\n<p>Nuestro equipo est\u00e1 formado por m\u00e9dicos y quiropr\u00e1cticos expertos que se especializan en el tratamiento de lesiones por accidentes de coche. Ellos est\u00e1n bien versados en las \u00faltimas t\u00e9cnicas de tratamiento y est\u00e1n comprometidos con su recuperaci\u00f3n. Usted recibir\u00e1 atenci\u00f3n personalizada, asegurando que su plan de tratamiento se adapte a sus lesiones y s\u00edntomas espec\u00edficos.<\/p>\n<h3>Transporte gratuito para una atenci\u00f3n c\u00f3moda<\/h3>\n<p>Entendemos que llegar a las citas puede ser un reto, especialmente despu\u00e9s de un accidente. Por eso ofrecemos transporte gratuito de ida y vuelta a nuestras instalaciones. Este servicio elimina una de las barreras para recibir la atenci\u00f3n m\u00e9dica que necesita, asegurando que usted puede centrarse en la curaci\u00f3n sin estr\u00e9s a\u00f1adido.<\/p>\n<h3>Enfoque hol\u00edstico: Asistencia m\u00e9dica y jur\u00eddica<\/h3>\n<p>Nuestros servicios van m\u00e1s all\u00e1 de la atenci\u00f3n m\u00e9dica. Le proporcionamos acceso a asistencia jur\u00eddica para ayudarle a navegar por las complejidades de su caso. Nuestro enfoque integrado significa que usted tiene un equipo dedicado que le apoya a trav\u00e9s de cada paso de su proceso de recuperaci\u00f3n, desde el tratamiento hasta la obtenci\u00f3n de una compensaci\u00f3n justa.<\/p>\n<h3>Reconocido por la gesti\u00f3n eficaz de lesiones personales<\/h3>\n<p>El Centro de Lesiones Hurt 911 Colorado es reconocido por su eficaz gesti\u00f3n de casos de lesiones personales. Nuestro compromiso con nuestros clientes nos ha ganado una reputaci\u00f3n positiva en la comunidad. Trabajamos diligentemente para asegurar que usted reciba la atenci\u00f3n y la compensaci\u00f3n que se merece, ayud\u00e1ndole a recuperar el control de su vida despu\u00e9s de un accidente.<\/p>\n<p>Elegir el Centro de Lesiones Hurt 911 Colorado significa elegir un socio en su viaje de recuperaci\u00f3n. Perm\u00edtanos ayudarle a recuperarse y volver a vivir su vida.<\/p>\n<h2>Cuando Buscar Tratamiento Despu\u00e9s de un Accidente de Coche<\/h2>\n<p><img loading=\"lazy\" decoding=\"async\" class=\"alignnone wp-image-2530 size-full\" src=\"https:\/\/1800hurt911co.com\/wp-content\/uploads\/2024\/09\/shutterstock_2463526161.webp\" alt=\"A woman holding her neck in pain after an auto accident\" width=\"500\" height=\"264\" srcset=\"https:\/\/1800hurt911co.com\/wp-content\/uploads\/2024\/09\/shutterstock_2463526161.webp 500w, https:\/\/1800hurt911co.com\/wp-content\/uploads\/2024\/09\/shutterstock_2463526161-300x158.webp 300w\" sizes=\"(max-width: 500px) 100vw, 500px\" \/><\/p>\n<h3>La importancia de la atenci\u00f3n m\u00e9dica inmediata<\/h3>\n<p>Despu\u00e9s de un accidente de coche, es vital buscar atenci\u00f3n m\u00e9dica lo antes posible. Muchas lesiones, como el latigazo cervical o da\u00f1os en los tejidos blandos, pueden no mostrar s\u00edntomas inmediatos. Retrasar el tratamiento puede agravar el dolor y provocar complicaciones. Una intervenci\u00f3n temprana puede marcar una diferencia significativa en su proceso de recuperaci\u00f3n. Al abordar las lesiones de inmediato, no s\u00f3lo mejora sus posibilidades de curaci\u00f3n, sino que tambi\u00e9n fortalece su caso para obtener una indemnizaci\u00f3n.<\/p>\n<h3>Se\u00f1ales de que debe consultar a un m\u00e9dico de accidentes de tr\u00e1fico<\/h3>\n<p>Est\u00e9 atento a estos signos que indican que es hora de consultar a un m\u00e9dico de accidentes de coche:<\/p>\n<ul>\n<li><strong>Dolor persistente<\/strong>: Si usted experimenta dolor continuo en el cuello, la espalda o cualquier otra \u00e1rea, es crucial para ser evaluado.<\/li>\n<li><strong>Movilidad limitada<\/strong>: La dificultad para moverse o realizar actividades cotidianas es una clara se\u00f1al para buscar ayuda profesional.<\/li>\n<li><strong>Dolores de cabeza<\/strong>: Los dolores de cabeza frecuentes tras un accidente pueden ser un signo de problemas subyacentes, como conmociones cerebrales.<\/li>\n<li><strong>Entumecimiento u hormigueo<\/strong>: Cualquier sensaci\u00f3n de entumecimiento u hormigueo en las extremidades debe ser evaluada inmediatamente.<\/li>\n<li><strong>Cambios de humor<\/strong>: Los cambios emocionales o el aumento de la ansiedad tambi\u00e9n pueden ser consecuencia de lesiones f\u00edsicas y no deben ignorarse.<\/li>\n<\/ul>\n<p>Si nota alguno de estos s\u00edntomas, no dude en solicitar atenci\u00f3n m\u00e9dica. Tomar medidas r\u00e1pidas puede mejorar significativamente su recuperaci\u00f3n y bienestar general.<\/p>\n<h2>P\u00f3ngase en contacto con Hurt 911 Colorado Injury Centers Hoy<\/h2>\n<p><img loading=\"lazy\" decoding=\"async\" class=\"alignnone wp-image-2064\" src=\"https:\/\/1800hurt911co.com\/wp-content\/uploads\/2020\/12\/banner-bg1-copy-1024x254.webp\" alt=\"Hurt911 Logo\" width=\"500\" height=\"124\" srcset=\"https:\/\/1800hurt911co.com\/wp-content\/uploads\/2020\/12\/banner-bg1-copy-1024x254.webp 1024w, https:\/\/1800hurt911co.com\/wp-content\/uploads\/2020\/12\/banner-bg1-copy-300x75.webp 300w, https:\/\/1800hurt911co.com\/wp-content\/uploads\/2020\/12\/banner-bg1-copy-768x191.webp 768w, https:\/\/1800hurt911co.com\/wp-content\/uploads\/2020\/12\/banner-bg1-copy-1536x382.webp 1536w, https:\/\/1800hurt911co.com\/wp-content\/uploads\/2020\/12\/banner-bg1-copy.webp 1920w\" sizes=\"(max-width: 500px) 100vw, 500px\" \/><\/p>\n<p>Si usted ha estado implicado en un accidente de coche en Arvada, es crucial tomar el primer paso hacia la recuperaci\u00f3n. En Hurt 911 Colorado Injury Centers, estamos aqu\u00ed para apoyarle en cada etapa de su viaje de curaci\u00f3n. Si usted est\u00e1 tratando con dolor de cuello, latigazo cervical, o cualquier otra lesi\u00f3n, nuestro dedicado equipo est\u00e1 listo para ayudarle.<\/p>\n<h3>Programe su cita<\/h3>\n<p>No espere para buscar tratamiento para sus lesiones. La intervenci\u00f3n temprana puede mejorar significativamente su proceso de recuperaci\u00f3n. P\u00f3ngase en contacto con nosotros hoy mismo para concertar una cita. Nuestro experimentado personal llevar\u00e1 a cabo una evaluaci\u00f3n exhaustiva de su condici\u00f3n y desarrollar un plan de tratamiento a medida para hacer frente a sus necesidades espec\u00edficas.<\/p>\n<h3>Obtenga la ayuda m\u00e9dica y legal que se merece<\/h3>\n<p>Navegar por las secuelas de un accidente de coche puede ser abrumador. Nuestro enfoque integrado combina la atenci\u00f3n m\u00e9dica con el apoyo legal para asegurar que usted reciba la compensaci\u00f3n que se merece. Llegar a Hurt 911 Colorado Injury Centers ahora, y vamos a ayudarle a recuperar su vida despu\u00e9s de un accidente. Su salud y bienestar son nuestras principales prioridades.<\/p>\n","protected":false},"excerpt":{"rendered":"<p>Tratamiento de accidentes de coche en Arvada En el Centro de Lesiones Hurt 911 Colorado, entendemos los retos a los que se enfrentan las v\u00edctimas de accidentes de coche. Nuestro enfoque de tratamiento integral est\u00e1 dise\u00f1ado para abordar todo el espectro de lesiones que puede experimentar despu\u00e9s de un accidente automovil\u00edstico. Nos centramos en proporcionar [&hellip;]<\/p>\n","protected":false},"author":34,"featured_media":0,"parent":4143,"menu_order":0,"comment_status":"closed","ping_status":"closed","template":"","meta":{"_acf_changed":false,"footnotes":""},"class_list":["post-4160","page","type-page","status-publish","hentry"],"acf":[],"_links":{"self":[{"href":"https:\/\/1800hurt911co.com\/es\/wp-json\/wp\/v2\/pages\/4160","targetHints":{"allow":["GET"]}}],"collection":[{"href":"https:\/\/1800hurt911co.com\/es\/wp-json\/wp\/v2\/pages"}],"about":[{"href":"https:\/\/1800hurt911co.com\/es\/wp-json\/wp\/v2\/types\/page"}],"author":[{"embeddable":true,"href":"https:\/\/1800hurt911co.com\/es\/wp-json\/wp\/v2\/users\/34"}],"replies":[{"embeddable":true,"href":"https:\/\/1800hurt911co.com\/es\/wp-json\/wp\/v2\/comments?post=4160"}],"version-history":[{"count":2,"href":"https:\/\/1800hurt911co.com\/es\/wp-json\/wp\/v2\/pages\/4160\/revisions"}],"predecessor-version":[{"id":4162,"href":"https:\/\/1800hurt911co.com\/es\/wp-json\/wp\/v2\/pages\/4160\/revisions\/4162"}],"up":[{"embeddable":true,"href":"https:\/\/1800hurt911co.com\/es\/wp-json\/wp\/v2\/pages\/4143"}],"wp:attachment":[{"href":"https:\/\/1800hurt911co.com\/es\/wp-json\/wp\/v2\/media?parent=4160"}],"curies":[{"name":"wp","href":"https:\/\/api.w.org\/{rel}","templated":true}]}}