{"id":4163,"date":"2024-09-11T08:52:53","date_gmt":"2024-09-11T12:52:53","guid":{"rendered":"https:\/\/1800hurt911co.com\/arvada\/arvada-diagnostic-imaging\/"},"modified":"2024-09-26T04:18:20","modified_gmt":"2024-09-26T10:18:20","slug":"arvada-diagnostico-por-la-imagen","status":"publish","type":"page","link":"https:\/\/1800hurt911co.com\/es\/arvada\/arvada-diagnostico-por-la-imagen\/","title":{"rendered":"Arvada Diagn\u00f3stico por la Imagen"},"content":{"rendered":"<h2>Servicios comprensivos de la proyecci\u00f3n de imagen de diagn\u00f3stico para su recuperaci\u00f3n<\/h2>\n<p>En el Centro de Lesiones Hurt 911 Colorado, comprendemos la importancia de un diagn\u00f3stico por imagen preciso en su proceso de recuperaci\u00f3n. Nuestros servicios est\u00e1n dise\u00f1ados para proporcionarle la informaci\u00f3n cr\u00edtica necesaria para evaluar sus lesiones y formular planes de tratamiento eficaces.<\/p>\n<p>Nuestros servicios de imagen incluyen:<\/p>\n<ul>\n<li><strong>Resonancia Magn\u00e9tica (RM)<\/strong>: Este procedimiento ofrece im\u00e1genes claras de los tejidos blandos y \u00f3rganos, lo que permite un diagn\u00f3stico preciso de las lesiones.<\/li>\n<li><strong>Rayos X<\/strong>: R\u00e1pidos e indoloros, nuestros servicios de rayos X eval\u00faan eficazmente los problemas \u00f3seos y las lesiones.<\/li>\n<\/ul>\n<h3>Servicios centrados en el paciente<\/h3>\n<p>Damos prioridad a su comodidad con la programaci\u00f3n de citas flexibles, incluyendo la ma\u00f1ana temprano, por la noche, y las opciones del mismo d\u00eda. Nuestro centro ofrece transporte gratuito para garantizar que pueda acceder a la atenci\u00f3n m\u00e9dica y las consultas necesarias sin problemas. Tambi\u00e9n estamos en la red con los principales planes de salud, haciendo el proceso m\u00e1s suave para usted.<\/p>\n<h3>Su recuperaci\u00f3n comienza aqu\u00ed<\/h3>\n<p>En Hurt 911 Colorado Injury Centers, estamos comprometidos a proporcionar una atenci\u00f3n compasiva adaptada a sus necesidades. Nuestros servicios de diagn\u00f3stico por imagen juegan un papel vital en su recuperaci\u00f3n despu\u00e9s de un accidente. Programe su cita hoy y tome el primer paso hacia la curaci\u00f3n.<\/p>\n<h2>\u00bfPor qu\u00e9 elegir los centros de lesi\u00f3n de Hurt 911 Colorado para la proyecci\u00f3n de imagen de diagn\u00f3stico?<\/h2>\n<p><img fetchpriority=\"high\" decoding=\"async\" class=\"alignnone wp-image-2535 size-full\" src=\"https:\/\/1800hurt911co.com\/wp-content\/uploads\/2024\/09\/shutterstock_510230818.webp\" alt=\"A doctor looks at an xray\" width=\"500\" height=\"334\" srcset=\"https:\/\/1800hurt911co.com\/wp-content\/uploads\/2024\/09\/shutterstock_510230818.webp 500w, https:\/\/1800hurt911co.com\/wp-content\/uploads\/2024\/09\/shutterstock_510230818-300x200.webp 300w\" sizes=\"(max-width: 500px) 100vw, 500px\" \/><\/p>\n<p>En Hurt 911 Colorado Injury Centers, entendemos que recuperarse de un accidente es una prioridad. Nuestros servicios de diagn\u00f3stico por imagen est\u00e1n dise\u00f1ados espec\u00edficamente para las v\u00edctimas de accidentes, asegurando que usted reciba el m\u00e1s alto nivel de atenci\u00f3n durante este momento cr\u00edtico. He aqu\u00ed por qu\u00e9 usted debe elegirnos:<\/p>\n<h3>Atenci\u00f3n compasiva para v\u00edctimas de accidentes<\/h3>\n<p>Damos prioridad a su comodidad y bienestar. Nuestro personal est\u00e1 capacitado para proporcionar un ambiente de apoyo, haciendo que su visita sea lo menos estresante posible.<\/p>\n<h3>Convenientemente situado en Arvada<\/h3>\n<p>Nuestras instalaciones son de f\u00e1cil acceso, asegurando que usted puede recibir la atenci\u00f3n que necesita sin molestias a\u00f1adidas. Estamos aqu\u00ed para servir a la comunidad de Arvada y sus alrededores.<\/p>\n<h3>Tecnolog\u00eda de imagen de \u00faltima generaci\u00f3n<\/h3>\n<p>Utilizamos la \u00faltima tecnolog\u00eda de imagen para proporcionar resultados precisos y detallados. Nuestro avanzado equipo nos permite capturar im\u00e1genes claras, esenciales para el diagn\u00f3stico y tratamiento eficaz.<\/p>\n<h3>Radi\u00f3logos altamente cualificados y acreditados<\/h3>\n<p>Nuestro equipo est\u00e1 formado por profesionales experimentados que se dedican a proporcionar interpretaciones precisas de sus resultados de imagen. Su experiencia garantiza que usted reciba el diagn\u00f3stico m\u00e1s preciso posible.<\/p>\n<h3>Resultados r\u00e1pidos y precisos<\/h3>\n<p>Entendemos que el tiempo es esencial. Nuestro compromiso con la eficiencia significa que usted recibir\u00e1 sus resultados de im\u00e1genes r\u00e1pidamente, lo que permite el tratamiento oportuno y la recuperaci\u00f3n. Elegir los Centros de Lesiones Hurt 911 Colorado significa que est\u00e1 optando por una atenci\u00f3n integral centrada en su recuperaci\u00f3n. Estamos aqu\u00ed para apoyarle en cada paso del camino, desde el diagn\u00f3stico hasta el tratamiento.<\/p>\n<h2>Nuestros servicios de diagn\u00f3stico por imagen<\/h2>\n<p><img decoding=\"async\" class=\"alignnone wp-image-2936 size-full\" src=\"https:\/\/1800hurt911co.com\/wp-content\/uploads\/2024\/09\/diagnostic-imaging-x-ray.webp\" alt=\"Diagnostic Imaging, X-Ray\" width=\"500\" height=\"334\" srcset=\"https:\/\/1800hurt911co.com\/wp-content\/uploads\/2024\/09\/diagnostic-imaging-x-ray.webp 500w, https:\/\/1800hurt911co.com\/wp-content\/uploads\/2024\/09\/diagnostic-imaging-x-ray-300x200.webp 300w\" sizes=\"(max-width: 500px) 100vw, 500px\" \/><\/p>\n<p>En Hurt 911 Colorado Injury Centers, ofrecemos una gama de servicios avanzados de diagn\u00f3stico por imagen adaptados para satisfacer las necesidades de las v\u00edctimas de accidentes. Nuestra tecnolog\u00eda de vanguardia garantiza que usted reciba resultados precisos y oportunos, que son cruciales para su proceso de recuperaci\u00f3n. He aqu\u00ed una visi\u00f3n general de los servicios de imagen que ofrecemos:<\/p>\n<ul>\n<li><strong>Resonancia Magn\u00e9tica (RM)<\/strong>: Nuestros servicios de RM ofrecen im\u00e1genes claras de los tejidos blandos, \u00f3rganos y otras estructuras cr\u00edticas en el cuerpo. Este procedimiento no invasivo ayuda a diagnosticar eficazmente diversos trastornos m\u00e9dicos.<\/li>\n<li><strong>Rayos X<\/strong>: Nuestros servicios de rayos X ofrecen im\u00e1genes r\u00e1pidas e indoloras, centradas en cuestiones \u00f3seas. Esta tecnolog\u00eda permite obtener resultados inmediatos, ayudando a un diagn\u00f3stico y tratamiento r\u00e1pidos.<\/li>\n<\/ul>\n<h3>Tecnolog\u00eda de imagen avanzada<\/h3>\n<p>Nos enorgullecemos de utilizar los equipos de diagn\u00f3stico m\u00e1s avanzados, incluida una resonancia magn\u00e9tica 3T Wide Bore. Este campo magn\u00e9tico de alta potencia genera im\u00e1genes claras, garantizando diagn\u00f3sticos precisos que son vitales para su ruta de tratamiento.<\/p>\n<h3>Servicios centrados en el paciente<\/h3>\n<p>Entendiendo los retos a los que se enfrentan las v\u00edctimas de accidentes, ofrecemos un horario de citas flexible, incluyendo citas a primera hora de la ma\u00f1ana, por la tarde y para el mismo d\u00eda. Tambi\u00e9n proporcionamos transporte gratuito para garantizarle un f\u00e1cil acceso a la atenci\u00f3n m\u00e9dica y las consultas necesarias. Nuestros servicios son compatibles con los principales planes de salud, haciendo que su proceso de recuperaci\u00f3n sea m\u00e1s fluido.<\/p>\n<h3>Su salud es nuestra prioridad<\/h3>\n<p>En los Centros de Lesiones Hurt 911 Colorado, nos centramos en ofrecer una atenci\u00f3n compasiva al tiempo que nos aseguramos de que recibe los servicios de diagn\u00f3stico por imagen que necesita para una recuperaci\u00f3n satisfactoria. P\u00f3ngase en contacto con nosotros hoy mismo para programar su cita y dar el primer paso hacia la curaci\u00f3n.<\/p>\n<h2>Servicios centrados en el paciente<\/h2>\n<p><img decoding=\"async\" class=\"alignnone wp-image-3521 size-full\" src=\"https:\/\/1800hurt911co.com\/wp-content\/uploads\/2024\/09\/slip-and-fall-treatment.webp\" alt=\"A doctor checks the back of a client\" width=\"500\" height=\"334\" srcset=\"https:\/\/1800hurt911co.com\/wp-content\/uploads\/2024\/09\/slip-and-fall-treatment.webp 500w, https:\/\/1800hurt911co.com\/wp-content\/uploads\/2024\/09\/slip-and-fall-treatment-300x200.webp 300w\" sizes=\"(max-width: 500px) 100vw, 500px\" \/><\/p>\n<p>En Hurt 911 Colorado Injury Centers, damos prioridad a su comodidad y conveniencia a lo largo de su viaje de diagn\u00f3stico por imagen. Nuestro compromiso con los servicios centrados en el paciente significa que dise\u00f1amos nuestros procesos pensando en usted.<\/p>\n<ul>\n<li><strong>Programaci\u00f3n flexible de citas<\/strong>: Ofrecemos una variedad de horarios de citas para adaptarse a su ajetreada vida. Tanto si necesita citas por la ma\u00f1ana temprano, por la tarde o para el mismo d\u00eda, nos adaptamos a su horario.<\/li>\n<li><strong>Transporte gratuito<\/strong>: El acceso a la atenci\u00f3n m\u00e9dica no debe ser una carga. Ofrecemos transporte gratuito desde y hacia nuestras instalaciones, asegurando que pueda asistir f\u00e1cilmente a sus citas sin estr\u00e9s a\u00f1adido.<\/li>\n<li><strong>Compatibilidad con el seguro<\/strong>: Trabajamos con los principales planes de salud para asegurar que nuestros servicios sean accesibles. Nuestro estado en la red con varios proveedores de seguros ayuda a minimizar sus gastos de bolsillo.<\/li>\n<li><strong>Atenci\u00f3n compasiva<\/strong>: Nuestro equipo entiende los desaf\u00edos que enfrenta despu\u00e9s de un accidente. Nos esforzamos por crear un ambiente acogedor donde se sienta apoyado y cuidado durante su proceso de recuperaci\u00f3n.<\/li>\n<li><strong>Servicio eficiente<\/strong>: Nuestro objetivo es hacer que su experiencia sea lo m\u00e1s fluida posible. Desde el momento en que se pone en contacto con nosotros hasta la finalizaci\u00f3n de su procedimiento de diagn\u00f3stico por imagen, nuestro objetivo es ofrecerle un servicio r\u00e1pido y atento.<\/li>\n<\/ul>\n<p>Su salud y recuperaci\u00f3n son nuestras principales prioridades. En Hurt 911 Colorado Injury Centers, nos dedicamos a ofrecerle la mejor experiencia posible en diagn\u00f3stico por imagen.<\/p>\n<h2>Preguntas Frecuentes (FAQs)<\/h2>\n<p><img loading=\"lazy\" decoding=\"async\" class=\"alignnone wp-image-2937 size-full\" src=\"https:\/\/1800hurt911co.com\/wp-content\/uploads\/2024\/09\/diagnostic-imagin-mri.webp\" alt=\"A patient going into an MRI\" width=\"500\" height=\"334\" srcset=\"https:\/\/1800hurt911co.com\/wp-content\/uploads\/2024\/09\/diagnostic-imagin-mri.webp 500w, https:\/\/1800hurt911co.com\/wp-content\/uploads\/2024\/09\/diagnostic-imagin-mri-300x200.webp 300w\" sizes=\"(max-width: 500px) 100vw, 500px\" \/><\/p>\n<h3>\u00bfQu\u00e9 tipos de servicios de diagn\u00f3stico por imagen ofrecen?<\/h3>\n<p>Ofrecemos una amplia gama de servicios de diagn\u00f3stico por imagen, como resonancias magn\u00e9ticas y radiograf\u00edas. Cada servicio est\u00e1 dise\u00f1ado para satisfacer necesidades diagn\u00f3sticas espec\u00edficas.<\/p>\n<h3>\u00bfCu\u00e1nto tiempo se tarda en obtener los resultados?<\/h3>\n<p>Damos prioridad a la eficiencia. La mayor\u00eda de los resultados de diagn\u00f3stico por imagen se procesan r\u00e1pidamente y suelen estar disponibles en uno o dos d\u00edas. Nuestro equipo discutir\u00e1 los resultados con usted inmediatamente despu\u00e9s de su procedimiento.<\/p>\n<h3>\u00bfCubrir\u00e1 mi seguro los servicios de diagn\u00f3stico por imagen?<\/h3>\n<p>Trabajamos con varios proveedores de seguros. Nuestro equipo puede ayudarle a verificar su cobertura y explicarle cualquier coste por adelantado, asegur\u00e1ndose de que comprende sus responsabilidades financieras.<\/p>\n<h3>\u00bfQu\u00e9 debo esperar durante mi cita de imagen?<\/h3>\n<p>Su cita comenzar\u00e1 con una breve consulta. Nuestros t\u00e9cnicos altamente capacitados le guiar\u00e1n a trav\u00e9s del procedimiento, asegurando su comodidad y seguridad. La mayor\u00eda de los procesos de diagn\u00f3stico por imagen son r\u00e1pidos e indoloros.<\/p>\n<h3>\u00bfOfrecen citas para el mismo d\u00eda?<\/h3>\n<p>S\u00ed, ofrecemos opciones flexibles de programaci\u00f3n, incluyendo citas para el mismo d\u00eda, para satisfacer sus necesidades. Ll\u00e1menos y haremos todo lo posible por atenderle.<\/p>\n<h2>Qu\u00e9 esperar durante su visita<\/h2>\n<p>Cuando llegue al Centro de Lesiones Hurt 911 Colorado, ser\u00e1 recibido por nuestro amable personal de recepci\u00f3n. Le ayudar\u00e1n a registrarse y responder\u00e1n a sus preguntas iniciales. Despu\u00e9s de eso, un t\u00e9cnico le acompa\u00f1ar\u00e1 a la sala de im\u00e1genes, donde recibir\u00e1 instrucciones claras sobre el procedimiento. Le espera un entorno limpio, c\u00f3modo y equipado con la tecnolog\u00eda m\u00e1s avanzada. Nuestros radi\u00f3logos certificados se asegurar\u00e1n de que reciba una atenci\u00f3n de la m\u00e1s alta calidad. Una vez finalizado el diagn\u00f3stico por imagen, nuestro equipo le explicar\u00e1 los pasos a seguir y c\u00f3mo podemos ayudarle en su camino hacia la recuperaci\u00f3n. Si tiene m\u00e1s preguntas o necesita concertar una cita, no dude en ponerse en contacto con nosotros. Su salud y recuperaci\u00f3n son nuestras principales prioridades.<\/p>\n<h2>Contacte con nosotros<\/h2>\n<p><img loading=\"lazy\" decoding=\"async\" class=\"alignnone wp-image-2064\" src=\"https:\/\/1800hurt911co.com\/wp-content\/uploads\/2020\/12\/banner-bg1-copy-1024x254.webp\" alt=\"HURT911\" width=\"500\" height=\"124\" srcset=\"https:\/\/1800hurt911co.com\/wp-content\/uploads\/2020\/12\/banner-bg1-copy-1024x254.webp 1024w, https:\/\/1800hurt911co.com\/wp-content\/uploads\/2020\/12\/banner-bg1-copy-300x75.webp 300w, https:\/\/1800hurt911co.com\/wp-content\/uploads\/2020\/12\/banner-bg1-copy-768x191.webp 768w, https:\/\/1800hurt911co.com\/wp-content\/uploads\/2020\/12\/banner-bg1-copy-1536x382.webp 1536w, https:\/\/1800hurt911co.com\/wp-content\/uploads\/2020\/12\/banner-bg1-copy.webp 1920w\" sizes=\"(max-width: 500px) 100vw, 500px\" \/><\/p>\n<p>En <a href=\"\/es\/\">Hurt 911 Colorado Injury Centers<\/a>, damos prioridad a su salud y recuperaci\u00f3n. Nuestro equipo est\u00e1 listo para ayudarle a programar su cita de diagn\u00f3stico por imagen. Ya sea que necesite una resonancia magn\u00e9tica o una radiograf\u00eda, ofrecemos una gama de servicios adaptados para satisfacer sus necesidades.<\/p>\n<h3>Programe su cita de diagn\u00f3stico por imagen hoy mismo<\/h3>\n<p>D\u00e9 el primer paso hacia su recuperaci\u00f3n poni\u00e9ndose en contacto con nosotros. Puede reservar f\u00e1cilmente una cita llamando o enviando un mensaje de texto a nuestra oficina. Nuestro personal de recepci\u00f3n est\u00e1 disponible para responder a sus preguntas y ayudarle a encontrar un momento adecuado para su visita.<\/p>\n<h3>Visite nuestra ubicaci\u00f3n en Arvada<\/h3>\n<p>Convenientemente situado en Arvada, nuestras instalaciones est\u00e1n dise\u00f1adas para proporcionar una experiencia c\u00f3moda para todos los pacientes. Entendemos la importancia de la accesibilidad, por lo que ofrecemos opciones de citas flexibles, incluyendo citas por la ma\u00f1ana temprano, por la noche y para el mismo d\u00eda.<\/p>\n<h3>Llame o env\u00ede un mensaje de texto para obtener m\u00e1s informaci\u00f3n<\/h3>\n<p>Si usted tiene alguna pregunta acerca de nuestros servicios de diagn\u00f3stico por imagen o necesita ayuda con la compatibilidad de seguros, no dude en contactar con nosotros. Nuestro personal experto est\u00e1 aqu\u00ed para proporcionarle la informaci\u00f3n que necesita para tomar decisiones informadas sobre su atenci\u00f3n.<\/p>\n<h3>Su camino hacia la recuperaci\u00f3n comienza aqu\u00ed<\/h3>\n<p>Su salud es nuestra prioridad. Gracias a nuestra avanzada tecnolog\u00eda de diagn\u00f3stico por imagen y a nuestros cuidados compasivos, nos comprometemos a ayudarle en su camino hacia la recuperaci\u00f3n. P\u00f3ngase en contacto con nosotros hoy mismo para iniciar el camino hacia la curaci\u00f3n.<\/p>\n","protected":false},"excerpt":{"rendered":"<p>Servicios comprensivos de la proyecci\u00f3n de imagen de diagn\u00f3stico para su recuperaci\u00f3n En el Centro de Lesiones Hurt 911 Colorado, comprendemos la importancia de un diagn\u00f3stico por imagen preciso en su proceso de recuperaci\u00f3n. Nuestros servicios est\u00e1n dise\u00f1ados para proporcionarle la informaci\u00f3n cr\u00edtica necesaria para evaluar sus lesiones y formular planes de tratamiento eficaces. Nuestros [&hellip;]<\/p>\n","protected":false},"author":34,"featured_media":0,"parent":4143,"menu_order":0,"comment_status":"closed","ping_status":"closed","template":"","meta":{"_acf_changed":false,"footnotes":""},"class_list":["post-4163","page","type-page","status-publish","hentry"],"acf":[],"_links":{"self":[{"href":"https:\/\/1800hurt911co.com\/es\/wp-json\/wp\/v2\/pages\/4163","targetHints":{"allow":["GET"]}}],"collection":[{"href":"https:\/\/1800hurt911co.com\/es\/wp-json\/wp\/v2\/pages"}],"about":[{"href":"https:\/\/1800hurt911co.com\/es\/wp-json\/wp\/v2\/types\/page"}],"author":[{"embeddable":true,"href":"https:\/\/1800hurt911co.com\/es\/wp-json\/wp\/v2\/users\/34"}],"replies":[{"embeddable":true,"href":"https:\/\/1800hurt911co.com\/es\/wp-json\/wp\/v2\/comments?post=4163"}],"version-history":[{"count":3,"href":"https:\/\/1800hurt911co.com\/es\/wp-json\/wp\/v2\/pages\/4163\/revisions"}],"predecessor-version":[{"id":4166,"href":"https:\/\/1800hurt911co.com\/es\/wp-json\/wp\/v2\/pages\/4163\/revisions\/4166"}],"up":[{"embeddable":true,"href":"https:\/\/1800hurt911co.com\/es\/wp-json\/wp\/v2\/pages\/4143"}],"wp:attachment":[{"href":"https:\/\/1800hurt911co.com\/es\/wp-json\/wp\/v2\/media?parent=4163"}],"curies":[{"name":"wp","href":"https:\/\/api.w.org\/{rel}","templated":true}]}}