{"id":4189,"date":"2024-09-10T11:33:00","date_gmt":"2024-09-10T15:33:00","guid":{"rendered":"https:\/\/1800hurt911co.com\/aurora\/"},"modified":"2024-09-26T11:01:59","modified_gmt":"2024-09-26T17:01:59","slug":"aurora","status":"publish","type":"page","link":"https:\/\/1800hurt911co.com\/es\/aurora\/","title":{"rendered":"Aurora"},"content":{"rendered":"<p>Aurora, Colorado, situada al este de Denver, es una vibrante ciudad conocida por su rica diversidad cultural, sus oportunidades recreativas al aire libre y una poblaci\u00f3n en r\u00e1pido crecimiento. Con m\u00e1s de 390.000 habitantes, es la tercera ciudad m\u00e1s grande de Colorado y sigue expandi\u00e9ndose como centro neur\u00e1lgico tanto para familias como para empresas. Aurora se extiende por tres condados -Arapahoe, Adams y Douglas- y abarca m\u00e1s de 150 millas cuadradas de terreno, lo que la convierte en una de las ciudades con mayor diversidad geogr\u00e1fica del estado. A menudo se hace referencia a Aurora como la \u00abPuerta de las Rocosas\u00bb, dada su proximidad a las majestuosas Monta\u00f1as Rocosas. Tanto residentes como visitantes disfrutan de actividades al aire libre como senderismo, ciclismo y pesca en los numerosos parques y reservas naturales que rodean la ciudad. El Parque Estatal de Cherry Creek y el Embalse de Aurora son dos destinos populares para los amantes de los deportes acu\u00e1ticos y la naturaleza. Culturalmente, Aurora es un crisol de culturas, con una rica mezcla de restaurantes, mercados y festivales internacionales que celebran su poblaci\u00f3n global. La ciudad acoge diversos actos culturales a lo largo del a\u00f1o, como el Global Fest, que exhibe comida, m\u00fasica y tradiciones de todo el mundo. Aurora tambi\u00e9n tiene una econom\u00eda fuerte, con industrias como la sanitaria, la aeroespacial y la de energ\u00edas renovables como motores del crecimiento. El Anschutz Medical Campus es un importante centro sanitario de la regi\u00f3n, que ofrece servicios m\u00e9dicos e investigaci\u00f3n de primer nivel. Por su parte, la Base Espacial Buckley subraya el papel de la ciudad en el sector aeroespacial. Con su mezcla \u00fanica de belleza natural, oportunidades econ\u00f3micas y riqueza cultural, Aurora es una ciudad din\u00e1mica que ofrece algo para todos, desde aventureros a profesionales que buscan avanzar en sus carreras.<\/p>\n","protected":false},"excerpt":{"rendered":"<p>Aurora, Colorado, situada al este de Denver, es una vibrante ciudad conocida por su rica diversidad cultural, sus oportunidades recreativas al aire libre y una poblaci\u00f3n en r\u00e1pido crecimiento. Con m\u00e1s de 390.000 habitantes, es la tercera ciudad m\u00e1s grande de Colorado y sigue expandi\u00e9ndose como centro neur\u00e1lgico tanto para familias como para empresas. Aurora [&hellip;]<\/p>\n","protected":false},"author":34,"featured_media":4009,"parent":0,"menu_order":0,"comment_status":"closed","ping_status":"closed","template":"","meta":{"_acf_changed":false,"footnotes":""},"class_list":["post-4189","page","type-page","status-publish","has-post-thumbnail","hentry"],"acf":[],"_links":{"self":[{"href":"https:\/\/1800hurt911co.com\/es\/wp-json\/wp\/v2\/pages\/4189","targetHints":{"allow":["GET"]}}],"collection":[{"href":"https:\/\/1800hurt911co.com\/es\/wp-json\/wp\/v2\/pages"}],"about":[{"href":"https:\/\/1800hurt911co.com\/es\/wp-json\/wp\/v2\/types\/page"}],"author":[{"embeddable":true,"href":"https:\/\/1800hurt911co.com\/es\/wp-json\/wp\/v2\/users\/34"}],"replies":[{"embeddable":true,"href":"https:\/\/1800hurt911co.com\/es\/wp-json\/wp\/v2\/comments?post=4189"}],"version-history":[{"count":2,"href":"https:\/\/1800hurt911co.com\/es\/wp-json\/wp\/v2\/pages\/4189\/revisions"}],"predecessor-version":[{"id":4191,"href":"https:\/\/1800hurt911co.com\/es\/wp-json\/wp\/v2\/pages\/4189\/revisions\/4191"}],"wp:featuredmedia":[{"embeddable":true,"href":"https:\/\/1800hurt911co.com\/es\/wp-json\/wp\/v2\/media\/4009"}],"wp:attachment":[{"href":"https:\/\/1800hurt911co.com\/es\/wp-json\/wp\/v2\/media?parent=4189"}],"curies":[{"name":"wp","href":"https:\/\/api.w.org\/{rel}","templated":true}]}}