{"id":4195,"date":"2024-09-18T09:56:53","date_gmt":"2024-09-18T13:56:53","guid":{"rendered":"https:\/\/1800hurt911co.com\/aurora\/aurora-accidente-de-coche-quiropractico\/"},"modified":"2024-09-26T11:14:56","modified_gmt":"2024-09-26T17:14:56","slug":"aurora-accidente-de-coche-quiropractico","status":"publish","type":"page","link":"https:\/\/1800hurt911co.com\/es\/aurora\/aurora-accidente-de-coche-quiropractico\/","title":{"rendered":"Aurora accidente de coche quiropr\u00e1ctico"},"content":{"rendered":"<h2>Quiropr\u00e1ctico de Accidente de Coche en Aurora, CO<\/h2>\n<p>En Hurt 911 Colorado Injury Centers, entendemos los desaf\u00edos que surgen despu\u00e9s de un accidente automovil\u00edstico. Nuestro equipo se dedica a proporcionar atenci\u00f3n integral a las v\u00edctimas de accidentes automovil\u00edsticos en Aurora, CO. Como quiropr\u00e1ctico experimentado en Aurora, ofrecemos servicios quiropr\u00e1cticos especializados que abordan los s\u00edntomas de dolor de los accidentes automovil\u00edsticos. Hacemos hincapi\u00e9 en la importancia del tratamiento oportuno de las lesiones por accidente, tales como latigazo cervical y dolor de espalda, para garantizar una recuperaci\u00f3n \u00f3ptima. Nuestros quiropr\u00e1cticos experimentados utilizan un enfoque multidisciplinario para la recuperaci\u00f3n, la combinaci\u00f3n de la atenci\u00f3n quiropr\u00e1ctica, terapia f\u00edsica y servicios de diagn\u00f3stico. Esto asegura que cada aspecto de su lesi\u00f3n se aborda, la promoci\u00f3n de una curaci\u00f3n m\u00e1s r\u00e1pida y mejores resultados. Nos centramos en los planes de tratamiento personalizado que se adaptan a sus necesidades \u00fanicas, lo que nos permite abordar los s\u00edntomas espec\u00edficos de la lesi\u00f3n con eficacia. Llegar a nuestra oficina es f\u00e1cil y sin estr\u00e9s. Ofrecemos transporte gratuito desde y hacia las citas. Adem\u00e1s de proporcionar tratamiento m\u00e9dico, podemos ponerle en contacto con un abogado de lesiones personales para ayudarle con su demanda por accidente de coche. Nuestro objetivo es aliviar su dolor y ayudarle a recuperar su salud y bienestar. Cuando usted elige Hurt 911 Colorado Injury Centers, usted est\u00e1 eligiendo un socio de confianza en su viaje de recuperaci\u00f3n. Perm\u00edtanos ayudarle a navegar el camino hacia la curaci\u00f3n y la compensaci\u00f3n.<\/p>\n<h2>\u00bfPor qu\u00e9 elegir el Centro de Lesiones Hurt 911 Colorado?<\/h2>\n<p><img fetchpriority=\"high\" decoding=\"async\" class=\"alignnone wp-image-2552 size-full\" src=\"https:\/\/1800hurt911co.com\/wp-content\/uploads\/2024\/09\/shutterstock_2475680809.webp\" alt=\"Car Accident Chiropractor in Aurora Colorado\" width=\"500\" height=\"330\" srcset=\"https:\/\/1800hurt911co.com\/wp-content\/uploads\/2024\/09\/shutterstock_2475680809.webp 500w, https:\/\/1800hurt911co.com\/wp-content\/uploads\/2024\/09\/shutterstock_2475680809-300x198.webp 300w\" sizes=\"(max-width: 500px) 100vw, 500px\" \/><\/p>\n<p>Cuando usted se enfrenta con las secuelas de un accidente de coche, la elecci\u00f3n del proveedor de atenci\u00f3n adecuada es crucial. En Hurt 911 Colorado Injury Centers, damos prioridad a su recuperaci\u00f3n y bienestar. Nuestro compromiso con la excelencia nos distingue en Aurora, CO.<\/p>\n<h3>Atenci\u00f3n experta para v\u00edctimas de accidentes automovil\u00edsticos<\/h3>\n<p>Nuestro equipo est\u00e1 formado por quiropr\u00e1cticos altamente cualificados que se especializan en el tratamiento de lesiones sufridas en accidentes automovil\u00edsticos. Entendemos los matices de las lesiones por accidentes de auto y proporcionar un manejo integral del dolor y las opciones de tratamiento para ayudarle a recuperar su fuerza y movilidad. Usted recibir\u00e1 atenci\u00f3n personalizada y planes de tratamiento adaptados a sus necesidades espec\u00edficas.<\/p>\n<h3>Enfoque hol\u00edstico de recuperaci\u00f3n<\/h3>\n<p>Creemos en un enfoque integral de la recuperaci\u00f3n. Nuestro equipo multidisciplinar trabaja en colaboraci\u00f3n para abordar todos los aspectos de su salud. Desde ajustes quiropr\u00e1cticos hasta fisioterapia, combinamos varias modalidades de tratamiento para promover la curaci\u00f3n y restaurar su bienestar general.<\/p>\n<h3>Servicios de transporte convenientes<\/h3>\n<p>Sabemos que el transporte puede ser un obst\u00e1culo para acceder a la atenci\u00f3n. Por eso ofrecemos transporte gratuito de ida y vuelta a nuestras instalaciones. Este servicio garantiza que pueda acudir a sus citas sin el estr\u00e9s a\u00f1adido de la log\u00edstica, permiti\u00e9ndole centrarse \u00fanicamente en su recuperaci\u00f3n.<\/p>\n<h3>Apoyo en asuntos financieros y legales<\/h3>\n<p>Navegar por las secuelas de un accidente de coche puede ser abrumador, especialmente cuando se trata de facturas m\u00e9dicas y reclamaciones de seguros. Nuestro equipo est\u00e1 aqu\u00ed para ayudarle con el apoyo financiero y legal. Podemos ayudarle a entender sus opciones y ponerle en contacto con abogados de lesiones personales de confianza que pueden abogar por sus derechos. La elecci\u00f3n de Hurt 911 Colorado Injury Centers significa elegir un socio en su viaje de recuperaci\u00f3n. Estamos dedicados a proporcionarle la atenci\u00f3n y el apoyo que necesita para seguir adelante despu\u00e9s de un accidente. Perm\u00edtanos ayudarle a volver a una vida libre de dolor.<\/p>\n<h2>Cuidado Quiropr\u00e1ctico para Lesiones por Accidente de Coche<\/h2>\n<p><img decoding=\"async\" class=\"alignnone wp-image-2539 size-full\" src=\"https:\/\/1800hurt911co.com\/wp-content\/uploads\/2024\/09\/shutterstock_1770797390.webp\" alt=\"Chiropractic Care After a Car Accident\" width=\"500\" height=\"369\" srcset=\"https:\/\/1800hurt911co.com\/wp-content\/uploads\/2024\/09\/shutterstock_1770797390.webp 500w, https:\/\/1800hurt911co.com\/wp-content\/uploads\/2024\/09\/shutterstock_1770797390-300x221.webp 300w\" sizes=\"(max-width: 500px) 100vw, 500px\" \/><\/p>\n<p>Nuestro cuidado quiropr\u00e1ctico para las lesiones por accidente de coche incluye la terapia manual como un componente clave de nuestro enfoque de tratamiento. Nuestros quiropr\u00e1cticos expertos se centran en el tratamiento de lesiones por accidente de coche, incluyendo lesiones de tejidos blandos y lesiones de la m\u00e9dula, a trav\u00e9s de servicios quiropr\u00e1cticos integrales. Dolor en las articulaciones es un \u00e1rea importante de preocupaci\u00f3n, y nuestro enfoque de tratamiento incluye la atenci\u00f3n quiropr\u00e1ctica, fisioterapia y masajes para aliviar y mejorar la recuperaci\u00f3n. Utilizamos ajustes quiropr\u00e1cticos para aliviar el dolor y restaurar la movilidad. Si usted est\u00e1 tratando con dolor de cuello persistente u otras molestias, nuestro equipo est\u00e1 aqu\u00ed para ayudarle a recuperar su salud.<\/p>\n<h3>Nuestros Servicios para V\u00edctimas de Accidentes de Coche<\/h3>\n<p>En los Centros de Lesiones Hurt 911 Colorado, nos especializamos en proporcionar atenci\u00f3n integral a las personas afectadas por accidentes automovil\u00edsticos. Nuestros servicios est\u00e1n dise\u00f1ados para abordar las diversas necesidades de las v\u00edctimas de accidentes, asegurando un camino sin problemas hacia la recuperaci\u00f3n. Hacemos hincapi\u00e9 en la importancia de la rehabilitaci\u00f3n de accidentes de coche como un proceso de curaci\u00f3n integral, la integraci\u00f3n de diversos especialistas de la salud y los m\u00e9todos de tratamiento basados en la evidencia para hacer frente a las lesiones inmediatas y ocultas, fomentando as\u00ed el bienestar a largo plazo y la restauraci\u00f3n de la funcionalidad f\u00edsica de los pacientes.<\/p>\n<h3>Servicios de fisioterapia y rehabilitaci\u00f3n<\/h3>\n<p>Ofrecemos servicios de fisioterapia y rehabilitaci\u00f3n adaptados a sus necesidades espec\u00edficas, especialmente para quienes se recuperan de accidentes de tr\u00e1fico. Nuestros fisioterapeutas experimentados trabajan con usted para desarrollar un plan de tratamiento personalizado dirigido a restaurar la funci\u00f3n y la fuerza. Nos centramos en ejercicios de rehabilitaci\u00f3n que promueven la curaci\u00f3n y le ayudan a volver a sus actividades diarias.<\/p>\n<h3>Latigazo cervical y el tratamiento del dolor de cuello<\/h3>\n<p>Las lesiones por accidente de coche, como el latigazo cervical, requieren atenci\u00f3n m\u00e9dica inmediata y tratamiento quiropr\u00e1ctico para garantizar una recuperaci\u00f3n eficaz. Nuestra cl\u00ednica ofrece atenci\u00f3n especializada para el latigazo cervical y dolor de cuello, utilizando una combinaci\u00f3n de t\u00e9cnicas quiropr\u00e1cticas y ejercicios terap\u00e9uticos. Nuestro objetivo es aliviar su dolor y prevenir complicaciones a largo plazo.<\/p>\n<h3>Servicios de diagn\u00f3stico: Rayos X, resonancia magn\u00e9tica y m\u00e1s<\/h3>\n<p>Para evaluar con precisi\u00f3n sus lesiones, ofrecemos servicios de diagn\u00f3stico esenciales, incluyendo rayos X y resonancia magn\u00e9tica. Estas herramientas nos ayudan a identificar el alcance de sus lesiones y guiar nuestras decisiones de tratamiento. Creemos que los diagn\u00f3sticos exhaustivos son vitales para una recuperaci\u00f3n efectiva. En Hurt 911 Colorado Injury Centers, estamos comprometidos a ayudar a las v\u00edctimas de accidentes de coche a navegar por su viaje de recuperaci\u00f3n. Nuestros servicios integrales est\u00e1n dise\u00f1ados para proporcionar el apoyo que necesita en cada paso del camino.<\/p>\n<h2>Planes de tratamiento personalizados<\/h2>\n<p><img decoding=\"async\" class=\"alignnone wp-image-2543 size-full\" src=\"https:\/\/1800hurt911co.com\/wp-content\/uploads\/2024\/09\/shutterstock_2472681943.webp\" alt=\"Aurora Chiropractor\" width=\"500\" height=\"334\" srcset=\"https:\/\/1800hurt911co.com\/wp-content\/uploads\/2024\/09\/shutterstock_2472681943.webp 500w, https:\/\/1800hurt911co.com\/wp-content\/uploads\/2024\/09\/shutterstock_2472681943-300x200.webp 300w\" sizes=\"(max-width: 500px) 100vw, 500px\" \/><\/p>\n<p>En Hurt 911 Colorado Injury Centers, reconocemos que cada v\u00edctima de accidente de coche tiene necesidades \u00fanicas. Nuestros planes de tratamiento personalizados se elaboran espec\u00edficamente para usted, teniendo en cuenta su tipo de lesi\u00f3n, s\u00edntomas y objetivos de recuperaci\u00f3n. Nuestros quiropr\u00e1cticos Aurora proporcionar una atenci\u00f3n integral para diversos tipos de dolor y lesiones, incluyendo dolor de espalda, ci\u00e1tica, y las condiciones del hombro. Navegar por la atenci\u00f3n m\u00e9dica despu\u00e9s de un accidente automovil\u00edstico puede ser complejo, con la participaci\u00f3n de seguros y la comprensi\u00f3n de las opciones de tratamiento. Si usted est\u00e1 tratando con lesiones de tejidos blandos, dolor de cuello, u otras lesiones por accidente de auto, nuestros quiropr\u00e1cticos experimentados desarrollar\u00e1n una estrategia de atenci\u00f3n integral para hacer frente a su situaci\u00f3n espec\u00edfica. Utilizamos t\u00e9cnicas avanzadas y la tecnolog\u00eda para garantizar un tratamiento eficaz. Desde los ajustes quiropr\u00e1cticos hasta la fisioterapia, nuestro enfoque multidisciplinar se centra en el alivio del dolor y la rehabilitaci\u00f3n. Tambi\u00e9n incorporamos servicios de diagn\u00f3stico, tales como radiograf\u00edas y resonancias magn\u00e9ticas, para evaluar con precisi\u00f3n su condici\u00f3n y adaptar su tratamiento en consecuencia. Nuestro objetivo es facilitar una recuperaci\u00f3n satisfactoria minimizando al mismo tiempo los gastos de su bolsillo. Al ofrecerle un plan personalizado, nuestro objetivo es ayudarle a recuperar la salud y volver a sus actividades cotidianas lo antes posible. Usted no es un paciente m\u00e1s; es una persona que merece cuidados y atenci\u00f3n dedicados. Perm\u00edtanos guiarle en su camino hacia la curaci\u00f3n con un plan de tratamiento dise\u00f1ado exclusivamente para usted.<\/p>\n<h2>C\u00f3mo empezar con los Centros de Lesiones Hurt 911 Colorado<\/h2>\n<p><img loading=\"lazy\" decoding=\"async\" class=\"alignnone wp-image-2064\" src=\"https:\/\/1800hurt911co.com\/wp-content\/uploads\/2020\/12\/banner-bg1-copy-1024x254.webp\" alt=\"Hurt911 Logo\" width=\"500\" height=\"124\" srcset=\"https:\/\/1800hurt911co.com\/wp-content\/uploads\/2020\/12\/banner-bg1-copy-1024x254.webp 1024w, https:\/\/1800hurt911co.com\/wp-content\/uploads\/2020\/12\/banner-bg1-copy-300x75.webp 300w, https:\/\/1800hurt911co.com\/wp-content\/uploads\/2020\/12\/banner-bg1-copy-768x191.webp 768w, https:\/\/1800hurt911co.com\/wp-content\/uploads\/2020\/12\/banner-bg1-copy-1536x382.webp 1536w, https:\/\/1800hurt911co.com\/wp-content\/uploads\/2020\/12\/banner-bg1-copy.webp 1920w\" sizes=\"(max-width: 500px) 100vw, 500px\" \/><\/p>\n<p>Tomar el primer paso hacia la recuperaci\u00f3n es crucial despu\u00e9s de un accidente de coche. En Hurt 911 Colorado Injury Centers, hacemos que el proceso sea sencillo y accesible. Aqu\u00ed est\u00e1 c\u00f3mo usted puede comenzar su viaje a la curaci\u00f3n con nosotros.<\/p>\n<h3>P\u00f3ngase en contacto con nuestra oficina<\/h3>\n<p>P\u00f3ngase en contacto con nuestro amable personal por tel\u00e9fono o a trav\u00e9s de nuestro sitio web. Estamos aqu\u00ed para responder a cualquier pregunta que pueda tener acerca de nuestros servicios y c\u00f3mo podemos ayudarle. Su consulta inicial nos ayudar\u00e1 a entender mejor su situaci\u00f3n y proporcionar informaci\u00f3n adaptada que satisfaga sus necesidades.<\/p>\n<h3>Programe su primera visita<\/h3>\n<p>Una vez que se ponga en contacto con nosotros, le ayudaremos a concertar su primera cita en el momento que m\u00e1s le convenga. Nuestro equipo se adapta a sus horarios para garantizar que reciba la atenci\u00f3n que necesita sin estr\u00e9s a\u00f1adido. Durante esta visita, llevaremos a cabo una evaluaci\u00f3n exhaustiva de sus lesiones y discutiremos sus opciones de tratamiento.<\/p>\n<h3>Comience su viaje hacia la recuperaci\u00f3n<\/h3>\n<p>Despu\u00e9s de su visita inicial, vamos a desarrollar un plan de tratamiento personalizado dise\u00f1ado para hacer frente a su lesi\u00f3n de auto espec\u00edfico. Nuestros experimentados quiropr\u00e1cticos y terapeutas trabajar\u00e1n estrechamente con usted para asegurarse de que recibe la mejor atenci\u00f3n posible. Con nuestro enfoque multidisciplinario, usted puede centrarse en su rehabilitaci\u00f3n, mientras que nosotros nos encargamos de los detalles de su proceso de recuperaci\u00f3n. No deje que las lesiones por accidente de coche le frenen. P\u00f3ngase en contacto con el Centro de Lesiones Hurt 911 Colorado hoy mismo y d\u00e9 el primer paso hacia una vida m\u00e1s sana y sin dolor.<\/p>\n<h2>Preguntas frecuentes<\/h2>\n<h3>Qu\u00e9 esperar durante su visita<\/h3>\n<p>Cuando llegue a los Centros de Lesiones Hurt 911 Colorado, puede esperar una c\u00e1lida bienvenida y un ambiente de apoyo. Su cita inicial incluir\u00e1 una evaluaci\u00f3n completa de sus lesiones. Nuestros quiropr\u00e1cticos experimentados se tomar\u00e1n el tiempo necesario para comprender su historial m\u00e9dico y los detalles espec\u00edficos de su accidente de coche. Esto nos permite desarrollar un plan de tratamiento integral adaptado a sus necesidades. Tambi\u00e9n se someter\u00e1 a evaluaciones de diagn\u00f3stico, tales como radiograf\u00edas o resonancias magn\u00e9ticas, si es necesario, para obtener una imagen m\u00e1s clara de su condici\u00f3n. Durante su visita, fomentamos la comunicaci\u00f3n abierta. No dude en hacer cualquier pregunta sobre sus opciones de tratamiento o el proceso de recuperaci\u00f3n. Nuestro objetivo es proporcionarle claridad y confianza a medida que comienza su viaje hacia la curaci\u00f3n.<\/p>\n<h3>Ubicaciones que servimos<\/h3>\n<p>Hurt 911 Colorado Injury Centers se enorgullece de servir a Aurora y al \u00e1rea metropolitana de Denver. Con m\u00faltiples ubicaciones, hacemos que sea f\u00e1cil para las v\u00edctimas de accidentes automovil\u00edsticos acceder a nuestros servicios. Si usted vive en Aurora, Commerce City, o comunidades cercanas, nuestro equipo dedicado est\u00e1 listo para ayudarle en su recuperaci\u00f3n. Sus objetivos de salud y bienestar son nuestra prioridad, y estamos aqu\u00ed para apoyarle en cada paso del camino.<\/p>\n","protected":false},"excerpt":{"rendered":"<p>Quiropr\u00e1ctico de Accidente de Coche en Aurora, CO En Hurt 911 Colorado Injury Centers, entendemos los desaf\u00edos que surgen despu\u00e9s de un accidente automovil\u00edstico. Nuestro equipo se dedica a proporcionar atenci\u00f3n integral a las v\u00edctimas de accidentes automovil\u00edsticos en Aurora, CO. Como quiropr\u00e1ctico experimentado en Aurora, ofrecemos servicios quiropr\u00e1cticos especializados que abordan los s\u00edntomas de [&hellip;]<\/p>\n","protected":false},"author":34,"featured_media":0,"parent":4189,"menu_order":0,"comment_status":"closed","ping_status":"closed","template":"","meta":{"_acf_changed":false,"footnotes":""},"class_list":["post-4195","page","type-page","status-publish","hentry"],"acf":[],"_links":{"self":[{"href":"https:\/\/1800hurt911co.com\/es\/wp-json\/wp\/v2\/pages\/4195","targetHints":{"allow":["GET"]}}],"collection":[{"href":"https:\/\/1800hurt911co.com\/es\/wp-json\/wp\/v2\/pages"}],"about":[{"href":"https:\/\/1800hurt911co.com\/es\/wp-json\/wp\/v2\/types\/page"}],"author":[{"embeddable":true,"href":"https:\/\/1800hurt911co.com\/es\/wp-json\/wp\/v2\/users\/34"}],"replies":[{"embeddable":true,"href":"https:\/\/1800hurt911co.com\/es\/wp-json\/wp\/v2\/comments?post=4195"}],"version-history":[{"count":2,"href":"https:\/\/1800hurt911co.com\/es\/wp-json\/wp\/v2\/pages\/4195\/revisions"}],"predecessor-version":[{"id":4197,"href":"https:\/\/1800hurt911co.com\/es\/wp-json\/wp\/v2\/pages\/4195\/revisions\/4197"}],"up":[{"embeddable":true,"href":"https:\/\/1800hurt911co.com\/es\/wp-json\/wp\/v2\/pages\/4189"}],"wp:attachment":[{"href":"https:\/\/1800hurt911co.com\/es\/wp-json\/wp\/v2\/media?parent=4195"}],"curies":[{"name":"wp","href":"https:\/\/api.w.org\/{rel}","templated":true}]}}