{"id":4198,"date":"2024-09-18T10:25:20","date_gmt":"2024-09-18T14:25:20","guid":{"rendered":"https:\/\/1800hurt911co.com\/aurora\/aurora-medico-de-accidente-de-coche\/"},"modified":"2024-09-26T11:22:28","modified_gmt":"2024-09-26T17:22:28","slug":"aurora-medico-de-accidente-de-coche","status":"publish","type":"page","link":"https:\/\/1800hurt911co.com\/es\/aurora\/aurora-medico-de-accidente-de-coche\/","title":{"rendered":"Aurora m\u00e9dico de accidente de coche"},"content":{"rendered":"<h2>M\u00e9dico de accidente de coche en Aurora, CO<\/h2>\n<p>Despu\u00e9s de un accidente de coche en el \u00e1rea metropolitana de Denver, la obtenci\u00f3n de la atenci\u00f3n m\u00e9dica adecuada es crucial. Nuestro dedicado equipo de M\u00e9dicos de Accidentes de Coche en Aurora se especializa en el tratamiento de v\u00edctimas de accidentes automovil\u00edsticos. Desde servicios quiropr\u00e1cticos y fisioterapia hasta cirug\u00eda ortop\u00e9dica, brindamos atenci\u00f3n integral a pacientes lesionados en accidentes automovil\u00edsticos. Esto es lo que puede esperar:<\/p>\n<ul>\n<li>Un m\u00e9dico con experiencia en accidentes automovil\u00edsticos en Aurora<\/li>\n<li>Referencias de Abogados de Accidentes<\/li>\n<li>No hay gastos de su bolsillo<\/li>\n<li>Apoyo 24\/7 Consulta gratuita<\/li>\n<\/ul>\n<p>P\u00f3ngase en contacto con nuestra cl\u00ednica de lesiones Aurora hoy.<\/p>\n<h2>Cuidado comprensivo para las lesiones del accidente de coche<\/h2>\n<p><img fetchpriority=\"high\" decoding=\"async\" class=\"alignnone wp-image-2877 size-full\" src=\"https:\/\/1800hurt911co.com\/wp-content\/uploads\/2024\/09\/car-accident-treatment.webp\" alt=\"Car Accident Injuries, Whiplash\" width=\"500\" height=\"334\" srcset=\"https:\/\/1800hurt911co.com\/wp-content\/uploads\/2024\/09\/car-accident-treatment.webp 500w, https:\/\/1800hurt911co.com\/wp-content\/uploads\/2024\/09\/car-accident-treatment-300x200.webp 300w\" sizes=\"(max-width: 500px) 100vw, 500px\" \/><\/p>\n<p>Somos una cl\u00ednica l\u00edder en lesiones en Aurora, Colorado con un equipo experto de quiropr\u00e1cticos, especialistas ortop\u00e9dicos, fisioterapeutas y especialistas en manejo del dolor, todos dedicados a ayudarle a sanar y volver a una vida libre de dolor. Nuestros Servicios:<\/p>\n<ul>\n<li>Quiropr\u00e1ctica<\/li>\n<li>Fisioterapia<\/li>\n<li>Diagn\u00f3stico por imagen (rayos X y resonancia magn\u00e9tica)<\/li>\n<li>Tratamiento del dolor<\/li>\n<li>Cuidado Ortop\u00e9dico<\/li>\n<li>Proceso de tratamiento de lesiones por accidente de coche<\/li>\n<li>Evaluaci\u00f3n Diagn\u00f3stico<\/li>\n<\/ul>\n<p>Nuestro enfoque comienza con una evaluaci\u00f3n exhaustiva para identificar la causa ra\u00edz de su dolor y s\u00edntomas. Utilizamos tecnolog\u00eda avanzada de diagn\u00f3stico por imagen, incluyendo radiograf\u00edas y resonancias magn\u00e9ticas, para evaluar con precisi\u00f3n sus lesiones. Cada paciente se somete a un examen f\u00edsico meticuloso.<\/p>\n<h3>Planes de tratamiento personalizados<\/h3>\n<p>Tras el diagn\u00f3stico, desarrollamos planes de tratamiento personalizados adaptados a sus necesidades espec\u00edficas. Nuestras estrategias se centran en el alivio del dolor y la curaci\u00f3n, incorporando cuidados quiropr\u00e1cticos y fisioterapia. Tambi\u00e9n ofrecemos opciones de control del dolor, incluida la medicaci\u00f3n, para garantizar su comodidad durante todo el proceso de recuperaci\u00f3n.<\/p>\n<h3>Orientaci\u00f3n de apoyo<\/h3>\n<p>Nuestro equipo ofrece apoyo y orientaci\u00f3n continuos durante todo el proceso de curaci\u00f3n. Desde ayudarle a entender sus opciones de tratamiento a proporcionar documentaci\u00f3n m\u00e9dica para su caso legal, estamos aqu\u00ed para responder a todas sus preguntas y preocupaciones. Nuestros m\u00e9dicos especialistas en accidentes de coche en Colorado trabajan estrechamente con usted en cada paso para ayudarle a recuperarse por completo.<\/p>\n<h2>M\u00e9dicos especialistas en accidentes de coche en Aurora<\/h2>\n<p><img decoding=\"async\" class=\"alignnone wp-image-3556 size-full\" src=\"https:\/\/1800hurt911co.com\/wp-content\/uploads\/2024\/09\/hurt911-colorado-doctor.webp\" alt=\"Aurora m\u00e9dico de accidente de coche\" width=\"500\" height=\"334\" srcset=\"https:\/\/1800hurt911co.com\/wp-content\/uploads\/2024\/09\/hurt911-colorado-doctor.webp 500w, https:\/\/1800hurt911co.com\/wp-content\/uploads\/2024\/09\/hurt911-colorado-doctor-300x200.webp 300w\" sizes=\"(max-width: 500px) 100vw, 500px\" \/><\/p>\n<p>En Hurt911 Colorado, usted es atendido por un equipo dedicado de experimentados m\u00e9dicos y especialistas en accidentes de coche Aurora.<\/p>\n<h3>Quiropr\u00e1cticos<\/h3>\n<p>Nuestros quiropr\u00e1cticos del accidente del coche de Aurora se especializan en ajustes espinales y las manipulaciones que ayudan a restaurar movilidad y a reducir malestar. La atenci\u00f3n quiropr\u00e1ctica es especialmente eficaz para condiciones como el latigazo cervical y dolor de espalda.<\/p>\n<h3>Especialistas ortop\u00e9dicos<\/h3>\n<p>Los especialistas en ortopedia proporcionan atenci\u00f3n espec\u00edfica para las lesiones que afectan a los huesos, las articulaciones y los m\u00fasculos. Son expertos en el tratamiento de fracturas \u00f3seas, luxaciones y otras lesiones comunes en accidentes de tr\u00e1fico. Estos profesionales altamente experimentados pueden realizar cirug\u00eda ortop\u00e9dica.<\/p>\n<h3>Fisioterapeutas<\/h3>\n<p>Nuestros fisioterapeutas de accidente de coche Aurora trabajan con usted para rehabilitar y fortalecer su cuerpo, asegurando un retorno seguro a sus actividades diarias.<\/p>\n<h3>Otros especialistas<\/h3>\n<p>Nuestro equipo incluye especialistas en el manejo del dolor que proporcionan tratamiento espec\u00edfico para el dolor cr\u00f3nico y el malestar. Tambi\u00e9n ofrecemos referencias a otros especialistas seg\u00fan sea necesario, asegurando una atenci\u00f3n integral para todos los aspectos de su lesi\u00f3n.<\/p>\n<h2>\u00bfCu\u00e1nto cuesta la asistencia sanitaria en caso de accidente de tr\u00e1fico?<\/h2>\n<p>Una de las preocupaciones m\u00e1s significativas para las v\u00edctimas de accidentes automovil\u00edsticos es el costo de la atenci\u00f3n m\u00e9dica. En Hurt911 Colorado, creemos que todos merecen el mejor tratamiento m\u00e9dico despu\u00e9s de un accidente automovil\u00edstico. Es por eso que ofrecemos nuestros servicios sin costos por adelantado. Nuestros m\u00e9dicos y especialistas en accidentes automovil\u00edsticos de Aurora son pagados una vez que usted gana su caso, asegurando que usted reciba la atenci\u00f3n que necesita sin el estr\u00e9s de los gastos inmediatos. Tambi\u00e9n ofrecemos una consulta gratuita para ayudarle a entender sus opciones de tratamiento y tomar decisiones informadas sobre su salud.<\/p>\n<h2>C\u00f3mo se determina la indemnizaci\u00f3n<\/h2>\n<p>Compensaci\u00f3n en un caso de accidente de auto se determina t\u00edpicamente sobre la base de la gravedad de sus lesiones, el costo del tratamiento m\u00e9dico, y el impacto en su vida. Factores como salarios perdidos, dolor y sufrimiento, y el costo de cuidado m\u00e9dico futuro tambi\u00e9n son considerados. En Hurt911 Colorado, ponemos en contacto a nuestros clientes con un abogado de accidente de coche cualificado que se especializa en la obtenci\u00f3n de asentamientos. Con nuestra ayuda, usted puede descansar asegurado que cada aspecto de su caso ser\u00e1 evaluado meticulosamente para asegurar que usted reciba el arreglo que usted merece.<\/p>\n<h2>Referencias de abogados<\/h2>\n<p><img decoding=\"async\" class=\"alignnone wp-image-2920 size-full\" src=\"https:\/\/1800hurt911co.com\/wp-content\/uploads\/2024\/09\/hurt911-car-accident-lawyer.webp\" alt=\"Aurora Car Accident Lawyer\" width=\"500\" height=\"334\" srcset=\"https:\/\/1800hurt911co.com\/wp-content\/uploads\/2024\/09\/hurt911-car-accident-lawyer.webp 500w, https:\/\/1800hurt911co.com\/wp-content\/uploads\/2024\/09\/hurt911-car-accident-lawyer-300x200.webp 300w\" sizes=\"(max-width: 500px) 100vw, 500px\" \/><\/p>\n<p>Navegar las secuelas de un accidente de coche puede ser abrumador. En Hurt911 Colorado, le ponemos en contacto con abogados con experiencia en lesiones personales que se especializan en casos de accidentes automovil\u00edsticos. Ellos entienden los matices de las demandas por lesiones personales y pueden guiarle a trav\u00e9s de las complejidades del proceso legal. Nuestro equipo se asegura de que usted reciba documentaci\u00f3n m\u00e9dica detallada. Esta documentaci\u00f3n es crucial para su caso legal, ya que describe sus lesiones y la historia del tratamiento. Con registros completos, su abogado puede construir un caso fuerte en su nombre, la defensa de sus derechos e intereses.<\/p>\n<h2>Lesiones comunes de accidentes de coche y tratamientos<\/h2>\n<p>Tratamos una amplia gama de lesiones causadas por accidentes de coche, cada uno que requiere atenci\u00f3n y tratamiento espec\u00edfico.<\/p>\n<ul>\n<li><strong>Latigazo cervical<\/strong>: Esta es una lesi\u00f3n en el cuello com\u00fan en un accidente de coche. Latigazo cervical se produce cuando la cabeza se sacudi\u00f3 de repente hacia adelante y luego hacia atr\u00e1s.<\/li>\n<li><strong>Lesiones de tejidos blandos<\/strong>: Las lesiones de tejidos blandos como esguinces, distensiones y contusiones pueden ser dolorosas y limitar la movilidad.<\/li>\n<li><strong>Lesiones de espalda<\/strong>: La fisioterapia y los cuidados quiropr\u00e1cticos suelen ser \u00fatiles para lesiones de espalda como las hernias discales.<\/li>\n<li><strong>Lesiones de la m\u00e9dula espinal<\/strong>: Los da\u00f1os en la m\u00e9dula espinal pueden provocar dolor, entumecimiento o incluso par\u00e1lisis. Los traumat\u00f3logos y los especialistas en neurolog\u00eda suelen colaborar en el tratamiento.<\/li>\n<li><strong>Fracturas \u00f3seas<\/strong>: Las fracturas de brazos, piernas, costillas y otros huesos son frecuentes en los accidentes de tr\u00e1fico.<\/li>\n<li><strong>Lesiones en la cabeza<\/strong>: Los traumatismos craneoencef\u00e1licos pueden causar una conmoci\u00f3n cerebral o una lesi\u00f3n cerebral traum\u00e1tica.<\/li>\n<\/ul>\n<h2>Importancia de buscar atenci\u00f3n m\u00e9dica tras un accidente de tr\u00e1fico<\/h2>\n<p>Es fundamental buscar atenci\u00f3n m\u00e9dica inmediatamente despu\u00e9s de un accidente de coche, aunque inicialmente se sienta bien. Algunas lesiones pueden no presentar s\u00edntomas de inmediato, y un diagn\u00f3stico precoz puede evitar complicaciones posteriores. Un m\u00e9dico especializado en lesiones por accidente de coche puede evaluar su estado a fondo y desarrollar un plan de tratamiento a medida para apoyar su recuperaci\u00f3n. Dar el primer paso hacia la curaci\u00f3n es esencial. Si usted o alguien que usted conoce ha estado en un accidente de coche, p\u00f3ngase en contacto con Hurt911 Colorado para la atenci\u00f3n de expertos y apoyo.<\/p>\n<h2>Auto Accident Doctor Preguntas Frecuentes<\/h2>\n<p><img loading=\"lazy\" decoding=\"async\" class=\"alignnone wp-image-2556 size-full\" src=\"https:\/\/1800hurt911co.com\/wp-content\/uploads\/2024\/09\/shutterstock_2022747632.webp\" alt=\"Car Crash, Auto Accident Doctor Concept Image\" width=\"500\" height=\"334\" srcset=\"https:\/\/1800hurt911co.com\/wp-content\/uploads\/2024\/09\/shutterstock_2022747632.webp 500w, https:\/\/1800hurt911co.com\/wp-content\/uploads\/2024\/09\/shutterstock_2022747632-300x200.webp 300w\" sizes=\"(max-width: 500px) 100vw, 500px\" \/><\/p>\n<h3>\u00bfCu\u00e1les son los beneficios de elegir un m\u00e9dico especializado en accidentes de coche en Aurora?<\/h3>\n<p>Optar por un m\u00e9dico especializado en accidentes de coche viene con numerosas ventajas. Estos profesionales poseen experiencia en el diagn\u00f3stico y tratamiento de lesiones relacionadas con accidentes de coche. Pueden proporcionar planes de tratamiento integral, haciendo que su proceso de recuperaci\u00f3n m\u00e1s suave y m\u00e1s r\u00e1pido. Adem\u00e1s, nuestra cl\u00ednica de lesiones puede referirle a profesionales legales para ayudarle a obtener la compensaci\u00f3n que se merece.<\/p>\n<h3>\u00bfC\u00f3mo los m\u00e9dicos ortop\u00e9dicos y fisioterapeutas colaborar para ayudar a los pacientes?<\/h3>\n<p>Los m\u00e9dicos ortop\u00e9dicos y fisioterapeutas trabajan juntos para crear un plan de atenci\u00f3n coordinada para su viaje de recuperaci\u00f3n. Despu\u00e9s de una evaluaci\u00f3n inicial, el m\u00e9dico ortop\u00e9dico puede recomendar estrategias espec\u00edficas de rehabilitaci\u00f3n. A continuaci\u00f3n, el fisioterapeuta pone en pr\u00e1ctica estos planes, centr\u00e1ndose en el fortalecimiento y la mejora de la movilidad. Este enfoque de colaboraci\u00f3n garantiza que los pacientes reciban una atenci\u00f3n integral adaptada a sus necesidades individuales, mejorando el proceso de recuperaci\u00f3n.<\/p>\n<h3>\u00bfDeber\u00eda contratar a un abogado de accidentes de coche o llamar primero a Hurt911?<\/h3>\n<p>Despu\u00e9s de un accidente de coche, puede que no est\u00e9 seguro de si debe contratar a un abogado o ponerse en contacto con un proveedor m\u00e9dico en primer lugar. Si usted elige contratar a un abogado de accidente de coche o ponerse en contacto con Hurt911 Colorado en primer lugar, nuestra prioridad es asegurar que usted reciba la mejor atenci\u00f3n posible y el apoyo a lo largo de su recuperaci\u00f3n. Nuestros m\u00e9dicos de accidentes de coche en Aurora tratan lesiones de latigazo cervical, lesiones de la m\u00e9dula espinal, conmociones cerebrales y otras lesiones de accidentes de coche. Si usted todav\u00eda no tiene un abogado, podemos proporcionar referencias de abogados para ayudarle a encontrar representaci\u00f3n legal.<\/p>\n<h3>\u00bfCu\u00e1ndo es demasiado tarde para ver a un m\u00e9dico despu\u00e9s de un accidente de coche en Colorado?<\/h3>\n<p>Nunca es demasiado tarde para ver a un m\u00e9dico despu\u00e9s de un accidente de coche, pero cuanto antes busque atenci\u00f3n m\u00e9dica, mejor. Retrasar el tratamiento puede llevar a complicaciones y hacerlo m\u00e1s dif\u00edcil de conectar sus heridas al accidente, que puede afectar su capacidad de recibir la compensaci\u00f3n. Si usted ha estado involucrado en un accidente de coche, le animamos a programar una cita con uno de nuestros m\u00e9dicos de accidente de coche Aurora tan pronto como sea posible.<\/p>\n<h2>P\u00f3ngase en contacto con Hurt911 Colorado hoy<\/h2>\n<p><img loading=\"lazy\" decoding=\"async\" class=\"alignnone wp-image-2064\" src=\"https:\/\/1800hurt911co.com\/wp-content\/uploads\/2020\/12\/banner-bg1-copy-1024x254.webp\" alt=\"Hurt911 Logo\" width=\"500\" height=\"124\" srcset=\"https:\/\/1800hurt911co.com\/wp-content\/uploads\/2020\/12\/banner-bg1-copy-1024x254.webp 1024w, https:\/\/1800hurt911co.com\/wp-content\/uploads\/2020\/12\/banner-bg1-copy-300x75.webp 300w, https:\/\/1800hurt911co.com\/wp-content\/uploads\/2020\/12\/banner-bg1-copy-768x191.webp 768w, https:\/\/1800hurt911co.com\/wp-content\/uploads\/2020\/12\/banner-bg1-copy-1536x382.webp 1536w, https:\/\/1800hurt911co.com\/wp-content\/uploads\/2020\/12\/banner-bg1-copy.webp 1920w\" sizes=\"(max-width: 500px) 100vw, 500px\" \/><\/p>\n<h3>Obtenga una consulta gratuita<\/h3>\n<p>Elegir el equipo m\u00e9dico adecuado es esencial despu\u00e9s de un accidente de coche. Nuestros m\u00e9dicos de accidentes automovil\u00edsticos de Aurora est\u00e1n comprometidos a proporcionar la m\u00e1s alta calidad de atenci\u00f3n, ayud\u00e1ndole a recuperar su salud y tranquilidad. Ofrecemos referencias legales a abogados con experiencia en lesiones personales. Usted no paga honorarios por adelantado. En cambio, nuestros m\u00e9dicos se les paga una vez que usted gana su caso. No espere hasta que sus lesiones empeoren. P\u00f3ngase en contacto con Hurt911 Colorado Injury Centers ahora para dar el primer paso hacia la recuperaci\u00f3n y recuperar el control de su vida. Su salud es nuestra prioridad, y estamos comprometidos a proporcionarle la atenci\u00f3n integral que se merece. Llame <a href=\"tel:+17204140000\"><i class=\"fa fa-phone-alt\"><\/i>720-414-0000<\/a> ahora para una consulta gratuita.<\/p>\n","protected":false},"excerpt":{"rendered":"<p>M\u00e9dico de accidente de coche en Aurora, CO Despu\u00e9s de un accidente de coche en el \u00e1rea metropolitana de Denver, la obtenci\u00f3n de la atenci\u00f3n m\u00e9dica adecuada es crucial. Nuestro dedicado equipo de M\u00e9dicos de Accidentes de Coche en Aurora se especializa en el tratamiento de v\u00edctimas de accidentes automovil\u00edsticos. Desde servicios quiropr\u00e1cticos y fisioterapia [&hellip;]<\/p>\n","protected":false},"author":6,"featured_media":0,"parent":4189,"menu_order":0,"comment_status":"closed","ping_status":"closed","template":"","meta":{"_acf_changed":false,"footnotes":""},"class_list":["post-4198","page","type-page","status-publish","hentry"],"acf":[],"_links":{"self":[{"href":"https:\/\/1800hurt911co.com\/es\/wp-json\/wp\/v2\/pages\/4198","targetHints":{"allow":["GET"]}}],"collection":[{"href":"https:\/\/1800hurt911co.com\/es\/wp-json\/wp\/v2\/pages"}],"about":[{"href":"https:\/\/1800hurt911co.com\/es\/wp-json\/wp\/v2\/types\/page"}],"author":[{"embeddable":true,"href":"https:\/\/1800hurt911co.com\/es\/wp-json\/wp\/v2\/users\/6"}],"replies":[{"embeddable":true,"href":"https:\/\/1800hurt911co.com\/es\/wp-json\/wp\/v2\/comments?post=4198"}],"version-history":[{"count":2,"href":"https:\/\/1800hurt911co.com\/es\/wp-json\/wp\/v2\/pages\/4198\/revisions"}],"predecessor-version":[{"id":4200,"href":"https:\/\/1800hurt911co.com\/es\/wp-json\/wp\/v2\/pages\/4198\/revisions\/4200"}],"up":[{"embeddable":true,"href":"https:\/\/1800hurt911co.com\/es\/wp-json\/wp\/v2\/pages\/4189"}],"wp:attachment":[{"href":"https:\/\/1800hurt911co.com\/es\/wp-json\/wp\/v2\/media?parent=4198"}],"curies":[{"name":"wp","href":"https:\/\/api.w.org\/{rel}","templated":true}]}}