{"id":4201,"date":"2024-09-18T09:13:18","date_gmt":"2024-09-18T13:13:18","guid":{"rendered":"https:\/\/1800hurt911co.com\/aurora\/aurora-accidente-de-coche-fisioterapeuta\/"},"modified":"2024-09-28T03:17:06","modified_gmt":"2024-09-28T09:17:06","slug":"aurora-accidente-de-coche-fisioterapeuta","status":"publish","type":"page","link":"https:\/\/1800hurt911co.com\/es\/aurora\/aurora-accidente-de-coche-fisioterapeuta\/","title":{"rendered":"Aurora accidente de coche fisioterapeuta"},"content":{"rendered":"<h2>\u00bfPor qu\u00e9 elija los centros de lesi\u00f3n de Hurt 911 Colorado?<\/h2>\n<p>En los Centros de Lesiones Hurt 911 Colorado, entendemos que recuperarse de un accidente automovil\u00edstico puede ser un viaje desafiante. Nuestro equipo dedicado est\u00e1 aqu\u00ed para apoyarle en cada paso del camino. Nos enorgullecemos de ofrecer atenci\u00f3n especializada adaptada a sus necesidades espec\u00edficas. Nuestros fisioterapeutas est\u00e1n capacitados en t\u00e9cnicas avanzadas para hacer frente a las lesiones de accidentes de coche con eficacia. Nos centramos en el desarrollo de un plan de tratamiento personalizado para cada paciente, asegurando que su proceso de recuperaci\u00f3n es tan suave y eficiente como sea posible. Si usted est\u00e1 tratando con dolor de cuello, malestar cr\u00f3nico, o problemas de movilidad, nuestros terapeutas utilizan m\u00e9todos basados en la evidencia para promover la curaci\u00f3n y mejorar su funci\u00f3n f\u00edsica. Nuestro compromiso con su bienestar va m\u00e1s all\u00e1 de la fisioterapia. Damos prioridad a la comunicaci\u00f3n abierta y la atenci\u00f3n compasiva. Usted recibir\u00e1 actualizaciones peri\u00f3dicas sobre su progreso y los ajustes a su plan de tratamiento seg\u00fan sea necesario. Nuestro objetivo es ayudarle a lograr una vida sin dolor y restaurar su calidad de vida. Elegir Hurt 911 significa elegir un socio en su recuperaci\u00f3n. Nos dedicamos a marcar la diferencia en las vidas de nuestros pacientes y nos esforzamos por crear un entorno de apoyo donde la curaci\u00f3n pueda prosperar. Su viaje hacia la recuperaci\u00f3n comienza aqu\u00ed, y estamos listos para ayudarle a avanzar con confianza.<\/p>\n<h2>Servicios integrales de fisioterapia<\/h2>\n<p><img fetchpriority=\"high\" decoding=\"async\" class=\"alignnone wp-image-3513 size-full\" src=\"https:\/\/1800hurt911co.com\/wp-content\/uploads\/2024\/09\/physical-therapist-physical-therapy.webp\" alt=\"An Aurora Car Accident Physical Therapist works with a client\" width=\"500\" height=\"325\" srcset=\"https:\/\/1800hurt911co.com\/wp-content\/uploads\/2024\/09\/physical-therapist-physical-therapy.webp 500w, https:\/\/1800hurt911co.com\/wp-content\/uploads\/2024\/09\/physical-therapist-physical-therapy-300x195.webp 300w\" sizes=\"(max-width: 500px) 100vw, 500px\" \/><\/p>\n<p>En Hurt 911 Colorado Injury Centers, ofrecemos una amplia gama de servicios de fisioterapia dise\u00f1ados espec\u00edficamente para las personas que se recuperan de lesiones por accidentes automovil\u00edsticos. Nuestro enfoque se centra en la prestaci\u00f3n de atenci\u00f3n especializada adaptada a las necesidades \u00fanicas de cada paciente.<\/p>\n<h3>Planes de tratamiento a medida para lesiones por accidente de coche<\/h3>\n<p>Cada lesi\u00f3n es diferente. Es por eso que creamos planes de tratamiento individualizados que se ocupan de su condici\u00f3n espec\u00edfica y los objetivos de recuperaci\u00f3n. Si usted est\u00e1 tratando con dolor de cuello, malestar cr\u00f3nico, o problemas de movilidad, nuestros fisioterapeutas expertos trabajar\u00e1n estrechamente con usted para desarrollar un plan destinado a restaurar su funci\u00f3n f\u00edsica y mejorar su calidad de vida.<\/p>\n<h3>Servicios de diagn\u00f3stico avanzado<\/h3>\n<h4>Radiograf\u00edas y resonancias magn\u00e9ticas<\/h4>\n<p>Para evaluar con precisi\u00f3n sus lesiones, utilizamos herramientas avanzadas de diagn\u00f3stico por imagen, como radiograf\u00edas y resonancias magn\u00e9ticas. Estos servicios nos ayudan a determinar la naturaleza exacta de sus lesiones, lo que permite estrategias de tratamiento eficaces. Nuestro objetivo es identificar cualquier problema subyacente que pueda contribuir a su dolor y malestar.<\/p>\n<h4>Ejercicios terap\u00e9uticos y terapia manual<\/h4>\n<p>Nuestra fisioterapia incorpora una variedad de ejercicios terap\u00e9uticos destinados a mejorar la flexibilidad, la fuerza y la movilidad general. Tambi\u00e9n se emplean t\u00e9cnicas de terapia manual para aliviar el dolor y restaurar la funci\u00f3n. Nuestros terapeutas cualificados le guiar\u00e1n a trav\u00e9s de cada ejercicio, asegur\u00e1ndose de que los realiza de forma segura y eficaz.<\/p>\n<h4>Liberaci\u00f3n miofascial y punci\u00f3n seca<\/h4>\n<p>Para aquellos que sufren de dolor cr\u00f3nico, ofrecemos tratamientos especializados como la liberaci\u00f3n miofascial y la punci\u00f3n seca. Estas t\u00e9cnicas est\u00e1n dise\u00f1adas para tratar los m\u00fasculos tensos y aliviar la tensi\u00f3n, favoreciendo una curaci\u00f3n m\u00e1s r\u00e1pida y el alivio del dolor. Nuestros terapeutas tienen experiencia en estos m\u00e9todos, que le proporciona el m\u00e1s alto nivel de atenci\u00f3n.<\/p>\n<h4>Control y alivio del dolor<\/h4>\n<p>El tratamiento del dolor es un componente cr\u00edtico de su proceso de recuperaci\u00f3n. Utilizamos una combinaci\u00f3n de terapias para ayudar a reducir el dolor y mejorar su bienestar general. Nuestro equipo se dedica a ayudarle a lograr una vida libre de dolor para que pueda volver a sus actividades diarias con confianza. En Hurt 911 Colorado Injury Centers, estamos comprometidos a ayudarle a recuperarse de sus lesiones por accidente de coche. Nuestros servicios integrales de fisioterapia est\u00e1n dise\u00f1ados para apoyar su viaje hacia una mejor salud y una mejor calidad de vida.<\/p>\n<h2>Qu\u00e9 esperar durante su visita<\/h2>\n<p><img decoding=\"async\" class=\"alignnone wp-image-2866 size-full\" src=\"https:\/\/1800hurt911co.com\/wp-content\/uploads\/2024\/09\/physical-therapy-after-car-accident.webp\" alt=\"Aurora Car Accident Physical Therapist helps her client with back pain\" width=\"500\" height=\"334\" srcset=\"https:\/\/1800hurt911co.com\/wp-content\/uploads\/2024\/09\/physical-therapy-after-car-accident.webp 500w, https:\/\/1800hurt911co.com\/wp-content\/uploads\/2024\/09\/physical-therapy-after-car-accident-300x200.webp 300w\" sizes=\"(max-width: 500px) 100vw, 500px\" \/><\/p>\n<p>Cuando llegue a los Centros de Lesiones Hurt 911 Colorado, puede anticipar una experiencia fluida y de apoyo. Nuestro objetivo es proporcionarle el m\u00e1s alto nivel de atenci\u00f3n desde el momento en que entre por nuestras puertas.<\/p>\n<h3>Evaluaci\u00f3n inicial y plan de tratamiento personalizado<\/h3>\n<p>Su primera visita comenzar\u00e1 con una evaluaci\u00f3n exhaustiva por uno de nuestros fisioterapeutas cualificados. Esta evaluaci\u00f3n se centrar\u00e1 en la comprensi\u00f3n de sus lesiones espec\u00edficas, s\u00edntomas y condici\u00f3n f\u00edsica general. Sobre la base de esta evaluaci\u00f3n, vamos a crear un plan de tratamiento personalizado que se dirige a sus necesidades \u00fanicas. Este enfoque a medida asegura que usted reciba la atenci\u00f3n m\u00e1s eficaz posible para facilitar su recuperaci\u00f3n.<\/p>\n<h3>Citas de seguimiento y atenci\u00f3n continuada<\/h3>\n<p>Despu\u00e9s de su visita inicial, se programar\u00e1n citas de seguimiento para supervisar su progreso. Durante estas sesiones, ajustaremos su plan de tratamiento seg\u00fan sea necesario para mejorar su proceso de curaci\u00f3n. Nuestro equipo dedicado se compromete a mantenerlo informado y comprometido a lo largo de su viaje de atenci\u00f3n.<\/p>\n<h2>Ubicaciones convenientes en Aurora y m\u00e1s all\u00e1<\/h2>\n<p><img decoding=\"async\" class=\"alignnone wp-image-2791\" src=\"https:\/\/1800hurt911co.com\/wp-content\/uploads\/2024\/09\/aurora-loc-copy.webp\" alt=\"Aurora, CO\" width=\"500\" height=\"333\" srcset=\"https:\/\/1800hurt911co.com\/wp-content\/uploads\/2024\/09\/aurora-loc-copy.webp 600w, https:\/\/1800hurt911co.com\/wp-content\/uploads\/2024\/09\/aurora-loc-copy-300x200.webp 300w\" sizes=\"(max-width: 500px) 100vw, 500px\" \/><\/p>\n<p>En los Centros de Lesiones Hurt 911 Colorado, entendemos que la accesibilidad es crucial para su recuperaci\u00f3n. Es por eso que hemos ubicado estrat\u00e9gicamente nuestras cl\u00ednicas para servirle mejor. Nuestras instalaciones de Aurora est\u00e1n dise\u00f1adas pensando en su comodidad y conveniencia.<\/p>\n<h3>Ubicaci\u00f3n de la cl\u00ednica de Aurora<\/h3>\n<p>Nuestra cl\u00ednica de Aurora est\u00e1 situada en una zona c\u00e9ntrica, por lo que le resultar\u00e1 f\u00e1cil llegar hasta nosotros. Nuestro amable personal est\u00e1 listo para ayudarle a su llegada, gui\u00e1ndole a trav\u00e9s del proceso de su terapia f\u00edsica.<\/p>\n<h3>Servicio de transporte gratuito<\/h3>\n<p>Sabemos que llegar a sus citas puede ser un reto, especialmente si tiene dolor o molestias. Para aliviar esta carga, ofrecemos servicios de transporte gratuitos para nuestros pacientes. Esto significa que puede centrarse en su recuperaci\u00f3n sin preocuparse de c\u00f3mo llegar a sus citas. Simplemente ll\u00e1menos y organizaremos un transporte para usted. Si usted est\u00e1 en Aurora o en los alrededores, estamos comprometidos a proporcionarle el m\u00e1s alto nivel de atenci\u00f3n. Nuestras convenientes ubicaciones y servicios de transporte son s\u00f3lo parte de nuestra dedicaci\u00f3n a hacer que su proceso de recuperaci\u00f3n sea lo m\u00e1s f\u00e1cil posible.<\/p>\n<h2>Preguntas Frecuentes<\/h2>\n<h3>Qu\u00e9 traer a su primera cita<\/h3>\n<p>Cuando venga a su primera cita en el Centro de Lesiones Hurt 911 Colorado, es importante estar preparado. Traiga cualquier registro m\u00e9dico relevante, incluyendo documentos de tratamientos anteriores o resultados de im\u00e1genes relacionados con sus lesiones. Si tiene una lista de los medicamentos que toma actualmente, tambi\u00e9n ser\u00eda \u00fatil. Esta informaci\u00f3n ayudar\u00e1 a nuestro fisioterapeuta en la creaci\u00f3n de un plan de tratamiento integral adaptado a sus necesidades.<\/p>\n<h3>\u00bfCon qu\u00e9 frecuencia necesitar\u00e9 tratamiento?<\/h3>\n<p>La frecuencia de sus visitas depender\u00e1 de la gravedad de sus lesiones y de sus objetivos individuales de recuperaci\u00f3n. Normalmente, los pacientes pueden empezar con sesiones de dos a tres veces por semana. Despu\u00e9s de su evaluaci\u00f3n inicial, su fisioterapeuta elaborar\u00e1 un programa de tratamiento personalizado que mejor se adapte a su proceso de curaci\u00f3n. Las evaluaciones peri\u00f3dicas ayudar\u00e1n a ajustar su plan seg\u00fan sea necesario, asegur\u00e1ndose de que se encuentra en el camino correcto hacia la recuperaci\u00f3n.<\/p>\n<h3>\u00bfPuedo recibir tratamiento sin la remisi\u00f3n de un m\u00e9dico?<\/h3>\n<p>S\u00ed, usted puede recibir tratamiento en los Centros de Lesiones Hurt 911 Colorado sin la remisi\u00f3n de un m\u00e9dico. Nuestros fisioterapeutas est\u00e1n capacitados para evaluar su condici\u00f3n y desarrollar un plan de tratamiento que aborde sus necesidades espec\u00edficas. Sin embargo, si usted ha sido referido por un proveedor de atenci\u00f3n m\u00e9dica, le animamos a traer esa informaci\u00f3n a su cita. Esta colaboraci\u00f3n puede mejorar la eficacia de su atenci\u00f3n y garantizar un enfoque m\u00e1s integral para su rehabilitaci\u00f3n.<\/p>\n<h2>Concierte una cita hoy mismo<\/h2>\n<p><img loading=\"lazy\" decoding=\"async\" class=\"alignnone wp-image-2064\" src=\"https:\/\/1800hurt911co.com\/wp-content\/uploads\/2020\/12\/banner-bg1-copy-1024x254.webp\" alt=\"HURT911\" width=\"500\" height=\"124\" srcset=\"https:\/\/1800hurt911co.com\/wp-content\/uploads\/2020\/12\/banner-bg1-copy-1024x254.webp 1024w, https:\/\/1800hurt911co.com\/wp-content\/uploads\/2020\/12\/banner-bg1-copy-300x75.webp 300w, https:\/\/1800hurt911co.com\/wp-content\/uploads\/2020\/12\/banner-bg1-copy-768x191.webp 768w, https:\/\/1800hurt911co.com\/wp-content\/uploads\/2020\/12\/banner-bg1-copy-1536x382.webp 1536w, https:\/\/1800hurt911co.com\/wp-content\/uploads\/2020\/12\/banner-bg1-copy.webp 1920w\" sizes=\"(max-width: 500px) 100vw, 500px\" \/><\/p>\n<p>En Hurt 911 Colorado Injury Centers, entendemos la urgencia de recuperarse de lesiones por accidente de coche. Nuestro equipo dedicado est\u00e1 aqu\u00ed para ayudarle a recuperar su funci\u00f3n f\u00edsica y mejorar su calidad de vida. Programar una cita con nosotros es simple y directo. Para empezar, puede llamar directamente a nuestra cl\u00ednica de Aurora o rellenar nuestro formulario de solicitud de cita en l\u00ednea. Nuestro personal trabajar\u00e1 con usted para encontrar un momento que se adapte a su horario. Durante su visita inicial, llevaremos a cabo una evaluaci\u00f3n exhaustiva para entender sus necesidades espec\u00edficas y crear un plan de tratamiento personalizado. Damos prioridad a su comodidad y confort. Por eso ofrecemos servicios gratuitos de transporte de ida y vuelta a nuestra cl\u00ednica. Si usted est\u00e1 tratando con dolor de cuello, malestar cr\u00f3nico, o cualquier otra lesi\u00f3n relacionada con accidentes de coche, nuestra atenci\u00f3n de expertos le guiar\u00e1 a trav\u00e9s del proceso de recuperaci\u00f3n. No espere para obtener la ayuda que se merece. P\u00f3ngase en contacto con nosotros hoy para programar su cita y dar el primer paso hacia una vida libre de dolor. Su viaje hacia la recuperaci\u00f3n comienza aqu\u00ed, <a href=\"\/es\/\">en el Centro de Lesiones Hurt 911 Colorado<\/a>.<\/p>\n","protected":false},"excerpt":{"rendered":"<p>\u00bfPor qu\u00e9 elija los centros de lesi\u00f3n de Hurt 911 Colorado? En los Centros de Lesiones Hurt 911 Colorado, entendemos que recuperarse de un accidente automovil\u00edstico puede ser un viaje desafiante. Nuestro equipo dedicado est\u00e1 aqu\u00ed para apoyarle en cada paso del camino. Nos enorgullecemos de ofrecer atenci\u00f3n especializada adaptada a sus necesidades espec\u00edficas. Nuestros [&hellip;]<\/p>\n","protected":false},"author":34,"featured_media":0,"parent":4189,"menu_order":0,"comment_status":"closed","ping_status":"closed","template":"","meta":{"_acf_changed":false,"footnotes":""},"class_list":["post-4201","page","type-page","status-publish","hentry"],"acf":[],"_links":{"self":[{"href":"https:\/\/1800hurt911co.com\/es\/wp-json\/wp\/v2\/pages\/4201","targetHints":{"allow":["GET"]}}],"collection":[{"href":"https:\/\/1800hurt911co.com\/es\/wp-json\/wp\/v2\/pages"}],"about":[{"href":"https:\/\/1800hurt911co.com\/es\/wp-json\/wp\/v2\/types\/page"}],"author":[{"embeddable":true,"href":"https:\/\/1800hurt911co.com\/es\/wp-json\/wp\/v2\/users\/34"}],"replies":[{"embeddable":true,"href":"https:\/\/1800hurt911co.com\/es\/wp-json\/wp\/v2\/comments?post=4201"}],"version-history":[{"count":2,"href":"https:\/\/1800hurt911co.com\/es\/wp-json\/wp\/v2\/pages\/4201\/revisions"}],"predecessor-version":[{"id":4203,"href":"https:\/\/1800hurt911co.com\/es\/wp-json\/wp\/v2\/pages\/4201\/revisions\/4203"}],"up":[{"embeddable":true,"href":"https:\/\/1800hurt911co.com\/es\/wp-json\/wp\/v2\/pages\/4189"}],"wp:attachment":[{"href":"https:\/\/1800hurt911co.com\/es\/wp-json\/wp\/v2\/media?parent=4201"}],"curies":[{"name":"wp","href":"https:\/\/api.w.org\/{rel}","templated":true}]}}