{"id":4204,"date":"2024-09-18T09:03:10","date_gmt":"2024-09-18T13:03:10","guid":{"rendered":"https:\/\/1800hurt911co.com\/aurora\/aurora-tratamiento-de-accidentes-de-coche\/"},"modified":"2024-09-28T03:24:24","modified_gmt":"2024-09-28T09:24:24","slug":"aurora-tratamiento-de-accidentes-de-coche","status":"publish","type":"page","link":"https:\/\/1800hurt911co.com\/es\/aurora\/aurora-tratamiento-de-accidentes-de-coche\/","title":{"rendered":"Aurora Tratamiento de Accidentes de Coche"},"content":{"rendered":"<h2>Tratamiento del accidente de coche en Aurora, CO<\/h2>\n<p>En Hurt 911 Colorado Injury Centers, damos prioridad a su recuperaci\u00f3n con un enfoque dedicado al tratamiento de accidentes automovil\u00edsticos. Nuestro compromiso con su salud y bienestar nos distingue en el \u00e1rea de Denver. Entendemos los retos a los que se enfrentan las v\u00edctimas de accidentes de coche, y estamos aqu\u00ed para apoyarle en cada paso del camino. Nuestra cl\u00ednica de accidentes de Aurora ofrece una amplia gama de servicios dise\u00f1ados para atender sus necesidades espec\u00edficas. Desde el momento en que entras por nuestras puertas, usted recibir\u00e1 atenci\u00f3n personalizada adaptada a sus lesiones. Nuestro experimentado equipo de m\u00e9dicos de accidentes y quiropr\u00e1cticos es experto en el diagn\u00f3stico y tratamiento de una variedad de condiciones derivadas de accidentes de coche, asegurando que usted reciba la mejor atenci\u00f3n posible. Reconocemos que el transporte puede ser un obst\u00e1culo para recibir atenci\u00f3n m\u00e9dica oportuna. Es por eso que ofrecemos transporte gratuito para las v\u00edctimas de accidentes, por lo que es m\u00e1s f\u00e1cil acceder a la atenci\u00f3n que necesita sin estr\u00e9s a\u00f1adido. La elecci\u00f3n de Hurt 911 significa que usted est\u00e1 seleccionando un socio en su viaje de recuperaci\u00f3n. Estamos comprometidos a ayudarle a recuperar su salud y volver a su vida cotidiana tan pronto como sea posible. Su bienestar es nuestra principal prioridad, y nos esforzamos por ofrecer una atenci\u00f3n excepcional que satisfaga sus necesidades \u00fanicas.<\/p>\n<h2>Comprender las lesiones por accidente de coche<\/h2>\n<p><img fetchpriority=\"high\" decoding=\"async\" class=\"alignnone wp-image-2555 size-full\" src=\"https:\/\/1800hurt911co.com\/wp-content\/uploads\/2024\/09\/shutterstock_2463381917.webp\" alt=\"Aurora Car Accident, Car Crash\" width=\"500\" height=\"286\" srcset=\"https:\/\/1800hurt911co.com\/wp-content\/uploads\/2024\/09\/shutterstock_2463381917.webp 500w, https:\/\/1800hurt911co.com\/wp-content\/uploads\/2024\/09\/shutterstock_2463381917-300x172.webp 300w\" sizes=\"(max-width: 500px) 100vw, 500px\" \/><\/p>\n<p>Los accidentes de tr\u00e1fico pueden provocar una serie de lesiones que afectan a su vida diaria. Reconocer estas lesiones y sus s\u00edntomas es crucial para su recuperaci\u00f3n. Aqu\u00ed, esbozamos algunas lesiones comunes de accidente de coche que muchas v\u00edctimas experimentan.<\/p>\n<h3>Latigazo cervical y dolor de cuello<\/h3>\n<p>El latigazo cervical es una de las lesiones m\u00e1s frecuentes despu\u00e9s de un accidente de coche. Se produce cuando la cabeza de repente se sacudi\u00f3 hacia adelante y luego hacia atr\u00e1s, forzando los m\u00fasculos del cuello. Los s\u00edntomas pueden incluir dolor de cuello, rigidez y dolores de cabeza. Si usted experimenta cualquiera de estos s\u00edntomas, es vital que busque atenci\u00f3n m\u00e9dica de inmediato.<\/p>\n<h3>Lesiones de tejidos blandos<\/h3>\n<p>Las lesiones de tejidos blandos afectan a m\u00fasculos, ligamentos y tendones. Estas lesiones pueden provocar dolor, hinchaz\u00f3n y hematomas. Algunos ejemplos comunes son los esguinces y las distensiones. El tratamiento suele consistir en reposo, hielo y fisioterapia para recuperar las funciones y reducir el dolor.<\/p>\n<h3>Dolor de espalda y lesiones medulares<\/h3>\n<p>El dolor de espalda es otra queja com\u00fan despu\u00e9s de un accidente automovil\u00edstico. Las lesiones de la columna vertebral pueden ir desde esguinces leves hasta afecciones m\u00e1s graves como hernias discales. Los s\u00edntomas pueden incluir dolor localizado, molestias irradiadas y movilidad limitada. El diagn\u00f3stico y el tratamiento precoces son esenciales para una recuperaci\u00f3n eficaz.<\/p>\n<h3>Dolores de cabeza y conmociones cerebrales<\/h3>\n<p>Muchas v\u00edctimas de accidentes informan de dolores de cabeza despu\u00e9s de un accidente, que pueden ser un signo de una conmoci\u00f3n cerebral u otra lesi\u00f3n en la cabeza. Los s\u00edntomas pueden incluir mareos, confusi\u00f3n y dificultad para concentrarse. Si usted experimenta cualquiera de estos signos, es crucial para ser evaluado por un profesional de la salud tan pronto como sea posible. Conocer estas lesiones comunes le ayudar\u00e1 a reconocer los s\u00edntomas a tiempo y a buscar el tratamiento adecuado. Tratar estos problemas con prontitud puede mejorar significativamente su proceso de recuperaci\u00f3n y su bienestar general. Si ha sufrido un accidente de tr\u00e1fico, no dude en solicitar atenci\u00f3n m\u00e9dica. Su salud es la prioridad.<\/p>\n<h2>La importancia de la atenci\u00f3n m\u00e9dica inmediata<\/h2>\n<p>Despu\u00e9s de un accidente de coche, la urgencia de buscar atenci\u00f3n m\u00e9dica no puede ser exagerada. Muchas personas subestiman la importancia de un tratamiento r\u00e1pido, creyendo que sus lesiones pueden no ser graves. Sin embargo, incluso los s\u00edntomas m\u00e1s leves pueden indicar problemas subyacentes que requieren atenci\u00f3n inmediata. Retrasar el tratamiento puede llevar a empeorar las condiciones y complicar la recuperaci\u00f3n. Cuando usted visita los Centros de Lesiones Hurt 911 Colorado, nuestro equipo prioriza su salud. Llevamos a cabo evaluaciones exhaustivas para identificar cualquier lesi\u00f3n, incluyendo latigazo cervical, da\u00f1os en los tejidos blandos o lesiones en la columna vertebral. El diagn\u00f3stico precoz es crucial; nos permite crear un plan de tratamiento eficaz adaptado a sus necesidades espec\u00edficas. Adem\u00e1s, buscar tratamiento de inmediato puede fortalecer su caso si decide solicitar una indemnizaci\u00f3n. Documentar sus lesiones y su historial de tratamiento es una prueba esencial para su reclamaci\u00f3n. Las compa\u00f1\u00edas de seguros a menudo buscan lagunas en el tratamiento para minimizar los pagos, por lo que la atenci\u00f3n m\u00e9dica oportuna puede ayudar a salvaguardar sus derechos. En Hurt 911, ofrecemos servicios integrales de diagn\u00f3stico, incluyendo radiograf\u00edas y resonancias magn\u00e9ticas. Estas pruebas son vitales para evaluar el alcance de sus lesiones y guiar su tratamiento. Nuestros experimentados m\u00e9dicos y quiropr\u00e1cticos est\u00e1n aqu\u00ed para garantizar que reciba la atenci\u00f3n que necesita para recuperarse por completo. No espere para obtener la ayuda que se merece. D\u00e9 prioridad a su salud y bienestar buscando atenci\u00f3n m\u00e9dica inmediata despu\u00e9s de un accidente. Su recuperaci\u00f3n comienza aqu\u00ed, en los Centros de Lesiones Hurt 911 Colorado.<\/p>\n<h2>Nuestro Enfoque de Tratamiento Integral<\/h2>\n<p><img decoding=\"async\" class=\"alignnone wp-image-2538 size-full\" src=\"https:\/\/1800hurt911co.com\/wp-content\/uploads\/2024\/09\/shutterstock_2175035941.webp\" alt=\"Car Accident Treatment in Aurora\" width=\"500\" height=\"334\" srcset=\"https:\/\/1800hurt911co.com\/wp-content\/uploads\/2024\/09\/shutterstock_2175035941.webp 500w, https:\/\/1800hurt911co.com\/wp-content\/uploads\/2024\/09\/shutterstock_2175035941-300x200.webp 300w\" sizes=\"(max-width: 500px) 100vw, 500px\" \/><\/p>\n<p>En Hurt 911 Colorado Injury Centers, nos centramos en la entrega de un plan de tratamiento completo y eficaz para las v\u00edctimas de accidentes de coche. Nuestro enfoque est\u00e1 dise\u00f1ado para abordar las necesidades espec\u00edficas de cada paciente, asegurando que usted reciba la mejor atenci\u00f3n posible.<\/p>\n<h3>Atenci\u00f3n m\u00e9dica adaptada a sus necesidades<\/h3>\n<p>Nuestros m\u00e9dicos experimentados accidente evaluar sus lesiones y desarrollar un plan de tratamiento que se dirige espec\u00edficamente a su condici\u00f3n. Si usted est\u00e1 tratando con dolor de cuello, dolor de espalda, u otras lesiones por accidente de coche, creamos un enfoque personalizado para su recuperaci\u00f3n.<\/p>\n<h3>El cuidado quiropr\u00e1ctico para el alivio del dolor y la movilidad<\/h3>\n<p>El cuidado quiropr\u00e1ctico es un componente clave de nuestra estrategia de tratamiento. Nuestros quiropr\u00e1cticos cualificados utilizan diversas t\u00e9cnicas para aliviar el dolor, mejorar la movilidad y restaurar la funci\u00f3n. Este enfoque pr\u00e1ctico ayuda a reducir los niveles de dolor al tiempo que promueve la curaci\u00f3n en el cuerpo.<\/p>\n<h3>Fisioterapia para la curaci\u00f3n a largo plazo<\/h3>\n<p>La fisioterapia es esencial para una recuperaci\u00f3n continua. Nuestros fisioterapeutas se centran en ejercicios terap\u00e9uticos que mejoran la flexibilidad y la fuerza. Esto ayuda a los pacientes a recuperar su rango normal de movimiento y reduce el riesgo de dolor cr\u00f3nico en el futuro.<\/p>\n<h3>Tratamiento del latigazo cervical y control del dolor<\/h3>\n<p>El latigazo cervical es una lesi\u00f3n com\u00fan despu\u00e9s de un accidente de coche. Nuestro equipo se especializa en el tratamiento eficaz de latigazo cervical, el empleo de la terapia manual y ejercicios espec\u00edficos para aliviar el malestar y restaurar la funci\u00f3n. Trabajamos con diligencia para controlar su dolor y apoyar su curaci\u00f3n. Al ofrecer un enfoque de tratamiento integral, Hurt 911 Colorado Injury Centers tiene como objetivo ayudarle a recuperarse por completo y volver a una vida libre de dolor. Su viaje hacia la curaci\u00f3n comienza con nosotros.<\/p>\n<h2>C\u00f3mo trabajamos con su seguro y equipo legal<\/h2>\n<p><img decoding=\"async\" class=\"alignnone size-full wp-image-3493\" src=\"https:\/\/1800hurt911co.com\/wp-content\/uploads\/2024\/09\/car-accident-lawyer-image.webp\" alt=\"Aurora Car Accident Lawyer\" width=\"500\" height=\"334\" srcset=\"https:\/\/1800hurt911co.com\/wp-content\/uploads\/2024\/09\/car-accident-lawyer-image.webp 500w, https:\/\/1800hurt911co.com\/wp-content\/uploads\/2024\/09\/car-accident-lawyer-image-300x200.webp 300w\" sizes=\"(max-width: 500px) 100vw, 500px\" \/><\/p>\n<p>En Hurt 911 Colorado Injury Centers, entendemos las complejidades que siguen a un accidente de coche. Navegando el proceso de seguro puede ser abrumador, especialmente cuando usted es enfocado en la recuperaci\u00f3n. Es por eso que nuestro equipo se dedica a simplificar este viaje para usted.<\/p>\n<h3>Lien-Basado en la Atenci\u00f3n: No hay costos por adelantado<\/h3>\n<p>Ofrecemos atenci\u00f3n basada en el derecho de retenci\u00f3n, lo que significa que no tendr\u00e1 que hacer frente a ning\u00fan coste por adelantado para su tratamiento m\u00e9dico. Este acuerdo le permite recibir la atenci\u00f3n necesaria sin la carga de un pago inmediato. Nuestro objetivo es dar prioridad a su salud sin a\u00f1adir estr\u00e9s financiero durante este tiempo dif\u00edcil.<\/p>\n<h3>Coordinaci\u00f3n con su abogado para la indemnizaci\u00f3n<\/h3>\n<p>Colaboramos estrechamente con su equipo legal para asegurar que su atenci\u00f3n m\u00e9dica se alinea con su reclamaci\u00f3n de indemnizaci\u00f3n. Al compartir historiales m\u00e9dicos detallados y planes de tratamiento, ayudamos a construir un caso s\u00f3lido para su recuperaci\u00f3n. Esta asociaci\u00f3n es crucial para maximizar su compensaci\u00f3n y garantizar que se aborden todos los aspectos de su lesi\u00f3n.<\/p>\n<h3>Nos aseguramos de que sus facturas m\u00e9dicas est\u00e9n cubiertas<\/h3>\n<p>Nuestro equipo trabaja diligentemente para asegurar que sus facturas m\u00e9dicas sean cubiertas por el seguro de la parte responsable. Nos encargamos de la comunicaci\u00f3n con las compa\u00f1\u00edas de seguros, defendiendo sus derechos y asegur\u00e1ndonos de que reciba la compensaci\u00f3n que se merece. Esto le permite centrarse en la curaci\u00f3n, mientras que la gesti\u00f3n de los aspectos financieros de su cuidado. En Hurt 911 Colorado Injury Centers, estamos comprometidos a proporcionar un apoyo integral a lo largo de su proceso de recuperaci\u00f3n. Perm\u00edtanos ayudarle a navegar por los desaf\u00edos legales y de seguros para que pueda concentrarse en lo que m\u00e1s importa: su salud y bienestar.<\/p>\n<p>Localidades que Servimos<\/p>\n<p>En Hurt 911 Colorado Injury Centers, estamos orgullosos de ofrecer una atenci\u00f3n integral de accidentes a los clientes a trav\u00e9s de Denver y sus alrededores. Nuestro compromiso con su recuperaci\u00f3n se extiende m\u00e1s all\u00e1 de las paredes de nuestra oficina. Entendemos que la accesibilidad es vital para aquellos que se enfrentan a las secuelas de un accidente. Es por eso que tenemos m\u00faltiples ubicaciones, asegurando que usted reciba la atenci\u00f3n m\u00e9dica que necesita sin estr\u00e9s innecesario viaje. Tenemos oficinas en las siguientes ciudades<\/p>\n<ul>\n<li><strong>Denver<\/strong>: Nuestra ubicaci\u00f3n en Denver ofrece apoyo integral a las v\u00edctimas de accidentes.<\/li>\n<li><strong>Commerce City<\/strong>: Situado a poca distancia de Denver, los residentes de Commerce City pueden acceder f\u00e1cilmente a nuestros servicios. Estamos aqu\u00ed para ayudarle a navegar su proceso de recuperaci\u00f3n.<\/li>\n<li><strong>Northglenn<\/strong>: Northglenn es otra \u00e1rea que servimos, proporcionando atenci\u00f3n m\u00e9dica de calidad para las lesiones por accidente. Nuestro equipo est\u00e1 dedicado a apoyarle en cada paso del camino.<\/li>\n<li><strong>Centennial<\/strong>: En Centennial, ofrecemos planes de tratamiento personalizados adaptados a sus necesidades espec\u00edficas. Nuestro personal experimentado est\u00e1 listo para ayudarle con su recuperaci\u00f3n.<\/li>\n<li><strong>Aurora<\/strong>: Los residentes de Aurora pueden contar con nosotros para una atenci\u00f3n integral. Nos centramos en su salud y bienestar, asegur\u00e1ndonos de que reciba el mejor tratamiento posible.<\/li>\n<li><strong>Lakewood<\/strong>: Nuestra ubicaci\u00f3n Lakewood est\u00e1 equipado para manejar diversas lesiones relacionadas con accidentes. Damos prioridad a su recuperaci\u00f3n y trabajamos estrechamente con usted para desarrollar estrategias de tratamiento eficaces.<\/li>\n<li><strong>Colorado Springs<\/strong>: Para aquellos en Colorado Springs, nuestros servicios est\u00e1n f\u00e1cilmente disponibles. Nuestro objetivo es proporcionarle el apoyo necesario y la atenci\u00f3n m\u00e9dica para ayudarle a sanar.<\/li>\n<li><strong>Arvada<\/strong>: En Arvada, nuestro dedicado equipo se compromete a ayudarle a recuperarse de sus lesiones. Entendemos los retos a los que se enfrenta y estamos aqu\u00ed para ayudarle en todo lo posible.<\/li>\n<\/ul>\n<p>No importa d\u00f3nde se encuentre en el \u00e1rea metropolitana de Denver, el Centro de Lesiones Hurt 911 Colorado est\u00e1 aqu\u00ed para proporcionar una atenci\u00f3n compasiva e integral a las v\u00edctimas de accidentes. Su recuperaci\u00f3n es nuestra prioridad, y estamos listos para ayudarle a recuperar su vida.<\/p>\n<h2>Por qu\u00e9 nuestros pacientes conf\u00edan en nosotros<\/h2>\n<p>La confianza es esencial a la hora de elegir un proveedor m\u00e9dico tras un accidente. Muchos de nuestros pacientes expresan su agradecimiento por la comunicaci\u00f3n transparente y la atenci\u00f3n compasiva que reciben en nuestros centros. Nuestra reputaci\u00f3n de excelencia se basa en estas historias reales de recuperaci\u00f3n. Los pacientes regresan constantemente a nosotros no s\u00f3lo para el tratamiento, sino tambi\u00e9n para compartir sus historias de \u00e9xito con amigos y familiares. Cuando usted elige los Centros de Lesiones Hurt 911 Colorado, usted est\u00e1 eligiendo un equipo que realmente se preocupa por su bienestar y se dedica a ayudarle a recuperar su vida despu\u00e9s de un accidente.<\/p>\n<h2>Cont\u00e1ctenos Hoy<\/h2>\n<p><img loading=\"lazy\" decoding=\"async\" class=\"alignnone wp-image-2064\" src=\"https:\/\/1800hurt911co.com\/wp-content\/uploads\/2020\/12\/banner-bg1-copy-1024x254.webp\" alt=\"Hurt911 Logo\" width=\"500\" height=\"124\" srcset=\"https:\/\/1800hurt911co.com\/wp-content\/uploads\/2020\/12\/banner-bg1-copy-1024x254.webp 1024w, https:\/\/1800hurt911co.com\/wp-content\/uploads\/2020\/12\/banner-bg1-copy-300x75.webp 300w, https:\/\/1800hurt911co.com\/wp-content\/uploads\/2020\/12\/banner-bg1-copy-768x191.webp 768w, https:\/\/1800hurt911co.com\/wp-content\/uploads\/2020\/12\/banner-bg1-copy-1536x382.webp 1536w, https:\/\/1800hurt911co.com\/wp-content\/uploads\/2020\/12\/banner-bg1-copy.webp 1920w\" sizes=\"(max-width: 500px) 100vw, 500px\" \/><\/p>\n<p>En <a href=\"\/es\/\">Hurt 911 Colorado Injury Centers<\/a>, entendemos que recuperarse de un accidente puede ser abrumador. Es por eso que estamos aqu\u00ed para ayudarle en cada paso del camino. Si usted o un ser querido ha sido herido en un accidente de coche, no dude en ponerse en contacto con nosotros. Nuestro equipo dedicado est\u00e1 listo para ayudarle a navegar el proceso de recuperaci\u00f3n.<\/p>\n<h3>Programe su consulta gratuita<\/h3>\n<p>Ofrecemos una consulta gratuita para discutir sus lesiones y opciones de tratamiento. Durante esta reuni\u00f3n, usted tendr\u00e1 la oportunidad de conocer a nuestros experimentados m\u00e9dicos y quiropr\u00e1cticos, que evaluar\u00e1 su condici\u00f3n y esbozar un plan de tratamiento personalizado. Esta consulta inicial es un paso crucial hacia su recuperaci\u00f3n y garantiza que reciba la atenci\u00f3n m\u00e9dica que necesita.<\/p>\n<h3>Obtenga la ayuda que necesita para recuperarse y curarse<\/h3>\n<p>No deje que el dolor y la incertidumbre le frenen. P\u00f3ngase en contacto con nosotros hoy mismo para concertar una cita. Nuestro equipo se compromete a proporcionarle una atenci\u00f3n integral que aborde sus necesidades f\u00edsicas, emocionales y econ\u00f3micas. Estamos aqu\u00ed para apoyarle en su viaje hacia la curaci\u00f3n y la recuperaci\u00f3n. P\u00f3ngase en contacto con nosotros y perm\u00edtanos ayudarle a recuperar su vida.<\/p>\n","protected":false},"excerpt":{"rendered":"<p>Tratamiento del accidente de coche en Aurora, CO En Hurt 911 Colorado Injury Centers, damos prioridad a su recuperaci\u00f3n con un enfoque dedicado al tratamiento de accidentes automovil\u00edsticos. Nuestro compromiso con su salud y bienestar nos distingue en el \u00e1rea de Denver. Entendemos los retos a los que se enfrentan las v\u00edctimas de accidentes de [&hellip;]<\/p>\n","protected":false},"author":6,"featured_media":0,"parent":4189,"menu_order":0,"comment_status":"closed","ping_status":"closed","template":"","meta":{"_acf_changed":false,"footnotes":""},"class_list":["post-4204","page","type-page","status-publish","hentry"],"acf":[],"_links":{"self":[{"href":"https:\/\/1800hurt911co.com\/es\/wp-json\/wp\/v2\/pages\/4204","targetHints":{"allow":["GET"]}}],"collection":[{"href":"https:\/\/1800hurt911co.com\/es\/wp-json\/wp\/v2\/pages"}],"about":[{"href":"https:\/\/1800hurt911co.com\/es\/wp-json\/wp\/v2\/types\/page"}],"author":[{"embeddable":true,"href":"https:\/\/1800hurt911co.com\/es\/wp-json\/wp\/v2\/users\/6"}],"replies":[{"embeddable":true,"href":"https:\/\/1800hurt911co.com\/es\/wp-json\/wp\/v2\/comments?post=4204"}],"version-history":[{"count":2,"href":"https:\/\/1800hurt911co.com\/es\/wp-json\/wp\/v2\/pages\/4204\/revisions"}],"predecessor-version":[{"id":4206,"href":"https:\/\/1800hurt911co.com\/es\/wp-json\/wp\/v2\/pages\/4204\/revisions\/4206"}],"up":[{"embeddable":true,"href":"https:\/\/1800hurt911co.com\/es\/wp-json\/wp\/v2\/pages\/4189"}],"wp:attachment":[{"href":"https:\/\/1800hurt911co.com\/es\/wp-json\/wp\/v2\/media?parent=4204"}],"curies":[{"name":"wp","href":"https:\/\/api.w.org\/{rel}","templated":true}]}}