{"id":4207,"date":"2024-09-18T08:59:24","date_gmt":"2024-09-18T12:59:24","guid":{"rendered":"https:\/\/1800hurt911co.com\/aurora\/aurora-diagnostic-imaging\/"},"modified":"2024-09-28T03:29:23","modified_gmt":"2024-09-28T09:29:23","slug":"aurora-diagnostic-imaging","status":"publish","type":"page","link":"https:\/\/1800hurt911co.com\/es\/aurora\/aurora-diagnostic-imaging\/","title":{"rendered":"Aurora Diagnostic Imaging"},"content":{"rendered":"<h2>\u00bfBuscando la Imagen Diagn\u00f3stica de Aurora?<\/h2>\n<p>En Hurt911 Colorado Injury Centers, nos centramos en el diagn\u00f3stico y tratamiento de las personas involucradas en accidentes automovil\u00edsticos, resbalones y ca\u00eddas, y varios incidentes de lesiones personales. El personal altamente capacitado de nuestro centro de diagn\u00f3stico por im\u00e1genes de Aurora utiliza tecnolog\u00eda de vanguardia para proporcionar evaluaciones precisas y desarrollar planes de tratamiento eficaces. Nuestra cl\u00ednica de lesiones Aurora ofrece conveniente ambulatorio de diagn\u00f3stico por imagen, incluyendo radiograf\u00edas y resonancias magn\u00e9ticas. Despu\u00e9s de la fase de diagn\u00f3stico, nuestro equipo de expertos de Aurora accidente quiropr\u00e1cticos, fisioterapeutas y especialistas ortop\u00e9dicos desarrollar\u00e1 un plan de tratamiento personalizado. Transporte gratuito asegura su camino a la curaci\u00f3n es tan suave como sea posible. Podemos referirle a un abogado de lesiones personales, y nuestro equipo m\u00e9dico se paga despu\u00e9s de ganar una indemnizaci\u00f3n. P\u00f3ngase en contacto con nosotros hoy mismo para una consulta gratuita<\/p>\n<h2>\u00bfPor qu\u00e9 elegir nuestro centro de diagn\u00f3stico por imagen de Aurora?<\/h2>\n<p><img fetchpriority=\"high\" decoding=\"async\" class=\"alignnone wp-image-2936 size-full\" src=\"https:\/\/1800hurt911co.com\/wp-content\/uploads\/2024\/09\/diagnostic-imaging-x-ray.webp\" alt=\"Diagnostic Imaging, X-Ray of a patient's spine\" width=\"500\" height=\"334\" srcset=\"https:\/\/1800hurt911co.com\/wp-content\/uploads\/2024\/09\/diagnostic-imaging-x-ray.webp 500w, https:\/\/1800hurt911co.com\/wp-content\/uploads\/2024\/09\/diagnostic-imaging-x-ray-300x200.webp 300w\" sizes=\"(max-width: 500px) 100vw, 500px\" \/><\/p>\n<p>Elegir los centros de la lesi\u00f3n de Hurt911 Colorado para sus necesidades de la proyecci\u00f3n de imagen de diagn\u00f3stico del paciente no internado viene con muchas ventajas. Nos centramos en ofrecer una atenci\u00f3n compasiva y asegurar que su experiencia es perfecta de principio a fin.<\/p>\n<h3>Atenci\u00f3n integral para las v\u00edctimas de accidentes<\/h3>\n<p>Entendemos que hacer frente a una lesi\u00f3n puede ser abrumador, por lo que nuestro equipo en Hurt911 se compromete a proporcionar una atenci\u00f3n personalizada y compasiva. Desde el diagn\u00f3stico inicial y a lo largo de su recuperaci\u00f3n, damos prioridad a su bienestar en cada paso del camino. Junto con la imagen m\u00e9dica, ofrecemos:<\/p>\n<ul>\n<li>Cuidado Quiropr\u00e1ctico<\/li>\n<li>Fisioterapia<\/li>\n<li>Atenci\u00f3n ortop\u00e9dica, incluyendo cirug\u00eda ortop\u00e9dica<\/li>\n<li>Tratamiento del dolor<\/li>\n<\/ul>\n<h3>Tecnolog\u00eda avanzada de la proyecci\u00f3n de imagen<\/h3>\n<p>En Hurt911 Colorado Injury Centers, utilizamos equipos de imagen m\u00e9dica de vanguardia para asegurar que usted reciba un diagn\u00f3stico preciso. Nuestras herramientas de diagn\u00f3stico permiten a nuestros radi\u00f3logos para capturar im\u00e1genes muy detalladas de los \u00f3rganos internos, huesos y tejidos, lo que nos ayuda a identificar la ra\u00edz de su lesi\u00f3n y desarrollar un plan de tratamiento eficaz.<\/p>\n<h3>Transporte gratuito<\/h3>\n<p>Sabemos que las lesiones pueden dificultar los desplazamientos, por lo que ofrecemos transporte gratuito de ida y vuelta a las citas. Tanto si viene de casa como del trabajo, nos aseguramos de que pueda llegar a nuestro centro de diagn\u00f3stico por imagen sin estr\u00e9s a\u00f1adido.<\/p>\n<h3>No hay gastos de bolsillo para la atenci\u00f3n de lesiones personales<\/h3>\n<p>Una de las ventajas m\u00e1s significativas de elegir Hurt911 es nuestra pol\u00edtica de no desembolso para pacientes con casos de lesiones personales. Usted puede recibir el cuidado m\u00e9dico y la proyecci\u00f3n de imagen de diagn\u00f3stico que usted necesita sin la preocupaci\u00f3n de pagar por adelantado. A nuestros m\u00e9dicos de accidentes de Aurora s\u00f3lo se les paga cuando usted gana su caso de lesiones personales, proporcion\u00e1ndole tranquilidad mientras se concentra en su recuperaci\u00f3n.<\/p>\n<h3>Remisiones del abogado de los da\u00f1os corporales<\/h3>\n<p>En Hurt911, tambi\u00e9n ayudamos a los pacientes conect\u00e1ndolos con abogados de lesiones personales de confianza. Si usted necesita representaci\u00f3n legal para manejar su caso, podemos referirlo a abogados expertos que se especializan en casos de lesiones personales, asegurando que sus necesidades legales y m\u00e9dicas sean completamente atendidas.<\/p>\n<h2>Para qu\u00e9 se usan las radiograf\u00edas y c\u00f3mo funcionan<\/h2>\n<p><img decoding=\"async\" class=\"alignnone wp-image-2533 size-full\" src=\"https:\/\/1800hurt911co.com\/wp-content\/uploads\/2024\/09\/shutterstock_2367771823.webp\" alt=\"Diagnostic imaging on a doctor's desk\" width=\"500\" height=\"334\" srcset=\"https:\/\/1800hurt911co.com\/wp-content\/uploads\/2024\/09\/shutterstock_2367771823.webp 500w, https:\/\/1800hurt911co.com\/wp-content\/uploads\/2024\/09\/shutterstock_2367771823-300x200.webp 300w\" sizes=\"(max-width: 500px) 100vw, 500px\" \/><\/p>\n<p>Las radiograf\u00edas son un tipo com\u00fan de imagen m\u00e9dica que permite a los m\u00e9dicos visualizar los huesos y otras estructuras internas del cuerpo. Mediante el uso de una peque\u00f1a cantidad de radiaci\u00f3n, los rayos X pueden ayudar a identificar fracturas, dislocaciones y otras lesiones relacionadas con los huesos que a menudo se sostienen durante accidentes automovil\u00edsticos o resbalones y ca\u00eddas. En Hurt911 Colorado Injury Centers, utilizamos tecnolog\u00eda avanzada de rayos X para diagnosticar r\u00e1pidamente las lesiones y asegurar que usted reciba el tratamiento adecuado. Adem\u00e1s de examinar los huesos, los rayos X a veces se pueden utilizar para evaluar ciertas condiciones relacionadas con los \u00f3rganos internos.<\/p>\n<h2>C\u00f3mo funcionan las resonancias magn\u00e9ticas y sus usos<\/h2>\n<p>La resonancia magn\u00e9tica (RM) es una forma m\u00e1s detallada de diagn\u00f3stico por imagen que utiliza potentes campos magn\u00e9ticos y ondas de radio para crear im\u00e1genes detalladas de los tejidos blandos, los m\u00fasculos y los \u00f3rganos. Las resonancias magn\u00e9ticas son especialmente \u00fatiles para diagnosticar lesiones como roturas de ligamentos, distensiones musculares y otros da\u00f1os en los tejidos blandos que pueden no ser visibles en las radiograf\u00edas. Nuestros servicios de resonancia magn\u00e9tica proporcionan informaci\u00f3n detallada que ayuda a su m\u00e9dico a diagnosticar y tratar las lesiones con mayor eficacia. Ya se trate de una lesi\u00f3n de espalda, una rotura de ligamentos u otra afecci\u00f3n, una resonancia magn\u00e9tica puede dar a los m\u00e9dicos la informaci\u00f3n que necesitan para adaptar su plan de tratamiento.<\/p>\n<h2>Qu\u00e9 esperar durante una resonancia magn\u00e9tica<\/h2>\n<p>Muchos pacientes se sienten inseguros acerca de lo que sucede durante una resonancia magn\u00e9tica, pero el proceso es sencillo y sin dolor. Cuando llegue a nuestro centro de diagn\u00f3stico por imagen, nuestro personal le guiar\u00e1 a trav\u00e9s de cada paso del procedimiento. Durante la exploraci\u00f3n, permanecer\u00e1 tumbado en una camilla que se desplaza hacia el interior de la m\u00e1quina de IRM. El procedimiento suele durar entre 30 y 60 minutos, dependiendo de la zona explorada. Aunque la m\u00e1quina hace algo de ruido durante la exploraci\u00f3n, le proporcionamos tapones para los o\u00eddos o auriculares para su comodidad. Una vez que la resonancia magn\u00e9tica se ha completado, los resultados ayudar\u00e1n a guiar su tratamiento.<\/p>\n<h2>La importancia de la imagen m\u00e9dica en casos de lesiones personales<\/h2>\n<p><img decoding=\"async\" class=\"alignnone wp-image-2132\" src=\"https:\/\/1800hurt911co.com\/wp-content\/uploads\/2024\/08\/xray-1-1024x228-1.webp\" alt=\"Doctor examines an x-ray\" width=\"500\" height=\"111\" srcset=\"https:\/\/1800hurt911co.com\/wp-content\/uploads\/2024\/08\/xray-1-1024x228-1.webp 1024w, https:\/\/1800hurt911co.com\/wp-content\/uploads\/2024\/08\/xray-1-1024x228-1-300x67.webp 300w, https:\/\/1800hurt911co.com\/wp-content\/uploads\/2024\/08\/xray-1-1024x228-1-768x171.webp 768w\" sizes=\"(max-width: 500px) 100vw, 500px\" \/><\/p>\n<p>La obtenci\u00f3n de im\u00e1genes m\u00e9dicas precisas y la documentaci\u00f3n adecuada son fundamentales para respaldar su reclamaci\u00f3n por lesiones personales. Si usted est\u00e1 negociando con una compa\u00f1\u00eda de seguros o persiguiendo un caso legal, tener expedientes de diagn\u00f3stico comprensivos consolida su caso proporcionando la evidencia de sus lesiones. En Hurt911, nos aseguramos de que toda la documentaci\u00f3n m\u00e9dica se mantiene meticulosamente y est\u00e1 disponible para ayudar en su demanda por lesiones personales. Nuestro equipo se asegura de que su lesi\u00f3n sea documentada completamente, dando a su abogado la informaci\u00f3n necesaria para asegurar la remuneraci\u00f3n que usted merece.<\/p>\n<h2>Preguntas frecuentes sobre el diagn\u00f3stico por imagen<\/h2>\n<h3>\u00bfC\u00f3mo debe usted prepararse para una exploraci\u00f3n de MRI?<\/h3>\n<p>Antes de su cita de resonancia magn\u00e9tica en Hurt911, le recomendamos que se quite cualquier art\u00edculo de metal, como joyas, gafas y cinturones. Tambi\u00e9n se le puede pedir que use una bata si es necesario. Nuestro equipo le proporcionar\u00e1 instrucciones espec\u00edficas antes de su exploraci\u00f3n para asegurar que el proceso se desarrolle sin problemas.<\/p>\n<h3>\u00bfSon seguras las resonancias magn\u00e9ticas?<\/h3>\n<p>S\u00ed, las resonancias magn\u00e9ticas son seguras para la mayor\u00eda de los pacientes. A diferencia de los rayos X, las resonancias magn\u00e9ticas no utilizan radiaci\u00f3n, por lo que son ideales para obtener im\u00e1genes de los tejidos blandos. Sin embargo, los pacientes con ciertos implantes m\u00e9dicos, como marcapasos, deben informar al personal de antemano para que se tomen las precauciones necesarias.<\/p>\n<h3>\u00bfSon peligrosas las radiograf\u00edas?<\/h3>\n<p>Mientras que las radiograf\u00edas implican una peque\u00f1a cantidad de radiaci\u00f3n, la exposici\u00f3n es m\u00ednima y considerada segura para la mayor\u00eda de los pacientes. En Hurt911, utilizamos la \u00faltima tecnolog\u00eda para minimizar la exposici\u00f3n a la radiaci\u00f3n sin dejar de ofrecer servicios de diagn\u00f3stico precisos.<\/p>\n<h2>Programe su diagn\u00f3stico por im\u00e1genes en Aurora, CO<\/h2>\n<p><img loading=\"lazy\" decoding=\"async\" class=\"alignnone wp-image-2064\" src=\"https:\/\/1800hurt911co.com\/wp-content\/uploads\/2020\/12\/banner-bg1-copy-1024x254.webp\" alt=\"HURT911\" width=\"500\" height=\"124\" srcset=\"https:\/\/1800hurt911co.com\/wp-content\/uploads\/2020\/12\/banner-bg1-copy-1024x254.webp 1024w, https:\/\/1800hurt911co.com\/wp-content\/uploads\/2020\/12\/banner-bg1-copy-300x75.webp 300w, https:\/\/1800hurt911co.com\/wp-content\/uploads\/2020\/12\/banner-bg1-copy-768x191.webp 768w, https:\/\/1800hurt911co.com\/wp-content\/uploads\/2020\/12\/banner-bg1-copy-1536x382.webp 1536w, https:\/\/1800hurt911co.com\/wp-content\/uploads\/2020\/12\/banner-bg1-copy.webp 1920w\" sizes=\"(max-width: 500px) 100vw, 500px\" \/><\/p>\n<p>En Hurt911 Colorado Injury Centers, estamos orgullosos de ofrecer servicios de diagn\u00f3stico de alta calidad a las comunidades que servimos. Sin costos por adelantado y transporte gratuito, hacemos que sea f\u00e1cil para las v\u00edctimas de accidentes para obtener la atenci\u00f3n que necesitan. P\u00f3ngase en contacto con nosotros hoy para una consulta gratuita y comenzar su viaje hacia la recuperaci\u00f3n con la ayuda de nuestro equipo compasivo y experto.<\/p>\n","protected":false},"excerpt":{"rendered":"<p>\u00bfBuscando la Imagen Diagn\u00f3stica de Aurora? En Hurt911 Colorado Injury Centers, nos centramos en el diagn\u00f3stico y tratamiento de las personas involucradas en accidentes automovil\u00edsticos, resbalones y ca\u00eddas, y varios incidentes de lesiones personales. El personal altamente capacitado de nuestro centro de diagn\u00f3stico por im\u00e1genes de Aurora utiliza tecnolog\u00eda de vanguardia para proporcionar evaluaciones precisas [&hellip;]<\/p>\n","protected":false},"author":34,"featured_media":0,"parent":4189,"menu_order":0,"comment_status":"closed","ping_status":"closed","template":"","meta":{"_acf_changed":false,"footnotes":""},"class_list":["post-4207","page","type-page","status-publish","hentry"],"acf":[],"_links":{"self":[{"href":"https:\/\/1800hurt911co.com\/es\/wp-json\/wp\/v2\/pages\/4207","targetHints":{"allow":["GET"]}}],"collection":[{"href":"https:\/\/1800hurt911co.com\/es\/wp-json\/wp\/v2\/pages"}],"about":[{"href":"https:\/\/1800hurt911co.com\/es\/wp-json\/wp\/v2\/types\/page"}],"author":[{"embeddable":true,"href":"https:\/\/1800hurt911co.com\/es\/wp-json\/wp\/v2\/users\/34"}],"replies":[{"embeddable":true,"href":"https:\/\/1800hurt911co.com\/es\/wp-json\/wp\/v2\/comments?post=4207"}],"version-history":[{"count":2,"href":"https:\/\/1800hurt911co.com\/es\/wp-json\/wp\/v2\/pages\/4207\/revisions"}],"predecessor-version":[{"id":4209,"href":"https:\/\/1800hurt911co.com\/es\/wp-json\/wp\/v2\/pages\/4207\/revisions\/4209"}],"up":[{"embeddable":true,"href":"https:\/\/1800hurt911co.com\/es\/wp-json\/wp\/v2\/pages\/4189"}],"wp:attachment":[{"href":"https:\/\/1800hurt911co.com\/es\/wp-json\/wp\/v2\/media?parent=4207"}],"curies":[{"name":"wp","href":"https:\/\/api.w.org\/{rel}","templated":true}]}}