{"id":4213,"date":"2024-09-18T09:30:44","date_gmt":"2024-09-18T13:30:44","guid":{"rendered":"https:\/\/1800hurt911co.com\/aurora\/accidente-de-scooter-en-aurora\/"},"modified":"2024-09-28T06:40:36","modified_gmt":"2024-09-28T12:40:36","slug":"accidente-de-scooter-en-aurora","status":"publish","type":"page","link":"https:\/\/1800hurt911co.com\/es\/aurora\/accidente-de-scooter-en-aurora\/","title":{"rendered":"Accidente de Scooter en Aurora"},"content":{"rendered":"<p>En Hurt 911 Colorado Injury Centers, nos dedicamos a proporcionar una atenci\u00f3n integral a las personas lesionadas en accidentes de scooter. Nuestro equipo est\u00e1 formado por profesionales m\u00e9dicos con experiencia que se especializan en el tratamiento de una amplia gama de lesiones, desde esguinces menores a lesiones cerebrales traum\u00e1ticas graves. Entendemos los desaf\u00edos \u00fanicos scooter jinetes se enfrentan despu\u00e9s de un accidente, y estamos comprometidos a ayudarle a navegar el proceso de recuperaci\u00f3n. Nos enorgullecemos de nuestro enfoque compasivo, asegurando que cada individuo reciba la atenci\u00f3n y el cuidado que se merecen. Nuestro equipo incluye m\u00e9dicos, quiropr\u00e1cticos y fisioterapeutas, todos trabajando juntos para facilitar su viaje de curaci\u00f3n. Tambi\u00e9n ponemos en contacto a los pacientes con abogados especializados en lesiones personales. Estos abogados experimentados pueden reclamar una indemnizaci\u00f3n por las facturas m\u00e9dicas y la p\u00e9rdida de ingresos mientras nuestro equipo m\u00e9dico proporciona la atenci\u00f3n m\u00e9dica necesaria para una recuperaci\u00f3n completa. Nuestro enfoque multidisciplinar nos permite abordar eficazmente tanto sus necesidades f\u00edsicas como financieras. Elija Hurt 911 Colorado Injury Centers para un equipo que prioriza su bienestar y recuperaci\u00f3n. Estamos aqu\u00ed para apoyarle en cada paso del camino.<\/p>\n<h2>Lesiones Comunes de Accidentes de Scooter<\/h2>\n<p><img fetchpriority=\"high\" decoding=\"async\" class=\"alignnone size-full wp-image-3512\" src=\"https:\/\/1800hurt911co.com\/wp-content\/uploads\/2024\/09\/scooter-accident-image-2.webp\" alt=\"Accidente de scooter\" width=\"500\" height=\"334\" srcset=\"https:\/\/1800hurt911co.com\/wp-content\/uploads\/2024\/09\/scooter-accident-image-2.webp 500w, https:\/\/1800hurt911co.com\/wp-content\/uploads\/2024\/09\/scooter-accident-image-2-300x200.webp 300w\" sizes=\"(max-width: 500px) 100vw, 500px\" \/><\/p>\n<p>Los accidentes de scooter pueden provocar una serie de lesiones, algunas de las cuales pueden ser muy graves. Los conductores se encuentran a menudo expuestos a los riesgos de las abarrotadas calles de la ciudad, donde pueden producirse colisiones con coches u otros obst\u00e1culos. La falta de equipo de protecci\u00f3n, aparte del casco, aumenta la probabilidad de sufrir lesiones graves. Estas son algunas de las lesiones m\u00e1s comunes en los accidentes de scooter.<\/p>\n<h3>Latigazo cervical<\/h3>\n<p>El latigazo cervical es una lesi\u00f3n com\u00fan resultante del movimiento brusco de la cabeza durante una colisi\u00f3n. Los s\u00edntomas a menudo incluyen dolor de cuello, rigidez, dolores de cabeza y mareos. Si experimenta estos s\u00edntomas, es crucial que busque atenci\u00f3n m\u00e9dica r\u00e1pidamente para evitar complicaciones a largo plazo.<\/p>\n<h3>Lesiones de tejidos blandos<\/h3>\n<p>Las lesiones de tejidos blandos incluyen da\u00f1os en m\u00fasculos, ligamentos y tendones. Estas lesiones pueden causar dolor, hinchaz\u00f3n y limitaci\u00f3n de movimientos. El tratamiento puede consistir en reposo, hielo, compresi\u00f3n y elevaci\u00f3n (RICE), junto con fisioterapia para restaurar la funci\u00f3n y la movilidad.<\/p>\n<h3>Dolor de espalda<\/h3>\n<p>El dolor de espalda es otra afecci\u00f3n frecuente tras un accidente de scooter. Puede variar desde una molestia leve a un dolor intenso, a menudo como consecuencia de un impacto o de una ca\u00edda forzosa. Un diagn\u00f3stico adecuado mediante pruebas de imagen es vital para un tratamiento eficaz, que puede incluir medicaci\u00f3n, fisioterapia o, en casos graves, intervenci\u00f3n quir\u00fargica.<\/p>\n<h3>Fracturas \u00f3seas<\/h3>\n<p>Las fracturas se encuentran entre las lesiones m\u00e1s frecuentes en los accidentes de scooter. Cuando un conductor es arrojado de su scooter, puede aterrizar torpemente, lo que resulta en fracturas de huesos en los brazos, las piernas o la clav\u00edcula. Estas lesiones a menudo requieren intervenci\u00f3n m\u00e9dica, incluyendo cirug\u00eda y fisioterapia, para asegurar una curaci\u00f3n adecuada.<\/p>\n<h3>Lesiones cerebrales traum\u00e1ticas<\/h3>\n<p>Incluso con casco, los motoristas pueden sufrir lesiones cerebrales traum\u00e1ticas (LCT) como consecuencia de los impactos durante un accidente. Estas lesiones pueden ir desde conmociones cerebrales hasta lesiones m\u00e1s graves que pueden provocar problemas cognitivos a largo plazo. La atenci\u00f3n m\u00e9dica inmediata es crucial para cualquiera que experimente confusi\u00f3n, dolores de cabeza u otros s\u00edntomas preocupantes tras un accidente.<\/p>\n<h3>Contusiones<\/h3>\n<p>Las contusiones son frecuentes en los accidentes de scooter. Se producen cuando los vasos sangu\u00edneos se da\u00f1an debido a un golpe directo. Aunque puedan parecer leves, las contusiones graves pueden causar dolor e hinchaz\u00f3n importantes, por lo que requieren una evaluaci\u00f3n m\u00e9dica para descartar lesiones m\u00e1s profundas.<\/p>\n<h3>Laceraciones<\/h3>\n<p>Los cortes y rasgu\u00f1os son frecuentes en los accidentes de scooter, especialmente si un motorista entra en contacto con restos de la carretera u otras superficies. Las laceraciones pueden variar en gravedad y pueden requerir puntos de sutura u otro tratamiento m\u00e9dico para promover la curaci\u00f3n y prevenir la infecci\u00f3n.<\/p>\n<h3>Erupci\u00f3n cut\u00e1nea<\/h3>\n<p>El sarpullido es una dolorosa abrasi\u00f3n de la piel que se produce cuando un motorista derrapa sobre el pavimento. Esta lesi\u00f3n puede afectar a varias capas de la piel y puede requerir tratamiento m\u00e9dico para limpiar la herida, prevenir la infecci\u00f3n y tratar cualquier da\u00f1o tisular subyacente. El cuidado adecuado es esencial para promover la curaci\u00f3n y minimizar las cicatrices.<\/p>\n<h2>Nuestro enfoque terap\u00e9utico<\/h2>\n<p><img decoding=\"async\" class=\"alignnone size-full wp-image-3511\" src=\"https:\/\/1800hurt911co.com\/wp-content\/uploads\/2024\/09\/scooter-accident-treatment.webp\" alt=\"Scooter Accident Treatment in Aurora\" width=\"500\" height=\"334\" srcset=\"https:\/\/1800hurt911co.com\/wp-content\/uploads\/2024\/09\/scooter-accident-treatment.webp 500w, https:\/\/1800hurt911co.com\/wp-content\/uploads\/2024\/09\/scooter-accident-treatment-300x200.webp 300w\" sizes=\"(max-width: 500px) 100vw, 500px\" \/><\/p>\n<p>En Hurt 911 Colorado Injury Centers, tomamos un enfoque integral para el tratamiento de lesiones por accidente de scooter. Nuestro equipo entiende que cada lesi\u00f3n es \u00fanica, y adaptamos nuestros planes de tratamiento para satisfacer las necesidades espec\u00edficas de nuestros pacientes.<\/p>\n<h3>Evaluaci\u00f3n Inicial<\/h3>\n<p>Cuando llegue, llevamos a cabo una evaluaci\u00f3n exhaustiva para identificar el alcance de sus lesiones. Esto incluye la revisi\u00f3n de su historial m\u00e9dico y la realizaci\u00f3n de ex\u00e1menes f\u00edsicos. Tambi\u00e9n podemos utilizar radiograf\u00edas y resonancias magn\u00e9ticas para identificar las lesiones. Nuestro objetivo es identificar cualquier problema subyacente que pueda no ser evidente de inmediato.<\/p>\n<h3>Atenci\u00f3n en colaboraci\u00f3n<\/h3>\n<p>Utilizamos un enfoque multidisciplinar, combinando la experiencia de varios profesionales sanitarios. Nuestro equipo incluye m\u00e9dicos, quiropr\u00e1cticos, fisioterapeutas y especialistas en el tratamiento del dolor. Esta colaboraci\u00f3n garantiza que usted reciba una atenci\u00f3n integral, que aborde tanto el dolor inmediato como la recuperaci\u00f3n a largo plazo.<\/p>\n<h3>Planes de tratamiento personalizados<\/h3>\n<p>Despu\u00e9s de la evaluaci\u00f3n, desarrollamos un plan de tratamiento personalizado. Esto puede incluir una mezcla de ajustes quiropr\u00e1cticos, fisioterapia y otras modalidades para promover la curaci\u00f3n. Nos centramos en reducir el dolor, restaurar la movilidad y mejorar su funci\u00f3n general.<\/p>\n<h3>Seguimiento continuo<\/h3>\n<p>La recuperaci\u00f3n es un proceso. Programamos seguimientos regulares para supervisar su progreso y ajustar su plan de tratamiento seg\u00fan sea necesario. La comunicaci\u00f3n abierta es vital, y le animamos a compartir cualquier preocupaci\u00f3n o cambios en su condici\u00f3n. Al elegir los Centros de Lesiones Hurt 911 Colorado, usted est\u00e1 optando por un equipo dedicado que prioriza su recuperaci\u00f3n. Estamos aqu\u00ed para ayudarle a navegar los desaf\u00edos de sus lesiones de accidente de scooter y trabajar hacia la recuperaci\u00f3n de su calidad de vida.<\/p>\n<h2>Diagn\u00f3stico por imagen<\/h2>\n<p>Despu\u00e9s de un accidente de scooter, las exploraciones de diagn\u00f3stico por imagen son esenciales para evaluar con precisi\u00f3n las lesiones. Estas exploraciones ayudan a los m\u00e9dicos visualizar las estructuras internas de su cuerpo, revelando cualquier da\u00f1o oculto que puede no ser inmediatamente evidente. Nuestra cl\u00ednica de lesiones Aurora ofrece radiograf\u00edas y resonancias magn\u00e9ticas. Los rayos X son t\u00edpicamente el primer paso, ya que pueden identificar r\u00e1pidamente los huesos rotos y fracturas. Si se sospecha de lesiones de tejidos blandos o problemas m\u00e1s complejos, puede ser necesaria una resonancia magn\u00e9tica. Estas exploraciones avanzadas proporcionan im\u00e1genes detalladas de los m\u00fasculos, ligamentos y otros tejidos blandos, lo que permite una evaluaci\u00f3n completa de su condici\u00f3n.<\/p>\n<h2>Fisioterapia<\/h2>\n<p><img decoding=\"async\" class=\"alignnone size-full wp-image-3513\" src=\"https:\/\/1800hurt911co.com\/wp-content\/uploads\/2024\/09\/physical-therapist-physical-therapy.webp\" alt=\"Physical Therapy\" width=\"500\" height=\"325\" srcset=\"https:\/\/1800hurt911co.com\/wp-content\/uploads\/2024\/09\/physical-therapist-physical-therapy.webp 500w, https:\/\/1800hurt911co.com\/wp-content\/uploads\/2024\/09\/physical-therapist-physical-therapy-300x195.webp 300w\" sizes=\"(max-width: 500px) 100vw, 500px\" \/><\/p>\n<p>La fisioterapia desempe\u00f1a un papel vital en el proceso de recuperaci\u00f3n de las personas lesionadas en accidentes de scooter. Despu\u00e9s de un accidente, muchas v\u00edctimas experimentan dolor, rigidez y movilidad reducida. Un programa de fisioterapia a medida puede ayudar a aliviar estos problemas y promover la curaci\u00f3n. Este plan puede incluir ejercicios para fortalecer los m\u00fasculos, mejorar la flexibilidad y restaurar la amplitud de movimiento. Los fisioterapeutas suelen incorporar diversas t\u00e9cnicas para mejorar la recuperaci\u00f3n. Entre ellas se incluyen la terapia manual, los ejercicios terap\u00e9uticos y modalidades como los ultrasonidos o la estimulaci\u00f3n el\u00e9ctrica. Cada enfoque tiene por objeto reducir el dolor y favorecer la curaci\u00f3n. Las sesiones regulares son cruciales. Acudir a las citas con regularidad permite supervisar los progresos y ajustar el plan de tratamiento seg\u00fan sea necesario. A medida que se recupere, el terapeuta le guiar\u00e1 a trav\u00e9s de ejercicios de fortalecimiento y resistencia que le ayudar\u00e1n a recuperar todas sus funciones.<\/p>\n<h2>Cuidados Quiropr\u00e1cticos Tras un Accidente de Scooter<\/h2>\n<p>El cuidado quiropr\u00e1ctico juega un papel vital en el proceso de recuperaci\u00f3n despu\u00e9s de un accidente de scooter. Muchas v\u00edctimas experimentan problemas como latigazo cervical, dolor de espalda o desalineaci\u00f3n de la columna vertebral debido al impacto del accidente. Los quiropr\u00e1cticos se especializan en realinear la columna vertebral, aliviar la presi\u00f3n sobre los nervios y restaurar la movilidad de las zonas lesionadas. A trav\u00e9s de ajustes manuales, terapia de tejidos blandos y ejercicios de rehabilitaci\u00f3n, el tratamiento quiropr\u00e1ctico ayuda a reducir el dolor, mejorar la flexibilidad y promover la curaci\u00f3n natural, permitiendo que el cuerpo se recupere m\u00e1s eficazmente sin depender \u00fanicamente de medicamentos o procedimientos invasivos.<\/p>\n<h2>Control del dolor<\/h2>\n<p>Despu\u00e9s de un accidente de scooter, la gesti\u00f3n del dolor y la inflamaci\u00f3n es crucial para la recuperaci\u00f3n. Dependiendo de la gravedad de sus lesiones, los m\u00e9dicos pueden recomendar varios tipos de medicamentos para ayudarle a curarse eficazmente. Es esencial seguir las instrucciones de su proveedor de atenci\u00f3n m\u00e9dica con respecto al uso de medicamentos. En Hurt911 Colorado Injury Centers, ofrecemos m\u00e9todos de alivio del dolor libre de drogas como la atenci\u00f3n quiropr\u00e1ctica y terapia f\u00edsica. Nuestro equipo de manejo del dolor puede ayudar a determinar la mejor manera de aliviar su malestar despu\u00e9s de un accidente de scooter.<\/p>\n<h2>Servicios Legales<\/h2>\n<p>En Hurt 911 Colorado Injury Centers, entendemos que navegar por las secuelas de un accidente de scooter puede ser abrumador. Nuestra meta es hacer este proceso tan incons\u00fatil y stress-libre como sea posible, permitiendo que usted se centre en su recuperaci\u00f3n. Perm\u00edtanos ayudarle a navegar por las complejidades legales de su caso de accidente de scooter para que pueda avanzar con confianza.<\/p>\n<h3>Referencias de Abogados<\/h3>\n<p>Trabajamos con una red de abogados de lesiones personales para apoyarle en la obtenci\u00f3n de la compensaci\u00f3n que se merece. Nos centramos en la prestaci\u00f3n de servicios jur\u00eddicos integrales adaptados a sus necesidades espec\u00edficas. Un abogado de accidentes de scooter llevar\u00e1 a cabo una evaluaci\u00f3n exhaustiva de su caso. Esto incluye la recopilaci\u00f3n de pruebas, como informes policiales e historiales m\u00e9dicos, para construir una reclamaci\u00f3n s\u00f3lida. Los abogados tienen experiencia en el trato con las compa\u00f1\u00edas de seguros y trabajar\u00e1n diligentemente para negociar un acuerdo justo en su nombre. Si es necesario, nuestros socios legales est\u00e1n preparados para llevar su caso ante los tribunales. Su abogado defender\u00e1 sus derechos y luchar\u00e1 por la indemnizaci\u00f3n que necesita para cubrir las facturas m\u00e9dicas, la p\u00e9rdida de ingresos y otros da\u00f1os.<\/p>\n<h3>Documentaci\u00f3n para su caso de lesiones personales<\/h3>\n<p>Nuestro equipo m\u00e9dico puede coordinarse con los profesionales jur\u00eddicos para garantizar que su historial m\u00e9dico y los detalles de su tratamiento se documenten con precisi\u00f3n. Esta colaboraci\u00f3n puede ser vital para las demandas por lesiones personales.<\/p>\n<h2>Indemnizaci\u00f3n en un caso de accidente de scooter<\/h2>\n<p><img loading=\"lazy\" decoding=\"async\" class=\"alignnone wp-image-3514 size-full\" src=\"https:\/\/1800hurt911co.com\/wp-content\/uploads\/2024\/09\/hurt911-colorado-lawyer-image-2.webp\" alt=\"Aurora Scooter Accident Lawyer\" width=\"500\" height=\"334\" srcset=\"https:\/\/1800hurt911co.com\/wp-content\/uploads\/2024\/09\/hurt911-colorado-lawyer-image-2.webp 500w, https:\/\/1800hurt911co.com\/wp-content\/uploads\/2024\/09\/hurt911-colorado-lawyer-image-2-300x200.webp 300w\" sizes=\"(max-width: 500px) 100vw, 500px\" \/><\/p>\n<p>Remitimos a los pacientes a abogados expertos en lesiones personales que ayudan a las v\u00edctimas de accidentes de scooter a recuperar la m\u00e1xima indemnizaci\u00f3n.<\/p>\n<h3>Facturas m\u00e9dicas y gastos de tratamiento<\/h3>\n<p>Despu\u00e9s de un accidente de scooter, las facturas m\u00e9dicas pueden acumularse r\u00e1pidamente. Desde visitas a urgencias hasta sesiones de rehabilitaci\u00f3n, los costes pueden ser abrumadores. Un abogado puede ayudarle a recuperar la indemnizaci\u00f3n por gastos m\u00e9dicos, incluyendo:<\/p>\n<ul>\n<li>Atenci\u00f3n de emergencia y facturas de hospital<\/li>\n<li>Prescripciones<\/li>\n<li>Tratamientos de seguimiento<\/li>\n<li>Dispositivos de asistencia<\/li>\n<li>Rehabilitaci\u00f3n<\/li>\n<\/ul>\n<p>Recuperar las facturas m\u00e9dicas y los costes de tratamiento tras un accidente de scooter es vital para su estabilidad financiera. Usted merece una compensaci\u00f3n por los gastos incurridos debido a la negligencia de otra persona. Buscar asesoramiento legal puede ayudarle a navegar por este proceso y asegurarse de que todos sus gastos m\u00e9dicos se tienen en cuenta en su reclamaci\u00f3n.<\/p>\n<h3>P\u00e9rdida de ingresos y capacidad de ganancia futura<\/h3>\n<p>Despu\u00e9s de un accidente de scooter, muchas personas se enfrentan a retos importantes relacionados con la p\u00e9rdida de ingresos. Si usted ha sido lesionado, usted puede encontrarse incapaz de trabajar, lo que lleva a una disminuci\u00f3n de su estabilidad financiera. Esto puede ser particularmente estresante, especialmente si usted ya est\u00e1 tratando con el aumento de las facturas m\u00e9dicas y los costes de recuperaci\u00f3n. La p\u00e9rdida de ingresos se refiere a los salarios que deja de percibir mientras se recupera de sus lesiones. Si sus lesiones son tan graves que le impiden reincorporarse a su puesto de trabajo, puede solicitar una indemnizaci\u00f3n por su capacidad para obtener ingresos en el futuro. Esto incluye cualquier impacto a largo plazo en su carrera, como la reducci\u00f3n de horas o la necesidad de cambiar a un puesto menos exigente.<\/p>\n<h3>Dolor y sufrimiento<\/h3>\n<p>Experimentar dolor y sufrimiento despu\u00e9s de un accidente de scooter puede afectar significativamente su vida. Estos da\u00f1os abarcan tanto el dolor f\u00edsico como la angustia emocional causada por el incidente. Las lesiones sufridas en un accidente de scooter puede conducir a dolor cr\u00f3nico, ansiedad y depresi\u00f3n, que pueden afectar a sus actividades diarias y la calidad de vida en general. Documentar su experiencia es esencial. Mantener un registro detallado de sus s\u00edntomas f\u00edsicos, desaf\u00edos emocionales, y c\u00f3mo sus lesiones afectan a su rutina diaria puede fortalecer su reclamo. Esta documentaci\u00f3n puede incluir historiales m\u00e9dicos, notas de terapia y diarios personales que describan su camino hacia la recuperaci\u00f3n.<\/p>\n<h3>Discapacidad, Cicatrices y Desfiguraci\u00f3n<\/h3>\n<p>En las secuelas de un accidente de scooter, algunas lesiones pueden conducir a consecuencias a largo plazo que afectan significativamente su vida diaria. Discapacidad, cicatrices y desfiguraci\u00f3n se encuentran entre los resultados m\u00e1s graves que las v\u00edctimas pueden enfrentar. Una discapacidad a largo plazo o permanente puede obstaculizar su capacidad para trabajar y participar en actividades sociales. Esta limitaci\u00f3n suele provocar angustia emocional y una disminuci\u00f3n de la calidad de vida. Una reclamaci\u00f3n por lesiones personales puede cubrir la p\u00e9rdida de ingresos y los costes asociados a los cuidados continuos o a las modificaciones de su entorno vital. Las cicatrices y la desfiguraci\u00f3n pueden tener profundos efectos psicol\u00f3gicos. Las lesiones visibles pueden provocar sentimientos de verg\u00fcenza o ansiedad, afectando a su autoestima y a sus interacciones sociales. Un abogado luchar\u00e1 para asegurar la justicia que usted merece.<\/p>\n<h2>Contacte con nosotros hoy mismo<\/h2>\n<p><img loading=\"lazy\" decoding=\"async\" class=\"alignnone wp-image-2064\" src=\"https:\/\/1800hurt911co.com\/wp-content\/uploads\/2020\/12\/banner-bg1-copy-1024x254.webp\" alt=\"Hurt911 Logo\" width=\"500\" height=\"124\" srcset=\"https:\/\/1800hurt911co.com\/wp-content\/uploads\/2020\/12\/banner-bg1-copy-1024x254.webp 1024w, https:\/\/1800hurt911co.com\/wp-content\/uploads\/2020\/12\/banner-bg1-copy-300x75.webp 300w, https:\/\/1800hurt911co.com\/wp-content\/uploads\/2020\/12\/banner-bg1-copy-768x191.webp 768w, https:\/\/1800hurt911co.com\/wp-content\/uploads\/2020\/12\/banner-bg1-copy-1536x382.webp 1536w, https:\/\/1800hurt911co.com\/wp-content\/uploads\/2020\/12\/banner-bg1-copy.webp 1920w\" sizes=\"(max-width: 500px) 100vw, 500px\" \/><\/p>\n<p>Cuando visite los Centros de Lesiones Hurt 911 Colorado, puede anticipar una experiencia completa y de apoyo adaptada a sus necesidades de recuperaci\u00f3n. Nuestro enfoque multidisciplinario significa que usted recibir\u00e1 una atenci\u00f3n integral de un dedicado equipo de profesionales. Llame <a href=\"tel:+17204140000\"><i class=\"fa fa-phone-alt\"><\/i>720-414-0000<\/a> o rellene nuestro formulario de contacto para una consulta gratuita.<\/p>\n","protected":false},"excerpt":{"rendered":"<p>En Hurt 911 Colorado Injury Centers, nos dedicamos a proporcionar una atenci\u00f3n integral a las personas lesionadas en accidentes de scooter. Nuestro equipo est\u00e1 formado por profesionales m\u00e9dicos con experiencia que se especializan en el tratamiento de una amplia gama de lesiones, desde esguinces menores a lesiones cerebrales traum\u00e1ticas graves. Entendemos los desaf\u00edos \u00fanicos scooter [&hellip;]<\/p>\n","protected":false},"author":6,"featured_media":0,"parent":4189,"menu_order":0,"comment_status":"closed","ping_status":"closed","template":"","meta":{"_acf_changed":false,"footnotes":""},"class_list":["post-4213","page","type-page","status-publish","hentry"],"acf":[],"_links":{"self":[{"href":"https:\/\/1800hurt911co.com\/es\/wp-json\/wp\/v2\/pages\/4213","targetHints":{"allow":["GET"]}}],"collection":[{"href":"https:\/\/1800hurt911co.com\/es\/wp-json\/wp\/v2\/pages"}],"about":[{"href":"https:\/\/1800hurt911co.com\/es\/wp-json\/wp\/v2\/types\/page"}],"author":[{"embeddable":true,"href":"https:\/\/1800hurt911co.com\/es\/wp-json\/wp\/v2\/users\/6"}],"replies":[{"embeddable":true,"href":"https:\/\/1800hurt911co.com\/es\/wp-json\/wp\/v2\/comments?post=4213"}],"version-history":[{"count":2,"href":"https:\/\/1800hurt911co.com\/es\/wp-json\/wp\/v2\/pages\/4213\/revisions"}],"predecessor-version":[{"id":4215,"href":"https:\/\/1800hurt911co.com\/es\/wp-json\/wp\/v2\/pages\/4213\/revisions\/4215"}],"up":[{"embeddable":true,"href":"https:\/\/1800hurt911co.com\/es\/wp-json\/wp\/v2\/pages\/4189"}],"wp:attachment":[{"href":"https:\/\/1800hurt911co.com\/es\/wp-json\/wp\/v2\/media?parent=4213"}],"curies":[{"name":"wp","href":"https:\/\/api.w.org\/{rel}","templated":true}]}}