{"id":4216,"date":"2024-09-18T10:09:40","date_gmt":"2024-09-18T14:09:40","guid":{"rendered":"https:\/\/1800hurt911co.com\/aurora\/resbalon-y-caida-en-aurora\/"},"modified":"2024-09-28T08:43:41","modified_gmt":"2024-09-28T14:43:41","slug":"resbalon-y-caida-en-aurora","status":"publish","type":"page","link":"https:\/\/1800hurt911co.com\/es\/aurora\/resbalon-y-caida-en-aurora\/","title":{"rendered":"Resbal\u00f3n y ca\u00edda en Aurora"},"content":{"rendered":"<h2>Especialista de lesi\u00f3n del resbal\u00f3n y de la ca\u00edda en Aurora, CO<\/h2>\n<p>En Hurt 911 Colorado Injury Centers, nos enorgullecemos del tratamiento de resbalones y ca\u00eddas en Aurora. Nos centramos en proporcionar una atenci\u00f3n integral de accidentes adaptada a las necesidades \u00fanicas de cada cliente. Entendemos que navegar por las secuelas de un accidente puede ser abrumador. Es por eso que ofrecemos un enfoque hol\u00edstico para el tratamiento de lesiones personales. Nuestros experimentados m\u00e9dicos y especialistas trabajan en colaboraci\u00f3n para crear un plan de tratamiento personalizado que aborde sus lesiones espec\u00edficas y garantice una recuperaci\u00f3n \u00f3ptima. Desde la evaluaci\u00f3n inicial hasta la rehabilitaci\u00f3n, estamos comprometidos con su bienestar. Nuestras instalaciones est\u00e1n equipadas con las \u00faltimas herramientas de diagn\u00f3stico, incluyendo rayos X y resonancias magn\u00e9ticas, para evaluar con precisi\u00f3n su condici\u00f3n. Esta evaluaci\u00f3n exhaustiva de la lesi\u00f3n nos permite desarrollar estrategias de tratamiento eficaces, garantizando que reciba la mejor atenci\u00f3n posible. Nuestros servicios se extienden m\u00e1s all\u00e1 del tratamiento m\u00e9dico; tambi\u00e9n proporcionamos asistencia legal y orientaci\u00f3n para ayudarle a obtener la compensaci\u00f3n que se merece. En Hurt 911, creemos en el empoderamiento de nuestros clientes. Nos tomamos el tiempo necesario para informarle sobre sus derechos y el proceso de recuperaci\u00f3n. Nuestro objetivo es aliviar su estr\u00e9s y permitirle centrarse en la curaci\u00f3n. Con nuestro equipo a su lado, puede confiar en que est\u00e1 en buenas manos. Si usted o un ser querido ha sufrido un accidente por resbal\u00f3n y ca\u00edda, no dude en ponerse en contacto con nosotros. P\u00f3ngase en contacto con nosotros hoy para programar su consulta gratuita y comenzar su viaje hacia la recuperaci\u00f3n.<\/p>\n<h2>Planes integrales de tratamiento de resbalones y ca\u00eddas<\/h2>\n<p><img fetchpriority=\"high\" decoding=\"async\" class=\"alignnone wp-image-3518 size-full\" src=\"https:\/\/1800hurt911co.com\/wp-content\/uploads\/2024\/09\/slip-and-fall-accident-hurt911-colorado.webp\" alt=\"Slip and Fall Accident\" width=\"500\" height=\"334\" srcset=\"https:\/\/1800hurt911co.com\/wp-content\/uploads\/2024\/09\/slip-and-fall-accident-hurt911-colorado.webp 500w, https:\/\/1800hurt911co.com\/wp-content\/uploads\/2024\/09\/slip-and-fall-accident-hurt911-colorado-300x200.webp 300w\" sizes=\"(max-width: 500px) 100vw, 500px\" \/><\/p>\n<p>En Hurt 911 Colorado Injury Centers, ofrecemos una amplia gama de servicios adaptados para satisfacer las necesidades de las v\u00edctimas de accidentes por resbalones y ca\u00eddas. Nuestro equipo se dedica a proporcionar planes de tratamiento integrales que abordan los objetivos de recuperaci\u00f3n inmediata y a largo plazo. Nuestros especialistas est\u00e1n aqu\u00ed para ayudarle a navegar por el proceso de recuperaci\u00f3n. Proporcionamos un tratamiento personalizado para cada caso, asegurando que se satisfagan sus necesidades \u00fanicas. Nuestros servicios incluyen:<\/p>\n<ul>\n<li><strong>Cuidado Quiropr\u00e1ctico<\/strong>: Nuestros servicios quiropr\u00e1cticos tienen como objetivo aliviar el dolor y restaurar la movilidad. Utilizamos t\u00e9cnicas probadas para apoyar su recuperaci\u00f3n.<\/li>\n<li><strong>Latigazo cervical Doctor<\/strong>: El latigazo cervical puede tener efectos duraderos. Nuestros especialistas proporcionan un tratamiento espec\u00edfico para ayudarle a recuperarse completamente.<\/li>\n<li><strong>Fisioterapia<\/strong>: La fisioterapia es crucial para recuperar la fuerza y la funci\u00f3n despu\u00e9s de un accidente. Nuestros terapeutas desarrollan programas de rehabilitaci\u00f3n personalizados adaptados a sus lesiones espec\u00edficas.<\/li>\n<li><strong>Servicios de diagn\u00f3stico<\/strong>: El diagn\u00f3stico preciso es clave para un tratamiento eficaz. Ofrecemos servicios avanzados de diagn\u00f3stico por imagen, como radiograf\u00edas y resonancias magn\u00e9ticas, para evaluar el alcance de sus lesiones.<\/li>\n<\/ul>\n<p>Nuestro objetivo es ofrecer a nuestros clientes una experiencia sin fisuras, garantizando que todos los aspectos de su recuperaci\u00f3n est\u00e9n cubiertos. Desde las evaluaciones iniciales hasta la atenci\u00f3n especializada, nuestro equipo se compromete a ayudarle a curarse y a recuperar su calidad de vida.<\/p>\n<h2>Qu\u00e9 hacemos: Nuestro enfoque de tratamiento<\/h2>\n<p>En Hurt 911 Colorado Injury Centers, nos centramos en la prestaci\u00f3n de una atenci\u00f3n integral adaptada a las necesidades de cada cliente. Nuestro enfoque de tratamiento comienza con un examen inicial y diagn\u00f3stico para determinar el alcance de sus lesiones. Esta evaluaci\u00f3n exhaustiva de las lesiones en Aurora nos permite entender su situaci\u00f3n \u00fanica, asegurando que ning\u00fan detalle se pasa por alto. Una vez que identificamos la naturaleza de sus lesiones, desarrollamos planes de tratamiento personalizados. Si usted est\u00e1 tratando con una lesi\u00f3n por resbal\u00f3n y ca\u00edda u otros problemas relacionados con accidentes, nuestro dedicado equipo est\u00e1 aqu\u00ed para ayudar. Ofrecemos atenci\u00f3n especializada que incluye el tratamiento de lesiones por resbal\u00f3n y ca\u00edda, asegur\u00e1ndonos de que recibe las terapias adecuadas para facilitar la recuperaci\u00f3n. Nuestro objetivo es promover la curaci\u00f3n y restaurar su calidad de vida. Al abordar los aspectos f\u00edsicos y emocionales de su recuperaci\u00f3n, nos esforzamos por ofrecer los mejores resultados posibles a nuestros clientes. Con un enfoque en la atenci\u00f3n individualizada, estamos comprometidos a guiarle a trav\u00e9s de cada paso de su viaje de recuperaci\u00f3n.<\/p>\n<h3>Rehabilitaci\u00f3n del resbal\u00f3n y de la ca\u00edda<\/h3>\n<p>En Hurt 911 Colorado Injury Centers, nos centramos en su recuperaci\u00f3n despu\u00e9s de un accidente de resbal\u00f3n y ca\u00edda. Nuestros servicios de rehabilitaci\u00f3n de resbalones y ca\u00eddas est\u00e1n dise\u00f1ados para atender sus necesidades espec\u00edficas. Entendemos que cada lesi\u00f3n es diferente, y adaptamos nuestro enfoque para asegurar que usted reciba la mejor atenci\u00f3n posible. Nuestro experimentado equipo le guiar\u00e1 a trav\u00e9s de cada paso del proceso de rehabilitaci\u00f3n, ayud\u00e1ndole a recuperar la fuerza y la movilidad.<\/p>\n<h3>Cuidado Quiropr\u00e1ctico en Aurora<\/h3>\n<p><img decoding=\"async\" class=\"alignnone wp-image-3521 size-full\" src=\"https:\/\/1800hurt911co.com\/wp-content\/uploads\/2024\/09\/slip-and-fall-treatment.webp\" alt=\"Slip and Fall Treatment in Aurora\" width=\"500\" height=\"334\" srcset=\"https:\/\/1800hurt911co.com\/wp-content\/uploads\/2024\/09\/slip-and-fall-treatment.webp 500w, https:\/\/1800hurt911co.com\/wp-content\/uploads\/2024\/09\/slip-and-fall-treatment-300x200.webp 300w\" sizes=\"(max-width: 500px) 100vw, 500px\" \/><\/p>\n<p>La atenci\u00f3n quiropr\u00e1ctica juega un papel vital en su viaje de recuperaci\u00f3n. Nuestro quiropr\u00e1ctico Aurora se especializa en el tratamiento de lesiones por resbalones y ca\u00eddas, utilizando t\u00e9cnicas que promueven la curaci\u00f3n y aliviar el dolor. Nuestro objetivo es restaurar la alineaci\u00f3n natural de su cuerpo y la funci\u00f3n, la mejora de su bienestar general. Los ajustes regulares pueden ayudar a reducir el malestar y mejorar su rango de movimiento, haciendo las actividades diarias m\u00e1s f\u00e1ciles.<\/p>\n<h3>Fisioterapia para la recuperaci\u00f3n de resbalones y ca\u00eddas<\/h3>\n<p>La fisioterapia es esencial para una recuperaci\u00f3n eficaz de resbalones y ca\u00eddas. Nuestros fisioterapeutas dedicados trabajar\u00e1n estrechamente con usted para desarrollar un plan personalizado. Este plan puede incluir ejercicios para fortalecer las zonas afectadas, mejorar la flexibilidad y mejorar el equilibrio. Al centrarnos en sus necesidades espec\u00edficas, le ayudamos a recuperar la confianza en sus movimientos y a reducir el riesgo de futuras lesiones. Nuestros servicios de fisioterapia en caso de resbal\u00f3n y ca\u00edda est\u00e1n dise\u00f1ados para facilitar una recuperaci\u00f3n sin problemas. Utilizamos una variedad de t\u00e9cnicas, incluyendo la terapia manual y ejercicios espec\u00edficos, para tratar el dolor y promover la curaci\u00f3n. Nuestra meta es autorizarle para volver a sus actividades diarias tan r\u00e1pidamente y con seguridad como sea posible. En Hurt 911 Colorado Injury Centers, estamos comprometidos a proporcionar servicios integrales de rehabilitaci\u00f3n y recuperaci\u00f3n. Si necesita atenci\u00f3n quiropr\u00e1ctica o fisioterapia para su lesi\u00f3n por resbal\u00f3n y ca\u00edda, nuestro equipo est\u00e1 aqu\u00ed para apoyarle en cada paso del camino. P\u00f3ngase en contacto con nosotros hoy mismo para obtener m\u00e1s informaci\u00f3n sobre c\u00f3mo podemos ayudarle en su viaje de recuperaci\u00f3n.<\/p>\n<h2>Servicios Adicionales<\/h2>\n<h3>Transporte gratuito a nuestras cl\u00ednicas<\/h3>\n<p>En los Centros de Lesiones Hurt 911 Colorado, reconocemos que el acceso a la atenci\u00f3n m\u00e9dica puede ser un desaf\u00edo, especialmente despu\u00e9s de un accidente. Es por eso que ofrecemos transporte gratuito desde y hacia nuestras cl\u00ednicas. Este servicio tiene como objetivo eliminar las barreras que podr\u00edan impedirle recibir el tratamiento que necesita. Nuestro transporte gratuito garantiza que pueda centrarse en su recuperaci\u00f3n sin preocuparse de c\u00f3mo llegar a sus citas.<\/p>\n<h3>Sin gastos de bolsillo<\/h3>\n<p>Una de las principales preocupaciones despu\u00e9s de un accidente es la carga econ\u00f3mica que suponen las facturas m\u00e9dicas y los costes del tratamiento. Por eso ofrecemos servicios sin gastos de bolsillo. Usted no tendr\u00e1 que pagar nada por adelantado para su cuidado. Nuestro modelo significa que s\u00f3lo pagar\u00e1 cuando su equipo legal consiga una indemnizaci\u00f3n para usted. De este modo, podr\u00e1 acceder al tratamiento necesario sin el estr\u00e9s a\u00f1adido de los costes inmediatos. Nuestro objetivo es proporcionarle una experiencia fluida, asegur\u00e1ndonos de que recibe la atenci\u00f3n que necesita sin barreras financieras. Perm\u00edtanos ayudarle a recuperarse tanto f\u00edsica como econ\u00f3micamente.<\/p>\n<h2>Asistencia y coordinaci\u00f3n jur\u00eddica<\/h2>\n<p><img decoding=\"async\" class=\"alignnone wp-image-3523 size-full\" src=\"https:\/\/1800hurt911co.com\/wp-content\/uploads\/2024\/09\/hurt911-colorado-lawyer-image-3.webp\" alt=\"Aurora Slip and Fall Lawyer\" width=\"500\" height=\"334\" srcset=\"https:\/\/1800hurt911co.com\/wp-content\/uploads\/2024\/09\/hurt911-colorado-lawyer-image-3.webp 500w, https:\/\/1800hurt911co.com\/wp-content\/uploads\/2024\/09\/hurt911-colorado-lawyer-image-3-300x200.webp 300w\" sizes=\"(max-width: 500px) 100vw, 500px\" \/><\/p>\n<p>Navegar por las secuelas de un accidente puede ser abrumador. Es por eso que ofrecemos asistencia jur\u00eddica y la coordinaci\u00f3n junto con nuestros servicios m\u00e9dicos. Nuestro equipo trabaja en estrecha colaboraci\u00f3n con abogados de renombre para ayudarle a entender sus derechos y opciones.<\/p>\n<h3>Pruebas m\u00e9dicas para respaldar su caso de lesiones personales<\/h3>\n<p>Nos especializamos en la atenci\u00f3n de lesiones personales en Aurora. Nuestro equipo m\u00e9dico documentar\u00e1 cuidadosamente sus lesiones para respaldar su caso de resbal\u00f3n y ca\u00edda. Nuestro objetivo es ayudarle en cada paso del camino, haciendo que el proceso sea lo m\u00e1s sencillo posible. Tambi\u00e9n ponemos en contacto a pacientes con abogados expertos en resbalones y ca\u00eddas. Con los Centros de Lesiones Hurt 911 Colorado, usted puede confiar en que todos los aspectos de su recuperaci\u00f3n est\u00e1n siendo manejados con cuidado y profesionalismo.<\/p>\n<h3>Trabajar con abogados especializados en resbalones y ca\u00eddas<\/h3>\n<p>Navegar las secuelas de un accidente puede ser abrumador, especialmente cuando se trata con las compa\u00f1\u00edas de seguros. En Hurt 911 Colorado Injury Centers, entendemos los desaf\u00edos que usted enfrenta. Trabajamos con abogados especializados en resbalones y ca\u00eddas que defender\u00e1n sus derechos y maximizar\u00e1n su compensaci\u00f3n. Su abogado se encargar\u00e1 de las complejidades de presentar reclamaciones, negociar acuerdos y asegurarse de que recibe los beneficios que merece. Nuestra cl\u00ednica de lesiones por accidente en Aurora est\u00e1 equipada para guiarle a trav\u00e9s de cada paso del proceso. Tomamos la carga de sus hombros, lo que le permite centrarse en su recuperaci\u00f3n, mientras que la gesti\u00f3n de los detalles con las compa\u00f1\u00edas de seguros. Usted puede confiar en nosotros para luchar por sus mejores intereses.<\/p>\n<h2>Preguntas frecuentes sobre accidentes por resbalones y ca\u00eddas<\/h2>\n<h3>\u00bfQu\u00e9 debo hacer despu\u00e9s de un accidente por resbal\u00f3n y ca\u00edda?<\/h3>\n<p>Si usted experimenta un incidente de resbal\u00f3n y ca\u00edda, la acci\u00f3n inmediata es cr\u00edtica. En primer lugar, eval\u00fae sus lesiones. Si siente dolor o malestar, busque atenci\u00f3n m\u00e9dica de inmediato. Documente la escena tomando fotos de cualquier condici\u00f3n peligrosa, como pisos mojados o alfombras rasgadas. Estas pruebas pueden ser vitales para su caso. Adem\u00e1s, informe del incidente al propietario o administrador del inmueble. Aseg\u00farese de obtener informaci\u00f3n de contacto de los testigos. Por \u00faltimo, lleve un registro de todas las visitas m\u00e9dicas y gastos relacionados con su lesi\u00f3n. Esta documentaci\u00f3n ser\u00e1 esencial a la hora de reclamar su indemnizaci\u00f3n.<\/p>\n<h3>\u00bfPuedo responsabilizar al propietario por un accidente de resbal\u00f3n y ca\u00edda?<\/h3>\n<p>S\u00ed, los propietarios tienen el deber de mantener condiciones seguras para los visitantes. Si por negligencia no se ocupan de las situaciones peligrosas, pueden ser considerados responsables de sus lesiones. Esto incluye situaciones que implican pisos mojados, mala iluminaci\u00f3n, u otras condiciones peligrosas. Para establecer la responsabilidad, es crucial demostrar que el propietario conoc\u00eda el peligro y no tom\u00f3 las medidas adecuadas. Consultar con un abogado experimentado puede ayudarle a aclarar sus derechos y las posibilidades de \u00e9xito de su reclamaci\u00f3n.<\/p>\n<h2>Contacte con nosotros<\/h2>\n<p><img loading=\"lazy\" decoding=\"async\" class=\"alignnone wp-image-2064\" src=\"https:\/\/1800hurt911co.com\/wp-content\/uploads\/2020\/12\/banner-bg1-copy-1024x254.webp\" alt=\"Hurt911 Logo\" width=\"500\" height=\"124\" srcset=\"https:\/\/1800hurt911co.com\/wp-content\/uploads\/2020\/12\/banner-bg1-copy-1024x254.webp 1024w, https:\/\/1800hurt911co.com\/wp-content\/uploads\/2020\/12\/banner-bg1-copy-300x75.webp 300w, https:\/\/1800hurt911co.com\/wp-content\/uploads\/2020\/12\/banner-bg1-copy-768x191.webp 768w, https:\/\/1800hurt911co.com\/wp-content\/uploads\/2020\/12\/banner-bg1-copy-1536x382.webp 1536w, https:\/\/1800hurt911co.com\/wp-content\/uploads\/2020\/12\/banner-bg1-copy.webp 1920w\" sizes=\"(max-width: 500px) 100vw, 500px\" \/><\/p>\n<h3>Programe su consulta gratis<\/h3>\n<p>En Hurt 911 Colorado Injury Centers, entendemos que navegar por las secuelas de un accidente puede ser abrumador. Es por eso que ofrecemos una consulta gratuita para discutir su situaci\u00f3n y delinear los pr\u00f3ximos pasos. Nuestro equipo dedicado est\u00e1 listo para ayudarle. Para programar su consulta, simplemente llame a nuestra oficina o rellene el formulario de contacto en nuestro sitio web. Damos prioridad a sus necesidades y trabajaremos diligentemente para ofrecerle la atenci\u00f3n y el apoyo que se merece.<\/p>\n<h3>Aurora Lesiones Cl\u00ednica<\/h3>\n<p>Nuestra cl\u00ednica de lesiones Aurora est\u00e1 convenientemente situado para servirle mejor. Estamos comprometidos a proporcionar una atenci\u00f3n integral adaptada a sus lesiones espec\u00edficas. Desde las evaluaciones iniciales hasta el tratamiento continuo, nuestro objetivo es ayudarle a recuperarse de manera eficiente y eficaz. Le animamos a que se ponga en contacto con nosotros hoy mismo. Perm\u00edtanos ayudarle a comenzar su viaje hacia la recuperaci\u00f3n. Su salud y bienestar son nuestras principales prioridades.<\/p>\n","protected":false},"excerpt":{"rendered":"<p>Especialista de lesi\u00f3n del resbal\u00f3n y de la ca\u00edda en Aurora, CO En Hurt 911 Colorado Injury Centers, nos enorgullecemos del tratamiento de resbalones y ca\u00eddas en Aurora. Nos centramos en proporcionar una atenci\u00f3n integral de accidentes adaptada a las necesidades \u00fanicas de cada cliente. Entendemos que navegar por las secuelas de un accidente puede [&hellip;]<\/p>\n","protected":false},"author":6,"featured_media":0,"parent":4189,"menu_order":0,"comment_status":"closed","ping_status":"closed","template":"","meta":{"_acf_changed":false,"footnotes":""},"class_list":["post-4216","page","type-page","status-publish","hentry"],"acf":[],"_links":{"self":[{"href":"https:\/\/1800hurt911co.com\/es\/wp-json\/wp\/v2\/pages\/4216","targetHints":{"allow":["GET"]}}],"collection":[{"href":"https:\/\/1800hurt911co.com\/es\/wp-json\/wp\/v2\/pages"}],"about":[{"href":"https:\/\/1800hurt911co.com\/es\/wp-json\/wp\/v2\/types\/page"}],"author":[{"embeddable":true,"href":"https:\/\/1800hurt911co.com\/es\/wp-json\/wp\/v2\/users\/6"}],"replies":[{"embeddable":true,"href":"https:\/\/1800hurt911co.com\/es\/wp-json\/wp\/v2\/comments?post=4216"}],"version-history":[{"count":2,"href":"https:\/\/1800hurt911co.com\/es\/wp-json\/wp\/v2\/pages\/4216\/revisions"}],"predecessor-version":[{"id":4218,"href":"https:\/\/1800hurt911co.com\/es\/wp-json\/wp\/v2\/pages\/4216\/revisions\/4218"}],"up":[{"embeddable":true,"href":"https:\/\/1800hurt911co.com\/es\/wp-json\/wp\/v2\/pages\/4189"}],"wp:attachment":[{"href":"https:\/\/1800hurt911co.com\/es\/wp-json\/wp\/v2\/media?parent=4216"}],"curies":[{"name":"wp","href":"https:\/\/api.w.org\/{rel}","templated":true}]}}