{"id":4222,"date":"2024-09-18T10:17:14","date_gmt":"2024-09-18T14:17:14","guid":{"rendered":"https:\/\/1800hurt911co.com\/aurora\/aurora-uber-accidente\/"},"modified":"2024-09-28T09:01:08","modified_gmt":"2024-09-28T15:01:08","slug":"aurora-uber-accidente","status":"publish","type":"page","link":"https:\/\/1800hurt911co.com\/es\/aurora\/aurora-uber-accidente\/","title":{"rendered":"Aurora Uber Accidente"},"content":{"rendered":"<h2>Tratamiento de accidentes Uber en Aurora, CO<\/h2>\n<p>En Hurt 911 Colorado Injury Centers, nos especializamos en la atenci\u00f3n integral de accidentes de Uber. Nuestro equipo dedicado se compromete a proporcionar tratamiento m\u00e9dico efectivo y apoyo para ayudarlo a recuperarse f\u00edsica y financieramente. Entendemos los desaf\u00edos que enfrenta despu\u00e9s de un accidente de Uber o Lyft, incluido el dolor, las facturas m\u00e9dicas y la lucha por volver a su vida cotidiana. Es por eso que ofrecemos un enfoque hol\u00edstico para el tratamiento de lesiones que abarca no s\u00f3lo la atenci\u00f3n m\u00e9dica, sino tambi\u00e9n la asistencia jur\u00eddica. Nuestro objetivo es simplificar su proceso de recuperaci\u00f3n y garantizar que reciba la compensaci\u00f3n que se merece. Nuestro experimentado personal incluye Aurora accidente m\u00e9dicos y quiropr\u00e1cticos que est\u00e1n bien versados en las complejidades de la recuperaci\u00f3n de lesiones. Utilizamos servicios avanzados de diagn\u00f3stico, incluyendo rayos X y resonancia magn\u00e9tica, para evaluar con precisi\u00f3n su condici\u00f3n. A partir de ah\u00ed, creamos planes de tratamiento personalizados que se centran en sus lesiones espec\u00edficas, ya se deriven de un accidente de coche, un incidente de viaje compartido, o cualquier otro tipo de accidente. Cuando usted elige Hurt 911, no s\u00f3lo est\u00e1 eligiendo una cl\u00ednica; est\u00e1 eligiendo un socio en su viaje de recuperaci\u00f3n. Damos prioridad a su bienestar y trabajamos diligentemente para ayudarle a recuperar su salud y su tranquilidad. Perm\u00edtanos ocuparnos de los detalles mientras usted se concentra en curarse.<\/p>\n<h2>Lesiones comunes por accidentes de Uber<\/h2>\n<p><img fetchpriority=\"high\" decoding=\"async\" class=\"alignnone wp-image-2530 size-full\" src=\"https:\/\/1800hurt911co.com\/wp-content\/uploads\/2024\/09\/shutterstock_2463526161.webp\" alt=\"Accidente Uber\" width=\"500\" height=\"264\" srcset=\"https:\/\/1800hurt911co.com\/wp-content\/uploads\/2024\/09\/shutterstock_2463526161.webp 500w, https:\/\/1800hurt911co.com\/wp-content\/uploads\/2024\/09\/shutterstock_2463526161-300x158.webp 300w\" sizes=\"(max-width: 500px) 100vw, 500px\" \/><\/p>\n<p>Los accidentes de coche con Uber pueden provocar diversas lesiones, cada una de las cuales requiere un tratamiento y unos cuidados espec\u00edficos. La comprensi\u00f3n de estas lesiones comunes es crucial para la recuperaci\u00f3n efectiva. En Hurt 911 Colorado Injury Centers, nos especializamos en abordar las necesidades \u00fanicas de las v\u00edctimas de accidentes. Aqu\u00ed est\u00e1n algunas de las lesiones m\u00e1s frecuentes que vemos:<\/p>\n<h3>S\u00edntomas y tratamiento del latigazo cervical<\/h3>\n<p>El latigazo cervical es un resultado frecuente de colisiones traseras. Se produce cuando la cabeza se sacude repentinamente hacia adelante y luego hacia atr\u00e1s, forzando los m\u00fasculos del cuello. Los s\u00edntomas suelen incluir dolor de cuello, rigidez, dolores de cabeza y mareos. El tratamiento suele consistir en una combinaci\u00f3n de reposo, fisioterapia y cuidados quiropr\u00e1cticos para aliviar el dolor y recuperar la movilidad. La intervenci\u00f3n temprana es vital para prevenir problemas cr\u00f3nicos.<\/p>\n<h3>Lesiones de tejidos blandos: Esguinces, distensiones y contusiones<\/h3>\n<p>Las lesiones musculares, tendinosas y ligamentosas son frecuentes en los accidentes de tr\u00e1fico. Los esguinces y las distensiones pueden provocar hinchaz\u00f3n, hematomas y limitaci\u00f3n del movimiento. Contusiones, o moretones, tambi\u00e9n pueden ocurrir a partir de los impactos durante el accidente. El tratamiento de las lesiones de tejidos blandos suele consistir en reposo, hielo, compresi\u00f3n y elevaci\u00f3n (RICE), junto con fisioterapia para recuperar la fuerza y la flexibilidad.<\/p>\n<h3>Dolor de espalda y lesiones medulares<\/h3>\n<p>El dolor de espalda es otro problema importante despu\u00e9s de un accidente. Puede deberse a diversos factores, como distensiones musculares o lesiones medulares m\u00e1s graves. Los s\u00edntomas pueden incluir dolor persistente, entumecimiento u hormigueo en las extremidades. Las opciones de tratamiento van desde los ajustes quiropr\u00e1cticos a la fisioterapia y, en casos graves, la intervenci\u00f3n quir\u00fargica. Abordar el dolor de espalda con prontitud es esencial para evitar complicaciones a largo plazo. En Hurt 911 Colorado Injury Centers, nos dedicamos a proporcionar una atenci\u00f3n integral para estas lesiones y m\u00e1s. Nuestro equipo trabaja estrechamente con usted para desarrollar un plan de tratamiento personalizado que promueva la curaci\u00f3n y le ayude a recuperar su calidad de vida. Si usted ha estado involucrado en un accidente de coche, no dude en buscar la atenci\u00f3n que necesita para recuperarse por completo.<\/p>\n<h2>Atenci\u00f3n especializada para accidentes con veh\u00edculos compartidos<\/h2>\n<h3>M\u00e9dico de accidentes de Uber: Atenci\u00f3n experta para lesiones de viajes compartidos<\/h3>\n<p>En Hurt 911 Colorado Injury Centers, entendemos que los accidentes de transporte compartido pueden conducir a desaf\u00edos \u00fanicos para las v\u00edctimas. Nuestros m\u00e9dicos de accidentes automovil\u00edsticos se especializan en el diagn\u00f3stico y tratamiento de lesiones por accidentes de Uber. Si usted est\u00e1 experimentando latigazo cervical, dolor de espalda, o lesiones de tejidos blandos, nuestro equipo est\u00e1 equipado para proporcionar la atenci\u00f3n integral que necesita. Nos enfocamos en ofrecer planes de tratamiento personalizados que abordan sus lesiones espec\u00edficas y lo ayudan a recuperar su fuerza y movilidad.<\/p>\n<h3>Quiropr\u00e1ctico Accidente Lyft: Tratamientos quiropr\u00e1cticos a medida<\/h3>\n<p>Si usted ha estado involucrado en un accidente de Lyft, nuestros quiropr\u00e1cticos dedicados est\u00e1n aqu\u00ed para ayudarle. Utilizamos t\u00e9cnicas quiropr\u00e1cticas avanzadas para aliviar el dolor y reducir la inflamaci\u00f3n causada por sus lesiones. Nuestro enfoque no es de talla \u00fanica, personalizamos cada plan de tratamiento basado en sus s\u00edntomas individuales y los objetivos de recuperaci\u00f3n. Con un \u00e9nfasis en la curaci\u00f3n hol\u00edstica, nuestros quiropr\u00e1cticos accidente Lyft trabajar diligentemente para restaurar su bienestar f\u00edsico y mejorar su calidad de vida despu\u00e9s de un accidente. En Hurt 911, damos prioridad a su recuperaci\u00f3n y nuestro objetivo es proporcionar el m\u00e1s alto nivel de atenci\u00f3n para todas las lesiones por accidente de viaje compartido. Su salud y bienestar son nuestras principales preocupaciones, y estamos comprometidos a ayudarle a navegar el proceso de recuperaci\u00f3n con experiencia y compasi\u00f3n.<\/p>\n<h2>Servicios de diagn\u00f3stico y tratamiento<\/h2>\n<p><img decoding=\"async\" class=\"alignnone wp-image-3539 size-full\" src=\"https:\/\/1800hurt911co.com\/wp-content\/uploads\/2024\/09\/uber-accident-treatment.webp\" alt=\"Uber Accident Treatment in Aurora, Colorado\" width=\"500\" height=\"334\" srcset=\"https:\/\/1800hurt911co.com\/wp-content\/uploads\/2024\/09\/uber-accident-treatment.webp 500w, https:\/\/1800hurt911co.com\/wp-content\/uploads\/2024\/09\/uber-accident-treatment-300x200.webp 300w\" sizes=\"(max-width: 500px) 100vw, 500px\" \/><\/p>\n<p>En Hurt 911 Colorado Injury Centers, ofrecemos una gama completa de servicios de diagn\u00f3stico y tratamiento para hacer frente a las lesiones sufridas en accidentes. Nuestro objetivo es proporcionarle la mejor atenci\u00f3n posible para facilitar su recuperaci\u00f3n.<\/p>\n<h3>Servicios de diagn\u00f3stico: Rayos X y resonancias magn\u00e9ticas<\/h3>\n<p>Comprender la naturaleza de sus lesiones es fundamental. Utilizamos herramientas de diagn\u00f3stico avanzadas como radiograf\u00edas y resonancias magn\u00e9ticas para evaluar con precisi\u00f3n su estado. Estos servicios nos ayudan a identificar fracturas, da\u00f1os en los tejidos blandos y otras lesiones que pueden no ser evidentes de inmediato. Una evaluaci\u00f3n exhaustiva de la lesi\u00f3n garantiza que reciba el plan de tratamiento adecuado adaptado a sus necesidades.<\/p>\n<h3>Fisioterapia: Planes de rehabilitaci\u00f3n personalizados<\/h3>\n<p>La recuperaci\u00f3n de un accidente de Uber a menudo requiere terapia f\u00edsica. Nuestros servicios de fisioterapia por accidente de coche est\u00e1n dise\u00f1ados para ayudarle a recuperar la fuerza, la flexibilidad y la movilidad. Cada plan de rehabilitaci\u00f3n es personalizado para hacer frente a sus lesiones espec\u00edficas y objetivos de recuperaci\u00f3n. Nuestros terapeutas expertos trabajan estrechamente con usted para promover la curaci\u00f3n y mejorar su funci\u00f3n general.<\/p>\n<h3>Cuidado Quiropr\u00e1ctico: Aliviar el dolor y promover la curaci\u00f3n<\/h3>\n<p>El cuidado quiropr\u00e1ctico es un componente vital de nuestro enfoque de tratamiento. Nuestros quiropr\u00e1cticos se centran en aliviar el dolor y promover la curaci\u00f3n a trav\u00e9s de t\u00e9cnicas pr\u00e1cticas. Si usted est\u00e1 tratando con latigazo cervical, dolor de espalda, u otros problemas musculoesquel\u00e9ticos, nuestros servicios quiropr\u00e1cticos tienen como objetivo restaurar la alineaci\u00f3n natural de su cuerpo y la funci\u00f3n. Damos prioridad a su comodidad y bienestar, asegurando que usted reciba una atenci\u00f3n eficaz a lo largo de su viaje de recuperaci\u00f3n.<\/p>\n<h2>Pasos inmediatos tras un accidente de Uber<\/h2>\n<p>Sufrir un accidente de coche puede ser abrumador. Es crucial saber qu\u00e9 hacer inmediatamente despu\u00e9s del suceso para proteger su salud y sus derechos. Aqu\u00ed est\u00e1n los pasos esenciales que debe tomar:<\/p>\n<h3>Cu\u00e1ndo buscar atenci\u00f3n m\u00e9dica<\/h3>\n<p>Si usted est\u00e1 involucrado en un accidente de coche, su salud debe ser su m\u00e1xima prioridad. Incluso si se siente bien, algunas lesiones pueden no mostrar s\u00edntomas de inmediato. Por ejemplo, el latigazo cervical y las lesiones de tejidos blandos pueden aparecer horas o incluso d\u00edas despu\u00e9s del incidente. Si experimenta alg\u00fan dolor, molestia o s\u00edntoma inusual, busque atenci\u00f3n m\u00e9dica de inmediato. Visitar una cl\u00ednica de lesiones por accidente como los Centros de Lesiones Hurt 911 Colorado le asegura recibir una evaluaci\u00f3n m\u00e9dica completa y un tratamiento adecuado para cualquier lesi\u00f3n potencial.<\/p>\n<h3>La Importancia de Diagn\u00f3stico y Tratamiento Temprano<\/h3>\n<p>El diagn\u00f3stico precoz es vital para una recuperaci\u00f3n exitosa. Abordar las lesiones poco despu\u00e9s de un accidente puede prevenir complicaciones y promover una mejor curaci\u00f3n. En nuestras instalaciones de Aurora, utilizamos servicios integrales de diagn\u00f3stico, incluyendo radiograf\u00edas y resonancias magn\u00e9ticas, para identificar las lesiones con precisi\u00f3n. Nuestro equipo de m\u00e9dicos con experiencia en accidentes crear\u00e1 un plan de tratamiento personalizado adaptado a sus necesidades espec\u00edficas, ayud\u00e1ndole a recuperarse m\u00e1s r\u00e1pido y volver a sus actividades diarias. Tomando estas medidas inmediatas no s\u00f3lo ayuda en su recuperaci\u00f3n f\u00edsica, sino que tambi\u00e9n fortalece su caso de compensaci\u00f3n cuando se trata de compa\u00f1\u00edas de seguros. No espere, act\u00fae con rapidez para proteger su salud y sus derechos.<\/p>\n<h2>Nuestro enfoque: Ayuda m\u00e9dica y jur\u00eddica<\/h2>\n<p><img decoding=\"async\" class=\"alignnone wp-image-3536 size-full\" src=\"https:\/\/1800hurt911co.com\/wp-content\/uploads\/2024\/09\/uber-accident-lawyer-hurt911-colorado.webp\" alt=\"Aurora Uber Accident Lawyer\" width=\"500\" height=\"334\" srcset=\"https:\/\/1800hurt911co.com\/wp-content\/uploads\/2024\/09\/uber-accident-lawyer-hurt911-colorado.webp 500w, https:\/\/1800hurt911co.com\/wp-content\/uploads\/2024\/09\/uber-accident-lawyer-hurt911-colorado-300x200.webp 300w\" sizes=\"(max-width: 500px) 100vw, 500px\" \/><\/p>\n<p>En Hurt 911 Colorado Injury Centers, nuestro equipo m\u00e9dico se dedica a proporcionar atenci\u00f3n de primera clase para las v\u00edctimas de accidentes. Nuestros experimentados m\u00e9dicos de accidentes y quiropr\u00e1cticos aportan una riqueza de conocimientos y experiencia a su proceso de recuperaci\u00f3n. Ellos entienden los matices de las lesiones sufridas en accidentes de tr\u00e1fico, incluidos los relacionados con accidentes de viaje compartido. Nuestro enfoque del tratamiento es integral. Creemos en un modelo de colaboraci\u00f3n que integra tanto la experiencia m\u00e9dica y legal. Esto significa que mientras usted recibe atenci\u00f3n m\u00e9dica de alta calidad, nuestro equipo tambi\u00e9n considera los aspectos legales de su caso. Este doble enfoque ayuda a asegurar que usted reciba la compensaci\u00f3n que se merece, mientras que tambi\u00e9n se ocupa de su salud f\u00edsica. Cada miembro de nuestro equipo se compromete a crear un ambiente de apoyo para nuestros clientes. Damos prioridad a la comunicaci\u00f3n abierta, por lo que siempre sabe qu\u00e9 esperar durante su viaje de recuperaci\u00f3n. Nuestro objetivo es facilitar un proceso fluido desde el diagn\u00f3stico hasta la rehabilitaci\u00f3n, asegurando que cada aspecto de su atenci\u00f3n se maneja con profesionalidad y compasi\u00f3n. Al elegir Hurt 911, usted no s\u00f3lo est\u00e1 recibiendo tratamiento m\u00e9dico; usted est\u00e1 ganando un socio en su recuperaci\u00f3n. Trabajamos incansablemente para proporcionar los mejores resultados posibles a nuestros clientes, tanto en t\u00e9rminos de salud como de compensaci\u00f3n econ\u00f3mica. Su bienestar es nuestra principal preocupaci\u00f3n, y estamos aqu\u00ed para guiarle en cada paso del camino.<\/p>\n<h2>Transporte gratuito y accesibilidad<\/h2>\n<p>En los Centros de Lesiones Hurt 911 Colorado, entendemos que el acceso a la atenci\u00f3n m\u00e9dica despu\u00e9s de un accidente puede ser un reto, especialmente cuando se trata de lidiar con el dolor y el estr\u00e9s financiero. Es por eso que ofrecemos servicios de transporte gratuito desde y hacia nuestras cl\u00ednicas. Esto asegura que usted puede recibir la atenci\u00f3n necesaria sin la carga a\u00f1adida de los costes de transporte. Nuestro equipo dedicado se compromete a proporcionarle un acceso sin problemas a nuestros servicios integrales. Ya sea que necesite visitar a un m\u00e9dico de accidentes Uber o a un quiropr\u00e1ctico de accidentes Lyft, hacemos que sea f\u00e1cil para usted obtener el tratamiento que se merece. Con nuestro transporte gratuito, puede centrarse en su recuperaci\u00f3n sin preocuparse de c\u00f3mo llegar a sus citas. Estamos orgullosos de servir a m\u00faltiples ubicaciones en toda el \u00e1rea metropolitana de Denver. Esto significa que puede encontrar una cl\u00ednica de accidentes de Aurora o un centro cercano que se adapte a sus necesidades. Nuestro compromiso con la accesibilidad refleja nuestro objetivo de proporcionar una atenci\u00f3n excepcional a todas las v\u00edctimas de accidentes. No deje que los problemas de transporte obstaculicen su recuperaci\u00f3n. P\u00f3ngase en contacto con nosotros hoy mismo para obtener m\u00e1s informaci\u00f3n sobre nuestros servicios de transporte gratuitos y sobre c\u00f3mo podemos ayudarle en su camino hacia la curaci\u00f3n.<\/p>\n<h2>Contacte con los Centros de Lesiones Hurt 911 Colorado<\/h2>\n<p><img loading=\"lazy\" decoding=\"async\" class=\"alignnone wp-image-2064\" src=\"https:\/\/1800hurt911co.com\/wp-content\/uploads\/2020\/12\/banner-bg1-copy-1024x254.webp\" alt=\"Hurt911 Logo\" width=\"500\" height=\"124\" srcset=\"https:\/\/1800hurt911co.com\/wp-content\/uploads\/2020\/12\/banner-bg1-copy-1024x254.webp 1024w, https:\/\/1800hurt911co.com\/wp-content\/uploads\/2020\/12\/banner-bg1-copy-300x75.webp 300w, https:\/\/1800hurt911co.com\/wp-content\/uploads\/2020\/12\/banner-bg1-copy-768x191.webp 768w, https:\/\/1800hurt911co.com\/wp-content\/uploads\/2020\/12\/banner-bg1-copy-1536x382.webp 1536w, https:\/\/1800hurt911co.com\/wp-content\/uploads\/2020\/12\/banner-bg1-copy.webp 1920w\" sizes=\"(max-width: 500px) 100vw, 500px\" \/><\/p>\n<h3>Programe su cita hoy<\/h3>\n<p>En Hurt 911 Colorado Injury Centers, entendemos los desaf\u00edos que usted enfrenta despu\u00e9s de un accidente de viaje compartido. Su recuperaci\u00f3n es nuestra prioridad. Ofrecemos una gama de servicios dise\u00f1ados para ayudarle a curar f\u00edsicamente y asegurar la compensaci\u00f3n que usted merece. Llegar es el primer paso para recuperar su vida. Nuestro equipo est\u00e1 preparado para ayudarle con una atenci\u00f3n personalizada adaptada a sus necesidades espec\u00edficas. Tanto si necesita atenci\u00f3n m\u00e9dica inmediata como asesoramiento jur\u00eddico, estamos aqu\u00ed para usted. Ll\u00e1menos o visite nuestro sitio web para reservar su cita. Ofrecemos horarios flexibles para acomodar su vida ocupada.<\/p>\n<h3>Nuestro compromiso con su recuperaci\u00f3n y compensaci\u00f3n<\/h3>\n<p>Nuestro compromiso va m\u00e1s all\u00e1 del tratamiento m\u00e9dico. Nos esforzamos por proporcionar un apoyo integral a lo largo de su viaje de recuperaci\u00f3n. Nuestro personal experimentado le guiar\u00e1 a trav\u00e9s del proceso, asegur\u00e1ndose de que reciba la mejor atenci\u00f3n y representaci\u00f3n. Estamos dedicados a defender sus derechos y ayudarle a navegar por las complejidades de las reclamaciones de seguros y asuntos legales. Su bienestar es nuestro principal objetivo, y estamos aqu\u00ed para ayudarle en cada paso del camino.<\/p>\n","protected":false},"excerpt":{"rendered":"<p>Tratamiento de accidentes Uber en Aurora, CO En Hurt 911 Colorado Injury Centers, nos especializamos en la atenci\u00f3n integral de accidentes de Uber. Nuestro equipo dedicado se compromete a proporcionar tratamiento m\u00e9dico efectivo y apoyo para ayudarlo a recuperarse f\u00edsica y financieramente. Entendemos los desaf\u00edos que enfrenta despu\u00e9s de un accidente de Uber o Lyft, [&hellip;]<\/p>\n","protected":false},"author":6,"featured_media":0,"parent":4189,"menu_order":0,"comment_status":"closed","ping_status":"closed","template":"","meta":{"_acf_changed":false,"footnotes":""},"class_list":["post-4222","page","type-page","status-publish","hentry"],"acf":[],"_links":{"self":[{"href":"https:\/\/1800hurt911co.com\/es\/wp-json\/wp\/v2\/pages\/4222","targetHints":{"allow":["GET"]}}],"collection":[{"href":"https:\/\/1800hurt911co.com\/es\/wp-json\/wp\/v2\/pages"}],"about":[{"href":"https:\/\/1800hurt911co.com\/es\/wp-json\/wp\/v2\/types\/page"}],"author":[{"embeddable":true,"href":"https:\/\/1800hurt911co.com\/es\/wp-json\/wp\/v2\/users\/6"}],"replies":[{"embeddable":true,"href":"https:\/\/1800hurt911co.com\/es\/wp-json\/wp\/v2\/comments?post=4222"}],"version-history":[{"count":2,"href":"https:\/\/1800hurt911co.com\/es\/wp-json\/wp\/v2\/pages\/4222\/revisions"}],"predecessor-version":[{"id":4224,"href":"https:\/\/1800hurt911co.com\/es\/wp-json\/wp\/v2\/pages\/4222\/revisions\/4224"}],"up":[{"embeddable":true,"href":"https:\/\/1800hurt911co.com\/es\/wp-json\/wp\/v2\/pages\/4189"}],"wp:attachment":[{"href":"https:\/\/1800hurt911co.com\/es\/wp-json\/wp\/v2\/media?parent=4222"}],"curies":[{"name":"wp","href":"https:\/\/api.w.org\/{rel}","templated":true}]}}