{"id":4225,"date":"2024-09-18T09:54:54","date_gmt":"2024-09-18T13:54:54","guid":{"rendered":"https:\/\/1800hurt911co.com\/aurora\/aurora-doctor-latigazo-cervical\/"},"modified":"2024-09-28T09:09:24","modified_gmt":"2024-09-28T15:09:24","slug":"aurora-doctor-latigazo-cervical","status":"publish","type":"page","link":"https:\/\/1800hurt911co.com\/es\/aurora\/aurora-doctor-latigazo-cervical\/","title":{"rendered":"Aurora Doctor latigazo cervical"},"content":{"rendered":"<h2>Entender el latigazo cervical y su impacto<\/h2>\n<p>El latigazo cervical es una lesi\u00f3n frecuente en los accidentes de tr\u00e1fico, sobre todo en las colisiones por alcance. Se produce cuando la cabeza es empujada repentinamente hacia atr\u00e1s y luego hacia delante, forzando los m\u00fasculos y ligamentos del cuello. Este movimiento r\u00e1pido puede provocar una serie de lesiones que afectan a los tejidos blandos del cuello y la parte superior de la espalda. El impacto del latigazo cervical puede ir m\u00e1s all\u00e1 del dolor f\u00edsico. Muchas personas experimentan angustia emocional e interrupciones en la vida diaria debido a los s\u00edntomas persistentes. Estos pueden incluir dolor de cuello, dolores de cabeza, mareos e incluso problemas neurol\u00f3gicos. Entender el latigazo cervical es esencial para reconocer sus efectos potenciales sobre su salud y bienestar general. Tras un accidente de tr\u00e1fico, es fundamental ser consciente de los signos del latigazo cervical y buscar atenci\u00f3n m\u00e9dica inmediata. La intervenci\u00f3n temprana puede influir significativamente en el proceso de recuperaci\u00f3n. En Hurt 911 Colorado Injury Centers, nuestro experimentado equipo, que incluye m\u00e9dicos y enfermeras profesionales, se dedica a ayudarle a navegar su camino hacia la recuperaci\u00f3n y recuperar el control sobre su salud. Proporcionamos evaluaciones exhaustivas y planes de tratamiento personalizados para abordar sus necesidades espec\u00edficas. Nuestros profesionales m\u00e9dicos tambi\u00e9n son expertos en el diagn\u00f3stico de diversas lesiones, incluida la lesi\u00f3n cerebral traum\u00e1tica, para garantizar que reciba la mejor atenci\u00f3n posible.<\/p>\n<h3>Causas y s\u00edntomas del dolor de cuello<\/h3>\n<p>El dolor de cuello es un s\u00edntoma frecuente asociado a las lesiones por latigazo cervical, sobre todo tras un accidente de coche u otras formas de traumatismo f\u00edsico. El r\u00e1pido movimiento de la cabeza y el cuello durante este tipo de incidentes puede tensar los tejidos blandos y provocar molestias y dolores importantes.<\/p>\n<h2>Por qu\u00e9 es crucial un tratamiento inmediato<\/h2>\n<p><img fetchpriority=\"high\" decoding=\"async\" class=\"alignnone wp-image-2230 size-full\" src=\"https:\/\/1800hurt911co.com\/wp-content\/uploads\/2020\/12\/hurt911-co-abput-us.webp\" alt=\"A young woman with whiplash from a car accident\" width=\"500\" height=\"334\" srcset=\"https:\/\/1800hurt911co.com\/wp-content\/uploads\/2020\/12\/hurt911-co-abput-us.webp 500w, https:\/\/1800hurt911co.com\/wp-content\/uploads\/2020\/12\/hurt911-co-abput-us-300x200.webp 300w\" sizes=\"(max-width: 500px) 100vw, 500px\" \/><\/p>\n<p>Acudir r\u00e1pidamente a tratamiento tras sufrir una lesi\u00f3n por latigazo cervical es esencial por varias razones. En primer lugar, el diagn\u00f3stico precoz permite una evaluaci\u00f3n precisa de la lesi\u00f3n. Cuando usted visita a un m\u00e9dico de Aurora latigazo cervical poco despu\u00e9s de su accidente, pueden identificar el alcance de sus lesiones y crear un plan de tratamiento eficaz adaptado a sus necesidades. Este enfoque proactivo ayuda a mitigar el riesgo de complicaciones posteriores. Retrasar el tratamiento puede empeorar los s\u00edntomas. El latigazo cervical puede parecer leve al principio, pero sin la atenci\u00f3n adecuada puede convertirse en dolor y molestias m\u00e1s graves. S\u00edntomas comunes como el dolor de cuello, la rigidez y los dolores de cabeza pueden intensificarse y dificultar las actividades cotidianas. Una intervenci\u00f3n temprana puede reducir significativamente estos s\u00edntomas y facilitar el proceso de recuperaci\u00f3n. Adem\u00e1s, el latigazo cervical no tratado puede tener efectos a largo plazo. Muchas personas pueden experimentar dolor persistente o problemas cr\u00f3nicos que pueden afectar a su calidad de vida. El dolor del latigazo cervical, si no se trata con prontitud, tiene el potencial de convertirse en cr\u00f3nico, dando lugar a s\u00edntomas debilitantes que requieren tratamiento especializado. Al tratar las lesiones por latigazo cervical con prontitud, se minimizan las posibilidades de desarrollar dolor cr\u00f3nico u otras complicaciones que podr\u00edan surgir meses o incluso a\u00f1os despu\u00e9s. En resumen, el tratamiento inmediato del latigazo cervical no s\u00f3lo ayuda a una recuperaci\u00f3n m\u00e1s r\u00e1pida, sino que tambi\u00e9n protege contra posibles consecuencias a largo plazo. Si usted ha estado involucrado en un accidente automovil\u00edstico, no dude en consultar a un m\u00e9dico de latigazo cervical Aurora en Hurt 911 Colorado Injury Centers. Su salud y bienestar son nuestras principales prioridades, y estamos aqu\u00ed para guiarle a trav\u00e9s del viaje de recuperaci\u00f3n.<\/p>\n<h2>Tratamiento completo del latigazo cervical en los Centros de lesiones Hurt 911 Colorado<\/h2>\n<p><img decoding=\"async\" class=\"alignnone wp-image-2153 size-full\" src=\"https:\/\/1800hurt911co.com\/wp-content\/uploads\/2024\/08\/chiropractic-care.webp\" alt=\"A woman receives help from an Aurora Whiplash Doctor\" width=\"500\" height=\"333\" srcset=\"https:\/\/1800hurt911co.com\/wp-content\/uploads\/2024\/08\/chiropractic-care.webp 500w, https:\/\/1800hurt911co.com\/wp-content\/uploads\/2024\/08\/chiropractic-care-300x200.webp 300w\" sizes=\"(max-width: 500px) 100vw, 500px\" \/><\/p>\n<p>En Hurt 911 Colorado Injury Centers, damos prioridad a su recuperaci\u00f3n de latigazo cervical despu\u00e9s de un accidente automovil\u00edstico. Nuestro enfoque es exhaustivo y centrado en la entrega de un tratamiento eficaz adaptado a sus necesidades espec\u00edficas. Entendemos que cada lesi\u00f3n es \u00fanica, y estamos comprometidos a proporcionar una atenci\u00f3n personalizada que se ocupa de su dolor y promueve la curaci\u00f3n. Este enfoque de tratamiento integral incluye el tratamiento de lesiones tales como fracturas de huesos, incluso si no son inmediatamente evidentes despu\u00e9s de un accidente.<\/p>\n<h3>Nuestro enfoque para el tratamiento del latigazo cervical<\/h3>\n<p>Nuestro tratamiento comienza con una evaluaci\u00f3n exhaustiva realizada por m\u00e9dicos para comprender el alcance de sus lesiones. Utilizamos herramientas de diagn\u00f3stico avanzadas para evaluar su estado con precisi\u00f3n. Esto nos permite crear un plan de tratamiento personalizado que se centra en aliviar su dolor y restaurar su funci\u00f3n.<\/p>\n<h3>Servicios de diagn\u00f3stico: Rayos X, resonancia magn\u00e9tica y TAC<\/h3>\n<p>Ofrecemos una amplia gama de servicios de diagn\u00f3stico, incluyendo radiograf\u00edas, resonancias magn\u00e9ticas y tomograf\u00edas computarizadas. Estas pruebas son esenciales para identificar lesiones de tejidos blandos y problemas de columna vertebral relacionados con el latigazo cervical. Al diagnosticar con precisi\u00f3n su condici\u00f3n, podemos asegurar que usted reciba las opciones de tratamiento m\u00e1s eficaces disponibles.<\/p>\n<h3>Cuidado quiropr\u00e1ctico para el latigazo cervical<\/h3>\n<p>Nuestros quiropr\u00e1cticos experimentados se especializan en el tratamiento del latigazo cervical. A trav\u00e9s de ajustes quiropr\u00e1cticos, nuestro objetivo es aliviar el dolor, restaurar la movilidad, y mejorar el bienestar general. Nuestro objetivo es ayudarle a recuperarse sin depender de medicamentos para el dolor, la promoci\u00f3n de un proceso de curaci\u00f3n natural.<\/p>\n<h3>Servicios de fisioterapia y rehabilitaci\u00f3n<\/h3>\n<p>Adem\u00e1s de la atenci\u00f3n quiropr\u00e1ctica, ofrecemos servicios de fisioterapia y rehabilitaci\u00f3n dise\u00f1ados para fortalecer los m\u00fasculos y mejorar su rango de movimiento. Nuestros fisioterapeutas Aurora trabajar en estrecha colaboraci\u00f3n con usted para desarrollar un programa de rehabilitaci\u00f3n personalizado que apoye sus objetivos de recuperaci\u00f3n. Si usted est\u00e1 tratando con el dolor persistente o la b\u00fasqueda de recuperar la funci\u00f3n completa, nuestro equipo est\u00e1 aqu\u00ed para apoyarle en cada paso del camino. En los Centros de Lesiones Hurt 911 Colorado, nuestro tratamiento integral de latigazo cervical est\u00e1 dise\u00f1ado para ayudarle a recuperarse r\u00e1pida y eficazmente. No deje que las lesiones por latigazo cervical le frenen. P\u00f3ngase en contacto con nosotros hoy para comenzar su viaje hacia la curaci\u00f3n.<\/p>\n<h2>Atenci\u00f3n especializada para v\u00edctimas de accidentes de tr\u00e1fico<\/h2>\n<p><img decoding=\"async\" class=\"alignnone wp-image-2530 size-full\" src=\"https:\/\/1800hurt911co.com\/wp-content\/uploads\/2024\/09\/shutterstock_2463526161.webp\" alt=\"A woman suffering from whiplash after an accident\" width=\"500\" height=\"264\" srcset=\"https:\/\/1800hurt911co.com\/wp-content\/uploads\/2024\/09\/shutterstock_2463526161.webp 500w, https:\/\/1800hurt911co.com\/wp-content\/uploads\/2024\/09\/shutterstock_2463526161-300x158.webp 300w\" sizes=\"(max-width: 500px) 100vw, 500px\" \/><\/p>\n<p>Los accidentes de coche son una de las principales causas de lesiones por latigazo cervical. Cuando un veh\u00edculo es golpeado por detr\u00e1s o se ve implicado en una colisi\u00f3n, la sacudida repentina puede hacer que el cuello se mueva r\u00e1pidamente hacia delante y hacia atr\u00e1s. Este movimiento puede tensar los tejidos blandos del cuello y provocar s\u00edntomas dolorosos. En Hurt 911 Colorado Injury Centers, entendemos los desaf\u00edos \u00fanicos que enfrentan las v\u00edctimas de accidentes automovil\u00edsticos. Nuestra atenci\u00f3n especializada se centra en abordar las necesidades espec\u00edficas de aquellos que han sufrido latigazo cervical por accidentes de coche. Adem\u00e1s de los accidentes de coche, tambi\u00e9n tratamos una variedad de otros incidentes que pueden resultar en latigazo cervical. Si usted ha estado involucrado en un accidente de motocicleta, un resbal\u00f3n y ca\u00edda, o cualquier otro tipo de incidente, nuestro equipo est\u00e1 equipado para proporcionar una atenci\u00f3n integral. Nuestro objetivo es aliviar el dolor y restaurar la funci\u00f3n, sin importar el origen de su lesi\u00f3n. Para facilitar su recuperaci\u00f3n, ofrecemos servicios de transporte gratuitos a las v\u00edctimas de accidentes. Sabemos que la gesti\u00f3n de las citas m\u00e9dicas puede ser estresante, especialmente cuando se trata de dolor y malestar. Al proporcionar transporte gratuito, ayudamos a eliminar algunas de las cargas asociadas con la b\u00fasqueda de tratamiento. Nuestro objetivo es asegurarnos de que reciba la atenci\u00f3n que necesita sin estr\u00e9s a\u00f1adido. En Hurt 911 Colorado Injury Centers, nos dedicamos a ayudar a las v\u00edctimas de accidentes de coche a navegar por su recuperaci\u00f3n. Nuestro equipo experimentado est\u00e1 aqu\u00ed para apoyarle en cada paso del camino, asegur\u00e1ndose de que reciba la atenci\u00f3n especializada necesaria para una recuperaci\u00f3n exitosa.<\/p>\n<h2>\u00bfPor qu\u00e9 elegir el Centro de Lesiones Hurt 911 Colorado?<\/h2>\n<p><img loading=\"lazy\" decoding=\"async\" class=\"alignnone wp-image-2548 size-full\" src=\"https:\/\/1800hurt911co.com\/wp-content\/uploads\/2024\/09\/shutterstock_1805310178.webp\" alt=\"An Aurora Whiplash Doctor points to a model spine\" width=\"500\" height=\"334\" srcset=\"https:\/\/1800hurt911co.com\/wp-content\/uploads\/2024\/09\/shutterstock_1805310178.webp 500w, https:\/\/1800hurt911co.com\/wp-content\/uploads\/2024\/09\/shutterstock_1805310178-300x200.webp 300w\" sizes=\"(max-width: 500px) 100vw, 500px\" \/><\/p>\n<p>Cuando se trata de la gesti\u00f3n de lesiones de latigazo cervical, Hurt 911 Colorado Injury Centers se destaca por varias razones. Nuestro compromiso con la atenci\u00f3n al paciente es evidente en todos los aspectos de nuestra pr\u00e1ctica.<\/p>\n<h3>Reconocidos por su excelencia en la gesti\u00f3n de lesiones personales<\/h3>\n<p>Nuestros centros se han ganado una s\u00f3lida reputaci\u00f3n en el manejo eficaz de casos de lesiones personales. Entendemos los retos a los que se enfrentan las v\u00edctimas de accidentes de tr\u00e1fico y tenemos un historial probado de resultados satisfactorios. Nuestro equipo se dedica a proporcionar atenci\u00f3n m\u00e9dica y apoyo legal de alta calidad, asegurando que usted reciba la compensaci\u00f3n que merece.<\/p>\n<h3>Planes de tratamiento a medida para una recuperaci\u00f3n \u00f3ptima<\/h3>\n<p>En Hurt 911, reconocemos que cada lesi\u00f3n es diferente. Por eso desarrollamos planes de tratamiento personalizados que abordan sus necesidades espec\u00edficas. Nuestros experimentados quiropr\u00e1cticos y fisioterapeutas trabajan juntos para crear un enfoque integral para su recuperaci\u00f3n. Esto asegura que su tratamiento se centra en el alivio del dolor y promueve la curaci\u00f3n, lo que le permite volver a su vida diaria tan pronto como sea posible.<\/p>\n<h3>Ubicaciones convenientes en toda el \u00e1rea metropolitana de Denver<\/h3>\n<p>La accesibilidad es clave cuando usted est\u00e1 tratando con las secuelas de un accidente. Hurt 911 tiene m\u00faltiples ubicaciones en toda el \u00e1rea metropolitana de Denver, por lo que es f\u00e1cil para usted acceder a nuestros servicios. Tambi\u00e9n ofrecemos transporte gratuito hacia y desde nuestros centros, eliminando cualquier barrera para recibir la atenci\u00f3n que necesita. Su recuperaci\u00f3n es nuestra prioridad, y estamos aqu\u00ed para apoyarle en cada paso del camino.<\/p>\n<h2>C\u00f3mo empezar su recuperaci\u00f3n<\/h2>\n<p><img loading=\"lazy\" decoding=\"async\" class=\"alignnone wp-image-2553 size-full\" src=\"https:\/\/1800hurt911co.com\/wp-content\/uploads\/2024\/09\/shutterstock_2472674703.webp\" alt=\"An Aurora Whiplash Doctor speaks with an older male client\" width=\"500\" height=\"339\" srcset=\"https:\/\/1800hurt911co.com\/wp-content\/uploads\/2024\/09\/shutterstock_2472674703.webp 500w, https:\/\/1800hurt911co.com\/wp-content\/uploads\/2024\/09\/shutterstock_2472674703-300x203.webp 300w\" sizes=\"(max-width: 500px) 100vw, 500px\" \/><\/p>\n<h3>C\u00f3mo concertar su primera cita<\/h3>\n<p>Tomar el primer paso hacia la recuperaci\u00f3n es esencial despu\u00e9s de experimentar el latigazo cervical. En Hurt 911 Colorado Injury Centers, hacemos que la programaci\u00f3n de su primera cita sea sencilla. Puede llamar a nuestra oficina directamente o utilizar nuestro sistema de reservas en l\u00ednea. Nuestro amable personal le guiar\u00e1 a trav\u00e9s del proceso, asegur\u00e1ndose de que encuentre un momento conveniente que se adapte a su horario. Entendemos que lidiar con el dolor y el estr\u00e9s puede ser abrumador, por lo que nos esforzamos para que este paso inicial sea lo m\u00e1s f\u00e1cil posible.<\/p>\n<h3>Qu\u00e9 esperar durante su visita<\/h3>\n<p>Durante su primera visita, nuestro experimentado equipo llevar\u00e1 a cabo una evaluaci\u00f3n exhaustiva para entender mejor su condici\u00f3n. Esperar una evaluaci\u00f3n exhaustiva que incluye la discusi\u00f3n de sus s\u00edntomas, historial m\u00e9dico, y cualquier tratamiento previo. Si es necesario, realizaremos pruebas diagn\u00f3sticas, como radiograf\u00edas o resonancias magn\u00e9ticas. Esto nos ayuda a crear una imagen clara de sus lesiones y desarrollar un plan de tratamiento personalizado. Nuestro objetivo es ofrecerle un ambiente de apoyo donde usted puede sentirse c\u00f3modo discutiendo sus preocupaciones.<\/p>\n<h2>Contacte con nosotros<\/h2>\n<p><img loading=\"lazy\" decoding=\"async\" class=\"alignnone wp-image-2064\" src=\"https:\/\/1800hurt911co.com\/wp-content\/uploads\/2020\/12\/banner-bg1-copy-1024x254.webp\" alt=\"HURT911\" width=\"500\" height=\"124\" srcset=\"https:\/\/1800hurt911co.com\/wp-content\/uploads\/2020\/12\/banner-bg1-copy-1024x254.webp 1024w, https:\/\/1800hurt911co.com\/wp-content\/uploads\/2020\/12\/banner-bg1-copy-300x75.webp 300w, https:\/\/1800hurt911co.com\/wp-content\/uploads\/2020\/12\/banner-bg1-copy-768x191.webp 768w, https:\/\/1800hurt911co.com\/wp-content\/uploads\/2020\/12\/banner-bg1-copy-1536x382.webp 1536w, https:\/\/1800hurt911co.com\/wp-content\/uploads\/2020\/12\/banner-bg1-copy.webp 1920w\" sizes=\"(max-width: 500px) 100vw, 500px\" \/><\/p>\n<p>En <a href=\"\/es\/\">Hurt 911 Colorado Injury Centers<\/a>, damos prioridad a su recuperaci\u00f3n y bienestar. Si usted est\u00e1 tratando con el latigazo cervical o cualquier lesi\u00f3n de un accidente de coche, no dude en ponerse en contacto. Nuestro equipo dedicado est\u00e1 aqu\u00ed para apoyarle en cada paso del camino.<\/p>\n<h3>Solicite una consulta<\/h3>\n<p>Puede ponerse en contacto con nosotros f\u00e1cilmente para programar una consulta. Nuestro personal est\u00e1 dispuesto a escuchar sus preocupaciones y proporcionar la informaci\u00f3n que necesita. Entendemos que navegar por las secuelas de un accidente puede ser abrumador. Es por eso que nos esforzamos por hacer el proceso lo m\u00e1s sencillo posible. Ll\u00e1menos o rellene nuestro formulario en l\u00ednea para dar el primer paso hacia la curaci\u00f3n.<\/p>\n<h3>Ubicaciones y Horarios<\/h3>\n<p>Tenemos m\u00faltiples ubicaciones en todo el \u00e1rea metropolitana de Denver, incluyendo Aurora, para servirle mejor. Nuestras oficinas est\u00e1n abiertas durante horas convenientes para acomodar su horario. Si usted necesita visitarnos despu\u00e9s del trabajo o en el fin de semana, nuestro objetivo es proporcionar flexibilidad para nuestros clientes.<\/p>\n<h3>Servicios gratuitos de transporte para pacientes<\/h3>\n<p>Para ayudar a\u00fan m\u00e1s a quienes puedan tener dificultades para llegar a nuestras cl\u00ednicas, ofrecemos servicios de transporte gratuitos. Esto garantiza que pueda acceder a la atenci\u00f3n m\u00e9dica que necesita sin estr\u00e9s a\u00f1adido por el desplazamiento. Nuestro objetivo es hacer que su viaje de recuperaci\u00f3n sea lo m\u00e1s suave y eficiente posible.<\/p>\n<p>P\u00f3ngase en contacto con nosotros hoy mismo para iniciar su camino hacia la recuperaci\u00f3n. Su salud es nuestra prioridad y nos comprometemos a proporcionarle la atenci\u00f3n y el apoyo que se merece.<\/p>\n","protected":false},"excerpt":{"rendered":"<p>Entender el latigazo cervical y su impacto El latigazo cervical es una lesi\u00f3n frecuente en los accidentes de tr\u00e1fico, sobre todo en las colisiones por alcance. Se produce cuando la cabeza es empujada repentinamente hacia atr\u00e1s y luego hacia delante, forzando los m\u00fasculos y ligamentos del cuello. Este movimiento r\u00e1pido puede provocar una serie de [&hellip;]<\/p>\n","protected":false},"author":34,"featured_media":0,"parent":4189,"menu_order":0,"comment_status":"closed","ping_status":"closed","template":"","meta":{"_acf_changed":false,"footnotes":""},"class_list":["post-4225","page","type-page","status-publish","hentry"],"acf":[],"_links":{"self":[{"href":"https:\/\/1800hurt911co.com\/es\/wp-json\/wp\/v2\/pages\/4225","targetHints":{"allow":["GET"]}}],"collection":[{"href":"https:\/\/1800hurt911co.com\/es\/wp-json\/wp\/v2\/pages"}],"about":[{"href":"https:\/\/1800hurt911co.com\/es\/wp-json\/wp\/v2\/types\/page"}],"author":[{"embeddable":true,"href":"https:\/\/1800hurt911co.com\/es\/wp-json\/wp\/v2\/users\/34"}],"replies":[{"embeddable":true,"href":"https:\/\/1800hurt911co.com\/es\/wp-json\/wp\/v2\/comments?post=4225"}],"version-history":[{"count":2,"href":"https:\/\/1800hurt911co.com\/es\/wp-json\/wp\/v2\/pages\/4225\/revisions"}],"predecessor-version":[{"id":4227,"href":"https:\/\/1800hurt911co.com\/es\/wp-json\/wp\/v2\/pages\/4225\/revisions\/4227"}],"up":[{"embeddable":true,"href":"https:\/\/1800hurt911co.com\/es\/wp-json\/wp\/v2\/pages\/4189"}],"wp:attachment":[{"href":"https:\/\/1800hurt911co.com\/es\/wp-json\/wp\/v2\/media?parent=4225"}],"curies":[{"name":"wp","href":"https:\/\/api.w.org\/{rel}","templated":true}]}}