{"id":4228,"date":"2024-09-10T11:33:35","date_gmt":"2024-09-10T15:33:35","guid":{"rendered":"https:\/\/1800hurt911co.com\/centennial\/"},"modified":"2024-09-29T01:04:18","modified_gmt":"2024-09-29T07:04:18","slug":"centennial","status":"publish","type":"page","link":"https:\/\/1800hurt911co.com\/es\/centennial\/","title":{"rendered":"Centennial"},"content":{"rendered":"<p>Centennial, Colorado, es una pr\u00f3spera ciudad suburbana situada en la parte sur del \u00e1rea metropolitana de Denver. Fundada en 2001, Centennial es una de las ciudades m\u00e1s nuevas de Colorado, pero ha crecido r\u00e1pidamente hasta convertirse en una comunidad muy solicitada, conocida por su alta calidad de vida, sus buenos colegios y su ambiente familiar. Con una poblaci\u00f3n de m\u00e1s de 110.000 habitantes, la ciudad ofrece un equilibrio de tranquilidad suburbana y f\u00e1cil acceso a la bulliciosa zona de Denver. Una de las caracter\u00edsticas que definen a Centennial es su abundancia de parques y espacios abiertos. La ciudad se enorgullece de su compromiso con el ocio al aire libre, con m\u00e1s de 100 millas de senderos y 2.500 acres de espacios verdes. El Centennial Center Park, el galardonado parque de la ciudad, es un punto de encuentro para los residentes, donde se celebran actos, festivales y conciertos durante todo el a\u00f1o. La proximidad de la ciudad a las Monta\u00f1as Rocosas tambi\u00e9n la convierte en una puerta de entrada para el senderismo, el esqu\u00ed y otras actividades al aire libre. Centennial es conocida por sus excelentes colegios p\u00fablicos, que forman parte de los distritos escolares de Cherry Creek y Littleton, ambos de gran prestigio en Colorado. Esto ha hecho que la ciudad resulte especialmente atractiva para las familias. Adem\u00e1s de excelentes escuelas, la zona cuenta con un bajo \u00edndice de delincuencia y una serie de recursos comunitarios, como bibliotecas e instalaciones recreativas, que contribuyen a la calidad de vida en general. Desde el punto de vista econ\u00f3mico, Centennial se beneficia de su proximidad a importantes autopistas como la interestatal 25 y la C-470, que facilitan el acceso al Denver Tech Center, un importante centro de empleo para los sectores de la tecnolog\u00eda, las finanzas y las telecomunicaciones. El entorno empresarial de la ciudad ha atra\u00eddo tanto a grandes corporaciones como a peque\u00f1as empresas, fomentando el crecimiento econ\u00f3mico y las oportunidades. Con su mezcla de actividades al aire libre, su s\u00f3lido sistema educativo y su vibrante econom\u00eda, Centennial ofrece un estilo de vida suburbano que atrae tanto a familias como a profesionales.<\/p>\n","protected":false},"excerpt":{"rendered":"<p>Centennial, Colorado, es una pr\u00f3spera ciudad suburbana situada en la parte sur del \u00e1rea metropolitana de Denver. Fundada en 2001, Centennial es una de las ciudades m\u00e1s nuevas de Colorado, pero ha crecido r\u00e1pidamente hasta convertirse en una comunidad muy solicitada, conocida por su alta calidad de vida, sus buenos colegios y su ambiente familiar. [&hellip;]<\/p>\n","protected":false},"author":34,"featured_media":4010,"parent":0,"menu_order":0,"comment_status":"closed","ping_status":"closed","template":"","meta":{"_acf_changed":false,"footnotes":""},"class_list":["post-4228","page","type-page","status-publish","has-post-thumbnail","hentry"],"acf":[],"_links":{"self":[{"href":"https:\/\/1800hurt911co.com\/es\/wp-json\/wp\/v2\/pages\/4228","targetHints":{"allow":["GET"]}}],"collection":[{"href":"https:\/\/1800hurt911co.com\/es\/wp-json\/wp\/v2\/pages"}],"about":[{"href":"https:\/\/1800hurt911co.com\/es\/wp-json\/wp\/v2\/types\/page"}],"author":[{"embeddable":true,"href":"https:\/\/1800hurt911co.com\/es\/wp-json\/wp\/v2\/users\/34"}],"replies":[{"embeddable":true,"href":"https:\/\/1800hurt911co.com\/es\/wp-json\/wp\/v2\/comments?post=4228"}],"version-history":[{"count":2,"href":"https:\/\/1800hurt911co.com\/es\/wp-json\/wp\/v2\/pages\/4228\/revisions"}],"predecessor-version":[{"id":4230,"href":"https:\/\/1800hurt911co.com\/es\/wp-json\/wp\/v2\/pages\/4228\/revisions\/4230"}],"wp:featuredmedia":[{"embeddable":true,"href":"https:\/\/1800hurt911co.com\/es\/wp-json\/wp\/v2\/media\/4010"}],"wp:attachment":[{"href":"https:\/\/1800hurt911co.com\/es\/wp-json\/wp\/v2\/media?parent=4228"}],"curies":[{"name":"wp","href":"https:\/\/api.w.org\/{rel}","templated":true}]}}