{"id":4231,"date":"2024-09-18T07:26:11","date_gmt":"2024-09-18T11:26:11","guid":{"rendered":"https:\/\/1800hurt911co.com\/centennial\/accidente-de-autobus-en-centennial\/"},"modified":"2024-09-29T01:24:42","modified_gmt":"2024-09-29T07:24:42","slug":"accidente-de-autobus-en-centennial","status":"publish","type":"page","link":"https:\/\/1800hurt911co.com\/es\/centennial\/accidente-de-autobus-en-centennial\/","title":{"rendered":"Accidente de autob\u00fas en Centennial"},"content":{"rendered":"<h2>Tratamiento de Accidentes de Autob\u00fas en Centennial, CO<\/h2>\n<p>Los accidentes de autob\u00fas pueden tener un impacto significativo en las v\u00edctimas, a menudo dando lugar a lesiones graves. En Hurt 911 Colorado Injury Centers, ofrecemos atenci\u00f3n de lesiones personales de alta calidad para las v\u00edctimas de accidentes en Centennial y el \u00e1rea metropolitana de Denver. Nuestros servicios de tratamiento de accidentes de autob\u00fas en Centennial incluyen atenci\u00f3n quiropr\u00e1ctica, fisioterapia, rehabilitaci\u00f3n y tratamiento del dolor. Para lesiones graves, tambi\u00e9n ofrecemos cirug\u00eda ortop\u00e9dica para apoyar su viaje de recuperaci\u00f3n. Podemos ponerle en contacto con abogados con experiencia en accidentes de autob\u00fas y operamos sin costos por adelantado, lo que le permite centrarse en su recuperaci\u00f3n sin estr\u00e9s financiero. Su bienestar es nuestra prioridad, y estamos comprometidos a ayudarle en cada paso de su proceso de recuperaci\u00f3n. P\u00f3ngase en contacto con nuestra cl\u00ednica de lesiones por accidente en Centennial, Colorado hoy para una consulta gratuita.<\/p>\n<h2>\u00bfPor qu\u00e9 buscar atenci\u00f3n m\u00e9dica inmediata despu\u00e9s de un accidente de autob\u00fas?<\/h2>\n<p><img fetchpriority=\"high\" decoding=\"async\" class=\"alignnone size-full wp-image-2522\" src=\"https:\/\/1800hurt911co.com\/wp-content\/uploads\/2024\/09\/shutterstock_2234893373.webp\" alt=\"\" width=\"500\" height=\"333\" srcset=\"https:\/\/1800hurt911co.com\/wp-content\/uploads\/2024\/09\/shutterstock_2234893373.webp 500w, https:\/\/1800hurt911co.com\/wp-content\/uploads\/2024\/09\/shutterstock_2234893373-300x200.webp 300w\" sizes=\"(max-width: 500px) 100vw, 500px\" \/><\/p>\n<p>Los accidentes de autob\u00fas pueden causar lesiones que no son inmediatamente evidentes, como latigazo cervical, conmociones cerebrales y lesiones internas. Buscar atenci\u00f3n m\u00e9dica r\u00e1pida ayuda a identificar estas lesiones ocultas temprano, lo que permite un tratamiento oportuno y mejores resultados de recuperaci\u00f3n. Sin un tratamiento oportuno, las lesiones por accidente de autob\u00fas pueden provocar dolor cr\u00f3nico y complicaciones a largo plazo. Obtener atenci\u00f3n m\u00e9dica r\u00e1pidamente es crucial para su demanda por accidente de autob\u00fas. Los registros m\u00e9dicos proporcionan documentaci\u00f3n esencial de sus lesiones, tratamiento y proceso de recuperaci\u00f3n. Esta documentaci\u00f3n es vital a la hora de negociar con las compa\u00f1\u00edas de seguros o de emprender acciones legales.<\/p>\n<h3>Servicios de Tratamiento de Accidente de Autob\u00fas<\/h3>\n<p>En Hurt 911 Colorado Injury Centers, ofrecemos una amplia gama de servicios de tratamiento de lesiones por accidente de autob\u00fas. Nuestro objetivo es facilitar su proceso de curaci\u00f3n y ayudarle a recuperar su calidad de vida.<\/p>\n<h3>Diagn\u00f3stico por imagen<\/h3>\n<p>El diagn\u00f3stico preciso es crucial despu\u00e9s de un accidente de autob\u00fas. Utilizamos t\u00e9cnicas avanzadas de diagn\u00f3stico por imagen, como radiograf\u00edas y resonancias magn\u00e9ticas, para identificar lesiones que pueden no ser evidentes de inmediato. Estos servicios de imagen ayudan a nuestro equipo m\u00e9dico a crear un plan de tratamiento eficaz adaptado a sus necesidades espec\u00edficas.<\/p>\n<h3>Atenci\u00f3n quiropr\u00e1ctica<\/h3>\n<p>El cuidado quiropr\u00e1ctico juega un papel vital en el proceso de recuperaci\u00f3n de un accidente de autob\u00fas. Nuestros quiropr\u00e1cticos experimentados se centran en realinear la columna vertebral y aliviar la tensi\u00f3n en el cuerpo. Este enfoque pr\u00e1ctico puede aliviar el dolor y mejorar la movilidad, ayud\u00e1ndole a volver a sus actividades diarias antes.<\/p>\n<h3>Fisioterapia<\/h3>\n<p>Nuestros servicios de fisioterapia para accidentes de autob\u00fas est\u00e1n dise\u00f1ados para restaurar la fuerza y la funci\u00f3n. Nuestros fisioterapeutas desarrollan programas de rehabilitaci\u00f3n personalizados que incluyen ejercicios destinados a mejorar la flexibilidad, la fuerza y el rendimiento f\u00edsico general. El objetivo es ayudarle a recuperar su independencia y confianza durante su recuperaci\u00f3n.<\/p>\n<h3>Cuidados ortop\u00e9dicos y cirug\u00eda ortop\u00e9dica<\/h3>\n<p>Nuestros especialistas en ortopedia ofrecen opciones tanto quir\u00fargicas como no quir\u00fargicas. Si su lesi\u00f3n requiere cirug\u00eda ortop\u00e9dica, nuestro equipo est\u00e1 equipado para proporcionar los procedimientos necesarios para garantizar una recuperaci\u00f3n y rehabilitaci\u00f3n eficaces.<\/p>\n<h3>Control del dolor<\/h3>\n<p>Controlar el dolor es esencial para una recuperaci\u00f3n satisfactoria. Nuestros especialistas en tratamiento del dolor trabajan con usted para desarrollar estrategias que minimicen las molestias y favorezcan la curaci\u00f3n. Empleamos diversas t\u00e9cnicas para aliviar el dolor, como medicaci\u00f3n y fisioterapia.<\/p>\n<h2>\u00bfPor qu\u00e9 elegir los centros de lesiones Hurt 911 Colorado?<\/h2>\n<p>Cuando se trata de las secuelas de un accidente de autob\u00fas, la elecci\u00f3n de la cl\u00ednica de accidentes Centennial derecho es crucial. He aqu\u00ed por qu\u00e9 nos destacamos.<\/p>\n<h3>M\u00e9dicos y especialistas experimentados en accidentes de autob\u00fas<\/h3>\n<p>Nuestro equipo est\u00e1 formado por m\u00e9dicos expertos en accidentes de auto y especialistas que entienden los desaf\u00edos \u00fanicos que plantean los accidentes de autob\u00fas. Tienen experiencia en el diagn\u00f3stico y tratamiento de una amplia gama de lesiones. Esta experiencia permite evaluaciones precisas y planes de tratamiento eficaces adaptados a sus necesidades.<\/p>\n<h3>Transporte gratuito<\/h3>\n<p>Ofrecemos servicios de transporte gratuitos para garantizar que pueda acceder a nuestras cl\u00ednicas sin ninguna molestia. Esta comodidad le permite centrarse en su recuperaci\u00f3n en lugar de preocuparse por c\u00f3mo llegar a las citas.<\/p>\n<h3>Planes de tratamiento personalizados<\/h3>\n<p>Cada lesi\u00f3n es diferente, al igual que cada paciente. Nuestro enfoque implica la creaci\u00f3n de planes de tratamiento personalizados que aborden sus lesiones y objetivos de recuperaci\u00f3n espec\u00edficos.<\/p>\n<h3>Sin gastos por adelantado<\/h3>\n<p>Ofrecemos atenci\u00f3n de lesiones personales sin gastos por adelantado. Nuestros m\u00e9dicos de accidentes de autob\u00fas en Centennial cobran una vez que usted gana una indemnizaci\u00f3n en su demanda por lesiones personales.<\/p>\n<h3>Referencias de abogados de accidentes de autob\u00fas<\/h3>\n<p>Navegar por los aspectos legales de un accidente de autob\u00fas puede ser abrumador. Coordinamos con abogados de lesiones personales con experiencia para asegurar que usted reciba la mejor representaci\u00f3n legal. Nuestras conexiones pueden ayudarle a perseguir la compensaci\u00f3n justa mientras usted se concentra en su recuperaci\u00f3n f\u00edsica. La elecci\u00f3n de Hurt 911 Colorado Injury Centers significa dar prioridad a su salud y recuperaci\u00f3n. Estamos dedicados a proporcionar el m\u00e1s alto nivel de atenci\u00f3n y apoyo a las v\u00edctimas de accidentes de autob\u00fas en Centennial.<\/p>\n<h2>Lesiones comunes de accidentes de autob\u00fas que tratamos<\/h2>\n<p><img decoding=\"async\" class=\"alignnone wp-image-2547 size-full\" src=\"https:\/\/1800hurt911co.com\/wp-content\/uploads\/2024\/09\/shutterstock_2078934109.webp\" alt=\"Bus Accident Treatment in Centennial, Colorado\" width=\"500\" height=\"334\" srcset=\"https:\/\/1800hurt911co.com\/wp-content\/uploads\/2024\/09\/shutterstock_2078934109.webp 500w, https:\/\/1800hurt911co.com\/wp-content\/uploads\/2024\/09\/shutterstock_2078934109-300x200.webp 300w\" sizes=\"(max-width: 500px) 100vw, 500px\" \/><\/p>\n<p>En Hurt 911 Colorado Injury Centers, diagnosticamos y tratamos muchas lesiones comunes de accidentes de autob\u00fas, incluyendo los siguientes.<\/p>\n<h3>Lesiones de Cuello y Latigazo<\/h3>\n<p>Lesiones de cuello son comunes en accidentes de autob\u00fas, especialmente latigazo cervical. Esta lesi\u00f3n se produce cuando la cabeza de repente se sacudi\u00f3 hacia adelante y luego hacia atr\u00e1s, forzando los m\u00fasculos del cuello y los ligamentos. La fisioterapia y los ajustes quiropr\u00e1cticos pueden ayudar a aliviar el dolor y restablecer la amplitud de movimiento.<\/p>\n<h3>Traumatismos craneoencef\u00e1licos<\/h3>\n<p>Las lesiones en la cabeza son graves y pueden tener efectos duraderos. Las conmociones cerebrales son frecuentes en los accidentes de autob\u00fas y pueden provocar confusi\u00f3n, mareos o problemas de memoria. Las lesiones cerebrales traum\u00e1ticas m\u00e1s graves pueden causar deterioro cognitivo a largo plazo. Nuestros fisioterapeutas pueden dise\u00f1ar un plan de rehabilitaci\u00f3n personalizado.<\/p>\n<h3>Huesos rotos<\/h3>\n<p>Fracturas comunes de accidentes de autob\u00fas incluyen brazos rotos, piernas y costillas. Ofrecemos atenci\u00f3n ortop\u00e9dica integral para los huesos rotos, incluyendo opciones quir\u00fargicas cuando sea necesario.<\/p>\n<h3>Lesiones de espalda<\/h3>\n<p>Las lesiones de espalda pueden variar desde esguinces leves hasta lesiones graves de la columna vertebral. Los s\u00edntomas pueden incluir dolor, entumecimiento o debilidad en las extremidades. Nuestros servicios de fisioterapia se centran en la rehabilitaci\u00f3n de lesiones de espalda, ayudando a restaurar la funci\u00f3n y reducir el dolor. Nuestros quiropr\u00e1cticos en Centennial, Colorado utilizan ajustes suaves de la columna vertebral para aliviar el dolor y mejorar la flexibilidad.<\/p>\n<h3>Lesiones de la m\u00e9dula espinal<\/h3>\n<p>Las lesiones de la m\u00e9dula espinal se encuentran entre los resultados m\u00e1s graves de los accidentes de autob\u00fas. Pueden conducir a la par\u00e1lisis parcial o completa, afectando significativamente la calidad de vida de la v\u00edctima. Nuestra atenci\u00f3n especializada incluye tratamiento del dolor, rehabilitaci\u00f3n y coordinaci\u00f3n con especialistas ortop\u00e9dicos para tratar estas complejas lesiones.<\/p>\n<h2>Preguntas frecuentes sobre accidentes de autob\u00fas<\/h2>\n<h3>\u00bfCu\u00e1nto tiempo dura la recuperaci\u00f3n de un accidente de autob\u00fas?<\/h3>\n<p>El tiempo de recuperaci\u00f3n despu\u00e9s de un accidente de autob\u00fas var\u00eda significativamente. Las lesiones menores pueden sanar en unas pocas semanas, mientras que las condiciones m\u00e1s graves pueden tardar meses o incluso a\u00f1os en recuperarse por completo. Los factores tales como edad, salud total, y planes del tratamiento tambi\u00e9n desempe\u00f1an un papel crucial en tiempo curativo. Nuestros especialistas en lesiones por accidente de autob\u00fas en los Centros de Lesiones Hurt 911 Colorado pueden ayudarle a establecer expectativas realistas de recuperaci\u00f3n.<\/p>\n<h3>\u00bfQui\u00e9n Puede Ser Considerado Responsable de un Choque de Autob\u00fas en Colorado?<\/h3>\n<p>La responsabilidad en un accidente de autob\u00fas puede implicar m\u00faltiples partidos. T\u00edpicamente, el conductor de autob\u00fas o la compa\u00f1\u00eda de autob\u00fas pueden ser tenidos responsables. Sin embargo, la responsabilidad tambi\u00e9n puede extenderse a otros conductores, proveedores de mantenimiento, o incluso municipios locales si las condiciones de camino contribuyeron al accidente. Un abogado de lesiones personales puede investigar los detalles de su caso para determinar qui\u00e9n puede ser responsable de sus lesiones.<\/p>\n<h3>\u00bfQu\u00e9 Compensaci\u00f3n Pueden Recuperar las V\u00edctimas de Accidentes de Autob\u00fas?<\/h3>\n<p>Las v\u00edctimas de accidentes de autob\u00fas en Colorado pueden tener derecho a varias formas de compensaci\u00f3n. Esto puede incluir gastos m\u00e9dicos, salarios perdidos, dolor y sufrimiento, y gastos de rehabilitaci\u00f3n. Cada caso es \u00fanico. Nos asociamos con abogados expertos de accidente de autob\u00fas que pueden ayudarle a navegar su reclamo y perseguir la compensaci\u00f3n m\u00e1xima.<\/p>\n<h3>\u00bfCu\u00e1les son los beneficios de ver a un m\u00e9dico especialista en accidentes de autob\u00fas?<\/h3>\n<p>La elecci\u00f3n de un m\u00e9dico especialista en accidentes de autob\u00fas en Centennial ofrece numerosas ventajas. Nuestros profesionales m\u00e9dicos tienen experiencia espec\u00edfica en el diagn\u00f3stico y tratamiento de lesiones por accidente de autob\u00fas. Pueden proporcionar planes de tratamiento a medida que aborden sus necesidades \u00fanicas, asegurando un proceso de recuperaci\u00f3n m\u00e1s eficaz. Adem\u00e1s, nuestros m\u00e9dicos de lesiones personales proporcionar\u00e1n documentaci\u00f3n m\u00e9dica para fortalecer su caso de accidente de autob\u00fas. Los expedientes m\u00e9dicos detallados son cruciales en negociaciones de establecimiento con compa\u00f1\u00edas de seguros y pleitos.<\/p>\n<h2>Obtenga la mejor atenci\u00f3n de lesiones por accidente de autob\u00fas en Centennial<\/h2>\n<p><img decoding=\"async\" class=\"alignnone wp-image-2064\" src=\"https:\/\/1800hurt911co.com\/wp-content\/uploads\/2020\/12\/banner-bg1-copy-1024x254.webp\" alt=\"Hurt911 Logo\" width=\"500\" height=\"124\" srcset=\"https:\/\/1800hurt911co.com\/wp-content\/uploads\/2020\/12\/banner-bg1-copy-1024x254.webp 1024w, https:\/\/1800hurt911co.com\/wp-content\/uploads\/2020\/12\/banner-bg1-copy-300x75.webp 300w, https:\/\/1800hurt911co.com\/wp-content\/uploads\/2020\/12\/banner-bg1-copy-768x191.webp 768w, https:\/\/1800hurt911co.com\/wp-content\/uploads\/2020\/12\/banner-bg1-copy-1536x382.webp 1536w, https:\/\/1800hurt911co.com\/wp-content\/uploads\/2020\/12\/banner-bg1-copy.webp 1920w\" sizes=\"(max-width: 500px) 100vw, 500px\" \/><\/p>\n<p>Si usted o un ser querido ha estado involucrado en un accidente de autob\u00fas, la acci\u00f3n r\u00e1pida es crucial. En Hurt 911 Colorado Injury Centers, ofrecemos una amplia gama de servicios dise\u00f1ados para ayudarle en su camino hacia la recuperaci\u00f3n. Nuestro equipo est\u00e1 especializado en atenci\u00f3n quiropr\u00e1ctica, fisioterapia, tratamiento del dolor y cirug\u00eda ortop\u00e9dica para lesiones graves. Entendemos los retos a los que se enfrenta despu\u00e9s de un accidente y estamos dedicados a ayudarle a recuperar su salud y bienestar. Elegir Hurt 911 significa que recibir\u00e1 planes de tratamiento personalizados adaptados a sus necesidades espec\u00edficas. Nuestros experimentados m\u00e9dicos y especialistas en accidentes de autob\u00fas est\u00e1n aqu\u00ed para proporcionarle la atenci\u00f3n que se merece. Adem\u00e1s, ofrecemos transporte gratuito hacia y desde nuestras cl\u00ednicas, asegurando que el acceso al tratamiento sea lo m\u00e1s conveniente posible. No tendr\u00e1 que preocuparse por los gastos de su bolsillo. Trabajamos sin costes por adelantado, lo que le permite centrarse en su recuperaci\u00f3n sin el estr\u00e9s financiero a\u00f1adido. Adem\u00e1s, podemos coordinar con los abogados de lesiones personales para asegurar que usted reciba la compensaci\u00f3n que se merece. No espere m\u00e1s. P\u00f3ngase en contacto con nosotros hoy mismo para una consulta gratuita. Perm\u00edtanos ayudarle a navegar el proceso de recuperaci\u00f3n y volver a vivir su vida. Su salud y recuperaci\u00f3n son nuestras principales prioridades en los Centros de Lesiones Hurt 911 Colorado.<\/p>\n","protected":false},"excerpt":{"rendered":"<p>Tratamiento de Accidentes de Autob\u00fas en Centennial, CO Los accidentes de autob\u00fas pueden tener un impacto significativo en las v\u00edctimas, a menudo dando lugar a lesiones graves. En Hurt 911 Colorado Injury Centers, ofrecemos atenci\u00f3n de lesiones personales de alta calidad para las v\u00edctimas de accidentes en Centennial y el \u00e1rea metropolitana de Denver. Nuestros [&hellip;]<\/p>\n","protected":false},"author":6,"featured_media":0,"parent":4228,"menu_order":0,"comment_status":"closed","ping_status":"closed","template":"","meta":{"_acf_changed":false,"footnotes":""},"class_list":["post-4231","page","type-page","status-publish","hentry"],"acf":[],"_links":{"self":[{"href":"https:\/\/1800hurt911co.com\/es\/wp-json\/wp\/v2\/pages\/4231","targetHints":{"allow":["GET"]}}],"collection":[{"href":"https:\/\/1800hurt911co.com\/es\/wp-json\/wp\/v2\/pages"}],"about":[{"href":"https:\/\/1800hurt911co.com\/es\/wp-json\/wp\/v2\/types\/page"}],"author":[{"embeddable":true,"href":"https:\/\/1800hurt911co.com\/es\/wp-json\/wp\/v2\/users\/6"}],"replies":[{"embeddable":true,"href":"https:\/\/1800hurt911co.com\/es\/wp-json\/wp\/v2\/comments?post=4231"}],"version-history":[{"count":2,"href":"https:\/\/1800hurt911co.com\/es\/wp-json\/wp\/v2\/pages\/4231\/revisions"}],"predecessor-version":[{"id":4233,"href":"https:\/\/1800hurt911co.com\/es\/wp-json\/wp\/v2\/pages\/4231\/revisions\/4233"}],"up":[{"embeddable":true,"href":"https:\/\/1800hurt911co.com\/es\/wp-json\/wp\/v2\/pages\/4228"}],"wp:attachment":[{"href":"https:\/\/1800hurt911co.com\/es\/wp-json\/wp\/v2\/media?parent=4231"}],"curies":[{"name":"wp","href":"https:\/\/api.w.org\/{rel}","templated":true}]}}