{"id":4234,"date":"2024-09-18T08:21:28","date_gmt":"2024-09-18T12:21:28","guid":{"rendered":"https:\/\/1800hurt911co.com\/centennial\/quiropractico-accidente-de-coche-centennial\/"},"modified":"2024-09-29T01:31:56","modified_gmt":"2024-09-29T07:31:56","slug":"quiropractico-accidente-de-coche-centennial","status":"publish","type":"page","link":"https:\/\/1800hurt911co.com\/es\/centennial\/quiropractico-accidente-de-coche-centennial\/","title":{"rendered":"Quiropr\u00e1ctico accidente de coche Centennial"},"content":{"rendered":"<h2>Quiropr\u00e1ctico para accidentes de coche en Centennial<\/h2>\n<p>Si usted ha estado involucrado en un accidente de coche en Centennial, es crucial buscar ayuda profesional de un quiropr\u00e1ctico de Centennial, CO para su recuperaci\u00f3n. En Hurt 911 Colorado Injury Centers, nos dedicamos a apoyarle en cada paso de su viaje de curaci\u00f3n. Nuestro experimentado equipo est\u00e1 listo para proporcionar la atenci\u00f3n que necesita para hacer frente a sus lesiones y recuperar su calidad de vida. \u00a1Ll\u00e1menos hoy y obtenga tratamiento de un quiropr\u00e1ctico experto en accidentes de coche!<\/p>\n<h2>Lesiones comunes en accidentes de coche<\/h2>\n<p><img fetchpriority=\"high\" decoding=\"async\" class=\"alignnone wp-image-2068\" src=\"https:\/\/1800hurt911co.com\/wp-content\/uploads\/2021\/05\/shutterstock_1967420284.webp\" alt=\"Whiplash After a Car Accident\" width=\"500\" height=\"299\" srcset=\"https:\/\/1800hurt911co.com\/wp-content\/uploads\/2021\/05\/shutterstock_1967420284.webp 1000w, https:\/\/1800hurt911co.com\/wp-content\/uploads\/2021\/05\/shutterstock_1967420284-300x179.webp 300w, https:\/\/1800hurt911co.com\/wp-content\/uploads\/2021\/05\/shutterstock_1967420284-768x458.webp 768w\" sizes=\"(max-width: 500px) 100vw, 500px\" \/><\/p>\n<p>Los accidentes de tr\u00e1fico pueden provocar diversas lesiones que pueden afectar a su vida diaria y a su bienestar general. La comprensi\u00f3n de los tipos comunes de lesiones puede ayudarle a identificar los s\u00edntomas y buscar el tratamiento adecuado. Aqu\u00ed est\u00e1n algunas de las lesiones m\u00e1s frecuentes sufridas en accidentes automovil\u00edsticos en Centennial.<\/p>\n<h3>Latigazo cervical y dolor de cuello<\/h3>\n<p>La lesi\u00f3n de latigazo cervical es una de las lesiones m\u00e1s comunes resultantes de accidentes automovil\u00edsticos. Esta lesi\u00f3n se produce cuando la cabeza de repente se sacudi\u00f3 hacia adelante y luego hacia atr\u00e1s, forzando los m\u00fasculos del cuello y los ligamentos. Los s\u00edntomas pueden incluir dolor de cuello, rigidez, dolores de cabeza y mareos. Buscar atenci\u00f3n quiropr\u00e1ctica inmediata puede ayudar a aliviar estos s\u00edntomas y promover la curaci\u00f3n.<\/p>\n<h3>Lesiones de espalda y columna vertebral<\/h3>\n<p>Las lesiones en la espalda y la columna vertebral tambi\u00e9n son frecuentes en los accidentes de tr\u00e1fico. Pueden ser desde distensiones musculares hasta lesiones m\u00e1s graves de la columna vertebral. Los s\u00edntomas pueden incluir dolor persistente, movilidad limitada y entumecimiento. Los tratamientos quiropr\u00e1cticos pueden tratar estos problemas y ayudar a la recuperaci\u00f3n centr\u00e1ndose en la alineaci\u00f3n de la columna vertebral y la mec\u00e1nica general del cuerpo. Las lesiones de espalda y columna vertebral no tratadas pueden provocar dolor cr\u00f3nico, por lo que una intervenci\u00f3n quiropr\u00e1ctica temprana es crucial para prevenir los efectos a largo plazo.<\/p>\n<h3>Lesiones cerebrales y conmociones cerebrales<\/h3>\n<p>Las conmociones cerebrales y otras lesiones cerebrales pueden producirse durante un accidente de tr\u00e1fico, especialmente si hay un golpe directo en la cabeza. Los s\u00edntomas pueden variar desde dolores de cabeza y confusi\u00f3n hasta p\u00e9rdida de memoria. Si sospecha de una lesi\u00f3n cerebral, es crucial buscar atenci\u00f3n m\u00e9dica inmediatamente, ya que una intervenci\u00f3n temprana puede afectar significativamente a la recuperaci\u00f3n. Tambi\u00e9n es importante consultar con varios proveedores m\u00e9dicos para una evaluaci\u00f3n y un plan de tratamiento exhaustivos.<\/p>\n<h3>Fracturas y fracturas \u00f3seas<\/h3>\n<p>Las fracturas y roturas de huesos son lesiones graves que pueden producirse por la fuerza de un accidente de tr\u00e1fico. Estas lesiones a menudo requieren atenci\u00f3n m\u00e9dica inmediata y pueden implicar una amplia rehabilitaci\u00f3n. El cuidado quiropr\u00e1ctico puede complementar el tratamiento tradicional promoviendo la curaci\u00f3n y reduciendo el dolor una vez que la lesi\u00f3n inicial se ha estabilizado. Un plan de tratamiento adecuado es crucial para la recuperaci\u00f3n efectiva de fracturas y huesos rotos. Comprender estas lesiones comunes puede capacitarle para tomar medidas tras un accidente de tr\u00e1fico. Si experimenta alg\u00fan s\u00edntoma, no dude en pedir ayuda. En Hurt 911 Colorado Injury Centers, estamos comprometidos a proporcionar la atenci\u00f3n necesaria para ayudar a su recuperaci\u00f3n.<\/p>\n<h2>\u00bfPor qu\u00e9 elegir los Centros de Lesiones Hurt 911 Colorado?<\/h2>\n<p>Cuando usted est\u00e1 tratando con las secuelas de un accidente de coche, la elecci\u00f3n de la atenci\u00f3n adecuada es esencial. En los Centros de Lesiones Hurt 911 Colorado, entendemos los desaf\u00edos que usted enfrenta. Nuestro objetivo es proporcionar una atenci\u00f3n integral a las v\u00edctimas de accidentes de coche. Nuestro objetivo es ayudarle a recuperarse tanto f\u00edsica como econ\u00f3micamente. Nuestro equipo est\u00e1 formado por quiropr\u00e1cticos experimentados y especializados que entienden los matices de las lesiones por accidentes automovil\u00edsticos. Est\u00e1n capacitados para evaluar sus necesidades espec\u00edficas y crear estrategias de tratamiento eficaces. Esta experiencia nos permite abordar sus lesiones con precisi\u00f3n. Creemos en planes de tratamiento personalizados adaptados a cada individuo. Despu\u00e9s de un examen exhaustivo, desarrollamos un plan que se alinea con sus objetivos de salud y bienestar. Este enfoque garantiza que reciba la atenci\u00f3n m\u00e1s eficaz para su recuperaci\u00f3n. El transporte puede ser a menudo un obst\u00e1culo para acceder a la atenci\u00f3n. Para eliminar esta preocupaci\u00f3n, ofrecemos servicios de transporte gratuitos a nuestros clientes. Esto hace que sea m\u00e1s f\u00e1cil para que usted pueda asistir a las citas sin estr\u00e9s a\u00f1adido. La elecci\u00f3n de Hurt 911 significa que usted est\u00e1 seleccionando un socio dedicado en su viaje de recuperaci\u00f3n. Estamos aqu\u00ed para apoyarle en cada paso del camino, asegur\u00e1ndonos de que recibe el cuidado y la atenci\u00f3n que se merece.<\/p>\n<h2>Cuidado Quiropr\u00e1ctico para Lesiones por Accidente de Coche<\/h2>\n<p><img decoding=\"async\" class=\"alignnone wp-image-2882 size-full\" src=\"https:\/\/1800hurt911co.com\/wp-content\/uploads\/2024\/09\/chiropractic-treatment.webp\" alt=\"Quiropr\u00e1ctico accidente de coche Centennial\" width=\"500\" height=\"334\" srcset=\"https:\/\/1800hurt911co.com\/wp-content\/uploads\/2024\/09\/chiropractic-treatment.webp 500w, https:\/\/1800hurt911co.com\/wp-content\/uploads\/2024\/09\/chiropractic-treatment-300x200.webp 300w\" sizes=\"(max-width: 500px) 100vw, 500px\" \/><\/p>\n<p>En Hurt 911 Colorado Injury Centers, nos especializamos en proporcionar un tratamiento quiropr\u00e1ctico eficaz adaptado a las necesidades de las v\u00edctimas de accidentes automovil\u00edsticos en Centennial. Nuestros quiropr\u00e1cticos experimentados se centran en abordar las lesiones espec\u00edficas sufridas durante un accidente de coche, asegurando un enfoque integral para su recuperaci\u00f3n.<\/p>\n<h3>Manipulaci\u00f3n espinal y ajustes<\/h3>\n<p>La manipulaci\u00f3n espinal es una piedra angular de nuestra atenci\u00f3n quiropr\u00e1ctica. Esta t\u00e9cnica ayuda a realinear la columna vertebral, aliviar el dolor y restaurar la movilidad. Al corregir los desajustes causados por el impacto de un accidente, nuestro objetivo es aliviar la presi\u00f3n sobre los nervios y promover la salud general de la columna vertebral. Nuestros quiropr\u00e1cticos expertos utilizan ajustes precisos para mejorar el proceso de curaci\u00f3n natural de su cuerpo. Adem\u00e1s, los ajustes de la columna vertebral pueden ayudar a aliviar los problemas en el tejido blando circundante, la prevenci\u00f3n de graves limitaciones en el movimiento del cuello.<\/p>\n<h3>Estimulaci\u00f3n muscular y terapia de relajaci\u00f3n<\/h3>\n<p>Adem\u00e1s de los ajustes de la columna vertebral, incorporamos la estimulaci\u00f3n muscular y la terapia de relajaci\u00f3n en nuestros planes de tratamiento. Estas terapias se dirigen a la tensi\u00f3n muscular y espasmos, que son comunes despu\u00e9s de un accidente de auto. Mediante el uso de equipos especializados, ayudamos a reducir el dolor y mejorar la circulaci\u00f3n, ayudando a la recuperaci\u00f3n. Este enfoque no s\u00f3lo proporciona un alivio inmediato, sino que tambi\u00e9n favorece la curaci\u00f3n a largo plazo. La estimulaci\u00f3n muscular y la terapia de relajaci\u00f3n desempe\u00f1an un papel crucial en el proceso de recuperaci\u00f3n al acelerar la curaci\u00f3n y tratar lesiones espec\u00edficas.<\/p>\n<h3>Ejercicios espec\u00edficos y fisioterapia<\/h3>\n<p>La rehabilitaci\u00f3n es vital para la recuperaci\u00f3n de lesiones por accidente de coche. Desarrollamos programas de ejercicios personalizados dise\u00f1ados para fortalecer las zonas afectadas, mejorar la flexibilidad y restaurar la funci\u00f3n. Nuestras sesiones de fisioterapia se centran en aumentar gradualmente su fuerza y resistencia, asegurando que recupere la movilidad completa. Este enfoque proactivo ayuda a prevenir futuras lesiones y apoya sus objetivos de salud y bienestar.<\/p>\n<h3>Asesoramiento sobre estilo de vida y ergonom\u00eda<\/h3>\n<p>Creemos en la capacitaci\u00f3n de nuestros pacientes a trav\u00e9s de la educaci\u00f3n. Nuestros quiropr\u00e1cticos proporcionan valiosos consejos sobre estilo de vida y ergonom\u00eda para ayudarle a tomar decisiones informadas que promuevan la recuperaci\u00f3n. Ya se trate de consejos sobre la postura correcta, t\u00e9cnicas seguras de elevaci\u00f3n, o recomendaciones para las actividades diarias, le guiamos en la creaci\u00f3n de un entorno de apoyo para su viaje de curaci\u00f3n. Al elegir Hurt 911 Colorado Injury Centers, puede esperar un enfoque exhaustivo y compasivo para su atenci\u00f3n quiropr\u00e1ctica. Estamos dedicados a ayudarle a recuperarse de sus lesiones y volver a una vida libre de dolor.<\/p>\n<h2>Servicios de diagn\u00f3stico para evaluar sus lesiones<\/h2>\n<p><img decoding=\"async\" class=\"alignnone size-full wp-image-2936\" src=\"https:\/\/1800hurt911co.com\/wp-content\/uploads\/2024\/09\/diagnostic-imaging-x-ray.webp\" alt=\"Diagnostic Imaging, X-Ray\" width=\"500\" height=\"334\" srcset=\"https:\/\/1800hurt911co.com\/wp-content\/uploads\/2024\/09\/diagnostic-imaging-x-ray.webp 500w, https:\/\/1800hurt911co.com\/wp-content\/uploads\/2024\/09\/diagnostic-imaging-x-ray-300x200.webp 300w\" sizes=\"(max-width: 500px) 100vw, 500px\" \/><\/p>\n<p>En Hurt 911 Colorado Injury Centers, damos prioridad a una comprensi\u00f3n completa de su condici\u00f3n despu\u00e9s de un accidente de coche. Nuestros servicios de diagn\u00f3stico est\u00e1n dise\u00f1ados para proporcionar claridad y precisi\u00f3n en la evaluaci\u00f3n de sus lesiones.<\/p>\n<h3>Rayos X y resonancias magn\u00e9ticas<\/h3>\n<p>Utilizamos t\u00e9cnicas avanzadas de imagen como rayos X y resonancias magn\u00e9ticas para obtener una visi\u00f3n completa de sus lesiones. Estas herramientas son esenciales para identificar fracturas, lesiones de la columna vertebral y otras afecciones que pueden no ser visibles de inmediato. Mediante la obtenci\u00f3n de im\u00e1genes claras, podemos desarrollar un plan de tratamiento centrado adaptado a sus necesidades espec\u00edficas.<\/p>\n<h3>Ex\u00e1menes m\u00e9dicos exhaustivos<\/h3>\n<p>Nuestros quiropr\u00e1cticos experimentados realizan ex\u00e1menes m\u00e9dicos detallados para evaluar su estado general de salud y el alcance de sus lesiones. Este proceso implica la evaluaci\u00f3n de su rango de movimiento, la fuerza y los niveles de dolor. Al entender el alcance completo de su condici\u00f3n, podemos abordar cualquier problema subyacente que pueda contribuir a su malestar. Es fundamental evaluar las lesiones cervicales durante estos ex\u00e1menes para desarrollar planes de tratamiento eficaces para los afectados.<\/p>\n<h3>Identificaci\u00f3n de lesiones de tejidos blandos y columna vertebral<\/h3>\n<p>Lesiones de tejidos blandos, como esguinces y torceduras, son comunes despu\u00e9s de los accidentes de coche. Nuestro equipo es experto en la identificaci\u00f3n de estas lesiones, junto con las lesiones de la m\u00e9dula que pueden ocurrir. La detecci\u00f3n temprana es crucial para un tratamiento eficaz y la recuperaci\u00f3n. Nos centramos en la localizaci\u00f3n de la fuente de su dolor para asegurar que nuestra atenci\u00f3n quiropr\u00e1ctica es a la vez eficaz y espec\u00edfica. Las lesiones tienden a ser m\u00e1s graves si no se tratan con prontitud, por lo que la b\u00fasqueda de atenci\u00f3n m\u00e9dica inmediata es esencial. En Hurt 911 Colorado Injury Centers, estamos comprometidos a proporcionar el m\u00e1s alto nivel de servicios de diagn\u00f3stico. Nuestro objetivo es ayudarle a entender sus lesiones y allanar el camino para su viaje de recuperaci\u00f3n.<\/p>\n<h2>Abordar la causa ra\u00edz de su dolor<\/h2>\n<p>En los Centros de Lesiones Hurt 911 Colorado, nos centramos en identificar y tratar los problemas subyacentes que contribuyen a su malestar. Nuestro enfoque se centra en la comprensi\u00f3n de las lesiones espec\u00edficas que sufri\u00f3 en el accidente automovil\u00edstico. Esto nos permite desarrollar un plan de tratamiento adecuado que aborda la causa ra\u00edz de su dolor en lugar de simplemente enmascarar los s\u00edntomas. Nuestra atenci\u00f3n quiropr\u00e1ctica promueve la curaci\u00f3n a largo plazo sin depender de la prescripci\u00f3n de medicamentos. Utilizamos diversas t\u00e9cnicas para reducir la inflamaci\u00f3n y mejorar la recuperaci\u00f3n. Esto incluye ajustes de la columna vertebral, estimulaci\u00f3n muscular y ejercicios de fisioterapia a medida. Al abordar el origen de su dolor, nuestro objetivo es ayudarle a recuperar la movilidad y la funci\u00f3n en su vida diaria. Tambi\u00e9n es prioritario prevenir futuros dolores y complicaciones. Le ofrecemos consejos ergon\u00f3micos y de estilo de vida para ayudarle a evitar lesiones y esfuerzos repetitivos. Nuestro objetivo es proporcionarle los conocimientos y herramientas necesarios para mantener su salud y bienestar despu\u00e9s de un accidente. Al centrarnos en la atenci\u00f3n integral, nos esforzamos por facilitar una recuperaci\u00f3n satisfactoria y el regreso a una existencia sin dolor.<\/p>\n<h2>Testimonios de pacientes e historias de \u00e9xito<\/h2>\n<p><img loading=\"lazy\" decoding=\"async\" class=\"alignnone wp-image-2153 size-full\" src=\"https:\/\/1800hurt911co.com\/wp-content\/uploads\/2024\/08\/chiropractic-care.webp\" alt=\"Chiropractic Care After a Car Accident\" width=\"500\" height=\"333\" srcset=\"https:\/\/1800hurt911co.com\/wp-content\/uploads\/2024\/08\/chiropractic-care.webp 500w, https:\/\/1800hurt911co.com\/wp-content\/uploads\/2024\/08\/chiropractic-care-300x200.webp 300w\" sizes=\"(max-width: 500px) 100vw, 500px\" \/><\/p>\n<h3>Experiencias Reales de Pacientes de Accidentes de Coche<\/h3>\n<p>En Hurt 911 Colorado Injury Centers, priorizamos el bienestar y la recuperaci\u00f3n de nuestros clientes. Nuestros pacientes a menudo comparten sus viajes con nosotros, destacando c\u00f3mo nuestro cuidado quiropr\u00e1ctico ha impactado positivamente en sus vidas despu\u00e9s de un accidente de coche. Muchos expresan su gratitud por el tratamiento compasivo que recibieron, lo que les ayud\u00f3 a navegar su recuperaci\u00f3n con confianza.<\/p>\n<h3>Alivio del dolor y recuperaci\u00f3n<\/h3>\n<p>Los pacientes informan con frecuencia de mejoras significativas en sus niveles de dolor y movilidad general. A trav\u00e9s de planes de tratamiento personalizados, nuestros quiropr\u00e1cticos experimentados abordan lesiones espec\u00edficas, como el latigazo cervical y problemas de la columna vertebral. Estas historias de \u00e9xito reflejan no s\u00f3lo el alivio del dolor, sino tambi\u00e9n un retorno a las actividades diarias que antes eran dif\u00edciles.<\/p>\n<h3>Volver a una vida sin dolor<\/h3>\n<p>Nuestros clientes destacan a menudo c\u00f3mo nuestra atenci\u00f3n integral les ha permitido recuperar sus vidas. Centr\u00e1ndose en la curaci\u00f3n a largo plazo, muchos han vuelto con \u00e9xito al trabajo y han disfrutado de actividades recreativas sin molestias. Estos testimonios sirven como testimonio de la eficacia de nuestros tratamientos quiropr\u00e1cticos y la dedicaci\u00f3n de nuestro equipo en Hurt 911 Colorado Injury Centers.<\/p>\n<h2>Contacte con el Centro de Lesiones Hurt 911 Colorado hoy mismo<\/h2>\n<p><img loading=\"lazy\" decoding=\"async\" class=\"alignnone wp-image-2064\" src=\"https:\/\/1800hurt911co.com\/wp-content\/uploads\/2020\/12\/banner-bg1-copy-1024x254.webp\" alt=\"Hurt911 Logo\" width=\"500\" height=\"124\" srcset=\"https:\/\/1800hurt911co.com\/wp-content\/uploads\/2020\/12\/banner-bg1-copy-1024x254.webp 1024w, https:\/\/1800hurt911co.com\/wp-content\/uploads\/2020\/12\/banner-bg1-copy-300x75.webp 300w, https:\/\/1800hurt911co.com\/wp-content\/uploads\/2020\/12\/banner-bg1-copy-768x191.webp 768w, https:\/\/1800hurt911co.com\/wp-content\/uploads\/2020\/12\/banner-bg1-copy-1536x382.webp 1536w, https:\/\/1800hurt911co.com\/wp-content\/uploads\/2020\/12\/banner-bg1-copy.webp 1920w\" sizes=\"(max-width: 500px) 100vw, 500px\" \/><\/p>\n<p>En Hurt 911 Colorado Injury Centers, estamos dedicados a apoyarle a trav\u00e9s de cada paso de su viaje de curaci\u00f3n.<\/p>\n<h3>Programe su consulta gratuita<\/h3>\n<p>No espere para obtener el tratamiento que se merece. Cont\u00e1ctenos hoy para programar su consulta gratuita. Durante su primera visita, evaluaremos sus lesiones, discutiremos sus s\u00edntomas y esbozaremos un plan de tratamiento personalizado adaptado a sus necesidades.<\/p>\n<h3>Ubicaciones convenientes en el \u00e1rea metropolitana de Denver<\/h3>\n<p>Con m\u00faltiples ubicaciones en el \u00e1rea metropolitana de Denver, incluyendo Centennial, el acceso a nuestros servicios es f\u00e1cil. Tanto si necesita atenci\u00f3n quiropr\u00e1ctica, fisioterapia o servicios de diagn\u00f3stico, nuestras cl\u00ednicas est\u00e1n dise\u00f1adas para ofrecerle un apoyo integral. Entendemos que la comodidad y la accesibilidad son factores clave en su recuperaci\u00f3n despu\u00e9s de un accidente.<\/p>\n<h3>Apoyo dedicado a su recuperaci\u00f3n e indemnizaci\u00f3n<\/h3>\n<p>En Hurt 911, damos prioridad a su salud y bienestar. Nuestro equipo no s\u00f3lo se centra en el tratamiento de sus lesiones; tambi\u00e9n le ayudamos a navegar por las complejidades de las reclamaciones de seguros y compensaciones. Trabajamos junto a usted para asegurarnos de que reciba el apoyo financiero necesario para cubrir los gastos m\u00e9dicos y los salarios perdidos. Su recuperaci\u00f3n es nuestra misi\u00f3n, y estamos aqu\u00ed para ayudarle en cada paso del camino. P\u00f3ngase en contacto con nosotros hoy mismo y d\u00e9 el primer paso hacia una vida sin dolor. Deje que el Centro de Lesiones Hurt 911 Colorado sea su socio en la recuperaci\u00f3n.<\/p>\n","protected":false},"excerpt":{"rendered":"<p>Quiropr\u00e1ctico para accidentes de coche en Centennial Si usted ha estado involucrado en un accidente de coche en Centennial, es crucial buscar ayuda profesional de un quiropr\u00e1ctico de Centennial, CO para su recuperaci\u00f3n. En Hurt 911 Colorado Injury Centers, nos dedicamos a apoyarle en cada paso de su viaje de curaci\u00f3n. Nuestro experimentado equipo est\u00e1 [&hellip;]<\/p>\n","protected":false},"author":6,"featured_media":0,"parent":4228,"menu_order":0,"comment_status":"closed","ping_status":"closed","template":"","meta":{"_acf_changed":false,"footnotes":""},"class_list":["post-4234","page","type-page","status-publish","hentry"],"acf":[],"_links":{"self":[{"href":"https:\/\/1800hurt911co.com\/es\/wp-json\/wp\/v2\/pages\/4234","targetHints":{"allow":["GET"]}}],"collection":[{"href":"https:\/\/1800hurt911co.com\/es\/wp-json\/wp\/v2\/pages"}],"about":[{"href":"https:\/\/1800hurt911co.com\/es\/wp-json\/wp\/v2\/types\/page"}],"author":[{"embeddable":true,"href":"https:\/\/1800hurt911co.com\/es\/wp-json\/wp\/v2\/users\/6"}],"replies":[{"embeddable":true,"href":"https:\/\/1800hurt911co.com\/es\/wp-json\/wp\/v2\/comments?post=4234"}],"version-history":[{"count":2,"href":"https:\/\/1800hurt911co.com\/es\/wp-json\/wp\/v2\/pages\/4234\/revisions"}],"predecessor-version":[{"id":4236,"href":"https:\/\/1800hurt911co.com\/es\/wp-json\/wp\/v2\/pages\/4234\/revisions\/4236"}],"up":[{"embeddable":true,"href":"https:\/\/1800hurt911co.com\/es\/wp-json\/wp\/v2\/pages\/4228"}],"wp:attachment":[{"href":"https:\/\/1800hurt911co.com\/es\/wp-json\/wp\/v2\/media?parent=4234"}],"curies":[{"name":"wp","href":"https:\/\/api.w.org\/{rel}","templated":true}]}}