{"id":4240,"date":"2024-09-18T08:47:25","date_gmt":"2024-09-18T12:47:25","guid":{"rendered":"https:\/\/1800hurt911co.com\/centennial\/centennial-fisioterapeuta-de-accidentes-de-trafico\/"},"modified":"2024-09-29T01:49:58","modified_gmt":"2024-09-29T07:49:58","slug":"centennial-fisioterapeuta-de-accidentes-de-trafico","status":"publish","type":"page","link":"https:\/\/1800hurt911co.com\/es\/centennial\/centennial-fisioterapeuta-de-accidentes-de-trafico\/","title":{"rendered":"Centennial Fisioterapeuta de accidentes de tr\u00e1fico"},"content":{"rendered":"<h2>Fisioterapeuta de Accidentes de Coche en Centennial, CO<\/h2>\n<p>En Hurt 911 Colorado Injury Centers, entendemos los desaf\u00edos que enfrenta despu\u00e9s de un accidente automovil\u00edstico. La terapia f\u00edsica es una parte crucial de su viaje de recuperaci\u00f3n. Nuestros fisioterapeutas de accidentes de coche en Centennial se dedican a ayudarle a recuperar su fuerza, movilidad y bienestar general. Nuestros servicios de terapia f\u00edsica est\u00e1n dise\u00f1ados espec\u00edficamente para las personas que se recuperan de lesiones por accidente de coche. Si usted est\u00e1 tratando con dolor de cuello, malestar cr\u00f3nico, o movimiento limitado, tenemos las herramientas y la experiencia para ayudarle. Nuestro equipo emplea diversas t\u00e9cnicas, incluyendo terapia manual y ejercicios terap\u00e9uticos, para reducir el dolor y mejorar su funci\u00f3n f\u00edsica. Nos enorgullecemos de desarrollar planes de tratamiento personalizados adaptados a sus necesidades \u00fanicas. Cada paciente recibe una evaluaci\u00f3n inicial, lo que permite a nuestros expertos terapeutas para evaluar su condici\u00f3n y crear una estrategia que promueve la curaci\u00f3n y el alivio del dolor. Nos centramos en t\u00e9cnicas pr\u00e1cticas, asegurando que usted reciba el m\u00e1s alto nivel de atenci\u00f3n a lo largo de su proceso de rehabilitaci\u00f3n. Elegir nuestra cl\u00ednica de Centennial significa acceder a una formaci\u00f3n avanzada y a m\u00e9todos innovadores. Nuestros fisioterapeutas est\u00e1n comprometidos a mantenerse al d\u00eda con las mejores pr\u00e1cticas de la industria, lo que nos permite ofrecer tratamientos eficaces que conducen a una mayor flexibilidad y movilidad. Si usted est\u00e1 buscando para recuperar su vida despu\u00e9s de un accidente, nuestros servicios de terapia f\u00edsica en Centennial, CO, est\u00e1n aqu\u00ed para ayudarle en cada paso del camino. Llegar a programar su cita y dar el primer paso hacia una vida libre de dolor.<\/p>\n<h2>Servicios integrales de terapia f\u00edsica<\/h2>\n<p><img fetchpriority=\"high\" decoding=\"async\" class=\"alignnone wp-image-2866 size-full\" src=\"https:\/\/1800hurt911co.com\/wp-content\/uploads\/2024\/09\/physical-therapy-after-car-accident.webp\" alt=\"Car Accident Physical Therapist in Centennial Colorado\" width=\"500\" height=\"334\" srcset=\"https:\/\/1800hurt911co.com\/wp-content\/uploads\/2024\/09\/physical-therapy-after-car-accident.webp 500w, https:\/\/1800hurt911co.com\/wp-content\/uploads\/2024\/09\/physical-therapy-after-car-accident-300x200.webp 300w\" sizes=\"(max-width: 500px) 100vw, 500px\" \/><\/p>\n<p>En nuestra cl\u00ednica de Centennial, ofrecemos una amplia gama de servicios de fisioterapia integral dise\u00f1ados espec\u00edficamente para las personas que se recuperan de accidentes automovil\u00edsticos. Nuestro objetivo es ayudarle a recuperar su movilidad, reducir el dolor y volver a sus actividades diarias lo antes posible.<\/p>\n<h3>Fisioterapia para accidentes de coche<\/h3>\n<p>Despu\u00e9s de un accidente de coche, muchas personas experimentan diversas lesiones que pueden afectar a su funci\u00f3n f\u00edsica. Nuestra fisioterapia accidente de coche se centra en el tratamiento de estas lesiones, incluyendo dolor de cuello, dolor de espalda y disfunci\u00f3n de las articulaciones. Utilizamos t\u00e9cnicas basadas en la evidencia para promover la curaci\u00f3n y mejorar su bienestar general.<\/p>\n<h3>Latigazo cervical Tratamiento y Alivio del Dolor<\/h3>\n<p>El latigazo cervical es una lesi\u00f3n com\u00fan que se produce durante los accidentes de coche. Nuestros fisioterapeutas cualificados se especializan en el tratamiento del latigazo cervical, empleando diversas modalidades para aliviar el dolor y restaurar el movimiento. Hacemos hincapi\u00e9 en un enfoque personalizado, asegurando que cada plan de tratamiento se dirige a sus s\u00edntomas espec\u00edficos y objetivos de recuperaci\u00f3n.<\/p>\n<h3>Terapia manual y liberaci\u00f3n miofascial<\/h3>\n<p>Nuestro equipo est\u00e1 formado en t\u00e9cnicas avanzadas de terapia manual y liberaci\u00f3n miofascial. Estos m\u00e9todos pr\u00e1cticos ayudan a aliviar la tensi\u00f3n muscular, mejorar la circulaci\u00f3n y aumentar la flexibilidad. Al abordar los problemas subyacentes que causan malestar, nuestro objetivo es eliminar el dolor y promover un proceso de recuperaci\u00f3n m\u00e1s eficaz.<\/p>\n<h3>Ejercicios terap\u00e9uticos para la recuperaci\u00f3n<\/h3>\n<p>Los ejercicios terap\u00e9uticos son un componente esencial de nuestros planes de tratamiento. Dise\u00f1amos programas de ejercicios individualizados que se centran en fortalecer los m\u00fasculos, mejorar la flexibilidad y aumentar la coordinaci\u00f3n. A medida que progresa, vamos a ajustar sus ejercicios para asegurar la mejora continua y apoyar su viaje hacia la vida libre de dolor. Si usted se est\u00e1 recuperando de un accidente de coche, nuestros servicios integrales de terapia f\u00edsica en Centennial, CO, est\u00e1n aqu\u00ed para apoyarle en cada paso del camino. Su recuperaci\u00f3n es nuestra prioridad, y estamos dedicados a ayudarle a alcanzar el m\u00e1s alto nivel de funci\u00f3n f\u00edsica posible.<\/p>\n<h2>Qu\u00e9 esperar durante su tratamiento de terapia f\u00edsica<\/h2>\n<p><img decoding=\"async\" class=\"alignnone wp-image-2536 size-full\" src=\"https:\/\/1800hurt911co.com\/wp-content\/uploads\/2024\/09\/shutterstock_2472674969.webp\" alt=\"Physical Therapy After a Car Accident\" width=\"500\" height=\"337\" srcset=\"https:\/\/1800hurt911co.com\/wp-content\/uploads\/2024\/09\/shutterstock_2472674969.webp 500w, https:\/\/1800hurt911co.com\/wp-content\/uploads\/2024\/09\/shutterstock_2472674969-300x202.webp 300w\" sizes=\"(max-width: 500px) 100vw, 500px\" \/><\/p>\n<p>Cuando visite a nuestro fisioterapeuta de accidentes de coche de Centennial, puede anticipar un entorno estructurado y de apoyo dirigido a su recuperaci\u00f3n. El proceso comienza con una evaluaci\u00f3n inicial, donde nuestros terapeutas expertos evaluar\u00e1n sus lesiones y su condici\u00f3n f\u00edsica. Esta evaluaci\u00f3n exhaustiva ayuda a comprender los retos espec\u00edficos a los que se enfrenta debido a las lesiones por accidente de coche como dolor de cuello o latigazo cervical. Tras la evaluaci\u00f3n, pondremos en marcha servicios de diagn\u00f3stico. Estos pueden incluir pruebas para medir su movilidad, fuerza y flexibilidad. Este paso fundamental es crucial para desarrollar una imagen clara de su estado f\u00edsico y guiar su tratamiento. A continuaci\u00f3n, recibir\u00e1 un plan de tratamiento personalizado adaptado a sus necesidades. Este plan describir\u00e1 las terapias y ejercicios espec\u00edficos dise\u00f1ados para mejorar su funci\u00f3n f\u00edsica y aliviar el dolor. Nos centramos en la creaci\u00f3n de una hoja de ruta que no s\u00f3lo se ocupa de su malestar actual, sino que tambi\u00e9n promueve la curaci\u00f3n a largo plazo. Durante las sesiones, se aplicar\u00e1n t\u00e9cnicas de terapia manual que han demostrado reducir el dolor y mejorar la movilidad. Nuestros terapeutas emplean m\u00e9todos como la liberaci\u00f3n miofascial y la punci\u00f3n seca, que son espec\u00edficamente eficaces para las lesiones por accidente de coche. Estas t\u00e9cnicas tienen como objetivo relajar los m\u00fasculos tensos y mejorar la circulaci\u00f3n, facilitando una mejor recuperaci\u00f3n. A lo largo de su tratamiento, nuestros terapeutas utilizar\u00e1n formaci\u00f3n y t\u00e9cnicas avanzadas para garantizar que usted reciba el m\u00e1s alto nivel de atenci\u00f3n. Se mantienen actualizados sobre las \u00faltimas pr\u00e1cticas en terapia f\u00edsica, lo que les permite ofrecerle opciones de tratamiento eficaces e innovadoras. Cuando usted elige nuestro Centennial accidente de coche fisioterapeutas, usted puede esperar un enfoque integral e individualizado para su recuperaci\u00f3n. Desde la evaluaci\u00f3n inicial hasta el tratamiento pr\u00e1ctico, nuestro objetivo es ayudarle a recuperar su fuerza y volver a una vida libre de dolor.<\/p>\n<h2>Preguntas frecuentes<\/h2>\n<h3>Qu\u00e9 traer a su primera cita<\/h3>\n<p>Cuando visite a nuestro fisioterapeuta de accidentes de coche en Centennial por primera vez, es esencial que venga preparado. Traiga todos los registros m\u00e9dicos relacionados con sus lesiones, incluidos los resultados de im\u00e1genes como radiograf\u00edas o resonancias magn\u00e9ticas. Si usted ha sido tratado por otros proveedores de atenci\u00f3n m\u00e9dica, por favor traiga su informaci\u00f3n de contacto tambi\u00e9n. Esta informaci\u00f3n nos ayuda a comprender mejor su enfermedad y a adaptar su plan de tratamiento en consecuencia.<\/p>\n<h3>Frecuencia y duraci\u00f3n del tratamiento<\/h3>\n<p>La frecuencia y duraci\u00f3n de sus sesiones de fisioterapia depender\u00e1 de la naturaleza de sus lesiones por accidente de coche. En general, los pacientes pueden asistir a sesiones de 1 a 3 veces por semana. Cada cita suele durar de 45 minutos a una hora, lo que permite un amplio tiempo para la evaluaci\u00f3n, tratamiento y ejercicios. Nuestro objetivo es optimizar su proceso de recuperaci\u00f3n mientras se acomoda a su horario y necesidades. Despu\u00e9s de su evaluaci\u00f3n inicial, trabajaremos con usted para establecer un plan que se alinee con sus objetivos espec\u00edficos de recuperaci\u00f3n. Si usted tiene alguna pregunta o preocupaci\u00f3n adicional con respecto a su tratamiento, no dude en ponerse en contacto. Nuestro equipo est\u00e1 dedicado a proporcionarle la informaci\u00f3n y el apoyo que necesita durante su viaje de recuperaci\u00f3n.<\/p>\n<h2>Contacte con nosotros<\/h2>\n<p><img decoding=\"async\" class=\"alignnone wp-image-2064\" src=\"https:\/\/1800hurt911co.com\/wp-content\/uploads\/2020\/12\/banner-bg1-copy-1024x254.webp\" alt=\"Hurt911 Logo\" width=\"500\" height=\"124\" srcset=\"https:\/\/1800hurt911co.com\/wp-content\/uploads\/2020\/12\/banner-bg1-copy-1024x254.webp 1024w, https:\/\/1800hurt911co.com\/wp-content\/uploads\/2020\/12\/banner-bg1-copy-300x75.webp 300w, https:\/\/1800hurt911co.com\/wp-content\/uploads\/2020\/12\/banner-bg1-copy-768x191.webp 768w, https:\/\/1800hurt911co.com\/wp-content\/uploads\/2020\/12\/banner-bg1-copy-1536x382.webp 1536w, https:\/\/1800hurt911co.com\/wp-content\/uploads\/2020\/12\/banner-bg1-copy.webp 1920w\" sizes=\"(max-width: 500px) 100vw, 500px\" \/><\/p>\n<p>Si usted ha estado involucrado en un accidente de coche y necesita terapia f\u00edsica profesional en Centennial, CO, estamos aqu\u00ed para ayudarle en cada paso del camino. Nuestro equipo dedicado est\u00e1 listo para ayudarle a recuperar su funci\u00f3n f\u00edsica y lograr una vida libre de dolor. Llegar a <a href=\"\/es\/\">Hurt911 Colorado Injury Centers<\/a> hoy.<\/p>\n<h3>C\u00f3mo llegar a nuestra cl\u00ednica de Centennial<\/h3>\n<p>\u00a1Encontrarnos es f\u00e1cil! Nuestra cl\u00ednica est\u00e1 convenientemente situada en Centennial, por lo que es accesible a los de las \u00e1reas circundantes. Ya sea que venga de Denver o de pueblos cercanos, puede confiar en las indicaciones claras para llegar a nuestras instalaciones.<\/p>\n<h3>Alcance hacia fuera para m\u00e1s informaci\u00f3n<\/h3>\n<p>\u00bfTiene preguntas sobre nuestros servicios o necesita m\u00e1s informaci\u00f3n? No dude en ponerse en contacto con nosotros. Nuestro amable personal est\u00e1 listo para proporcionar la informaci\u00f3n que necesita para tomar decisiones informadas sobre su proceso de recuperaci\u00f3n.<\/p>\n<h3>Concertar una cita<\/h3>\n<p>Dar el primer paso hacia la recuperaci\u00f3n es crucial. Concierte hoy mismo una cita con uno de nuestros fisioterapeutas experimentados. Trabajaremos con usted para encontrar un momento que se adapte a su horario, asegurando que reciba la atenci\u00f3n que necesita sin demora.<\/p>\n<h3>Consulta inicial gratuita<\/h3>\n<p>Ofrecemos una consulta inicial gratuita para discutir sus lesiones y opciones de tratamiento. Esta es una excelente oportunidad para conocer a nuestro equipo y entender c\u00f3mo nuestros servicios de terapia f\u00edsica puede ayudar a sanar de lesiones por accidente de coche.<\/p>\n<h3>Ubicaciones convenientes y transporte gratuito<\/h3>\n<p>Entendemos que el transporte puede ser una barrera para recibir atenci\u00f3n. Es por eso que ofrecemos transporte gratuito desde y hacia nuestra cl\u00ednica. Nuestro objetivo es hacer que su recuperaci\u00f3n lo m\u00e1s suave posible, para que pueda centrarse en la curaci\u00f3n y la mejora de su calidad de vida. P\u00f3ngase en contacto con nosotros hoy mismo para comenzar su viaje hacia la recuperaci\u00f3n.<\/p>\n","protected":false},"excerpt":{"rendered":"<p>Fisioterapeuta de Accidentes de Coche en Centennial, CO En Hurt 911 Colorado Injury Centers, entendemos los desaf\u00edos que enfrenta despu\u00e9s de un accidente automovil\u00edstico. La terapia f\u00edsica es una parte crucial de su viaje de recuperaci\u00f3n. Nuestros fisioterapeutas de accidentes de coche en Centennial se dedican a ayudarle a recuperar su fuerza, movilidad y bienestar [&hellip;]<\/p>\n","protected":false},"author":6,"featured_media":0,"parent":4228,"menu_order":0,"comment_status":"closed","ping_status":"closed","template":"","meta":{"_acf_changed":false,"footnotes":""},"class_list":["post-4240","page","type-page","status-publish","hentry"],"acf":[],"_links":{"self":[{"href":"https:\/\/1800hurt911co.com\/es\/wp-json\/wp\/v2\/pages\/4240","targetHints":{"allow":["GET"]}}],"collection":[{"href":"https:\/\/1800hurt911co.com\/es\/wp-json\/wp\/v2\/pages"}],"about":[{"href":"https:\/\/1800hurt911co.com\/es\/wp-json\/wp\/v2\/types\/page"}],"author":[{"embeddable":true,"href":"https:\/\/1800hurt911co.com\/es\/wp-json\/wp\/v2\/users\/6"}],"replies":[{"embeddable":true,"href":"https:\/\/1800hurt911co.com\/es\/wp-json\/wp\/v2\/comments?post=4240"}],"version-history":[{"count":2,"href":"https:\/\/1800hurt911co.com\/es\/wp-json\/wp\/v2\/pages\/4240\/revisions"}],"predecessor-version":[{"id":4242,"href":"https:\/\/1800hurt911co.com\/es\/wp-json\/wp\/v2\/pages\/4240\/revisions\/4242"}],"up":[{"embeddable":true,"href":"https:\/\/1800hurt911co.com\/es\/wp-json\/wp\/v2\/pages\/4228"}],"wp:attachment":[{"href":"https:\/\/1800hurt911co.com\/es\/wp-json\/wp\/v2\/media?parent=4240"}],"curies":[{"name":"wp","href":"https:\/\/api.w.org\/{rel}","templated":true}]}}