{"id":4243,"date":"2024-09-18T07:14:51","date_gmt":"2024-09-18T11:14:51","guid":{"rendered":"https:\/\/1800hurt911co.com\/centennial\/centennial-tratamiento-de-accidentes-de-trafico\/"},"modified":"2024-09-29T01:58:55","modified_gmt":"2024-09-29T07:58:55","slug":"centennial-tratamiento-de-accidentes-de-trafico","status":"publish","type":"page","link":"https:\/\/1800hurt911co.com\/es\/centennial\/centennial-tratamiento-de-accidentes-de-trafico\/","title":{"rendered":"Centennial Tratamiento de accidentes de tr\u00e1fico"},"content":{"rendered":"<h2>Tratamiento de accidentes de coche en Centennial<\/h2>\n<p>Si usted ha experimentado recientemente un accidente de coche en Centennial, es crucial conocer sus pr\u00f3ximos pasos. Las secuelas de un accidente pueden ser abrumadoras, pero tomar medidas inmediatas es esencial para su recuperaci\u00f3n y compensaci\u00f3n potencial. Busque atenci\u00f3n m\u00e9dica de inmediato, incluso si se siente bien. Algunas lesiones, como el latigazo cervical o da\u00f1os en los tejidos blandos, pueden no mostrar s\u00edntomas inmediatamente. En Hurt 911 Colorado Injury Centers, nuestro equipo est\u00e1 preparado para evaluar su condici\u00f3n y proporcionar tratamiento de accidente de coche adaptado a sus necesidades. Ofrecemos im\u00e1genes de diagn\u00f3stico, atenci\u00f3n quiropr\u00e1ctica y fisioterapia para ayudar a su recuperaci\u00f3n. Tambi\u00e9n conectamos a los pacientes con los abogados dedicados que se especializan en casos de accidentes de coche. P\u00f3ngase en contacto con nosotros hoy para una consulta gratuita.<\/p>\n<h2>Atenci\u00f3n integral de lesiones por accidente de coche<\/h2>\n<p><img fetchpriority=\"high\" decoding=\"async\" class=\"alignnone wp-image-2877 size-full\" src=\"https:\/\/1800hurt911co.com\/wp-content\/uploads\/2024\/09\/car-accident-treatment.webp\" alt=\"Centennial Car Accident Treatment, Whiplash\" width=\"500\" height=\"334\" srcset=\"https:\/\/1800hurt911co.com\/wp-content\/uploads\/2024\/09\/car-accident-treatment.webp 500w, https:\/\/1800hurt911co.com\/wp-content\/uploads\/2024\/09\/car-accident-treatment-300x200.webp 300w\" sizes=\"(max-width: 500px) 100vw, 500px\" \/><\/p>\n<p>En Hurt 911 Colorado Injury Centers, entendemos los desaf\u00edos que enfrentan las v\u00edctimas de accidentes automovil\u00edsticos en Centennial. Nuestros servicios de tratamiento integral est\u00e1n dise\u00f1ados para abordar sus necesidades espec\u00edficas y facilitar su recuperaci\u00f3n. Si usted est\u00e1 tratando con lesiones agudas o dolor cr\u00f3nico, nuestro equipo dedicado est\u00e1 aqu\u00ed para ayudarle a recuperar su salud y bienestar.<\/p>\n<h3>M\u00e9dico de accidentes de tr\u00e1fico<\/h3>\n<p>Nuestros m\u00e9dicos de accidentes de tr\u00e1fico se especializan en el diagn\u00f3stico y tratamiento de lesiones sufridas en accidentes automovil\u00edsticos. Proporcionamos evaluaciones exhaustivas para determinar el alcance de sus lesiones y desarrollar un plan de tratamiento eficaz adaptado a su condici\u00f3n.<\/p>\n<h3>Quiropr\u00e1ctico de accidentes de coche<\/h3>\n<p>El cuidado quiropr\u00e1ctico es esencial para muchas v\u00edctimas de accidentes de coche. Nuestros quiropr\u00e1cticos se centran en alinear la columna vertebral y aliviar la tensi\u00f3n en el cuerpo. Este enfoque ayuda a reducir el dolor y restaurar la funci\u00f3n normal, lo que le permite volver a sus actividades diarias m\u00e1s r\u00e1pidamente.<\/p>\n<h3>Latigazo cervical Doctor<\/h3>\n<p>El latigazo cervical es una lesi\u00f3n com\u00fan resultante de accidentes automovil\u00edsticos. Nuestros m\u00e9dicos especialistas en latigazo cervical emplean diversos m\u00e9todos de tratamiento para aliviar el dolor y mejorar la movilidad. Nuestro objetivo es abordar las causas fundamentales de sus s\u00edntomas para promover un alivio duradero.<\/p>\n<h3>Fisioterapeuta de accidentes de tr\u00e1fico<\/h3>\n<p>La fisioterapia desempe\u00f1a un papel vital en el proceso de recuperaci\u00f3n. Nuestros fisioterapeutas trabajan estrechamente con usted para desarrollar un programa de rehabilitaci\u00f3n personalizado. Este programa incluye ejercicios terap\u00e9uticos destinados a mejorar la fuerza, la flexibilidad y la funci\u00f3n general despu\u00e9s de un accidente.<\/p>\n<h3>Servicios de diagn\u00f3stico: Rayos X y resonancia magn\u00e9tica<\/h3>\n<p>Un diagn\u00f3stico preciso es crucial para un tratamiento eficaz. Ofrecemos servicios avanzados de diagn\u00f3stico, incluyendo radiograf\u00edas y resonancias magn\u00e9ticas, para evaluar a fondo sus lesiones. Esta informaci\u00f3n nos ayuda a crear un plan de tratamiento espec\u00edfico que se ocupa de sus necesidades espec\u00edficas. Nuestro compromiso de proporcionar servicios integrales de tratamiento de accidentes de coche asegura que usted reciba la atenci\u00f3n necesaria para una recuperaci\u00f3n exitosa. En Hurt 911 Colorado Injury Centers, estamos dedicados a apoyarle en cada paso del camino.<\/p>\n<h2>\u00bfPor qu\u00e9 elija los centros de lesi\u00f3n de Hurt 911 Colorado?<\/h2>\n<p>Cuando se trata de la atenci\u00f3n de accidentes de coche en Centennial, Hurt 911 Colorado Injury Centers se destaca por varias razones. Nuestro compromiso al cuidado y a la recuperaci\u00f3n pacientes es incomparable.<\/p>\n<h3>Nuestro Enfoque Multidisciplinario<\/h3>\n<p>Ofrecemos una amplia gama de servicios que abordan tanto los aspectos f\u00edsicos como emocionales de la recuperaci\u00f3n. Nuestro equipo incluye m\u00e9dicos de accidentes de coche, quiropr\u00e1cticos, fisioterapeutas y especialistas en diagn\u00f3stico. Este esfuerzo de colaboraci\u00f3n garantiza que se traten todas las facetas de su lesi\u00f3n. Mediante la integraci\u00f3n de diversas especialidades, ofrecemos un plan de tratamiento hol\u00edstico que se dirige a sus necesidades \u00fanicas.<\/p>\n<h3>Equipo m\u00e9dico experimentado y compasivo<\/h3>\n<p>Nuestros profesionales m\u00e9dicos no s\u00f3lo est\u00e1n cualificados, sino que tambi\u00e9n se preocupan sinceramente por su recuperaci\u00f3n. Ellos entienden el dolor y el estr\u00e9s que vienen despu\u00e9s de un accidente. Con a\u00f1os de experiencia en el tratamiento de lesiones por accidente de coche, que est\u00e1n equipados para guiarle a trav\u00e9s del proceso de curaci\u00f3n. Usted recibir\u00e1 atenci\u00f3n personalizada y apoyo, haciendo que su experiencia sea lo m\u00e1s c\u00f3moda posible.<\/p>\n<h3>Servicios de transporte gratuitos<\/h3>\n<p>Llegar a sus citas no deber\u00eda ser una carga a\u00f1adida. Por eso ofrecemos transporte gratuito de ida y vuelta a nuestras instalaciones. Queremos eliminar cualquier obst\u00e1culo que pueda impedirle recibir la atenci\u00f3n que necesita. Nuestro objetivo es que su proceso de recuperaci\u00f3n sea fluido y sin estr\u00e9s.<\/p>\n<h3>Integraci\u00f3n perfecta con la asistencia jur\u00eddica<\/h3>\n<p>Navegar por las secuelas de un accidente de coche puede ser abrumador. Es por eso que trabajamos en estrecha colaboraci\u00f3n con profesionales del derecho que se especializan en casos de lesiones personales. Nuestro equipo puede ayudarle a ponerse en contacto con abogados de confianza que defender\u00e1n sus derechos. Esta integraci\u00f3n asegura que usted reciba la atenci\u00f3n m\u00e9dica que necesita, mientras que tambi\u00e9n la b\u00fasqueda de una compensaci\u00f3n justa por sus lesiones. Elegir los Centros de Lesiones Hurt 911 Colorado significa elegir un camino hacia la recuperaci\u00f3n que priorice su salud, comodidad y tranquilidad. Perm\u00edtanos ayudarle a volver a vivir su vida.<\/p>\n<h2>Entendiendo Sus Lesiones y S\u00edntomas<\/h2>\n<p><img decoding=\"async\" class=\"alignnone wp-image-2153 size-full\" src=\"https:\/\/1800hurt911co.com\/wp-content\/uploads\/2024\/08\/chiropractic-care.webp\" alt=\"Chiropractic Care for Car Accident Injuries\" width=\"500\" height=\"333\" srcset=\"https:\/\/1800hurt911co.com\/wp-content\/uploads\/2024\/08\/chiropractic-care.webp 500w, https:\/\/1800hurt911co.com\/wp-content\/uploads\/2024\/08\/chiropractic-care-300x200.webp 300w\" sizes=\"(max-width: 500px) 100vw, 500px\" \/><\/p>\n<p>Despu\u00e9s de un accidente de coche, reconocer y comprender sus lesiones es crucial para una recuperaci\u00f3n eficaz. Muchas personas experimentan una serie de s\u00edntomas que pueden afectar a su vida diaria. He aqu\u00ed un vistazo m\u00e1s de cerca a las lesiones comunes y los s\u00edntomas asociados con ellos.<\/p>\n<h3>S\u00edntomas y tratamiento del latigazo cervical<\/h3>\n<p>El latigazo cervical es una lesi\u00f3n frecuente provocada por movimientos bruscos de la cabeza durante un accidente de tr\u00e1fico. Los s\u00edntomas pueden incluir dolor de cuello, rigidez, dolores de cabeza y mareos. El tratamiento suele consistir en una combinaci\u00f3n de reposo, fisioterapia y cuidados quiropr\u00e1cticos para aliviar el dolor y recuperar la movilidad.<\/p>\n<h3>Lesiones de tejidos blandos: Esguinces, distensiones y contusiones<\/h3>\n<p>Las lesiones de tejidos blandos son comunes en los accidentes de coche y pueden manifestarse como esguinces, distensiones o contusiones. Estas lesiones suelen provocar hinchaz\u00f3n, hematomas y limitaci\u00f3n del movimiento. El tratamiento puede incluir terapia con hielo, fisioterapia y ejercicios terap\u00e9uticos para promover la curaci\u00f3n y recuperar la fuerza.<\/p>\n<h3>Control del dolor de cuello y espalda<\/h3>\n<p>El dolor de cuello y de espalda puede derivarse de diversas lesiones sufridas en un accidente de tr\u00e1fico. Los s\u00edntomas pueden variar desde una molestia leve hasta un dolor intenso que afecta a las actividades diarias. Un plan de tratamiento integral, que incluya ajustes quiropr\u00e1cticos y fisioterapia, puede ayudar a controlar el dolor y mejorar la funci\u00f3n general.<\/p>\n<h3>Tratamiento del dolor cr\u00f3nico y la inflamaci\u00f3n<\/h3>\n<p>Algunas personas pueden experimentar dolor cr\u00f3nico o inflamaci\u00f3n despu\u00e9s de un accidente, lo que puede dificultar su proceso de recuperaci\u00f3n. Este dolor puede ser persistente y requerir un enfoque multidisciplinar para su tratamiento eficaz. Las opciones de tratamiento pueden incluir medicaci\u00f3n, terapia manual y t\u00e9cnicas de rehabilitaci\u00f3n especializadas para ayudar a reducir los niveles de dolor y mejorar la calidad de vida. La comprensi\u00f3n de sus lesiones y s\u00edntomas es el primer paso hacia un tratamiento eficaz y la recuperaci\u00f3n. En Hurt 911 Colorado Injury Centers, nos dedicamos a proporcionar la atenci\u00f3n y el apoyo que necesita para sanar y recuperar el control de su vida despu\u00e9s de un accidente de coche.<\/p>\n<h2>El Proceso de Recuperaci\u00f3n<\/h2>\n<p><img decoding=\"async\" class=\"alignnone wp-image-2537 size-full\" src=\"https:\/\/1800hurt911co.com\/wp-content\/uploads\/2024\/09\/shutterstock_2304125513.webp\" alt=\"Physical Therapy, Car Accident Treatment in Centennial Colorado\" width=\"500\" height=\"334\" srcset=\"https:\/\/1800hurt911co.com\/wp-content\/uploads\/2024\/09\/shutterstock_2304125513.webp 500w, https:\/\/1800hurt911co.com\/wp-content\/uploads\/2024\/09\/shutterstock_2304125513-300x200.webp 300w\" sizes=\"(max-width: 500px) 100vw, 500px\" \/><\/p>\n<p>La recuperaci\u00f3n de un accidente de coche implica pasos m\u00faltiples dirigidos a restaurar su salud f\u00edsica y bienestar total. En Hurt 911 Colorado Injury Centers, damos prioridad a un proceso de recuperaci\u00f3n completo y de apoyo adaptado a sus lesiones y necesidades espec\u00edficas.<\/p>\n<h3>Desarrollo de un plan de tratamiento personalizado<\/h3>\n<p>Cada lesi\u00f3n es diferente. Despu\u00e9s de una consulta y evaluaci\u00f3n inicial, nuestro equipo m\u00e9dico crear\u00e1 un plan de tratamiento personalizado. Este plan abordar\u00e1 sus s\u00edntomas \u00fanicos y sus objetivos de recuperaci\u00f3n. Nos centramos en m\u00e9todos eficaces que promueven la curaci\u00f3n y alivian el dolor.<\/p>\n<h3>Ejercicios terap\u00e9uticos y terapia manual<\/h3>\n<p>Los ejercicios terap\u00e9uticos desempe\u00f1an un papel crucial en su recuperaci\u00f3n. Nuestros fisioterapeutas le guiar\u00e1n a trav\u00e9s de ejercicios dise\u00f1ados para fortalecer los m\u00fasculos, mejorar la flexibilidad y aumentar la movilidad. Tambi\u00e9n se emplean t\u00e9cnicas de terapia manual para aliviar la tensi\u00f3n y reducir los niveles de dolor en las zonas afectadas.<\/p>\n<h3>Atenci\u00f3n quiropr\u00e1ctica para la curaci\u00f3n a largo plazo<\/h3>\n<p>La atenci\u00f3n quiropr\u00e1ctica es esencial para hacer frente a los desajustes y promover la curaci\u00f3n. Nuestros quiropr\u00e1cticos de accidentes de coche utilizan diversas t\u00e9cnicas para aliviar el dolor y restaurar el movimiento. Este enfoque hol\u00edstico no s\u00f3lo se ocupa de las molestias inmediatas, sino que tambi\u00e9n apoya la recuperaci\u00f3n a largo plazo.<\/p>\n<h3>Fisioterapia para mejorar la movilidad y la flexibilidad<\/h3>\n<p>La terapia f\u00edsica es vital para recuperar la funci\u00f3n completa despu\u00e9s de un accidente. Nuestros expertos terapeutas trabajar\u00e1n con usted para mejorar su amplitud de movimiento y flexibilidad. Le proporcionar\u00e1n apoyo continuo y ajustar\u00e1n su tratamiento seg\u00fan sea necesario para garantizar que logre los mejores resultados posibles. En Hurt 911 Colorado Injury Centers, estamos comprometidos a guiarle a trav\u00e9s de su viaje de recuperaci\u00f3n. Nuestro experimentado equipo est\u00e1 aqu\u00ed para proporcionar la atenci\u00f3n y el apoyo que necesita para recuperar su fuerza y volver a su vida cotidiana.<\/p>\n<h2>Apoyo financiero y legal<\/h2>\n<p><img loading=\"lazy\" decoding=\"async\" class=\"alignnone wp-image-2920 size-full\" src=\"https:\/\/1800hurt911co.com\/wp-content\/uploads\/2024\/09\/hurt911-car-accident-lawyer.webp\" alt=\"Car Accident Lawyer\" width=\"500\" height=\"334\" srcset=\"https:\/\/1800hurt911co.com\/wp-content\/uploads\/2024\/09\/hurt911-car-accident-lawyer.webp 500w, https:\/\/1800hurt911co.com\/wp-content\/uploads\/2024\/09\/hurt911-car-accident-lawyer-300x200.webp 300w\" sizes=\"(max-width: 500px) 100vw, 500px\" \/><\/p>\n<p>Navegar por las secuelas de un accidente de coche puede ser abrumador, especialmente cuando se trata de asuntos financieros y legales. En Hurt 911 Colorado Injury Centers, entendemos la importancia de asegurar el apoyo adecuado para aliviar su carga. Nuestro equipo est\u00e1 aqu\u00ed para ayudarle en la gesti\u00f3n de las complejidades de las reclamaciones de seguros y procesos legales.<\/p>\n<h3>Trabajar con las compa\u00f1\u00edas de seguros<\/h3>\n<p>Tratar con las compa\u00f1\u00edas de seguros puede ser un reto. A menudo tienen como objetivo minimizar los pagos, dejando a muchas v\u00edctimas de accidentes de coche sentirse frustrado e incierto. Podemos ponerle en contacto con abogados que le guiar\u00e1n a trav\u00e9s del proceso de reclamaciones. Su abogado le ayudar\u00e1 a reunir la documentaci\u00f3n necesaria y abogar en su nombre para asegurarse de que recibe una compensaci\u00f3n justa por sus gastos m\u00e9dicos, salarios perdidos, y otros da\u00f1os relacionados con su accidente.<\/p>\n<h3>Servicios de gravamen m\u00e9dico: Sin costes por adelantado<\/h3>\n<p>Si le preocupan los gastos m\u00e9dicos por adelantado, nuestros servicios de embargo preventivo de gastos m\u00e9dicos pueden proporcionarle tranquilidad. Le tratamos sin exigirle un pago inmediato. Este acuerdo le permite centrarse en su recuperaci\u00f3n, mientras que el aplazamiento de los costos hasta que su caso de accidente de coche se resuelve. Usted puede recibir la atenci\u00f3n necesaria sin el estr\u00e9s de las obligaciones financieras inmediatas.<\/p>\n<h3>Referencias legales y apoyo<\/h3>\n<p>Adem\u00e1s de atenci\u00f3n m\u00e9dica, ofrecemos referencias a profesionales jur\u00eddicos de confianza especializados en casos de lesiones personales. Si necesita presentar una demanda contra la parte culpable, podemos ponerle en contacto con abogados que luchar\u00e1n por sus derechos. Nuestra red de expertos legales se dedica a ayudar a los clientes a navegar por las complejidades del sistema legal, asegurando que usted reciba la compensaci\u00f3n que se merece. En Hurt 911 Colorado Injury Centers, nos esforzamos por proporcionar un apoyo integral a nuestros clientes. Queremos que se sienta seguro en su viaje de recuperaci\u00f3n, sabiendo que tanto su salud como sus necesidades legales est\u00e1n siendo atendidas.<\/p>\n<h2>Qu\u00e9 Esperar Durante Su Visita<\/h2>\n<p>Cuando llegue al Centro de Lesiones Hurt 911 Colorado para recibir atenci\u00f3n m\u00e9dica por su accidente de coche, puede esperar una experiencia estructurada y de apoyo. Desde el momento en que atraviese nuestras puertas, nuestro objetivo principal es asegurarnos de que reciba la atenci\u00f3n m\u00e9dica que necesita y, al mismo tiempo, hacer que el proceso sea lo m\u00e1s sencillo posible.<\/p>\n<h3>Consulta inicial y evaluaci\u00f3n<\/h3>\n<p>Su visita comenzar\u00e1 con una consulta inicial. Durante este tiempo, nuestro equipo m\u00e9dico llevar\u00e1 a cabo una evaluaci\u00f3n exhaustiva de sus lesiones. Vamos a discutir sus s\u00edntomas, historial m\u00e9dico, y los detalles de su accidente de coche. Esto nos permite entender mejor su condici\u00f3n y determinar el mejor curso de acci\u00f3n en el futuro.<\/p>\n<h3>Pruebas de diagn\u00f3stico y evaluaci\u00f3n<\/h3>\n<p>Tras la evaluaci\u00f3n, podemos recomendar pruebas de diagn\u00f3stico, como radiograf\u00edas o resonancias magn\u00e9ticas. Estas pruebas nos ayudan a evaluar con precisi\u00f3n el alcance de sus lesiones. La comprensi\u00f3n de los detalles de su condici\u00f3n es crucial para el desarrollo de un plan de tratamiento eficaz. Nuestro equipo le explicar\u00e1 el prop\u00f3sito de cada prueba y lo que puede esperar durante el proceso.<\/p>\n<h3>Tratamiento y seguimiento<\/h3>\n<p>Una vez completada su evaluaci\u00f3n, crearemos un plan de tratamiento personalizado adaptado a sus necesidades espec\u00edficas. Este plan puede incluir cuidados quiropr\u00e1cticos, fisioterapia y otras modalidades terap\u00e9uticas dise\u00f1adas para reducir el dolor, mejorar la movilidad y promover la curaci\u00f3n. Programaremos citas de seguimiento regulares para supervisar su progreso y ajustar su tratamiento seg\u00fan sea necesario. Nuestro compromiso es apoyarle a lo largo de su viaje de recuperaci\u00f3n, asegurando que se sienta informado y cuidado en cada paso del camino.<\/p>\n<h2>Contacte con los Centros de Lesiones Hurt 911 Colorado<\/h2>\n<p><img loading=\"lazy\" decoding=\"async\" class=\"alignnone wp-image-2064\" src=\"https:\/\/1800hurt911co.com\/wp-content\/uploads\/2020\/12\/banner-bg1-copy-1024x254.webp\" alt=\"Hurt911 Logo\" width=\"500\" height=\"124\" srcset=\"https:\/\/1800hurt911co.com\/wp-content\/uploads\/2020\/12\/banner-bg1-copy-1024x254.webp 1024w, https:\/\/1800hurt911co.com\/wp-content\/uploads\/2020\/12\/banner-bg1-copy-300x75.webp 300w, https:\/\/1800hurt911co.com\/wp-content\/uploads\/2020\/12\/banner-bg1-copy-768x191.webp 768w, https:\/\/1800hurt911co.com\/wp-content\/uploads\/2020\/12\/banner-bg1-copy-1536x382.webp 1536w, https:\/\/1800hurt911co.com\/wp-content\/uploads\/2020\/12\/banner-bg1-copy.webp 1920w\" sizes=\"(max-width: 500px) 100vw, 500px\" \/><\/p>\n<p>Si usted ha estado implicado en un accidente de coche en Centennial, alcanzar ayuda es crucial. En Hurt 911 Colorado Injury Centers, nos dedicamos a apoyarlo en cada paso de su viaje de recuperaci\u00f3n. Nuestro equipo est\u00e1 listo para ayudarle con atenci\u00f3n m\u00e9dica integral y orientaci\u00f3n legal.<\/p>\n<h3>Programe su consulta gratis<\/h3>\n<p>Ofrecemos una consulta sin compromiso para discutir su situaci\u00f3n. Esta es una oportunidad para que usted pueda hacer preguntas y entender las opciones de tratamiento disponibles. Nuestros profesionales m\u00e9dicos evaluar\u00e1n sus lesiones y le recomendar\u00e1n el plan de tratamiento que mejor se adapte a sus necesidades. No lo dude; dar este primer paso puede suponer mejoras significativas en su salud y bienestar.<\/p>\n<h3>Ubicaciones convenientes<\/h3>\n<p>Los Centros de Lesiones Hurt 911 Colorado tienen m\u00faltiples ubicaciones en toda el \u00e1rea metropolitana de Denver, incluyendo Centennial. Puede encontrar f\u00e1cilmente una ubicaci\u00f3n cerca de usted, asegur\u00e1ndose de que recibe una atenci\u00f3n r\u00e1pida cuando m\u00e1s lo necesita.<\/p>\n<h3>P\u00f3ngase en contacto con nuestro equipo<\/h3>\n<p>Nuestro amable personal est\u00e1 aqu\u00ed para ayudarle. Puede ponerse en contacto con nosotros por tel\u00e9fono o a trav\u00e9s de nuestro sitio web. Si usted tiene preguntas acerca de su tratamiento o necesita ayuda con sus opciones legales, estamos comprometidos a proporcionarle el apoyo que se merece. Su recuperaci\u00f3n es nuestra prioridad, y estamos aqu\u00ed para guiarle en su camino hacia la curaci\u00f3n.<\/p>\n","protected":false},"excerpt":{"rendered":"<p>Tratamiento de accidentes de coche en Centennial Si usted ha experimentado recientemente un accidente de coche en Centennial, es crucial conocer sus pr\u00f3ximos pasos. Las secuelas de un accidente pueden ser abrumadoras, pero tomar medidas inmediatas es esencial para su recuperaci\u00f3n y compensaci\u00f3n potencial. Busque atenci\u00f3n m\u00e9dica de inmediato, incluso si se siente bien. Algunas [&hellip;]<\/p>\n","protected":false},"author":6,"featured_media":0,"parent":4228,"menu_order":0,"comment_status":"closed","ping_status":"closed","template":"","meta":{"_acf_changed":false,"footnotes":""},"class_list":["post-4243","page","type-page","status-publish","hentry"],"acf":[],"_links":{"self":[{"href":"https:\/\/1800hurt911co.com\/es\/wp-json\/wp\/v2\/pages\/4243","targetHints":{"allow":["GET"]}}],"collection":[{"href":"https:\/\/1800hurt911co.com\/es\/wp-json\/wp\/v2\/pages"}],"about":[{"href":"https:\/\/1800hurt911co.com\/es\/wp-json\/wp\/v2\/types\/page"}],"author":[{"embeddable":true,"href":"https:\/\/1800hurt911co.com\/es\/wp-json\/wp\/v2\/users\/6"}],"replies":[{"embeddable":true,"href":"https:\/\/1800hurt911co.com\/es\/wp-json\/wp\/v2\/comments?post=4243"}],"version-history":[{"count":2,"href":"https:\/\/1800hurt911co.com\/es\/wp-json\/wp\/v2\/pages\/4243\/revisions"}],"predecessor-version":[{"id":4245,"href":"https:\/\/1800hurt911co.com\/es\/wp-json\/wp\/v2\/pages\/4243\/revisions\/4245"}],"up":[{"embeddable":true,"href":"https:\/\/1800hurt911co.com\/es\/wp-json\/wp\/v2\/pages\/4228"}],"wp:attachment":[{"href":"https:\/\/1800hurt911co.com\/es\/wp-json\/wp\/v2\/media?parent=4243"}],"curies":[{"name":"wp","href":"https:\/\/api.w.org\/{rel}","templated":true}]}}