{"id":4246,"date":"2024-09-18T08:53:56","date_gmt":"2024-09-18T12:53:56","guid":{"rendered":"https:\/\/1800hurt911co.com\/centennial\/centennial-diagnostico-por-imagen\/"},"modified":"2024-09-29T02:16:27","modified_gmt":"2024-09-29T08:16:27","slug":"centennial-diagnostico-por-imagen","status":"publish","type":"page","link":"https:\/\/1800hurt911co.com\/es\/centennial\/centennial-diagnostico-por-imagen\/","title":{"rendered":"Centennial Diagn\u00f3stico por imagen"},"content":{"rendered":"<h2>Diagn\u00f3stico por imagen en Centennial, CO<\/h2>\n<p>En Hurt911 Colorado Injury Centers, nos especializamos en el diagn\u00f3stico y tratamiento de pacientes involucrados en accidentes automovil\u00edsticos, resbalones y ca\u00eddas, y otros accidentes de lesiones personales. Nuestro experimentado equipo de m\u00e9dicos y radi\u00f3logos en nuestro centro de diagn\u00f3stico por im\u00e1genes trabaja diligentemente para garantizar diagn\u00f3sticos precisos y planes de tratamiento eficaces para nuestros pacientes. Nuestro centro de lesiones en Centennial, CO ofrece im\u00e1genes de diagn\u00f3stico ambulatorio para los pacientes, lo que le permite obtener la informaci\u00f3n detallada que necesita sin la molestia de ir a un hospital. Mediante el uso de rayos X y resonancias magn\u00e9ticas, identificamos la causa ra\u00edz de los s\u00edntomas. Nuestro equipo entiende la carga f\u00edsica y emocional que las lesiones pueden tener, y ofrecemos una amplia gama de opciones de tratamiento para las v\u00edctimas de accidentes. Tambi\u00e9n remitimos a los pacientes a abogados con experiencia en lesiones personales. No hay gastos de bolsillo. Nuestro equipo m\u00e9dico cobra una vez que usted obtiene una indemnizaci\u00f3n. \u00a1P\u00f3ngase en contacto con nuestra cl\u00ednica de lesiones Centennial hoy para una consulta gratuita!<\/p>\n<h2>\u00bfPor qu\u00e9 elegir Hurt911 Colorado Injury Centers?<\/h2>\n<p><img fetchpriority=\"high\" decoding=\"async\" class=\"alignnone wp-image-2937 size-full\" src=\"https:\/\/1800hurt911co.com\/wp-content\/uploads\/2024\/09\/diagnostic-imagin-mri.webp\" alt=\"Diagnostic Imaging in Centennial, MRI machine\" width=\"500\" height=\"334\" srcset=\"https:\/\/1800hurt911co.com\/wp-content\/uploads\/2024\/09\/diagnostic-imagin-mri.webp 500w, https:\/\/1800hurt911co.com\/wp-content\/uploads\/2024\/09\/diagnostic-imagin-mri-300x200.webp 300w\" sizes=\"(max-width: 500px) 100vw, 500px\" \/><\/p>\n<p>Hay muchas razones para elegir Hurt911 Colorado Injury Centers para sus necesidades ambulatorias de diagn\u00f3stico por imagen. Nuestros servicios de diagn\u00f3stico por imagen Centennial est\u00e1n dise\u00f1ados con el paciente en mente, ofreciendo no s\u00f3lo la tecnolog\u00eda de vanguardia, sino tambi\u00e9n la atenci\u00f3n compasiva en cada paso del camino.<\/p>\n<h3>Atenci\u00f3n compasiva para las v\u00edctimas de accidentes<\/h3>\n<p>Sabemos que estar involucrado en un accidente es abrumador. Nuestro equipo dedicado en nuestra ubicaci\u00f3n Centennial est\u00e1 capacitado para proporcionar la mejor atenci\u00f3n posible, asegurando que su experiencia es libre de estr\u00e9s. Desde la programaci\u00f3n de su cita para recibir sus resultados, hacemos todo lo posible para asegurarse de que se sienta c\u00f3modo y apoyado durante su visita. Junto con las pruebas de diagn\u00f3stico, proporcionamos tratamiento experto. Los pacientes se benefician de:<\/p>\n<ul>\n<li>Cuidado Quiropr\u00e1ctico<\/li>\n<li>Fisioterapia<\/li>\n<li>Tratamiento del dolor<\/li>\n<\/ul>\n<h2>Tecnolog\u00eda de imagen de vanguardia<\/h2>\n<p>Nuestro centro de diagn\u00f3stico por imagen Centennial est\u00e1 equipado con lo \u00faltimo en tecnolog\u00eda de imagen m\u00e9dica. Esto permite a nuestro equipo de radi\u00f3logos y t\u00e9cnicos para producir escaneos de alta precisi\u00f3n de sus \u00f3rganos internos, huesos y tejidos blandos. Esta tecnolog\u00eda ayuda a los m\u00e9dicos a crear diagn\u00f3sticos precisos, asegurando que ninguna lesi\u00f3n pase desapercibida.<\/p>\n<h3>Transporte gratuito a las citas<\/h3>\n<p>Entendemos que las lesiones pueden dificultar los desplazamientos, por lo que ofrecemos transporte gratuito a las citas. Tanto si viene de casa como del trabajo, nos aseguraremos de que llegue a nuestras instalaciones de forma segura y c\u00f3moda.<\/p>\n<h3>No hay gastos de bolsillo para la atenci\u00f3n de lesiones personales<\/h3>\n<p>En Hurt911 Colorado Injury Centers, no ofrecemos costos de su bolsillo para los servicios de diagn\u00f3stico por imagen relacionados con la atenci\u00f3n de lesiones personales. S\u00f3lo nos pagan cuando usted gana su caso de lesiones personales. Usted recibe el tratamiento de lesiones que necesita sin preocuparse por los gastos por adelantado.<\/p>\n<h3>Referencias de abogados de lesiones personales<\/h3>\n<p>Vamos m\u00e1s all\u00e1 de la atenci\u00f3n de lesiones mediante la conexi\u00f3n de los pacientes con los abogados de lesiones personales de confianza. Estos abogados experimentados que pueden ayudarle a recibir la compensaci\u00f3n que se merece.<\/p>\n<h2>Pruebas de diagn\u00f3stico por imagen que ofrecemos<\/h2>\n<p><img decoding=\"async\" class=\"alignnone size-full wp-image-2936\" src=\"https:\/\/1800hurt911co.com\/wp-content\/uploads\/2024\/09\/diagnostic-imaging-x-ray.webp\" alt=\"Diagnostic Imaging, X-Ray\" width=\"500\" height=\"334\" srcset=\"https:\/\/1800hurt911co.com\/wp-content\/uploads\/2024\/09\/diagnostic-imaging-x-ray.webp 500w, https:\/\/1800hurt911co.com\/wp-content\/uploads\/2024\/09\/diagnostic-imaging-x-ray-300x200.webp 300w\" sizes=\"(max-width: 500px) 100vw, 500px\" \/><\/p>\n<p>Nuestros especialistas en diagn\u00f3stico por imagen de Centennial utilizan radiograf\u00edas y resonancias magn\u00e9ticas para identificar la causa ra\u00edz de los s\u00edntomas y desarrollar planes de tratamiento integrales.<\/p>\n<h3>Rayos X<\/h3>\n<p>Los rayos X son una de las formas m\u00e1s com\u00fanmente utilizadas de im\u00e1genes m\u00e9dicas. Funcionan haciendo pasar una peque\u00f1a cantidad de radiaci\u00f3n a trav\u00e9s del cuerpo para captar una imagen de sus huesos y otras estructuras. Los rayos X son particularmente \u00fatiles para diagnosticar fracturas, luxaciones y otras lesiones \u00f3seas que son comunes despu\u00e9s de accidentes automovil\u00edsticos o resbalones y ca\u00eddas. Utilizamos la \u00faltima tecnolog\u00eda de rayos X para asegurar que podemos diagnosticar con rapidez y precisi\u00f3n cualquier lesi\u00f3n. En algunos casos, los rayos X tambi\u00e9n se puede utilizar para ver los \u00f3rganos internos o detectar otras condiciones m\u00e9dicas.<\/p>\n<h3>Resonancia magn\u00e9tica (RM)<\/h3>\n<p>Las resonancias magn\u00e9ticas utilizan campos magn\u00e9ticos y ondas de radio para crear im\u00e1genes detalladas de los tejidos blandos del cuerpo, incluidos m\u00fasculos, ligamentos e incluso \u00f3rganos internos. Las resonancias magn\u00e9ticas son especialmente \u00fatiles para diagnosticar lesiones como roturas de ligamentos, hernias discales y da\u00f1os en los tejidos blandos, que pueden no ser visibles en una radiograf\u00eda. Nuestro centro de Centennial est\u00e1 equipado con tecnolog\u00eda avanzada de resonancia magn\u00e9tica, lo que nos permite proporcionar informaci\u00f3n detallada que ayuda a sus m\u00e9dicos a determinar el mejor plan de tratamiento para sus lesiones.<\/p>\n<h2>Qu\u00e9 esperar durante una resonancia magn\u00e9tica<\/h2>\n<p>Para muchos pacientes, la idea de someterse a una resonancia magn\u00e9tica puede ser intimidante, pero es un procedimiento indoloro y sencillo. Cuando llegue a nuestro centro de diagn\u00f3stico por imagen Centennial, nuestro amable personal le guiar\u00e1 a trav\u00e9s del proceso. Durante la resonancia magn\u00e9tica, usted permanecer\u00e1 inm\u00f3vil en una mesa que se desliza en la m\u00e1quina de resonancia magn\u00e9tica. La exploraci\u00f3n suele durar entre 30 y 60 minutos, dependiendo de la parte del cuerpo de la que se obtenga la imagen. Es posible que la m\u00e1quina emita ruidos fuertes, pero se le proporcionar\u00e1n tapones para los o\u00eddos o auriculares para minimizar las molestias. Una vez finalizada la exploraci\u00f3n, los radi\u00f3logos revisar\u00e1n las im\u00e1genes y enviar\u00e1n los resultados a su m\u00e9dico para su posterior evaluaci\u00f3n.<\/p>\n<h2>C\u00f3mo las im\u00e1genes m\u00e9dicas fortalecen su caso de lesiones personales<\/h2>\n<p>Las im\u00e1genes m\u00e9dicas desempe\u00f1an un papel crucial en los casos de lesiones personales. Disponer de informaci\u00f3n detallada sobre sus lesiones, junto con documentaci\u00f3n m\u00e9dica precisa, puede reforzar enormemente su caso. Si usted est\u00e1 tratando con una compa\u00f1\u00eda de seguros o la b\u00fasqueda de una reclamaci\u00f3n legal, tener registros completos de diagn\u00f3stico es esencial. Nuestra cl\u00ednica de accidentes asegura que toda su documentaci\u00f3n m\u00e9dica se mantiene al d\u00eda y se puede utilizar para apoyar su demanda por lesiones personales. Esta documentaci\u00f3n no s\u00f3lo ayuda a establecer el alcance de sus lesiones, sino que tambi\u00e9n proporciona a su abogado de lesiones personales con las herramientas que necesitan para luchar por la compensaci\u00f3n que se merece.<\/p>\n<h2>Preguntas frecuentes sobre el diagn\u00f3stico por imagen<\/h2>\n<h3>\u00bfC\u00f3mo se prepara para una resonancia magn\u00e9tica?<\/h3>\n<p>Antes de la resonancia magn\u00e9tica, se le pedir\u00e1 que se quite todos los objetos met\u00e1licos, incluidas joyas, gafas y aud\u00edfonos. Dependiendo de la zona que se vaya a explorar, es posible que tambi\u00e9n tenga que ponerse una bata. Nuestro personal le dar\u00e1 instrucciones espec\u00edficas antes de su cita para asegurarse de que la exploraci\u00f3n transcurre sin problemas.<\/p>\n<h3>\u00bfEs segura una resonancia magn\u00e9tica?<\/h3>\n<p>S\u00ed, las resonancias magn\u00e9ticas son completamente seguras para la mayor\u00eda de los pacientes. A diferencia de los rayos X, la resonancia magn\u00e9tica no utiliza radiaci\u00f3n, lo que la convierte en la opci\u00f3n preferida para obtener im\u00e1genes de los tejidos blandos. Sin embargo, si usted tiene ciertos implantes m\u00e9dicos, como un marcapasos, debe informar a nuestro personal para que podamos tomar las precauciones necesarias.<\/p>\n<h3>\u00bfExisten riesgos con las radiograf\u00edas?<\/h3>\n<p>Aunque los rayos X implican una peque\u00f1a cantidad de radiaci\u00f3n, el riesgo es m\u00ednimo, especialmente para una sola exploraci\u00f3n. Utilizamos tecnolog\u00eda avanzada para asegurar que la exposici\u00f3n a la radiaci\u00f3n se mantiene lo m\u00e1s bajo posible, y nuestros t\u00e9cnicos capacitados siguen estrictos protocolos de seguridad para proteger su salud.<\/p>\n<h2>Contacte con nosotros hoy mismo<\/h2>\n<p><img decoding=\"async\" class=\"alignnone wp-image-2064\" src=\"https:\/\/1800hurt911co.com\/wp-content\/uploads\/2020\/12\/banner-bg1-copy-1024x254.webp\" alt=\"Hurt911 Logo\" width=\"500\" height=\"124\" srcset=\"https:\/\/1800hurt911co.com\/wp-content\/uploads\/2020\/12\/banner-bg1-copy-1024x254.webp 1024w, https:\/\/1800hurt911co.com\/wp-content\/uploads\/2020\/12\/banner-bg1-copy-300x75.webp 300w, https:\/\/1800hurt911co.com\/wp-content\/uploads\/2020\/12\/banner-bg1-copy-768x191.webp 768w, https:\/\/1800hurt911co.com\/wp-content\/uploads\/2020\/12\/banner-bg1-copy-1536x382.webp 1536w, https:\/\/1800hurt911co.com\/wp-content\/uploads\/2020\/12\/banner-bg1-copy.webp 1920w\" sizes=\"(max-width: 500px) 100vw, 500px\" \/><\/p>\n<p>En <a href=\"\/es\/\">Hurt911 Colorado Injury Centers<\/a>, estamos comprometidos a proporcionar servicios de diagn\u00f3stico de primer nivel a Centennial y sus alrededores. Nuestro equipo est\u00e1 aqu\u00ed para asegurar que usted reciba el cuidado y la atenci\u00f3n que necesita para recuperarse de su lesi\u00f3n y seguir adelante con su vida. Si usted necesita una radiograf\u00eda o una resonancia magn\u00e9tica, estamos aqu\u00ed para ayudar. Nuestra cl\u00ednica de accidentes Centennial ofrece tratamiento experto, incluyendo la atenci\u00f3n quiropr\u00e1ctica, terapia f\u00edsica y manejo del dolor. Usted no tiene que preocuparse por los costos por adelantado ya que nuestros m\u00e9dicos de lesiones personales se les paga despu\u00e9s de ganar una indemnizaci\u00f3n. P\u00f3ngase en contacto con nosotros hoy para una consulta gratuita y dar el siguiente paso hacia la curaci\u00f3n.<\/p>\n","protected":false},"excerpt":{"rendered":"<p>Diagn\u00f3stico por imagen en Centennial, CO En Hurt911 Colorado Injury Centers, nos especializamos en el diagn\u00f3stico y tratamiento de pacientes involucrados en accidentes automovil\u00edsticos, resbalones y ca\u00eddas, y otros accidentes de lesiones personales. Nuestro experimentado equipo de m\u00e9dicos y radi\u00f3logos en nuestro centro de diagn\u00f3stico por im\u00e1genes trabaja diligentemente para garantizar diagn\u00f3sticos precisos y planes [&hellip;]<\/p>\n","protected":false},"author":6,"featured_media":0,"parent":4228,"menu_order":0,"comment_status":"closed","ping_status":"closed","template":"","meta":{"_acf_changed":false,"footnotes":""},"class_list":["post-4246","page","type-page","status-publish","hentry"],"acf":[],"_links":{"self":[{"href":"https:\/\/1800hurt911co.com\/es\/wp-json\/wp\/v2\/pages\/4246","targetHints":{"allow":["GET"]}}],"collection":[{"href":"https:\/\/1800hurt911co.com\/es\/wp-json\/wp\/v2\/pages"}],"about":[{"href":"https:\/\/1800hurt911co.com\/es\/wp-json\/wp\/v2\/types\/page"}],"author":[{"embeddable":true,"href":"https:\/\/1800hurt911co.com\/es\/wp-json\/wp\/v2\/users\/6"}],"replies":[{"embeddable":true,"href":"https:\/\/1800hurt911co.com\/es\/wp-json\/wp\/v2\/comments?post=4246"}],"version-history":[{"count":2,"href":"https:\/\/1800hurt911co.com\/es\/wp-json\/wp\/v2\/pages\/4246\/revisions"}],"predecessor-version":[{"id":4248,"href":"https:\/\/1800hurt911co.com\/es\/wp-json\/wp\/v2\/pages\/4246\/revisions\/4248"}],"up":[{"embeddable":true,"href":"https:\/\/1800hurt911co.com\/es\/wp-json\/wp\/v2\/pages\/4228"}],"wp:attachment":[{"href":"https:\/\/1800hurt911co.com\/es\/wp-json\/wp\/v2\/media?parent=4246"}],"curies":[{"name":"wp","href":"https:\/\/api.w.org\/{rel}","templated":true}]}}