{"id":4249,"date":"2024-09-18T08:00:05","date_gmt":"2024-09-18T12:00:05","guid":{"rendered":"https:\/\/1800hurt911co.com\/centennial\/accidente-de-moto-en-centennial\/"},"modified":"2024-09-29T02:27:25","modified_gmt":"2024-09-29T08:27:25","slug":"accidente-de-moto-en-centennial","status":"publish","type":"page","link":"https:\/\/1800hurt911co.com\/es\/centennial\/accidente-de-moto-en-centennial\/","title":{"rendered":"Accidente de moto en Centennial"},"content":{"rendered":"<h2>Tratamiento de accidentes de motocicleta en Centennial<\/h2>\n<p>En Hurt 911 Colorado Injury Centers, nos especializamos en proporcionar atenci\u00f3n integral a las personas lesionadas en accidentes de motocicleta. Entendemos los desaf\u00edos a los que se enfrenta, desde controlar el dolor hasta hacer frente a las crecientes facturas m\u00e9dicas. Nuestro equipo est\u00e1 aqu\u00ed para apoyarle en cada paso del camino. Nuestro centro en Centennial cuenta con m\u00e9dicos cualificados, quiropr\u00e1cticos y fisioterapeutas que est\u00e1n comprometidos con su recuperaci\u00f3n. Utilizamos herramientas de diagn\u00f3stico avanzadas como rayos X y resonancias magn\u00e9ticas para evaluar sus lesiones con precisi\u00f3n. Esto nos permite crear planes de tratamiento eficaces centrados en aliviar el dolor y promover la curaci\u00f3n. En Hurt 911, damos prioridad a su comodidad y conveniencia. Ofrecemos servicios de transporte gratuitos para facilitar sus visitas y garantizar que tenga acceso a la atenci\u00f3n que necesita. Nuestro objetivo es minimizar el estr\u00e9s asociado a la recuperaci\u00f3n, permiti\u00e9ndole centrarse en volver a su vida normal. Adem\u00e1s de nuestros servicios m\u00e9dicos, tambi\u00e9n colaboramos estrechamente con abogados especializados en lesiones personales para ayudarle a navegar por las complejidades de las reclamaciones de indemnizaci\u00f3n. Creemos en la defensa de sus derechos y en garantizar que reciba el apoyo financiero necesario para su recuperaci\u00f3n. Elija Hurt 911 Colorado Injury Centers para un enfoque integral y compasivo en el tratamiento de accidentes de motocicleta. Perm\u00edtanos ayudarle en su camino hacia la recuperaci\u00f3n y un futuro m\u00e1s saludable.<\/p>\n<h2>Atenci\u00f3n especializada para lesiones por accidentes de motocicleta<\/h2>\n<p><img fetchpriority=\"high\" decoding=\"async\" class=\"alignnone wp-image-3196 size-full\" src=\"https:\/\/1800hurt911co.com\/wp-content\/uploads\/2024\/09\/motorcycle-accident-hurt911-colorado.webp\" alt=\"Centennial Motorcycle Accident Treatment, Motorcycle Crash\" width=\"500\" height=\"334\" srcset=\"https:\/\/1800hurt911co.com\/wp-content\/uploads\/2024\/09\/motorcycle-accident-hurt911-colorado.webp 500w, https:\/\/1800hurt911co.com\/wp-content\/uploads\/2024\/09\/motorcycle-accident-hurt911-colorado-300x200.webp 300w\" sizes=\"(max-width: 500px) 100vw, 500px\" \/><\/p>\n<p>Los accidentes de moto suelen provocar lesiones m\u00e1s graves debido a la falta de protecci\u00f3n. Las heridas comunes incluyen fracturas, erupci\u00f3n de camino, y trauma de cabeza. En Hurt 911 Colorado Injury Centers, entendemos que las diferentes lesiones requieren enfoques distintos para un tratamiento eficaz. Nuestra atenci\u00f3n especializada se centra en abordar las necesidades \u00fanicas de cada paciente, asegurando que usted reciba la atenci\u00f3n m\u00e1s adecuada y eficaz posible.<\/p>\n<h3>S\u00edntomas y tratamiento del latigazo cervical<\/h3>\n<p>El latigazo cervical es una lesi\u00f3n com\u00fan despu\u00e9s de los accidentes de motocicleta, que se caracteriza por dolor de cuello, rigidez y dolores de cabeza. Nuestro equipo lleva a cabo evaluaciones exhaustivas para identificar el alcance de su lesi\u00f3n. El tratamiento puede incluir ajustes quiropr\u00e1cticos, fisioterapia y t\u00e9cnicas de control del dolor dirigidas a restaurar la movilidad y reducir las molestias.<\/p>\n<h3>Lesiones de tejidos blandos: Esguinces, distensiones y contusiones<\/h3>\n<p>Las lesiones de tejidos blandos, como esguinces, distensiones y contusiones, pueden afectar significativamente a su vida diaria. Ofrecemos opciones de tratamiento integrales que pueden incluir ejercicios terap\u00e9uticos, terapia manual y modalidades como el ultrasonido o la estimulaci\u00f3n el\u00e9ctrica para promover la curaci\u00f3n y reducir la inflamaci\u00f3n.<\/p>\n<h3>Dolor de espalda y lesiones medulares<\/h3>\n<p>El dolor de espalda es una consecuencia frecuente de los accidentes. Nuestros especialistas se centran en diagnosticar la causa ra\u00edz de sus molestias. Utilizamos una combinaci\u00f3n de cuidados quiropr\u00e1cticos, fisioterapia y programas de rehabilitaci\u00f3n individualizados para potenciar la recuperaci\u00f3n y mejorar la funci\u00f3n. Con nuestra atenci\u00f3n especializada, puede confiar en que su recuperaci\u00f3n est\u00e1 en buenas manos. Estamos dedicados a ayudarle a recuperar su fuerza y volver a sus actividades normales lo m\u00e1s r\u00e1pido y seguro posible.<\/p>\n<h2>Servicios m\u00e9dicos completos<\/h2>\n<p>En los Centros de Lesiones Hurt 911 Colorado, ofrecemos una amplia gama de servicios m\u00e9dicos adaptados para satisfacer las necesidades de las v\u00edctimas de accidentes. Nuestro equipo est\u00e1 dedicado a asegurar que usted reciba la mejor atenci\u00f3n posible despu\u00e9s de su lesi\u00f3n. Entendemos que cada lesi\u00f3n requiere un enfoque espec\u00edfico, y estamos aqu\u00ed para ayudarle en cada paso del camino.<\/p>\n<h3>Diagn\u00f3stico por imagen: Radiograf\u00edas y resonancias magn\u00e9ticas<\/h3>\n<p>Un diagn\u00f3stico preciso es crucial para un tratamiento eficaz. Nuestro centro ofrece servicios avanzados de diagn\u00f3stico, como radiograf\u00edas y resonancias magn\u00e9ticas. Estas herramientas nos ayudan a obtener una clara comprensi\u00f3n de sus lesiones, que nos gu\u00eda en la creaci\u00f3n de un plan de tratamiento personalizado que se ocupa de sus necesidades espec\u00edficas.<\/p>\n<h3>M\u00e9dicos de accidentes<\/h3>\n<p>Nuestros m\u00e9dicos de accidentes est\u00e1n especializados en evaluar y tratar lesiones relacionadas con colisiones de veh\u00edculos. Realizan evaluaciones exhaustivas para identificar el alcance de sus lesiones y crear un plan de tratamiento personalizado orientado a su recuperaci\u00f3n.<\/p>\n<h3>Quiropr\u00e1cticos<\/h3>\n<p>Nuestros quiropr\u00e1cticos se centran en restaurar la alineaci\u00f3n de la columna vertebral y aliviar el dolor. Mediante ajustes y terapias espec\u00edficas, ayudamos a nuestros pacientes a recuperar la movilidad y aliviar las molestias.<\/p>\n<h3>M\u00e9dicos especialistas en latigazo cervical<\/h3>\n<p>El latigazo cervical es una lesi\u00f3n frecuente en los accidentes de moto. Nuestros m\u00e9dicos de latigazo cervical son expertos en el diagn\u00f3stico y tratamiento de esta condici\u00f3n, utilizando una variedad de t\u00e9cnicas para reducir el dolor y promover la curaci\u00f3n.<\/p>\n<h3>Fisioterapeutas<\/h3>\n<p>La fisioterapia desempe\u00f1a un papel vital en la recuperaci\u00f3n. Nuestros fisioterapeutas dise\u00f1an programas de rehabilitaci\u00f3n que ayudan a restaurar la fuerza y la funci\u00f3n, lo que le permite volver a sus actividades diarias lo m\u00e1s r\u00e1pidamente posible. En Hurt 911, estamos comprometidos a proporcionar una atenci\u00f3n integral que se ocupa tanto de su bienestar f\u00edsico y emocional. Su recuperaci\u00f3n es nuestra prioridad, y trabajamos diligentemente para apoyarle durante todo el proceso de curaci\u00f3n.<\/p>\n<h2>El papel de la atenci\u00f3n quiropr\u00e1ctica en la recuperaci\u00f3n<\/h2>\n<p><img decoding=\"async\" class=\"alignnone wp-image-2152 size-full\" src=\"https:\/\/1800hurt911co.com\/wp-content\/uploads\/2024\/08\/shutterstock_2099535013-min.webp\" alt=\"Chiropractic Care After a Motorcycle Accident\" width=\"500\" height=\"334\" srcset=\"https:\/\/1800hurt911co.com\/wp-content\/uploads\/2024\/08\/shutterstock_2099535013-min.webp 500w, https:\/\/1800hurt911co.com\/wp-content\/uploads\/2024\/08\/shutterstock_2099535013-min-300x200.webp 300w\" sizes=\"(max-width: 500px) 100vw, 500px\" \/><\/p>\n<p>La atenci\u00f3n quiropr\u00e1ctica desempe\u00f1a un papel vital en el proceso de recuperaci\u00f3n tras un accidente. Despu\u00e9s de sufrir lesiones, muchas personas experimentan dolor, movilidad limitada y malestar. Los ajustes quiropr\u00e1cticos pueden tratar estos problemas con eficacia. El tratamiento quiropr\u00e1ctico no s\u00f3lo alivia el dolor, sino que tambi\u00e9n favorece los procesos naturales de curaci\u00f3n del organismo. Si ha sufrido una lesi\u00f3n, considere la posibilidad de incorporar tratamientos quiropr\u00e1cticos a su plan de recuperaci\u00f3n para obtener resultados \u00f3ptimos.<\/p>\n<h3>Beneficios de los ajustes quiropr\u00e1cticos<\/h3>\n<p>Los ajustes quiropr\u00e1cticos ayudan a restaurar la alineaci\u00f3n adecuada de la columna vertebral y las articulaciones. Esta realineaci\u00f3n alivia la presi\u00f3n sobre los nervios, reduce la inflamaci\u00f3n y promueve la curaci\u00f3n natural. Muchos pacientes informan de un alivio significativo del dolor y una mejora de la funcionalidad despu\u00e9s de s\u00f3lo unas pocas sesiones. Los ajustes regulares tambi\u00e9n pueden mejorar el bienestar general, permitiendo a las personas recuperar su calidad de vida anterior al accidente.<\/p>\n<h3>Alineaci\u00f3n y descompresi\u00f3n de la columna vertebral<\/h3>\n<p>La correcta alineaci\u00f3n de la columna vertebral es crucial para mantener un cuerpo sano. Las desalineaciones pueden provocar dolor cr\u00f3nico y otras complicaciones. Los quiropr\u00e1cticos utilizan t\u00e9cnicas de descompresi\u00f3n espinal para aliviar la presi\u00f3n sobre las v\u00e9rtebras, lo que puede ser particularmente beneficioso para aquellos que sufren de dolor de espalda o hernias discales. Este enfoque no invasivo favorece la curaci\u00f3n y reduce la necesidad de tratamientos m\u00e1s agresivos.<\/p>\n<h3>Masaje m\u00e9dico y liberaci\u00f3n miofascial<\/h3>\n<p>Adem\u00e1s de los ajustes, la atenci\u00f3n quiropr\u00e1ctica suele incluir t\u00e9cnicas de masaje m\u00e9dico y liberaci\u00f3n miofascial. Estas terapias se centran en las lesiones de los tejidos blandos, ayudando a liberar la tensi\u00f3n y mejorar la circulaci\u00f3n. Al abordar la tensi\u00f3n muscular y mejorar la flexibilidad, los pacientes pueden experimentar tiempos de recuperaci\u00f3n m\u00e1s r\u00e1pidos y niveles de dolor reducidos. Este enfoque integral para el tratamiento asegura que todos los aspectos de una lesi\u00f3n se abordan, lo que lleva a un proceso de recuperaci\u00f3n m\u00e1s eficaz.<\/p>\n<h2>Nuestro enfoque de la atenci\u00f3n de accidentes de motocicleta<\/h2>\n<p><img decoding=\"async\" class=\"alignnone wp-image-2537 size-full\" src=\"https:\/\/1800hurt911co.com\/wp-content\/uploads\/2024\/09\/shutterstock_2304125513.webp\" alt=\"Motorcycle Accident Treatment in Centennial\" width=\"500\" height=\"334\" srcset=\"https:\/\/1800hurt911co.com\/wp-content\/uploads\/2024\/09\/shutterstock_2304125513.webp 500w, https:\/\/1800hurt911co.com\/wp-content\/uploads\/2024\/09\/shutterstock_2304125513-300x200.webp 300w\" sizes=\"(max-width: 500px) 100vw, 500px\" \/><\/p>\n<h3>Tratamiento personalizado<\/h3>\n<p>En los Centros de Lesiones Hurt 911 Colorado, reconocemos que cada lesi\u00f3n e individuo es diferente. Es por eso que nos centramos en la creaci\u00f3n de planes de tratamiento personalizados que atienden espec\u00edficamente a sus necesidades. Cada plan se elabora despu\u00e9s de una evaluaci\u00f3n exhaustiva de sus lesiones, s\u00edntomas y salud en general. Esto puede incluir una combinaci\u00f3n de atenci\u00f3n quiropr\u00e1ctica, fisioterapia y tratamientos especializados destinados a restaurar su fuerza y movilidad.<\/p>\n<h3>Integraci\u00f3n de asistencia m\u00e9dica y jur\u00eddica<\/h3>\n<p>Navegar por las secuelas de un accidente puede ser abrumador. Nuestro centro colabora con profesionales jur\u00eddicos para garantizar que reciba un apoyo integral. Le ayudamos a comprender sus derechos y opciones mientras nos centramos en su recuperaci\u00f3n. Al integrar el tratamiento m\u00e9dico con la orientaci\u00f3n legal, nuestro objetivo es simplificar el proceso y aliviar su estr\u00e9s.<\/p>\n<h3>Transporte gratuito para facilitar el acceso<\/h3>\n<p>El acceso a la atenci\u00f3n m\u00e9dica nunca debe ser un obst\u00e1culo para su recuperaci\u00f3n. Por eso ofrecemos transporte gratuito de ida y vuelta a nuestras cl\u00ednicas. Este servicio est\u00e1 pensado para facilitarle la asistencia a las citas sin la preocupaci\u00f3n a\u00f1adida de la log\u00edstica. Su viaje de curaci\u00f3n es nuestra prioridad, y estamos aqu\u00ed para apoyarle en cada paso del camino.<\/p>\n<h2>Asistencia jur\u00eddica e indemnizaci\u00f3n<\/h2>\n<p><img loading=\"lazy\" decoding=\"async\" class=\"alignnone wp-image-2951 size-full\" src=\"https:\/\/1800hurt911co.com\/wp-content\/uploads\/2024\/09\/hurt911-colorado-lawyer.webp\" alt=\"Motorcycle Accident Lawyer\" width=\"500\" height=\"334\" srcset=\"https:\/\/1800hurt911co.com\/wp-content\/uploads\/2024\/09\/hurt911-colorado-lawyer.webp 500w, https:\/\/1800hurt911co.com\/wp-content\/uploads\/2024\/09\/hurt911-colorado-lawyer-300x200.webp 300w\" sizes=\"(max-width: 500px) 100vw, 500px\" \/><\/p>\n<p>Navegar las secuelas de un accidente puede ser abrumador, especialmente cuando se trata de lesiones y facturas m\u00e9dicas. En Hurt 911 Colorado Injury Centers, entendemos que asegurar una compensaci\u00f3n justa es esencial para su recuperaci\u00f3n. Nuestro equipo colabora estrechamente con abogados experimentados en lesiones personales para asegurar que usted reciba el apoyo que necesita. Cuando usted elige Hurt 911, usted obtiene acceso a una red de profesionales legales que se especializan en casos de lesiones personales. Ellos trabajan diligentemente para evaluar su situaci\u00f3n, reunir la documentaci\u00f3n necesaria y construir un caso s\u00f3lido en su nombre. Esta asociaci\u00f3n le permite centrarse en su curaci\u00f3n mientras nosotros nos encargamos de las complejidades de su reclamaci\u00f3n. Nuestros abogados est\u00e1n comprometidos a luchar por sus derechos. Ellos negociar\u00e1n con las compa\u00f1\u00edas de seguros para abogar por la compensaci\u00f3n que se merece. Esto incluye la cobertura de los gastos m\u00e9dicos, salarios perdidos, y el dolor y el sufrimiento. Con nuestros esfuerzos combinados, nos esforzamos por lograr el mejor resultado posible para su caso. Si usted ha sido lesionado en un accidente, no dude en pedir ayuda. Nuestro equipo est\u00e1 aqu\u00ed para guiarle a trav\u00e9s del proceso y asegurar que usted tiene los recursos necesarios para recuperarse plenamente. Juntos, podemos trabajar para asegurar la compensaci\u00f3n que le ayudar\u00e1 a recuperar la estabilidad en su vida.<\/p>\n<h2>Cu\u00e1ndo buscar tratamiento<\/h2>\n<p>Despu\u00e9s de un accidente, saber cu\u00e1ndo buscar tratamiento m\u00e9dico es crucial para su recuperaci\u00f3n. Retrasar la atenci\u00f3n puede dar lugar a complicaciones que pueden dificultar su proceso de curaci\u00f3n o empeorar sus lesiones. Esto es lo que debe tener en cuenta.<\/p>\n<h3>Pasos inmediatos tras un accidente de moto<\/h3>\n<p>Si usted ha estado involucrado en un accidente de motocicleta, es esencial buscar atenci\u00f3n m\u00e9dica tan pronto como sea posible. Aunque se sienta bien, algunas lesiones, como el latigazo cervical o los da\u00f1os internos, pueden no mostrar s\u00edntomas inmediatamente. Visitar a un profesional m\u00e9dico de inmediato puede ayudar a identificar estas lesiones ocultas. Documentar su estado en una fase temprana tambi\u00e9n puede reforzar su caso si decide reclamar una indemnizaci\u00f3n m\u00e1s adelante.<\/p>\n<h3>Intervenci\u00f3n temprana para obtener mejores resultados<\/h3>\n<p>Tratar las lesiones con prontitud puede mejorar significativamente su recuperaci\u00f3n. La intervenci\u00f3n temprana permite opciones de tratamiento m\u00e1s eficaces, reduciendo el riesgo de dolor cr\u00f3nico o da\u00f1o a largo plazo. Nuestro equipo en los Centros de Lesiones Hurt 911 Colorado est\u00e1 equipado para evaluar sus lesiones e iniciar un plan de tratamiento personalizado de inmediato. Cuanto antes comience el tratamiento, mejores ser\u00e1n sus posibilidades de una recuperaci\u00f3n completa.<\/p>\n<h3>Evitar complicaciones a largo plazo<\/h3>\n<p>Ignorar los s\u00edntomas o posponer el tratamiento puede dar lugar a complicaciones que pueden afectar a su vida diaria. Entre los problemas m\u00e1s comunes de las lesiones no tratadas se incluyen el dolor cr\u00f3nico, la movilidad reducida e incluso efectos psicol\u00f3gicos como la ansiedad o la depresi\u00f3n. Si busca atenci\u00f3n inmediata, puede minimizar estos riesgos y volver antes a sus actividades normales. Nuestros servicios integrales est\u00e1n dise\u00f1ados para facilitar su recuperaci\u00f3n y apoyar su bienestar general.<\/p>\n<h2>Contacto Hurt911 Colorado Injury Centers Hoy<\/h2>\n<p><img loading=\"lazy\" decoding=\"async\" class=\"alignnone wp-image-2064\" src=\"https:\/\/1800hurt911co.com\/wp-content\/uploads\/2020\/12\/banner-bg1-copy-1024x254.webp\" alt=\"Hurt911 Logo\" width=\"500\" height=\"124\" srcset=\"https:\/\/1800hurt911co.com\/wp-content\/uploads\/2020\/12\/banner-bg1-copy-1024x254.webp 1024w, https:\/\/1800hurt911co.com\/wp-content\/uploads\/2020\/12\/banner-bg1-copy-300x75.webp 300w, https:\/\/1800hurt911co.com\/wp-content\/uploads\/2020\/12\/banner-bg1-copy-768x191.webp 768w, https:\/\/1800hurt911co.com\/wp-content\/uploads\/2020\/12\/banner-bg1-copy-1536x382.webp 1536w, https:\/\/1800hurt911co.com\/wp-content\/uploads\/2020\/12\/banner-bg1-copy.webp 1920w\" sizes=\"(max-width: 500px) 100vw, 500px\" \/><\/p>\n<p>En Hurt 911 Colorado Injury Centers, entendemos que recuperarse de un accidente puede sentirse abrumador. Su viaje a la curaci\u00f3n es nuestra prioridad. Ofrecemos una amplia gama de servicios especializados dise\u00f1ados para hacer frente a sus necesidades \u00fanicas despu\u00e9s de una lesi\u00f3n. Nuestro equipo de profesionales m\u00e9dicos experimentados se dedica a proporcionar una atenci\u00f3n integral, asegurando que usted reciba el tratamiento necesario para recuperar su calidad de vida. Desde el momento en que cruce nuestras puertas, encontrar\u00e1 un entorno de apoyo centrado en su recuperaci\u00f3n. Creemos en un enfoque de colaboraci\u00f3n, integrando la asistencia m\u00e9dica y legal para maximizar sus resultados. Si usted requiere atenci\u00f3n quiropr\u00e1ctica, terapia f\u00edsica, o servicios de diagn\u00f3stico, adaptamos nuestros planes de tratamiento para adaptarse a usted. No deje que las secuelas de un accidente de moto dicten su futuro. P\u00f3ngase en contacto con nosotros hoy mismo y d\u00e9 el primer paso hacia una vida sin dolor. Con Hurt 911 a su lado, usted puede navegar por el camino de la recuperaci\u00f3n con confianza, sabiendo que tiene un equipo dedicado y comprometido con su bienestar. Su salud y recuperaci\u00f3n son nuestra misi\u00f3n. P\u00f3ngase en contacto con nosotros ahora para programar su cita y comenzar su viaje hacia la curaci\u00f3n.<\/p>\n<h3>Ubicaciones que servimos<\/h3>\n<p>Estamos orgullosos de servir a m\u00faltiples \u00e1reas a trav\u00e9s de Colorado, asegurando que la atenci\u00f3n de calidad est\u00e1 siempre a su alcance. Nuestras ubicaciones incluyen:<\/p>\n<ul>\n<li><strong><a href=\"\/es\/denver\/\">Denver<\/a><\/strong><\/li>\n<li><strong><a href=\"\/es\/commerce-city\/\">Commerce City<\/a><\/strong><\/li>\n<li><strong><a href=\"\/es\/northglenn\/\">Northglenn<\/a><\/strong><\/li>\n<li><strong><a href=\"\/es\/centennial\/\">Centennial<\/a><\/strong><\/li>\n<li><strong><a href=\"\/es\/aurora\/\">Aurora<\/a><\/strong><\/li>\n<li><strong><a href=\"\/es\/lakewood\/\">Lakewood<\/a><\/strong><\/li>\n<li><strong><a href=\"\/es\/colorado-springs\/\">Colorado Springs<\/a><\/strong><\/li>\n<li><strong><a href=\"\/es\/arvada\/\">Arvada<\/a><\/strong><\/li>\n<\/ul>\n","protected":false},"excerpt":{"rendered":"<p>Tratamiento de accidentes de motocicleta en Centennial En Hurt 911 Colorado Injury Centers, nos especializamos en proporcionar atenci\u00f3n integral a las personas lesionadas en accidentes de motocicleta. Entendemos los desaf\u00edos a los que se enfrenta, desde controlar el dolor hasta hacer frente a las crecientes facturas m\u00e9dicas. Nuestro equipo est\u00e1 aqu\u00ed para apoyarle en cada [&hellip;]<\/p>\n","protected":false},"author":6,"featured_media":0,"parent":4228,"menu_order":0,"comment_status":"closed","ping_status":"closed","template":"","meta":{"_acf_changed":false,"footnotes":""},"class_list":["post-4249","page","type-page","status-publish","hentry"],"acf":[],"_links":{"self":[{"href":"https:\/\/1800hurt911co.com\/es\/wp-json\/wp\/v2\/pages\/4249","targetHints":{"allow":["GET"]}}],"collection":[{"href":"https:\/\/1800hurt911co.com\/es\/wp-json\/wp\/v2\/pages"}],"about":[{"href":"https:\/\/1800hurt911co.com\/es\/wp-json\/wp\/v2\/types\/page"}],"author":[{"embeddable":true,"href":"https:\/\/1800hurt911co.com\/es\/wp-json\/wp\/v2\/users\/6"}],"replies":[{"embeddable":true,"href":"https:\/\/1800hurt911co.com\/es\/wp-json\/wp\/v2\/comments?post=4249"}],"version-history":[{"count":2,"href":"https:\/\/1800hurt911co.com\/es\/wp-json\/wp\/v2\/pages\/4249\/revisions"}],"predecessor-version":[{"id":4251,"href":"https:\/\/1800hurt911co.com\/es\/wp-json\/wp\/v2\/pages\/4249\/revisions\/4251"}],"up":[{"embeddable":true,"href":"https:\/\/1800hurt911co.com\/es\/wp-json\/wp\/v2\/pages\/4228"}],"wp:attachment":[{"href":"https:\/\/1800hurt911co.com\/es\/wp-json\/wp\/v2\/media?parent=4249"}],"curies":[{"name":"wp","href":"https:\/\/api.w.org\/{rel}","templated":true}]}}