{"id":4252,"date":"2024-09-18T07:30:11","date_gmt":"2024-09-18T11:30:11","guid":{"rendered":"https:\/\/1800hurt911co.com\/centennial\/centennial-accidente-de-scooter\/"},"modified":"2024-09-29T06:20:45","modified_gmt":"2024-09-29T12:20:45","slug":"centennial-accidente-de-scooter","status":"publish","type":"page","link":"https:\/\/1800hurt911co.com\/es\/centennial\/centennial-accidente-de-scooter\/","title":{"rendered":"Centennial Accidente de scooter"},"content":{"rendered":"<h2>Tratamiento del accidente del scooter en Centennial<\/h2>\n<p>En Hurt 911 Colorado Injury Centers, damos prioridad a un enfoque multidisciplinario para el tratamiento de lesiones por accidente de scooter. Nuestro equipo est\u00e1 formado por profesionales cualificados, incluyendo m\u00e9dicos, quiropr\u00e1cticos y fisioterapeutas, cada uno especializado en diferentes \u00e1reas de atenci\u00f3n de lesiones. Esta colaboraci\u00f3n nos permite crear un plan de tratamiento integral adaptado a sus necesidades espec\u00edficas. Desde el momento en que entra por nuestras puertas, nos centramos en su salud y bienestar. Nuestro equipo m\u00e9dico lleva a cabo evaluaciones exhaustivas para identificar todas las lesiones, incluso aquellas que pueden no ser evidentes de inmediato. Esta atenci\u00f3n al detalle es crucial para proporcionar un tratamiento eficaz y fomentar una r\u00e1pida recuperaci\u00f3n. Entendemos que la recuperaci\u00f3n no consiste s\u00f3lo en tratar las lesiones f\u00edsicas. Ponemos en contacto a los pacientes con abogados expertos en lesiones personales que pueden ayudar a las v\u00edctimas de accidentes a obtener la indemnizaci\u00f3n que merecen. Adem\u00e1s, nuestro centro ofrece servicios de transporte gratuitos para garantizar que pueda acceder a la atenci\u00f3n que necesita. Creemos que todo el mundo merece una atenci\u00f3n m\u00e9dica de calidad, independientemente de su situaci\u00f3n. Ofrecemos nuestros servicios sin costo por adelantado y se les paga una vez que su caso de accidente de scooter se asienta. Al elegir Hurt 911 Colorado Injury Centers, usted est\u00e1 seleccionando un equipo comprometido con su recuperaci\u00f3n. Cont\u00e1ctenos hoy para una consulta gratis.<\/p>\n<h2>Lesiones M\u00e1s Comunes en Accidentes de Scooter<\/h2>\n<p><img fetchpriority=\"high\" decoding=\"async\" class=\"alignnone wp-image-3225 size-full\" src=\"https:\/\/1800hurt911co.com\/wp-content\/uploads\/2020\/12\/scooter-accidents-copy.webp\" alt=\"Accidente de scooter\" width=\"500\" height=\"334\" srcset=\"https:\/\/1800hurt911co.com\/wp-content\/uploads\/2020\/12\/scooter-accidents-copy.webp 500w, https:\/\/1800hurt911co.com\/wp-content\/uploads\/2020\/12\/scooter-accidents-copy-300x200.webp 300w\" sizes=\"(max-width: 500px) 100vw, 500px\" \/><\/p>\n<p>Los accidentes de scooter pueden provocar diversas lesiones, desde leves a graves. Entender estas lesiones comunes es crucial tanto para la prevenci\u00f3n como para el tratamiento.<\/p>\n<h3>Huesos rotos<\/h3>\n<p>Las fracturas son una de las consecuencias m\u00e1s frecuentes de los accidentes de scooter. Los conductores a menudo sufren fracturas en los brazos, piernas o mu\u00f1ecas debido a ca\u00eddas o colisiones. Estas lesiones pueden ser extremadamente dolorosas y pueden requerir intervenci\u00f3n quir\u00fargica, seguida de fisioterapia para una recuperaci\u00f3n completa.<\/p>\n<h3>Lesiones en la cabeza<\/h3>\n<p>Las lesiones en la cabeza son una preocupaci\u00f3n importante en los accidentes de scooter, especialmente si los conductores no llevan casco. Pueden producirse conmociones cerebrales y lesiones cerebrales traum\u00e1ticas m\u00e1s graves, con efectos a largo plazo. La atenci\u00f3n m\u00e9dica inmediata es esencial para cualquier persona que sufra una lesi\u00f3n en la cabeza. Las lesiones cerebrales traum\u00e1ticas (LCT) pueden producirse incluso con casco, especialmente en situaciones de alto impacto. Los s\u00edntomas pueden no aparecer inmediatamente, por lo que es esencial buscar una evaluaci\u00f3n m\u00e9dica despu\u00e9s de cualquier accidente de scooter. Los traumatismos craneoencef\u00e1licos pueden provocar complicaciones a largo plazo que afectan a la funci\u00f3n cognitiva y a la calidad de vida en general.<\/p>\n<h3>Contusiones<\/h3>\n<p>Contusiones, o moretones, son comunes despu\u00e9s de un accidente de scooter. Estos pueden variar en severidad y son causados generalmente por golpear el suelo u otros objetos. Aunque parezcan leves, pueden ser bastante dolorosas y requieren un seguimiento para detectar cualquier complicaci\u00f3n.<\/p>\n<h3>Esguinces<\/h3>\n<p>Los esguinces, especialmente en tobillos y mu\u00f1ecas, son frecuentes en los accidentes de scooter. Estas lesiones se producen cuando los ligamentos se estiran o se rompen, lo que a menudo provoca hinchaz\u00f3n y dificultad para mover la zona afectada. El tratamiento puede consistir en reposo, hielo, compresi\u00f3n y elevaci\u00f3n.<\/p>\n<h3>Laceraciones<\/h3>\n<p>Las laceraciones, o cortes, son otra lesi\u00f3n frecuente. Los motoristas pueden sufrir estas lesiones al entrar en contacto con restos de la carretera u objetos afilados durante una ca\u00edda. Dependiendo de la gravedad, las laceraciones pueden requerir puntos de sutura u otros cuidados m\u00e9dicos para prevenir infecciones y favorecer la cicatrizaci\u00f3n.<\/p>\n<h3>Erupci\u00f3n en la carretera<\/h3>\n<p>El sarpullido es un tipo espec\u00edfico de abrasi\u00f3n causada por el roce de la piel contra el pavimento. Esta lesi\u00f3n puede ser extremadamente dolorosa y requerir cuidados exhaustivos, como limpieza, vendajes y, a veces, injertos de piel si el da\u00f1o es grave. El tratamiento adecuado es esencial para prevenir infecciones y cicatrices. Si usted o alguien que usted conoce ha estado involucrado en un accidente de scooter, es crucial buscar atenci\u00f3n m\u00e9dica con prontitud. La comprensi\u00f3n de las posibles lesiones puede ayudar en la gesti\u00f3n de la recuperaci\u00f3n y la b\u00fasqueda de cualquier compensaci\u00f3n necesaria.<\/p>\n<h2>Tratamiento de lesiones por accidente de scooter<\/h2>\n<p><img decoding=\"async\" class=\"alignnone wp-image-2540 size-full\" src=\"https:\/\/1800hurt911co.com\/wp-content\/uploads\/2024\/09\/shutterstock_2267710669.webp\" alt=\"Scooter Accident Treatment in Centennial Colorado\" width=\"500\" height=\"326\" srcset=\"https:\/\/1800hurt911co.com\/wp-content\/uploads\/2024\/09\/shutterstock_2267710669.webp 500w, https:\/\/1800hurt911co.com\/wp-content\/uploads\/2024\/09\/shutterstock_2267710669-300x196.webp 300w\" sizes=\"(max-width: 500px) 100vw, 500px\" \/><\/p>\n<p>Tras un accidente de scooter, es fundamental recibir atenci\u00f3n m\u00e9dica inmediata. Muchas lesiones pueden no ser inmediatamente evidentes, y la intervenci\u00f3n oportuna puede influir significativamente en los resultados de recuperaci\u00f3n. Nuestro enfoque se centra en proporcionar evaluaciones exhaustivas y planes de tratamiento a medida para abordar las necesidades espec\u00edficas de las v\u00edctimas de accidentes de scooter.<\/p>\n<h3>Diagn\u00f3stico por imagen<\/h3>\n<p>Un diagn\u00f3stico preciso es esencial para un tratamiento eficaz. Utilizamos servicios de diagn\u00f3stico avanzados, como radiograf\u00edas y resonancias magn\u00e9ticas, para identificar el alcance de las lesiones. Estas t\u00e9cnicas de imagen nos ayudan a detectar fracturas, da\u00f1os en los tejidos blandos y otras lesiones que pueden requerir atenci\u00f3n inmediata.<\/p>\n<h3>Atenci\u00f3n quiropr\u00e1ctica<\/h3>\n<p>Muchas v\u00edctimas experimentan problemas como latigazo cervical, dolor de espalda o desalineaci\u00f3n de la columna vertebral debido al impacto del accidente. Los quiropr\u00e1cticos se centran en los ajustes de la columna vertebral y el alivio del dolor, ayudando a restaurar la movilidad y la funci\u00f3n. A trav\u00e9s de ajustes manuales, terapia de tejidos blandos y ejercicios de rehabilitaci\u00f3n, el tratamiento quiropr\u00e1ctico ayuda a reducir el dolor, mejorar la flexibilidad y promover la curaci\u00f3n natural, permitiendo que el cuerpo se recupere m\u00e1s eficazmente sin depender \u00fanicamente de medicamentos o procedimientos invasivos.<\/p>\n<h3>Fisioterapia<\/h3>\n<p>La fisioterapia es esencial para recuperar la fuerza y la movilidad despu\u00e9s de una lesi\u00f3n. Nuestros fisioterapeutas dise\u00f1an programas de rehabilitaci\u00f3n dirigidos a fortalecer y restaurar su amplitud de movimiento. Un programa de fisioterapia a medida puede ayudarle a recuperar la funcionalidad y prevenir complicaciones a largo plazo.<\/p>\n<h2>Trabajar con expertos legales<\/h2>\n<p>Navegar las secuelas de un accidente de scooter puede ser abrumador. En Hurt 911 Colorado Injury Centers, entendemos los desaf\u00edos que usted enfrenta. Nuestros expertos legales est\u00e1n aqu\u00ed para guiarle a trav\u00e9s de cada paso del proceso, asegurando que reciba el apoyo que necesita.<\/p>\n<h3>Consultas legales gratuitas<\/h3>\n<p>Ofrecemos consultas gratuitas para evaluar su caso. Esta reuni\u00f3n inicial le permite discutir su situaci\u00f3n sin ninguna obligaci\u00f3n financiera. Nuestro equipo escuchar\u00e1 sus preocupaciones y esbozar\u00e1 posibles opciones legales adaptadas a sus necesidades espec\u00edficas.<\/p>\n<h3>Apoyo legal integral<\/h3>\n<p>Nuestros abogados dedicados proporcionan apoyo legal integral a lo largo de su recuperaci\u00f3n. Desde la presentaci\u00f3n de reclamaciones hasta la negociaci\u00f3n con las compa\u00f1\u00edas de seguros, nos encargamos de todos los aspectos de su caso. Nos centramos en maximizar su compensaci\u00f3n mientras usted se concentra en recuperarse de sus lesiones.<\/p>\n<h3>Coordinaci\u00f3n con su equipo legal<\/h3>\n<p>La comunicaci\u00f3n efectiva es crucial durante este proceso. Nuestro equipo m\u00e9dico se coordina perfectamente con su abogado para reunir la documentaci\u00f3n necesaria. Esta colaboraci\u00f3n fortalece su caso y ayuda a asegurar que toda la informaci\u00f3n pertinente se presenta para apoyar su reclamo. Cuando usted elige Hurt 911 Colorado Injury Centers, no s\u00f3lo obtiene representaci\u00f3n legal. Usted est\u00e1 ganando un socio comprometido con su recuperaci\u00f3n y bienestar. Perm\u00edtanos ayudarle a navegar por las complejidades de su caso de accidente de scooter para que pueda centrarse en lo que m\u00e1s importa: su salud y recuperaci\u00f3n.<\/p>\n<h2>La b\u00fasqueda de una indemnizaci\u00f3n por sus lesiones<\/h2>\n<p><img decoding=\"async\" class=\"alignnone size-full wp-image-2951\" src=\"https:\/\/1800hurt911co.com\/wp-content\/uploads\/2024\/09\/hurt911-colorado-lawyer.webp\" alt=\"\" width=\"500\" height=\"334\" srcset=\"https:\/\/1800hurt911co.com\/wp-content\/uploads\/2024\/09\/hurt911-colorado-lawyer.webp 500w, https:\/\/1800hurt911co.com\/wp-content\/uploads\/2024\/09\/hurt911-colorado-lawyer-300x200.webp 300w\" sizes=\"(max-width: 500px) 100vw, 500px\" \/><\/p>\n<p>Tras un accidente de scooter, puede enfrentarse a numerosos retos. Uno de los m\u00e1s acuciantes es conseguir la indemnizaci\u00f3n que necesita para cubrir sus lesiones y p\u00e9rdidas. Comprender los tipos de da\u00f1os que puede reclamar es crucial para su recuperaci\u00f3n.<\/p>\n<h3>Gastos m\u00e9dicos<\/h3>\n<p>Los accidentes de scooter pueden acarrear importantes gastos m\u00e9dicos. Esto incluye estancias en el hospital, cirug\u00edas y tratamientos continuos como fisioterapia. Usted tiene derecho a solicitar el reembolso de estos gastos.<\/p>\n<h3>P\u00e9rdida de salario<\/h3>\n<p>Si sus lesiones le impiden trabajar, puede reclamar una indemnizaci\u00f3n por los salarios perdidos. Esto incluye cualquier baja laboral debida a la recuperaci\u00f3n, as\u00ed como los ingresos futuros si su capacidad para ganar dinero se ve afectada a largo plazo.<\/p>\n<h3>Da\u00f1os materiales<\/h3>\n<p>En muchos casos, su scooter puede resultar da\u00f1ado o destruido en un accidente. Puedes reclamar una indemnizaci\u00f3n por los gastos de reparaci\u00f3n o sustituci\u00f3n. De este modo, no tendr\u00e1 que soportar la carga econ\u00f3mica de un veh\u00edculo da\u00f1ado.<\/p>\n<h3>P\u00e9rdida de la capacidad de ganarse la vida en el futuro<\/h3>\n<p>Si sus lesiones afectan a su capacidad para trabajar en el futuro, puede tener derecho a una indemnizaci\u00f3n por p\u00e9rdida de ingresos potenciales. Esto es especialmente importante para aquellos con trabajos f\u00edsicamente exigentes.<\/p>\n<h3>Dolor y sufrimiento<\/h3>\n<p>El dolor f\u00edsico y la angustia emocional causados por un accidente pueden ser importantes. Usted tiene derecho a solicitar una indemnizaci\u00f3n por estos da\u00f1os no econ\u00f3micos, que pueden afectar en gran medida a su calidad de vida.<\/p>\n<h3>Discapacidad, cicatrices y desfiguraci\u00f3n<\/h3>\n<p>Las lesiones causadas por accidentes de scooter pueden provocar discapacidades a largo plazo o cicatrices visibles. La compensaci\u00f3n puede ser perseguida por el impacto que estas condiciones tienen en su vida diaria y la imagen de s\u00ed mismo.<\/p>\n<h3>P\u00e9rdida del disfrute de la vida<\/h3>\n<p>Las lesiones pueden limitar su capacidad para participar en actividades que antes disfrutaba. Puede reclamar una indemnizaci\u00f3n por esta p\u00e9rdida, que refleja los cambios en su estilo de vida.<\/p>\n<h3>P\u00e9rdida de consorcio<\/h3>\n<p>Si sus lesiones afectan a la relaci\u00f3n con su c\u00f3nyuge o pareja, puede reclamar una indemnizaci\u00f3n por p\u00e9rdida de consorcio. Esta indemnizaci\u00f3n reconoce el impacto de sus lesiones en sus relaciones personales. Navegar por el proceso de reclamaciones puede ser abrumador, especialmente mientras se recupera de un accidente. Buscar asistencia legal puede ayudarle a entender sus derechos y obtener la compensaci\u00f3n que se merece.<\/p>\n<h2>Programe su consulta gratuita<\/h2>\n<p><img loading=\"lazy\" decoding=\"async\" class=\"alignnone wp-image-2064\" src=\"https:\/\/1800hurt911co.com\/wp-content\/uploads\/2020\/12\/banner-bg1-copy-1024x254.webp\" alt=\"Hurt911 Logo\" width=\"500\" height=\"124\" srcset=\"https:\/\/1800hurt911co.com\/wp-content\/uploads\/2020\/12\/banner-bg1-copy-1024x254.webp 1024w, https:\/\/1800hurt911co.com\/wp-content\/uploads\/2020\/12\/banner-bg1-copy-300x75.webp 300w, https:\/\/1800hurt911co.com\/wp-content\/uploads\/2020\/12\/banner-bg1-copy-768x191.webp 768w, https:\/\/1800hurt911co.com\/wp-content\/uploads\/2020\/12\/banner-bg1-copy-1536x382.webp 1536w, https:\/\/1800hurt911co.com\/wp-content\/uploads\/2020\/12\/banner-bg1-copy.webp 1920w\" sizes=\"(max-width: 500px) 100vw, 500px\" \/><\/p>\n<p>En <a href=\"\/es\/\">Hurt 911 Colorado Injury Centers<\/a>, entendemos los desaf\u00edos que usted enfrenta despu\u00e9s de un accidente de scooter. Su salud y recuperaci\u00f3n son nuestras principales prioridades. Es por eso que ofrecemos consultas gratuitas para discutir sus lesiones y los mejores pasos a seguir. Durante esta reuni\u00f3n inicial, nuestro equipo dedicado evaluar\u00e1 su situaci\u00f3n, responder a sus preguntas, y esbozar c\u00f3mo podemos ayudarle en su viaje de recuperaci\u00f3n. Le ofrecemos un entorno acogedor en el que puede expresar sus preocupaciones sin ning\u00fan tipo de presi\u00f3n. Nuestros experimentados profesionales est\u00e1n aqu\u00ed para guiarle a trav\u00e9s del proceso. Le explicaremos sus opciones legales y el potencial de compensaci\u00f3n por sus facturas m\u00e9dicas, salarios perdidos, y el dolor y el sufrimiento. La conveniencia es clave. Contamos con varias oficinas en el \u00e1rea metropolitana de Denver, lo que facilita el acceso a nuestros servicios. Si usted prefiere una llamada telef\u00f3nica o una visita en persona, estamos listos para ayudarle. No espere para obtener la ayuda que se merece. P\u00f3ngase en contacto con los Centros de Lesiones Hurt 911 Colorado hoy mismo para programar su consulta gratuita. Perm\u00edtanos ayudarle a navegar el camino hacia la recuperaci\u00f3n y la compensaci\u00f3n.<\/p>\n","protected":false},"excerpt":{"rendered":"<p>Tratamiento del accidente del scooter en Centennial En Hurt 911 Colorado Injury Centers, damos prioridad a un enfoque multidisciplinario para el tratamiento de lesiones por accidente de scooter. Nuestro equipo est\u00e1 formado por profesionales cualificados, incluyendo m\u00e9dicos, quiropr\u00e1cticos y fisioterapeutas, cada uno especializado en diferentes \u00e1reas de atenci\u00f3n de lesiones. Esta colaboraci\u00f3n nos permite crear [&hellip;]<\/p>\n","protected":false},"author":6,"featured_media":0,"parent":4228,"menu_order":0,"comment_status":"closed","ping_status":"closed","template":"","meta":{"_acf_changed":false,"footnotes":""},"class_list":["post-4252","page","type-page","status-publish","hentry"],"acf":[],"_links":{"self":[{"href":"https:\/\/1800hurt911co.com\/es\/wp-json\/wp\/v2\/pages\/4252","targetHints":{"allow":["GET"]}}],"collection":[{"href":"https:\/\/1800hurt911co.com\/es\/wp-json\/wp\/v2\/pages"}],"about":[{"href":"https:\/\/1800hurt911co.com\/es\/wp-json\/wp\/v2\/types\/page"}],"author":[{"embeddable":true,"href":"https:\/\/1800hurt911co.com\/es\/wp-json\/wp\/v2\/users\/6"}],"replies":[{"embeddable":true,"href":"https:\/\/1800hurt911co.com\/es\/wp-json\/wp\/v2\/comments?post=4252"}],"version-history":[{"count":2,"href":"https:\/\/1800hurt911co.com\/es\/wp-json\/wp\/v2\/pages\/4252\/revisions"}],"predecessor-version":[{"id":4254,"href":"https:\/\/1800hurt911co.com\/es\/wp-json\/wp\/v2\/pages\/4252\/revisions\/4254"}],"up":[{"embeddable":true,"href":"https:\/\/1800hurt911co.com\/es\/wp-json\/wp\/v2\/pages\/4228"}],"wp:attachment":[{"href":"https:\/\/1800hurt911co.com\/es\/wp-json\/wp\/v2\/media?parent=4252"}],"curies":[{"name":"wp","href":"https:\/\/api.w.org\/{rel}","templated":true}]}}