{"id":4255,"date":"2024-09-18T07:33:10","date_gmt":"2024-09-18T11:33:10","guid":{"rendered":"https:\/\/1800hurt911co.com\/centennial\/centennial-resbalon-y-caida\/"},"modified":"2024-09-29T06:30:12","modified_gmt":"2024-09-29T12:30:12","slug":"centennial-resbalon-y-caida","status":"publish","type":"page","link":"https:\/\/1800hurt911co.com\/es\/centennial\/centennial-resbalon-y-caida\/","title":{"rendered":"Centennial resbal\u00f3n y ca\u00edda"},"content":{"rendered":"<h2>\u00bfPor qu\u00e9 elegir los centros de lesi\u00f3n de Hurt 911 Colorado para su resbal\u00f3n y ca\u00edda en Centennial?<\/h2>\n<p>Elegir al abastecedor derecho del cuidado despu\u00e9s de un accidente del resbal\u00f3n y de la ca\u00edda es crucial para su recuperaci\u00f3n. En los centros de lesi\u00f3n de Hurt 911 Colorado, nos destacamos por varias razones que nos hagan la opci\u00f3n preferida para los individuos que buscan cuidado comprensivo del accidente en Centennial y el \u00e1rea metropolitana de Denver.<\/p>\n<h3>Experiencia en atenci\u00f3n de accidentes<\/h3>\n<p><img fetchpriority=\"high\" decoding=\"async\" class=\"alignnone size-full wp-image-2527\" src=\"https:\/\/1800hurt911co.com\/wp-content\/uploads\/2024\/09\/shutterstock_2347085123.webp\" alt=\"\" width=\"500\" height=\"334\" srcset=\"https:\/\/1800hurt911co.com\/wp-content\/uploads\/2024\/09\/shutterstock_2347085123.webp 500w, https:\/\/1800hurt911co.com\/wp-content\/uploads\/2024\/09\/shutterstock_2347085123-300x200.webp 300w\" sizes=\"(max-width: 500px) 100vw, 500px\" \/><\/p>\n<p>Nuestros especialistas tienen amplia experiencia en el tratamiento de lesiones por accidentes. Si usted ha experimentado un resbal\u00f3n y ca\u00edda, nuestro personal bien informado est\u00e1 equipado para proporcionar la atenci\u00f3n que necesita. Entendemos los matices del tratamiento de lesiones personales y trabajamos diligentemente para atender sus necesidades m\u00e9dicas espec\u00edficas.<\/p>\n<h3>Enfoque integral<\/h3>\n<p>Ofrecemos un enfoque hol\u00edstico para la recuperaci\u00f3n. Nuestros servicios abarcan todo, desde ex\u00e1menes iniciales y diagn\u00f3sticos hasta planes de tratamiento personalizados. Creemos en el tratamiento integral de la persona, no s\u00f3lo de la lesi\u00f3n. Esto significa que proporcionamos apoyo continuo y servicios de rehabilitaci\u00f3n para ayudarle a recuperar su fuerza y movilidad.<\/p>\n<h3>Nos centramos en su bienestar<\/h3>\n<p>En Hurt 911, su bienestar es nuestra m\u00e1xima prioridad. Nos esforzamos por crear un entorno acogedor en el que se sienta apoyado durante todo el proceso de recuperaci\u00f3n. Nuestro personal compasivo est\u00e1 aqu\u00ed para escuchar sus preocupaciones y asegurarse de que reciba la mejor atenci\u00f3n posible.<\/p>\n<h3>Accesibilidad y comodidad<\/h3>\n<p>Entendemos que el acceso a la atenci\u00f3n puede ser dif\u00edcil, especialmente despu\u00e9s de un accidente. Es por eso que ofrecemos transporte gratuito desde y hacia las citas. Nuestras m\u00faltiples ubicaciones en Denver, Commerce City, Northglenn, Centennial, Aurora, Lakewood, Colorado Springs y Arvada hacen que sea m\u00e1s f\u00e1cil para usted recibir el tratamiento que necesita sin estr\u00e9s a\u00f1adido.<\/p>\n<h3>Coordinaci\u00f3n legal y financiera<\/h3>\n<p>Navegar por las secuelas de un accidente puede ser abrumador. Le ayudamos en la coordinaci\u00f3n con su equipo legal y la gesti\u00f3n de reclamaciones de seguros. Nuestro objetivo es aliviar la carga de papeleo y las preocupaciones financieras, lo que le permite centrarse en su recuperaci\u00f3n. Hurt 911 Colorado Injury Centers se compromete a proporcionar una atenci\u00f3n excepcional adaptada a sus necesidades. Con nuestra experiencia, servicios integrales y dedicaci\u00f3n a su bienestar, puede confiar en nosotros para ayudarle en su camino hacia la recuperaci\u00f3n.<\/p>\n<h2>Enfoque de tratamiento integral<\/h2>\n<p>En Hurt 911 Colorado Injury Centers, damos prioridad a su recuperaci\u00f3n a trav\u00e9s de un enfoque exhaustivo y sistem\u00e1tico para el tratamiento. Nuestro objetivo es proporcionarle la mejor atenci\u00f3n posible adaptada a sus necesidades espec\u00edficas despu\u00e9s de un accidente.<\/p>\n<h3>Examen inicial y diagn\u00f3stico<\/h3>\n<p>Nuestro proceso comienza con un examen inicial completo. Esta evaluaci\u00f3n es crucial en la comprensi\u00f3n de su condici\u00f3n y el alcance de sus lesiones. Utilizamos servicios avanzados de diagn\u00f3stico, incluyendo radiograf\u00edas y resonancias magn\u00e9ticas, para evaluar con precisi\u00f3n su condici\u00f3n. Estas herramientas nos ayudan a identificar las causas fundamentales de su dolor y malestar, lo que nos permite desarrollar un plan de tratamiento eficaz.<\/p>\n<h3>Planes de tratamiento personalizados<\/h3>\n<p>Una vez que tenemos una clara comprensi\u00f3n de sus lesiones, creamos planes de recuperaci\u00f3n personalizados. Cada plan est\u00e1 dise\u00f1ado para hacer frente a sus circunstancias \u00fanicas, asegurando que reciba la atenci\u00f3n m\u00e1s eficaz. Si usted requiere la experiencia de un fisioterapeuta, un m\u00e9dico de latigazo cervical, o un quiropr\u00e1ctico experto, nuestro equipo est\u00e1 listo para ayudarle. Nuestra atenci\u00f3n quiropr\u00e1ctica en Centennial se centra en aliviar el dolor, restaurar la movilidad y promover el bienestar general. Al tomar estas medidas, nuestro objetivo es facilitar un proceso de recuperaci\u00f3n sin problemas. Nuestro personal dedicado est\u00e1 aqu\u00ed para apoyarle en cada paso del camino, asegurando que tenga acceso a los recursos que necesita para recuperar su salud y bienestar.<\/p>\n<h2>Tratamientos especializados de lesiones<\/h2>\n<p><img decoding=\"async\" class=\"alignnone wp-image-2553 size-full\" src=\"https:\/\/1800hurt911co.com\/wp-content\/uploads\/2024\/09\/shutterstock_2472674703.webp\" alt=\"Slip and Fall Treatment in Centennial Colorado\" width=\"500\" height=\"339\" srcset=\"https:\/\/1800hurt911co.com\/wp-content\/uploads\/2024\/09\/shutterstock_2472674703.webp 500w, https:\/\/1800hurt911co.com\/wp-content\/uploads\/2024\/09\/shutterstock_2472674703-300x203.webp 300w\" sizes=\"(max-width: 500px) 100vw, 500px\" \/><\/p>\n<p>En los Centros de Lesiones Hurt 911 Colorado, nos centramos en ofrecer tratamientos especializados a los pacientes. Nuestro experimentado equipo se dedica a proporcionar una atenci\u00f3n eficaz adaptada a sus necesidades, asegurando un proceso de recuperaci\u00f3n sin problemas. Las lesiones por resbalones y ca\u00eddas pueden provocar dolor cr\u00f3nico y complicaciones a largo plazo. Ofrecemos:<\/p>\n<ul>\n<li><strong>Tratamiento de lesiones por resbalones y ca\u00eddas<\/strong>: Nuestro equipo eval\u00faa sus lesiones y desarrolla un plan de tratamiento integral para promover la curaci\u00f3n.<\/li>\n<li><strong>Quiropr\u00e1ctico para resbalones y ca\u00eddas<\/strong>: Ofrecemos atenci\u00f3n quiropr\u00e1ctica espec\u00edficamente para lesiones por resbalones y ca\u00eddas, centr\u00e1ndonos en restaurar la funci\u00f3n y aliviar el dolor.<\/li>\n<li><strong>Fisioterapia para resbalones y ca\u00eddas<\/strong>: Nuestros fisioterapeutas trabajan con usted para mejorar la fuerza y la movilidad, asegurando un retorno seguro a las actividades diarias.<\/li>\n<\/ul>\n<p>En Hurt 911 Colorado Injury Centers, estamos comprometidos con su recuperaci\u00f3n. Nuestros tratamientos especializados est\u00e1n dise\u00f1ados para tratar diversas lesiones por resbal\u00f3n y ca\u00edda, como dolor de cuello y lesiones de tejidos blandos.<\/p>\n<h2>Servicios de Recuperaci\u00f3n Hol\u00edstica<\/h2>\n<p>En Hurt 911 Colorado Injury Centers, entendemos que la recuperaci\u00f3n de un accidente no se trata s\u00f3lo de tratar las lesiones f\u00edsicas. Nuestro enfoque hol\u00edstico se centra en todo el bienestar de nuestros clientes. Ofrecemos una gama de servicios dise\u00f1ados para ayudar en su recuperaci\u00f3n, tanto f\u00edsica como emocional.<\/p>\n<p>Rehabilitaci\u00f3n f\u00edsica<\/p>\n<p>Nuestros servicios de rehabilitaci\u00f3n f\u00edsica se adaptan a las necesidades espec\u00edficas de cada paciente. Esto incluye<\/p>\n<ul>\n<li><strong>Fisioterapia<\/strong>: Nuestros terapeutas licenciados trabajan con usted para restaurar la movilidad, la fuerza y la funci\u00f3n. Ellos desarrollan un plan personalizado que se ocupa de sus lesiones espec\u00edficas y objetivos de rehabilitaci\u00f3n.<\/li>\n<li><strong>Cuidado Quiropr\u00e1ctico<\/strong>: Nuestros quiropr\u00e1cticos se centran en la alineaci\u00f3n de la columna vertebral y la mec\u00e1nica general del cuerpo. Esto puede ayudar a aliviar el dolor y mejorar la funci\u00f3n f\u00edsica, esencial para una recuperaci\u00f3n completa.<\/li>\n<li><strong>Terapia de Masaje<\/strong>: El masaje terap\u00e9utico puede aliviar la tensi\u00f3n, reducir el dolor y promover la relajaci\u00f3n. Nuestros masajistas capacitados utilizan diversas t\u00e9cnicas para apoyar su proceso de curaci\u00f3n.<\/li>\n<\/ul>\n<h3>Apoyo continuo y programas a domicilio<\/h3>\n<p>La recuperaci\u00f3n no termina con el tratamiento en nuestro centro. Ofrecemos apoyo continuo para ayudarle a mantener el progreso en casa:<\/p>\n<ul>\n<li><strong>Programas de ejercicios en casa<\/strong>: Le equipamos con rutinas de ejercicios a medida para continuar su viaje de rehabilitaci\u00f3n en casa. Estos ejercicios est\u00e1n dise\u00f1ados para complementar el trabajo realizado en nuestro centro.<\/li>\n<li><strong>Educaci\u00f3n sobre la mec\u00e1nica corporal adecuada<\/strong>: Entender c\u00f3mo moverse correctamente puede evitar lesiones posteriores. Educamos a nuestros clientes en la mec\u00e1nica corporal para garantizar un movimiento seguro y eficaz en las actividades diarias.<\/li>\n<\/ul>\n<p>Nuestros servicios hol\u00edsticos de recuperaci\u00f3n tienen como objetivo ayudarle en su viaje hacia el bienestar. Con nuestro equipo dedicado a su lado, puede centrarse en recuperar su fuerza y volver a su vida cotidiana.<\/p>\n<h2>Asistencia jur\u00eddica y financiera<\/h2>\n<p><img decoding=\"async\" class=\"alignnone size-full wp-image-2951\" src=\"https:\/\/1800hurt911co.com\/wp-content\/uploads\/2024\/09\/hurt911-colorado-lawyer.webp\" alt=\"\" width=\"500\" height=\"334\" srcset=\"https:\/\/1800hurt911co.com\/wp-content\/uploads\/2024\/09\/hurt911-colorado-lawyer.webp 500w, https:\/\/1800hurt911co.com\/wp-content\/uploads\/2024\/09\/hurt911-colorado-lawyer-300x200.webp 300w\" sizes=\"(max-width: 500px) 100vw, 500px\" \/><\/p>\n<p>En Hurt 911 Colorado Injury Centers, reconocemos que navegar por las secuelas de un accidente puede ser abrumador. Es por eso que ofrecemos asistencia legal y financiera dedicada a ayudarle a trav\u00e9s de este tiempo dif\u00edcil.<\/p>\n<h3>Servicios Legales<\/h3>\n<p>Nuestro equipo colabora estrechamente con sus representantes legales para asegurar que usted reciba la compensaci\u00f3n que se merece. Proporcionamos documentaci\u00f3n m\u00e9dica completa, que es crucial para la construcci\u00f3n de un caso fuerte. Esto incluye registros detallados de sus lesiones, planes de tratamiento y notas de progreso. Nuestro objetivo es apoyar a su equipo legal con la informaci\u00f3n que necesitan para abogar eficazmente en su nombre.<\/p>\n<h3>Servicios financieros<\/h3>\n<p>La gesti\u00f3n de los gastos m\u00e9dicos puede aumentar el estr\u00e9s despu\u00e9s de un accidente. Ofrecemos servicios de embargo preventivo m\u00e9dico, lo que le permite recibir el tratamiento necesario sin pago inmediato. Esto significa que usted puede centrarse en su recuperaci\u00f3n, mientras que coordinamos con sus proveedores de seguros. Nuestro equipo ayuda a navegar por las complejidades de las reclamaciones de seguros, asegur\u00e1ndose de que no se quedan con facturas inesperadas. En resumen, el Centro de Lesiones Hurt 911 Colorado est\u00e1 aqu\u00ed para proporcionarle tanto apoyo legal como financiero. Nuestro objetivo es hacer que su proceso de recuperaci\u00f3n lo m\u00e1s suave posible, lo que le permite concentrarse en la curaci\u00f3n y la recuperaci\u00f3n de su vida.<\/p>\n<h2>P\u00f3ngase en contacto con Hurt911 Colorado Injury Centers<\/h2>\n<p><img loading=\"lazy\" decoding=\"async\" class=\"alignnone wp-image-2064\" src=\"https:\/\/1800hurt911co.com\/wp-content\/uploads\/2020\/12\/banner-bg1-copy-1024x254.webp\" alt=\"Hurt911 Logo\" width=\"500\" height=\"124\" srcset=\"https:\/\/1800hurt911co.com\/wp-content\/uploads\/2020\/12\/banner-bg1-copy-1024x254.webp 1024w, https:\/\/1800hurt911co.com\/wp-content\/uploads\/2020\/12\/banner-bg1-copy-300x75.webp 300w, https:\/\/1800hurt911co.com\/wp-content\/uploads\/2020\/12\/banner-bg1-copy-768x191.webp 768w, https:\/\/1800hurt911co.com\/wp-content\/uploads\/2020\/12\/banner-bg1-copy-1536x382.webp 1536w, https:\/\/1800hurt911co.com\/wp-content\/uploads\/2020\/12\/banner-bg1-copy.webp 1920w\" sizes=\"(max-width: 500px) 100vw, 500px\" \/><\/p>\n<h3>Programe una cita<\/h3>\n<p>En Hurt 911 Colorado Injury Centers, damos prioridad a su recuperaci\u00f3n. Para empezar, puede programar una consulta gratuita con nuestro equipo. Entendemos que la navegaci\u00f3n de su recuperaci\u00f3n puede ser un reto, especialmente despu\u00e9s de un accidente. Nuestro personal dedicado est\u00e1 aqu\u00ed para ayudarle en cada paso del camino. Puede ponerse en contacto con nosotros llamando al [tel\u00e9fono] o utilizando nuestro formulario de contacto.<\/p>\n<h3>Ubicaciones<\/h3>\n<p>Estamos orgullosos de servir a clientes en varias \u00e1reas, incluyendo:<\/p>\n<ul>\n<li><a href=\"\/es\/denver\/\">Denver<\/a><\/li>\n<li><a href=\"\/es\/commerce-city\/\">Commerce City<\/a><\/li>\n<li><a href=\"\/es\/northglenn\/\">Northglenn<\/a><\/li>\n<li><a href=\"\/es\/centennial\/\">Centennial<\/a><\/li>\n<li><a href=\"\/es\/aurora\/\">Aurora<\/a><\/li>\n<li><a href=\"\/es\/lakewood\/\">Lakewood<\/a><\/li>\n<li><a href=\"\/es\/colorado-springs\/\">Colorado Springs<\/a><\/li>\n<li><a href=\"https:\/\/1800hurt911co.com\/arvada\/\">Arvada<\/a><\/li>\n<\/ul>\n<p>No importa d\u00f3nde se encuentre, nos comprometemos a proporcionarle una atenci\u00f3n accesible.<\/p>\n<h3>Servicios de transporte gratuitos<\/h3>\n<p>Comprendemos la importancia de llegar a sus citas sin estr\u00e9s a\u00f1adido. Por eso ofrecemos transporte gratuito de ida y vuelta a sus visitas. Este servicio ayuda a garantizar que pueda centrarse \u00fanicamente en su recuperaci\u00f3n sin preocuparse de c\u00f3mo llegar. P\u00f3ngase en contacto con nosotros hoy mismo para dar el primer paso hacia su recuperaci\u00f3n. Nuestro equipo est\u00e1 preparado para ayudarle a recuperar la salud y la tranquilidad.<\/p>\n<h2>Preguntas frecuentes<\/h2>\n<h3>\u00bfC\u00f3mo puedo concertar una cita?<\/h3>\n<p>Puede concertar una cita f\u00e1cilmente llamando a nuestra oficina o rellenando el formulario de contacto de nuestro sitio web. Ofrecemos consultas gratuitas para discutir su situaci\u00f3n y determinar el mejor curso de acci\u00f3n para su recuperaci\u00f3n.<\/p>\n<h3>\u00bfNecesito una remisi\u00f3n para ver a un m\u00e9dico?<\/h3>\n<p>No es necesaria una remisi\u00f3n para ver a nuestros m\u00e9dicos. Puede ponerse en contacto directamente con nosotros para concertar su examen inicial y comenzar su proceso de recuperaci\u00f3n.<\/p>\n<h3>\u00bfQu\u00e9 debo esperar en mi primera visita?<\/h3>\n<p>Durante la primera visita se le realizar\u00e1 un examen exhaustivo. Esto incluye una evaluaci\u00f3n detallada de sus lesiones y las pruebas diagn\u00f3sticas necesarias, como radiograf\u00edas o resonancias magn\u00e9ticas. A continuaci\u00f3n, nuestro equipo analizar\u00e1 sus opciones de tratamiento y elaborar\u00e1 un plan de recuperaci\u00f3n personalizado adaptado a sus necesidades.<\/p>\n<h3>\u00bfC\u00f3mo se gestionan las reclamaciones al seguro?<\/h3>\n<p>Trabajamos en estrecha colaboraci\u00f3n con su equipo legal para recopilar y proporcionar la documentaci\u00f3n m\u00e9dica completa necesaria para sus reclamaciones al seguro. Nuestro objetivo es ayudarle a conseguir la indemnizaci\u00f3n que se merece minimizando su estr\u00e9s durante todo el proceso.<\/p>\n<h3>\u00bfSe proporciona transporte para las citas?<\/h3>\n<p>S\u00ed. Ofrecemos servicios gratuitos de transporte desde y hacia sus citas, asegurando que pueda acceder f\u00e1cilmente a la atenci\u00f3n que necesita sin carga financiera a\u00f1adida.<\/p>\n<h3>\u00bfC\u00f3mo puedo asegurarme de recibir la mejor atenci\u00f3n posible?<\/h3>\n<p>Para recibir la mejor atenci\u00f3n, es esencial que se comunique abiertamente con nuestro equipo m\u00e9dico acerca de sus s\u00edntomas y preocupaciones. Seguir su plan de tratamiento y asistir a todas las citas programadas tambi\u00e9n le ayudar\u00e1 a maximizar su recuperaci\u00f3n.<\/p>\n<h3>\u00bfQu\u00e9 hago si tengo m\u00e1s preguntas?<\/h3>\n<p>Si tiene m\u00e1s preguntas o inquietudes, no dude en ponerse en contacto con nuestro consultorio. Nuestro equipo est\u00e1 aqu\u00ed para ayudarle y proporcionarle la informaci\u00f3n que necesita para tomar decisiones informadas sobre su cuidado y recuperaci\u00f3n.<\/p>\n","protected":false},"excerpt":{"rendered":"<p>\u00bfPor qu\u00e9 elegir los centros de lesi\u00f3n de Hurt 911 Colorado para su resbal\u00f3n y ca\u00edda en Centennial? Elegir al abastecedor derecho del cuidado despu\u00e9s de un accidente del resbal\u00f3n y de la ca\u00edda es crucial para su recuperaci\u00f3n. En los centros de lesi\u00f3n de Hurt 911 Colorado, nos destacamos por varias razones que nos [&hellip;]<\/p>\n","protected":false},"author":6,"featured_media":0,"parent":4228,"menu_order":0,"comment_status":"closed","ping_status":"closed","template":"","meta":{"_acf_changed":false,"footnotes":""},"class_list":["post-4255","page","type-page","status-publish","hentry"],"acf":[],"_links":{"self":[{"href":"https:\/\/1800hurt911co.com\/es\/wp-json\/wp\/v2\/pages\/4255","targetHints":{"allow":["GET"]}}],"collection":[{"href":"https:\/\/1800hurt911co.com\/es\/wp-json\/wp\/v2\/pages"}],"about":[{"href":"https:\/\/1800hurt911co.com\/es\/wp-json\/wp\/v2\/types\/page"}],"author":[{"embeddable":true,"href":"https:\/\/1800hurt911co.com\/es\/wp-json\/wp\/v2\/users\/6"}],"replies":[{"embeddable":true,"href":"https:\/\/1800hurt911co.com\/es\/wp-json\/wp\/v2\/comments?post=4255"}],"version-history":[{"count":2,"href":"https:\/\/1800hurt911co.com\/es\/wp-json\/wp\/v2\/pages\/4255\/revisions"}],"predecessor-version":[{"id":4257,"href":"https:\/\/1800hurt911co.com\/es\/wp-json\/wp\/v2\/pages\/4255\/revisions\/4257"}],"up":[{"embeddable":true,"href":"https:\/\/1800hurt911co.com\/es\/wp-json\/wp\/v2\/pages\/4228"}],"wp:attachment":[{"href":"https:\/\/1800hurt911co.com\/es\/wp-json\/wp\/v2\/media?parent=4255"}],"curies":[{"name":"wp","href":"https:\/\/api.w.org\/{rel}","templated":true}]}}