{"id":4258,"date":"2024-09-18T07:20:09","date_gmt":"2024-09-18T11:20:09","guid":{"rendered":"https:\/\/1800hurt911co.com\/centennial\/centennial-accidente-de-camion\/"},"modified":"2024-09-29T06:40:52","modified_gmt":"2024-09-29T12:40:52","slug":"centennial-accidente-de-camion","status":"publish","type":"page","link":"https:\/\/1800hurt911co.com\/es\/centennial\/centennial-accidente-de-camion\/","title":{"rendered":"Centennial Accidente de cami\u00f3n"},"content":{"rendered":"<h2>Cuidado comprensivo del accidente del carro en Centennial<\/h2>\n<p>En Hurt 911 Colorado Injury Centers, nos especializamos en proporcionar un tratamiento completo para las lesiones por accidentes de camiones en Centennial. Nuestro equipo dedicado est\u00e1 aqu\u00ed para apoyarle a trav\u00e9s de cada paso de su recuperaci\u00f3n. Entendemos que las secuelas de un accidente de cami\u00f3n pueden ser abrumadoras, tanto f\u00edsica como emocionalmente. Es por eso que nos centramos en ofrecer una atenci\u00f3n personalizada adaptada a sus necesidades \u00fanicas. Elegir Hurt 911 significa optar por un enfoque hol\u00edstico para el tratamiento de lesiones. Nuestro experimentado y compasivo equipo m\u00e9dico est\u00e1 comprometido con su recuperaci\u00f3n. Ofrecemos un c\u00f3modo acceso a la atenci\u00f3n, incluido el transporte gratuito a nuestra cl\u00ednica de Centennial y m\u00faltiples ubicaciones en toda el \u00e1rea metropolitana de Denver.<\/p>\n<h3>Comprensi\u00f3n de las lesiones por accidente de cami\u00f3n<\/h3>\n<p><img fetchpriority=\"high\" decoding=\"async\" class=\"alignnone wp-image-3137 size-full\" src=\"https:\/\/1800hurt911co.com\/wp-content\/uploads\/2024\/09\/truck-accident-treatment-2.webp\" alt=\"Centennial Truck Accident Treatment, Truck Crash Image\" width=\"500\" height=\"334\" srcset=\"https:\/\/1800hurt911co.com\/wp-content\/uploads\/2024\/09\/truck-accident-treatment-2.webp 500w, https:\/\/1800hurt911co.com\/wp-content\/uploads\/2024\/09\/truck-accident-treatment-2-300x200.webp 300w\" sizes=\"(max-width: 500px) 100vw, 500px\" \/><\/p>\n<p>Los accidentes de camiones a menudo resultan en lesiones graves debido al gran tama\u00f1o y peso de los veh\u00edculos comerciales. Las lesiones comunes incluyen latigazo cervical, conmociones cerebrales, lesiones de cuello y espalda, fracturas de huesos y lesiones de tejidos blandos. Cada lesi\u00f3n requiere un enfoque de tratamiento espec\u00edfico, y nuestros profesionales m\u00e9dicos experimentados est\u00e1n equipados para manejar todos ellos.<\/p>\n<h3>Pasos inmediatos despu\u00e9s de un accidente de cami\u00f3n<\/h3>\n<p>Buscar atenci\u00f3n m\u00e9dica inmediata es crucial despu\u00e9s de un accidente de cami\u00f3n. Esto no s\u00f3lo garantiza su salud y seguridad, sino que tambi\u00e9n ayuda a documentar sus lesiones para posibles reclamaciones legales. Nuestro equipo le ayudar\u00e1 a obtener la documentaci\u00f3n m\u00e9dica necesaria para apoyar su caso.<\/p>\n<h3>Planes personalizados de tratamiento de lesiones<\/h3>\n<p>Creemos en la creaci\u00f3n de planes de tratamiento que aborden sus lesiones espec\u00edficas y objetivos de recuperaci\u00f3n. Nuestros servicios de diagn\u00f3stico incluyen t\u00e9cnicas de imagen avanzadas como radiograf\u00edas, resonancias magn\u00e9ticas y tomograf\u00edas computarizadas, lo que garantiza evaluaciones precisas de las lesiones. Sobre la base de estas evaluaciones, ofrecemos opciones de tratamiento a medida, incluyendo la atenci\u00f3n quiropr\u00e1ctica, terapia f\u00edsica, y las estrategias de manejo del dolor, todos dise\u00f1ados para facilitar su recuperaci\u00f3n a largo plazo.<\/p>\n<h3>Trabajar con su seguro y abogado<\/h3>\n<p>Navegar por el proceso de reclamaciones de seguros puede ser desalentador. Nuestro equipo est\u00e1 aqu\u00ed para ayudar a gestionar el papeleo y asegurar que su tratamiento est\u00e1 cubierto. Tambi\u00e9n colaboramos estrechamente con su abogado de lesiones personales, proporcionando documentaci\u00f3n m\u00e9dica esencial para fortalecer su caso.<\/p>\n<h2>Planes personalizados de tratamiento de lesiones<\/h2>\n<p><img decoding=\"async\" class=\"alignnone wp-image-2548 size-full\" src=\"https:\/\/1800hurt911co.com\/wp-content\/uploads\/2024\/09\/shutterstock_1805310178.webp\" alt=\"Truck Accident Treatment in Centennial Colorado\" width=\"500\" height=\"334\" srcset=\"https:\/\/1800hurt911co.com\/wp-content\/uploads\/2024\/09\/shutterstock_1805310178.webp 500w, https:\/\/1800hurt911co.com\/wp-content\/uploads\/2024\/09\/shutterstock_1805310178-300x200.webp 300w\" sizes=\"(max-width: 500px) 100vw, 500px\" \/><\/p>\n<p>En los Centros de Lesiones Hurt 911 Colorado, reconocemos que cada lesi\u00f3n por accidente de cami\u00f3n es distinta. Por lo tanto, nos centramos en la creaci\u00f3n de planes de tratamiento personalizado que atienden a sus necesidades y circunstancias espec\u00edficas. Nuestro objetivo es facilitar su recuperaci\u00f3n de manera eficaz y eficiente.<\/p>\n<h3>Servicios de diagn\u00f3stico para una evaluaci\u00f3n precisa de la lesi\u00f3n<\/h3>\n<p>Para asegurarnos de que recibe la mejor atenci\u00f3n posible, utilizamos servicios de diagn\u00f3stico avanzados. Nuestras instalaciones est\u00e1n equipadas con:<\/p>\n<ul>\n<li><strong>T\u00e9cnicas avanzadas de diagn\u00f3stico por imagen<\/strong>: Empleamos rayos X y resonancias magn\u00e9ticas para obtener una imagen clara de sus lesiones. Estas herramientas nos ayudan a identificar el alcance de sus lesiones y dar forma a su plan de tratamiento.<\/li>\n<li><strong>Ex\u00e1menes f\u00edsicos exhaustivos<\/strong>: Nuestro equipo m\u00e9dico lleva a cabo evaluaciones f\u00edsicas exhaustivas para evaluar su estado y determinar el curso de acci\u00f3n adecuado.<\/li>\n<\/ul>\n<h3>Opciones de tratamiento a medida<\/h3>\n<p>Tras una evaluaci\u00f3n precisa, ofrecemos una serie de opciones de tratamiento dise\u00f1adas espec\u00edficamente para sus lesiones:<\/p>\n<ul>\n<li><strong>Cuidado Quiropr\u00e1ctico para Lesiones de Accidentes de Cami\u00f3n<\/strong>: Nuestros quiropr\u00e1cticos cualificados proporcionan ajustes y terapias espec\u00edficas para aliviar el dolor y restaurar la movilidad.<br \/>\nFisioterapia para la recuperaci\u00f3n a largo plazo: Desarrollamos programas de fisioterapia personalizados para fortalecer su cuerpo y promover la curaci\u00f3n con el tiempo.<\/li>\n<li><strong>Tratamiento del dolor y rehabilitaci\u00f3n<\/strong>: Nuestro equipo se centra en las estrategias de alivio del dolor que mejoran su experiencia de recuperaci\u00f3n general, lo que le permite volver a su vida cotidiana lo m\u00e1s r\u00e1pido posible.<\/li>\n<\/ul>\n<p>Nuestro enfoque personalizado asegura que usted reciba la atenci\u00f3n necesaria para una recuperaci\u00f3n \u00f3ptima, lo que le permite recuperar su fuerza y bienestar despu\u00e9s de un accidente de cami\u00f3n.<\/p>\n<h2>Trabajando con su Seguro y Abogado<\/h2>\n<p><img decoding=\"async\" class=\"alignnone wp-image-2883 size-full\" src=\"https:\/\/1800hurt911co.com\/wp-content\/uploads\/2024\/09\/truck-accident-treatment.webp\" alt=\"Truck Crash, Truck Accident Lawyer\" width=\"500\" height=\"340\" srcset=\"https:\/\/1800hurt911co.com\/wp-content\/uploads\/2024\/09\/truck-accident-treatment.webp 500w, https:\/\/1800hurt911co.com\/wp-content\/uploads\/2024\/09\/truck-accident-treatment-300x204.webp 300w\" sizes=\"(max-width: 500px) 100vw, 500px\" \/><\/p>\n<h3>Reclamaciones al seguro<\/h3>\n<p>Despu\u00e9s de un accidente de cami\u00f3n, tratando con reclamaciones de seguros puede sentirse abrumador. En Hurt 911 Colorado Injury Centers, simplificamos este proceso. Nuestro equipo legal se encarga del papeleo del seguro, ayud\u00e1ndole a asegurar la compensaci\u00f3n por sus lesiones. Esto le permite centrarse en su recuperaci\u00f3n sin el estr\u00e9s a\u00f1adido de navegar por los complejos requisitos de seguros.<\/p>\n<h3>Apoyo legal para v\u00edctimas de accidentes de cami\u00f3n<\/h3>\n<p>Ponemos en contacto a los pacientes con abogados especializados en lesiones personales que ayudan a las v\u00edctimas de accidentes de cami\u00f3n a obtener la m\u00e1xima indemnizaci\u00f3n. Colaboramos estrechamente con su abogado de lesiones personales. Entendemos la importancia de proporcionar documentaci\u00f3n m\u00e9dica esencial para apoyar su caso. Nuestros informes m\u00e9dicos y registros de tratamiento son completos, asegurando que su abogado tenga toda la informaci\u00f3n necesaria para abogar eficazmente en su nombre. Esta asociaci\u00f3n aumenta sus posibilidades de recibir la compensaci\u00f3n que se merece, lo que le permite concentrarse en su viaje de curaci\u00f3n. En Hurt 911 Colorado Injury Centers, nos comprometemos a apoyarle en cada paso del proceso de recuperaci\u00f3n, desde el tratamiento inicial hasta la resoluci\u00f3n legal. Su salud y bienestar son nuestras principales prioridades.<\/p>\n<h2>\u00bfPor qu\u00e9 elegir los centros de lesi\u00f3n de Hurt 911 Colorado?<\/h2>\n<h3>Nuestra comisi\u00f3n a su recuperaci\u00f3n<\/h3>\n<p>En los Centros de Lesiones Hurt 911 Colorado, su recuperaci\u00f3n es nuestra m\u00e1xima prioridad. Adoptamos un enfoque hol\u00edstico para el tratamiento de lesiones, abordando no s\u00f3lo sus dolencias f\u00edsicas, sino tambi\u00e9n su bienestar emocional. Nuestro experimentado y compasivo equipo m\u00e9dico se dedica a guiarle a trav\u00e9s de cada paso de su viaje de recuperaci\u00f3n. Desde el momento en que entre por nuestras puertas, recibir\u00e1 una atenci\u00f3n personalizada adaptada a sus necesidades espec\u00edficas, garantizando que se sienta apoyado y comprendido durante todo el proceso de curaci\u00f3n.<\/p>\n<h3>Atenci\u00f3n conveniente y accesible<\/h3>\n<p>Entendemos que despu\u00e9s de un accidente de cami\u00f3n, llegar a las citas puede ser un reto. Es por eso que ofrecemos transporte gratuito a nuestra cl\u00ednica de Centennial, por lo que es f\u00e1cil para que usted pueda acceder a la atenci\u00f3n que necesita sin estr\u00e9s a\u00f1adido. Con m\u00faltiples ubicaciones en todo el \u00e1rea metropolitana de Denver, nos esforzamos por ofrecer servicios convenientes y accesibles para todos nuestros clientes. Su recuperaci\u00f3n debe ser el foco, y nuestro objetivo es eliminar las barreras que pueden obstaculizar su viaje de curaci\u00f3n. Elija Hurt 911 Colorado Injury Centers para contar con un socio dedicado a su recuperaci\u00f3n. Estamos aqu\u00ed para ayudarle a recuperar su fuerza y volver a su vida cotidiana lo antes posible.<\/p>\n<h2>Cont\u00e1ctenos para Asistencia Inmediata<\/h2>\n<p><img loading=\"lazy\" decoding=\"async\" class=\"alignnone wp-image-2064\" src=\"https:\/\/1800hurt911co.com\/wp-content\/uploads\/2020\/12\/banner-bg1-copy-1024x254.webp\" alt=\"Hurt911 Logo\" width=\"500\" height=\"124\" srcset=\"https:\/\/1800hurt911co.com\/wp-content\/uploads\/2020\/12\/banner-bg1-copy-1024x254.webp 1024w, https:\/\/1800hurt911co.com\/wp-content\/uploads\/2020\/12\/banner-bg1-copy-300x75.webp 300w, https:\/\/1800hurt911co.com\/wp-content\/uploads\/2020\/12\/banner-bg1-copy-768x191.webp 768w, https:\/\/1800hurt911co.com\/wp-content\/uploads\/2020\/12\/banner-bg1-copy-1536x382.webp 1536w, https:\/\/1800hurt911co.com\/wp-content\/uploads\/2020\/12\/banner-bg1-copy.webp 1920w\" sizes=\"(max-width: 500px) 100vw, 500px\" \/><\/p>\n<p>En <a href=\"\/es\/\">Hurt 911 Colorado Injury Centers<\/a>, entendemos la urgencia de su situaci\u00f3n despu\u00e9s de un accidente de cami\u00f3n. Su salud y recuperaci\u00f3n son nuestras principales prioridades. Ofrecemos asistencia inmediata para ayudarle a navegar el camino a la recuperaci\u00f3n.<\/p>\n<h3>Programe su cita hoy<\/h3>\n<p>Nuestro equipo est\u00e1 listo para ayudarle. Comun\u00edquese por tel\u00e9fono para hablar con un representante experto que pueda guiarlo a trav\u00e9s del proceso y responder cualquier pregunta que pueda tener. \u00bfPrefiere ponerse en contacto digitalmente? Rellene nuestro formulario en l\u00ednea para concertar una cita cuando m\u00e1s le convenga. Le responderemos r\u00e1pidamente para confirmar su visita.<\/p>\n<h3>Consulta gratuita y evaluaci\u00f3n del caso<\/h3>\n<p>Su primera consulta es totalmente gratuita. Esto le permite discutir sus lesiones y opciones de tratamiento sin ning\u00fan tipo de presi\u00f3n financiera. Nuestro experimentado equipo m\u00e9dico est\u00e1 aqu\u00ed para proporcionarle una evaluaci\u00f3n completa de su caso. Vamos a discutir sus necesidades de tratamiento y esbozar los pr\u00f3ximos pasos para asegurarse de que recibe la atenci\u00f3n necesaria para su recuperaci\u00f3n. No espere para obtener la ayuda que necesita. P\u00f3ngase en contacto con el Centro de Lesiones Hurt 911 Colorado hoy mismo y d\u00e9 el primer paso hacia la curaci\u00f3n de sus lesiones por accidente de cami\u00f3n.<\/p>\n<h2>Preguntas frecuentes<\/h2>\n<p>Despu\u00e9s de un accidente de cami\u00f3n, surgen muchas preocupaciones. Aqu\u00ed, abordamos algunas preguntas comunes para ayudarle a navegar las secuelas de su incidente:<\/p>\n<h3>\u00bfQu\u00e9 debo hacer inmediatamente despu\u00e9s de un accidente de cami\u00f3n?<\/h3>\n<p>Busque atenci\u00f3n m\u00e9dica de inmediato, incluso si se siente bien. Algunas lesiones pueden no ser evidentes de inmediato. Documente la escena, recoja informaci\u00f3n de los testigos y denuncie el accidente a las autoridades.<\/p>\n<h3>\u00bfC\u00f3mo puedo demostrar que mis lesiones fueron causadas por el accidente de cami\u00f3n?<\/h3>\n<p>Los historiales m\u00e9dicos, los informes del accidente y las declaraciones de los testigos son cruciales. Nuestro equipo puede ayudar en la recopilaci\u00f3n de esta documentaci\u00f3n para apoyar su caso.<\/p>\n","protected":false},"excerpt":{"rendered":"<p>Cuidado comprensivo del accidente del carro en Centennial En Hurt 911 Colorado Injury Centers, nos especializamos en proporcionar un tratamiento completo para las lesiones por accidentes de camiones en Centennial. Nuestro equipo dedicado est\u00e1 aqu\u00ed para apoyarle a trav\u00e9s de cada paso de su recuperaci\u00f3n. Entendemos que las secuelas de un accidente de cami\u00f3n pueden [&hellip;]<\/p>\n","protected":false},"author":6,"featured_media":0,"parent":4228,"menu_order":0,"comment_status":"closed","ping_status":"closed","template":"","meta":{"_acf_changed":false,"footnotes":""},"class_list":["post-4258","page","type-page","status-publish","hentry"],"acf":[],"_links":{"self":[{"href":"https:\/\/1800hurt911co.com\/es\/wp-json\/wp\/v2\/pages\/4258","targetHints":{"allow":["GET"]}}],"collection":[{"href":"https:\/\/1800hurt911co.com\/es\/wp-json\/wp\/v2\/pages"}],"about":[{"href":"https:\/\/1800hurt911co.com\/es\/wp-json\/wp\/v2\/types\/page"}],"author":[{"embeddable":true,"href":"https:\/\/1800hurt911co.com\/es\/wp-json\/wp\/v2\/users\/6"}],"replies":[{"embeddable":true,"href":"https:\/\/1800hurt911co.com\/es\/wp-json\/wp\/v2\/comments?post=4258"}],"version-history":[{"count":2,"href":"https:\/\/1800hurt911co.com\/es\/wp-json\/wp\/v2\/pages\/4258\/revisions"}],"predecessor-version":[{"id":4260,"href":"https:\/\/1800hurt911co.com\/es\/wp-json\/wp\/v2\/pages\/4258\/revisions\/4260"}],"up":[{"embeddable":true,"href":"https:\/\/1800hurt911co.com\/es\/wp-json\/wp\/v2\/pages\/4228"}],"wp:attachment":[{"href":"https:\/\/1800hurt911co.com\/es\/wp-json\/wp\/v2\/media?parent=4258"}],"curies":[{"name":"wp","href":"https:\/\/api.w.org\/{rel}","templated":true}]}}