{"id":4261,"date":"2024-09-18T07:50:16","date_gmt":"2024-09-18T11:50:16","guid":{"rendered":"https:\/\/1800hurt911co.com\/centennial\/centennial-accidente-uber\/"},"modified":"2024-09-30T02:25:16","modified_gmt":"2024-09-30T08:25:16","slug":"centennial-accidente-uber","status":"publish","type":"page","link":"https:\/\/1800hurt911co.com\/es\/centennial\/centennial-accidente-uber\/","title":{"rendered":"Centennial Accidente Uber"},"content":{"rendered":"<h2>Tratamiento de accidentes de Uber en Centennial, Colorado<\/h2>\n<p>Si usted ha estado en un accidente de Uber o Lyft, nuestro equipo dedicado en Hurt 911 Colorado Injury Centers est\u00e1 aqu\u00ed para proporcionar el tratamiento y el apoyo necesarios. Su salud y bienestar son nuestras principales prioridades, y estamos comprometidos a ayudarlo en su camino hacia la recuperaci\u00f3n. Nuestros experimentados profesionales utilizan herramientas de diagn\u00f3stico avanzadas para identificar con precisi\u00f3n el alcance de sus lesiones, lo que nos permite crear un plan de tratamiento personalizado que mejor se adapte a su situaci\u00f3n. Ofrecemos atenci\u00f3n quiropr\u00e1ctica y fisioterapia adaptada espec\u00edficamente para las v\u00edctimas de accidentes de Uber. Adem\u00e1s de la atenci\u00f3n m\u00e9dica, tambi\u00e9n reconocemos la importancia de abordar las cargas financieras que a menudo acompa\u00f1an a los accidentes. Nuestro enfoque integral significa que no s\u00f3lo tratamos sus lesiones f\u00edsicas; tambi\u00e9n le ayudamos a navegar por las complejidades de las reclamaciones de seguros y nos aseguramos de que reciba una compensaci\u00f3n justa por su sufrimiento. Elegir el Centro de Lesiones Hurt 911 Colorado significa elegir un equipo comprometido con su recuperaci\u00f3n. Nos esforzamos por ofrecerle una experiencia sin fisuras, desde su primera consulta hasta su \u00faltima sesi\u00f3n de rehabilitaci\u00f3n. Perm\u00edtanos ayudarle a recuperar su fuerza y tranquilidad despu\u00e9s de su accidente de Uber. Comun\u00edquese hoy para obtener m\u00e1s informaci\u00f3n sobre c\u00f3mo podemos ayudarlo en su camino hacia la recuperaci\u00f3n.<\/p>\n<h2>La importancia del tratamiento despu\u00e9s de un accidente de Uber<\/h2>\n<p><img fetchpriority=\"high\" decoding=\"async\" class=\"alignnone wp-image-2974 size-full\" src=\"https:\/\/1800hurt911co.com\/wp-content\/uploads\/2024\/09\/uber-accident-car-accident.webp\" alt=\"Accidente Uber\" width=\"500\" height=\"334\" srcset=\"https:\/\/1800hurt911co.com\/wp-content\/uploads\/2024\/09\/uber-accident-car-accident.webp 500w, https:\/\/1800hurt911co.com\/wp-content\/uploads\/2024\/09\/uber-accident-car-accident-300x200.webp 300w\" sizes=\"(max-width: 500px) 100vw, 500px\" \/><\/p>\n<p>Despu\u00e9s de un accidente de coche compartido, es crucial buscar atenci\u00f3n m\u00e9dica inmediata. Muchas lesiones pueden no mostrar s\u00edntomas de inmediato. Ignorarlas puede provocar complicaciones a largo plazo. El tratamiento temprano es vital para una recuperaci\u00f3n exitosa y para prevenir el dolor cr\u00f3nico.<\/p>\n<ul>\n<li><strong>Identificaci\u00f3n de lesiones ocultas<\/strong>: Algunas lesiones, como el latigazo cervical o los da\u00f1os en los tejidos blandos, pueden no ser evidentes de inmediato. Una evaluaci\u00f3n m\u00e9dica exhaustiva puede descubrir estos problemas en una fase temprana, lo que permite intervenir a tiempo.<\/li>\n<li><strong>Prevenci\u00f3n de enfermedades cr\u00f3nicas<\/strong>: El retraso en el tratamiento puede provocar dolor cr\u00f3nico y otros problemas de salud que pueden persistir durante a\u00f1os. Tratar las lesiones con prontitud ayuda a mitigar estos riesgos.<\/li>\n<li><strong>Documentaci\u00f3n de lesiones para reclamaciones<\/strong>: La documentaci\u00f3n m\u00e9dica temprana es esencial para cualquier posible reclamaci\u00f3n al seguro. Estas pruebas pueden respaldar su caso y garantizarle una indemnizaci\u00f3n justa.<\/li>\n<li><strong>Mejora de los resultados de la recuperaci\u00f3n<\/strong>: La atenci\u00f3n m\u00e9dica oportuna puede mejorar los resultados de la recuperaci\u00f3n. Cuanto antes comience el tratamiento, mejores ser\u00e1n las posibilidades de recuperar la funci\u00f3n completa y minimizar el dolor.<\/li>\n<\/ul>\n<h2>\u00bfPor qu\u00e9 elegir los Centros de Lesiones Hurt 911 Colorado?<\/h2>\n<p>Al hacer frente a las secuelas de un accidente, la selecci\u00f3n del proveedor de atenci\u00f3n adecuada es crucial. En los Centros de Lesiones Hurt 911 Colorado, nos especializamos en la atenci\u00f3n integral de lesiones adaptada a sus necesidades espec\u00edficas. Nuestro objetivo es ayudarle a recuperarse tanto f\u00edsica como econ\u00f3micamente. He aqu\u00ed por qu\u00e9 nos destacamos en el campo de la recuperaci\u00f3n de accidentes:<\/p>\n<p><strong>Servicios especializados para v\u00edctimas de accidentes de Uber<\/strong><\/p>\n<ul>\n<li><strong>Cuidado Quiropr\u00e1ctico<\/strong>: Nuestro equipo ofrece atenci\u00f3n quiropr\u00e1ctica experta para lesiones por accidentes automovil\u00edsticos, lo que garantiza que reciba el mejor tratamiento posible.<\/li>\n<li><strong>M\u00e9dico de accidentes de Rideshare<\/strong>: Entendemos los desaf\u00edos \u00fanicos que vienen con los accidentes de viaje compartido y proporcionamos atenci\u00f3n especializada para las v\u00edctimas de accidentes de Uber y Lyft.<\/li>\n<li><strong>Fisioterapia<\/strong>: Nuestros fisioterapeutas se dedican a ayudarle a recuperar la fuerza y la movilidad despu\u00e9s de un accidente.<\/li>\n<li><strong>Servicios de Diagn\u00f3stico<\/strong>: Rayos X y Resonancias Magn\u00e9ticas: Utilizamos herramientas de diagn\u00f3stico de \u00faltima generaci\u00f3n para evaluar con precisi\u00f3n sus lesiones, lo que permite planes de tratamiento eficaces.<\/li>\n<\/ul>\n<h3>Cuidados Quiropr\u00e1cticos para la Recuperaci\u00f3n de Accidentes<\/h3>\n<p>Alineaci\u00f3n y descompresi\u00f3n de la columna vertebral: Nuestros quiropr\u00e1cticos se centran en realinear su columna vertebral para aliviar el dolor y promover la curaci\u00f3n.<\/p>\n<ul>\n<li><strong>Ajustes quiropr\u00e1cticos para aliviar el dolor<\/strong>: Los ajustes regulares ayudan a reducir el malestar y restaurar la funci\u00f3n, acelerando su recuperaci\u00f3n.<\/li>\n<li><strong>Masaje M\u00e9dico y Liberaci\u00f3n Miofascial<\/strong>: Estas terapias se centran en las lesiones de los tejidos blandos, proporcionando alivio y mejorando la recuperaci\u00f3n.<\/li>\n<\/ul>\n<h3>Fisioterapia y rehabilitaci\u00f3n<\/h3>\n<p>Nuestro equipo dise\u00f1a programas de fisioterapia personalizados destinados a fortalecer las zonas lesionadas, aumentar la flexibilidad y mejorar el rendimiento f\u00edsico general. Incorporamos diversos ejercicios y t\u00e9cnicas terap\u00e9uticas para favorecer su curaci\u00f3n. Este enfoque espec\u00edfico le ayuda a recuperar la fuerza y la movilidad al tiempo que reduce el riesgo de volver a lesionarse.<\/p>\n<h3>Transporte gratuito para pacientes de accidentes de Uber<\/h3>\n<p>En Hurt 911 Colorado Injury Centers, entendemos los desaf\u00edos que vienen despu\u00e9s de un accidente de Uber. El transporte no debe ser una carga adicional durante su recuperaci\u00f3n. Es por eso que ofrecemos transporte gratuito para nuestros pacientes en Centennial. Nuestro servicio de transporte de cortes\u00eda est\u00e1 dise\u00f1ado para ayudarlo a acceder a la atenci\u00f3n que necesita sin preocuparse por los costos de viaje o la log\u00edstica.<\/p>\n<h2>El enfoque de Hurt 911 para la atenci\u00f3n hol\u00edstica de accidentes<\/h2>\n<p><img decoding=\"async\" class=\"alignnone wp-image-2538 size-full\" src=\"https:\/\/1800hurt911co.com\/wp-content\/uploads\/2024\/09\/shutterstock_2175035941.webp\" alt=\"Uber Accident Treatment in Centennial Colorado\" width=\"500\" height=\"334\" srcset=\"https:\/\/1800hurt911co.com\/wp-content\/uploads\/2024\/09\/shutterstock_2175035941.webp 500w, https:\/\/1800hurt911co.com\/wp-content\/uploads\/2024\/09\/shutterstock_2175035941-300x200.webp 300w\" sizes=\"(max-width: 500px) 100vw, 500px\" \/><\/p>\n<p>En Hurt 911 Colorado Injury Centers, entendemos que recuperarse de un accidente implica algo m\u00e1s que tratar las lesiones f\u00edsicas. Nuestro enfoque se centra en la atenci\u00f3n integral que se ocupa tanto de las necesidades m\u00e9dicas y legales.<\/p>\n<h3>Cuidado Colaborativo: M\u00e9dicos y abogados trabajando juntos<\/h3>\n<p>Nuestro equipo est\u00e1 formado por profesionales m\u00e9dicos experimentados y abogados cualificados que trabajan en t\u00e1ndem. Esta colaboraci\u00f3n garantiza que usted reciba una asistencia m\u00e9dica y jur\u00eddica completa durante todo el proceso de recuperaci\u00f3n. Nuestro objetivo es simplificar el proceso, lo que le permite centrarse en la curaci\u00f3n, mientras que nosotros nos encargamos de las complejidades de su caso.<\/p>\n<ul>\n<li><strong>Asistencia m\u00e9dica y legal integral<\/strong>: Cada miembro de nuestro equipo est\u00e1 dedicado a su recuperaci\u00f3n y compensaci\u00f3n. Coordinamos esfuerzos para proporcionarle un apoyo sin fisuras, tanto si necesita tratamiento m\u00e9dico como representaci\u00f3n legal.<\/li>\n<li><strong>Transporte gratuito para facilitar el acceso a la atenci\u00f3n m\u00e9dica<\/strong>: Ofrecemos transporte gratuito desde y hacia nuestras instalaciones, por lo que es conveniente para que usted pueda asistir a las citas sin el estr\u00e9s a\u00f1adido de los viajes. Este servicio est\u00e1 dise\u00f1ado para mejorar su experiencia y garantizar que reciba la atenci\u00f3n oportuna.<\/li>\n<\/ul>\n<h3>Planes de tratamiento personalizados para una recuperaci\u00f3n \u00f3ptima<\/h3>\n<p>Reconociendo que cada lesi\u00f3n es \u00fanica, creamos programas de rehabilitaci\u00f3n a medida para atender sus necesidades espec\u00edficas. Nuestro objetivo es facilitar un proceso de recuperaci\u00f3n r\u00e1pido y eficaz.<\/p>\n<ul>\n<li><strong>Programas de rehabilitaci\u00f3n a medida<\/strong>: Evaluamos su estado y desarrollamos un plan de tratamiento personalizado que se adapte a sus objetivos de recuperaci\u00f3n. Este enfoque nos permite centrarnos en las \u00e1reas espec\u00edficas de preocupaci\u00f3n y supervisar de cerca su progreso.<\/li>\n<li><strong>Soluciones no adictivas para el tratamiento del dolor<\/strong>: Damos prioridad a su bienestar ofreci\u00e9ndole m\u00e9todos no adictivos para controlar el dolor. Nuestros tratamientos tienen como objetivo aliviar el malestar, evitando la dependencia de los medicamentos recetados.<\/li>\n<\/ul>\n<p>Al elegir Hurt 911 Colorado Injury Centers, usted est\u00e1 optando por un enfoque hol\u00edstico para la recuperaci\u00f3n de accidentes que prioriza su salud y bienestar. Nuestro compromiso de proporcionar una atenci\u00f3n integral y apoyo nos distingue como un socio de confianza en su viaje de recuperaci\u00f3n.<\/p>\n<h2>Nuestro compromiso con su salud y compensaci\u00f3n<\/h2>\n<p>En Hurt 911 Colorado Injury Centers, damos prioridad a su recuperaci\u00f3n y bienestar financiero. Nuestro compromiso va m\u00e1s all\u00e1 del simple tratamiento de lesiones; nuestro objetivo es proporcionar un enfoque integral para garantizar que usted reciba la mejor atenci\u00f3n posible mientras navega por las complejidades de su reclamaci\u00f3n por accidente.<\/p>\n<ul>\n<li><strong>Equipo m\u00e9dico experimentado y compasivo<\/strong>: Nuestros profesionales cualificados entienden el desgaste f\u00edsico y emocional que los accidentes pueden tener. Nos centramos en ofrecer una atenci\u00f3n emp\u00e1tica adaptada a sus necesidades espec\u00edficas.<\/li>\n<li><strong>Probada trayectoria en la gesti\u00f3n de lesiones personales<\/strong>: Con a\u00f1os de experiencia, hemos ayudado con \u00e9xito a muchos clientes a conseguir la indemnizaci\u00f3n que se merecen. Nuestra reputaci\u00f3n habla de nuestra dedicaci\u00f3n y eficacia en la gesti\u00f3n de casos de lesiones personales.<\/li>\n<\/ul>\n<h2>Sirviendo el \u00e1rea metropolitana de Denver<\/h2>\n<p>En los Centros de Lesiones Hurt 911 Colorado, estamos orgullosos de servir al \u00e1rea metropolitana de Denver, proporcionando atenci\u00f3n de primera clase para las v\u00edctimas de accidentes. Nuestra red de ubicaciones est\u00e1 dise\u00f1ada para que el acceso al tratamiento sea sencillo y c\u00f3modo para usted.<\/p>\n<ul>\n<li><a href=\"\/es\/denver\/\">Denver<\/a><\/li>\n<li><a href=\"\/es\/commerce-city\/\">Commerce City<\/a><\/li>\n<li><a href=\"\/es\/northglenn\/\">Northglenn<\/a><\/li>\n<li><a href=\"\/es\/centennial\/\">Centennial<\/a><\/li>\n<li><a href=\"\/es\/aurora\/\">Aurora<\/a><\/li>\n<li><a href=\"\/es\/lakewood\/\">Lakewood<\/a><\/li>\n<li><a href=\"\/es\/colorado-springs\/\">Colorado Springs<\/a><\/li>\n<li><a href=\"\/es\/arvada\/\">Arvada<\/a><\/li>\n<\/ul>\n<p>No importa d\u00f3nde se encuentre en el \u00e1rea metropolitana de Denver, Hurt 911 Colorado Injury Centers est\u00e1 aqu\u00ed para apoyar su viaje de recuperaci\u00f3n. Nuestro compromiso con la atenci\u00f3n accesible significa que usted puede centrarse en la curaci\u00f3n mientras nosotros nos encargamos del resto. P\u00f3ngase en contacto hoy mismo para encontrar la ubicaci\u00f3n m\u00e1s cercana y comenzar su camino hacia la recuperaci\u00f3n.<\/p>\n<h2>P\u00f3ngase en contacto con el Centro de Lesiones Hurt 911 Colorado hoy mismo<\/h2>\n<p><img decoding=\"async\" class=\"alignnone wp-image-2064\" src=\"https:\/\/1800hurt911co.com\/wp-content\/uploads\/2020\/12\/banner-bg1-copy-1024x254.webp\" alt=\"Hurt911 Logo\" width=\"500\" height=\"124\" srcset=\"https:\/\/1800hurt911co.com\/wp-content\/uploads\/2020\/12\/banner-bg1-copy-1024x254.webp 1024w, https:\/\/1800hurt911co.com\/wp-content\/uploads\/2020\/12\/banner-bg1-copy-300x75.webp 300w, https:\/\/1800hurt911co.com\/wp-content\/uploads\/2020\/12\/banner-bg1-copy-768x191.webp 768w, https:\/\/1800hurt911co.com\/wp-content\/uploads\/2020\/12\/banner-bg1-copy-1536x382.webp 1536w, https:\/\/1800hurt911co.com\/wp-content\/uploads\/2020\/12\/banner-bg1-copy.webp 1920w\" sizes=\"(max-width: 500px) 100vw, 500px\" \/><\/p>\n<h3>Programe su cita para recibir asistencia inmediata<\/h3>\n<p>Si usted ha estado implicado en un accidente del coche o del rideshare, la acci\u00f3n pronto es crucial. En <a href=\"\/es\/\">Hurt 911 Colorado Injury Centers<\/a>, damos prioridad a su salud y recuperaci\u00f3n. Nuestro equipo dedicado est\u00e1 aqu\u00ed para asistirle en cada paso del camino. Entendemos la urgencia de su situaci\u00f3n. Nuestro objetivo es asegurarnos de que reciba la atenci\u00f3n y el apoyo necesarios para facilitar su recuperaci\u00f3n. Tambi\u00e9n pretendemos ayudarle a navegar por las complejidades de la obtenci\u00f3n de una indemnizaci\u00f3n justa por sus lesiones. No espere m\u00e1s. Llame al [tel\u00e9fono] o p\u00f3ngase en contacto con nosotros en l\u00ednea hoy mismo para una consulta gratuita. Perm\u00edtanos ayudarle en su camino hacia la recuperaci\u00f3n y la estabilidad financiera. Su salud es nuestra prioridad, y estamos comprometidos a proporcionarle la asistencia que se merece.<\/p>\n","protected":false},"excerpt":{"rendered":"<p>Tratamiento de accidentes de Uber en Centennial, Colorado Si usted ha estado en un accidente de Uber o Lyft, nuestro equipo dedicado en Hurt 911 Colorado Injury Centers est\u00e1 aqu\u00ed para proporcionar el tratamiento y el apoyo necesarios. Su salud y bienestar son nuestras principales prioridades, y estamos comprometidos a ayudarlo en su camino hacia [&hellip;]<\/p>\n","protected":false},"author":6,"featured_media":0,"parent":4228,"menu_order":0,"comment_status":"closed","ping_status":"closed","template":"","meta":{"_acf_changed":false,"footnotes":""},"class_list":["post-4261","page","type-page","status-publish","hentry"],"acf":[],"_links":{"self":[{"href":"https:\/\/1800hurt911co.com\/es\/wp-json\/wp\/v2\/pages\/4261","targetHints":{"allow":["GET"]}}],"collection":[{"href":"https:\/\/1800hurt911co.com\/es\/wp-json\/wp\/v2\/pages"}],"about":[{"href":"https:\/\/1800hurt911co.com\/es\/wp-json\/wp\/v2\/types\/page"}],"author":[{"embeddable":true,"href":"https:\/\/1800hurt911co.com\/es\/wp-json\/wp\/v2\/users\/6"}],"replies":[{"embeddable":true,"href":"https:\/\/1800hurt911co.com\/es\/wp-json\/wp\/v2\/comments?post=4261"}],"version-history":[{"count":2,"href":"https:\/\/1800hurt911co.com\/es\/wp-json\/wp\/v2\/pages\/4261\/revisions"}],"predecessor-version":[{"id":4263,"href":"https:\/\/1800hurt911co.com\/es\/wp-json\/wp\/v2\/pages\/4261\/revisions\/4263"}],"up":[{"embeddable":true,"href":"https:\/\/1800hurt911co.com\/es\/wp-json\/wp\/v2\/pages\/4228"}],"wp:attachment":[{"href":"https:\/\/1800hurt911co.com\/es\/wp-json\/wp\/v2\/media?parent=4261"}],"curies":[{"name":"wp","href":"https:\/\/api.w.org\/{rel}","templated":true}]}}