{"id":4264,"date":"2024-09-18T08:41:02","date_gmt":"2024-09-18T12:41:02","guid":{"rendered":"https:\/\/1800hurt911co.com\/centennial\/centennial-doctor-de-latigazo-cervical\/"},"modified":"2024-09-30T02:33:29","modified_gmt":"2024-09-30T08:33:29","slug":"centennial-doctor-de-latigazo-cervical","status":"publish","type":"page","link":"https:\/\/1800hurt911co.com\/es\/centennial\/centennial-doctor-de-latigazo-cervical\/","title":{"rendered":"Centennial Doctor de latigazo cervical"},"content":{"rendered":"<h2>Latigazo cervical Doctor en Centennial, Colorado<\/h2>\n<p>Muchas personas pueden subestimar la gravedad de una lesi\u00f3n de latigazo cervical, pensando que se resolver\u00e1 por s\u00ed sola. Sin embargo, sin la atenci\u00f3n adecuada, los s\u00edntomas pueden persistir, dando lugar a complicaciones a largo plazo. La b\u00fasqueda de tratamiento de un m\u00e9dico calificado Centennial latigazo cervical es crucial para abordar estas cuestiones desde el principio. En Hurt 911 Colorado Injury Centers, reconocemos el impacto que el latigazo cervical puede tener en su vida. Nuestro equipo se dedica a proporcionar una atenci\u00f3n integral adaptada a sus necesidades espec\u00edficas. Nos centramos en aliviar el dolor, restaurar la movilidad y apoyar su viaje de recuperaci\u00f3n general. Si usted ha estado involucrado en un accidente de auto y est\u00e1 experimentando s\u00edntomas de latigazo cervical, no espere. P\u00f3ngase en contacto con nosotros hoy para comenzar su camino hacia la recuperaci\u00f3n.<\/p>\n<h2>Entender el latigazo cervical por accidente de coche<\/h2>\n<p><img fetchpriority=\"high\" decoding=\"async\" class=\"alignnone wp-image-2554 size-full\" src=\"https:\/\/1800hurt911co.com\/wp-content\/uploads\/2024\/09\/shutterstock_2329005869.webp\" alt=\"Whiplash From Car Accident\" width=\"500\" height=\"264\" srcset=\"https:\/\/1800hurt911co.com\/wp-content\/uploads\/2024\/09\/shutterstock_2329005869.webp 500w, https:\/\/1800hurt911co.com\/wp-content\/uploads\/2024\/09\/shutterstock_2329005869-300x158.webp 300w\" sizes=\"(max-width: 500px) 100vw, 500px\" \/><\/p>\n<p>El latigazo cervical es una lesi\u00f3n frecuente en los accidentes de tr\u00e1fico, sobre todo en las colisiones por alcance. Se produce cuando la cabeza se mueve bruscamente hacia delante y luego hacia atr\u00e1s, provocando tensi\u00f3n y da\u00f1os en los tejidos blandos del cuello. El latigazo cervical puede provocar una serie de problemas f\u00edsicos y emocionales que afectan a la vida diaria y al bienestar general. Es posible que la afecci\u00f3n no se note inmediatamente, pero puede causar importantes molestias y complicaciones con el tiempo. Los efectos del latigazo cervical pueden ser de gran alcance. Al principio, las personas pueden experimentar dolor de cuello, rigidez y dolores de cabeza. Con el tiempo, los s\u00edntomas persistentes pueden incluir dolor cr\u00f3nico, movilidad reducida e incluso efectos psicol\u00f3gicos como ansiedad y depresi\u00f3n. Estos problemas pueden dificultar su capacidad para realizar tareas cotidianas, trabajar y participar en las actividades que le gustan. Sin la atenci\u00f3n adecuada, los s\u00edntomas del latigazo cervical pueden persistir y provocar complicaciones a largo plazo. Buscar tratamiento r\u00e1pidamente es crucial.<\/p>\n<h2>\u00bfPor qu\u00e9 elegir los Centros de Lesiones Hurt 911 Colorado para el tratamiento del latigazo cervical?<\/h2>\n<p>Cuando se trata de lesiones por latigazo cervical, la selecci\u00f3n del proveedor de atenci\u00f3n adecuada es crucial para una recuperaci\u00f3n exitosa. En los Centros de Lesiones Hurt 911 Colorado, nos especializamos en el tratamiento de latigazo cervical y lesiones relacionadas, ofreciendo un enfoque integral adaptado a sus necesidades espec\u00edficas. Nuestro objetivo es ayudarle a recuperar su calidad de vida al tiempo que minimiza el dolor y el malestar. Nuestro equipo de profesionales experimentados entiende las complejidades de las lesiones por latigazo cervical. Tenemos la formaci\u00f3n especializada necesaria para evaluar y tratar los desaf\u00edos \u00fanicos que presentan estas lesiones. Al elegirnos, tendr\u00e1 acceso a una gran cantidad de conocimientos y experiencia que pueden afectar significativamente a su proceso de recuperaci\u00f3n. Nuestro equipo incluye un quiropr\u00e1ctico accidente de coche dedicado que es experto en el diagn\u00f3stico y tratamiento de lesiones que pueden no ser inmediatamente reconocidos. Nos enorgullecemos de ofrecer servicios integrales de diagn\u00f3stico. El uso de herramientas de \u00faltima generaci\u00f3n, llevamos a cabo ex\u00e1menes exhaustivos para identificar con precisi\u00f3n el alcance de sus lesiones. Esto nos permite desarrollar un plan de tratamiento preciso que se ocupa de su condici\u00f3n y s\u00edntomas espec\u00edficos, incluidos los que afectan a la columna cervical. Nuestra atenci\u00f3n quiropr\u00e1ctica especializada se centra en aliviar el dolor y restaurar la funci\u00f3n. Empleamos una variedad de t\u00e9cnicas quiropr\u00e1cticas para aliviar el malestar, reducir la inflamaci\u00f3n y promover la curaci\u00f3n. Nuestros quiropr\u00e1cticos capacitados se dedican a ayudarle a recuperarse r\u00e1pida y eficazmente. Adem\u00e1s de la atenci\u00f3n quiropr\u00e1ctica, ofrecemos servicios de fisioterapia y rehabilitaci\u00f3n dise\u00f1ados para apoyar su viaje de recuperaci\u00f3n. Nuestros fisioterapeutas trabajan estrechamente con usted para desarrollar un plan de rehabilitaci\u00f3n personalizado que se dirija a los s\u00edntomas espec\u00edficos de su lesi\u00f3n. Este enfoque hol\u00edstico asegura que usted reciba la atenci\u00f3n integral que se merece. Elegir los Centros de Lesiones Hurt 911 Colorado significa que usted no es un paciente m\u00e1s, sino que forma parte de nuestra comunidad. Nos comprometemos a ayudarle a superar los retos de la recuperaci\u00f3n y a proporcionarle el apoyo que necesita en cada paso del camino. Perm\u00edtanos ayudarle a recuperar su vida de los efectos del latigazo cervical.<\/p>\n<h2>El enfoque de Hurt 911 para la recuperaci\u00f3n del latigazo cervical<\/h2>\n<p><img decoding=\"async\" class=\"alignnone wp-image-2828 size-full\" src=\"https:\/\/1800hurt911co.com\/wp-content\/uploads\/2024\/09\/whiplash-doctor.webp\" alt=\"Centennial Doctor de latigazo cervical\" width=\"500\" height=\"334\" srcset=\"https:\/\/1800hurt911co.com\/wp-content\/uploads\/2024\/09\/whiplash-doctor.webp 500w, https:\/\/1800hurt911co.com\/wp-content\/uploads\/2024\/09\/whiplash-doctor-300x200.webp 300w\" sizes=\"(max-width: 500px) 100vw, 500px\" \/><\/p>\n<p>En Hurt 911 Colorado Injury Centers, entendemos que cada lesi\u00f3n de latigazo cervical es \u00fanica. Nuestro enfoque se centra en la creaci\u00f3n de planes de tratamiento personalizados que atienden a sus necesidades y s\u00edntomas espec\u00edficos. Nos tomamos el tiempo para evaluar su condici\u00f3n a fondo, asegur\u00e1ndose de que todos los aspectos de su recuperaci\u00f3n se aborda.<\/p>\n<h3>Planes de tratamiento personalizados<\/h3>\n<p>Nuestro equipo de profesionales experimentados desarrolla planes de tratamiento a medida basados en su situaci\u00f3n individual. Teniendo en cuenta factores como la gravedad de su lesi\u00f3n, estilo de vida y objetivos de salud, elaboramos un plan que promueve la curaci\u00f3n efectiva. Este enfoque personalizado ayuda a maximizar la recuperaci\u00f3n, minimizar el dolor persistente, y lograr una salud \u00f3ptima.<\/p>\n<h3>Cuidado Quiropr\u00e1ctico: Ajustes y T\u00e9cnicas<\/h3>\n<p>La atenci\u00f3n quiropr\u00e1ctica desempe\u00f1a un papel crucial en la recuperaci\u00f3n del latigazo cervical. Nuestros quiropr\u00e1cticos cualificados utilizan diversas t\u00e9cnicas para aliviar el dolor y restaurar la movilidad. Los ajustes quiropr\u00e1cticos ayudan a realinear la columna vertebral y reducir la tensi\u00f3n en el cuello, proporcionando un alivio inmediato y apoyando la curaci\u00f3n a largo plazo. Adem\u00e1s, estos ajustes ayudan a aliviar la tensi\u00f3n en los m\u00fasculos del cuello, que a menudo se ven afectados por los movimientos bruscos del cuello y las lesiones por latigazo cervical.<\/p>\n<h3>Fisioterapia para la recuperaci\u00f3n del latigazo cervical<\/h3>\n<p>Adem\u00e1s de la atenci\u00f3n quiropr\u00e1ctica, ofrecemos fisioterapia especializada dise\u00f1ada para fortalecer los m\u00fasculos que rodean el cuello y mejorar la funci\u00f3n general. Nuestros fisioterapeutas trabajan estrechamente con usted, gui\u00e1ndole a trav\u00e9s de ejercicios que promueven la flexibilidad y reducen la rigidez. La fisioterapia tambi\u00e9n puede ayudar a aliviar los espasmos musculares, proporcionando alivio y abordando los problemas subyacentes. Esta rehabilitaci\u00f3n integral le ayuda a recuperar la fuerza y la movilidad.<\/p>\n<h3>Terapia de masaje y alivio del dolor<\/h3>\n<p>La terapia de masaje es otra parte integral de nuestro programa de recuperaci\u00f3n de latigazo cervical. Nuestros masajistas autorizados utilizan t\u00e9cnicas espec\u00edficas para aliviar la tensi\u00f3n muscular y mejorar la circulaci\u00f3n. Esto no s\u00f3lo proporciona alivio del dolor, sino que tambi\u00e9n aumenta la relajaci\u00f3n, lo que contribuye a un proceso de curaci\u00f3n m\u00e1s eficaz.<\/p>\n<h3>Transporte gratuito para su comodidad<\/h3>\n<p>Damos prioridad a su comodidad y conveniencia. Para facilitarle el acceso a nuestros servicios, le ofrecemos transporte gratuito de ida y vuelta a nuestras instalaciones. Esto asegura que usted pueda concentrarse en su tratamiento sin preocuparse por la log\u00edstica del viaje. En los Centros de Lesiones Hurt 911 Colorado, nos comprometemos a guiarle en cada paso de su viaje de recuperaci\u00f3n. Nuestro enfoque integral para el tratamiento de latigazo cervical est\u00e1 dise\u00f1ado para ayudarle a recuperar su calidad de vida lo m\u00e1s r\u00e1pida y eficazmente posible.<\/p>\n<h2>Las ventajas de elegir a un doctor del latigazo cervical del centenario en lastimaduras 911<\/h2>\n<p><img decoding=\"async\" class=\"alignnone wp-image-2540 size-full\" src=\"https:\/\/1800hurt911co.com\/wp-content\/uploads\/2024\/09\/shutterstock_2267710669.webp\" alt=\"Whiplash Doctor in Centennial Colorado\" width=\"500\" height=\"326\" srcset=\"https:\/\/1800hurt911co.com\/wp-content\/uploads\/2024\/09\/shutterstock_2267710669.webp 500w, https:\/\/1800hurt911co.com\/wp-content\/uploads\/2024\/09\/shutterstock_2267710669-300x196.webp 300w\" sizes=\"(max-width: 500px) 100vw, 500px\" \/><\/p>\n<p>Cuando se trata de lesiones por latigazo cervical, la selecci\u00f3n del proveedor de atenci\u00f3n adecuada es crucial. En Hurt 911 Colorado Injury Centers, ofrecemos una serie de beneficios que nos distinguen como la mejor opci\u00f3n para sus necesidades de recuperaci\u00f3n. Las lesiones sufridas en accidentes de coche, como el latigazo cervical, requieren opciones de tratamiento especializado como la terapia de tejidos blandos y ejercicios de rehabilitaci\u00f3n para hacer frente a los desaf\u00edos espec\u00edficos y los efectos a largo plazo sobre la movilidad y la calidad de vida en general. Las lesiones por latigazo cervical pueden variar en gravedad, y las lesiones tienden a ser m\u00e1s importantes en condiciones espec\u00edficas, como la posici\u00f3n baja del reposacabezas durante un impacto de coche. Es esencial buscar una evaluaci\u00f3n profesional y un tratamiento r\u00e1pido para prevenir problemas a largo plazo, ya que las evaluaciones iniciales pueden pasar por alto la posibilidad de un latigazo cervical a pesar de un impacto aparentemente leve.<\/p>\n<h3>Cuidado experimentado y compasivo<\/h3>\n<p>Nuestro equipo est\u00e1 formado por profesionales cualificados que entienden la carga f\u00edsica y emocional del latigazo cervical. Damos prioridad a su comodidad y bienestar, asegur\u00e1ndonos de que reciba el apoyo que necesita durante todo el proceso de curaci\u00f3n. Nuestro experimentado personal se dedica a proporcionar una atenci\u00f3n personalizada, asegur\u00e1ndose de que se sienta escuchado y atendido.<\/p>\n<h3>Herramientas de diagn\u00f3stico de \u00faltima generaci\u00f3n<\/h3>\n<p>Utilizamos herramientas de diagn\u00f3stico avanzadas para evaluar con precisi\u00f3n su estado. Esto incluye servicios integrales de imagen que ayudan a identificar el alcance de sus lesiones. Mediante la comprensi\u00f3n de su situaci\u00f3n espec\u00edfica, podemos crear un plan de tratamiento espec\u00edfico que se ocupa de sus necesidades \u00fanicas.<\/p>\n<h3>Enfoque hol\u00edstico de la recuperaci\u00f3n<\/h3>\n<p>Nuestro enfoque va m\u00e1s all\u00e1 del tratamiento de los s\u00edntomas. Nos centramos en la recuperaci\u00f3n hol\u00edstica, combinando la atenci\u00f3n quiropr\u00e1ctica, fisioterapia y terapia de masaje para promover el bienestar general. Esta estrategia integral no s\u00f3lo alivia el dolor, sino que tambi\u00e9n ayuda a restaurar la funci\u00f3n y mejorar la calidad de vida. En Hurt 911 Colorado Injury Centers, estamos comprometidos a ayudarle a lograr una recuperaci\u00f3n exitosa. Nuestro equipo supervisar\u00e1 de cerca su progreso y realizar\u00e1 los ajustes necesarios en su plan de tratamiento. Entendemos la importancia de volver a su vida diaria libre de dolor, y trabajaremos diligentemente para apoyar sus objetivos de salud y bienestar. Con nuestro enfoque integral, usted puede confiar en que est\u00e1 en buenas manos a medida que navega su viaje de recuperaci\u00f3n.<\/p>\n<h3>Coordinaci\u00f3n con abogados de lesiones personales<\/h3>\n<p>Adem\u00e1s de la atenci\u00f3n m\u00e9dica, entendemos la importancia de navegar por los aspectos legales de su recuperaci\u00f3n. Nuestro equipo colabora con abogados especializados en lesiones personales para garantizar que usted reciba la indemnizaci\u00f3n que merece. Esta asociaci\u00f3n nos permite abordar tanto su salud como sus preocupaciones financieras, agilizando el proceso de recuperaci\u00f3n. Elegir un m\u00e9dico especialista en latigazo cervical en Centennial en los Centros de Lesiones Hurt 911 Colorado significa dar prioridad a su salud y bienestar. Estamos comprometidos a ayudarle a recuperarse r\u00e1pida y eficazmente, para que pueda volver a su vida cotidiana con confianza.<\/p>\n<h2>C\u00f3mo empezar con los Centros de lesiones Hurt 911 Colorado<\/h2>\n<p><img loading=\"lazy\" decoding=\"async\" class=\"alignnone wp-image-2064\" src=\"https:\/\/1800hurt911co.com\/wp-content\/uploads\/2020\/12\/banner-bg1-copy-1024x254.webp\" alt=\"Hurt911 Logo\" width=\"500\" height=\"124\" srcset=\"https:\/\/1800hurt911co.com\/wp-content\/uploads\/2020\/12\/banner-bg1-copy-1024x254.webp 1024w, https:\/\/1800hurt911co.com\/wp-content\/uploads\/2020\/12\/banner-bg1-copy-300x75.webp 300w, https:\/\/1800hurt911co.com\/wp-content\/uploads\/2020\/12\/banner-bg1-copy-768x191.webp 768w, https:\/\/1800hurt911co.com\/wp-content\/uploads\/2020\/12\/banner-bg1-copy-1536x382.webp 1536w, https:\/\/1800hurt911co.com\/wp-content\/uploads\/2020\/12\/banner-bg1-copy.webp 1920w\" sizes=\"(max-width: 500px) 100vw, 500px\" \/><\/p>\n<h3>Programe su cita<\/h3>\n<p>Tomar el primer paso hacia la recuperaci\u00f3n es simple. P\u00f3ngase en contacto con los Centros de Lesiones <a href=\"\/es\/\">Hurt 911 Colorado para programar<\/a> su cita con un m\u00e9dico especializado en latigazo cervical de Centennial. Nuestro equipo est\u00e1 listo para ayudarle a encontrar un momento conveniente que se adapte a su horario. Llame al <a href=\"tel:+17204140000\"><i class=\"fa fa-phone-alt\"><\/i>720-414-0000<\/a> o utilice nuestro contacto para una consulta gratuita.<\/p>\n<h3>Qu\u00e9 esperar durante su primera visita<\/h3>\n<p>Durante su cita inicial, se reunir\u00e1 con un quiropr\u00e1ctico experimentado que se especializa en el tratamiento del latigazo cervical. Esperar una evaluaci\u00f3n exhaustiva que incluye la discusi\u00f3n de sus s\u00edntomas y su historial m\u00e9dico. Esta evaluaci\u00f3n nos ayuda a comprender el alcance de sus lesiones y nos permite adaptar un plan de tratamiento espec\u00edfico para usted. Damos prioridad a su comodidad y responderemos a cualquier pregunta que pueda tener.<\/p>\n<h3>Su camino hacia la curaci\u00f3n<\/h3>\n<p>No deje que el latigazo cervical dicte su vida. P\u00f3ngase en contacto con nosotros hoy mismo para dar el primer paso hacia un futuro sin dolor. Nuestro equipo est\u00e1 comprometido a ayudarle a recuperar su salud y volver a sus actividades diarias. P\u00f3ngase en contacto con los Centros de Lesiones Hurt 911 Colorado ahora, y perm\u00edtanos apoyarle en su camino hacia la recuperaci\u00f3n. Cuando se ponga en contacto con nosotros, le guiaremos a trav\u00e9s del proceso para concertar su cita. Durante su visita, recibir\u00e1 una evaluaci\u00f3n exhaustiva para valorar su estado. Trabajaremos estrechamente con usted para crear un plan de atenci\u00f3n personalizado que aborde sus necesidades espec\u00edficas.<\/p>\n","protected":false},"excerpt":{"rendered":"<p>Latigazo cervical Doctor en Centennial, Colorado Muchas personas pueden subestimar la gravedad de una lesi\u00f3n de latigazo cervical, pensando que se resolver\u00e1 por s\u00ed sola. Sin embargo, sin la atenci\u00f3n adecuada, los s\u00edntomas pueden persistir, dando lugar a complicaciones a largo plazo. La b\u00fasqueda de tratamiento de un m\u00e9dico calificado Centennial latigazo cervical es crucial [&hellip;]<\/p>\n","protected":false},"author":6,"featured_media":0,"parent":4228,"menu_order":0,"comment_status":"closed","ping_status":"closed","template":"","meta":{"_acf_changed":false,"footnotes":""},"class_list":["post-4264","page","type-page","status-publish","hentry"],"acf":[],"_links":{"self":[{"href":"https:\/\/1800hurt911co.com\/es\/wp-json\/wp\/v2\/pages\/4264","targetHints":{"allow":["GET"]}}],"collection":[{"href":"https:\/\/1800hurt911co.com\/es\/wp-json\/wp\/v2\/pages"}],"about":[{"href":"https:\/\/1800hurt911co.com\/es\/wp-json\/wp\/v2\/types\/page"}],"author":[{"embeddable":true,"href":"https:\/\/1800hurt911co.com\/es\/wp-json\/wp\/v2\/users\/6"}],"replies":[{"embeddable":true,"href":"https:\/\/1800hurt911co.com\/es\/wp-json\/wp\/v2\/comments?post=4264"}],"version-history":[{"count":2,"href":"https:\/\/1800hurt911co.com\/es\/wp-json\/wp\/v2\/pages\/4264\/revisions"}],"predecessor-version":[{"id":4266,"href":"https:\/\/1800hurt911co.com\/es\/wp-json\/wp\/v2\/pages\/4264\/revisions\/4266"}],"up":[{"embeddable":true,"href":"https:\/\/1800hurt911co.com\/es\/wp-json\/wp\/v2\/pages\/4228"}],"wp:attachment":[{"href":"https:\/\/1800hurt911co.com\/es\/wp-json\/wp\/v2\/media?parent=4264"}],"curies":[{"name":"wp","href":"https:\/\/api.w.org\/{rel}","templated":true}]}}