{"id":4267,"date":"2024-09-10T11:32:05","date_gmt":"2024-09-10T15:32:05","guid":{"rendered":"https:\/\/1800hurt911co.com\/colorado-springs\/"},"modified":"2024-09-30T02:45:47","modified_gmt":"2024-09-30T08:45:47","slug":"colorado-springs","status":"publish","type":"page","link":"https:\/\/1800hurt911co.com\/es\/colorado-springs\/","title":{"rendered":"Colorado Springs"},"content":{"rendered":"<p>Colorado Springs, Colorado, es una pintoresca ciudad situada al pie de las Monta\u00f1as Rocosas, conocida por su impresionante belleza natural, sus actividades al aire libre y su vibrante escena cultural. Con m\u00e1s de 480.000 habitantes, es la segunda ciudad m\u00e1s grande del estado y un importante centro tur\u00edstico y militar. El emblem\u00e1tico tel\u00f3n de fondo de la ciudad es Pikes Peak, uno de los picos m\u00e1s famosos de las Rocosas, a menudo llamado \u00abla monta\u00f1a de Am\u00e9rica\u00bb. Las vistas desde la cima, accesible a pie, en coche o en el tren cremallera de Pikes Peak, atraen a visitantes de todo el mundo. Colorado Springs es un para\u00edso para los entusiastas de las actividades al aire libre, ya que ofrece una gran variedad de oportunidades recreativas. El Jard\u00edn de los Dioses, Monumento Natural Nacional, cuenta con imponentes formaciones de roca roja, rutas de senderismo y escalada. Las cercanas Manitou Springs y Seven Falls ofrecen otras experiencias de senderismo y exploraci\u00f3n. Con m\u00e1s de 9.000 acres de parques y espacios abiertos, la ciudad ofrece numerosas oportunidades para practicar senderismo, ciclismo y otras actividades al aire libre. Adem\u00e1s de su atractivo natural, Colorado Springs alberga una importante presencia militar, como la Academia de las Fuerzas A\u00e9reas de Estados Unidos, Fort Carson y la Base Espacial Peterson. Esto ha dado forma a la econom\u00eda y la cultura locales, y la ciudad desempe\u00f1a un papel clave en las industrias aeroespacial y de defensa. Colorado Springs cuenta tambi\u00e9n con una creciente escena art\u00edstica y cultural, con atracciones como el Colorado Springs Fine Arts Center y el Pikes Peak Center for the Performing Arts. La ciudad acoge varios festivales y acontecimientos, como el Colorado Springs Labor Day Lift Off, un festival anual de globos aerost\u00e1ticos que atrae a multitudes de toda la regi\u00f3n. Combinando paisajes impresionantes con una econom\u00eda fuerte y una comunidad activa, Colorado Springs es una ciudad din\u00e1mica que ofrece una alta calidad de vida a sus residentes y un sinf\u00edn de experiencias a sus visitantes.<\/p>\n","protected":false},"excerpt":{"rendered":"<p>Colorado Springs, Colorado, es una pintoresca ciudad situada al pie de las Monta\u00f1as Rocosas, conocida por su impresionante belleza natural, sus actividades al aire libre y su vibrante escena cultural. Con m\u00e1s de 480.000 habitantes, es la segunda ciudad m\u00e1s grande del estado y un importante centro tur\u00edstico y militar. El emblem\u00e1tico tel\u00f3n de fondo [&hellip;]<\/p>\n","protected":false},"author":34,"featured_media":4011,"parent":0,"menu_order":0,"comment_status":"closed","ping_status":"closed","template":"","meta":{"_acf_changed":false,"footnotes":""},"class_list":["post-4267","page","type-page","status-publish","has-post-thumbnail","hentry"],"acf":[],"_links":{"self":[{"href":"https:\/\/1800hurt911co.com\/es\/wp-json\/wp\/v2\/pages\/4267","targetHints":{"allow":["GET"]}}],"collection":[{"href":"https:\/\/1800hurt911co.com\/es\/wp-json\/wp\/v2\/pages"}],"about":[{"href":"https:\/\/1800hurt911co.com\/es\/wp-json\/wp\/v2\/types\/page"}],"author":[{"embeddable":true,"href":"https:\/\/1800hurt911co.com\/es\/wp-json\/wp\/v2\/users\/34"}],"replies":[{"embeddable":true,"href":"https:\/\/1800hurt911co.com\/es\/wp-json\/wp\/v2\/comments?post=4267"}],"version-history":[{"count":2,"href":"https:\/\/1800hurt911co.com\/es\/wp-json\/wp\/v2\/pages\/4267\/revisions"}],"predecessor-version":[{"id":4269,"href":"https:\/\/1800hurt911co.com\/es\/wp-json\/wp\/v2\/pages\/4267\/revisions\/4269"}],"wp:featuredmedia":[{"embeddable":true,"href":"https:\/\/1800hurt911co.com\/es\/wp-json\/wp\/v2\/media\/4011"}],"wp:attachment":[{"href":"https:\/\/1800hurt911co.com\/es\/wp-json\/wp\/v2\/media?parent=4267"}],"curies":[{"name":"wp","href":"https:\/\/api.w.org\/{rel}","templated":true}]}}