{"id":4273,"date":"2024-09-10T20:49:41","date_gmt":"2024-09-11T00:49:41","guid":{"rendered":"https:\/\/1800hurt911co.com\/colorado-springs\/colorado-springs-accidente-de-coche-quiropractico\/"},"modified":"2024-09-30T03:44:13","modified_gmt":"2024-09-30T09:44:13","slug":"colorado-springs-accidente-de-coche-quiropractico","status":"publish","type":"page","link":"https:\/\/1800hurt911co.com\/es\/colorado-springs\/colorado-springs-accidente-de-coche-quiropractico\/","title":{"rendered":"Colorado Springs accidente de coche quiropr\u00e1ctico"},"content":{"rendered":"<h2>\u00bfNecesita un quiropr\u00e1ctico de accidente de coche de Colorado Springs?<\/h2>\n<p>En Hurt 911 Colorado Injury Centers, entendemos los desaf\u00edos que enfrenta despu\u00e9s de un accidente de coche. La recuperaci\u00f3n no es s\u00f3lo acerca de la curaci\u00f3n de su cuerpo; se trata de restaurar su vida. Nuestro centro se especializa en la prestaci\u00f3n de atenci\u00f3n integral adaptada espec\u00edficamente para las lesiones por accidente de coche. Nuestro equipo de profesionales dedicados est\u00e1 comprometido con su viaje de recuperaci\u00f3n. Ofrecemos un enfoque hol\u00edstico que combina el tratamiento m\u00e9dico, la atenci\u00f3n quiropr\u00e1ctica y la asistencia jur\u00eddica. Esto nos permite hacer frente a sus lesiones f\u00edsicas, mientras que tambi\u00e9n le gu\u00eda a trav\u00e9s de las complejidades de las reclamaciones de seguros y procesos de compensaci\u00f3n. Nuestras instalaciones est\u00e1n equipadas con herramientas de diagn\u00f3stico avanzadas, incluyendo rayos X y resonancias magn\u00e9ticas, para evaluar con precisi\u00f3n sus lesiones. Desde el dolor de espalda hasta el latigazo cervical, desarrollamos planes de tratamiento personalizados que se centran en sus necesidades espec\u00edficas. La comodidad es la clave. Proporcionamos transporte gratuito de ida y vuelta a nuestro centro, facilit\u00e1ndole el acceso a la atenci\u00f3n que necesita sin estr\u00e9s a\u00f1adido. Nuestro objetivo es hacer que su proceso de recuperaci\u00f3n sea lo m\u00e1s suave y eficiente posible.<\/p>\n<h2>Pasos inmediatos a seguir tras un accidente de tr\u00e1fico<\/h2>\n<p><img fetchpriority=\"high\" decoding=\"async\" class=\"alignnone wp-image-2554 size-full\" src=\"https:\/\/1800hurt911co.com\/wp-content\/uploads\/2024\/09\/shutterstock_2329005869.webp\" alt=\"Woman With Whiplash From Car Accident\" width=\"500\" height=\"264\" srcset=\"https:\/\/1800hurt911co.com\/wp-content\/uploads\/2024\/09\/shutterstock_2329005869.webp 500w, https:\/\/1800hurt911co.com\/wp-content\/uploads\/2024\/09\/shutterstock_2329005869-300x158.webp 300w\" sizes=\"(max-width: 500px) 100vw, 500px\" \/><\/p>\n<p>Tras un accidente de tr\u00e1fico, las medidas que tome pueden influir significativamente en su recuperaci\u00f3n. Ante todo, d\u00e9 prioridad a su salud y seguridad. Si puedes, llama al 911 para informar del accidente y solicita atenci\u00f3n m\u00e9dica para cualquier lesi\u00f3n. Aunque se encuentre bien, es aconsejable que acuda a un profesional sanitario. Lesiones como el latigazo cervical o el dolor de cuello pueden manifestarse horas o d\u00edas despu\u00e9s. Una vez que haya garantizado su seguridad inmediata, considere la posibilidad de visitar a un quiropr\u00e1ctico. La atenci\u00f3n quiropr\u00e1ctica es vital tras un accidente de coche, ya que ayuda a tratar lesiones que pueden no ser visibles inicialmente. Un quiropr\u00e1ctico puede evaluar su estado e identificar los problemas subyacentes que requieren atenci\u00f3n. Este enfoque proactivo puede conducir a un plan de tratamiento m\u00e1s eficaz y un proceso de recuperaci\u00f3n m\u00e1s suave. Tenga en cuenta que las compa\u00f1\u00edas de seguros a menudo requieren documentaci\u00f3n de sus lesiones. Si busca atenci\u00f3n r\u00e1pidamente, no s\u00f3lo dar\u00e1 prioridad a su salud, sino que tambi\u00e9n crear\u00e1 un registro que respalde su reclamaci\u00f3n. Recuerde que cuanto antes empiece el tratamiento, m\u00e1s posibilidades tendr\u00e1 de recuperarse por completo. No dude en ponerse en contacto con un quiropr\u00e1ctico cualificado que se especializa en lesiones por accidente de coche para guiarle a trav\u00e9s de los pr\u00f3ximos pasos.<\/p>\n<h2>Nuestro Equipo Experto de Quiropr\u00e1cticos de Accidentes de Coche<\/h2>\n<p>En Hurt 911 Colorado Injury Centers, nuestro equipo de quiropr\u00e1cticos expertos se dedica a ayudarle a recuperarse de un accidente de coche. Entendemos los desaf\u00edos \u00fanicos que surgen despu\u00e9s de un accidente automovil\u00edstico, y nuestros quiropr\u00e1cticos est\u00e1n equipados con el conocimiento y la experiencia para guiarlo a trav\u00e9s del proceso de curaci\u00f3n.<\/p>\n<p>Cada quiropr\u00e1ctico en nuestro equipo tiene una amplia formaci\u00f3n en el tratamiento de lesiones relacionadas con accidentes automovil\u00edsticos. Ellos est\u00e1n comprometidos a proporcionar una atenci\u00f3n personalizada que se ocupa de sus necesidades espec\u00edficas. Si usted est\u00e1 experimentando dolor de cuello, dolor de espalda, u otros s\u00edntomas, nuestros quiropr\u00e1cticos trabajar\u00e1n estrechamente con usted para desarrollar un plan de tratamiento eficaz.<\/p>\n<p>Nuestros quiropr\u00e1cticos utilizan una variedad de t\u00e9cnicas para promover la curaci\u00f3n y restaurar la funci\u00f3n. Se centran en m\u00e9todos no invasivos que tienen como objetivo aliviar el dolor y mejorar la movilidad. Mediante el empleo de ajustes quiropr\u00e1cticos y otras modalidades terap\u00e9uticas, nos esforzamos por ayudarle a lograr una recuperaci\u00f3n completa.<\/p>\n<p>Cuando usted elige Hurt 911, usted no est\u00e1 consiguiendo apenas un chiropractor; usted est\u00e1 ganando a socio en su viaje de la recuperaci\u00f3n. Nuestro equipo est\u00e1 aqu\u00ed para apoyarle en cada paso del camino, asegur\u00e1ndose de que usted reciba el m\u00e1s alto nivel de atenci\u00f3n.<\/p>\n<h2>Examinaci\u00f3n comprensiva y servicios de diagn\u00f3stico<\/h2>\n<p><img decoding=\"async\" class=\"alignnone wp-image-2540 size-full\" src=\"https:\/\/1800hurt911co.com\/wp-content\/uploads\/2024\/09\/shutterstock_2267710669.webp\" alt=\"Quiropr\u00e1ctico de accidentes de coche\" width=\"500\" height=\"326\" srcset=\"https:\/\/1800hurt911co.com\/wp-content\/uploads\/2024\/09\/shutterstock_2267710669.webp 500w, https:\/\/1800hurt911co.com\/wp-content\/uploads\/2024\/09\/shutterstock_2267710669-300x196.webp 300w\" sizes=\"(max-width: 500px) 100vw, 500px\" \/><\/p>\n<h3>Radiograf\u00edas y resonancias magn\u00e9ticas<\/h3>\n<p>Despu\u00e9s de un accidente de coche, la comprensi\u00f3n de la extensi\u00f3n de sus lesiones es crucial. En Hurt 911 Colorado Injury Centers, damos prioridad a una evaluaci\u00f3n exhaustiva para identificar cualquier da\u00f1o que pueda haber sufrido. Nuestro equipo emplea herramientas de diagn\u00f3stico avanzadas, como radiograf\u00edas y resonancias magn\u00e9ticas, para evaluar con precisi\u00f3n su estado. Estas t\u00e9cnicas de imagen nos permiten visualizar las lesiones, incluyendo huesos rotos, a su columna cervical, la espalda y otras \u00e1reas, asegurando que abordamos todas las preocupaciones con eficacia.<\/p>\n<h3>Planes de tratamiento personalizados adaptados a sus necesidades<\/h3>\n<p>Una vez que tenemos una imagen clara de sus lesiones, desarrollamos un plan de tratamiento personalizado que se adapte a sus necesidades espec\u00edficas. Cada paciente es \u00fanico, y reconocemos que un enfoque de talla \u00fanica no funciona. Nuestros quiropr\u00e1cticos colaboran con usted para crear un plan que promueva la curaci\u00f3n y la recuperaci\u00f3n.<\/p>\n<p>Esto puede incluir ajustes quiropr\u00e1cticos, fisioterapia u otros tratamientos no invasivos dise\u00f1ados para aliviar el dolor y restaurar la funci\u00f3n. Su recuperaci\u00f3n es nuestra prioridad, y estamos comprometidos a ayudarle a recuperar su salud y bienestar despu\u00e9s de un accidente de coche.<\/p>\n<h2>Opciones de tratamiento hol\u00edstico y no invasivo<\/h2>\n<p>En los Centros de Lesiones Hurt 911 Colorado, damos prioridad a su recuperaci\u00f3n a trav\u00e9s de m\u00e9todos de tratamiento hol\u00edsticos y no invasivos. Nuestro enfoque se centra en abordar las causas fundamentales del dolor y el malestar, en lugar de simplemente aliviar los s\u00edntomas.<\/p>\n<h3>Ajustes Quiropr\u00e1cticos y Manipulaci\u00f3n Espinal<\/h3>\n<p>Los ajustes quiropr\u00e1cticos desempe\u00f1an un papel crucial en la restauraci\u00f3n de la alineaci\u00f3n adecuada de la columna vertebral. Esta t\u00e9cnica ayuda a aliviar la presi\u00f3n sobre los nervios y promueve una mejor funci\u00f3n en todo el cuerpo.<\/p>\n<p>Mediante el uso de la manipulaci\u00f3n espinal espec\u00edfica, nuestros quiropr\u00e1cticos expertos pueden ayudar a reducir el dolor, mejorar la movilidad, y apoyar el proceso de curaci\u00f3n despu\u00e9s de un accidente de coche. Este m\u00e9todo es eficaz para diversas lesiones, incluyendo latigazo cervical, dolor de espalda y lesiones de tejidos blandos.<\/p>\n<h3>Terapias adicionales<\/h3>\n<p>Adem\u00e1s de los ajustes quiropr\u00e1cticos, ofrecemos una serie de terapias complementarias dise\u00f1adas para mejorar su recuperaci\u00f3n.<\/p>\n<ul>\n<li><strong>Terapia de Ultrasonidos<\/strong>: Este tratamiento utiliza ondas de sonido para promover la curaci\u00f3n de los tejidos y reducir la inflamaci\u00f3n.<\/li>\n<li><strong>Tracci\u00f3n<\/strong>: Este m\u00e9todo estira suavemente la columna vertebral, ayudando a aliviar la presi\u00f3n sobre los discos y los nervios.<\/li>\n<li><strong>Masaje terap\u00e9utico<\/strong>: Nuestros masajistas autorizados proporcionan alivio espec\u00edfico a los m\u00fasculos tensos, mejorando la circulaci\u00f3n y reduciendo el dolor.<\/li>\n<li><strong>Crioterapia<\/strong>: Esta t\u00e9cnica consiste en aplicar terapia de fr\u00edo para reducir la inflamaci\u00f3n y el dolor, sobre todo en las fases iniciales de la recuperaci\u00f3n.<\/li>\n<\/ul>\n<p>Estas terapias adicionales se integran en su plan de tratamiento personalizado, asegurando un enfoque integral para su recuperaci\u00f3n. En el Centro de Lesiones Hurt 911 Colorado, nos dedicamos a ayudarle a recuperar su fuerza y volver a una vida sin dolor despu\u00e9s de su accidente de coche.<\/p>\n<h2>El Enfoque del Centro de Lesiones Hurt 911 Colorado<\/h2>\n<p><img decoding=\"async\" class=\"alignnone wp-image-2552 size-full\" src=\"https:\/\/1800hurt911co.com\/wp-content\/uploads\/2024\/09\/shutterstock_2475680809.webp\" alt=\"Colorado Springs accidente de coche quiropr\u00e1ctico\" width=\"500\" height=\"330\" srcset=\"https:\/\/1800hurt911co.com\/wp-content\/uploads\/2024\/09\/shutterstock_2475680809.webp 500w, https:\/\/1800hurt911co.com\/wp-content\/uploads\/2024\/09\/shutterstock_2475680809-300x198.webp 300w\" sizes=\"(max-width: 500px) 100vw, 500px\" \/><\/p>\n<p>En Hurt 911 Colorado Injury Centers, entendemos que la recuperaci\u00f3n de un accidente de coche implica algo m\u00e1s que el tratamiento de las lesiones f\u00edsicas. Nuestro enfoque est\u00e1 dise\u00f1ado para fomentar una experiencia de recuperaci\u00f3n sin fisuras para nuestros clientes.<\/p>\n<p>Damos prioridad a la atenci\u00f3n de colaboraci\u00f3n, integrando tanto la asistencia m\u00e9dica y legal para proporcionar una soluci\u00f3n hol\u00edstica para sus necesidades.<\/p>\n<h3>Atenci\u00f3n colaborativa: integraci\u00f3n de la asistencia m\u00e9dica y jur\u00eddica<\/h3>\n<p>Nuestro equipo est\u00e1 formado por quiropr\u00e1cticos y juristas experimentados que trabajan codo con codo. Esta colaboraci\u00f3n nos permite atender sus necesidades m\u00e9dicas a la vez que le guiamos a trav\u00e9s de las complejidades del proceso legal.<\/p>\n<p>Al tener ambos aspectos cubiertos bajo un mismo techo, eliminamos la molestia de coordinar entre diferentes proveedores. Usted puede centrarse en la curaci\u00f3n, sabiendo que estamos manejando todos los detalles relacionados con su recuperaci\u00f3n y compensaci\u00f3n.<\/p>\n<h3>Transporte gratuito para garantizar un f\u00e1cil acceso a la atenci\u00f3n<\/h3>\n<p>Sabemos que el acceso a la atenci\u00f3n puede ser dif\u00edcil, especialmente despu\u00e9s de un accidente. Por eso ofrecemos transporte gratuito de ida y vuelta a nuestras oficinas. Este servicio asegura que usted pueda asistir a sus citas sin estr\u00e9s a\u00f1adido o carga financiera.<\/p>\n<p>En los Centros de Lesiones Hurt 911 Colorado, nos dedicamos a hacer que su proceso de recuperaci\u00f3n sea lo m\u00e1s f\u00e1cil posible. Nuestro enfoque integral asegura que usted reciba la mejor atenci\u00f3n y apoyo, lo que le permite centrarse en lo que m\u00e1s importa: su salud y bienestar.<\/p>\n<h3>Apoyo financiero y jur\u00eddico<\/h3>\n<p>Navegar por las secuelas de un accidente de coche puede ser abrumador, especialmente cuando se trata de facturas m\u00e9dicas y reclamaciones de seguros. En Hurt 911 Colorado Injury Centers, entendemos la tensi\u00f3n financiera que a menudo sigue a un accidente automovil\u00edstico. Nuestro equipo est\u00e1 aqu\u00ed para ayudar a aligerar esa carga.<\/p>\n<h3>Trabajando con el Seguro de Auto para Cubrir las Facturas M\u00e9dicas<\/h3>\n<p>Tratar con el seguro de auto puede ser complejo. Un abogado con experiencia trabajar\u00e1 diligentemente para asegurar que sus gastos m\u00e9dicos est\u00e1n cubiertos, lo que le permite centrarse en su recuperaci\u00f3n.<\/p>\n<p>Su abogado le guiar\u00e1 a trav\u00e9s del proceso, asegur\u00e1ndose de que usted conoce sus derechos y opciones.<\/p>\n<h3>Referencias legales y apoyo para una compensaci\u00f3n justa<\/h3>\n<p>Adem\u00e1s de la atenci\u00f3n m\u00e9dica, ofrecemos referencias legales a abogados de confianza que se especializan en casos de lesiones personales. Estos profesionales se dedican a asegurar una compensaci\u00f3n justa por sus lesiones.<\/p>\n<p>Luchar\u00e1n por sus derechos y trabajar\u00e1n para obtener la indemnizaci\u00f3n econ\u00f3mica que se merece por las facturas m\u00e9dicas, los salarios perdidos y el dolor y el sufrimiento. Con nuestro apoyo, usted puede estar seguro de que tiene un equipo fuerte detr\u00e1s de usted, abogando por sus mejores intereses en cada paso del camino.<\/p>\n<p>En Hurt 911 Colorado Injury Centers, damos prioridad a su recuperaci\u00f3n y tranquilidad. Perm\u00edtanos ayudarle a navegar por los aspectos financieros y legales de su accidente de coche, para que pueda centrarse en lo que m\u00e1s importa &#8211; su curaci\u00f3n.<\/p>\n<h2>Por qu\u00e9 nuestros clientes conf\u00edan en los Centros de Lesiones Hurt 911 Colorado<\/h2>\n<p>Nuestro compromiso de proporcionar cuidado y ayuda excepcionales es lo que nos diferencia. Los clientes eligen Hurt 911 Colorado Injury Centers porque:<\/p>\n<ul>\n<li><strong>Cuidado Personalizado<\/strong>: Nos tomamos el tiempo para entender la situaci\u00f3n \u00fanica de cada cliente y adaptar nuestros planes de tratamiento en consecuencia.<\/li>\n<li><strong>Experiencia<\/strong>: Nuestro equipo de quiropr\u00e1cticos experimentados se dedica a ayudar a los clientes a recuperarse completamente de sus lesiones.<\/li>\n<li><strong>Enfoque hol\u00edstico<\/strong>: Integramos la asistencia m\u00e9dica y legal, asegurando que los clientes reciban un apoyo integral a lo largo de su viaje de recuperaci\u00f3n.<\/li>\n<\/ul>\n<p>Con un enfoque en la satisfacci\u00f3n del paciente y la recuperaci\u00f3n, nos esforzamos por ofrecer resultados que hablan por s\u00ed mismos. Si usted est\u00e1 buscando un socio de confianza en su recuperaci\u00f3n despu\u00e9s de un accidente de coche, Hurt 911 Colorado Injury Centers est\u00e1 aqu\u00ed para ayudar.<\/p>\n<h2>Cont\u00e1ctenos hoy para una consulta gratuita<\/h2>\n<p><img loading=\"lazy\" decoding=\"async\" class=\"alignnone wp-image-2064\" src=\"https:\/\/1800hurt911co.com\/wp-content\/uploads\/2020\/12\/banner-bg1-copy-1024x254.webp\" alt=\"Hurt911 Logo\" width=\"500\" height=\"124\" srcset=\"https:\/\/1800hurt911co.com\/wp-content\/uploads\/2020\/12\/banner-bg1-copy-1024x254.webp 1024w, https:\/\/1800hurt911co.com\/wp-content\/uploads\/2020\/12\/banner-bg1-copy-300x75.webp 300w, https:\/\/1800hurt911co.com\/wp-content\/uploads\/2020\/12\/banner-bg1-copy-768x191.webp 768w, https:\/\/1800hurt911co.com\/wp-content\/uploads\/2020\/12\/banner-bg1-copy-1536x382.webp 1536w, https:\/\/1800hurt911co.com\/wp-content\/uploads\/2020\/12\/banner-bg1-copy.webp 1920w\" sizes=\"(max-width: 500px) 100vw, 500px\" \/><\/p>\n<p>En <a href=\"\/es\/\">Hurt 911 Colorado Injury Centers<\/a>, entendemos los desaf\u00edos que enfrenta despu\u00e9s de un accidente de coche. Nuestro equipo est\u00e1 aqu\u00ed para apoyarle en cada paso del camino. Si usted est\u00e1 tratando con lesiones, estr\u00e9s, o preocupaciones financieras, llegar a nosotros es el primer paso para recuperar el control de su vida.<\/p>\n<h3>Programe su cita con el Centro de Lesiones Hurt 911 Colorado<\/h3>\n<p>Comenzar es simple. Puede llamarnos directamente o rellenar nuestro formulario en l\u00ednea para programar su cita. Ofrecemos horas flexibles para acomodar sus necesidades.<\/p>\n<p>Durante su consulta inicial, nuestro dedicado personal escuchar\u00e1 sus preocupaciones, evaluar\u00e1 su situaci\u00f3n y le explicar\u00e1 c\u00f3mo podemos ayudarle a recuperarse f\u00edsica y financieramente.<\/p>\n<h3>Nuestra conveniente ubicaci\u00f3n en Colorado Springs<\/h3>\n<p>Hurt 911 Colorado Injury Centers est\u00e1 convenientemente situado en Colorado Springs, CO, por lo que es f\u00e1cil para usted acceder a nuestros servicios quiropr\u00e1cticos. Tambi\u00e9n proporcionamos transporte gratuito hacia y desde nuestras instalaciones, asegurando que usted pueda centrarse en su recuperaci\u00f3n sin preocuparse por los arreglos de viaje. No espere para buscar la atenci\u00f3n que necesita. P\u00f3ngase en contacto con nosotros hoy para programar su consulta gratuita y dar el primer paso hacia un futuro m\u00e1s saludable y libre de dolor. Su recuperaci\u00f3n es nuestra prioridad.<\/p>\n","protected":false},"excerpt":{"rendered":"<p>\u00bfNecesita un quiropr\u00e1ctico de accidente de coche de Colorado Springs? En Hurt 911 Colorado Injury Centers, entendemos los desaf\u00edos que enfrenta despu\u00e9s de un accidente de coche. La recuperaci\u00f3n no es s\u00f3lo acerca de la curaci\u00f3n de su cuerpo; se trata de restaurar su vida. Nuestro centro se especializa en la prestaci\u00f3n de atenci\u00f3n integral [&hellip;]<\/p>\n","protected":false},"author":34,"featured_media":0,"parent":4267,"menu_order":0,"comment_status":"closed","ping_status":"closed","template":"","meta":{"_acf_changed":false,"footnotes":""},"class_list":["post-4273","page","type-page","status-publish","hentry"],"acf":[],"_links":{"self":[{"href":"https:\/\/1800hurt911co.com\/es\/wp-json\/wp\/v2\/pages\/4273","targetHints":{"allow":["GET"]}}],"collection":[{"href":"https:\/\/1800hurt911co.com\/es\/wp-json\/wp\/v2\/pages"}],"about":[{"href":"https:\/\/1800hurt911co.com\/es\/wp-json\/wp\/v2\/types\/page"}],"author":[{"embeddable":true,"href":"https:\/\/1800hurt911co.com\/es\/wp-json\/wp\/v2\/users\/34"}],"replies":[{"embeddable":true,"href":"https:\/\/1800hurt911co.com\/es\/wp-json\/wp\/v2\/comments?post=4273"}],"version-history":[{"count":2,"href":"https:\/\/1800hurt911co.com\/es\/wp-json\/wp\/v2\/pages\/4273\/revisions"}],"predecessor-version":[{"id":4275,"href":"https:\/\/1800hurt911co.com\/es\/wp-json\/wp\/v2\/pages\/4273\/revisions\/4275"}],"up":[{"embeddable":true,"href":"https:\/\/1800hurt911co.com\/es\/wp-json\/wp\/v2\/pages\/4267"}],"wp:attachment":[{"href":"https:\/\/1800hurt911co.com\/es\/wp-json\/wp\/v2\/media?parent=4273"}],"curies":[{"name":"wp","href":"https:\/\/api.w.org\/{rel}","templated":true}]}}