{"id":4301,"date":"2024-09-11T12:24:31","date_gmt":"2024-09-11T16:24:31","guid":{"rendered":"https:\/\/1800hurt911co.com\/colorado-springs\/colorado-tratamiento-de-accidentes-de-coche-en-springs\/"},"modified":"2024-10-01T23:36:51","modified_gmt":"2024-10-02T05:36:51","slug":"colorado-tratamiento-de-accidentes-de-coche-en-springs","status":"publish","type":"page","link":"https:\/\/1800hurt911co.com\/es\/colorado-springs\/colorado-tratamiento-de-accidentes-de-coche-en-springs\/","title":{"rendered":"Colorado Tratamiento de accidentes de coche en Springs"},"content":{"rendered":"<h2>Tratamiento comprensivo de lesi\u00f3n del accidente de coche<\/h2>\n<p>En los Centros de Lesiones Hurt 911 Colorado, nos especializamos en proporcionar una atenci\u00f3n excepcional a las personas que se recuperan de accidentes automovil\u00edsticos. Nuestro equipo entiende el peaje f\u00edsico y emocional que los accidentes de coche pueden tomar en v\u00edctimas. Nos centramos en la entrega de un tratamiento integral adaptado a sus necesidades espec\u00edficas. Nuestros profesionales experimentados est\u00e1n equipados para manejar diversas lesiones de accidentes de coche, asegur\u00e1ndose de que usted reciba la mejor atenci\u00f3n posible. Tambi\u00e9n ofrecemos asistencia m\u00e9dica y jur\u00eddica integrada. Esto significa que usted no s\u00f3lo recibir\u00e1 tratamiento m\u00e9dico de primera clase, sino tambi\u00e9n orientaci\u00f3n a trav\u00e9s de los procesos legales relacionados con su accidente. Este doble enfoque ayuda a agilizar su viaje de recuperaci\u00f3n y compensaci\u00f3n.<\/p>\n<h2>Nuestros servicios especializados<\/h2>\n<p><img fetchpriority=\"high\" decoding=\"async\" class=\"alignnone wp-image-2877 size-full\" src=\"https:\/\/1800hurt911co.com\/wp-content\/uploads\/2024\/09\/car-accident-treatment.webp\" alt=\"Colorado Tratamiento de accidentes de coche en Springs\" width=\"500\" height=\"334\" srcset=\"https:\/\/1800hurt911co.com\/wp-content\/uploads\/2024\/09\/car-accident-treatment.webp 500w, https:\/\/1800hurt911co.com\/wp-content\/uploads\/2024\/09\/car-accident-treatment-300x200.webp 300w\" sizes=\"(max-width: 500px) 100vw, 500px\" \/><\/p>\n<p>Nuestros servicios est\u00e1n dise\u00f1ados para hacer frente a una serie de lesiones sufridas en accidentes de tr\u00e1fico. He aqu\u00ed c\u00f3mo podemos ayudarle:<\/p>\n<ul>\n<li><strong>M\u00e9dico de accidentes de coche<\/strong>: Nuestros m\u00e9dicos realizan evaluaciones exhaustivas para diagnosticar las lesiones con precisi\u00f3n.<\/li>\n<li><strong>Quiropr\u00e1ctico de Accidentes de Coche<\/strong>: Proporcionamos atenci\u00f3n quiropr\u00e1ctica destinada a aliviar el dolor y restaurar la movilidad.<\/li>\n<li><strong>M\u00e9dico de latigazo cervical<\/strong>: Tratamiento especializado para lesiones por latigazo cervical, centrado en el control del dolor y la rehabilitaci\u00f3n.<\/li>\n<li><strong>Fisioterapeuta de accidentes de coche<\/strong>: Nuestros fisioterapeutas desarrollan planes personalizados para ayudarle a recuperar la fuerza y la funci\u00f3n.<\/li>\n<li><strong>Servicios de diagn\u00f3stico<\/strong>: Utilizamos t\u00e9cnicas de imagen de rayos X y resonancia magn\u00e9tica para evaluar las lesiones y realizar un seguimiento de su progreso de recuperaci\u00f3n.<\/li>\n<\/ul>\n<p>Elegir los Centros de Lesiones Hurt 911 Colorado significa elegir un camino hacia la recuperaci\u00f3n que priorice su salud y bienestar. Estamos comprometidos a ayudarle a navegar por las secuelas de un accidente de coche con cuidado y experiencia.<\/p>\n<h2>El acercamiento de Hurt 911 a curar<\/h2>\n<p>En los Centros de Lesiones Hurt 911 Colorado, damos prioridad a su recuperaci\u00f3n a trav\u00e9s de un enfoque estructurado y compasivo. Nuestros m\u00e9todos se centran en la curaci\u00f3n inmediata y a largo plazo, asegurando que usted reciba la atenci\u00f3n necesaria para volver a su vida cotidiana.<\/p>\n<h3>Evaluaci\u00f3n detallada de la lesi\u00f3n<\/h3>\n<p>Nuestro proceso comienza con una evaluaci\u00f3n exhaustiva de sus lesiones. Utilizamos t\u00e9cnicas de diagn\u00f3stico avanzadas como radiograf\u00edas y resonancias magn\u00e9ticas para identificar con precisi\u00f3n el alcance de su condici\u00f3n. Esta evaluaci\u00f3n exhaustiva nos permite crear planes de tratamiento personalizados adaptados a sus necesidades espec\u00edficas. Si usted est\u00e1 sufriendo de dolor de cuello, lesiones en la espalda, u otras dolencias derivadas de un accidente de coche, estamos equipados para hacer frente a sus preocupaciones de manera efectiva.<\/p>\n<h3>M\u00e9todos de tratamiento hol\u00edstico<\/h3>\n<p>La curaci\u00f3n va m\u00e1s all\u00e1 del simple tratamiento de los s\u00edntomas. Hacemos hincapi\u00e9 en los m\u00e9todos de tratamiento hol\u00edstico que abarcan diversas terapias para aliviar el dolor y restaurar la funci\u00f3n. Nuestro cuidado quiropr\u00e1ctico se centra en la alineaci\u00f3n de su cuerpo, el alivio de las molestias, y la promoci\u00f3n del bienestar general. La fisioterapia desempe\u00f1a un papel crucial en su recuperaci\u00f3n, ayud\u00e1ndole a recuperar la fuerza y mejorar la movilidad mediante ejercicios espec\u00edficos. Nuestros fisioterapeutas dise\u00f1an programas de rehabilitaci\u00f3n que se adaptan a su situaci\u00f3n particular, tanto si necesita terapia acu\u00e1tica como terapia manual. Adem\u00e1s, ofrecemos terapia de masaje para aliviar la tensi\u00f3n muscular y mejorar la relajaci\u00f3n, ayudando en el proceso de curaci\u00f3n. En Hurt 911, entendemos que cada paciente es diferente, y estamos comprometidos a proporcionar el m\u00e1s alto nivel de atenci\u00f3n para ayudarle a recuperarse completamente de sus lesiones por accidente de coche. Su viaje a la recuperaci\u00f3n comienza aqu\u00ed, y estamos dedicados a apoyarle en cada paso del camino.<\/p>\n<h2>Qu\u00e9 hacer tras un accidente de tr\u00e1fico<\/h2>\n<p>Sufrir un accidente de coche puede ser abrumador, pero conocer los pasos correctos a seguir despu\u00e9s es crucial para su salud y sus derechos legales. He aqu\u00ed una gu\u00eda sencilla para ayudarle a navegar por las secuelas inmediatas de un accidente de coche.<\/p>\n<h3>Pasos inmediatos a seguir<\/h3>\n<p>Evaluar las lesiones y buscar ayuda Su primera prioridad debe ser su salud. Compruebe si hay heridos, tanto usted como los dem\u00e1s. Si alguien est\u00e1 herido, llame al 911 para recibir asistencia m\u00e9dica inmediata. Aunque se encuentre bien, es aconsejable que acuda a un m\u00e9dico, ya que algunas lesiones pueden no ser evidentes de inmediato. Documentar el lugar del accidente Re\u00fana toda la informaci\u00f3n posible. Haz fotos del lugar del accidente, de los da\u00f1os del veh\u00edculo y de las lesiones visibles. Intercambia informaci\u00f3n de contacto y del seguro con el otro conductor. Si hay testigos, recoge tambi\u00e9n sus datos de contacto. Esta documentaci\u00f3n puede ser muy valiosa para su reclamaci\u00f3n al seguro y para posibles acciones legales.<\/p>\n<h3>Conozca sus derechos<\/h3>\n<p>Tiene derecho a recibir tratamiento m\u00e9dico por las lesiones sufridas en el accidente. Busque la atenci\u00f3n de un proveedor m\u00e9dico cualificado, como un m\u00e9dico de accidentes de coche o quiropr\u00e1ctico, para garantizar una evaluaci\u00f3n y tratamiento adecuados de sus lesiones. Cobertura del seguro y derechos legales Familiar\u00edcese con su p\u00f3liza de seguro. Comprenda qu\u00e9 cobertura tiene para las facturas m\u00e9dicas y otros gastos relacionados con el accidente. Si se enfrenta a problemas con su compa\u00f1\u00eda de seguros, considere la posibilidad de consultar con un abogado de lesiones personales que pueda guiarle a trav\u00e9s de sus derechos y opciones de compensaci\u00f3n. Siguiendo estos pasos, podr\u00e1 tomar las riendas de su situaci\u00f3n y dar prioridad a su recuperaci\u00f3n. Recuerde que no est\u00e1 solo en este proceso; hay ayuda profesional disponible para apoyarle en cada paso del camino.<\/p>\n<h2>Navegar por el proceso legal y de seguros<\/h2>\n<p><img decoding=\"async\" class=\"alignnone wp-image-2920 size-full\" src=\"https:\/\/1800hurt911co.com\/wp-content\/uploads\/2024\/09\/hurt911-car-accident-lawyer.webp\" alt=\"Colorado Springs Car Accident Lawyer\" width=\"500\" height=\"334\" srcset=\"https:\/\/1800hurt911co.com\/wp-content\/uploads\/2024\/09\/hurt911-car-accident-lawyer.webp 500w, https:\/\/1800hurt911co.com\/wp-content\/uploads\/2024\/09\/hurt911-car-accident-lawyer-300x200.webp 300w\" sizes=\"(max-width: 500px) 100vw, 500px\" \/><\/p>\n<p>Despu\u00e9s de un accidente de coche, entendiendo el seguro y el paisaje legal puede ser abrumador. Sin embargo, Hurt 911 Colorado Injury Centers est\u00e1 aqu\u00ed para simplificar este viaje para usted.<\/p>\n<h3>Trabajando con Su Compa\u00f1\u00eda de Seguros<\/h3>\n<ul>\n<li><strong>Manejando Reclamos de Seguros<\/strong>: Un abogado con experiencia le ayudar\u00e1 con la presentaci\u00f3n de reclamaciones y asegurarse de que toda la documentaci\u00f3n necesaria se presenta. Esto ayuda a acelerar el proceso de aprobaci\u00f3n y minimiza los posibles retrasos en la recepci\u00f3n de una indemnizaci\u00f3n por sus facturas m\u00e9dicas y otros gastos.<\/li>\n<\/ul>\n<h3>Colaboraci\u00f3n con abogados especializados en lesiones personales<\/h3>\n<ul>\n<li><strong>Asistencia legal para una indemnizaci\u00f3n justa<\/strong>: Si su caso requiere acciones legales, le pondremos en contacto con abogados expertos en lesiones personales. Ellos se especializan en negociar con las compa\u00f1\u00edas de seguros y luchar por la compensaci\u00f3n que usted merece por sus lesiones y p\u00e9rdidas.<\/li>\n<li><strong>Documentaci\u00f3n m\u00e9dica exhaustiva<\/strong>: Nuestro equipo m\u00e9dico crear\u00e1 registros detallados de su tratamiento y recuperaci\u00f3n. Esta documentaci\u00f3n es crucial para su abogado cuando se persigue su reclamo. Proporciona evidencia de la magnitud de sus lesiones y el impacto en su vida, ayudando a fortalecer su caso.<\/li>\n<\/ul>\n<p>Navegar el seguro y el proceso legal puede ser complejo, pero usted no tiene que hacerlo solo. En Hurt 911 Colorado Injury Centers, trabajamos diligentemente para asegurar que usted reciba el apoyo que necesita para un viaje de recuperaci\u00f3n m\u00e1s suave.<\/p>\n<h2>Lesiones comunes en accidentes de coche que tratamos<\/h2>\n<p>Los accidentes de coche pueden conducir a una variedad de lesiones, algunas de las cuales pueden no ser inmediatamente evidentes. En Hurt 911 Colorado Injury Centers, nos centramos en proporcionar evaluaciones exhaustivas y tratamientos eficaces para las lesiones m\u00e1s comunes sufridas en accidentes automovil\u00edsticos.<\/p>\n<h3>Lesiones de Cuello y Espalda<\/h3>\n<p>Las lesiones de cuello y espalda son frecuentes en los accidentes automovil\u00edsticos debido al impacto repentino. Las condiciones comunes incluyen:<\/p>\n<ul>\n<li><strong>Latigazo cervical y esguinces cervicales<\/strong>: Estas lesiones ocurren cuando la cabeza es repentinamente sacudida hacia adelante y luego hacia atr\u00e1s, forzando los m\u00fasculos del cuello y los ligamentos. Los s\u00edntomas suelen incluir dolor, rigidez y reducci\u00f3n de la amplitud de movimiento.<\/li>\n<li><strong>Hernia discal y lumbalgia<\/strong>: La fuerza de una colisi\u00f3n puede hacer que los discos de la columna se abulten o se rompan, provocando dolor y molestias cr\u00f3nicas. Esto puede afectar significativamente a la movilidad y a las actividades cotidianas.<\/li>\n<\/ul>\n<h3>Lesiones en la cabeza y las extremidades<\/h3>\n<p>Las lesiones en la cabeza y las extremidades tambi\u00e9n pueden ser graves y requieren atenci\u00f3n inmediata. Tratamos:<\/p>\n<ul>\n<li><strong>Conmociones cerebrales y dolores de cabeza<\/strong>: Una conmoci\u00f3n cerebral puede producirse por un golpe en la cabeza, provocando s\u00edntomas como confusi\u00f3n, mareos y dolores de cabeza persistentes. El diagn\u00f3stico y la atenci\u00f3n adecuados son cruciales para prevenir efectos a largo plazo.<\/li>\n<li><strong>Dolor en hombros y extremidades<\/strong>: Las lesiones en hombros, brazos y piernas pueden deberse al impacto del choque o al uso de aparatos ortop\u00e9dicos durante el accidente. El tratamiento puede implicar terapia f\u00edsica y rehabilitaci\u00f3n para restaurar la funci\u00f3n y reducir el dolor.<\/li>\n<\/ul>\n<p>En Hurt 911 Colorado Injury Centers, nos dedicamos a tratar estas lesiones con una atenci\u00f3n integral adaptada a las necesidades de cada paciente. Nuestro equipo trabaja diligentemente para proporcionar el tratamiento m\u00e9dico necesario y el apoyo para ayudarle a recuperarse y recuperar su calidad de vida.<\/p>\n<h2>Nuestro compromiso con el cuidado del paciente<\/h2>\n<p>En los Centros de Lesiones Hurt 911 Colorado, damos prioridad a su recuperaci\u00f3n y bienestar. Nuestro compromiso con la atenci\u00f3n al paciente va m\u00e1s all\u00e1 del tratamiento m\u00e9dico. Nuestro objetivo es crear un entorno de apoyo que aborde todos los aspectos de su proceso de curaci\u00f3n.<\/p>\n<h3>Servicios de transporte gratuitos<\/h3>\n<p>El acceso a la atenci\u00f3n m\u00e9dica no deber\u00eda ser un obst\u00e1culo. Por eso ofrecemos servicios de transporte gratuitos para garantizar que pueda acudir a sus citas sin estr\u00e9s a\u00f1adido. Ya se trate de una visita a nuestro m\u00e9dico de accidentes de coche o su sesi\u00f3n de quiropr\u00e1ctica, hacemos que sea f\u00e1cil para usted para obtener la ayuda que necesita. Este servicio est\u00e1 dise\u00f1ado para proporcionar comodidad y tranquilidad, lo que le permite centrarse en su recuperaci\u00f3n.<\/p>\n<h3>Testimonios e historias de \u00e9xito<\/h3>\n<p>Entendemos que la confianza es esencial en la elecci\u00f3n de un proveedor de atenci\u00f3n m\u00e9dica. Las experiencias de nuestros pacientes dicen mucho de nuestra dedicaci\u00f3n a una atenci\u00f3n de calidad. Muchos han compartido sus historias de \u00e9xito, destacando c\u00f3mo nuestro enfoque integral del tratamiento ha tenido un impacto positivo en sus vidas. Desde el control del dolor hasta la recuperaci\u00f3n de la movilidad, estos testimonios reflejan nuestro compromiso de ayudarle a recuperarse plenamente. Historias reales de pacientes reales demuestran que estamos aqu\u00ed para apoyarle en cada paso del camino. En Hurt 911, no somos s\u00f3lo un centro de tratamiento; somos sus socios en la recuperaci\u00f3n. Su salud y satisfacci\u00f3n son nuestras principales prioridades. P\u00f3ngase en contacto con nosotros hoy mismo para obtener m\u00e1s informaci\u00f3n sobre c\u00f3mo podemos ayudarle en su viaje de curaci\u00f3n.<\/p>\n<h2>Cont\u00e1ctenos para Asistencia Inmediata<\/h2>\n<p><img decoding=\"async\" class=\"alignnone wp-image-2064\" src=\"https:\/\/1800hurt911co.com\/wp-content\/uploads\/2020\/12\/banner-bg1-copy-1024x254.webp\" alt=\"Hurt911 Logo\" width=\"500\" height=\"124\" srcset=\"https:\/\/1800hurt911co.com\/wp-content\/uploads\/2020\/12\/banner-bg1-copy-1024x254.webp 1024w, https:\/\/1800hurt911co.com\/wp-content\/uploads\/2020\/12\/banner-bg1-copy-300x75.webp 300w, https:\/\/1800hurt911co.com\/wp-content\/uploads\/2020\/12\/banner-bg1-copy-768x191.webp 768w, https:\/\/1800hurt911co.com\/wp-content\/uploads\/2020\/12\/banner-bg1-copy-1536x382.webp 1536w, https:\/\/1800hurt911co.com\/wp-content\/uploads\/2020\/12\/banner-bg1-copy.webp 1920w\" sizes=\"(max-width: 500px) 100vw, 500px\" \/><\/p>\n<h3>Concertar una cita<\/h3>\n<p>Si usted ha estado involucrado en un accidente de coche, tomar medidas r\u00e1pidas es esencial. Le invitamos a ponerse en contacto con nosotros para obtener asistencia inmediata. Usted puede llamar a nuestra oficina directamente o enviar una solicitud en l\u00ednea para programar su cita. Durante esta consulta inicial, vamos a discutir sus necesidades espec\u00edficas y esbozar c\u00f3mo nuestros servicios pueden ayudarle a recuperarse de manera efectiva. Recuerde, la primera consulta es gratuita, lo que le permite explorar sus opciones sin presi\u00f3n financiera.<\/p>\n<h3>Oficinas<\/h3>\n<p>Los Centros de Lesiones Hurt 911 Colorado atienden con orgullo a clientes en Colorado Springs y sus alrededores. Nuestras ubicaciones est\u00e1n estrat\u00e9gicamente situadas para garantizar un f\u00e1cil acceso a nuestros clientes. Puede encontrarnos en el coraz\u00f3n de Colorado Springs, as\u00ed como en otras ubicaciones convenientes en toda la regi\u00f3n. Para su comodidad, ofrecemos un mapa detallado y direcciones en nuestro sitio web para ayudarle a encontrar la oficina m\u00e1s cercana. Su salud y recuperaci\u00f3n son nuestras principales prioridades, y estamos aqu\u00ed para apoyarle en cada paso del camino.<\/p>\n","protected":false},"excerpt":{"rendered":"<p>Tratamiento comprensivo de lesi\u00f3n del accidente de coche En los Centros de Lesiones Hurt 911 Colorado, nos especializamos en proporcionar una atenci\u00f3n excepcional a las personas que se recuperan de accidentes automovil\u00edsticos. Nuestro equipo entiende el peaje f\u00edsico y emocional que los accidentes de coche pueden tomar en v\u00edctimas. Nos centramos en la entrega de [&hellip;]<\/p>\n","protected":false},"author":34,"featured_media":0,"parent":4267,"menu_order":0,"comment_status":"closed","ping_status":"closed","template":"","meta":{"_acf_changed":false,"footnotes":""},"class_list":["post-4301","page","type-page","status-publish","hentry"],"acf":[],"_links":{"self":[{"href":"https:\/\/1800hurt911co.com\/es\/wp-json\/wp\/v2\/pages\/4301","targetHints":{"allow":["GET"]}}],"collection":[{"href":"https:\/\/1800hurt911co.com\/es\/wp-json\/wp\/v2\/pages"}],"about":[{"href":"https:\/\/1800hurt911co.com\/es\/wp-json\/wp\/v2\/types\/page"}],"author":[{"embeddable":true,"href":"https:\/\/1800hurt911co.com\/es\/wp-json\/wp\/v2\/users\/34"}],"replies":[{"embeddable":true,"href":"https:\/\/1800hurt911co.com\/es\/wp-json\/wp\/v2\/comments?post=4301"}],"version-history":[{"count":2,"href":"https:\/\/1800hurt911co.com\/es\/wp-json\/wp\/v2\/pages\/4301\/revisions"}],"predecessor-version":[{"id":4303,"href":"https:\/\/1800hurt911co.com\/es\/wp-json\/wp\/v2\/pages\/4301\/revisions\/4303"}],"up":[{"embeddable":true,"href":"https:\/\/1800hurt911co.com\/es\/wp-json\/wp\/v2\/pages\/4267"}],"wp:attachment":[{"href":"https:\/\/1800hurt911co.com\/es\/wp-json\/wp\/v2\/media?parent=4301"}],"curies":[{"name":"wp","href":"https:\/\/api.w.org\/{rel}","templated":true}]}}