{"id":4304,"date":"2024-09-11T09:23:32","date_gmt":"2024-09-11T13:23:32","guid":{"rendered":"https:\/\/1800hurt911co.com\/colorado-springs\/colorado-springs-diagnostico-por-imagen\/"},"modified":"2024-10-01T23:48:26","modified_gmt":"2024-10-02T05:48:26","slug":"colorado-springs-diagnostico-por-imagen","status":"publish","type":"page","link":"https:\/\/1800hurt911co.com\/es\/colorado-springs\/colorado-springs-diagnostico-por-imagen\/","title":{"rendered":"Colorado Springs Diagn\u00f3stico por imagen"},"content":{"rendered":"<h2>Colorado Springs Diagn\u00f3stico por imagen<\/h2>\n<p>En Hurt 911 Colorado Injury Centers, damos prioridad a su salud y recuperaci\u00f3n a trav\u00e9s de nuestros servicios integrales de diagn\u00f3stico por imagen en Colorado Springs. Nuestras instalaciones est\u00e1n equipadas con tecnolog\u00eda de imagen de \u00faltima generaci\u00f3n para proporcionar diagn\u00f3sticos precisos y oportunos, garantizando una atenci\u00f3n excepcional al paciente. Entendemos que obtener el diagn\u00f3stico correcto es crucial para un tratamiento eficaz, especialmente despu\u00e9s de una lesi\u00f3n. Por eso nos centramos en ofrecer servicios de diagn\u00f3stico por imagen de alta calidad que se adapten a sus necesidades espec\u00edficas. Nuestro equipo de radi\u00f3logos y t\u00e9cnicos experimentados se dedica a garantizar que todos los pacientes se sientan c\u00f3modos durante su experiencia de diagn\u00f3stico por imagen. Ofrecemos una amplia gama de servicios, como resonancias magn\u00e9ticas y radiograf\u00edas. Cada procedimiento se realiza con precisi\u00f3n y cuidado, lo que permite obtener resultados \u00f3ptimos que ayudan en su proceso de recuperaci\u00f3n. Estamos comprometidos con la satisfacci\u00f3n del paciente, asegur\u00e1ndonos de que se sienta valorado y bien atendido durante sus procedimientos m\u00e9dicos. En Hurt 911 Colorado Injury Centers, nos esforzamos por crear un ambiente de apoyo donde los pacientes puedan sentirse a gusto. Su salud es nuestra prioridad, y estamos aqu\u00ed para ayudarle en cada paso del camino.<\/p>\n<h2>Nuestros Servicios<\/h2>\n<p><img fetchpriority=\"high\" decoding=\"async\" class=\"alignnone wp-image-2937 size-full\" src=\"https:\/\/1800hurt911co.com\/wp-content\/uploads\/2024\/09\/diagnostic-imagin-mri.webp\" alt=\"Colorado Springs Diagnostic Imaging, MRI Machine\" width=\"500\" height=\"334\" srcset=\"https:\/\/1800hurt911co.com\/wp-content\/uploads\/2024\/09\/diagnostic-imagin-mri.webp 500w, https:\/\/1800hurt911co.com\/wp-content\/uploads\/2024\/09\/diagnostic-imagin-mri-300x200.webp 300w\" sizes=\"(max-width: 500px) 100vw, 500px\" \/><\/p>\n<p>En los Centros de Lesiones Hurt 911 Colorado, ofrecemos una amplia gama de servicios de diagn\u00f3stico por imagen adaptados a las necesidades de nuestros pacientes. Nuestra tecnolog\u00eda avanzada y profesionales cualificados garantizan resultados precisos y oportunos, facilitando planes de tratamiento eficaces.<\/p>\n<h3>Resonancias magn\u00e9ticas<\/h3>\n<p>Nuestros esc\u00e1neres de resonancia magn\u00e9tica utilizan la \u00faltima tecnolog\u00eda de imagen para proporcionar im\u00e1genes detalladas de los tejidos blandos, \u00f3rganos y estructuras dentro del cuerpo. Este procedimiento no invasivo es crucial para diagnosticar diversas afecciones, desde lesiones cerebrales hasta da\u00f1os articulares.<\/p>\n<h3>Radiograf\u00edas<\/h3>\n<p>Las radiograf\u00edas son esenciales para diagnosticar fracturas, infecciones y otros problemas relacionados con los huesos. Nuestros centros de diagn\u00f3stico por imagen utilizan equipos de \u00faltima generaci\u00f3n para producir im\u00e1genes de alta calidad al tiempo que minimizan la exposici\u00f3n a la radiaci\u00f3n de nuestros pacientes. En los Centros de Lesiones Hurt 911 Colorado, damos prioridad a la comodidad y satisfacci\u00f3n del paciente. Nuestro personal experimentado se dedica a la prestaci\u00f3n de servicios de diagn\u00f3stico por imagen de clase mundial para apoyar su salud y recuperaci\u00f3n.<\/p>\n<h3>Servicios de tratamiento de accidentes<\/h3>\n<p>Tambi\u00e9n reconocemos la importancia de la colaboraci\u00f3n en la asistencia sanitaria. Nuestros servicios de diagn\u00f3stico por imagen trabajan a la perfecci\u00f3n con nuestro equipo de m\u00e9dicos especialistas en lesiones personales para garantizar que usted reciba una atenci\u00f3n integral. Junto con el diagn\u00f3stico m\u00e9dico por imagen, ofrecemos planes de tratamiento personalizados para v\u00edctimas de accidentes de tr\u00e1fico, resbalones y ca\u00eddas, y otros accidentes. Los pacientes se benefician de:<\/p>\n<ul>\n<li>Cuidado Quiropr\u00e1ctico<\/li>\n<li>Fisioterapia<\/li>\n<li>Manejo del dolor<\/li>\n<li>Referencias a abogados de lesiones personales<\/li>\n<\/ul>\n<h2>La importancia del diagn\u00f3stico por imagen<\/h2>\n<p>El diagn\u00f3stico por imagen es una piedra angular de la atenci\u00f3n sanitaria moderna, ya que desempe\u00f1a un papel fundamental en el diagn\u00f3stico y tratamiento precisos de una amplia gama de afecciones m\u00e9dicas. En los Centros de Lesiones Hurt 911 Colorado, utilizamos tecnolog\u00edas avanzadas de diagn\u00f3stico por imagen, como resonancias magn\u00e9ticas y radiograf\u00edas, para proporcionar una visualizaci\u00f3n detallada de los \u00f3rganos y tejidos internos. Esta capacidad es crucial para la detecci\u00f3n temprana y el tratamiento de lesiones, mejorando significativamente los resultados del paciente. Para las personas que sufren dolor cr\u00f3nico, el diagn\u00f3stico por imagen es esencial. Permite a los profesionales sanitarios determinar con precisi\u00f3n las causas subyacentes del malestar, lo que facilita el desarrollo de planes de tratamiento eficaces. Mediante la utilizaci\u00f3n de tecnolog\u00eda de imagen de \u00faltima generaci\u00f3n, nos aseguramos de que nuestros pacientes reciban el m\u00e1s alto nivel de atenci\u00f3n, lo que lleva a mejores resultados de salud.<\/p>\n<h3>\u00bfPor qu\u00e9 elegir los Centros de Lesiones Hurt 911 Colorado?<\/h3>\n<p>Cuando se trata de diagn\u00f3stico por imagen, la selecci\u00f3n del centro adecuado es crucial para un diagn\u00f3stico preciso y un tratamiento eficaz. En los Centros de Lesiones Hurt 911 Colorado, damos prioridad a su salud y bienestar a trav\u00e9s de una gama de servicios especializados. He aqu\u00ed por qu\u00e9 deber\u00eda elegirnos para sus necesidades de diagn\u00f3stico por imagen.<\/p>\n<h3>Tecnolog\u00eda de imagen avanzada<\/h3>\n<p>Utilizamos tecnolog\u00eda de imagen de vanguardia para proporcionar resultados precisos y fiables. Nuestras instalaciones est\u00e1n equipadas con las m\u00e1quinas de resonancia magn\u00e9tica y rayos X m\u00e1s modernas. Esto asegura que nuestros pacientes reciban la m\u00e1s alta calidad de servicios de diagn\u00f3stico disponibles en Colorado Springs.<\/p>\n<h3>Personal experimentado y compasivo<\/h3>\n<p>Nuestro equipo est\u00e1 formado por profesionales altamente capacitados que se dedican a su cuidado. Entendemos que la imagen m\u00e9dica puede ser estresante. Por lo tanto, nos esforzamos por crear un ambiente de apoyo donde usted se sienta c\u00f3modo e informado durante todo el proceso. Nuestro personal est\u00e1 siempre dispuesto a responder a sus preguntas y abordar sus preocupaciones.<\/p>\n<h3>Entorno c\u00f3modo y centrado en el paciente<\/h3>\n<p>Su comodidad es nuestra prioridad. Hemos dise\u00f1ado nuestros centros de diagn\u00f3stico por imagen para que sean acogedores y relajantes. Desde el momento en que entre, experimentar\u00e1 un enfoque centrado en el paciente que se centra en sus necesidades. Nuestro objetivo es hacer que su visita sea lo m\u00e1s agradable posible.<\/p>\n<h3>Coordinaci\u00f3n con los m\u00e9dicos de referencia<\/h3>\n<p>Creemos en la colaboraci\u00f3n sin fisuras con sus proveedores de atenci\u00f3n m\u00e9dica. Nuestro equipo trabaja en estrecha colaboraci\u00f3n con los m\u00e9dicos para garantizar que todos los resultados de las pruebas de imagen se comuniquen de forma r\u00e1pida y clara. Esta coordinaci\u00f3n ayuda a facilitar el tratamiento oportuno y mejora su experiencia general de atenci\u00f3n.<\/p>\n<h3>No hay costos por adelantado<\/h3>\n<p>Con Hurt911 Colorado Injury Centers, usted no paga honorarios por adelantado para la proyecci\u00f3n de imagen m\u00e9dica despu\u00e9s de un accidente. Nuestro equipo m\u00e9dico consigue pagado despu\u00e9s de que usted gane la remuneraci\u00f3n en un caso personal de los da\u00f1os corporales. La elecci\u00f3n de Hurt 911 Colorado Injury Centers significa optar por la calidad, la compasi\u00f3n, y un compromiso con su salud. Perm\u00edtanos ayudarle en su camino hacia la recuperaci\u00f3n con nuestros completos servicios de diagn\u00f3stico por imagen.<\/p>\n<h3>Transporte gratuito<\/h3>\n<p>Ofrecemos servicios de transporte gratuitos desde y hacia nuestras instalaciones en Colorado Springs. Esto garantiza que pueda acceder a los servicios de diagn\u00f3stico por imagen que necesita sin estr\u00e9s ni gastos a\u00f1adidos.<\/p>\n<h2>\u00c1reas de atenci\u00f3n especial<\/h2>\n<p><img decoding=\"async\" class=\"alignnone wp-image-2936 size-full\" src=\"https:\/\/1800hurt911co.com\/wp-content\/uploads\/2024\/09\/diagnostic-imaging-x-ray.webp\" alt=\"Diagnostic Imaging, X-Ray\" width=\"500\" height=\"334\" srcset=\"https:\/\/1800hurt911co.com\/wp-content\/uploads\/2024\/09\/diagnostic-imaging-x-ray.webp 500w, https:\/\/1800hurt911co.com\/wp-content\/uploads\/2024\/09\/diagnostic-imaging-x-ray-300x200.webp 300w\" sizes=\"(max-width: 500px) 100vw, 500px\" \/><\/p>\n<h3>Diagn\u00f3stico del dolor cr\u00f3nico<\/h3>\n<p>El dolor cr\u00f3nico tras un accidente puede afectar significativamente a su calidad de vida. Nuestros servicios de diagn\u00f3stico por imagen est\u00e1n dise\u00f1ados para identificar las causas subyacentes de las molestias persistentes. Nuestra avanzada tecnolog\u00eda de imagen ayuda a identificar los problemas, lo que permite planes de tratamiento eficaces.<\/p>\n<h3>Diagn\u00f3stico de lesiones y accidentes<\/h3>\n<p>Si usted ha estado involucrado en un accidente, los diagn\u00f3sticos oportunos y precisos son cruciales. El Centro de Lesiones Hurt 911 Colorado ofrece servicios integrales de diagn\u00f3stico por imagen para la evaluaci\u00f3n de lesiones. Desde resonancias magn\u00e9ticas hasta radiograf\u00edas, nos aseguramos de que cada aspecto de su lesi\u00f3n sea evaluado a fondo, proporcionando la informaci\u00f3n necesaria para apoyar su recuperaci\u00f3n y cualquier posible reclamaci\u00f3n.<\/p>\n<p>Nuestro compromiso con la calidad y la atenci\u00f3n centrada en el paciente significa que usted recibir\u00e1 la atenci\u00f3n y la experiencia que se merece a lo largo de su viaje de diagn\u00f3stico.<\/p>\n<h2>Experiencia del paciente<\/h2>\n<p>En los Centros de Lesiones Hurt 911 Colorado, damos prioridad a su comodidad y conveniencia a lo largo de su viaje de diagn\u00f3stico por imagen. Entendemos que navegar por el sistema sanitario puede ser abrumador, especialmente despu\u00e9s de un accidente. Es por eso que ofrecemos f\u00e1cil programaci\u00f3n de citas para adaptarse a su ajetreada vida. Simplemente p\u00f3ngase en contacto con nosotros para una consulta gratuita para empezar.<\/p>\n<p>El transporte nunca debe ser un obst\u00e1culo para recibir una atenci\u00f3n de calidad. Ofrecemos servicios de transporte gratuito desde y hacia nuestras instalaciones en Colorado Springs. Esto garantiza que pueda acceder a los servicios de diagn\u00f3stico por imagen que necesita sin estr\u00e9s ni gastos a\u00f1adidos.<\/p>\n<p>En los Centros de Lesiones Hurt 911 Colorado, nos esforzamos por crear un entorno acogedor en el que se sienta apoyado y atendido. Su salud y bienestar son nuestras principales prioridades.<\/p>\n<p>Nuestro equipo se compromete a mantenerle informado sobre el proceso de imagen y qu\u00e9 esperar. Creemos que el conocimiento empodera a nuestros pacientes y contribuye a una experiencia de atenci\u00f3n m\u00e9dica m\u00e1s positiva.<\/p>\n<h2>Horario de las oficinas<\/h2>\n<h3>Localizaciones convenientes a trav\u00e9s de Colorado Springs<\/h3>\n<p>En los Centros de Lesiones Hurt 911 Colorado, entendemos que el acceso a un diagn\u00f3stico por imagen de calidad es crucial para su salud y recuperaci\u00f3n. Es por eso que hemos colocado estrat\u00e9gicamente nuestras instalaciones en todo Colorado Springs. Cada ubicaci\u00f3n est\u00e1 dise\u00f1ada para proporcionar un f\u00e1cil acceso a nuestros pacientes, asegurando que pueda obtener los servicios de imagen que necesita sin desplazamientos innecesarios. Tanto si se encuentra cerca del centro como en las afueras, hay un centro Hurt 911 cerca, listo para ayudarle.<\/p>\n<h3>Horarios flexibles que se adaptan a su agenda<\/h3>\n<p>Reconocemos que la vida puede ser ajetreada, especialmente cuando se est\u00e1 lidiando con las secuelas de un accidente. Nuestros centros ofrecen horarios flexibles para adaptarse a su horario.<\/p>\n<p>Nuestro compromiso es hacer que su experiencia sea lo m\u00e1s c\u00f3moda posible, asegur\u00e1ndonos de que pueda centrarse en su recuperaci\u00f3n sin estr\u00e9s a\u00f1adido. Tanto si necesita una resonancia magn\u00e9tica como una radiograf\u00eda, nuestro equipo est\u00e1 aqu\u00ed para ayudarle a volver a la normalidad.<\/p>\n<h2>Contacte con nosotros<\/h2>\n<p><img decoding=\"async\" class=\"alignnone wp-image-2064\" src=\"https:\/\/1800hurt911co.com\/wp-content\/uploads\/2020\/12\/banner-bg1-copy-1024x254.webp\" alt=\"Hurt911 Logo\" width=\"500\" height=\"124\" srcset=\"https:\/\/1800hurt911co.com\/wp-content\/uploads\/2020\/12\/banner-bg1-copy-1024x254.webp 1024w, https:\/\/1800hurt911co.com\/wp-content\/uploads\/2020\/12\/banner-bg1-copy-300x75.webp 300w, https:\/\/1800hurt911co.com\/wp-content\/uploads\/2020\/12\/banner-bg1-copy-768x191.webp 768w, https:\/\/1800hurt911co.com\/wp-content\/uploads\/2020\/12\/banner-bg1-copy-1536x382.webp 1536w, https:\/\/1800hurt911co.com\/wp-content\/uploads\/2020\/12\/banner-bg1-copy.webp 1920w\" sizes=\"(max-width: 500px) 100vw, 500px\" \/><\/p>\n<h3>Programe su cita de diagn\u00f3stico por imagen<\/h3>\n<p>En los Centros de Lesiones Hurt 911 Colorado, priorizamos su conveniencia y comodidad. Programar su cita de diagn\u00f3stico por imagen es sencillo. Simplemente llame a nuestra oficina o p\u00f3ngase en contacto con nosotros en l\u00ednea para comenzar con una consulta gratuita.<\/p>\n<p>Nuestro equipo est\u00e1 aqu\u00ed para ayudarle en cada paso del camino, asegurando que se sienta a gusto durante todo el proceso.<\/p>\n<h3>C\u00f3mo llegar a nuestras oficinas de Colorado Springs<\/h3>\n<p>Encontrarnos es f\u00e1cil. Tenemos m\u00faltiples ubicaciones en toda el \u00e1rea metropolitana de Denver, incluyendo Colorado Springs. Nuestro amable personal est\u00e1 preparado para guiarle hasta el centro m\u00e1s cercano y hacer que su visita sea lo m\u00e1s sencilla posible.<\/p>\n<h3>Conozca a nuestro equipo de radi\u00f3logos expertos<\/h3>\n<p>Nuestros expertos radi\u00f3logos est\u00e1n comprometidos a proporcionar servicios de diagn\u00f3stico por imagen de alta calidad. Con una amplia formaci\u00f3n y experiencia, utilizan la \u00faltima tecnolog\u00eda para ofrecer resultados precisos. Cuando usted elige Hurt 911, usted gana el acceso a un equipo dedicado centrado en su salud y bienestar. Nos esforzamos por crear un entorno de apoyo donde pueda sentirse c\u00f3modo y atendido.<\/p>\n","protected":false},"excerpt":{"rendered":"<p>Colorado Springs Diagn\u00f3stico por imagen En Hurt 911 Colorado Injury Centers, damos prioridad a su salud y recuperaci\u00f3n a trav\u00e9s de nuestros servicios integrales de diagn\u00f3stico por imagen en Colorado Springs. Nuestras instalaciones est\u00e1n equipadas con tecnolog\u00eda de imagen de \u00faltima generaci\u00f3n para proporcionar diagn\u00f3sticos precisos y oportunos, garantizando una atenci\u00f3n excepcional al paciente. Entendemos [&hellip;]<\/p>\n","protected":false},"author":34,"featured_media":0,"parent":4267,"menu_order":0,"comment_status":"closed","ping_status":"closed","template":"","meta":{"_acf_changed":false,"footnotes":""},"class_list":["post-4304","page","type-page","status-publish","hentry"],"acf":[],"_links":{"self":[{"href":"https:\/\/1800hurt911co.com\/es\/wp-json\/wp\/v2\/pages\/4304","targetHints":{"allow":["GET"]}}],"collection":[{"href":"https:\/\/1800hurt911co.com\/es\/wp-json\/wp\/v2\/pages"}],"about":[{"href":"https:\/\/1800hurt911co.com\/es\/wp-json\/wp\/v2\/types\/page"}],"author":[{"embeddable":true,"href":"https:\/\/1800hurt911co.com\/es\/wp-json\/wp\/v2\/users\/34"}],"replies":[{"embeddable":true,"href":"https:\/\/1800hurt911co.com\/es\/wp-json\/wp\/v2\/comments?post=4304"}],"version-history":[{"count":2,"href":"https:\/\/1800hurt911co.com\/es\/wp-json\/wp\/v2\/pages\/4304\/revisions"}],"predecessor-version":[{"id":4306,"href":"https:\/\/1800hurt911co.com\/es\/wp-json\/wp\/v2\/pages\/4304\/revisions\/4306"}],"up":[{"embeddable":true,"href":"https:\/\/1800hurt911co.com\/es\/wp-json\/wp\/v2\/pages\/4267"}],"wp:attachment":[{"href":"https:\/\/1800hurt911co.com\/es\/wp-json\/wp\/v2\/media?parent=4304"}],"curies":[{"name":"wp","href":"https:\/\/api.w.org\/{rel}","templated":true}]}}