{"id":4310,"date":"2024-09-11T11:17:45","date_gmt":"2024-09-11T15:17:45","guid":{"rendered":"https:\/\/1800hurt911co.com\/colorado-springs\/colorado-springs-accidente-de-scooter\/"},"modified":"2024-10-02T00:06:00","modified_gmt":"2024-10-02T06:06:00","slug":"colorado-springs-accidente-de-scooter","status":"publish","type":"page","link":"https:\/\/1800hurt911co.com\/es\/colorado-springs\/colorado-springs-accidente-de-scooter\/","title":{"rendered":"Colorado Springs Accidente de scooter"},"content":{"rendered":"<h2>Qu\u00e9 hacer despu\u00e9s de un accidente de scooter en Colorado Springs<\/h2>\n<p>Experimentar un accidente de scooter puede ser abrumador. Saber los pasos correctos a tomar puede ayudarle a navegar las secuelas con eficacia. He aqu\u00ed una gu\u00eda para ayudarle a manejar la situaci\u00f3n.<\/p>\n<h3>1. Medidas inmediatas a tomar despu\u00e9s de un accidente de scooter<\/h3>\n<ul>\n<li><strong>Llame al 911<\/strong>: Si alguien resulta herido, lo primero que debe hacer es ponerse en contacto con los servicios de emergencia. La atenci\u00f3n m\u00e9dica inmediata puede ser cr\u00edtica.<\/li>\n<li><strong>Recopila informaci\u00f3n<\/strong>: Recopila detalles de la otra parte implicada. Esto incluye nombres, informaci\u00f3n de contacto y datos del seguro.<\/li>\n<li><strong>Documente el lugar del accidente<\/strong>: Haz fotos del lugar del accidente. Capta los da\u00f1os de tu scooter y de los veh\u00edculos implicados, as\u00ed como las lesiones visibles. Anota tambi\u00e9n la informaci\u00f3n de los testigos.<\/li>\n<\/ul>\n<p>Busque una evaluaci\u00f3n m\u00e9dica inmediata: Aunque te encuentres bien, es aconsejable que te examine un profesional sanitario. Las lesiones pueden no ser evidentes de inmediato.<\/p>\n<h3>2. Conozca sus derechos seg\u00fan la ley de Colorado<\/h3>\n<ul>\n<li><strong>Derecho a tratamiento m\u00e9dico<\/strong>: Usted tiene derecho a recibir atenci\u00f3n m\u00e9dica por sus lesiones. Esto es crucial para su salud y para documentar su caso.<\/li>\n<li><strong>Derecho a Reparar su Scooter<\/strong>: Si su scooter est\u00e1 da\u00f1ado, usted tiene derecho a que sea reparado o reemplazado.<br \/>\nImportancia de la documentaci\u00f3n: Documentar tus lesiones y tratamiento es vital. Esta informaci\u00f3n respaldar\u00e1 su caso de indemnizaci\u00f3n.<\/li>\n<\/ul>\n<h3>3. C\u00f3mo prepararse para un accidente de scooter<\/h3>\n<ul>\n<li><strong>Tenga a mano su p\u00f3liza de seguro<\/strong>: Tenga siempre a mano una copia de su p\u00f3liza de seguro. Esto asegura que usted puede proporcionar la informaci\u00f3n necesaria cuando sea necesario.<\/li>\n<li><strong>Aseg\u00farese una cobertura adecuada<\/strong>: Revise su seguro para asegurarse de que tiene suficiente cobertura, incluyendo MedPay para gastos m\u00e9dicos.<\/li>\n<li><strong>Conozca a sus proveedores m\u00e9dicos<\/strong>: Familiar\u00edcese con los proveedores m\u00e9dicos locales especializados en lesiones por accidente. Esto puede acelerar su proceso de tratamiento.<\/li>\n<\/ul>\n<p>Siguiendo estos pasos, usted puede manejar con eficacia las secuelas de un accidente de scooter. Tomar medidas r\u00e1pidas no s\u00f3lo ayuda en su recuperaci\u00f3n, sino que tambi\u00e9n fortalece su caso de compensaci\u00f3n. Si necesita m\u00e1s ayuda, considere la posibilidad de llegar a un centro local de tratamiento de lesiones para la orientaci\u00f3n y el apoyo.<\/p>\n<h2>Tratamiento integral de lesiones por accidente de scooter<\/h2>\n<p><img fetchpriority=\"high\" decoding=\"async\" class=\"alignnone wp-image-2526 size-full\" src=\"https:\/\/1800hurt911co.com\/wp-content\/uploads\/2024\/09\/shutterstock_1980039440.webp\" alt=\"Scooter Accident, Colorado Springs Scooter Accident Treatment\" width=\"500\" height=\"334\" srcset=\"https:\/\/1800hurt911co.com\/wp-content\/uploads\/2024\/09\/shutterstock_1980039440.webp 500w, https:\/\/1800hurt911co.com\/wp-content\/uploads\/2024\/09\/shutterstock_1980039440-300x200.webp 300w\" sizes=\"(max-width: 500px) 100vw, 500px\" \/><\/p>\n<h2>La importancia de una evaluaci\u00f3n m\u00e9dica temprana<\/h2>\n<p>Despu\u00e9s de un accidente de scooter, la atenci\u00f3n m\u00e9dica inmediata es crucial. Aunque te encuentres bien, los s\u00edntomas pueden aparecer d\u00edas o incluso semanas despu\u00e9s. Un diagn\u00f3stico precoz es vital. Puede ayudar a identificar problemas que podr\u00edan dar lugar a complicaciones a largo plazo si no se tratan. Buscar atenci\u00f3n m\u00e9dica con prontitud asegura que las lesiones sean evaluadas y documentadas, sentando las bases para su recuperaci\u00f3n.<\/p>\n<h3>Nuestro enfoque integrado para el tratamiento de lesiones por accidente de scooter<\/h3>\n<p>En el Centro de Lesiones Hurt 911 Colorado, tomamos un enfoque hol\u00edstico para el tratamiento. Nuestros servicios combinan atenci\u00f3n m\u00e9dica, ajustes quiropr\u00e1cticos y programas de rehabilitaci\u00f3n adaptados a sus necesidades espec\u00edficas. Utilizamos herramientas de diagn\u00f3stico avanzadas, incluyendo rayos X y resonancias magn\u00e9ticas, para evaluar con precisi\u00f3n las lesiones y desarrollar planes de tratamiento eficaces. Este m\u00e9todo integrado asegura que usted reciba una atenci\u00f3n integral destinada a facilitar una recuperaci\u00f3n sin problemas.<\/p>\n<h3>Lesiones comunes de accidentes de scooter que tratamos<\/h3>\n<p>Los accidentes de scooter pueden conducir a una variedad de lesiones. Algunas de las m\u00e1s comunes incluyen:<\/p>\n<ul>\n<li>Latigazo cervical<\/li>\n<li>Conmociones cerebrales<\/li>\n<li>Lesiones de espalda baja<\/li>\n<li>Esguinces cervicales<\/li>\n<li>Nervios pinzados<\/li>\n<li>Lesiones de hombro<\/li>\n<\/ul>\n<p>Cada lesi\u00f3n requiere una estrategia de tratamiento \u00fanica. Nuestro equipo est\u00e1 preparado para afrontar estos retos, garantizando que usted reciba la atenci\u00f3n adecuada a su situaci\u00f3n espec\u00edfica. Nuestro objetivo es ayudarle a recuperar su fuerza y volver a sus actividades diarias lo m\u00e1s r\u00e1pidamente posible.<\/p>\n<h2>\u00bfPor qu\u00e9 elija los centros de lesi\u00f3n de Hurt 911 Colorado?<\/h2>\n<p>En los centros de lesi\u00f3n de Hurt 911 Colorado, entendemos los desaf\u00edos hechos frente por los individuos implicados en accidentes del scooter. Nuestra comisi\u00f3n a proporcionar cuidado excepcional nos fija aparte en Colorado Springs.<\/p>\n<h3>Nuestra experiencia en el tratamiento de lesiones por accidentes de scooter<\/h3>\n<p>Nuestro equipo est\u00e1 formado por m\u00e9dicos altamente cualificados y quiropr\u00e1cticos que se especializan en el tratamiento de lesiones relacionadas con accidentes. Tenemos un historial probado de la gesti\u00f3n eficaz de los casos de lesiones personales. Esta experiencia nos permite ofrecer un tratamiento espec\u00edfico que se ocupa de las necesidades espec\u00edficas de las v\u00edctimas de accidentes de scooter.<\/p>\n<h3>Manejamos todo para usted<\/h3>\n<p>Navegar por las secuelas de un accidente puede ser abrumador. Simplificamos el proceso mediante la asistencia con las reclamaciones de seguros y documentaci\u00f3n legal. Adem\u00e1s, ofrecemos transporte gratuito desde y hacia nuestras oficinas, asegurando que usted puede centrarse en su recuperaci\u00f3n sin estr\u00e9s a\u00f1adido.<\/p>\n<h3>Trabajando con su abogado<\/h3>\n<p>Creemos en un enfoque de colaboraci\u00f3n. Nuestro equipo trabaja en estrecha colaboraci\u00f3n con su abogado de lesiones personales para garantizar que toda la documentaci\u00f3n necesaria se recoge y se presenta. Esta asociaci\u00f3n asegura que usted reciba la compensaci\u00f3n que merece por sus lesiones y p\u00e9rdidas. La elecci\u00f3n de Hurt 911 Colorado Injury Centers significa la elecci\u00f3n de un socio dedicado en su viaje de recuperaci\u00f3n. Estamos aqu\u00ed para apoyarle en cada paso del camino.<\/p>\n<h2>Nuestros servicios de tratamiento<\/h2>\n<h3>Atenci\u00f3n M\u00e9dica y Servicios de Diagn\u00f3stico<\/h3>\n<p>En los Centros de Lesiones Hurt 911 Colorado, damos prioridad a su recuperaci\u00f3n a trav\u00e9s de una atenci\u00f3n m\u00e9dica integral. Nuestro equipo lleva a cabo ex\u00e1menes exhaustivos para evaluar su condici\u00f3n con precisi\u00f3n. Creamos planes de tratamiento individualizados que se adaptan a sus necesidades espec\u00edficas. Para garantizar una evaluaci\u00f3n precisa de la lesi\u00f3n, utilizamos herramientas de diagn\u00f3stico avanzadas, como radiograf\u00edas y resonancias magn\u00e9ticas. Este enfoque nos permite identificar el alcance de sus lesiones y formular estrategias de tratamiento eficaces.<\/p>\n<h3>Quiropr\u00e1ctica y fisioterapia<\/h3>\n<p>El cuidado quiropr\u00e1ctico es parte integral de nuestra oferta de tratamiento. Nuestros quiropr\u00e1cticos expertos se centran en aliviar el dolor y reducir la inflamaci\u00f3n, que es esencial para una recuperaci\u00f3n exitosa. Tambi\u00e9n ofrecemos programas de fisioterapia personalizados que est\u00e1n dise\u00f1ados para promover la curaci\u00f3n a largo plazo. Estos programas a medida tienen como objetivo mejorar su movilidad y restaurar la funci\u00f3n, ayud\u00e1ndole a volver a sus actividades diarias tan pronto como sea posible.<\/p>\n<h3>Servicios de apoyo adicionales<\/h3>\n<p>Entendemos que navegar por las secuelas de un accidente de scooter puede ser abrumador. Es por eso que ofrecemos transporte gratuito para sus citas m\u00e9dicas y consultas legales. Nuestro equipo est\u00e1 aqu\u00ed para ayudarle con las reclamaciones de seguros y procesos legales, asegurando que usted reciba el apoyo que necesita durante este tiempo dif\u00edcil. Trabajamos diligentemente para hacer que su viaje de recuperaci\u00f3n sea lo m\u00e1s suave posible, permiti\u00e9ndole centrarse en la curaci\u00f3n.<\/p>\n<h2>Contacte con nosotros para asistencia inmediata<\/h2>\n<p><img decoding=\"async\" class=\"alignnone wp-image-2064\" src=\"https:\/\/1800hurt911co.com\/wp-content\/uploads\/2020\/12\/banner-bg1-copy-1024x254.webp\" alt=\"Hurt911 Logo\" width=\"500\" height=\"124\" srcset=\"https:\/\/1800hurt911co.com\/wp-content\/uploads\/2020\/12\/banner-bg1-copy-1024x254.webp 1024w, https:\/\/1800hurt911co.com\/wp-content\/uploads\/2020\/12\/banner-bg1-copy-300x75.webp 300w, https:\/\/1800hurt911co.com\/wp-content\/uploads\/2020\/12\/banner-bg1-copy-768x191.webp 768w, https:\/\/1800hurt911co.com\/wp-content\/uploads\/2020\/12\/banner-bg1-copy-1536x382.webp 1536w, https:\/\/1800hurt911co.com\/wp-content\/uploads\/2020\/12\/banner-bg1-copy.webp 1920w\" sizes=\"(max-width: 500px) 100vw, 500px\" \/><\/p>\n<h3>Programe su cita hoy<\/h3>\n<p>Si usted ha estado implicado en un accidente de scooter, no espere para buscar ayuda. Nuestro equipo en Hurt 911 Colorado Injury Centers est\u00e1 listo para ayudarle. P\u00f3ngase en contacto con nosotros llamando al [tel\u00e9fono]. Tambi\u00e9n puede enviar un formulario de solicitud de cita en l\u00ednea para su conveniencia. Damos prioridad a su salud y recuperaci\u00f3n. Estamos orgullosos de servir a la mayor \u00e1rea metropolitana de Denver, incluyendo Colorado Springs. Nuestras m\u00faltiples ubicaciones le facilitan el acceso a la atenci\u00f3n que necesita sin estr\u00e9s a\u00f1adido. D\u00e9 el primer paso hacia la recuperaci\u00f3n hoy mismo. P\u00f3ngase en contacto con el Centro de Lesiones Hurt 911 Colorado para recibir un tratamiento integral por accidente de scooter. Perm\u00edtanos ayudarle a navegar por el camino hacia una vida sin dolor. Su bienestar es nuestra prioridad, y estamos aqu\u00ed para apoyarle en cada paso del camino.<\/p>\n<h3>Tome el primer paso hacia la recuperaci\u00f3n<\/h3>\n<p>Si usted ha estado implicado en un accidente de scooter, es crucial actuar r\u00e1pidamente. P\u00f3ngase en contacto con el Centro de Lesiones Hurt 911 Colorado para recibir un tratamiento completo y eficaz adaptado a sus necesidades. Nuestro equipo dedicado est\u00e1 aqu\u00ed para asistirle en la navegaci\u00f3n del proceso de recuperaci\u00f3n. Nos especializamos en el tratamiento de lesiones por accidente de scooter, asegurando que usted reciba la atenci\u00f3n m\u00e9dica necesaria para facilitar la curaci\u00f3n. Nuestros servicios cubren todo, desde las evaluaciones de diagn\u00f3stico a la rehabilitaci\u00f3n, proporcionando un enfoque integral para su recuperaci\u00f3n. No deje que el impacto de su accidente perdure. P\u00f3ngase en contacto con nosotros hoy mismo. Deje que nuestros experimentados profesionales le gu\u00eden de vuelta a una vida sin dolor. Usted se merece la mejor atenci\u00f3n y apoyo. Ll\u00e1menos o rellene nuestro formulario de solicitud de cita en l\u00ednea para comenzar su viaje hacia la recuperaci\u00f3n.<\/p>\n","protected":false},"excerpt":{"rendered":"<p>Qu\u00e9 hacer despu\u00e9s de un accidente de scooter en Colorado Springs Experimentar un accidente de scooter puede ser abrumador. Saber los pasos correctos a tomar puede ayudarle a navegar las secuelas con eficacia. He aqu\u00ed una gu\u00eda para ayudarle a manejar la situaci\u00f3n. 1. Medidas inmediatas a tomar despu\u00e9s de un accidente de scooter Llame [&hellip;]<\/p>\n","protected":false},"author":34,"featured_media":0,"parent":4267,"menu_order":0,"comment_status":"closed","ping_status":"closed","template":"","meta":{"_acf_changed":false,"footnotes":""},"class_list":["post-4310","page","type-page","status-publish","hentry"],"acf":[],"_links":{"self":[{"href":"https:\/\/1800hurt911co.com\/es\/wp-json\/wp\/v2\/pages\/4310","targetHints":{"allow":["GET"]}}],"collection":[{"href":"https:\/\/1800hurt911co.com\/es\/wp-json\/wp\/v2\/pages"}],"about":[{"href":"https:\/\/1800hurt911co.com\/es\/wp-json\/wp\/v2\/types\/page"}],"author":[{"embeddable":true,"href":"https:\/\/1800hurt911co.com\/es\/wp-json\/wp\/v2\/users\/34"}],"replies":[{"embeddable":true,"href":"https:\/\/1800hurt911co.com\/es\/wp-json\/wp\/v2\/comments?post=4310"}],"version-history":[{"count":2,"href":"https:\/\/1800hurt911co.com\/es\/wp-json\/wp\/v2\/pages\/4310\/revisions"}],"predecessor-version":[{"id":4312,"href":"https:\/\/1800hurt911co.com\/es\/wp-json\/wp\/v2\/pages\/4310\/revisions\/4312"}],"up":[{"embeddable":true,"href":"https:\/\/1800hurt911co.com\/es\/wp-json\/wp\/v2\/pages\/4267"}],"wp:attachment":[{"href":"https:\/\/1800hurt911co.com\/es\/wp-json\/wp\/v2\/media?parent=4310"}],"curies":[{"name":"wp","href":"https:\/\/api.w.org\/{rel}","templated":true}]}}