{"id":4313,"date":"2024-09-11T11:39:27","date_gmt":"2024-09-11T15:39:27","guid":{"rendered":"https:\/\/1800hurt911co.com\/colorado-springs\/colorado-springs-resbalones-y-caidas\/"},"modified":"2024-10-02T00:12:17","modified_gmt":"2024-10-02T06:12:17","slug":"colorado-springs-resbalones-y-caidas","status":"publish","type":"page","link":"https:\/\/1800hurt911co.com\/es\/colorado-springs\/colorado-springs-resbalones-y-caidas\/","title":{"rendered":"Colorado Springs Resbalones y ca\u00eddas"},"content":{"rendered":"<h2>Tratamiento del resbal\u00f3n y de la ca\u00edda de Colorado Springs<\/h2>\n<p>En Hurt 911 Colorado Injury Centers, nos especializamos en proporcionar atenci\u00f3n integral a las personas que sufren de lesiones por resbalones y ca\u00eddas. Nuestro equipo entiende el peaje f\u00edsico y emocional que estos accidentes pueden tomar. Estamos comprometidos a ayudarle a recuperarse r\u00e1pida y eficazmente. Nuestros experimentados profesionales est\u00e1n aqu\u00ed para guiarle a trav\u00e9s de cada paso de su viaje de recuperaci\u00f3n. Ofrecemos una gama de servicios adaptados a sus necesidades espec\u00edficas. Desde las evaluaciones iniciales hasta la rehabilitaci\u00f3n continua, nos centramos en su salud y bienestar. Entendemos que cada lesi\u00f3n es diferente, y nos enorgullecemos de ofrecer una atenci\u00f3n personalizada a cada cliente. Nuestro personal dedicado incluye quiropr\u00e1cticos cualificados, fisioterapeutas y profesionales m\u00e9dicos que trabajan en colaboraci\u00f3n para asegurar que usted reciba el mejor tratamiento posible. Nuestro objetivo es aliviar su dolor, restaurar su movilidad, y apoyar su recuperaci\u00f3n general. Tanto si necesita ajustes quiropr\u00e1cticos, fisioterapia o servicios de diagn\u00f3stico, estamos aqu\u00ed para ayudarle a recuperar su fuerza y confianza. En Hurt 911, damos prioridad a su recuperaci\u00f3n y nos esforzamos para que el proceso sea lo m\u00e1s fluido posible. Si usted est\u00e1 lidiando con las secuelas de un accidente de resbal\u00f3n y ca\u00edda, p\u00f3ngase en contacto con nosotros hoy para saber c\u00f3mo podemos ayudarle en su viaje de curaci\u00f3n.<\/p>\n<h2>\u00bfPor qu\u00e9 elegir los centros de lesi\u00f3n de Hurt 911 Colorado?<\/h2>\n<p><img fetchpriority=\"high\" decoding=\"async\" class=\"alignnone wp-image-2528 size-full\" src=\"https:\/\/1800hurt911co.com\/wp-content\/uploads\/2024\/09\/shutterstock_2173813485.webp\" alt=\"Slip and Fall in Colorado Springs\" width=\"500\" height=\"334\" srcset=\"https:\/\/1800hurt911co.com\/wp-content\/uploads\/2024\/09\/shutterstock_2173813485.webp 500w, https:\/\/1800hurt911co.com\/wp-content\/uploads\/2024\/09\/shutterstock_2173813485-300x200.webp 300w\" sizes=\"(max-width: 500px) 100vw, 500px\" \/><\/p>\n<p>Cuando se trata de las secuelas de un accidente de resbal\u00f3n y ca\u00edda, usted necesita un equipo que priorice su recuperaci\u00f3n. En Hurt 911 Colorado Injury Centers, nos dedicamos a proporcionar una atenci\u00f3n excepcional adaptada a sus necesidades espec\u00edficas. Nuestro enfoque combina tratamiento m\u00e9dico, rehabilitaci\u00f3n y apoyo para facilitar su proceso de curaci\u00f3n.<\/p>\n<h3>Experiencia en la que puede confiar<\/h3>\n<p>Nuestros profesionales experimentados entienden los matices de las lesiones por resbalones y ca\u00eddas. Nos especializamos en planes de tratamiento integrales que abordan no s\u00f3lo el dolor inmediato, sino tambi\u00e9n los efectos a largo plazo de sus lesiones. Nuestro equipo multidisciplinar incluye m\u00e9dicos, quiropr\u00e1cticos y fisioterapeutas que trabajan en colaboraci\u00f3n para proporcionarle la mejor atenci\u00f3n posible.<\/p>\n<h3>Enfoque hol\u00edstico de la recuperaci\u00f3n<\/h3>\n<p>Creemos en el tratamiento integral de la persona, no s\u00f3lo de la lesi\u00f3n. Nuestro enfoque va m\u00e1s all\u00e1 del tratamiento f\u00edsico. Tambi\u00e9n abordamos las preocupaciones emocionales y financieras que puedan surgir de su accidente. Mediante la integraci\u00f3n de diversos servicios, creamos un ambiente de apoyo que fomenta la recuperaci\u00f3n y el bienestar.<\/p>\n<h3>Compromiso con la satisfacci\u00f3n del cliente<\/h3>\n<p>En Hurt 911, la satisfacci\u00f3n del cliente es primordial. Nos tomamos el tiempo para escuchar sus preocupaciones y personalizar nuestros servicios para satisfacer sus necesidades individuales. Desde el momento en que cruce nuestras puertas, experimentar\u00e1 una atenci\u00f3n compasiva y una orientaci\u00f3n profesional. Nuestro objetivo es hacer que su viaje de recuperaci\u00f3n lo m\u00e1s suave posible. La elecci\u00f3n de Hurt 911 Colorado Injury Centers significa que usted no es s\u00f3lo otro caso; usted es un cliente valioso. Estamos aqu\u00ed para ayudarle a navegar por los desaf\u00edos de la recuperaci\u00f3n con confianza y apoyo. Perm\u00edtanos ayudarle a recuperar su fuerza y tranquilidad despu\u00e9s de su accidente de resbal\u00f3n y ca\u00edda.<\/p>\n<h2>Nuestros Servicios<\/h2>\n<h3>Tratamiento de lesiones por resbal\u00f3n y ca\u00edda<\/h3>\n<p>En los Centros de Lesiones Hurt 911 Colorado, ofrecemos tratamiento especializado para lesiones por resbalones y ca\u00eddas adaptado a sus necesidades espec\u00edficas. Nuestro equipo experimentado entiende el peaje f\u00edsico y emocional que los accidentes del resbal\u00f3n y de la ca\u00edda pueden tomar. Nos centramos en la atenci\u00f3n integral para promover su recuperaci\u00f3n y bienestar.<\/p>\n<h3>Atenci\u00f3n quiropr\u00e1ctica para lesiones por resbalones y ca\u00eddas<\/h3>\n<p>El cuidado quiropr\u00e1ctico es una parte crucial de nuestro plan de tratamiento para las lesiones por resbalones y ca\u00eddas. Nuestros expertos quiropr\u00e1cticos de Colorado Springs utilizan diversas t\u00e9cnicas para aliviar el dolor, restaurar la movilidad y mejorar la curaci\u00f3n. Nuestro objetivo es abordar la causa ra\u00edz de su malestar, asegurando una recuperaci\u00f3n completa.<\/p>\n<h3>Fisioterapia y Rehabilitaci\u00f3n<\/h3>\n<p>La fisioterapia es esencial para recuperar la fuerza y la funci\u00f3n despu\u00e9s de un accidente de resbal\u00f3n y ca\u00edda. Nuestros dedicados terapeutas crean programas de rehabilitaci\u00f3n individualizados para ayudarle a recuperarse eficazmente. Hacemos hincapi\u00e9 en los ejercicios y t\u00e9cnicas que promueven la curaci\u00f3n y prevenir futuras lesiones.<\/p>\n<h3>Servicios de diagn\u00f3stico: Rayos X, resonancia magn\u00e9tica y m\u00e1s<\/h3>\n<p>El diagn\u00f3stico preciso es vital para un tratamiento eficaz. Ofrecemos servicios avanzados de diagn\u00f3stico, como radiograf\u00edas y resonancias magn\u00e9ticas, para evaluar a fondo sus lesiones. Nuestro equipo utiliza estas herramientas para desarrollar un plan de tratamiento espec\u00edfico que aborda su condici\u00f3n espec\u00edfica y apoya su viaje de recuperaci\u00f3n. En los Centros de Lesiones Hurt 911 Colorado, estamos comprometidos a proporcionar una atenci\u00f3n excepcional para las lesiones por resbalones y ca\u00eddas. Nuestro objetivo es ayudarle a recuperar su calidad de vida y volver a sus actividades diarias lo antes posible.<\/p>\n<h2>Cuidado Especializado<\/h2>\n<p><img decoding=\"async\" class=\"alignnone wp-image-2538 size-full\" src=\"https:\/\/1800hurt911co.com\/wp-content\/uploads\/2024\/09\/shutterstock_2175035941.webp\" alt=\"Colorado Springs Slip and Fall Treatment\" width=\"500\" height=\"334\" srcset=\"https:\/\/1800hurt911co.com\/wp-content\/uploads\/2024\/09\/shutterstock_2175035941.webp 500w, https:\/\/1800hurt911co.com\/wp-content\/uploads\/2024\/09\/shutterstock_2175035941-300x200.webp 300w\" sizes=\"(max-width: 500px) 100vw, 500px\" \/><\/p>\n<p>En Hurt 911 Colorado Injury Centers, damos prioridad a la atenci\u00f3n especializada adaptada a sus necesidades despu\u00e9s de un accidente de resbal\u00f3n y ca\u00edda. Nuestro equipo dedicado en Colorado Springs est\u00e1 equipado para manejar varios aspectos de su recuperaci\u00f3n, asegurando que reciba el mejor tratamiento posible.<\/p>\n<h3>Cuidado Quiropr\u00e1ctico Colorado Springs<\/h3>\n<p>Nuestros quiropr\u00e1cticos de resbalones y ca\u00eddas se centran en aliviar el dolor y restaurar la movilidad. A trav\u00e9s de ajustes y tratamientos espec\u00edficos, nuestro objetivo es abordar la causa ra\u00edz de su malestar. Este enfoque no s\u00f3lo ayuda a aliviar el dolor inmediato, sino que tambi\u00e9n promueve la curaci\u00f3n a largo plazo, lo que le permite volver a sus actividades diarias sin limitaciones.<\/p>\n<h3>Fisioterapia de resbalones y ca\u00eddas<\/h3>\n<p>La fisioterapia es esencial para la recuperaci\u00f3n de las lesiones por resbalones y ca\u00eddas. Nuestros expertos terapeutas desarrollan programas de rehabilitaci\u00f3n personalizados dise\u00f1ados para fortalecer su cuerpo y mejorar la flexibilidad. Estos programas se adaptan a sus lesiones espec\u00edficas, asegurando un proceso de recuperaci\u00f3n integral que mejora su bienestar general.<\/p>\n<h3>Evaluaci\u00f3n de lesiones en Colorado Springs<\/h3>\n<p>Una evaluaci\u00f3n precisa de la lesi\u00f3n es crucial para un tratamiento eficaz. Nuestro equipo lleva a cabo evaluaciones exhaustivas para comprender el alcance de sus lesiones y cualquier problema subyacente. Esta evaluaci\u00f3n informa a su plan de tratamiento, lo que nos permite proporcionar la atenci\u00f3n m\u00e1s eficaz posible. Al identificar todas las \u00e1reas afectadas por el resbal\u00f3n y la ca\u00edda, podemos desarrollar un enfoque hol\u00edstico para su recuperaci\u00f3n. En Hurt 911 Colorado Injury Centers, nos comprometemos a ayudarle a recuperar la salud y la tranquilidad despu\u00e9s de un accidente por resbal\u00f3n y ca\u00edda. Nuestra atenci\u00f3n especializada est\u00e1 dise\u00f1ada para apoyar su viaje de recuperaci\u00f3n en cada paso del camino.<\/p>\n<h2>Asistencia financiera y jur\u00eddica<\/h2>\n<p>Navegar por las secuelas de un accidente de resbal\u00f3n y ca\u00edda puede ser abrumador, especialmente cuando se trata de hacer frente a las cargas financieras y complejidades legales. En Hurt 911 Colorado Injury Centers, entendemos el estr\u00e9s al que est\u00e1 sometido y le ofrecemos orientaci\u00f3n para ayudarle a gestionar estos retos de manera eficaz.<\/p>\n<h3>Trabajar con compa\u00f1\u00edas de seguros<\/h3>\n<p>Nuestro equipo est\u00e1 bien versado en las complejidades de las reclamaciones de seguros relacionadas con lesiones por resbalones y ca\u00eddas. Le ayudamos a reunir la documentaci\u00f3n y las pruebas necesarias para respaldar su reclamaci\u00f3n. Nos comunicaremos con las compa\u00f1\u00edas de seguros en su nombre, asegurando que sus derechos est\u00e9n protegidos y que reciba la compensaci\u00f3n que merece por facturas m\u00e9dicas, salarios perdidos y dolor y sufrimiento. Nuestro objetivo es aliviar la carga de tratar con los ajustadores de seguros para que pueda centrarse en su recuperaci\u00f3n.<\/p>\n<h3>Apoyo legal y referencias<\/h3>\n<p>Adem\u00e1s de nuestros servicios de tratamiento de lesiones, podemos ponerle en contacto con profesionales legales de buena reputaci\u00f3n que se especializan en casos de lesiones personales. Si su situaci\u00f3n requiere acciones legales, contar con un abogado especializado puede marcar una diferencia significativa. Colaboramos con expertos legales de confianza que pueden ayudarle a entender sus derechos y opciones, asegur\u00e1ndose de que est\u00e9 completamente informado durante todo el proceso. Ya sea que necesite ayuda para presentar una demanda o negociar un acuerdo, estamos aqu\u00ed para apoyarle en cada paso del camino. En Hurt 911 Colorado Injury Centers, nuestro objetivo es proporcionar una atenci\u00f3n integral que se ocupa tanto de su recuperaci\u00f3n f\u00edsica y su bienestar financiero. Perm\u00edtanos ayudarle a navegar por las complejidades de su demanda por lesiones por resbal\u00f3n y ca\u00edda mientras usted se centra en curarse.<\/p>\n<h2>Contacte con nosotros<\/h2>\n<p><img decoding=\"async\" class=\"alignnone wp-image-2064\" src=\"https:\/\/1800hurt911co.com\/wp-content\/uploads\/2020\/12\/banner-bg1-copy-1024x254.webp\" alt=\"Hurt911 Logo\" width=\"500\" height=\"124\" srcset=\"https:\/\/1800hurt911co.com\/wp-content\/uploads\/2020\/12\/banner-bg1-copy-1024x254.webp 1024w, https:\/\/1800hurt911co.com\/wp-content\/uploads\/2020\/12\/banner-bg1-copy-300x75.webp 300w, https:\/\/1800hurt911co.com\/wp-content\/uploads\/2020\/12\/banner-bg1-copy-768x191.webp 768w, https:\/\/1800hurt911co.com\/wp-content\/uploads\/2020\/12\/banner-bg1-copy-1536x382.webp 1536w, https:\/\/1800hurt911co.com\/wp-content\/uploads\/2020\/12\/banner-bg1-copy.webp 1920w\" sizes=\"(max-width: 500px) 100vw, 500px\" \/><\/p>\n<p>En <a href=\"\/es\/\">Hurt 911 Colorado Injury Centers<\/a>, damos prioridad a su recuperaci\u00f3n y bienestar. Si usted ha experimentado un accidente de resbal\u00f3n y ca\u00edda, llegar a nosotros es su primer paso hacia la curaci\u00f3n. Nuestro equipo dedicado est\u00e1 aqu\u00ed para escuchar sus preocupaciones y guiarle a trav\u00e9s del proceso de obtenci\u00f3n de la atenci\u00f3n que necesita.<\/p>\n<h3>Programe su consulta gratuita<\/h3>\n<p>Ofrecemos una consulta gratuita para discutir su situaci\u00f3n en detalle. Durante esta reuni\u00f3n, nuestros especialistas evaluar\u00e1n sus lesiones y esbozar\u00e1n el mejor curso de acci\u00f3n. Ya sea que necesite tratamiento para lesiones por resbal\u00f3n y ca\u00edda o atenci\u00f3n quiropr\u00e1ctica, le proporcionaremos un plan claro adaptado a sus necesidades.<\/p>\n<h3>Servicios de transporte gratuitos<\/h3>\n<p>Para que su recuperaci\u00f3n sea lo m\u00e1s llevadera posible, le ofrecemos servicios de transporte gratuitos de ida y vuelta a nuestras instalaciones. Esto garantiza que pueda acudir a sus citas sin el estr\u00e9s a\u00f1adido de los gastos de desplazamiento. Usted debe centrarse en curarse, y nosotros estamos aqu\u00ed para ayudarle en cada paso del camino. No dude en ponerse en contacto con nosotros. Su camino hacia la recuperaci\u00f3n comienza con una simple llamada o mensaje. Perm\u00edtanos ayudarle a recuperar su fuerza y confianza despu\u00e9s de su lesi\u00f3n por resbal\u00f3n y ca\u00edda.<\/p>\n","protected":false},"excerpt":{"rendered":"<p>Tratamiento del resbal\u00f3n y de la ca\u00edda de Colorado Springs En Hurt 911 Colorado Injury Centers, nos especializamos en proporcionar atenci\u00f3n integral a las personas que sufren de lesiones por resbalones y ca\u00eddas. Nuestro equipo entiende el peaje f\u00edsico y emocional que estos accidentes pueden tomar. Estamos comprometidos a ayudarle a recuperarse r\u00e1pida y eficazmente. [&hellip;]<\/p>\n","protected":false},"author":34,"featured_media":0,"parent":4267,"menu_order":0,"comment_status":"closed","ping_status":"closed","template":"","meta":{"_acf_changed":false,"footnotes":""},"class_list":["post-4313","page","type-page","status-publish","hentry"],"acf":[],"_links":{"self":[{"href":"https:\/\/1800hurt911co.com\/es\/wp-json\/wp\/v2\/pages\/4313","targetHints":{"allow":["GET"]}}],"collection":[{"href":"https:\/\/1800hurt911co.com\/es\/wp-json\/wp\/v2\/pages"}],"about":[{"href":"https:\/\/1800hurt911co.com\/es\/wp-json\/wp\/v2\/types\/page"}],"author":[{"embeddable":true,"href":"https:\/\/1800hurt911co.com\/es\/wp-json\/wp\/v2\/users\/34"}],"replies":[{"embeddable":true,"href":"https:\/\/1800hurt911co.com\/es\/wp-json\/wp\/v2\/comments?post=4313"}],"version-history":[{"count":2,"href":"https:\/\/1800hurt911co.com\/es\/wp-json\/wp\/v2\/pages\/4313\/revisions"}],"predecessor-version":[{"id":4315,"href":"https:\/\/1800hurt911co.com\/es\/wp-json\/wp\/v2\/pages\/4313\/revisions\/4315"}],"up":[{"embeddable":true,"href":"https:\/\/1800hurt911co.com\/es\/wp-json\/wp\/v2\/pages\/4267"}],"wp:attachment":[{"href":"https:\/\/1800hurt911co.com\/es\/wp-json\/wp\/v2\/media?parent=4313"}],"curies":[{"name":"wp","href":"https:\/\/api.w.org\/{rel}","templated":true}]}}