{"id":4322,"date":"2024-09-11T07:18:51","date_gmt":"2024-09-11T11:18:51","guid":{"rendered":"https:\/\/1800hurt911co.com\/colorado-springs\/colorado-springs-doctor-de-latigazo-cervical\/"},"modified":"2024-10-02T00:33:33","modified_gmt":"2024-10-02T06:33:33","slug":"colorado-springs-doctor-de-latigazo-cervical","status":"publish","type":"page","link":"https:\/\/1800hurt911co.com\/es\/colorado-springs\/colorado-springs-doctor-de-latigazo-cervical\/","title":{"rendered":"Colorado Springs Doctor de latigazo cervical"},"content":{"rendered":"<h2>Acelere su recuperaci\u00f3n con un doctor del latigazo de Colorado Springs<\/h2>\n<p>En Hurt 911 Colorado Injury Centers, hacemos hincapi\u00e9 en la importancia de una pronta evaluaci\u00f3n y atenci\u00f3n de las lesiones por latigazo cervical. Nuestro equipo experimentado se dedica a proporcionar el apoyo y el tratamiento necesarios para ayudarle a recuperar su salud y volver a su vida normal.<\/p>\n<h2>Comprender el latigazo cervical y su impacto<\/h2>\n<p><img fetchpriority=\"high\" decoding=\"async\" class=\"alignnone wp-image-2529 size-full\" src=\"https:\/\/1800hurt911co.com\/wp-content\/uploads\/2024\/09\/shutterstock_2208907231.webp\" alt=\"Colorado Springs Whiplash Doctor, Driver With Whiplash\" width=\"500\" height=\"334\" srcset=\"https:\/\/1800hurt911co.com\/wp-content\/uploads\/2024\/09\/shutterstock_2208907231.webp 500w, https:\/\/1800hurt911co.com\/wp-content\/uploads\/2024\/09\/shutterstock_2208907231-300x200.webp 300w\" sizes=\"(max-width: 500px) 100vw, 500px\" \/><\/p>\n<p>El latigazo cervical es una lesi\u00f3n habitual del cuello que suele producirse por movimientos bruscos, sobre todo en accidentes de tr\u00e1fico. Cuando un veh\u00edculo choca por detr\u00e1s, la fuerza puede hacer que la cabeza se mueva r\u00e1pidamente hacia delante y hacia atr\u00e1s, forzando los m\u00fasculos y ligamentos del cuello. Esta lesi\u00f3n puede provocar dolor y malestar significativos, afectando a las actividades diarias y a la calidad de vida en general. En Colorado Springs, las lesiones de latigazo cervical se ven con frecuencia en las v\u00edctimas de accidentes de coche, por lo que es esencial para entender sus implicaciones. Muchos pacientes experimentan s\u00edntomas que pueden variar en intensidad. Estos pueden incluir rigidez en el cuello, dolores de cabeza, mareos y espasmos musculares. Durante la fase aguda, son frecuentes s\u00edntomas iniciales como limitaci\u00f3n de la amplitud de movimiento, dolor y malestar. Tratar el latigazo cervical en su fase aguda es crucial, ya que los quiropr\u00e1cticos pueden utilizar t\u00e9cnicas suaves como estiramientos y ultrasonidos para controlar la inflamaci\u00f3n. El impacto de una lesi\u00f3n por latigazo cervical va m\u00e1s all\u00e1 del dolor inmediato. Si no se trata, puede provocar problemas cr\u00f3nicos que afecten a la movilidad y la funcionalidad. Esto puede aumentar el riesgo de complicaciones a largo plazo, como dolor de cuello persistente y reducci\u00f3n de la amplitud de movimiento. Comprender la naturaleza del latigazo cervical y sus posibles efectos es el primer paso para buscar el tratamiento y la recuperaci\u00f3n adecuados.<\/p>\n<h2>Por qu\u00e9 es crucial el tratamiento inmediato<\/h2>\n<p>Recibir tratamiento inmediato para el latigazo cervical y otras lesiones automovil\u00edsticas es esencial. Ignorar esta lesi\u00f3n puede dar lugar a una serie de complicaciones que pueden empeorar con el tiempo. Muchos pacientes subestiman la gravedad de su dolencia, pensando que el dolor desaparecer\u00e1 sin m\u00e1s. Sin embargo, esta idea err\u00f3nea puede provocar molestias prolongadas e incluso dolor cr\u00f3nico. Cuando se sufre un latigazo cervical, los m\u00fasculos y ligamentos del cuello sufren un traumatismo. Es importante determinar si sus s\u00edntomas constituyen una urgencia m\u00e9dica. Si los s\u00edntomas son graves, es necesaria una atenci\u00f3n inmediata. Si no se considera una urgencia m\u00e9dica, debe concertar una cita para su evaluaci\u00f3n y tratamiento. Retrasar el tratamiento puede provocar espasmos musculares, reducci\u00f3n de la movilidad y aumento del dolor. Una intervenci\u00f3n temprana ayuda a tratar estos problemas antes de que se agraven. Una visita a un equipo quiropr\u00e1ctico cualificado puede ayudar a restaurar la funci\u00f3n y aliviar el dolor r\u00e1pidamente. Adem\u00e1s, un latigazo cervical no tratado puede tener efectos a largo plazo que pueden afectar a su calidad de vida. El dolor de cuello cr\u00f3nico, los dolores de cabeza y la dificultad para realizar las actividades diarias pueden convertirse en parte de su realidad si no busca atenci\u00f3n. El tratamiento oportuno no s\u00f3lo trata los s\u00edntomas inmediatos, sino que tambi\u00e9n previene posibles complicaciones a largo plazo. En resumen, es vital recibir atenci\u00f3n inmediata para las lesiones por latigazo cervical. Protege su salud y garantiza que pueda retomar sus actividades normales sin la carga del dolor continuo. No espere, p\u00f3ngase en contacto con los Centros de Lesiones Hurt 911 Colorado hoy mismo para comenzar su viaje de recuperaci\u00f3n.<\/p>\n<h2>Tratamiento comprensivo del latigazo cervical en los centros de lesi\u00f3n de Hurt 911 Colorado<\/h2>\n<p>En los Centros de Lesiones Hurt 911 Colorado, entendemos los desaf\u00edos a los que se enfrentan aquellos que sufren de lesiones por latigazo cervical. Nuestro enfoque integral del tratamiento est\u00e1 dise\u00f1ado para abordar las necesidades inmediatas y a largo plazo de nuestros pacientes. Damos prioridad a su recuperaci\u00f3n, para que pueda volver a sus actividades diarias tan r\u00e1pido y sin dolor como sea posible.<\/p>\n<h3>Servicios de diagn\u00f3stico: Rayos X, resonancia magn\u00e9tica y m\u00e1s<\/h3>\n<p>Un diagn\u00f3stico preciso es el primer paso para un tratamiento eficaz del latigazo cervical. Nuestras instalaciones est\u00e1n equipadas con herramientas de diagn\u00f3stico avanzadas, incluyendo rayos X y resonancias magn\u00e9ticas, para evaluar el alcance de sus lesiones. Estos servicios de imagen nos ayudan a identificar cualquier problema subyacente con los m\u00fasculos del cuello y los tejidos circundantes, lo que nos permite crear un plan de tratamiento espec\u00edfico.<\/p>\n<h3>Atenci\u00f3n quiropr\u00e1ctica para lesiones por latigazo cervical<\/h3>\n<p>Nuestros quiropr\u00e1cticos expertos se especializan en el tratamiento de lesiones por latigazo cervical a trav\u00e9s de un tratamiento quiropr\u00e1ctico suave y eficaz. Nos centramos en realinear la columna vertebral y aliviar la presi\u00f3n en el cuello. Este enfoque pr\u00e1ctico puede ayudar a reducir el dolor, mejorar la movilidad y promover la curaci\u00f3n. Muchos pacientes reportan mejoras significativas despu\u00e9s de s\u00f3lo unas pocas sesiones.<\/p>\n<h3>Fisioterapia para la recuperaci\u00f3n del latigazo cervical<\/h3>\n<p>Adem\u00e1s de la atenci\u00f3n quiropr\u00e1ctica, ofrecemos programas de fisioterapia personalizados adaptados a sus necesidades espec\u00edficas. Nuestros fisioterapeutas trabajan con usted para fortalecer los m\u00fasculos del cuello, mejorar la flexibilidad y reducir los espasmos musculares. Este proceso de rehabilitaci\u00f3n es esencial para restaurar la funci\u00f3n y prevenir futuras lesiones.<\/p>\n<h3>Atenci\u00f3n M\u00e9dica: Planes de tratamiento a medida<\/h3>\n<p>En Hurt 911, creemos en un enfoque hol\u00edstico para la recuperaci\u00f3n. El latigazo cervical es una lesi\u00f3n com\u00fan despu\u00e9s de un accidente automovil\u00edstico, especialmente cuando las personas son golpeadas por detr\u00e1s. Nuestro equipo m\u00e9dico colabora estrechamente con quiropr\u00e1cticos y fisioterapeutas para desarrollar planes de tratamiento individualizados. Tenemos en cuenta sus circunstancias particulares, incluida la gravedad de su latigazo cervical y las lesiones relacionadas, para proporcionar la atenci\u00f3n m\u00e1s eficaz posible. Con nuestro tratamiento integral de latigazo cervical, usted puede confiar en que est\u00e1 recibiendo el m\u00e1s alto nivel de atenci\u00f3n. Estamos dedicados a ayudarle a recuperarse por completo y recuperar su calidad de vida.<\/p>\n<h2>La diferencia de Hurt 911<\/h2>\n<p><img decoding=\"async\" class=\"alignnone wp-image-2828 size-full\" src=\"https:\/\/1800hurt911co.com\/wp-content\/uploads\/2024\/09\/whiplash-doctor.webp\" alt=\"Whiplash Treatment in Colorado Springs\" width=\"500\" height=\"334\" srcset=\"https:\/\/1800hurt911co.com\/wp-content\/uploads\/2024\/09\/whiplash-doctor.webp 500w, https:\/\/1800hurt911co.com\/wp-content\/uploads\/2024\/09\/whiplash-doctor-300x200.webp 300w\" sizes=\"(max-width: 500px) 100vw, 500px\" \/><\/p>\n<p>En Hurt 911 Colorado Injury Centers, entendemos que lidiar con una lesi\u00f3n de latigazo cervical puede ser abrumador. Nuestro compromiso es proporcionar una atenci\u00f3n integral que da prioridad a su recuperaci\u00f3n. As\u00ed es como destacamos:<\/p>\n<h3>M\u00e9dicos y quiropr\u00e1cticos con experiencia en latigazos cervicales<\/h3>\n<p>Nuestro equipo est\u00e1 formado por profesionales altamente cualificados que se especializan en el tratamiento de lesiones por latigazo cervical. Con a\u00f1os de experiencia, est\u00e1n bien equipados para evaluar su condici\u00f3n y desarrollar planes de tratamiento eficaces adaptados a sus necesidades. Puede confiar en que est\u00e1 en buenas manos.<\/p>\n<h3>M\u00e9todos de tratamiento no invasivos y suaves<\/h3>\n<p>Nos centramos en t\u00e9cnicas no invasivas para promover la curaci\u00f3n. Nuestro cuidado quiropr\u00e1ctico y m\u00e9todos de terapia f\u00edsica est\u00e1n dise\u00f1ados para aliviar el dolor y restaurar la funci\u00f3n sin la necesidad de intervenciones agresivas. Creemos en un enfoque suave que respeta el proceso de curaci\u00f3n natural de su cuerpo.<\/p>\n<h3>Transporte gratuito para facilitar el acceso a la atenci\u00f3n<\/h3>\n<p>Llegar a sus citas no deber\u00eda ser una carga. Ofrecemos servicios de transporte gratuitos para que pueda acceder f\u00e1cilmente a nuestras instalaciones. Esta comodidad le permite centrarse en su recuperaci\u00f3n sin el estr\u00e9s a\u00f1adido de la log\u00edstica del viaje.<\/p>\n<h3>Asistencia legal para reclamaciones de indemnizaci\u00f3n<\/h3>\n<p>Navegar por las secuelas de un accidente de coche puede ser complejo. Nuestro equipo le ofrece asistencia jur\u00eddica para ayudarle a reclamar una indemnizaci\u00f3n por sus lesiones. Trabajamos diligentemente para asegurar que usted reciba el apoyo financiero necesario para ayudar a su recuperaci\u00f3n, lo que le permite centrarse en la curaci\u00f3n en lugar de preocuparse por las facturas.<\/p>\n<p>Elija Hurt 911 Colorado Injury Centers para su tratamiento de latigazo cervical y experimente la diferencia en atenci\u00f3n y apoyo. Su recuperaci\u00f3n es nuestra prioridad.<\/p>\n<h2>\u00bfPor qu\u00e9 elegir los Centros de Lesiones Hurt 911 Colorado?<\/h2>\n<p>Cuando viene al tratamiento del latigazo cervical, elegir el abastecedor derecho es esencial para su recuperaci\u00f3n. En Hurt 911 Colorado Injury Centers, damos prioridad a su salud y bienestar. Nuestro equipo se dedica a proporcionar una atenci\u00f3n integral adaptada a sus necesidades \u00fanicas.<\/p>\n<h3>Nuestro compromiso con la recuperaci\u00f3n del paciente y la compensaci\u00f3n<\/h3>\n<p>Nuestro objetivo principal es ayudarle a recuperarse completamente de su lesi\u00f3n de latigazo cervical. Entendemos el peaje f\u00edsico y emocional que un accidente puede tomar. Es por eso que nos centramos en los planes de tratamiento personalizado que se ocupan de sus s\u00edntomas y preocupaciones espec\u00edficas. Adem\u00e1s, le ayudamos a navegar por las complejidades de las reclamaciones de seguros para asegurarse de que recibe una compensaci\u00f3n justa por sus lesiones.<\/p>\n<h3>Testimonios de pacientes satisfechos<\/h3>\n<p>Muchos pacientes han encontrado alivio y apoyo a trav\u00e9s de nuestros servicios. Ellos aprecian nuestro cuidado atento y m\u00e9todos de tratamiento eficaces. Sus experiencias positivas destacan nuestro compromiso de ayudar a individuos como usted a recuperar su calidad de vida despu\u00e9s de un accidente.<\/p>\n<h3>Ubicaciones convenientes en Colorado Springs y m\u00e1s all\u00e1<\/h3>\n<p>Acceder a una atenci\u00f3n de calidad no deber\u00eda ser una molestia. Los Centros de Lesiones Hurt 911 Colorado tienen m\u00faltiples ubicaciones en el \u00e1rea metropolitana de Denver, incluyendo Colorado Springs, CO. Esto hace que sea f\u00e1cil para usted encontrar atenci\u00f3n quiropr\u00e1ctica para las lesiones de latigazo cervical resultantes de accidentes automovil\u00edsticos. Nuestras convenientes oficinas est\u00e1n dise\u00f1adas para adaptarse a su horario, asegurando que usted pueda centrarse en su recuperaci\u00f3n sin estr\u00e9s a\u00f1adido. Al elegir Hurt 911, no s\u00f3lo est\u00e1 seleccionando un centro de tratamiento; est\u00e1 optando por un socio en su viaje de curaci\u00f3n. Perm\u00edtanos ayudarle a dar el primer paso hacia la recuperaci\u00f3n y un futuro sin dolor.<\/p>\n<h2>D\u00e9 el primer paso hacia la recuperaci\u00f3n<\/h2>\n<p><img decoding=\"async\" class=\"alignnone wp-image-2064\" src=\"https:\/\/1800hurt911co.com\/wp-content\/uploads\/2020\/12\/banner-bg1-copy-1024x254.webp\" alt=\"Hurt911 Logo\" width=\"500\" height=\"124\" srcset=\"https:\/\/1800hurt911co.com\/wp-content\/uploads\/2020\/12\/banner-bg1-copy-1024x254.webp 1024w, https:\/\/1800hurt911co.com\/wp-content\/uploads\/2020\/12\/banner-bg1-copy-300x75.webp 300w, https:\/\/1800hurt911co.com\/wp-content\/uploads\/2020\/12\/banner-bg1-copy-768x191.webp 768w, https:\/\/1800hurt911co.com\/wp-content\/uploads\/2020\/12\/banner-bg1-copy-1536x382.webp 1536w, https:\/\/1800hurt911co.com\/wp-content\/uploads\/2020\/12\/banner-bg1-copy.webp 1920w\" sizes=\"(max-width: 500px) 100vw, 500px\" \/><\/p>\n<p>Si usted ha experimentado una lesi\u00f3n de latigazo cervical, tomar medidas es esencial para su recuperaci\u00f3n. En Hurt 911 Colorado Injury Centers, hacemos que la programaci\u00f3n de su cita sea sencilla y sin complicaciones. Aqu\u00ed est\u00e1 c\u00f3mo usted puede comenzar en su camino a la curaci\u00f3n.<\/p>\n<h3>C\u00f3mo programar su cita<\/h3>\n<p>Usted puede programar f\u00e1cilmente su cita llamando a nuestra oficina o rellenando nuestro formulario en l\u00ednea. Nuestro amable personal le ayudar\u00e1 a encontrar un momento que funcione mejor para usted. Entendemos que despu\u00e9s de un accidente de auto, usted puede tener muchas preocupaciones. Es por eso que damos prioridad a la flexibilidad y comodidad.<\/p>\n<h3>Qu\u00e9 esperar durante su primera visita<\/h3>\n<p>Durante su visita inicial, usted recibir\u00e1 una evaluaci\u00f3n completa de nuestros m\u00e9dicos con experiencia en latigazo cervical y quiropr\u00e1cticos, haciendo hincapi\u00e9 en la importancia de buscar tratamiento inmediato para el latigazo cervical en Colorado Springs. Vamos a discutir sus s\u00edntomas, historial m\u00e9dico, y cualquier dolor que pueda estar experimentando. Los servicios de diagn\u00f3stico, tales como radiograf\u00edas o resonancias magn\u00e9ticas, se puede realizar para evaluar el alcance de sus lesiones. Este enfoque exhaustivo nos permite crear un plan de tratamiento personalizado adaptado a sus necesidades espec\u00edficas.<\/p>\n<h3>P\u00f3ngase en contacto con nosotros hoy mismo para un tratamiento experto del latigazo cervical<\/h3>\n<p>No deje que una lesi\u00f3n por latigazo cervical le detenga por m\u00e1s tiempo. P\u00f3ngase en contacto con el Centro de Lesiones Hurt 911 Colorado hoy mismo para dar el primer paso hacia la recuperaci\u00f3n. Nuestro equipo dedicado est\u00e1 aqu\u00ed para apoyarle a trav\u00e9s de cada etapa de su proceso de curaci\u00f3n. P\u00f3ngase en contacto ahora y perm\u00edtanos ayudarle a recuperar su calidad de vida.<\/p>\n","protected":false},"excerpt":{"rendered":"<p>Acelere su recuperaci\u00f3n con un doctor del latigazo de Colorado Springs En Hurt 911 Colorado Injury Centers, hacemos hincapi\u00e9 en la importancia de una pronta evaluaci\u00f3n y atenci\u00f3n de las lesiones por latigazo cervical. Nuestro equipo experimentado se dedica a proporcionar el apoyo y el tratamiento necesarios para ayudarle a recuperar su salud y volver [&hellip;]<\/p>\n","protected":false},"author":34,"featured_media":0,"parent":4267,"menu_order":0,"comment_status":"closed","ping_status":"closed","template":"","meta":{"_acf_changed":false,"footnotes":""},"class_list":["post-4322","page","type-page","status-publish","hentry"],"acf":[],"_links":{"self":[{"href":"https:\/\/1800hurt911co.com\/es\/wp-json\/wp\/v2\/pages\/4322","targetHints":{"allow":["GET"]}}],"collection":[{"href":"https:\/\/1800hurt911co.com\/es\/wp-json\/wp\/v2\/pages"}],"about":[{"href":"https:\/\/1800hurt911co.com\/es\/wp-json\/wp\/v2\/types\/page"}],"author":[{"embeddable":true,"href":"https:\/\/1800hurt911co.com\/es\/wp-json\/wp\/v2\/users\/34"}],"replies":[{"embeddable":true,"href":"https:\/\/1800hurt911co.com\/es\/wp-json\/wp\/v2\/comments?post=4322"}],"version-history":[{"count":2,"href":"https:\/\/1800hurt911co.com\/es\/wp-json\/wp\/v2\/pages\/4322\/revisions"}],"predecessor-version":[{"id":4324,"href":"https:\/\/1800hurt911co.com\/es\/wp-json\/wp\/v2\/pages\/4322\/revisions\/4324"}],"up":[{"embeddable":true,"href":"https:\/\/1800hurt911co.com\/es\/wp-json\/wp\/v2\/pages\/4267"}],"wp:attachment":[{"href":"https:\/\/1800hurt911co.com\/es\/wp-json\/wp\/v2\/media?parent=4322"}],"curies":[{"name":"wp","href":"https:\/\/api.w.org\/{rel}","templated":true}]}}