{"id":4325,"date":"2024-09-10T11:34:28","date_gmt":"2024-09-10T15:34:28","guid":{"rendered":"https:\/\/1800hurt911co.com\/commerce-city\/"},"modified":"2024-10-02T00:44:01","modified_gmt":"2024-10-02T06:44:01","slug":"commerce-city","status":"publish","type":"page","link":"https:\/\/1800hurt911co.com\/es\/commerce-city\/","title":{"rendered":"Commerce City"},"content":{"rendered":"<p>Commerce City, Colorado, es una comunidad suburbana de r\u00e1pido crecimiento situada al noreste de Denver. Con una poblaci\u00f3n de m\u00e1s de 62.000 habitantes, la ciudad es conocida por su econom\u00eda diversificada, sus zonas residenciales en expansi\u00f3n y una s\u00f3lida base industrial. Establecida originalmente como centro agr\u00edcola y manufacturero, Commerce City se ha transformado en una moderna ciudad suburbana sin perder sus ra\u00edces industriales. Uno de los hitos m\u00e1s reconocibles de Commerce City es el Dick&#8217;s Sporting Goods Park, sede del equipo de f\u00fatbol de la Major League Rapids de Colorado. Este estadio forma parte de un gran complejo en el que tambi\u00e9n se celebran conciertos, actos comunitarios y torneos deportivos juveniles, lo que lo convierte en un punto de encuentro central para la regi\u00f3n. Otra gran atracci\u00f3n es el Refugio Nacional de Vida Silvestre Rocky Mountain Arsenal, un extenso santuario de vida silvestre de 15.000 acres que en su d\u00eda fue un centro militar de fabricaci\u00f3n de armas qu\u00edmicas. Hoy es un refugio para la fauna, que incluye bisontes, ciervos y m\u00e1s de 300 especies de aves, y ofrece a los visitantes la posibilidad de practicar senderismo y avistamiento de animales. La proximidad de Commerce City a las principales autopistas, como la Interestatal 70 y la E-470, la ha convertido en un lugar atractivo para las empresas, sobre todo en los sectores manufacturero, log\u00edstico y energ\u00e9tico. La ciudad tambi\u00e9n alberga la refiner\u00eda Suncor Energy, una de las mayores refiner\u00edas de petr\u00f3leo de la regi\u00f3n de las Monta\u00f1as Rocosas, que desempe\u00f1a un papel importante en la econom\u00eda local. Adem\u00e1s de su crecimiento industrial y empresarial, Commerce City se ha comprometido a ofrecer una alta calidad de vida a sus residentes. La ciudad ha invertido en el desarrollo de parques, instalaciones recreativas y nuevas urbanizaciones, atrayendo a familias y profesionales que buscan viviendas asequibles cerca de Denver. Con su mezcla de fuerza industrial, oportunidades recreativas y crecimiento comunitario, Commerce City sigue evolucionando como un importante suburbio del \u00e1rea metropolitana de Denver.<\/p>\n","protected":false},"excerpt":{"rendered":"<p>Commerce City, Colorado, es una comunidad suburbana de r\u00e1pido crecimiento situada al noreste de Denver. Con una poblaci\u00f3n de m\u00e1s de 62.000 habitantes, la ciudad es conocida por su econom\u00eda diversificada, sus zonas residenciales en expansi\u00f3n y una s\u00f3lida base industrial. Establecida originalmente como centro agr\u00edcola y manufacturero, Commerce City se ha transformado en una [&hellip;]<\/p>\n","protected":false},"author":34,"featured_media":4012,"parent":0,"menu_order":0,"comment_status":"closed","ping_status":"closed","template":"","meta":{"_acf_changed":false,"footnotes":""},"class_list":["post-4325","page","type-page","status-publish","has-post-thumbnail","hentry"],"acf":[],"_links":{"self":[{"href":"https:\/\/1800hurt911co.com\/es\/wp-json\/wp\/v2\/pages\/4325","targetHints":{"allow":["GET"]}}],"collection":[{"href":"https:\/\/1800hurt911co.com\/es\/wp-json\/wp\/v2\/pages"}],"about":[{"href":"https:\/\/1800hurt911co.com\/es\/wp-json\/wp\/v2\/types\/page"}],"author":[{"embeddable":true,"href":"https:\/\/1800hurt911co.com\/es\/wp-json\/wp\/v2\/users\/34"}],"replies":[{"embeddable":true,"href":"https:\/\/1800hurt911co.com\/es\/wp-json\/wp\/v2\/comments?post=4325"}],"version-history":[{"count":3,"href":"https:\/\/1800hurt911co.com\/es\/wp-json\/wp\/v2\/pages\/4325\/revisions"}],"predecessor-version":[{"id":4328,"href":"https:\/\/1800hurt911co.com\/es\/wp-json\/wp\/v2\/pages\/4325\/revisions\/4328"}],"wp:featuredmedia":[{"embeddable":true,"href":"https:\/\/1800hurt911co.com\/es\/wp-json\/wp\/v2\/media\/4012"}],"wp:attachment":[{"href":"https:\/\/1800hurt911co.com\/es\/wp-json\/wp\/v2\/media?parent=4325"}],"curies":[{"name":"wp","href":"https:\/\/api.w.org\/{rel}","templated":true}]}}