{"id":4329,"date":"2024-09-16T12:59:18","date_gmt":"2024-09-16T16:59:18","guid":{"rendered":"https:\/\/1800hurt911co.com\/commerce-city\/commerce-city-accidente-de-autobus\/"},"modified":"2024-10-02T00:51:52","modified_gmt":"2024-10-02T06:51:52","slug":"commerce-city-accidente-de-autobus","status":"publish","type":"page","link":"https:\/\/1800hurt911co.com\/es\/commerce-city\/commerce-city-accidente-de-autobus\/","title":{"rendered":"Commerce City Accidente de autob\u00fas"},"content":{"rendered":"<h2>Tratamiento de Accidente de Autob\u00fas en Commerce City, CO<\/h2>\n<p>En Hurt911 Colorado Injury Centers, nos especializamos en la atenci\u00f3n integral a las v\u00edctimas de accidentes de autob\u00fas. Si usted ha sufrido de latigazo cervical, lesiones en la espalda, fracturas u otros traumas, nuestro equipo de tratamiento de accidentes de autob\u00fas Commerce City est\u00e1 aqu\u00ed para guiarlo a trav\u00e9s de cada paso de su recuperaci\u00f3n. Nuestra cl\u00ednica de accidentes Commerce City cuenta con profesionales experimentados, incluyendo quiropr\u00e1cticos cualificados, fisioterapeutas, expertos en manejo del dolor, y especialistas ortop\u00e9dicos. Ofrecemos im\u00e1genes de diagn\u00f3stico avanzado y cirug\u00eda ortop\u00e9dica. Si usted est\u00e1 buscando un m\u00e9dico de accidente de autob\u00fas de confianza, Hurt911 Colorado ofrece atenci\u00f3n m\u00e9dica de expertos, junto con el apoyo de una red de profesionales. Ponemos en contacto a los pacientes con abogados experimentados en accidentes de autob\u00fas que pueden ayudarle a obtener la compensaci\u00f3n que se merece. Cont\u00e1ctenos hoy para una consulta gratis.<\/p>\n<h2>\u00bfPor qu\u00e9 buscar atenci\u00f3n m\u00e9dica inmediata despu\u00e9s de un accidente de autob\u00fas en Commerce City?<\/h2>\n<p><img fetchpriority=\"high\" decoding=\"async\" class=\"alignnone wp-image-2522 size-full\" src=\"https:\/\/1800hurt911co.com\/wp-content\/uploads\/2024\/09\/shutterstock_2234893373.webp\" alt=\"Bus Accident in Commerce City, Colorado\" width=\"500\" height=\"333\" srcset=\"https:\/\/1800hurt911co.com\/wp-content\/uploads\/2024\/09\/shutterstock_2234893373.webp 500w, https:\/\/1800hurt911co.com\/wp-content\/uploads\/2024\/09\/shutterstock_2234893373-300x200.webp 300w\" sizes=\"(max-width: 500px) 100vw, 500px\" \/><\/p>\n<p>Tras un accidente de autob\u00fas, es crucial buscar atenci\u00f3n m\u00e9dica inmediata. Las lesiones pueden no ser evidentes de inmediato. La adrenalina puede enmascarar el dolor, lo que lleva a las v\u00edctimas de accidentes de autob\u00fas a subestimar la gravedad de sus lesiones. Una evaluaci\u00f3n m\u00e9dica completa puede identificar lesiones ocultas que podr\u00edan empeorar con el tiempo si no se tratan. El tratamiento oportuno de las lesiones por accidente de autob\u00fas puede conducir a mejores resultados de recuperaci\u00f3n. Una intervenci\u00f3n temprana reduce el riesgo de complicaciones a largo plazo. Ya se trate de un latigazo cervical, fracturas o lesiones de tejidos blandos, tratar estos problemas con prontitud puede facilitar un proceso de curaci\u00f3n m\u00e1s suave. Adem\u00e1s, la pronta atenci\u00f3n m\u00e9dica establece una clara conexi\u00f3n entre el accidente y sus lesiones. Esta documentaci\u00f3n es vital para cualquier posible demanda por lesiones personales. Los registros m\u00e9dicos sirven como evidencia de su condici\u00f3n y el tratamiento que recibi\u00f3, lo que puede fortalecer significativamente su caso en la b\u00fasqueda de una indemnizaci\u00f3n.<\/p>\n<h2>Lesiones comunes en accidentes de autob\u00fas y sus s\u00edntomas<\/h2>\n<p>Los accidentes de autob\u00fas pueden dar lugar a diversas lesiones, algunas de las cuales pueden no ser inmediatamente evidentes. Entender los tipos comunes de lesiones y sus s\u00edntomas es crucial para buscar el tratamiento oportuno. Aqu\u00ed est\u00e1n algunas de las lesiones t\u00edpicas sufridas en accidentes de autob\u00fas.<\/p>\n<h3>Latigazo cervical<\/h3>\n<p>Esta lesi\u00f3n cervical se produce cuando la cabeza se mueve bruscamente hacia delante y hacia atr\u00e1s. Los s\u00edntomas del latigazo cervical incluyen dolor de cuello, rigidez, dolores de cabeza y, a veces, mareos.<\/p>\n<h3>Lesiones en la cabeza<\/h3>\n<p>Un golpe en la cabeza puede causar una conmoci\u00f3n cerebral, que puede provocar confusi\u00f3n, p\u00e9rdida de memoria, dolores de cabeza y problemas de equilibrio. Las lesiones cerebrales traum\u00e1ticas graves pueden causar discapacidad permanente o complicaciones potencialmente mortales.<\/p>\n<h3>Lesiones de espalda y columna vertebral<\/h3>\n<p>Las lesiones en la columna vertebral o en los m\u00fasculos de la espalda pueden manifestarse como dolor, entumecimiento u hormigueo en las extremidades. Las lesiones de espalda comunes en los accidentes de autob\u00fas incluyen esguinces y hernias discales. Las lesiones de la m\u00e9dula espinal son especialmente graves y pueden causar par\u00e1lisis permanente.<\/p>\n<h3>Fracturas<\/h3>\n<p>Durante un accidente de autob\u00fas pueden producirse fracturas de huesos, que a menudo afectan a los brazos, las piernas y las costillas. Los s\u00edntomas incluyen dolor intenso, hinchaz\u00f3n y dificultad para mover la zona afectada. Las fracturas requieren atenci\u00f3n m\u00e9dica inmediata para garantizar una curaci\u00f3n adecuada.<\/p>\n<h3>Lesiones de tejidos blandos<\/h3>\n<p>Durante una colisi\u00f3n pueden producirse esguinces, distensiones y roturas de m\u00fasculos o ligamentos. Los s\u00edntomas pueden incluir hinchaz\u00f3n, hematomas y movilidad limitada. Estas lesiones suelen requerir fisioterapia para una recuperaci\u00f3n completa.<\/p>\n<h3>Lesiones internas<\/h3>\n<p>Algunas lesiones pueden no mostrar s\u00edntomas inmediatos. Pueden producirse hemorragias internas o da\u00f1os en los \u00f3rganos, lo que puede dar lugar a complicaciones graves. Los signos pueden incluir dolor abdominal, mareos o confusi\u00f3n. Si usted sospecha de una lesi\u00f3n interna, busque ayuda m\u00e9dica de inmediato.<\/p>\n<h2>Servicios de tratamiento de accidentes de autob\u00fas<\/h2>\n<p><img decoding=\"async\" class=\"alignnone wp-image-2547 size-full\" src=\"https:\/\/1800hurt911co.com\/wp-content\/uploads\/2024\/09\/shutterstock_2078934109.webp\" alt=\"Commerce City Bus Accident Treatment\" width=\"500\" height=\"334\" srcset=\"https:\/\/1800hurt911co.com\/wp-content\/uploads\/2024\/09\/shutterstock_2078934109.webp 500w, https:\/\/1800hurt911co.com\/wp-content\/uploads\/2024\/09\/shutterstock_2078934109-300x200.webp 300w\" sizes=\"(max-width: 500px) 100vw, 500px\" \/><\/p>\n<p>Hurt 911 Colorado Injury Centers proporciona un espectro completo de opciones de tratamiento para las personas heridas en accidentes de autob\u00fas. Nuestro equipo dedicado se centra en su recuperaci\u00f3n y bienestar. Entendemos los desaf\u00edos que enfrenta despu\u00e9s de un accidente, y estamos aqu\u00ed para apoyarle en cada paso del camino.<\/p>\n<h3>Diagn\u00f3stico por imagen<\/h3>\n<p>Nuestro enfoque comienza con una evaluaci\u00f3n exhaustiva de la lesi\u00f3n. Utilizamos t\u00e9cnicas avanzadas de diagn\u00f3stico por imagen, como radiograf\u00edas y resonancias magn\u00e9ticas, para identificar con precisi\u00f3n las lesiones que pueda haber sufrido. Estas exploraciones son cruciales para el desarrollo de un plan de tratamiento eficaz adaptado a sus necesidades espec\u00edficas.<\/p>\n<h3>Cuidados quiropr\u00e1cticos<\/h3>\n<p>Tras la fase de diagn\u00f3stico, nuestro equipo ofrece atenci\u00f3n quiropr\u00e1ctica especializada destinada a aliviar el dolor y restaurar la movilidad. Nuestros quiropr\u00e1cticos Commerce City accidente de autob\u00fas son expertos en el tratamiento de lesiones comunes accidente de autob\u00fas, tales como latigazo cervical y dolor de espalda. Emplean diversas t\u00e9cnicas para promover la curaci\u00f3n y mejorar su funci\u00f3n general.<\/p>\n<h3>Fisioterapia<\/h3>\n<p>Un programa de fisioterapia accidente de autob\u00fas es otro componente vital de nuestro tratamiento integral de lesiones en Commerce City. Nuestros fisioterapeutas accidente de trabajo con usted para recuperar la fuerza y la flexibilidad, lo que garantiza un proceso de recuperaci\u00f3n sin problemas. Dise\u00f1an rehabilitaci\u00f3n personalizada accidente de autob\u00fas, ayudando a volver a sus actividades diarias tan pronto como sea posible.<\/p>\n<h3>Cuidado ortop\u00e9dico<\/h3>\n<p>Nuestros especialistas en ortopedia tratar los huesos rotos, da\u00f1os en las articulaciones y lesiones de ligamentos. Nuestra cl\u00ednica de lesiones Commerce City ofrece cirug\u00eda ortop\u00e9dica para lesiones graves. Nuestro equipo ortop\u00e9dico est\u00e1 equipado para manejar casos complejos, asegurando que usted reciba el m\u00e1s alto nivel de atenci\u00f3n.<\/p>\n<h3>Manejo del dolor<\/h3>\n<p>El manejo del dolor es tambi\u00e9n una prioridad en Hurt 911. Ofrecemos una gama de estrategias de manejo del dolor para ayudarle a lidiar con el malestar y mejorar su experiencia de recuperaci\u00f3n. Nuestro objetivo es minimizar su dolor mientras promovemos la curaci\u00f3n.<\/p>\n<h2>Ayuda legal para las v\u00edctimas del accidente de autob\u00fas<\/h2>\n<p><img decoding=\"async\" class=\"alignnone size-full wp-image-2951\" src=\"https:\/\/1800hurt911co.com\/wp-content\/uploads\/2024\/09\/hurt911-colorado-lawyer.webp\" alt=\"\" width=\"500\" height=\"334\" srcset=\"https:\/\/1800hurt911co.com\/wp-content\/uploads\/2024\/09\/hurt911-colorado-lawyer.webp 500w, https:\/\/1800hurt911co.com\/wp-content\/uploads\/2024\/09\/hurt911-colorado-lawyer-300x200.webp 300w\" sizes=\"(max-width: 500px) 100vw, 500px\" \/><\/p>\n<p>Navegar las secuelas de un accidente de autob\u00fas puede ser abrumador, especialmente cuando se trata de lesiones y la carga financiera que a menudo sigue. En Hurt 911 Colorado Injury Centers, entendemos la importancia de tener un fuerte apoyo legal.<\/p>\n<h3>Referencias de Abogado de Accidente de Autob\u00fas<\/h3>\n<p>Le ponemos en contacto con abogados con experiencia en accidentes de autob\u00fas que se especializan en demandas por lesiones personales. Estos profesionales est\u00e1n bien versados en las complejidades de los casos de accidentes de autob\u00fas y pueden proporcionar la orientaci\u00f3n que necesita. Ellos evaluar\u00e1n su situaci\u00f3n, explicar sus derechos, y desarrollar una estrategia legal adaptada a sus necesidades espec\u00edficas. Tener un abogado experto a su lado puede aumentar significativamente sus posibilidades de un resultado favorable.<\/p>\n<h3>Documentaci\u00f3n M\u00e9dica para Apoyar su Reclamaci\u00f3n de Accidente de Autob\u00fas<\/h3>\n<p>La construcci\u00f3n de un caso s\u00f3lido requiere documentaci\u00f3n m\u00e9dica completa. Le ayudamos en la obtenci\u00f3n de todos los registros m\u00e9dicos necesarios y la documentaci\u00f3n para fortalecer su demanda de accidente de autob\u00fas.<\/p>\n<h2>\u00bfPor qu\u00e9 elegir los centros de lesi\u00f3n de Hurt 911 Colorado?<\/h2>\n<p>Seleccionar la cl\u00ednica derecha de la lesi\u00f3n del accidente en Commerce City es crucial. En Hurt 911 Colorado Injury Centers, damos prioridad a su recuperaci\u00f3n y bienestar. Nuestro centro se destaca por varias razones.<\/p>\n<h3>M\u00e9dicos expertos en accidentes de autob\u00fas y especialistas en lesiones<\/h3>\n<p>Los pacientes se benefician de un equipo experto de quiropr\u00e1cticos, fisioterapeutas, especialistas en dolor y especialistas ortop\u00e9dicos. Nuestros m\u00e9dicos de accidentes de autob\u00fas se aseguran de que usted reciba una atenci\u00f3n de la m\u00e1s alta calidad, abordando las necesidades de salud tanto inmediatas como a largo plazo.<\/p>\n<h3>Planes de tratamiento personalizados<\/h3>\n<p>Entendemos que el viaje de recuperaci\u00f3n de accidente de autob\u00fas de cada paciente es diferente, y vamos a dise\u00f1ar un plan de tratamiento personalizado para sus necesidades espec\u00edficas.<\/p>\n<h3>Transporte gratuito<\/h3>\n<p>Ofrecemos servicios de transporte desde y hacia nuestra cl\u00ednica de accidentes de Commerce City y otros lugares en el \u00e1rea metropolitana de Denver. Este servicio alivia el estr\u00e9s del viaje, lo que le permite centrarse en su recuperaci\u00f3n sin preocuparse por la log\u00edstica.<\/p>\n<h3>Sin gastos de bolsillo<\/h3>\n<p>En Hurt 911, creemos que la atenci\u00f3n m\u00e9dica de calidad debe ser accesible. Nuestro enfoque significa que usted no tendr\u00e1 que hacer frente a ning\u00fan gasto por adelantado para el tratamiento. Nuestros m\u00e9dicos y personal de lesiones personales de Commerce City cobran una vez que usted gana una indemnizaci\u00f3n.<\/p>\n<h2>Preguntas Frecuentes Sobre Accidentes de Autob\u00fas<\/h2>\n<h3>\u00bfQui\u00e9n puede ser considerado responsable de un accidente de autob\u00fas en Colorado?<\/h3>\n<p>La responsabilidad legal para un accidente de autob\u00fas puede caer en varios partidos. El conductor del autob\u00fas puede ser considerado responsable si la negligencia, como la conducci\u00f3n distra\u00edda o el incumplimiento de las leyes de tr\u00e1fico, contribuy\u00f3 al accidente. Si la compa\u00f1\u00eda de autobuses no mantuvo el veh\u00edculo adecuadamente o contrat\u00f3 a conductores no calificados, tambi\u00e9n podr\u00edan ser responsables. En algunos casos, otros conductores implicados en el accidente o entidades gubernamentales responsables de las condiciones de la carretera o de la seguridad del transporte p\u00fablico pueden compartir la responsabilidad. Identificar a la parte responsable suele requerir una investigaci\u00f3n exhaustiva. La representaci\u00f3n legal es crucial para determinar qui\u00e9n puede ser considerado responsable de sus lesiones y da\u00f1os.<\/p>\n<h3>\u00bfQu\u00e9 compensaci\u00f3n puede recuperar despu\u00e9s de un accidente de autob\u00fas?<\/h3>\n<p>Despu\u00e9s de un accidente de autob\u00fas, las v\u00edctimas pueden tener derecho a varios tipos de compensaci\u00f3n. Esto puede incluir la cobertura de las facturas m\u00e9dicas, tratamiento en curso, rehabilitaci\u00f3n y cualquier gasto m\u00e9dico futuro relacionado con sus lesiones. Tambi\u00e9n puede recuperar los salarios perdidos si las lesiones le han hecho faltar al trabajo o han afectado a su capacidad para ganarse la vida. El dolor y el sufrimiento, la angustia emocional y la disminuci\u00f3n de la calidad de vida son otras formas de indemnizaci\u00f3n disponibles en los casos de lesiones personales. Un abogado con experiencia en accidentes de autob\u00fas puede ayudarle a navegar por el proceso de reclamaciones para asegurarse de que recibe la compensaci\u00f3n total que se merece.<\/p>\n<h3>\u00bfCu\u00e1ndo es demasiado tarde para ver a un m\u00e9dico de accidente de autob\u00fas?<\/h3>\n<p>Nunca es realmente \u00abdemasiado tarde\u00bb para ver a un m\u00e9dico de accidente de autob\u00fas si usted ha retrasado los s\u00edntomas de su accidente. Sin embargo, buscar atenci\u00f3n m\u00e9dica tan pronto como sea posible despu\u00e9s del accidente es la mejor decisi\u00f3n tanto para su salud como para su caso potencial de lesiones personales. El tratamiento temprano puede detectar problemas subyacentes que podr\u00edan empeorar con el tiempo. Adem\u00e1s, esperar demasiado para ver a un m\u00e9dico podr\u00eda perjudicar su caso legal. Las compa\u00f1\u00edas de seguros o la parte contraria podr\u00eda argumentar que sus lesiones no est\u00e1n relacionadas con el accidente.<\/p>\n<h2>Contacte con nosotros para obtener ayuda despu\u00e9s de un accidente de autob\u00fas Commerce City<\/h2>\n<p><img loading=\"lazy\" decoding=\"async\" class=\"alignnone wp-image-2064\" src=\"https:\/\/1800hurt911co.com\/wp-content\/uploads\/2020\/12\/banner-bg1-copy-1024x254.webp\" alt=\"1-800-HURT911\" width=\"500\" height=\"124\" srcset=\"https:\/\/1800hurt911co.com\/wp-content\/uploads\/2020\/12\/banner-bg1-copy-1024x254.webp 1024w, https:\/\/1800hurt911co.com\/wp-content\/uploads\/2020\/12\/banner-bg1-copy-300x75.webp 300w, https:\/\/1800hurt911co.com\/wp-content\/uploads\/2020\/12\/banner-bg1-copy-768x191.webp 768w, https:\/\/1800hurt911co.com\/wp-content\/uploads\/2020\/12\/banner-bg1-copy-1536x382.webp 1536w, https:\/\/1800hurt911co.com\/wp-content\/uploads\/2020\/12\/banner-bg1-copy.webp 1920w\" sizes=\"(max-width: 500px) 100vw, 500px\" \/><\/p>\n<p>No espere para ponerse en contacto con <a href=\"\/es\/\">Hurt 911 Colorado Injury Centers<\/a> despu\u00e9s de un accidente de autob\u00fas en Commerce City. Nuestro personal experimentado est\u00e1 equipado para manejar las lesiones de accidentes de autob\u00fas y proporcionar una atenci\u00f3n integral adaptada a sus necesidades. Tambi\u00e9n ofrecemos transporte gratuito a nuestra cl\u00ednica de accidentes. Nuestro centro de atenci\u00f3n de lesiones personales en Commerce City puede ponerle en contacto con un abogado con experiencia en accidentes de autob\u00fas. No deje que las secuelas de un accidente de autob\u00fas interrumpir su vida por m\u00e1s tiempo. Estamos aqu\u00ed para ayudarle a recuperar su salud y buscar la compensaci\u00f3n que se merece. Ll\u00e1menos ahora o p\u00f3ngase en contacto con nosotros en l\u00ednea para una consulta gratuita y dar el primer paso hacia la recuperaci\u00f3n.<\/p>\n","protected":false},"excerpt":{"rendered":"<p>Tratamiento de Accidente de Autob\u00fas en Commerce City, CO En Hurt911 Colorado Injury Centers, nos especializamos en la atenci\u00f3n integral a las v\u00edctimas de accidentes de autob\u00fas. Si usted ha sufrido de latigazo cervical, lesiones en la espalda, fracturas u otros traumas, nuestro equipo de tratamiento de accidentes de autob\u00fas Commerce City est\u00e1 aqu\u00ed para [&hellip;]<\/p>\n","protected":false},"author":6,"featured_media":0,"parent":4325,"menu_order":0,"comment_status":"closed","ping_status":"closed","template":"","meta":{"_acf_changed":false,"footnotes":""},"class_list":["post-4329","page","type-page","status-publish","hentry"],"acf":[],"_links":{"self":[{"href":"https:\/\/1800hurt911co.com\/es\/wp-json\/wp\/v2\/pages\/4329","targetHints":{"allow":["GET"]}}],"collection":[{"href":"https:\/\/1800hurt911co.com\/es\/wp-json\/wp\/v2\/pages"}],"about":[{"href":"https:\/\/1800hurt911co.com\/es\/wp-json\/wp\/v2\/types\/page"}],"author":[{"embeddable":true,"href":"https:\/\/1800hurt911co.com\/es\/wp-json\/wp\/v2\/users\/6"}],"replies":[{"embeddable":true,"href":"https:\/\/1800hurt911co.com\/es\/wp-json\/wp\/v2\/comments?post=4329"}],"version-history":[{"count":2,"href":"https:\/\/1800hurt911co.com\/es\/wp-json\/wp\/v2\/pages\/4329\/revisions"}],"predecessor-version":[{"id":4331,"href":"https:\/\/1800hurt911co.com\/es\/wp-json\/wp\/v2\/pages\/4329\/revisions\/4331"}],"up":[{"embeddable":true,"href":"https:\/\/1800hurt911co.com\/es\/wp-json\/wp\/v2\/pages\/4325"}],"wp:attachment":[{"href":"https:\/\/1800hurt911co.com\/es\/wp-json\/wp\/v2\/media?parent=4329"}],"curies":[{"name":"wp","href":"https:\/\/api.w.org\/{rel}","templated":true}]}}