{"id":4332,"date":"2024-09-16T12:48:04","date_gmt":"2024-09-16T16:48:04","guid":{"rendered":"https:\/\/1800hurt911co.com\/commerce-city\/commerce-city-quiropractico-de-accidentes-de-coche\/"},"modified":"2024-10-02T00:58:59","modified_gmt":"2024-10-02T06:58:59","slug":"commerce-city-quiropractico-de-accidentes-de-coche","status":"publish","type":"page","link":"https:\/\/1800hurt911co.com\/es\/commerce-city\/commerce-city-quiropractico-de-accidentes-de-coche\/","title":{"rendered":"Commerce City Quiropr\u00e1ctico de accidentes de coche"},"content":{"rendered":"<h2>\u00bfBusca un quiropr\u00e1ctico accidente de coche en Commerce City, CO?<\/h2>\n<p>En Hurt 911 Colorado Injury Centers, nos especializamos en proporcionar una atenci\u00f3n excepcional para las personas que han estado involucradas en accidentes automovil\u00edsticos. Nuestro equipo dedicado entiende los desaf\u00edos \u00fanicos que enfrentan las v\u00edctimas de accidentes automovil\u00edsticos, especialmente aquellos que tratan con lesiones persistentes como dolor de cuello, lesiones de tejidos blandos, o lesiones de la m\u00e9dula. Estamos comprometidos a ayudarle a recuperarse tanto f\u00edsica como financieramente. Un accidente de coche Commerce City quiropr\u00e1ctico se centra en la entrega de los planes de tratamiento personalizado adaptado a sus necesidades espec\u00edficas. Utilizamos una combinaci\u00f3n de ajustes quiropr\u00e1cticos, terapia f\u00edsica y terapia de masaje para aliviar el dolor y promover la curaci\u00f3n. Nuestro objetivo es asegurar que usted recupere su movilidad y volver a sus actividades diarias con confianza. Navegar por las secuelas de un accidente de coche puede ser abrumador. Con el aumento de las facturas m\u00e9dicas y el estr\u00e9s de tratar con las compa\u00f1\u00edas de seguros, es crucial contar con un sistema de apoyo fiable. En Hurt 911, ofrecemos asistencia con la documentaci\u00f3n m\u00e9dica para apoyar su reclamo de accidente de coche y referencias a abogados con experiencia en lesiones personales. Programe su consulta gratuita hoy mismo y d\u00e9 el primer paso hacia la recuperaci\u00f3n.<\/p>\n<p><img fetchpriority=\"high\" decoding=\"async\" class=\"alignnone wp-image-2539 size-full\" src=\"https:\/\/1800hurt911co.com\/wp-content\/uploads\/2024\/09\/shutterstock_1770797390.webp\" alt=\"Car Accident Chiropractor in Commerce City\" width=\"500\" height=\"369\" srcset=\"https:\/\/1800hurt911co.com\/wp-content\/uploads\/2024\/09\/shutterstock_1770797390.webp 500w, https:\/\/1800hurt911co.com\/wp-content\/uploads\/2024\/09\/shutterstock_1770797390-300x221.webp 300w\" sizes=\"(max-width: 500px) 100vw, 500px\" \/><\/p>\n<h2>Lesiones comunes en accidentes de tr\u00e1fico<\/h2>\n<ul>\n<li><strong>Latigazo cervical<\/strong>: Los accidentes de coche suelen provocar un latigazo cervical, una lesi\u00f3n en el cuello causada por un movimiento brusco. Esto puede provocar dolor y molestias persistentes.<\/li>\n<li><strong>Da\u00f1os en los tejidos blandos<\/strong>: Las lesiones de tejidos blandos, incluidas las distensiones y los esguinces, tambi\u00e9n son frecuentes. Pueden afectar a m\u00fasculos, tendones y ligamentos, causando un dolor importante y limitando la movilidad.<\/li>\n<li><strong>Lesiones de espalda<\/strong>: Desde hernias discales hasta lesiones medulares, las lesiones de espalda pueden tener graves consecuencias y requerir un tratamiento exhaustivo.<\/li>\n<li><strong>Lesiones en la cabeza<\/strong>: Las conmociones cerebrales y las lesiones cerebrales traum\u00e1ticas m\u00e1s graves son frecuentes en los accidentes de tr\u00e1fico.<\/li>\n<li><strong>Huesos rotos<\/strong>: Los accidentes de coche suelen causar fracturas de clav\u00edcula, fracturas de piernas y brazos, fracturas de mu\u00f1eca y fracturas de costillas.<\/li>\n<\/ul>\n<h2>S\u00edntomas de las lesiones por accidente de coche<\/h2>\n<p>Despu\u00e9s de un accidente de coche, es esencial vigilar su cuerpo para detectar diversos s\u00edntomas. El dolor es a menudo el primer signo de una lesi\u00f3n, y puede manifestarse en diferentes \u00e1reas. Puede producirse inflamaci\u00f3n, lo que provoca hinchaz\u00f3n y malestar. La movilidad limitada puede dificultar las actividades cotidianas y afectar a su calidad de vida. Adem\u00e1s, no deben pasarse por alto problemas neurol\u00f3gicos como dolores de cabeza, mareos o entumecimiento, ya que pueden indicar lesiones m\u00e1s graves.<\/p>\n<h2>Beneficios del cuidado quiropr\u00e1ctico despu\u00e9s de un accidente de coche<\/h2>\n<p>El cuidado quiropr\u00e1ctico se centra en restaurar el equilibrio natural de su cuerpo. Esto puede conducir a beneficios significativos, incluyendo:<\/p>\n<ul>\n<li><strong>Alivio del dolor<\/strong>: Los quiropr\u00e1cticos utilizan diversas t\u00e9cnicas para tratar el dolor en su origen. Esto puede aliviar el malestar de las lesiones sufridas durante el accidente.<\/li>\n<li><strong>Reducci\u00f3n de la inflamaci\u00f3n<\/strong>: La inflamaci\u00f3n puede obstaculizar su recuperaci\u00f3n. Los ajustes quiropr\u00e1cticos ayudan a reducir la inflamaci\u00f3n, promoviendo una curaci\u00f3n m\u00e1s r\u00e1pida.<\/li>\n<li><strong>Mejora de la Movilidad<\/strong>: Muchas v\u00edctimas de accidentes experimentan un movimiento limitado. Los tratamientos quiropr\u00e1cticos pueden mejorar la flexibilidad, lo que le permite recuperar su rango completo de movimiento.<\/li>\n<li><strong>Tratamientos no invasivos y libres de drogas<\/strong>: El cuidado quiropr\u00e1ctico ofrece un enfoque hol\u00edstico para la curaci\u00f3n sin la necesidad de tratamientos invasivos o medicamentos para el dolor.<\/li>\n<\/ul>\n<p>Las manipulaciones quiropr\u00e1cticas alinean la columna vertebral y las articulaciones, aliviando la presi\u00f3n sobre los nervios y reduciendo el dolor. Los masajes ayudan a relajar los m\u00fasculos tensos, aliviando a\u00fan m\u00e1s el dolor y mejorando la circulaci\u00f3n. Los ejercicios de fisioterapia pueden fortalecer los m\u00fasculos y mejorar la movilidad, apoyando su proceso de recuperaci\u00f3n. Al elegir la atenci\u00f3n quiropr\u00e1ctica, est\u00e1 optando por un enfoque integral y natural de la curaci\u00f3n. Esto puede conducir a una recuperaci\u00f3n m\u00e1s r\u00e1pida y un retorno a sus actividades diarias sin la carga de dolor o malestar continuo. Si ha sufrido un accidente de coche, considere los beneficios del tratamiento quiropr\u00e1ctico para apoyar su viaje hacia el bienestar.<\/p>\n<h2>Quiropr\u00e1cticos para accidentes de tr\u00e1fico en Commerce City<\/h2>\n<p><img decoding=\"async\" class=\"alignnone wp-image-2882 size-full\" src=\"https:\/\/1800hurt911co.com\/wp-content\/uploads\/2024\/09\/chiropractic-treatment.webp\" alt=\"Chiropractic Care After a Car Accident\" width=\"500\" height=\"334\" srcset=\"https:\/\/1800hurt911co.com\/wp-content\/uploads\/2024\/09\/chiropractic-treatment.webp 500w, https:\/\/1800hurt911co.com\/wp-content\/uploads\/2024\/09\/chiropractic-treatment-300x200.webp 300w\" sizes=\"(max-width: 500px) 100vw, 500px\" \/><\/p>\n<p>Nuestro equipo de quiropr\u00e1cticos y m\u00e9dicos tienen formaci\u00f3n especializada en el tratamiento de lesiones por accidentes de auto.<\/p>\n<h3>Evaluaci\u00f3n y diagn\u00f3stico exhaustivos<\/h3>\n<p>Cuando usted visita Hurt 911 Colorado Injury Centers, su viaje comienza con una evaluaci\u00f3n exhaustiva. Esto incluye su historial m\u00e9dico y cualquier s\u00edntoma que pueda estar experimentando. Para asegurar un diagn\u00f3stico preciso, podemos recomendar pruebas de diagn\u00f3stico. Las radiograf\u00edas y resonancias magn\u00e9ticas nos ayudan a visualizar cualquier lesi\u00f3n que pueda haber sufrido.<\/p>\n<h3>Planes de tratamiento personalizados<\/h3>\n<p>Una vez que tenemos una clara comprensi\u00f3n de sus lesiones, desarrollamos un plan de tratamiento personalizado adaptado a sus necesidades espec\u00edficas. Este plan puede incluir varias t\u00e9cnicas quiropr\u00e1cticas, como manipulaciones de la columna vertebral y masajes terap\u00e9uticos. Nos centramos en m\u00e9todos no invasivos que promueven la curaci\u00f3n sin necesidad de medicaci\u00f3n para el dolor. Nuestros planes de tratamiento est\u00e1n dise\u00f1ados para hacer frente a sus circunstancias \u00fanicas, asegurando que reciba la atenci\u00f3n m\u00e1s eficaz posible. Nuestro objetivo es aliviar el dolor, reducir la inflamaci\u00f3n y mejorar su movilidad, ayud\u00e1ndole a retomar sus actividades diarias.<\/p>\n<h3>Servicios de rehabilitaci\u00f3n y recuperaci\u00f3n<\/h3>\n<p>La atenci\u00f3n continuada es esencial para su recuperaci\u00f3n. Despu\u00e9s de su tratamiento inicial, le ofrecemos ajustes regulares y sesiones de terapia. Estas sesiones son vitales para supervisar sus progresos y realizar los ajustes necesarios en su plan de tratamiento.<\/p>\n<h3>Asistencia Legal<\/h3>\n<p>Adem\u00e1s de nuestros servicios quiropr\u00e1cticos, podemos ponerle en contacto con un abogado con experiencia en lesiones personales. Ofrecemos referencias de abogados para ayudar a los pacientes de accidentes de coche perseguir la compensaci\u00f3n. Nuestro equipo tambi\u00e9n puede ayudar en la recopilaci\u00f3n de documentaci\u00f3n m\u00e9dica para apoyar su reclamaci\u00f3n de accidente de coche, asegur\u00e1ndose de que tiene las pruebas necesarias para su caso. En Hurt 911 Colorado Injury Centers, estamos comprometidos a proporcionar una atenci\u00f3n integral que se ocupa tanto de sus necesidades f\u00edsicas y legales despu\u00e9s de un accidente de coche. Su recuperaci\u00f3n es nuestra prioridad.<\/p>\n<h2>\u00bfPor qu\u00e9 elegir Hurt 911 Colorado Injury Centers?<\/h2>\n<p>Estamos comprometidos a ayudar a los pacientes lesionados en accidentes automovil\u00edsticos.<\/p>\n<h3>Maestr\u00eda en lesiones del accidente de coche<\/h3>\n<p>En los Centros de Lesiones Hurt 911 Colorado, entendemos las necesidades espec\u00edficas de las v\u00edctimas de accidentes automovil\u00edsticos. Nuestros quiropr\u00e1cticos y m\u00e9dicos experimentados se especializan en el tratamiento de lesiones por accidentes automovil\u00edsticos. Tomamos un enfoque integral, ofreciendo no s\u00f3lo ajustes quiropr\u00e1cticos, sino tambi\u00e9n terapia f\u00edsica y estrategias de manejo del dolor adaptadas a su situaci\u00f3n. Nuestro equipo incluye fisioterapeutas y especialistas ortop\u00e9dicos.<\/p>\n<h3>Servicios centrados en el cliente<\/h3>\n<p>Damos prioridad a su comodidad y confort. Nuestro servicio de transporte gratuito garantiza que pueda acceder f\u00e1cilmente a la atenci\u00f3n que necesita sin estr\u00e9s a\u00f1adido. Adem\u00e1s, con nuestra pol\u00edtica de no desembolso directo, no tendr\u00e1 que preocuparse de pagar por adelantado su tratamiento. S\u00f3lo cobramos cuando usted gana su reclamaci\u00f3n por accidente de coche. Elegir el Centro de Lesiones Hurt 911 Colorado significa elegir un socio dedicado a su curaci\u00f3n y bienestar. Perm\u00edtanos ayudarle a navegar por el camino de la recuperaci\u00f3n y recuperar el control de su vida.<\/p>\n<h2>FAQs<\/h2>\n<p><img decoding=\"async\" class=\"alignnone wp-image-2830 size-full\" src=\"https:\/\/1800hurt911co.com\/wp-content\/uploads\/2024\/09\/whiplash-injury-car-accident.webp\" alt=\"Neck Pain After Car Accident\" width=\"500\" height=\"334\" srcset=\"https:\/\/1800hurt911co.com\/wp-content\/uploads\/2024\/09\/whiplash-injury-car-accident.webp 500w, https:\/\/1800hurt911co.com\/wp-content\/uploads\/2024\/09\/whiplash-injury-car-accident-300x200.webp 300w\" sizes=\"(max-width: 500px) 100vw, 500px\" \/><\/p>\n<h3>\u00bfCu\u00e1ndo debe recibir tratamiento m\u00e9dico tras un accidente de tr\u00e1fico?<\/h3>\n<p>Es crucial buscar tratamiento m\u00e9dico tan pronto como sea posible despu\u00e9s de un accidente de coche. Incluso si no siente dolor inmediato, lesiones como el latigazo cervical o da\u00f1os en los tejidos blandos pueden desarrollarse con el tiempo. La intervenci\u00f3n temprana puede ayudar a prevenir complicaciones a largo plazo y facilitar un proceso de recuperaci\u00f3n m\u00e1s suave.<\/p>\n<h3>\u00bfQu\u00e9 tan pronto se sentir\u00e1 alivio de los tratamientos quiropr\u00e1cticos?<\/h3>\n<p>El alivio puede variar en funci\u00f3n de la persona y la naturaleza de las lesiones sufridas. Muchos pacientes experimentan mejor\u00eda despu\u00e9s de unas pocas sesiones. Los ajustes quiropr\u00e1cticos, combinados con otras terapias, a menudo conducen a un alivio notable del dolor y a un aumento de la movilidad en un tiempo relativamente corto.<\/p>\n<h3>\u00bfQu\u00e9 pasa si usted no siente dolor inmediatamente despu\u00e9s del accidente?<\/h3>\n<p>Muchas v\u00edctimas de accidentes de coche no sienten dolor de inmediato debido a la adrenalina y el shock. Sin embargo, es esencial para ser evaluado por un quiropr\u00e1ctico, incluso si se siente bien. Algunas lesiones pueden no manifestar s\u00edntomas hasta d\u00edas o semanas despu\u00e9s. Una evaluaci\u00f3n exhaustiva puede ayudar a identificar cualquier problema subyacente que requiera tratamiento.<\/p>\n<h3>\u00bfC\u00f3mo puede ayudar a la recuperaci\u00f3n la atenci\u00f3n quiropr\u00e1ctica?<\/h3>\n<p>El cuidado quiropr\u00e1ctico se centra en restaurar la alineaci\u00f3n y la funci\u00f3n adecuadas de la columna vertebral y el sistema musculoesquel\u00e9tico. Esto puede reducir la inflamaci\u00f3n, mejorar la movilidad y controlar eficazmente el dolor. T\u00e9cnicas como los ajustes de la columna vertebral y la fisioterapia est\u00e1n dise\u00f1adas para apoyar su viaje de recuperaci\u00f3n.<\/p>\n<h3>\u00bfCubrir\u00e1 mi seguro los tratamientos quiropr\u00e1cticos?<\/h3>\n<p>La mayor\u00eda de los seguros m\u00e9dicos cubren los tratamientos quiropr\u00e1cticos. Es aconsejable consultar con su proveedor de seguros para entender sus beneficios espec\u00edficos. El seguro de auto MedPay puede ayudar a cubrir los gastos m\u00e9dicos relacionados con su accidente de coche. Es importante destacar que en Hurt 911 Colorado, usted no tendr\u00e1 que hacer frente a ning\u00fan gasto de su bolsillo. S\u00f3lo nos pagan cuando usted gana su reclamo de accidente de coche.<\/p>\n<h3>\u00bfQu\u00e9 debo traer a mi primera cita?<\/h3>\n<p>Durante su visita inicial, traiga cualquier expediente m\u00e9dico pertinente, informes de accidente, e informaci\u00f3n de seguro. Esta documentaci\u00f3n ayudar\u00e1 a nuestros quiropr\u00e1cticos crear un plan de tratamiento integral adaptado a sus necesidades.<\/p>\n<h3>\u00bfC\u00f3mo puedo programar una cita?<\/h3>\n<p>Programar una cita es f\u00e1cil. Simplemente p\u00f3ngase en contacto con Hurt 911 Colorado Injury Centers, y nuestro amable personal le ayudar\u00e1 a establecer una hora conveniente para su consulta. Tambi\u00e9n ofrecemos transporte gratuito para garantizar que pueda acceder a la atenci\u00f3n que necesita sin estr\u00e9s.<\/p>\n<h2>Programe su consulta gratis hoy<\/h2>\n<p><img loading=\"lazy\" decoding=\"async\" class=\"alignnone wp-image-2064\" src=\"https:\/\/1800hurt911co.com\/wp-content\/uploads\/2020\/12\/banner-bg1-copy-1024x254.webp\" alt=\"1-800-HURT911\" width=\"500\" height=\"124\" srcset=\"https:\/\/1800hurt911co.com\/wp-content\/uploads\/2020\/12\/banner-bg1-copy-1024x254.webp 1024w, https:\/\/1800hurt911co.com\/wp-content\/uploads\/2020\/12\/banner-bg1-copy-300x75.webp 300w, https:\/\/1800hurt911co.com\/wp-content\/uploads\/2020\/12\/banner-bg1-copy-768x191.webp 768w, https:\/\/1800hurt911co.com\/wp-content\/uploads\/2020\/12\/banner-bg1-copy-1536x382.webp 1536w, https:\/\/1800hurt911co.com\/wp-content\/uploads\/2020\/12\/banner-bg1-copy.webp 1920w\" sizes=\"(max-width: 500px) 100vw, 500px\" \/><\/p>\n<p>Si usted ha estado implicado en un accidente de coche, tomar el paso siguiente hacia la recuperaci\u00f3n es crucial. En <a href=\"\/es\/\">Hurt 911 Colorado Injury Centers<\/a>, entendemos los desaf\u00edos que enfrenta. Nuestro equipo est\u00e1 dedicado a proporcionarle la atenci\u00f3n y el apoyo que necesita para sanar tanto f\u00edsica como financieramente. No espere a que los s\u00edntomas empeoren. La intervenci\u00f3n temprana puede conducir a una recuperaci\u00f3n m\u00e1s r\u00e1pida. Programe su consulta hoy mismo y comience su viaje hacia el alivio del dolor y la mejora de la movilidad. Nuestro equipo especializado est\u00e1 aqu\u00ed para ayudarle en cada paso del camino. P\u00f3ngase en contacto con nosotros ahora para dar el primer paso hacia la recuperaci\u00f3n.<\/p>\n","protected":false},"excerpt":{"rendered":"<p>\u00bfBusca un quiropr\u00e1ctico accidente de coche en Commerce City, CO? En Hurt 911 Colorado Injury Centers, nos especializamos en proporcionar una atenci\u00f3n excepcional para las personas que han estado involucradas en accidentes automovil\u00edsticos. Nuestro equipo dedicado entiende los desaf\u00edos \u00fanicos que enfrentan las v\u00edctimas de accidentes automovil\u00edsticos, especialmente aquellos que tratan con lesiones persistentes como [&hellip;]<\/p>\n","protected":false},"author":6,"featured_media":0,"parent":4325,"menu_order":0,"comment_status":"closed","ping_status":"closed","template":"","meta":{"_acf_changed":false,"footnotes":""},"class_list":["post-4332","page","type-page","status-publish","hentry"],"acf":[],"_links":{"self":[{"href":"https:\/\/1800hurt911co.com\/es\/wp-json\/wp\/v2\/pages\/4332","targetHints":{"allow":["GET"]}}],"collection":[{"href":"https:\/\/1800hurt911co.com\/es\/wp-json\/wp\/v2\/pages"}],"about":[{"href":"https:\/\/1800hurt911co.com\/es\/wp-json\/wp\/v2\/types\/page"}],"author":[{"embeddable":true,"href":"https:\/\/1800hurt911co.com\/es\/wp-json\/wp\/v2\/users\/6"}],"replies":[{"embeddable":true,"href":"https:\/\/1800hurt911co.com\/es\/wp-json\/wp\/v2\/comments?post=4332"}],"version-history":[{"count":2,"href":"https:\/\/1800hurt911co.com\/es\/wp-json\/wp\/v2\/pages\/4332\/revisions"}],"predecessor-version":[{"id":4334,"href":"https:\/\/1800hurt911co.com\/es\/wp-json\/wp\/v2\/pages\/4332\/revisions\/4334"}],"up":[{"embeddable":true,"href":"https:\/\/1800hurt911co.com\/es\/wp-json\/wp\/v2\/pages\/4325"}],"wp:attachment":[{"href":"https:\/\/1800hurt911co.com\/es\/wp-json\/wp\/v2\/media?parent=4332"}],"curies":[{"name":"wp","href":"https:\/\/api.w.org\/{rel}","templated":true}]}}