{"id":4335,"date":"2024-09-16T13:29:27","date_gmt":"2024-09-16T17:29:27","guid":{"rendered":"https:\/\/1800hurt911co.com\/commerce-city\/commerce-city-medico-de-accidentes-de-trafico\/"},"modified":"2024-10-02T01:05:02","modified_gmt":"2024-10-02T07:05:02","slug":"commerce-city-medico-de-accidentes-de-trafico","status":"publish","type":"page","link":"https:\/\/1800hurt911co.com\/es\/commerce-city\/commerce-city-medico-de-accidentes-de-trafico\/","title":{"rendered":"Commerce City M\u00e9dico de accidentes de tr\u00e1fico"},"content":{"rendered":"<h2>Commerce City Doctor de Accidente de Coche en Commerce City, CO<\/h2>\n<p>En Hurt911 Colorado, situado en el \u00e1rea metropolitana de Denver, nos especializamos en la prestaci\u00f3n de atenci\u00f3n m\u00e9dica integral y servicios de rehabilitaci\u00f3n para las lesiones por accidente de coche. Ofrecemos varios servicios, incluyendo im\u00e1genes de diagn\u00f3stico, atenci\u00f3n quiropr\u00e1ctica, terapia f\u00edsica y manejo del dolor. P\u00f3ngase en contacto con nosotros hoy para obtener ayuda de un experimentado Commerce City accidente de coche m\u00e9dico.<\/p>\n<h3>Atenci\u00f3n integral para las lesiones por accidente de coche<\/h3>\n<p>Nuestro equipo de m\u00e9dicos de accidente de coche Commerce City se dedica a ayudar a recuperarse por completo, ofreciendo diversos servicios, incluyendo im\u00e1genes de diagn\u00f3stico, atenci\u00f3n quiropr\u00e1ctica, terapia f\u00edsica y tratamiento del dolor. Sin gastos de bolsillo, nuestra cl\u00ednica de lesiones asegura que usted reciba la mejor atenci\u00f3n posible sin preocupaciones financieras, ya que nuestros m\u00e9dicos se les paga s\u00f3lo cuando usted gana su caso. Adem\u00e1s, ofrecemos referencias de abogados para apoyar sus necesidades legales, haciendo Hurt911 Colorado una soluci\u00f3n integral para su viaje de recuperaci\u00f3n.<\/p>\n<h2>Proceso de Tratamiento de Lesiones por Accidente de Coche<\/h2>\n<p><img fetchpriority=\"high\" decoding=\"async\" class=\"alignnone wp-image-2877 size-full\" src=\"https:\/\/1800hurt911co.com\/wp-content\/uploads\/2024\/09\/car-accident-treatment.webp\" alt=\"Car Accident Treatment, Driver With Whiplash\" width=\"500\" height=\"334\" srcset=\"https:\/\/1800hurt911co.com\/wp-content\/uploads\/2024\/09\/car-accident-treatment.webp 500w, https:\/\/1800hurt911co.com\/wp-content\/uploads\/2024\/09\/car-accident-treatment-300x200.webp 300w\" sizes=\"(max-width: 500px) 100vw, 500px\" \/><\/p>\n<p>En Hurt911 Colorado, nuestro proceso de tratamiento de lesiones por accidente de coche est\u00e1 dise\u00f1ado para abordar todos los aspectos de su recuperaci\u00f3n, desde la evaluaci\u00f3n inicial hasta el apoyo continuo de bienestar. Nuestro equipo de m\u00e9dicos de accidentes de coche de Commerce City tiene un enfoque integral para asegurar que usted reciba la atenci\u00f3n y el cuidado que necesita para sanar completamente.<\/p>\n<h3>Evaluaci\u00f3n Diagn\u00f3stico<\/h3>\n<p>El primer paso en el tratamiento de lesiones por accidente de coche es una evaluaci\u00f3n exhaustiva y el diagn\u00f3stico. Nuestros m\u00e9dicos Commerce City accidente de coche llevar\u00e1 a cabo un examen detallado para evaluar su condici\u00f3n f\u00edsica, identificar la causa ra\u00edz de su dolor, y determinar el alcance de sus lesiones. Ofrecemos servicios avanzados de diagn\u00f3stico, tales como radiograf\u00edas y resonancias magn\u00e9ticas. Esta evaluaci\u00f3n exhaustiva nos permite desarrollar un plan de tratamiento eficaz adaptado a sus necesidades.<\/p>\n<h3>Plan de tratamiento personalizado<\/h3>\n<p>Despu\u00e9s de diagnosticar sus lesiones, nuestro equipo crear\u00e1 un plan de tratamiento personalizado para promover la curaci\u00f3n y la recuperaci\u00f3n. Este plan puede incluir una combinaci\u00f3n de la atenci\u00f3n quiropr\u00e1ctica, terapia f\u00edsica, manejo del dolor, y, si es necesario, las referencias a otros especialistas. Nuestros m\u00e9dicos Commerce City accidente de coche trabajar en estrecha colaboraci\u00f3n con cada paciente para asegurar que su plan de tratamiento aborda todos los aspectos de sus lesiones, desde el alivio inmediato del dolor a la recuperaci\u00f3n a largo plazo y el bienestar. Al adoptar un enfoque personalizado de la atenci\u00f3n m\u00e9dica, nuestro objetivo es ayudarle a recuperarse por completo y recuperar su calidad de vida.<\/p>\n<h3>Orientaci\u00f3n de apoyo<\/h3>\n<p>Navegar por las secuelas de un accidente de coche puede ser abrumador, especialmente cuando se trata de lesiones y posibles problemas legales. En Hurt911 Colorado, proporcionamos apoyo continuo y orientaci\u00f3n a lo largo de su viaje de recuperaci\u00f3n. Nuestro equipo est\u00e1 aqu\u00ed para responder a cualquier pregunta, abordar las preocupaciones, y ofrecer asistencia con la documentaci\u00f3n m\u00e9dica y referencias legales. Entendemos que la situaci\u00f3n de cada paciente es \u00fanica, y nos esforzamos por proporcionar la atenci\u00f3n compasiva y el apoyo que necesita durante este tiempo dif\u00edcil.<\/p>\n<h2>La importancia del tratamiento m\u00e9dico<\/h2>\n<p>Si se ha visto implicado en un accidente de tr\u00e1fico, es fundamental que reciba tratamiento m\u00e9dico lo antes posible por varias razones. La atenci\u00f3n m\u00e9dica inmediata garantiza que las lesiones se diagnostiquen y traten con prontitud, evitando que empeoren o provoquen complicaciones a largo plazo. Incluso si usted se siente bien o s\u00f3lo tienen dolores menores despu\u00e9s de un accidente de auto, es importante ver a un accidente de coche Commerce City m\u00e9dico para descartar cualquier lesi\u00f3n oculta como latigazo cervical, conmociones cerebrales, o da\u00f1os en la m\u00e9dula espinal que no pueden mostrar s\u00edntomas de inmediato. Adem\u00e1s, la obtenci\u00f3n oportuna de la documentaci\u00f3n m\u00e9dica es crucial para cualquier reclamaci\u00f3n legal que usted puede perseguir. Los registros exactos de sus heridas y tratamiento pueden proporcionar evidencia esencial al buscar compensaci\u00f3n para sus heridas de accidente. En Hurt911 Colorado, animamos a todos los pacientes a dar prioridad a su salud y buscar atenci\u00f3n m\u00e9dica sin demora.<\/p>\n<h2>\u00bfCu\u00e1nto cuesta un m\u00e9dico de accidente de auto?<\/h2>\n<p>En Hurt911 Colorado, entendemos que el costo de la atenci\u00f3n m\u00e9dica puede ser una preocupaci\u00f3n importante para muchos pacientes despu\u00e9s de un accidente de coche. Ofrecemos nuestros servicios sin costos por adelantado. Nuestros doctores y especialistas de accidente de auto de Commerce City son pagados s\u00f3lo cuando usted gana su caso. Tambi\u00e9n ofrecemos una consulta gratuita para discutir sus opciones de tratamiento y ayudarle a tomar decisiones informadas acerca de su cuidado.<\/p>\n<h2>\u00bfCu\u00e1nto vale mi caso de accidente de coche?<\/h2>\n<p>Compensaci\u00f3n por lesiones de accidente de coche se determina t\u00edpicamente sobre la base de varios factores, incluyendo la gravedad de sus lesiones, el costo de la atenci\u00f3n m\u00e9dica, y el impacto en su vida diaria. Consideraciones adicionales como salarios perdidos, dolor y sufrimiento, y la necesidad de tratamiento m\u00e9dico futuro tambi\u00e9n pueden influir en la compensaci\u00f3n que usted recibe. En Hurt911 Colorado, ponemos en contacto a nuestros pacientes con abogados cualificados en accidentes de coche en el \u00e1rea de Denver. Nuestro equipo trabaja estrechamente con su abogado para proporcionar documentaci\u00f3n m\u00e9dica completa que respalde su reclamaci\u00f3n.<\/p>\n<h2>M\u00e9dicos y especialistas en accidentes de coche en Commerce City<\/h2>\n<p><img decoding=\"async\" class=\"alignnone wp-image-2548 size-full\" src=\"https:\/\/1800hurt911co.com\/wp-content\/uploads\/2024\/09\/shutterstock_1805310178.webp\" alt=\"Commerce City M\u00e9dico de accidentes de tr\u00e1fico\" width=\"500\" height=\"334\" srcset=\"https:\/\/1800hurt911co.com\/wp-content\/uploads\/2024\/09\/shutterstock_1805310178.webp 500w, https:\/\/1800hurt911co.com\/wp-content\/uploads\/2024\/09\/shutterstock_1805310178-300x200.webp 300w\" sizes=\"(max-width: 500px) 100vw, 500px\" \/><\/p>\n<p>En Hurt911 Colorado, tenemos un equipo de especialistas en accidentes de coche con experiencia en el tratamiento de una amplia gama de lesiones por accidentes de auto.<\/p>\n<h3>Quiropr\u00e1cticos<\/h3>\n<p>Nuestros quiropr\u00e1cticos de accidentes de coche en Commerce City se centran en los ajustes y manipulaciones de la columna vertebral para aliviar el dolor, mejorar la movilidad y promover la salud en general. La atenci\u00f3n quiropr\u00e1ctica es particularmente eficaz para el tratamiento de lesiones como el latigazo cervical, dolor de cuello y dolor de espalda, que son comunes despu\u00e9s de un accidente de coche.<\/p>\n<h3>Especialistas Ortop\u00e9dicos<\/h3>\n<p>Especialistas ortop\u00e9dicos en Hurt911 Colorado son expertos en el diagn\u00f3stico y tratamiento de lesiones de los huesos, articulaciones y m\u00fasculos. Son expertos en el tratamiento de huesos rotos, dislocaciones, ligamentos rotos, y otras lesiones musculoesquel\u00e9ticas. Estos profesionales altamente experimentados pueden realizar cirug\u00eda ortop\u00e9dica para lesiones graves.<\/p>\n<h3>Fisioterapeutas<\/h3>\n<p>Nuestros fisioterapeutas de accidentes de coche en Commerce City juegan un papel vital en ayudar a los pacientes a restaurar el movimiento, la fuerza y la flexibilidad. La fisioterapia es un componente esencial de la rehabilitaci\u00f3n de lesiones por accidente de auto, ya que promueve la curaci\u00f3n y reduce el riesgo de complicaciones a largo plazo.<\/p>\n<h3>Especialistas adicionales<\/h3>\n<p>Adem\u00e1s de quiropr\u00e1cticos, especialistas ortop\u00e9dicos y fisioterapeutas, nuestro equipo incluye especialistas en el manejo del dolor que proporcionan tratamiento espec\u00edfico para el dolor cr\u00f3nico y el malestar. Tambi\u00e9n ofrecemos referencias a otros especialistas seg\u00fan sea necesario, asegurando una atenci\u00f3n integral para todos los aspectos de su lesi\u00f3n.<\/p>\n<h2>Lesiones de Accidente de Coche que Tratamos<\/h2>\n<p>Hurt911 Colorado est\u00e1 equipado para tratar una amplia gama de lesiones por accidente de coche, desde dolores menores a traumatismo craneal. Algunas de las lesiones comunes que tratamos incluyen:<\/p>\n<ul>\n<li><strong>Latigazo cervical<\/strong>: Una lesi\u00f3n en el cuello causada por un movimiento repentino y en\u00e9rgico hacia atr\u00e1s y hacia adelante, el latigazo cervical es com\u00fan en las colisiones traseras.<\/li>\n<li><strong>Fracturas \u00f3seas<\/strong>: Fracturas de brazos, piernas, costillas y otros huesos como consecuencia del impacto de un accidente de tr\u00e1fico.<\/li>\n<li><strong>Lesiones de la m\u00e9dula espinal<\/strong>: Da\u00f1os en la columna vertebral que pueden causar dolor, entumecimiento o incluso par\u00e1lisis.<\/li>\n<li><strong>Lesiones en la cabeza<\/strong>: Conmociones cerebrales y otras lesiones cerebrales traum\u00e1ticas causadas por el impacto de un accidente de coche.<\/li>\n<li><strong>Lesiones de tejidos blandos<\/strong>: Esguinces, distensiones y desgarros de m\u00fasculos, ligamentos y tendones.<\/li>\n<\/ul>\n<h2>Accidente de coche Doctor Preguntas m\u00e1s frecuentes<\/h2>\n<p><img decoding=\"async\" class=\"alignnone wp-image-2553 size-full\" src=\"https:\/\/1800hurt911co.com\/wp-content\/uploads\/2024\/09\/shutterstock_2472674703.webp\" alt=\"Car Accident Doctor in Commerce City, Colorado\" width=\"500\" height=\"339\" srcset=\"https:\/\/1800hurt911co.com\/wp-content\/uploads\/2024\/09\/shutterstock_2472674703.webp 500w, https:\/\/1800hurt911co.com\/wp-content\/uploads\/2024\/09\/shutterstock_2472674703-300x203.webp 300w\" sizes=\"(max-width: 500px) 100vw, 500px\" \/><\/p>\n<h3>\u00bfPor qu\u00e9 acudir a un m\u00e9dico especialista en accidentes de tr\u00e1fico en Commerce City?<\/h3>\n<p>La elecci\u00f3n de un m\u00e9dico especialista en accidentes de coche en Commerce City asegura que usted reciba una atenci\u00f3n experta adaptada a las necesidades \u00fanicas de las v\u00edctimas de accidentes de coche. Nuestros m\u00e9dicos en Hurt911 Colorado tienen una amplia experiencia en el tratamiento de lesiones por accidentes automovil\u00edsticos y est\u00e1n capacitados para proporcionar los tratamientos m\u00e1s eficaces para una recuperaci\u00f3n completa. Al ver a un especialista, usted puede estar seguro de que su lesi\u00f3n est\u00e1 siendo tratada por un profesional con un profundo conocimiento y experiencia en el cuidado de accidentes de coche.<\/p>\n<h3>\u00bfC\u00f3mo trabajan juntos los m\u00e9dicos ortop\u00e9dicos y los fisioterapeutas?<\/h3>\n<p>En Hurt911 Colorado, nuestros m\u00e9dicos ortop\u00e9dicos y fisioterapeutas colaboran estrechamente para proporcionar una atenci\u00f3n integral a nuestros pacientes. Los especialistas ortop\u00e9dicos diagnostican y tratan las lesiones de los huesos, las articulaciones y los m\u00fasculos, mientras que los fisioterapeutas se centran en la rehabilitaci\u00f3n y la recuperaci\u00f3n. Al trabajar juntos, estos especialistas aseguran un plan de tratamiento cohesivo que aborda todos los aspectos de una lesi\u00f3n, la promoci\u00f3n de un proceso de recuperaci\u00f3n suave y eficaz.<\/p>\n<h3>\u00bfDeber\u00eda contratar a un abogado de accidentes de coche o contactar primero con Hurt911?<\/h3>\n<p>Ya sea que elija contratar a un abogado o ponerse en contacto con Hurt911 Colorado primero, nuestra prioridad es asegurarnos de que usted reciba la mejor atenci\u00f3n posible y el apoyo a lo largo de su recuperaci\u00f3n. Nuestro equipo de m\u00e9dicos especializados en accidentes de coche de Commerce City proporciona atenci\u00f3n m\u00e9dica experta a las v\u00edctimas de accidentes de coche. Si usted todav\u00eda no tiene un abogado, podemos proporcionar referencias de abogados para ayudarle a encontrar representaci\u00f3n legal.<\/p>\n<h3>\u00bfCu\u00e1ndo es demasiado tarde para ver a un m\u00e9dico despu\u00e9s de un accidente de coche en Colorado?<\/h3>\n<p>Nunca es demasiado tarde para ver a un m\u00e9dico despu\u00e9s de un accidente de coche, pero cuanto antes busque atenci\u00f3n m\u00e9dica, mejor. Retrasar el tratamiento puede llevar a complicaciones y hacerlo m\u00e1s dif\u00edcil de conectar sus heridas al accidente, que puede afectar su capacidad de recibir la compensaci\u00f3n. Si usted ha estado involucrado en un accidente de coche en el \u00e1rea metropolitana de Denver, le animamos a programar una cita con uno de nuestros m\u00e9dicos Commerce City accidente de coche tan pronto como sea posible.<\/p>\n<h2>Programar una consulta gratis hoy<\/h2>\n<p><img loading=\"lazy\" decoding=\"async\" class=\"alignnone wp-image-2064\" src=\"https:\/\/1800hurt911co.com\/wp-content\/uploads\/2020\/12\/banner-bg1-copy-1024x254.webp\" alt=\"1-800-HURT911\" width=\"500\" height=\"124\" srcset=\"https:\/\/1800hurt911co.com\/wp-content\/uploads\/2020\/12\/banner-bg1-copy-1024x254.webp 1024w, https:\/\/1800hurt911co.com\/wp-content\/uploads\/2020\/12\/banner-bg1-copy-300x75.webp 300w, https:\/\/1800hurt911co.com\/wp-content\/uploads\/2020\/12\/banner-bg1-copy-768x191.webp 768w, https:\/\/1800hurt911co.com\/wp-content\/uploads\/2020\/12\/banner-bg1-copy-1536x382.webp 1536w, https:\/\/1800hurt911co.com\/wp-content\/uploads\/2020\/12\/banner-bg1-copy.webp 1920w\" sizes=\"(max-width: 500px) 100vw, 500px\" \/><\/p>\n<p>En Hurt911 Colorado, nuestro equipo de m\u00e9dicos dedicados a accidentes automovil\u00edsticos en Commerce City est\u00e1 aqu\u00ed para proporcionar una atenci\u00f3n integral para todas sus lesiones por accidentes automovil\u00edsticos. Sin costos por adelantado, consultas gratuitas, y un compromiso con el tratamiento personalizado, estamos aqu\u00ed para apoyarle en su camino hacia la recuperaci\u00f3n. P\u00f3ngase en contacto con nosotros hoy y dar el primer paso hacia la curaci\u00f3n y el bienestar.<\/p>\n","protected":false},"excerpt":{"rendered":"<p>Commerce City Doctor de Accidente de Coche en Commerce City, CO En Hurt911 Colorado, situado en el \u00e1rea metropolitana de Denver, nos especializamos en la prestaci\u00f3n de atenci\u00f3n m\u00e9dica integral y servicios de rehabilitaci\u00f3n para las lesiones por accidente de coche. Ofrecemos varios servicios, incluyendo im\u00e1genes de diagn\u00f3stico, atenci\u00f3n quiropr\u00e1ctica, terapia f\u00edsica y manejo del [&hellip;]<\/p>\n","protected":false},"author":6,"featured_media":0,"parent":4325,"menu_order":0,"comment_status":"closed","ping_status":"closed","template":"","meta":{"_acf_changed":false,"footnotes":""},"class_list":["post-4335","page","type-page","status-publish","hentry"],"acf":[],"_links":{"self":[{"href":"https:\/\/1800hurt911co.com\/es\/wp-json\/wp\/v2\/pages\/4335","targetHints":{"allow":["GET"]}}],"collection":[{"href":"https:\/\/1800hurt911co.com\/es\/wp-json\/wp\/v2\/pages"}],"about":[{"href":"https:\/\/1800hurt911co.com\/es\/wp-json\/wp\/v2\/types\/page"}],"author":[{"embeddable":true,"href":"https:\/\/1800hurt911co.com\/es\/wp-json\/wp\/v2\/users\/6"}],"replies":[{"embeddable":true,"href":"https:\/\/1800hurt911co.com\/es\/wp-json\/wp\/v2\/comments?post=4335"}],"version-history":[{"count":2,"href":"https:\/\/1800hurt911co.com\/es\/wp-json\/wp\/v2\/pages\/4335\/revisions"}],"predecessor-version":[{"id":4337,"href":"https:\/\/1800hurt911co.com\/es\/wp-json\/wp\/v2\/pages\/4335\/revisions\/4337"}],"up":[{"embeddable":true,"href":"https:\/\/1800hurt911co.com\/es\/wp-json\/wp\/v2\/pages\/4325"}],"wp:attachment":[{"href":"https:\/\/1800hurt911co.com\/es\/wp-json\/wp\/v2\/media?parent=4335"}],"curies":[{"name":"wp","href":"https:\/\/api.w.org\/{rel}","templated":true}]}}