{"id":4338,"date":"2024-09-16T12:34:44","date_gmt":"2024-09-16T16:34:44","guid":{"rendered":"https:\/\/1800hurt911co.com\/commerce-city\/commerce-city-fisioterapeuta-de-accidentes-de-trafico\/"},"modified":"2024-10-02T01:10:04","modified_gmt":"2024-10-02T07:10:04","slug":"commerce-city-fisioterapeuta-de-accidentes-de-trafico","status":"publish","type":"page","link":"https:\/\/1800hurt911co.com\/es\/commerce-city\/commerce-city-fisioterapeuta-de-accidentes-de-trafico\/","title":{"rendered":"Commerce City Fisioterapeuta de accidentes de tr\u00e1fico"},"content":{"rendered":"<h2>\u00bfNecesita un accidente de coche fisioterapeuta en Commerce City?<\/h2>\n<p>Experimentar un accidente de coche puede dar lugar a diversas lesiones que pueden obstaculizar su vida diaria y el trabajo. Un fisioterapeuta del accidente de coche de la ciudad del comercio se especializa en ayudar a individuos a recuperarse de estas lesiones. Nuestro equipo en Hurt 911 Colorado Injury Centers se dedica a proporcionar planes de tratamiento eficaces que se centran en el alivio del dolor y la restauraci\u00f3n de la movilidad. La terapia f\u00edsica es un componente vital de su proceso de recuperaci\u00f3n, asegurando que usted recupere fuerza y funci\u00f3n mientras que reduce al m\u00ednimo efectos a largo plazo. Nuestros fisioterapeutas entienden los desaf\u00edos \u00fanicos que enfrentan las v\u00edctimas de accidentes automovil\u00edsticos. Ofrecemos atenci\u00f3n personalizada adaptada a sus necesidades espec\u00edficas, abordando tanto los s\u00edntomas de dolor inmediatos como la rehabilitaci\u00f3n en curso. Si usted est\u00e1 tratando con latigazo cervical, dolor de espalda, u otras lesiones comunes de accidentes de coche, nuestros profesionales est\u00e1n aqu\u00ed para guiarle a trav\u00e9s de cada paso de su viaje de recuperaci\u00f3n. Si usted est\u00e1 listo para tomar el control de su proceso de curaci\u00f3n, llegar a nosotros hoy. Nuestro personal compasivo est\u00e1 preparado para ayudarle a volver sobre sus pies y volver a una vida libre de dolor.<\/p>\n<h2>\u00bfC\u00f3mo puede ayudar la terapia f\u00edsica despu\u00e9s de un accidente de coche<\/h2>\n<p><img fetchpriority=\"high\" decoding=\"async\" class=\"alignnone wp-image-2866 size-full\" src=\"https:\/\/1800hurt911co.com\/wp-content\/uploads\/2024\/09\/physical-therapy-after-car-accident.webp\" alt=\"Commerce City Fisioterapeuta de accidentes de tr\u00e1fico\" width=\"500\" height=\"334\" srcset=\"https:\/\/1800hurt911co.com\/wp-content\/uploads\/2024\/09\/physical-therapy-after-car-accident.webp 500w, https:\/\/1800hurt911co.com\/wp-content\/uploads\/2024\/09\/physical-therapy-after-car-accident-300x200.webp 300w\" sizes=\"(max-width: 500px) 100vw, 500px\" \/><\/p>\n<p>Tras un accidente de coche, muchas personas experimentan dolor y molestias que pueden dificultar sus actividades cotidianas y su calidad de vida en general. La fisioterapia es una poderosa herramienta para la recuperaci\u00f3n. A continuaci\u00f3n se presentan algunos beneficios clave de la terapia f\u00edsica despu\u00e9s de un accidente de coche.<\/p>\n<h3>Reducci\u00f3n del dolor<\/h3>\n<p>Uno de los principales objetivos de la fisioterapia es el alivio del dolor. A trav\u00e9s de ejercicios terap\u00e9uticos espec\u00edficos y t\u00e9cnicas especializadas, los fisioterapeutas ayudan a reducir los s\u00edntomas de dolor. Este enfoque puede conducir a mejoras significativas sin la necesidad de medicamentos para el dolor. Se pueden emplear t\u00e9cnicas como la terapia manual, la aplicaci\u00f3n de calor y la estimulaci\u00f3n el\u00e9ctrica para proporcionar un alivio inmediato y promover la curaci\u00f3n a largo plazo.<\/p>\n<h3>Restablecimiento de la funci\u00f3n<\/h3>\n<p>La fisioterapia se centra en restaurar la funci\u00f3n mejorando la fuerza, la flexibilidad y la coordinaci\u00f3n. Se elaboran planes de tratamiento personalizados para mejorar la movilidad, acelerar el tiempo de recuperaci\u00f3n y permitir a los pacientes realizar las tareas cotidianas y volver al trabajo m\u00e1s r\u00e1pidamente despu\u00e9s de un accidente de coche.<\/p>\n<h3>Curaci\u00f3n del v\u00e9rtigo<\/h3>\n<p>Algunas personas experimentan v\u00e9rtigo o mareos despu\u00e9s de un accidente de coche, a menudo debido a los impactos del sistema vestibular. Los fisioterapeutas est\u00e1n equipados para proporcionar rehabilitaci\u00f3n vestibular, que incluye ejercicios dise\u00f1ados para mejorar el equilibrio y reducir los mareos. Este tratamiento espec\u00edfico puede ayudar a los pacientes a recuperar la estabilidad y la confianza en sus movimientos, que es esencial para la recuperaci\u00f3n de lesiones por accidente de coche.<\/p>\n<h3>Evitar la cirug\u00eda<\/h3>\n<p>Al abordar el dolor y las limitaciones funcionales desde el principio, los pacientes pueden encontrar alivio sin necesidad de cirug\u00eda. Los fisioterapeutas trabajan en estrecha colaboraci\u00f3n con los pacientes para supervisar los progresos y ajustar los planes de tratamiento en consecuencia, asegurando que la recuperaci\u00f3n va por buen camino y previniendo el dolor cr\u00f3nico. Si se ha visto implicado en un accidente de tr\u00e1fico, considere la posibilidad de acudir a un fisioterapeuta cualificado para iniciar el camino hacia la curaci\u00f3n.<\/p>\n<h2>Lesiones comunes en accidentes de coche que tratamos<\/h2>\n<p>En las secuelas de un accidente de coche, pueden surgir varias lesiones, cada una de las cuales requiere atenci\u00f3n y cuidados espec\u00edficos. En Hurt 911 Colorado Injury Centers, proporcionamos tratamientos eficaces de fisioterapia para estas lesiones comunes para ayudar a los pacientes a recuperarse m\u00e1s r\u00e1pido.<\/p>\n<h3>Lesiones en la cabeza<\/h3>\n<p>Los accidentes automovil\u00edsticos con frecuencia causan conmociones cerebrales o lesiones cerebrales traum\u00e1ticas. Los s\u00edntomas pueden incluir dolores de cabeza, mareos y dificultades cognitivas. Nuestros fisioterapeutas emplean terapias espec\u00edficas para controlar el dolor y mejorar la funci\u00f3n cognitiva, ayudando a los pacientes a recuperar su calidad de vida.<\/p>\n<h3>Lesiones cervicales y latigazo cervical<\/h3>\n<p>El latigazo cervical es una de las lesiones m\u00e1s comunes en los accidentes de tr\u00e1fico. Se produce cuando el cuello recibe una sacudida repentina que provoca dolor y rigidez. Nuestro equipo se especializa en restaurar el movimiento y aliviar el malestar a trav\u00e9s de sesiones de fisioterapia a medida que se centran en el estiramiento y fortalecimiento de los m\u00fasculos del cuello.<\/p>\n<h3>Lesiones de espalda y hernias discales<\/h3>\n<p>Las lesiones de espalda, incluidas las hernias discales, pueden provocar dolor cr\u00f3nico y movilidad limitada. Nuestros fisioterapeutas utilizan m\u00e9todos de tratamiento no invasivos para reducir el dolor y mejorar la funci\u00f3n de la columna vertebral. Dise\u00f1amos programas de rehabilitaci\u00f3n espec\u00edficos destinados a mejorar la fuerza y la flexibilidad de la espalda, lo que permite a los pacientes volver a sus actividades cotidianas.<\/p>\n<h3>Fracturas \u00f3seas<\/h3>\n<p>Las fracturas por accidentes de tr\u00e1fico requieren un tratamiento cuidadoso para garantizar una curaci\u00f3n adecuada. Nuestros servicios de fisioterapia incluyen cuidados postoperatorios y ejercicios de rehabilitaci\u00f3n para favorecer la recuperaci\u00f3n. Hacemos hincapi\u00e9 en el fortalecimiento gradual y ejercicios de movilidad para ayudar a los pacientes a recuperar la funci\u00f3n completa y reducir el riesgo de lesiones futuras.<\/p>\n<h2>Tratamientos de fisioterapia<\/h2>\n<p><img decoding=\"async\" class=\"alignnone wp-image-2537 size-full\" src=\"https:\/\/1800hurt911co.com\/wp-content\/uploads\/2024\/09\/shutterstock_2304125513.webp\" alt=\"Physical Therapy After a Car Accident\" width=\"500\" height=\"334\" srcset=\"https:\/\/1800hurt911co.com\/wp-content\/uploads\/2024\/09\/shutterstock_2304125513.webp 500w, https:\/\/1800hurt911co.com\/wp-content\/uploads\/2024\/09\/shutterstock_2304125513-300x200.webp 300w\" sizes=\"(max-width: 500px) 100vw, 500px\" \/><\/p>\n<p>En Hurt 911 Colorado Injury Centers, entendemos los desaf\u00edos que vienen con lesiones de accidente de coche. Nuestro equipo dedicado est\u00e1 aqu\u00ed para proporcionar la ayuda y el tratamiento necesarios para una recuperaci\u00f3n acertada. Entendemos que cada lesi\u00f3n de accidente de coche es distinta. Es por eso que desarrollamos planes de tratamiento personalizado para atender sus necesidades espec\u00edficas. Nuestros fisioterapeutas evaluar su condici\u00f3n y crear una estrategia de recuperaci\u00f3n que se centra en aliviar el dolor y restaurar la funci\u00f3n. Este enfoque personalizado le ayuda a recuperar la fuerza y la movilidad de manera m\u00e1s eficaz. Utilizamos ejercicios terap\u00e9uticos, entrenamiento de fuerza y estiramientos para mejorar su recuperaci\u00f3n. Estos m\u00e9todos no s\u00f3lo reducen el dolor, sino que tambi\u00e9n mejoran la funci\u00f3n f\u00edsica general. Mediante la realizaci\u00f3n de ejercicios espec\u00edficos, puede fortalecer las estructuras corporales afectadas por el accidente y fomentar el bienestar a largo plazo. La incorporaci\u00f3n de t\u00e9cnicas de rehabilitaci\u00f3n cardiovascular al plan de recuperaci\u00f3n ayuda a recuperar la resistencia y la fuerza. Los masajes ayudan a reducir la inflamaci\u00f3n y la hinchaz\u00f3n, mejoran la circulaci\u00f3n sangu\u00ednea y reducen el dolor.<\/p>\n<h2>\u00bfPor qu\u00e9 elija los centros de lesi\u00f3n de Hurt 911 Colorado?<\/h2>\n<p>En Hurt 911 Colorado Injury Centers, damos prioridad a su recuperaci\u00f3n despu\u00e9s de un accidente de coche. Nuestro dedicado equipo de fisioterapeutas se especializa en el tratamiento de lesiones por accidentes automovil\u00edsticos, asegurando que usted reciba el m\u00e1s alto nivel de atenci\u00f3n. Entendemos los retos a los que se enfrenta, y nuestro objetivo es apoyarle en cada paso del camino.<\/p>\n<h3>Fisioterapeutas experimentados y compasivos<\/h3>\n<p>Nuestros fisioterapeutas tienen una amplia experiencia en la gesti\u00f3n de las lesiones por accidente de auto. Ellos no s\u00f3lo son expertos, sino tambi\u00e9n emp\u00e1tica, la comprensi\u00f3n de la carga emocional y f\u00edsica que un accidente puede tomar. Usted puede confiar en que usted ser\u00e1 tratado con respeto y compasi\u00f3n a lo largo de su viaje de recuperaci\u00f3n. Nuestro equipo tambi\u00e9n incluye quiropr\u00e1cticos, especialistas en el manejo del dolor, y ortopedistas.<\/p>\n<h3>Opciones de tratamiento integrales<\/h3>\n<p>El diagn\u00f3stico preciso es crucial para un tratamiento eficaz. Ofrecemos servicios de diagn\u00f3stico, incluyendo rayos X y resonancia magn\u00e9tica, para evaluar las lesiones de accidentes de auto a fondo. Estas t\u00e9cnicas de imagen permiten a nuestro equipo determinar la naturaleza exacta de sus lesiones. Ofrecemos una gama de opciones de tratamiento adaptadas a sus necesidades. Desde la atenci\u00f3n quiropr\u00e1ctica a la gesti\u00f3n del dolor y servicios ortop\u00e9dicos, nuestro enfoque es hol\u00edstico. Nos centramos en restaurar la funci\u00f3n y reducir el dolor, utilizando diversas t\u00e9cnicas para garantizar que recupere su calidad de vida.<\/p>\n<h3>Transporte gratuito<\/h3>\n<p>El acceso a la atenci\u00f3n m\u00e9dica no debe ser una carga a\u00f1adida. Por eso ofrecemos transporte gratuito de ida y vuelta a nuestras instalaciones. Este servicio est\u00e1 dise\u00f1ado para facilitarle la asistencia a las citas, garantizando que reciba el tratamiento que necesita sin el estr\u00e9s de la log\u00edstica.<\/p>\n<h3>Sin gastos de bolsillo<\/h3>\n<p>Creemos que las preocupaciones financieras no deben obstaculizar su recuperaci\u00f3n. Nuestros servicios no suponen ning\u00fan gasto para usted. Nos pagan una vez que usted gana su demanda de accidente de coche.<\/p>\n<h3>Referencias de abogados<\/h3>\n<p>Navegar por las secuelas de un accidente de coche puede ser abrumador. Podemos ponerle en contacto con profesionales jur\u00eddicos de confianza que se especializan en casos de lesiones personales. Este servicio de referencia asegura que usted tenga acceso al apoyo legal que necesita para obtener una compensaci\u00f3n justa por sus lesiones. Elegir los Centros de Lesiones Hurt 911 Colorado significa elegir un camino hacia la recuperaci\u00f3n que es de apoyo, integral y centrado en su bienestar. P\u00f3ngase en contacto con nosotros hoy para comenzar su viaje hacia la curaci\u00f3n.<\/p>\n<h2>P\u00f3ngase en contacto con un fisioterapeuta de accidentes automovil\u00edsticos de Commerce City<\/h2>\n<p><img decoding=\"async\" class=\"alignnone wp-image-2064\" src=\"https:\/\/1800hurt911co.com\/wp-content\/uploads\/2020\/12\/banner-bg1-copy-1024x254.webp\" alt=\"1-800-HURT911\" width=\"500\" height=\"124\" srcset=\"https:\/\/1800hurt911co.com\/wp-content\/uploads\/2020\/12\/banner-bg1-copy-1024x254.webp 1024w, https:\/\/1800hurt911co.com\/wp-content\/uploads\/2020\/12\/banner-bg1-copy-300x75.webp 300w, https:\/\/1800hurt911co.com\/wp-content\/uploads\/2020\/12\/banner-bg1-copy-768x191.webp 768w, https:\/\/1800hurt911co.com\/wp-content\/uploads\/2020\/12\/banner-bg1-copy-1536x382.webp 1536w, https:\/\/1800hurt911co.com\/wp-content\/uploads\/2020\/12\/banner-bg1-copy.webp 1920w\" sizes=\"(max-width: 500px) 100vw, 500px\" \/><\/p>\n<p>Si usted o un ser querido ha estado involucrado en un accidente de coche, la intervenci\u00f3n oportuna es crucial para la recuperaci\u00f3n efectiva. En Hurt 911 Colorado Injury Centers, entendemos los desaf\u00edos que usted enfrenta durante este tiempo dif\u00edcil. Nuestro equipo dedicado est\u00e1 aqu\u00ed para asistirle en cada paso del camino. P\u00f3ngase en contacto con nosotros para una consulta gratuita. Nuestro experimentado personal puede responder a sus preguntas acerca de la terapia f\u00edsica y c\u00f3mo puede ayudar en su recuperaci\u00f3n. Ofrecemos una amplia gama de servicios adaptados a sus necesidades espec\u00edficas. Tanto si necesita tratamiento del dolor, ejercicios terap\u00e9uticos o diagn\u00f3stico por imagen, tenemos todo lo que necesita. No deje que el dolor y las lesiones le frenen. P\u00f3ngase en contacto con nosotros hoy mismo por tel\u00e9fono, mensaje de texto o a trav\u00e9s de nuestro sitio web. Estamos listos para ayudarle a recuperar su fuerza y movilidad. Su camino hacia la recuperaci\u00f3n comienza aqu\u00ed.<\/p>\n","protected":false},"excerpt":{"rendered":"<p>\u00bfNecesita un accidente de coche fisioterapeuta en Commerce City? Experimentar un accidente de coche puede dar lugar a diversas lesiones que pueden obstaculizar su vida diaria y el trabajo. Un fisioterapeuta del accidente de coche de la ciudad del comercio se especializa en ayudar a individuos a recuperarse de estas lesiones. Nuestro equipo en Hurt [&hellip;]<\/p>\n","protected":false},"author":6,"featured_media":0,"parent":4325,"menu_order":0,"comment_status":"closed","ping_status":"closed","template":"","meta":{"_acf_changed":false,"footnotes":""},"class_list":["post-4338","page","type-page","status-publish","hentry"],"acf":[],"_links":{"self":[{"href":"https:\/\/1800hurt911co.com\/es\/wp-json\/wp\/v2\/pages\/4338","targetHints":{"allow":["GET"]}}],"collection":[{"href":"https:\/\/1800hurt911co.com\/es\/wp-json\/wp\/v2\/pages"}],"about":[{"href":"https:\/\/1800hurt911co.com\/es\/wp-json\/wp\/v2\/types\/page"}],"author":[{"embeddable":true,"href":"https:\/\/1800hurt911co.com\/es\/wp-json\/wp\/v2\/users\/6"}],"replies":[{"embeddable":true,"href":"https:\/\/1800hurt911co.com\/es\/wp-json\/wp\/v2\/comments?post=4338"}],"version-history":[{"count":2,"href":"https:\/\/1800hurt911co.com\/es\/wp-json\/wp\/v2\/pages\/4338\/revisions"}],"predecessor-version":[{"id":4340,"href":"https:\/\/1800hurt911co.com\/es\/wp-json\/wp\/v2\/pages\/4338\/revisions\/4340"}],"up":[{"embeddable":true,"href":"https:\/\/1800hurt911co.com\/es\/wp-json\/wp\/v2\/pages\/4325"}],"wp:attachment":[{"href":"https:\/\/1800hurt911co.com\/es\/wp-json\/wp\/v2\/media?parent=4338"}],"curies":[{"name":"wp","href":"https:\/\/api.w.org\/{rel}","templated":true}]}}