{"id":4341,"date":"2024-09-16T12:28:32","date_gmt":"2024-09-16T16:28:32","guid":{"rendered":"https:\/\/1800hurt911co.com\/commerce-city\/commerce-city-tratamiento-de-accidentes\/"},"modified":"2024-10-02T04:11:06","modified_gmt":"2024-10-02T10:11:06","slug":"commerce-city-tratamiento-de-accidentes","status":"publish","type":"page","link":"https:\/\/1800hurt911co.com\/es\/commerce-city\/commerce-city-tratamiento-de-accidentes\/","title":{"rendered":"Commerce City Tratamiento de accidentes"},"content":{"rendered":"<h2>Tratamiento de accidentes de tr\u00e1fico en Commerce City<\/h2>\n<p>Si usted ha sido herido en un accidente automovil\u00edstico, buscar el tratamiento m\u00e9dico adecuado es crucial. En Hurt 911 Colorado Injury Centers, nos dedicamos a ofrecer un tratamiento excepcional para accidentes automovil\u00edsticos en Commerce City. Tanto si ha sufrido un latigazo cervical como una lesi\u00f3n cerebral traum\u00e1tica, nuestro equipo est\u00e1 aqu\u00ed para ayudarle a recuperarse. Nuestros servicios incluyen la atenci\u00f3n quiropr\u00e1ctica, terapia f\u00edsica, diagn\u00f3stico por imagen, y el manejo del dolor. Nuestros especialistas ortop\u00e9dicos pueden realizar cirug\u00eda para lesiones graves. Podemos referirle a un abogado con experiencia. P\u00f3ngase en contacto con nuestro centro de tratamiento de accidentes de coche Commerce City hoy para una consulta gratuita.<\/p>\n<h2>\u00bfPor qu\u00e9 buscar atenci\u00f3n m\u00e9dica inmediata despu\u00e9s de un accidente de coche?<\/h2>\n<p><img fetchpriority=\"high\" decoding=\"async\" class=\"alignnone wp-image-2830 size-full\" src=\"https:\/\/1800hurt911co.com\/wp-content\/uploads\/2024\/09\/whiplash-injury-car-accident.webp\" alt=\"Car Accident Treatment Concept, Driver With Whiplash\" width=\"500\" height=\"334\" srcset=\"https:\/\/1800hurt911co.com\/wp-content\/uploads\/2024\/09\/whiplash-injury-car-accident.webp 500w, https:\/\/1800hurt911co.com\/wp-content\/uploads\/2024\/09\/whiplash-injury-car-accident-300x200.webp 300w\" sizes=\"(max-width: 500px) 100vw, 500px\" \/><\/p>\n<p>Tras un accidente de coche, es crucial buscar atenci\u00f3n m\u00e9dica inmediata. Muchas personas pueden sentirse bien inicialmente, pero las lesiones pueden manifestarse m\u00e1s tarde. Una evaluaci\u00f3n profesional puede descubrir lesiones ocultas que podr\u00edan no ser evidentes de inmediato. Condiciones como el latigazo cervical, lesiones de tejidos blandos, o incluso lesiones cerebrales traum\u00e1ticas pueden desarrollarse con el tiempo, dando lugar a complicaciones si no se tratan. Adem\u00e1s, la atenci\u00f3n m\u00e9dica r\u00e1pida sirve como documentaci\u00f3n esencial para su caso de accidente de coche. Los historiales m\u00e9dicos proporcionan pruebas fundamentales de sus lesiones y tratamiento, lo que puede reforzar su reclamaci\u00f3n contra la compa\u00f1\u00eda de seguros. Esta documentaci\u00f3n es vital para establecer el alcance de sus lesiones y la compensaci\u00f3n necesaria para sus gastos m\u00e9dicos, salarios perdidos, y el dolor y el sufrimiento. Actuar con rapidez no s\u00f3lo contribuye a su recuperaci\u00f3n, sino que tambi\u00e9n protege sus derechos en caso de reclamaci\u00f3n por lesiones personales. No espere a que empeoren los s\u00edntomas. D\u00e9 prioridad a su salud y bienestar buscando atenci\u00f3n m\u00e9dica poco despu\u00e9s de un accidente de coche.<\/p>\n<h2>Opciones de tratamiento despu\u00e9s de un accidente de coche<\/h2>\n<p>En Hurt 911 Colorado Injury Centers, ofrecemos un tratamiento integral de accidente de coche adaptado a las necesidades de cada paciente. Nuestra atenci\u00f3n se centra en proporcionar una atenci\u00f3n eficaz que aborde tanto los problemas de salud inmediatos como a largo plazo despu\u00e9s de un accidente de coche.<\/p>\n<h3>Tratamiento Quiropr\u00e1ctico<\/h3>\n<p>Nuestros quiropr\u00e1cticos experimentados en accidentes de coche utilizan ajustes de la columna para aliviar el dolor y restaurar la funci\u00f3n. El cuidado quiropr\u00e1ctico ayuda a mejorar la movilidad, reducir la inflamaci\u00f3n y apoyar el proceso de curaci\u00f3n. Los ajustes quiropr\u00e1cticos son especialmente beneficiosos para las lesiones de cuello y espalda.<\/p>\n<h3>Fisioterapia<\/h3>\n<p>La fisioterapia es esencial para la recuperaci\u00f3n despu\u00e9s de un accidente de coche. Nuestros fisioterapeutas desarrollan programas de rehabilitaci\u00f3n personalizados destinados a restaurar la fuerza y la flexibilidad. Gu\u00edan a los pacientes a trav\u00e9s de ejercicios dise\u00f1ados para mejorar el movimiento y reducir el dolor. La terapia de masaje ayuda a aliviar la rigidez y el dolor.<\/p>\n<h3>Servicios de diagn\u00f3stico<\/h3>\n<p>Para evaluar con precisi\u00f3n las lesiones causadas por accidentes de tr\u00e1fico, ofrecemos servicios avanzados de diagn\u00f3stico, como radiograf\u00edas y resonancias magn\u00e9ticas. Estas herramientas permiten a nuestros profesionales m\u00e9dicos identificar afecciones como fracturas o lesiones cerebrales traum\u00e1ticas. La detecci\u00f3n precoz es crucial para un tratamiento eficaz y la planificaci\u00f3n de la recuperaci\u00f3n.<\/p>\n<h3>Tratamiento del dolor<\/h3>\n<p>La gesti\u00f3n del dolor es una prioridad para nuestros m\u00e9dicos Commerce City accidente de coche. Ofrecemos una variedad de opciones de manejo del dolor, incluyendo ajustes quiropr\u00e1cticos, modalidades de terapia f\u00edsica, y la gesti\u00f3n de la medicaci\u00f3n. Nuestro objetivo es aliviar el dolor, mientras que la promoci\u00f3n de la curaci\u00f3n, permitiendo a los pacientes a regresar a sus actividades diarias tan pronto como sea posible.<\/p>\n<h3>Cuidados ortop\u00e9dicos<\/h3>\n<p>Nuestros especialistas en ortopedia tratan afecciones relacionadas con los huesos, las articulaciones y los tejidos blandos. Ya sea un hueso roto o una lesi\u00f3n grave que requiera cirug\u00eda ortop\u00e9dica, nuestro equipo ortop\u00e9dico puede proporcionar un tratamiento integral. En Hurt 911 Colorado Injury Centers, estamos comprometidos a ayudar a las v\u00edctimas de accidentes automovil\u00edsticos a recuperarse por completo. Nuestro enfoque multidisciplinario asegura que cada paciente reciba la mejor atenci\u00f3n posible adaptada a sus necesidades \u00fanicas. Si usted ha estado involucrado en un accidente de coche en Commerce City, p\u00f3ngase en contacto con nosotros para una consulta gratuita y comenzar su camino hacia la recuperaci\u00f3n hoy.<\/p>\n<h2>Lesiones comunes de accidentes de coche<\/h2>\n<p><img decoding=\"async\" class=\"alignnone wp-image-2542 size-full\" src=\"https:\/\/1800hurt911co.com\/wp-content\/uploads\/2024\/09\/shutterstock_2500528345.webp\" alt=\"Car Accident Treatment in Commerce City, Colorado\" width=\"500\" height=\"333\" srcset=\"https:\/\/1800hurt911co.com\/wp-content\/uploads\/2024\/09\/shutterstock_2500528345.webp 500w, https:\/\/1800hurt911co.com\/wp-content\/uploads\/2024\/09\/shutterstock_2500528345-300x200.webp 300w\" sizes=\"(max-width: 500px) 100vw, 500px\" \/><\/p>\n<p>Los accidentes de tr\u00e1fico pueden provocar diversas lesiones, algunas de las cuales pueden no ser evidentes de inmediato. La comprensi\u00f3n de estas lesiones comunes de accidentes de coche y sus opciones de tratamiento es crucial para la recuperaci\u00f3n.<\/p>\n<h3>Latigazo cervical<\/h3>\n<p>El latigazo cervical es una lesi\u00f3n com\u00fan resultante del movimiento repentino de la cabeza durante una colisi\u00f3n. Los s\u00edntomas pueden incluir dolor de cuello, rigidez y dolores de cabeza. El tratamiento suele incluir cuidados quiropr\u00e1cticos, fisioterapia y t\u00e9cnicas de control del dolor para aliviar las molestias y recuperar la movilidad.<\/p>\n<h3>Lesiones de tejidos blandos<\/h3>\n<p>Las lesiones de tejidos blandos, como esguinces, distensiones y contusiones, son frecuentes tras un accidente de tr\u00e1fico. Estas lesiones pueden afectar a m\u00fasculos, ligamentos y tendones. El tratamiento suele incluir reposo, aplicaci\u00f3n de hielo, compresi\u00f3n y elevaci\u00f3n (RICE), junto con fisioterapia para favorecer la curaci\u00f3n y recuperar fuerzas.<\/p>\n<h3>Lesiones de espalda y de la m\u00e9dula espinal<\/h3>\n<p>Las lesiones de espalda, incluidas las hernias discales y las lesiones de la m\u00e9dula espinal, pueden ser consecuencia del impacto de un accidente. Estas lesiones pueden provocar dolor cr\u00f3nico y problemas de movilidad. Las evaluaciones m\u00e9dicas, el diagn\u00f3stico por imagen y un plan de tratamiento adaptado son esenciales para la recuperaci\u00f3n. Las opciones pueden incluir fisioterapia, ajustes quiropr\u00e1cticos y, en casos graves, intervenci\u00f3n quir\u00fargica.<\/p>\n<h3>Fracturas \u00f3seas<\/h3>\n<p>Las fracturas son otra consecuencia grave de los accidentes de tr\u00e1fico. Dependiendo de la gravedad, el tratamiento puede ir desde la inmovilizaci\u00f3n con una escayola hasta procedimientos quir\u00fargicos para realinear los huesos. A menudo es necesaria la rehabilitaci\u00f3n mediante fisioterapia para recuperar la funci\u00f3n y la fuerza.<\/p>\n<h3>Lesiones cerebrales traum\u00e1ticas<\/h3>\n<p>Las lesiones cerebrales traum\u00e1ticas pueden producirse por un impacto violento y provocar s\u00edntomas como confusi\u00f3n, mareos y problemas de memoria. La atenci\u00f3n m\u00e9dica inmediata es fundamental. El tratamiento puede incluir monitorizaci\u00f3n, medicaci\u00f3n y terapias de rehabilitaci\u00f3n para apoyar la recuperaci\u00f3n cognitiva y f\u00edsica. Reconocer y tratar estas lesiones de accidente de auto con prontitud puede afectar significativamente su viaje de recuperaci\u00f3n. La b\u00fasqueda de tratamiento en los Centros de Lesiones Hurt 911 Colorado asegura que usted reciba la atenci\u00f3n que necesita para recuperarse de manera efectiva y volver a su vida cotidiana.<\/p>\n<h2>La ventaja de los centros de lesi\u00f3n de Hurt 911 Colorado<\/h2>\n<p>En Hurt 911 Colorado Injury Centers, damos prioridad a su recuperaci\u00f3n despu\u00e9s de un accidente de coche. Nuestro enfoque integral nos diferencia de otras opciones de tratamiento en Commerce City. Entendemos que navegar por las secuelas de un accidente de coche puede ser abrumador. Es por eso que ofrecemos ventajas \u00fanicas para ayudarle a volver sobre sus pies.<\/p>\n<h3>Transporte gratuito para los pacientes<\/h3>\n<p>Llegar a sus citas m\u00e9dicas no debe a\u00f1adir a su estr\u00e9s. Proporcionamos transporte gratuito de ida y vuelta a nuestros centros.<\/p>\n<h3>Sin gastos de bolsillo<\/h3>\n<p>\u00bfPreocupado por la acumulaci\u00f3n de gastos m\u00e9dicos? En Hurt 911, trabajamos sin gastos de bolsillo. Nuestros m\u00e9dicos de accidentes automovil\u00edsticos de Commerce City cobran una vez que usted gana su caso.<\/p>\n<h3>Referencias de abogados con experiencia en accidentes automovil\u00edsticos<\/h3>\n<p>Nuestro compromiso no termina con el tratamiento m\u00e9dico. Entendemos la importancia de la representaci\u00f3n legal con experiencia. Podemos remitirle a un abogado especializado en accidentes de coche que defender\u00e1 sus derechos y buscar\u00e1 una compensaci\u00f3n justa en su nombre. En Hurt 911 Colorado Injury Centers, nos dedicamos a proporcionar una experiencia sin problemas y de apoyo para las v\u00edctimas de accidentes de coche. Nuestra atenci\u00f3n se centra en su recuperaci\u00f3n, tanto f\u00edsica como financieramente, asegurando que usted tenga los recursos que necesita para sanar eficazmente.<\/p>\n<h2>Responsabilidad y Compensaci\u00f3n en un Caso de Accidente de Coche<\/h2>\n<p><img decoding=\"async\" class=\"alignnone wp-image-2555 size-full\" src=\"https:\/\/1800hurt911co.com\/wp-content\/uploads\/2024\/09\/shutterstock_2463381917.webp\" alt=\"Car Accident in Commerce City, Colorado\" width=\"500\" height=\"286\" srcset=\"https:\/\/1800hurt911co.com\/wp-content\/uploads\/2024\/09\/shutterstock_2463381917.webp 500w, https:\/\/1800hurt911co.com\/wp-content\/uploads\/2024\/09\/shutterstock_2463381917-300x172.webp 300w\" sizes=\"(max-width: 500px) 100vw, 500px\" \/><\/p>\n<p>Entender la responsabilidad es crucial despu\u00e9s de un accidente de coche. Determina qui\u00e9n tiene la culpa y es responsable de los da\u00f1os. En Commerce City, el seguro del conductor culpable normalmente paga por las lesiones y p\u00e9rdidas sufridas en un accidente. Sin embargo, establecer la responsabilidad a veces puede ser complejo. Factores tales como las leyes de tr\u00e1fico, declaraciones de testigos, y los informes de la polic\u00eda juegan un papel en la determinaci\u00f3n de la culpa. En un caso de accidente de coche, usted puede reclamar una indemnizaci\u00f3n por diversos da\u00f1os y perjuicios. Esto incluye gastos m\u00e9dicos, p\u00e9rdida de ingresos y dolor y sufrimiento. La compa\u00f1\u00eda de seguros puede ponerle trabas. Puede que intenten minimizar su indemnizaci\u00f3n o denegarle la reclamaci\u00f3n. Un abogado con experiencia en accidentes de tr\u00e1fico puede ayudarle a obtener la indemnizaci\u00f3n que se merece por las facturas m\u00e9dicas, el trauma emocional y mucho m\u00e1s. Recuerde, el proceso de presentar una reclamaci\u00f3n por accidente de coche puede ser complejo. Cuanto antes busque ayuda legal, mejor. Nuestro equipo Hurt 911 Colorado Injury Centers puede ponerle en contacto con experimentados abogados de lesiones personales que se especializan en accidentes de coche.<\/p>\n<h2>Preguntas frecuentes sobre el tratamiento de lesiones por accidente de tr\u00e1fico<\/h2>\n<h3>\u00bfQu\u00e9 debo hacer tras un accidente de tr\u00e1fico?<\/h3>\n<p>Despu\u00e9s de un accidente de coche, debe llamar a la polic\u00eda e informar de la colisi\u00f3n. Intercambie informaci\u00f3n de contacto y del seguro con el otro conductor. Haz fotos de los veh\u00edculos, del lugar del accidente y de las posibles lesiones. Consigue los datos de contacto de los testigos. Acude al m\u00e9dico lo antes posible aunque te encuentres bien. Muchas lesiones por accidente de coche, como el latigazo cervical o los da\u00f1os en tejidos blandos, pueden no mostrar s\u00edntomas inmediatos. Visitar a un profesional sanitario garantiza que cualquier lesi\u00f3n potencial se identifique y se trate con prontitud. Adem\u00e1s, la documentaci\u00f3n de sus visitas m\u00e9dicas crea un registro crucial para su demanda por accidente de coche.<\/p>\n<h3>\u00bfPueden los accidentes de coche causar dolor retardado?<\/h3>\n<p>S\u00ed, los accidentes de coche pueden causar dolor retardado. Lesiones como el latigazo cervical o lesiones internas pueden no manifestarse hasta d\u00edas o incluso semanas despu\u00e9s del accidente de coche. Es esencial que controle su estado y consulte a un m\u00e9dico si experimenta alg\u00fan s\u00edntoma nuevo o que empeora. Un tratamiento precoz puede evitar complicaciones y ayudar a su recuperaci\u00f3n.<\/p>\n<h3>\u00bfCu\u00e1nto durar\u00e1 la recuperaci\u00f3n de un accidente de coche?<\/h3>\n<p>Los tiempos de recuperaci\u00f3n var\u00edan en funci\u00f3n del tipo y la gravedad de sus lesiones. Algunos individuos pueden experimentar una r\u00e1pida recuperaci\u00f3n, mientras que otros pueden necesitar tratamiento y terapia continua. Los factores tales como edad, salud total, y adherencia a los planes del tratamiento tambi\u00e9n desempe\u00f1an un papel. En Hurt 911 Colorado Injury Centers, crearemos un plan de tratamiento personalizado para ayudarle a recuperarse a su propio ritmo.<\/p>\n<h3>\u00bfC\u00f3mo ayudan los m\u00e9dicos ortop\u00e9dicos y los fisioterapeutas a las v\u00edctimas de accidentes de coche?<\/h3>\n<p>Los m\u00e9dicos ortop\u00e9dicos y fisioterapeutas colaboran para desarrollar un plan de tratamiento integral para las v\u00edctimas de accidentes automovil\u00edsticos. Los especialistas en ortopedia diagnostican y tratan las fracturas \u00f3seas, las roturas de ligamentos y las lesiones articulares. Los fisioterapeutas se centran en la rehabilitaci\u00f3n. Este enfoque de equipo asegura que usted reciba la mejor atenci\u00f3n posible, abordando las necesidades de recuperaci\u00f3n inmediata y a largo plazo.<\/p>\n<h3>\u00bfEs demasiado tarde para ver a un m\u00e9dico de accidentes de coche?<\/h3>\n<p>Nunca es demasiado tarde para buscar atenci\u00f3n m\u00e9dica despu\u00e9s de un accidente de coche. Aunque hayan pasado semanas desde el incidente, debe consultar a un profesional sanitario. Sin embargo, lo mejor es buscar atenci\u00f3n m\u00e9dica lo antes posible. Retrasar el tratamiento puede aumentar el riesgo de dolor cr\u00f3nico y tambi\u00e9n perjudicar su reclamaci\u00f3n por accidente de coche. Nuestro equipo en Hurt 911 Colorado Injury Centers est\u00e1 aqu\u00ed para ayudarle a navegar su proceso de recuperaci\u00f3n.<\/p>\n<h2>Cont\u00e1ctenos hoy para una consulta gratis<\/h2>\n<p><img loading=\"lazy\" decoding=\"async\" class=\"alignnone wp-image-2064\" src=\"https:\/\/1800hurt911co.com\/wp-content\/uploads\/2020\/12\/banner-bg1-copy-1024x254.webp\" alt=\"1-800-HURT911\" width=\"500\" height=\"124\" srcset=\"https:\/\/1800hurt911co.com\/wp-content\/uploads\/2020\/12\/banner-bg1-copy-1024x254.webp 1024w, https:\/\/1800hurt911co.com\/wp-content\/uploads\/2020\/12\/banner-bg1-copy-300x75.webp 300w, https:\/\/1800hurt911co.com\/wp-content\/uploads\/2020\/12\/banner-bg1-copy-768x191.webp 768w, https:\/\/1800hurt911co.com\/wp-content\/uploads\/2020\/12\/banner-bg1-copy-1536x382.webp 1536w, https:\/\/1800hurt911co.com\/wp-content\/uploads\/2020\/12\/banner-bg1-copy.webp 1920w\" sizes=\"(max-width: 500px) 100vw, 500px\" \/><\/p>\n<p>Si usted ha estado implicado en un accidente de coche en Commerce City, la acci\u00f3n r\u00e1pida es crucial. En Hurt 911 Colorado Injury Centers, damos prioridad a su recuperaci\u00f3n y bienestar. Llegar a nosotros hoy para programar su consulta gratuita. No deje que las preocupaciones sobre las facturas m\u00e9dicas le detengan. Ofrecemos servicios de tratamiento de accidentes de coche sin ning\u00fan coste por adelantado. Nuestro equipo recibe el pago una vez que usted gana su caso de accidente automovil\u00edstico. Tambi\u00e9n ofrecemos transporte gratuito para los pacientes. Tome el primer paso hacia la recuperaci\u00f3n. Llame al Centro de Lesiones Hurt 911 Colorado ahora. Perm\u00edtanos ayudarle a navegar el camino hacia la curaci\u00f3n y asegurar la compensaci\u00f3n que necesita para un futuro mejor.<\/p>\n","protected":false},"excerpt":{"rendered":"<p>Tratamiento de accidentes de tr\u00e1fico en Commerce City Si usted ha sido herido en un accidente automovil\u00edstico, buscar el tratamiento m\u00e9dico adecuado es crucial. En Hurt 911 Colorado Injury Centers, nos dedicamos a ofrecer un tratamiento excepcional para accidentes automovil\u00edsticos en Commerce City. Tanto si ha sufrido un latigazo cervical como una lesi\u00f3n cerebral traum\u00e1tica, [&hellip;]<\/p>\n","protected":false},"author":6,"featured_media":0,"parent":4325,"menu_order":0,"comment_status":"closed","ping_status":"closed","template":"","meta":{"_acf_changed":false,"footnotes":""},"class_list":["post-4341","page","type-page","status-publish","hentry"],"acf":[],"_links":{"self":[{"href":"https:\/\/1800hurt911co.com\/es\/wp-json\/wp\/v2\/pages\/4341","targetHints":{"allow":["GET"]}}],"collection":[{"href":"https:\/\/1800hurt911co.com\/es\/wp-json\/wp\/v2\/pages"}],"about":[{"href":"https:\/\/1800hurt911co.com\/es\/wp-json\/wp\/v2\/types\/page"}],"author":[{"embeddable":true,"href":"https:\/\/1800hurt911co.com\/es\/wp-json\/wp\/v2\/users\/6"}],"replies":[{"embeddable":true,"href":"https:\/\/1800hurt911co.com\/es\/wp-json\/wp\/v2\/comments?post=4341"}],"version-history":[{"count":2,"href":"https:\/\/1800hurt911co.com\/es\/wp-json\/wp\/v2\/pages\/4341\/revisions"}],"predecessor-version":[{"id":4343,"href":"https:\/\/1800hurt911co.com\/es\/wp-json\/wp\/v2\/pages\/4341\/revisions\/4343"}],"up":[{"embeddable":true,"href":"https:\/\/1800hurt911co.com\/es\/wp-json\/wp\/v2\/pages\/4325"}],"wp:attachment":[{"href":"https:\/\/1800hurt911co.com\/es\/wp-json\/wp\/v2\/media?parent=4341"}],"curies":[{"name":"wp","href":"https:\/\/api.w.org\/{rel}","templated":true}]}}