{"id":4344,"date":"2024-09-16T13:36:39","date_gmt":"2024-09-16T17:36:39","guid":{"rendered":"https:\/\/1800hurt911co.com\/commerce-city\/commerce-city-diagnostico-por-imagen\/"},"modified":"2024-10-02T04:17:34","modified_gmt":"2024-10-02T10:17:34","slug":"commerce-city-diagnostico-por-imagen","status":"publish","type":"page","link":"https:\/\/1800hurt911co.com\/es\/commerce-city\/commerce-city-diagnostico-por-imagen\/","title":{"rendered":"Commerce City Diagn\u00f3stico por imagen"},"content":{"rendered":"<h2>Commerce City Diagn\u00f3stico por imagen<\/h2>\n<p>En Colorado Hurt911 Injury Centers, entendemos que un diagn\u00f3stico preciso es el primer paso en la recuperaci\u00f3n despu\u00e9s de accidentes automovil\u00edsticos, resbalones y ca\u00eddas, y otras lesiones personales. Nuestro equipo dedicado proporciona atenci\u00f3n compasiva y el estado de la t\u00e9cnica de im\u00e1genes m\u00e9dicas. Nuestros especialistas en im\u00e1genes de diagn\u00f3stico Commerce City utilizar rayos X y resonancias magn\u00e9ticas para identificar la causa ra\u00edz de los s\u00edntomas y desarrollar planes de tratamiento integral. Ayudamos a las v\u00edctimas de accidentes y sus abogados de lesiones personales construir casos m\u00e1s fuertes a trav\u00e9s de la documentaci\u00f3n m\u00e9dica completa. \u00a1P\u00f3ngase en contacto con nuestra cl\u00ednica de lesiones por accidente en Commerce City, CO hoy para una consulta gratuita!<\/p>\n<h2>\u00bfPor qu\u00e9 elegir Hurt911 Colorado Injury Centers?<\/h2>\n<p><img fetchpriority=\"high\" decoding=\"async\" class=\"alignnone size-full wp-image-2936\" src=\"https:\/\/1800hurt911co.com\/wp-content\/uploads\/2024\/09\/diagnostic-imaging-x-ray.webp\" alt=\"Diagnostic Imaging, X-Ray\" width=\"500\" height=\"334\" srcset=\"https:\/\/1800hurt911co.com\/wp-content\/uploads\/2024\/09\/diagnostic-imaging-x-ray.webp 500w, https:\/\/1800hurt911co.com\/wp-content\/uploads\/2024\/09\/diagnostic-imaging-x-ray-300x200.webp 300w\" sizes=\"(max-width: 500px) 100vw, 500px\" \/><\/p>\n<p>Cuando se trata de diagn\u00f3stico por imagen en Commerce City, usted quiere un equipo que entiende tanto los aspectos m\u00e9dicos y legales de los casos de lesiones personales. Aqu\u00ed hay varias razones por las que debe elegir Colorado Hurt911 Injury Centers para sus necesidades ambulatorias de diagn\u00f3stico por imagen.<\/p>\n<h3>Cuidado compasivo para las v\u00edctimas del accidente<\/h3>\n<p>En los centros de lesi\u00f3n de Colorado Hurt911, proporcionamos el cuidado especializado adaptado a las necesidades \u00fanicas de v\u00edctimas del accidente. Nuestro equipo tiene experiencia en el tratamiento de pacientes que han sufrido lesiones en accidentes automovil\u00edsticos, resbalones y ca\u00eddas, y otros incidentes de lesiones personales. Entendemos el trauma y el dolor asociado con este tipo de eventos, y nuestro personal compasivo trabaja diligentemente para asegurarse de que su salud y bienestar son las principales prioridades. Nuestros servicios de tratamiento de lesiones Commerce City incluyen:<\/p>\n<ul>\n<li>La atenci\u00f3n quiropr\u00e1ctica<\/li>\n<li>Terapia F\u00edsica<\/li>\n<li>Atenci\u00f3n ortop\u00e9dica, incluyendo cirug\u00eda ortop\u00e9dica<\/li>\n<li>Manejo del dolor<\/li>\n<li>Estado-of-the-art Tecnolog\u00eda de Imagen<\/li>\n<\/ul>\n<p>Nuestro centro de diagn\u00f3stico por imagen en Commerce City est\u00e1 equipado con las \u00faltimas herramientas para garantizar una imagen detallada y precisa de las lesiones. Si usted necesita una radiograf\u00eda o una resonancia magn\u00e9tica, nuestra tecnolog\u00eda de vanguardia nos permite diagnosticar con precisi\u00f3n las condiciones m\u00e9dicas que afectan a los huesos, tejidos y \u00f3rganos internos. Estas im\u00e1genes avanzadas no s\u00f3lo ayudan a los m\u00e9dicos a determinar el curso correcto de tratamiento de lesiones, sino que tambi\u00e9n fortalece la documentaci\u00f3n m\u00e9dica necesaria para su caso de lesiones personales.<\/p>\n<h3>Transporte gratuito<\/h3>\n<p>Sabemos que llegar a las citas puede ser un reto, especialmente si usted ha sido herido en un accidente. Es por eso que Colorado Hurt911 Injury Centers ofrece transporte gratuito desde y hacia sus citas de diagn\u00f3stico por im\u00e1genes. Nuestro equipo trabaja para hacer todo el proceso lo m\u00e1s conveniente posible, lo que le permite centrarse en su recuperaci\u00f3n.<\/p>\n<h3>No hay gastos de bolsillo para la atenci\u00f3n de lesiones personales<\/h3>\n<p>Una de las principales ventajas de elegir Colorado Hurt911 Injury Centers es que no hay costos por adelantado o de su bolsillo para sus servicios de diagn\u00f3stico por im\u00e1genes. Nuestro equipo opera sobre una base de derecho de retenci\u00f3n, lo que significa que los m\u00e9dicos se les paga s\u00f3lo cuando usted gana su caso de lesiones personales. Esto asegura que cada paciente reciba la atenci\u00f3n que necesita sin preocuparse por las limitaciones financieras. Su salud y la recuperaci\u00f3n debe ser el foco, y nuestra cl\u00ednica de lesiones Commerce City est\u00e1 aqu\u00ed para proporcionar el apoyo que necesita.<\/p>\n<h3>Remisiones de abogados de lesiones personales<\/h3>\n<p>Si usted todav\u00eda no tiene representaci\u00f3n legal, podemos ayudar a conectar con un abogado de lesiones personales que le puede guiar a trav\u00e9s del proceso legal. Tenemos relaciones de larga data con los mejores abogados de lesiones personales en el \u00e1rea de Commerce City. Estos abogados tienen la experiencia para asegurar la m\u00e1xima compensaci\u00f3n para las v\u00edctimas de accidentes. resultados de las im\u00e1genes m\u00e9dicas y la documentaci\u00f3n puede fortalecer su caso.<\/p>\n<h2>Pruebas diagn\u00f3sticas por imagen que ofrecemos<\/h2>\n<p><img decoding=\"async\" class=\"alignnone wp-image-2937 size-full\" src=\"https:\/\/1800hurt911co.com\/wp-content\/uploads\/2024\/09\/diagnostic-imagin-mri.webp\" alt=\"Diagnostic Imaging in Commerce City, MRI Machine\" width=\"500\" height=\"334\" srcset=\"https:\/\/1800hurt911co.com\/wp-content\/uploads\/2024\/09\/diagnostic-imagin-mri.webp 500w, https:\/\/1800hurt911co.com\/wp-content\/uploads\/2024\/09\/diagnostic-imagin-mri-300x200.webp 300w\" sizes=\"(max-width: 500px) 100vw, 500px\" \/><\/p>\n<p>Nuestros especialistas en diagn\u00f3stico por imagen de Commerce City utilizan radiograf\u00edas y resonancias magn\u00e9ticas para identificar la causa ra\u00edz de los s\u00edntomas y desarrollar planes de tratamiento integrales.<\/p>\n<h3>Rayos X<\/h3>\n<p>Los rayos X son una de las formas m\u00e1s utilizadas de diagn\u00f3stico por imagen. Esta t\u00e9cnica no invasiva utiliza dosis bajas de radiaci\u00f3n para crear im\u00e1genes de sus huesos, tejidos y \u00f3rganos internos. En Hurt911 Colorado Injury Centers, nuestros servicios de rayos X son cruciales en el diagn\u00f3stico de lesiones tales como fracturas, dislocaciones, y otras condiciones que afectan a los huesos. Estas im\u00e1genes proporcionan a los m\u00e9dicos informaci\u00f3n detallada sobre el alcance de sus lesiones, lo cual es esencial para desarrollar un plan de tratamiento adecuado. Las radiograf\u00edas son especialmente \u00fatiles para diagnosticar<\/p>\n<ul>\n<li>Fracturas y huesos rotos<\/li>\n<li>Dislocaciones<\/li>\n<li>Problemas articulares<\/li>\n<li>Infecciones en huesos y tejidos<\/li>\n<\/ul>\n<p>Nuestros radi\u00f3logos se asegurar\u00e1n de que reciba resultados r\u00e1pidos y precisos, lo que permitir\u00e1 a su m\u00e9dico tomar decisiones informadas sobre su atenci\u00f3n.<\/p>\n<h3>Resonancias magn\u00e9ticas<\/h3>\n<p>La Resonancia Magn\u00e9tica (RM) es otra poderosa herramienta de diagn\u00f3stico disponible en los Centros de Lesiones Colorado Hurt911. A diferencia de los rayos X, que utilizan radiaci\u00f3n, las exploraciones de MRI utilizan campos magn\u00e9ticos y ondas de radio para crear im\u00e1genes detalladas de las estructuras internas de su cuerpo. Esta tecnolog\u00eda es particularmente \u00fatil para diagnosticar lesiones de tejidos blandos que pueden no aparecer en una radiograf\u00eda. Las resonancias magn\u00e9ticas se utilizan a menudo para diagnosticar<\/p>\n<ul>\n<li>Rotura de ligamentos y tendones<\/li>\n<li>Lesiones musculares<\/li>\n<li>Lesiones de la m\u00e9dula espinal<\/li>\n<li>Lesiones cerebrales<\/li>\n<li>Da\u00f1os en articulaciones y cart\u00edlagos<\/li>\n<\/ul>\n<p>Para los pacientes que han sufrido una lesi\u00f3n personal, las resonancias magn\u00e9ticas pueden proporcionar a los m\u00e9dicos la informaci\u00f3n detallada necesaria para determinar el alcance total de sus lesiones. Estas exploraciones son cruciales para crear una documentaci\u00f3n m\u00e9dica completa que respalde su demanda por lesiones personales.<\/p>\n<h2>Qu\u00e9 esperar durante una resonancia magn\u00e9tica<\/h2>\n<p>Muchos pacientes se preguntan c\u00f3mo es la experiencia de una RMN. Durante el procedimiento, se tumbar\u00e1 en una camilla acolchada que se desliza dentro de la m\u00e1quina de RM. El procedimiento suele durar entre 30 y 60 minutos, dependiendo de la zona explorada. Es posible que oiga fuertes golpes o chasquidos, pero se le proporcionar\u00e1 protecci\u00f3n auditiva para garantizar su comodidad. Es esencial permanecer lo m\u00e1s quieto posible durante la exploraci\u00f3n para producir im\u00e1genes claras. El equipo de Hurt911 Colorado Injury Centers se compromete a hacer su experiencia de resonancia magn\u00e9tica tan suave y libre de estr\u00e9s como sea posible. Nuestro personal le guiar\u00e1 a trav\u00e9s del proceso y abordar\u00e1 cualquier preocupaci\u00f3n que pueda tener sobre el procedimiento.<\/p>\n<h2>Fortalecimiento de su caso de lesiones personales con im\u00e1genes m\u00e9dicas<\/h2>\n<p>Las im\u00e1genes m\u00e9dicas desempe\u00f1an un papel fundamental en los casos de lesiones personales. El diagn\u00f3stico por imagen preciso proporciona documentaci\u00f3n detallada de sus lesiones, que puede ser utilizada por su abogado de lesiones personales para fortalecer su caso. Ya se trate de radiograf\u00edas o resonancias magn\u00e9ticas, las im\u00e1genes producidas pueden servir como evidencia vital para demostrar el alcance de sus lesiones y apoyar su reclamo de compensaci\u00f3n. Al elegir Hurt911 Colorado Injury Centers, se asegura de que sus registros m\u00e9dicos sean completos, detallados y de f\u00e1cil acceso para su equipo legal. Esto puede mejorar significativamente las posibilidades de asegurar un acuerdo favorable en su caso de lesiones personales.<\/p>\n<h2>Preguntas frecuentes sobre el diagn\u00f3stico por imagen<\/h2>\n<h3>\u00bfC\u00f3mo prepararse para una resonancia magn\u00e9tica?<\/h3>\n<p>Antes de someterse a una resonancia magn\u00e9tica, es importante que siga las instrucciones de su m\u00e9dico. Es posible que tenga que quitarse objetos met\u00e1licos como joyas, gafas o relojes, ya que los campos magn\u00e9ticos utilizados durante la exploraci\u00f3n pueden interferir con estos objetos. Tambi\u00e9n se le pedir\u00e1 que lleve una bata de hospital durante el procedimiento. Si usted se siente ansioso acerca de la resonancia magn\u00e9tica, informe a nuestro equipo &#8211; estamos aqu\u00ed para ayudar a que la experiencia sea lo m\u00e1s c\u00f3moda posible.<\/p>\n<h3>\u00bfEs segura una resonancia magn\u00e9tica?<\/h3>\n<p>S\u00ed, las resonancias magn\u00e9ticas son generalmente muy seguras. El procedimiento utiliza campos magn\u00e9ticos en lugar de radiaci\u00f3n, por lo que es una opci\u00f3n m\u00e1s segura para examinar los tejidos blandos y los \u00f3rganos internos. Sin embargo, si tiene alg\u00fan implante o dispositivo met\u00e1lico en el cuerpo (como un marcapasos), es importante que se lo comunique al equipo m\u00e9dico con antelaci\u00f3n.<\/p>\n<h3>\u00bfExisten riesgos con las radiograf\u00edas?<\/h3>\n<p>Las radiograf\u00edas utilizan una peque\u00f1a cantidad de radiaci\u00f3n, que conlleva un riesgo m\u00ednimo. La exposici\u00f3n suele ser muy baja y los beneficios del diagn\u00f3stico de enfermedades superan con creces los riesgos. Si usted est\u00e1 preocupado acerca de la exposici\u00f3n a la radiaci\u00f3n, hable con su m\u00e9dico para abordar cualquier pregunta o preocupaci\u00f3n.<\/p>\n<h2>Programe su diagn\u00f3stico por imagen en Commerce City<\/h2>\n<p><img decoding=\"async\" class=\"alignnone wp-image-2064\" src=\"https:\/\/1800hurt911co.com\/wp-content\/uploads\/2020\/12\/banner-bg1-copy-1024x254.webp\" alt=\"1-800-HURT911\" width=\"500\" height=\"124\" srcset=\"https:\/\/1800hurt911co.com\/wp-content\/uploads\/2020\/12\/banner-bg1-copy-1024x254.webp 1024w, https:\/\/1800hurt911co.com\/wp-content\/uploads\/2020\/12\/banner-bg1-copy-300x75.webp 300w, https:\/\/1800hurt911co.com\/wp-content\/uploads\/2020\/12\/banner-bg1-copy-768x191.webp 768w, https:\/\/1800hurt911co.com\/wp-content\/uploads\/2020\/12\/banner-bg1-copy-1536x382.webp 1536w, https:\/\/1800hurt911co.com\/wp-content\/uploads\/2020\/12\/banner-bg1-copy.webp 1920w\" sizes=\"(max-width: 500px) 100vw, 500px\" \/><\/p>\n<p>Si usted ha sido da\u00f1ado en un accidente, no espere para conseguir el cuidado m\u00e9dico y la proyecci\u00f3n de imagen de diagn\u00f3stico que usted necesita. Nuestro equipo en <a href=\"\/es\/\">Colorado Hurt911 Injury Centers<\/a> est\u00e1 aqu\u00ed para servir a sus necesidades con la tecnolog\u00eda m\u00e1s avanzada, la atenci\u00f3n compasiva, y sin gastos de bolsillo. Cont\u00e1ctenos hoy para programar una consulta gratuita.<\/p>\n","protected":false},"excerpt":{"rendered":"<p>Commerce City Diagn\u00f3stico por imagen En Colorado Hurt911 Injury Centers, entendemos que un diagn\u00f3stico preciso es el primer paso en la recuperaci\u00f3n despu\u00e9s de accidentes automovil\u00edsticos, resbalones y ca\u00eddas, y otras lesiones personales. Nuestro equipo dedicado proporciona atenci\u00f3n compasiva y el estado de la t\u00e9cnica de im\u00e1genes m\u00e9dicas. Nuestros especialistas en im\u00e1genes de diagn\u00f3stico Commerce [&hellip;]<\/p>\n","protected":false},"author":6,"featured_media":0,"parent":4325,"menu_order":0,"comment_status":"closed","ping_status":"closed","template":"","meta":{"_acf_changed":false,"footnotes":""},"class_list":["post-4344","page","type-page","status-publish","hentry"],"acf":[],"_links":{"self":[{"href":"https:\/\/1800hurt911co.com\/es\/wp-json\/wp\/v2\/pages\/4344","targetHints":{"allow":["GET"]}}],"collection":[{"href":"https:\/\/1800hurt911co.com\/es\/wp-json\/wp\/v2\/pages"}],"about":[{"href":"https:\/\/1800hurt911co.com\/es\/wp-json\/wp\/v2\/types\/page"}],"author":[{"embeddable":true,"href":"https:\/\/1800hurt911co.com\/es\/wp-json\/wp\/v2\/users\/6"}],"replies":[{"embeddable":true,"href":"https:\/\/1800hurt911co.com\/es\/wp-json\/wp\/v2\/comments?post=4344"}],"version-history":[{"count":2,"href":"https:\/\/1800hurt911co.com\/es\/wp-json\/wp\/v2\/pages\/4344\/revisions"}],"predecessor-version":[{"id":4346,"href":"https:\/\/1800hurt911co.com\/es\/wp-json\/wp\/v2\/pages\/4344\/revisions\/4346"}],"up":[{"embeddable":true,"href":"https:\/\/1800hurt911co.com\/es\/wp-json\/wp\/v2\/pages\/4325"}],"wp:attachment":[{"href":"https:\/\/1800hurt911co.com\/es\/wp-json\/wp\/v2\/media?parent=4344"}],"curies":[{"name":"wp","href":"https:\/\/api.w.org\/{rel}","templated":true}]}}