{"id":4347,"date":"2024-09-16T13:21:34","date_gmt":"2024-09-16T17:21:34","guid":{"rendered":"https:\/\/1800hurt911co.com\/commerce-city\/commerce-city-tratamiento-de-accidentes-de-moto\/"},"modified":"2024-10-02T04:25:20","modified_gmt":"2024-10-02T10:25:20","slug":"commerce-city-tratamiento-de-accidentes-de-moto","status":"publish","type":"page","link":"https:\/\/1800hurt911co.com\/es\/commerce-city\/commerce-city-tratamiento-de-accidentes-de-moto\/","title":{"rendered":"Commerce City Tratamiento de accidentes de moto"},"content":{"rendered":"<h2>Tratamiento de accidentes de motocicleta en Commerce City, CO<\/h2>\n<p>Los accidentes de motocicleta se encuentran entre los tipos m\u00e1s peligrosos de colisiones de veh\u00edculos, a menudo conduce a graves, lesiones que cambian la vida de los pilotos. Con poca protecci\u00f3n en comparaci\u00f3n con los ocupantes de veh\u00edculos de pasajeros, los motociclistas tienen un riesgo significativamente mayor de sufrir lesiones graves en un accidente. En Hurt911 Colorado Injury Centers, ofrecemos atenci\u00f3n personalizada que se ocupa de las necesidades \u00fanicas de las v\u00edctimas de accidentes de motocicleta. Adem\u00e1s del tratamiento de accidentes de motocicleta en Commerce City, ponemos en contacto a los pacientes con abogados expertos en lesiones personales. Nuestra misi\u00f3n es asegurar que usted reciba la mejor atenci\u00f3n y la m\u00e1xima compensaci\u00f3n. P\u00f3ngase en contacto con nosotros hoy para una consulta gratuita.<\/p>\n<h2>Lesiones comunes en accidentes de motocicleta<\/h2>\n<p><img fetchpriority=\"high\" decoding=\"async\" class=\"alignnone wp-image-2532 size-full\" src=\"https:\/\/1800hurt911co.com\/wp-content\/uploads\/2024\/09\/shutterstock_1845851293.webp\" alt=\"Motorcycle Accident in Commerce City, Colorado\" width=\"500\" height=\"334\" srcset=\"https:\/\/1800hurt911co.com\/wp-content\/uploads\/2024\/09\/shutterstock_1845851293.webp 500w, https:\/\/1800hurt911co.com\/wp-content\/uploads\/2024\/09\/shutterstock_1845851293-300x200.webp 300w\" sizes=\"(max-width: 500px) 100vw, 500px\" \/><\/p>\n<p>Los accidentes de motocicleta suelen provocar lesiones m\u00e1s graves que otros tipos de colisiones de veh\u00edculos debido a la falta de protecci\u00f3n de los motoristas. A continuaci\u00f3n se presentan algunas de las lesiones m\u00e1s comunes en accidentes de motocicleta.<\/p>\n<h3>Lesiones de cabeza y cuello<\/h3>\n<p>Las lesiones en la cabeza se encuentran entre las lesiones m\u00e1s graves y potencialmente mortales que pueden sufrir las v\u00edctimas de accidentes de motocicleta. Incluso llevando casco, los motoristas corren el riesgo de sufrir lesiones cerebrales traum\u00e1ticas (TBI). En casos graves, estas lesiones pueden provocar da\u00f1os cerebrales permanentes. Las lesiones cervicales, como el latigazo cervical y las fracturas cervicales, tambi\u00e9n son frecuentes, sobre todo en colisiones a alta velocidad.<\/p>\n<h3>Lesiones medulares<\/h3>\n<p>Las colisiones de motocicletas pueden causar lesiones devastadoras de la m\u00e9dula espinal que provocan par\u00e1lisis parcial o total. Las lesiones de la m\u00e9dula espinal pueden alterar el sistema nervioso y provocar la p\u00e9rdida de sensibilidad o de la funci\u00f3n motora por debajo del lugar de la lesi\u00f3n. Las lesiones medulares son especialmente graves y a menudo requieren rehabilitaci\u00f3n a largo plazo, incluyendo fisioterapia y cuidados especializados.<\/p>\n<h3>Fracturas \u00f3seas<\/h3>\n<p>Los accidentes de moto suelen provocar fracturas \u00f3seas, especialmente en brazos, piernas, costillas y pelvis. El impacto de salir despedido de una motocicleta o colisionar con otro veh\u00edculo suele provocar fracturas de costillas, fracturas de extremidades e incluso desfiguraci\u00f3n facial. Algunos huesos rotos pueden requerir intervenci\u00f3n quir\u00fargica para su reparaci\u00f3n.<\/p>\n<h3>Erupci\u00f3n en la carretera<\/h3>\n<p>El sarpullido es una dolorosa abrasi\u00f3n producida por el roce de la piel del motorista contra el pavimento. Las lesiones por abrasi\u00f3n pueden ser de leves a graves, y los casos m\u00e1s extremos pueden provocar cicatrices permanentes o la necesidad de injertos de piel. Si no se trata adecuadamente, puede provocar infecciones y otras complicaciones.<\/p>\n<h3>Lesiones internas<\/h3>\n<p>Los accidentes de moto tambi\u00e9n pueden causar lesiones internas que pueden no ser evidentes de inmediato, pero que pueden poner en peligro la vida si no se tratan. Las hemorragias internas, las lesiones abdominales y los da\u00f1os en \u00f3rganos internos, como el h\u00edgado, el bazo o los pulmones, son comunes en los accidentes de motocicleta de alto impacto. Estas lesiones requieren intervenci\u00f3n m\u00e9dica de emergencia.<\/p>\n<h2>Tratamiento de Accidentes de Motocicleta en los Centros de Lesiones de Colorado Hurt911<\/h2>\n<p><img decoding=\"async\" class=\"alignnone wp-image-2546 size-full\" src=\"https:\/\/1800hurt911co.com\/wp-content\/uploads\/2024\/09\/shutterstock_2145507079.webp\" alt=\"Motorcycle Accident Treatment in Commerce City\" width=\"500\" height=\"334\" srcset=\"https:\/\/1800hurt911co.com\/wp-content\/uploads\/2024\/09\/shutterstock_2145507079.webp 500w, https:\/\/1800hurt911co.com\/wp-content\/uploads\/2024\/09\/shutterstock_2145507079-300x200.webp 300w\" sizes=\"(max-width: 500px) 100vw, 500px\" \/><\/p>\n<p>En Hurt911 Colorado Injury Centers, proporcionamos el tratamiento experto del accidente de la motocicleta adaptado a las necesidades de cada paciente. Nuestro equipo de profesionales m\u00e9dicos ofrece una amplia gama de opciones de tratamiento.<\/p>\n<h3>Diagn\u00f3stico por imagen<\/h3>\n<p>Un diagn\u00f3stico preciso es la base de un tratamiento eficaz. Nuestros centros est\u00e1n equipados con avanzadas herramientas de diagn\u00f3stico por imagen, incluidas radiograf\u00edas y resonancias magn\u00e9ticas para identificar lesiones. Esto permite a nuestros m\u00e9dicos crear un plan de tratamiento personalizado que aborde todas sus lesiones.<\/p>\n<h3>Tratamiento del dolor<\/h3>\n<p>Las lesiones de motocicleta a menudo resultan en dolor cr\u00f3nico que puede afectar a la capacidad de una persona para trabajar y realizar actividades diarias. Nuestros especialistas en tratamiento del dolor trabajan con los pacientes para reducir las molestias mediante una combinaci\u00f3n de medicamentos y fisioterapia.<\/p>\n<h3>Cuidados ortop\u00e9dicos y cirug\u00eda ortop\u00e9dica<\/h3>\n<p>Nuestro equipo ortop\u00e9dico ofrece opciones de tratamiento quir\u00fargico y no quir\u00fargico para fracturas, lesiones articulares y da\u00f1os en los ligamentos. La cirug\u00eda ortop\u00e9dica puede ser necesaria para reparar fracturas graves o restablecer la funci\u00f3n de articulaciones da\u00f1adas. Nuestros especialistas est\u00e1n capacitados para realizar cirug\u00edas que ayudan a los pacientes a recuperar la movilidad y volver a sus actividades normales lo antes posible.<\/p>\n<h3>Cuidados Quiropr\u00e1cticos<\/h3>\n<p>Nuestros quiropr\u00e1cticos utilizan ajustes de la columna vertebral y otras terapias manuales para realinear la columna vertebral, reducir el dolor y promover la curaci\u00f3n. La atenci\u00f3n quiropr\u00e1ctica es especialmente \u00fatil para el latigazo cervical o lesiones lumbares sufridas en un accidente de motocicleta.<\/p>\n<h3>Fisioterapia<\/h3>\n<p>La rehabilitaci\u00f3n es un componente crucial de la recuperaci\u00f3n de un accidente de motocicleta. Nuestros fisioterapeutas dise\u00f1an programas individualizados para ayudar a los pacientes a recuperar la fuerza, la flexibilidad y la movilidad. Tanto si se est\u00e1 recuperando de una intervenci\u00f3n quir\u00fargica como si est\u00e1 tratando una lesi\u00f3n medular, la fisioterapia es esencial para la recuperaci\u00f3n a largo plazo y la prevenci\u00f3n de futuras complicaciones.<\/p>\n<h2>La ventaja de los centros de lesiones de Hurt911 Colorado<\/h2>\n<p>Al ocuparse de las consecuencias de un desplome de la motocicleta, seleccionar el centro derecho del tratamiento es crucial. En Hurt 911 Colorado Injury Centers, entendemos los desaf\u00edos \u00fanicos de motociclistas heridos. Nuestro equipo dedicado est\u00e1 aqu\u00ed para apoyarle en cada paso del camino.<\/p>\n<ul>\n<li><strong>Equipo experimentado<\/strong>: Contamos con un equipo de m\u00e9dicos y especialistas altamente cualificados, incluyendo quiropr\u00e1cticos, fisioterapeutas y expertos ortop\u00e9dicos.<\/li>\n<li><strong>Transporte gratuito<\/strong>: Ofrecemos transporte gratuito desde y hacia nuestras oficinas. Esto asegura que usted pueda acceder al tratamiento que necesita.<\/li>\n<li><strong>Referencias de abogados<\/strong>: Proporcionamos referencias a abogados con experiencia que pueden ayudarle a obtener la compensaci\u00f3n que se merece.<\/li>\n<li><strong>No hay gastos de bolsillo<\/strong>: Operamos en una base sin costo por adelantado. Usted s\u00f3lo paga por los servicios una vez que reciba compensaci\u00f3n por sus lesiones.<\/li>\n<\/ul>\n<p>Elegir los Centros de Lesiones Hurt 911 Colorado significa que est\u00e1 seleccionando expertos en el tratamiento de lesiones por accidentes de motocicleta. No navegue este viaje solo; perm\u00edtanos ayudarle a recuperar su salud y paz mental.<\/p>\n<h2>Referencias de Abogados de Accidentes de Motocicleta<\/h2>\n<p><img decoding=\"async\" class=\"alignnone wp-image-2951 size-full\" src=\"https:\/\/1800hurt911co.com\/wp-content\/uploads\/2024\/09\/hurt911-colorado-lawyer.webp\" alt=\"Motorcycle Accident Lawyer\" width=\"500\" height=\"334\" srcset=\"https:\/\/1800hurt911co.com\/wp-content\/uploads\/2024\/09\/hurt911-colorado-lawyer.webp 500w, https:\/\/1800hurt911co.com\/wp-content\/uploads\/2024\/09\/hurt911-colorado-lawyer-300x200.webp 300w\" sizes=\"(max-width: 500px) 100vw, 500px\" \/><\/p>\n<p>Adem\u00e1s de proporcionar asistencia m\u00e9dica, Hurt911 Colorado Injury Centers conecta a pacientes con ayuda legal. Cuando usted busca el tratamiento en Hurt911 Colorado Injury Centers, nuestro equipo puede referirle a un abogado experimentado del accidente de la motocicleta. Esto permite que usted se concentre en su recuperaci\u00f3n mientras su abogado lucha por sus derechos legales y persigue la compensaci\u00f3n m\u00e1xima.<\/p>\n<h2>Compensaci\u00f3n despu\u00e9s de un accidente de motocicleta<\/h2>\n<p>Las v\u00edctimas de accidentes de motocicleta en Commerce City pueden tener derecho a varias formas de compensaci\u00f3n dependiendo de la gravedad de sus lesiones y las circunstancias del accidente.<\/p>\n<ul>\n<li><strong>Facturas m\u00e9dicas<\/strong>: Esto incluye el costo de la atenci\u00f3n de emergencia, hospitalizaciones, cirug\u00edas, medicamentos, terapia f\u00edsica y otros tratamientos necesarios.<\/li>\n<li><strong>P\u00e9rdida de salario<\/strong>: Si sus lesiones le impiden trabajar, puede ser indemnizado por los salarios perdidos pasados y futuros.<\/li>\n<li><strong>Dolor y sufrimiento<\/strong>: Los motoristas lesionados pueden reclamar una indemnizaci\u00f3n por dolor f\u00edsico y trauma emocional, como depresi\u00f3n, ansiedad y trastorno de estr\u00e9s postraum\u00e1tico.<\/li>\n<li><strong>Da\u00f1os materiales<\/strong>: Si su motocicleta result\u00f3 da\u00f1ada o destruida en el accidente, podr\u00eda ser indemnizado por los costes de reparaci\u00f3n o sustituci\u00f3n.<\/li>\n<li><strong>Cicatrices permanentes o desfiguraci\u00f3n<\/strong>: Puede solicitar una indemnizaci\u00f3n por cicatrices permanentes o desfiguraci\u00f3n a causa de lesiones graves en la carretera o lesiones faciales.<\/li>\n<\/ul>\n<p>Un abogado experto en accidentes de motocicleta puede ayudarle a determinar el alcance total de sus da\u00f1os y luchar por la indemnizaci\u00f3n que necesita para cubrir los gastos inmediatos y a largo plazo.<\/p>\n<h2>Preguntas frecuentes sobre accidentes de moto<\/h2>\n<h3>\u00bfQui\u00e9n puede ser considerado responsable de un accidente de moto?<\/h3>\n<p>En muchos casos, los conductores de otros veh\u00edculos pueden ser considerados responsables si fueron negligentes, por ejemplo, por no obedecer las leyes de tr\u00e1fico. Sin embargo, la responsabilidad tambi\u00e9n puede recaer en otras partes, como el fabricante de la motocicleta si un defecto caus\u00f3 el accidente, o un municipio local si las malas condiciones de la carretera contribuyeron al accidente. Un abogado con experiencia puede investigar el accidente para determinar qui\u00e9n tiene la culpa.<\/p>\n<h3>\u00bfQu\u00e9 debo hacer tras un accidente de moto?<\/h3>\n<p>Despu\u00e9s de un accidente de moto, es crucial buscar atenci\u00f3n m\u00e9dica de inmediato, incluso si usted no cree que sus lesiones son graves. Informe del accidente a la polic\u00eda y documente la escena, incluyendo la toma de fotos y la recopilaci\u00f3n de informaci\u00f3n de contacto de los testigos. Un abogado especializado en lesiones de motocicleta puede explicarle sus opciones legales.<\/p>\n<h3>\u00bfC\u00f3mo apoya la documentaci\u00f3n m\u00e9dica mi caso de accidente de motocicleta?<\/h3>\n<p>Los registros m\u00e9dicos proporcionan una relaci\u00f3n detallada de sus lesiones, los tratamientos a los que se ha sometido y cualquier atenci\u00f3n m\u00e9dica futura que pueda necesitar. Esta documentaci\u00f3n apoya su reclamaci\u00f3n de una indemnizaci\u00f3n justa.<\/p>\n<h2>P\u00f3ngase en contacto con nuestros m\u00e9dicos de accidentes de motocicleta Commerce City hoy<\/h2>\n<p><img loading=\"lazy\" decoding=\"async\" class=\"alignnone wp-image-2064\" src=\"https:\/\/1800hurt911co.com\/wp-content\/uploads\/2020\/12\/banner-bg1-copy-1024x254.webp\" alt=\"1-800-HURT911\" width=\"500\" height=\"124\" srcset=\"https:\/\/1800hurt911co.com\/wp-content\/uploads\/2020\/12\/banner-bg1-copy-1024x254.webp 1024w, https:\/\/1800hurt911co.com\/wp-content\/uploads\/2020\/12\/banner-bg1-copy-300x75.webp 300w, https:\/\/1800hurt911co.com\/wp-content\/uploads\/2020\/12\/banner-bg1-copy-768x191.webp 768w, https:\/\/1800hurt911co.com\/wp-content\/uploads\/2020\/12\/banner-bg1-copy-1536x382.webp 1536w, https:\/\/1800hurt911co.com\/wp-content\/uploads\/2020\/12\/banner-bg1-copy.webp 1920w\" sizes=\"(max-width: 500px) 100vw, 500px\" \/><\/p>\n<p>Los accidentes de motocicleta en Commerce City a menudo resultan en lesiones graves que requieren atenci\u00f3n m\u00e9dica inmediata y completa. En <a href=\"\/es\/\">Hurt911 Colorado Injury Centers<\/a>, proporcionamos tratamiento experto en accidentes de motocicleta, incluyendo im\u00e1genes de diagn\u00f3stico, manejo del dolor, atenci\u00f3n quiropr\u00e1ctica y terapia f\u00edsica, para ayudarle a recuperarse lo m\u00e1s plenamente posible. Nuestro equipo ortop\u00e9dico puede realizar cirug\u00eda para fracturas complejas y otras lesiones graves. Tambi\u00e9n trabajamos con abogados expertos en accidentes de motocicleta para asegurarnos de que reciba el apoyo legal que necesita para obtener la indemnizaci\u00f3n que se merece.<\/p>\n","protected":false},"excerpt":{"rendered":"<p>Tratamiento de accidentes de motocicleta en Commerce City, CO Los accidentes de motocicleta se encuentran entre los tipos m\u00e1s peligrosos de colisiones de veh\u00edculos, a menudo conduce a graves, lesiones que cambian la vida de los pilotos. Con poca protecci\u00f3n en comparaci\u00f3n con los ocupantes de veh\u00edculos de pasajeros, los motociclistas tienen un riesgo significativamente [&hellip;]<\/p>\n","protected":false},"author":6,"featured_media":0,"parent":4325,"menu_order":0,"comment_status":"closed","ping_status":"closed","template":"","meta":{"_acf_changed":false,"footnotes":""},"class_list":["post-4347","page","type-page","status-publish","hentry"],"acf":[],"_links":{"self":[{"href":"https:\/\/1800hurt911co.com\/es\/wp-json\/wp\/v2\/pages\/4347","targetHints":{"allow":["GET"]}}],"collection":[{"href":"https:\/\/1800hurt911co.com\/es\/wp-json\/wp\/v2\/pages"}],"about":[{"href":"https:\/\/1800hurt911co.com\/es\/wp-json\/wp\/v2\/types\/page"}],"author":[{"embeddable":true,"href":"https:\/\/1800hurt911co.com\/es\/wp-json\/wp\/v2\/users\/6"}],"replies":[{"embeddable":true,"href":"https:\/\/1800hurt911co.com\/es\/wp-json\/wp\/v2\/comments?post=4347"}],"version-history":[{"count":2,"href":"https:\/\/1800hurt911co.com\/es\/wp-json\/wp\/v2\/pages\/4347\/revisions"}],"predecessor-version":[{"id":4349,"href":"https:\/\/1800hurt911co.com\/es\/wp-json\/wp\/v2\/pages\/4347\/revisions\/4349"}],"up":[{"embeddable":true,"href":"https:\/\/1800hurt911co.com\/es\/wp-json\/wp\/v2\/pages\/4325"}],"wp:attachment":[{"href":"https:\/\/1800hurt911co.com\/es\/wp-json\/wp\/v2\/media?parent=4347"}],"curies":[{"name":"wp","href":"https:\/\/api.w.org\/{rel}","templated":true}]}}