{"id":4351,"date":"2024-09-16T13:07:21","date_gmt":"2024-09-16T17:07:21","guid":{"rendered":"https:\/\/1800hurt911co.com\/commerce-city\/commerce-city-accidente-de-scooter\/"},"modified":"2024-10-02T07:49:24","modified_gmt":"2024-10-02T13:49:24","slug":"commerce-city-accidente-de-scooter","status":"publish","type":"page","link":"https:\/\/1800hurt911co.com\/es\/commerce-city\/commerce-city-accidente-de-scooter\/","title":{"rendered":"Commerce City Accidente de scooter"},"content":{"rendered":"<h2>Tratamiento de Accidentes de Scooter en Commerce City<\/h2>\n<p>Los accidentes de scooter se han vuelto cada vez m\u00e1s comunes, especialmente en zonas concurridas como Commerce City. Estos incidentes pueden conducir a una serie de lesiones, algunas de las cuales pueden afectar significativamente su vida diaria. La comprensi\u00f3n de la din\u00e1mica de los accidentes de scooter puede ayudar a los conductores y peatones por igual a tomar las precauciones necesarias para mantenerse a salvo. Los patinetes, sobre todo los el\u00e9ctricos, son muy populares por su comodidad y facilidad de uso. Sin embargo, tambi\u00e9n plantean riesgos \u00fanicos. Los conductores suelen estar expuestos a los elementos y carecen de las barreras protectoras que ofrecen los coches. En consecuencia, cuando se producen accidentes, los resultados pueden ser graves. Muchos accidentes de scooter ocurren debido a colisiones con veh\u00edculos, escombros de la carretera, o incluso debido a la p\u00e9rdida de control durante la conducci\u00f3n. Los conductores pueden encontrarse en situaciones peligrosas cuando circulan por las abarrotadas calles de la ciudad. Factores como la mala visibilidad, la conducci\u00f3n distra\u00edda y la falta de equipo de seguridad adecuado contribuyen a la frecuencia de estos accidentes. En Commerce City, la comprensi\u00f3n de las causas comunes y las lesiones asociadas con los accidentes de scooter es vital. Este conocimiento puede ayudarle a tomar decisiones informadas sobre la seguridad y el recurso legal si usted se encuentra involucrado en un incidente de este tipo. Si usted es un jinete scooter o un peat\u00f3n, ser conscientes de estos riesgos puede conducir a interacciones m\u00e1s seguras en la carretera.<\/p>\n<h2>Medidas inmediatas a tomar despu\u00e9s de un accidente de scooter<\/h2>\n<p><img fetchpriority=\"high\" decoding=\"async\" class=\"alignnone wp-image-2526 size-full\" src=\"https:\/\/1800hurt911co.com\/wp-content\/uploads\/2024\/09\/shutterstock_1980039440.webp\" alt=\"Scooter Accident Treatment, Scooter Accident\" width=\"500\" height=\"334\" srcset=\"https:\/\/1800hurt911co.com\/wp-content\/uploads\/2024\/09\/shutterstock_1980039440.webp 500w, https:\/\/1800hurt911co.com\/wp-content\/uploads\/2024\/09\/shutterstock_1980039440-300x200.webp 300w\" sizes=\"(max-width: 500px) 100vw, 500px\" \/><\/p>\n<p>Si te ves involucrado en un accidente de scooter, tomar las medidas adecuadas inmediatamente puede tener un impacto significativo en tu recuperaci\u00f3n y en cualquier posible reclamaci\u00f3n legal. Esto es lo que debe hacer inmediatamente despu\u00e9s del incidente.<\/p>\n<h3>Busque atenci\u00f3n m\u00e9dica inmediatamente<\/h3>\n<p>Su salud es la m\u00e1xima prioridad. Incluso si se siente bien, algunas lesiones pueden no mostrar s\u00edntomas de inmediato. Las lesiones en la cabeza, los huesos rotos y los da\u00f1os en los tejidos blandos pueden producirse sin dolor inmediato. Es crucial someterse a una evaluaci\u00f3n m\u00e9dica completa. Esto no s\u00f3lo garantiza su bienestar, sino que tambi\u00e9n crea un historial m\u00e9dico que puede ser vital para cualquier reclamaci\u00f3n futura.<\/p>\n<h3>Documentar el accidente<\/h3>\n<p>Re\u00fana toda la informaci\u00f3n posible en el lugar del accidente. Haz fotos de tu scooter, de los veh\u00edculos implicados y de la zona circundante. Tome nota de las condiciones meteorol\u00f3gicas y de cualquier resto de la carretera que pueda haber contribuido al accidente. Recopile informaci\u00f3n de contacto de los testigos que puedan prestar declaraci\u00f3n sobre lo sucedido. Esta documentaci\u00f3n ser\u00e1 esencial para su caso.<\/p>\n<h3>Notificaci\u00f3n del accidente a las autoridades<\/h3>\n<p>Ponte en contacto con las autoridades locales para informar del accidente. Un informe policial oficial puede proporcionar un relato objetivo del incidente, lo que es importante tanto a efectos m\u00e9dicos como legales. Aseg\u00farese de obtener una copia del informe para sus archivos. Este informe puede respaldar sus reclamaciones y ayudarle a aclarar los detalles del accidente. Siguiendo estos pasos, puede sentar unas bases s\u00f3lidas para su recuperaci\u00f3n y para cualquier posible acci\u00f3n legal posterior. Su salud y bienestar son lo primero, pero ser proactivo acerca de la documentaci\u00f3n y la presentaci\u00f3n de informes puede hacer una diferencia significativa en su caso.<\/p>\n<h2>Atenci\u00f3n M\u00e9dica para Lesiones de Accidentes de Scooter<\/h2>\n<p>Cuando est\u00e1 implicado en un accidente del scooter, el cuidado m\u00e9dico inmediato y eficaz es esencial para la recuperaci\u00f3n. En Hurt 911 Colorado Injury Centers, nos especializamos en proporcionar un tratamiento integral para las lesiones por accidente de scooter. Nuestro objetivo es asegurar que usted reciba la atenci\u00f3n adecuada para facilitar su recuperaci\u00f3n.<\/p>\n<h3>Servicios de Diagn\u00f3stico: Rayos X, resonancia magn\u00e9tica y m\u00e1s<\/h3>\n<p>Para evaluar con precisi\u00f3n sus lesiones, ofrecemos una gama de servicios de diagn\u00f3stico. Los rayos X y resonancias magn\u00e9ticas son cruciales en la identificaci\u00f3n de fracturas, da\u00f1os en los tejidos blandos, y otras condiciones graves que pueden resultar de accidentes de scooter. Nuestra avanzada tecnolog\u00eda de imagen nos permite crear una imagen detallada de su salud, gui\u00e1ndonos en el desarrollo de un plan de tratamiento eficaz.<\/p>\n<h3>Cuidados Quiropr\u00e1cticos<\/h3>\n<p>El cuidado quiropr\u00e1ctico es una piedra angular de nuestro enfoque de tratamiento. Nuestros quiropr\u00e1cticos expertos se centran en la alineaci\u00f3n de la columna vertebral y la funci\u00f3n general del cuerpo, ayudando a aliviar el dolor y restaurar la movilidad. Este tratamiento pr\u00e1ctico es particularmente beneficioso para las lesiones de cuello y espalda comunes en los accidentes de scooter.<\/p>\n<h3>Fisioterapia<\/h3>\n<p>La fisioterapia juega un papel vital en el proceso de recuperaci\u00f3n. Nuestros fisioterapeutas dise\u00f1an programas de rehabilitaci\u00f3n personalizados destinados a mejorar la fuerza, la flexibilidad y la resistencia. A trav\u00e9s de ejercicios y t\u00e9cnicas espec\u00edficas, le ayudamos a recuperar su movilidad y volver a sus actividades diarias.<\/p>\n<h3>Control del dolor<\/h3>\n<p>El manejo del dolor es cr\u00edtico despu\u00e9s de un accidente de scooter. Ofrecemos diversas estrategias para gestionar el dolor de manera eficaz, desde t\u00e9cnicas no invasivas hasta opciones m\u00e1s avanzadas. Nuestro objetivo es minimizar sus molestias al tiempo que promovemos la curaci\u00f3n.<\/p>\n<h3>Transporte gratuito a citas m\u00e9dicas<\/h3>\n<p>Entendemos que llegar a sus citas m\u00e9dicas puede ser un reto, especialmente despu\u00e9s de un accidente. Por eso le ofrecemos transporte gratuito de ida y vuelta a nuestras instalaciones. Este servicio elimina las barreras y asegura que usted pueda centrarse en su recuperaci\u00f3n sin estr\u00e9s a\u00f1adido. En Hurt 911 Colorado Injury Centers, nuestro compromiso es ofrecer una atenci\u00f3n m\u00e9dica integral adaptada a las necesidades espec\u00edficas de las v\u00edctimas de accidentes de scooter. Estamos aqu\u00ed para apoyarle en cada paso de su camino hacia la recuperaci\u00f3n.<\/p>\n<h2>Ayuda legal para las v\u00edctimas del accidente del scooter<\/h2>\n<p><img decoding=\"async\" class=\"alignnone wp-image-2951 size-full\" src=\"https:\/\/1800hurt911co.com\/wp-content\/uploads\/2024\/09\/hurt911-colorado-lawyer.webp\" alt=\"Scooter Accident Lawyer\" width=\"500\" height=\"334\" srcset=\"https:\/\/1800hurt911co.com\/wp-content\/uploads\/2024\/09\/hurt911-colorado-lawyer.webp 500w, https:\/\/1800hurt911co.com\/wp-content\/uploads\/2024\/09\/hurt911-colorado-lawyer-300x200.webp 300w\" sizes=\"(max-width: 500px) 100vw, 500px\" \/><\/p>\n<h3>Por qu\u00e9 necesita un abogado de accidentes de scooter<\/h3>\n<p>Despu\u00e9s de un accidente de scooter, navegar por las secuelas puede ser abrumador. La contrataci\u00f3n de un abogado experto en accidentes de scooter es crucial. Ellos entienden el panorama legal y pueden ayudarle a obtener la compensaci\u00f3n que se merece. Las compa\u00f1\u00edas de seguros a menudo tratan de minimizar los pagos, dejando a las v\u00edctimas con facturas m\u00e9dicas pendientes de pago y salarios perdidos. Un abogado defiende sus derechos y se asegura de que no se aprovechan de usted durante este momento vulnerable.<\/p>\n<h3>Da\u00f1os indemnizables en un accidente de scooter<\/h3>\n<p>Las v\u00edctimas de accidentes de scooter pueden solicitar varios tipos de indemnizaci\u00f3n. Esto incluye:<\/p>\n<h4>Gastos M\u00e9dicos<\/h4>\n<p>Las lesiones por accidentes de scooter pueden dar lugar a importantes gastos m\u00e9dicos. Estos costos pueden incluir hospitalizaciones, cirug\u00edas y tratamiento continuo. Un abogado puede ayudarle a recuperar estos gastos, asegurando que sus facturas m\u00e9dicas est\u00e1n cubiertas.<\/p>\n<h4>P\u00e9rdida de ingresos<\/h4>\n<p>Si sus lesiones le impiden trabajar, puede tener derecho a una indemnizaci\u00f3n por los salarios perdidos. Esto incluye cualquier ingreso futuro que pueda perder debido a la recuperaci\u00f3n en curso. Un abogado especializado calcular\u00e1 estas p\u00e9rdidas y luchar\u00e1 por su estabilidad financiera.<\/p>\n<h4>Dolor y sufrimiento<\/h4>\n<p>Los accidentes de scooter pueden provocar graves trastornos f\u00edsicos y emocionales. La compensaci\u00f3n por dolor y sufrimiento reconoce el impacto de sus lesiones en su vida diaria. Un abogado con experiencia puede ayudar a cuantificar este sufrimiento para fortalecer su reclamo.<\/p>\n<h3>El Estatuto de Limitaciones para Accidentes de Scooter en Colorado<\/h3>\n<p>En Colorado, usted tiene generalmente tres a\u00f1os de la fecha de un accidente de veh\u00edculo de motor para archivar una demanda personal de herida. Esta l\u00ednea de tiempo enfatiza la importancia de actuar r\u00e1pidamente. Reunir pruebas y construir un caso lleva tiempo. Trabajar con un abogado de accidente de scooter asegura que usted cumpla con todos los plazos necesarios y no pierda su oportunidad de compensaci\u00f3n.<\/p>\n<h2>\u00bfPor qu\u00e9 elegir los Centros de Herida de Hurt 911 Colorado?<\/h2>\n<p><img decoding=\"async\" class=\"alignnone wp-image-2144\" src=\"https:\/\/1800hurt911co.com\/wp-content\/uploads\/2024\/08\/shutterstock_495722575-copy.webp\" alt=\"Scooter Accident Treatment in Commerce City, Colorado\" width=\"500\" height=\"334\" srcset=\"https:\/\/1800hurt911co.com\/wp-content\/uploads\/2024\/08\/shutterstock_495722575-copy.webp 1000w, https:\/\/1800hurt911co.com\/wp-content\/uploads\/2024\/08\/shutterstock_495722575-copy-300x200.webp 300w, https:\/\/1800hurt911co.com\/wp-content\/uploads\/2024\/08\/shutterstock_495722575-copy-768x513.webp 768w\" sizes=\"(max-width: 500px) 100vw, 500px\" \/><\/p>\n<p>Cuando se enfrenta a las secuelas de un accidente de scooter, el apoyo adecuado puede hacer toda la diferencia. Hurt 911 Colorado Injury Centers se destaca como un socio de confianza en su viaje de recuperaci\u00f3n. Proporcionamos una mezcla \u00fanica de servicios m\u00e9dicos y legales adaptados a sus necesidades.<\/p>\n<h3>Atenci\u00f3n integral<\/h3>\n<p>Nuestro enfoque abarca tanto el tratamiento m\u00e9dico como la asistencia jur\u00eddica. Entendemos el peaje f\u00edsico, emocional y financiero de un accidente puede tomar. Nuestro equipo se dedica a abordar todos los aspectos de su recuperaci\u00f3n. Desde la atenci\u00f3n m\u00e9dica inmediata a la navegaci\u00f3n por las complejidades de las reclamaciones de seguros, estamos aqu\u00ed para apoyarle en cada paso del camino.<\/p>\n<h3>Equipo experimentado<\/h3>\n<p>Nuestros profesionales m\u00e9dicos se especializan en el tratamiento de lesiones por accidente de scooter. Ellos son expertos en el diagn\u00f3stico y tratamiento de lesiones comunes, tales como fracturas de huesos, erupciones en la carretera, y lesiones cerebrales traum\u00e1ticas. Nuestro equipo legal, bien versado en la ley de lesiones personales, trabaja incansablemente para asegurar que usted reciba la compensaci\u00f3n que se merece. Juntos, crean una estrategia cohesiva centrada en su bienestar.<\/p>\n<h3>Apoyo colaborativo<\/h3>\n<p>En Hurt 911, creemos en un enfoque de colaboraci\u00f3n. Nuestros equipos m\u00e9dicos y legales trabajan en estrecha colaboraci\u00f3n para agilizar su atenci\u00f3n. Esta integraci\u00f3n significa que usted recibe un apoyo integral sin la molestia de tratar con m\u00faltiples proveedores. Nos tomamos el tiempo para escuchar sus preocupaciones y desarrollar un plan personalizado que aborde su situaci\u00f3n espec\u00edfica. Elegir los Centros de Lesiones Hurt 911 Colorado significa elegir un socio comprometido con su recuperaci\u00f3n y compensaci\u00f3n. Estamos aqu\u00ed para ayudarle a recuperar el control de su vida despu\u00e9s de un accidente de scooter. Perm\u00edtanos guiarle a trav\u00e9s de este momento dif\u00edcil con compasi\u00f3n y experiencia.<\/p>\n<h2>Contacte con nosotros hoy<\/h2>\n<p>Si usted o un ser querido ha estado involucrado en un accidente de scooter en Commerce City, buscar ayuda es esencial. En Hurt 911 Colorado Injury Centers, entendemos la urgencia de su situaci\u00f3n. Nuestro equipo dedicado est\u00e1 listo para ayudarle a navegar por las secuelas de su accidente.<\/p>\n<h3>Programe una consulta gratis<\/h3>\n<p><img loading=\"lazy\" decoding=\"async\" class=\"alignnone wp-image-2064\" src=\"https:\/\/1800hurt911co.com\/wp-content\/uploads\/2020\/12\/banner-bg1-copy-1024x254.webp\" alt=\"1-800-HURT911\" width=\"500\" height=\"124\" srcset=\"https:\/\/1800hurt911co.com\/wp-content\/uploads\/2020\/12\/banner-bg1-copy-1024x254.webp 1024w, https:\/\/1800hurt911co.com\/wp-content\/uploads\/2020\/12\/banner-bg1-copy-300x75.webp 300w, https:\/\/1800hurt911co.com\/wp-content\/uploads\/2020\/12\/banner-bg1-copy-768x191.webp 768w, https:\/\/1800hurt911co.com\/wp-content\/uploads\/2020\/12\/banner-bg1-copy-1536x382.webp 1536w, https:\/\/1800hurt911co.com\/wp-content\/uploads\/2020\/12\/banner-bg1-copy.webp 1920w\" sizes=\"(max-width: 500px) 100vw, 500px\" \/><\/p>\n<p>Ofrecemos una consulta gratuita para discutir su caso. Durante esta reuni\u00f3n, escucharemos su historia, evaluaremos sus lesiones y le explicaremos c\u00f3mo podemos ayudarle a recuperarse. Usted puede confiar en que nuestros expertos legales le guiar\u00e1 a trav\u00e9s de las complejidades de su situaci\u00f3n. Estamos aqu\u00ed para responder a sus preguntas y proporcionar claridad sobre los pr\u00f3ximos pasos.<\/p>\n<h3>Ubicaciones que servimos<\/h3>\n<p>Nuestros servicios se extienden por toda el \u00e1rea metropolitana de Denver, incluyendo Commerce City. Tenemos m\u00faltiples ubicaciones para asegurar que usted reciba la atenci\u00f3n que necesita cerca de casa. Nuestro equipo est\u00e1 comprometido a hacer que el proceso de recuperaci\u00f3n sea lo m\u00e1s conveniente posible para usted.<\/p>\n<h3>Nuestro compromiso con su recuperaci\u00f3n y compensaci\u00f3n<\/h3>\n<p>En los Centros de Lesiones Hurt 911 Colorado, su recuperaci\u00f3n es nuestra m\u00e1xima prioridad. Nos dedicamos a proporcionar un apoyo m\u00e9dico y legal integral para ayudarle a conseguir la compensaci\u00f3n que se merece. Perm\u00edtanos asumir la carga de tratar con las compa\u00f1\u00edas de seguros y los procesos legales mientras usted se centra en curarse. P\u00f3ngase en contacto con nosotros hoy mismo para dar el primer paso hacia la recuperaci\u00f3n. No tiene por qu\u00e9 enfrentarse a este reto solo.<\/p>\n","protected":false},"excerpt":{"rendered":"<p>Tratamiento de Accidentes de Scooter en Commerce City Los accidentes de scooter se han vuelto cada vez m\u00e1s comunes, especialmente en zonas concurridas como Commerce City. Estos incidentes pueden conducir a una serie de lesiones, algunas de las cuales pueden afectar significativamente su vida diaria. La comprensi\u00f3n de la din\u00e1mica de los accidentes de scooter [&hellip;]<\/p>\n","protected":false},"author":6,"featured_media":0,"parent":4325,"menu_order":0,"comment_status":"closed","ping_status":"closed","template":"","meta":{"_acf_changed":false,"footnotes":""},"class_list":["post-4351","page","type-page","status-publish","hentry"],"acf":[],"_links":{"self":[{"href":"https:\/\/1800hurt911co.com\/es\/wp-json\/wp\/v2\/pages\/4351","targetHints":{"allow":["GET"]}}],"collection":[{"href":"https:\/\/1800hurt911co.com\/es\/wp-json\/wp\/v2\/pages"}],"about":[{"href":"https:\/\/1800hurt911co.com\/es\/wp-json\/wp\/v2\/types\/page"}],"author":[{"embeddable":true,"href":"https:\/\/1800hurt911co.com\/es\/wp-json\/wp\/v2\/users\/6"}],"replies":[{"embeddable":true,"href":"https:\/\/1800hurt911co.com\/es\/wp-json\/wp\/v2\/comments?post=4351"}],"version-history":[{"count":2,"href":"https:\/\/1800hurt911co.com\/es\/wp-json\/wp\/v2\/pages\/4351\/revisions"}],"predecessor-version":[{"id":4353,"href":"https:\/\/1800hurt911co.com\/es\/wp-json\/wp\/v2\/pages\/4351\/revisions\/4353"}],"up":[{"embeddable":true,"href":"https:\/\/1800hurt911co.com\/es\/wp-json\/wp\/v2\/pages\/4325"}],"wp:attachment":[{"href":"https:\/\/1800hurt911co.com\/es\/wp-json\/wp\/v2\/media?parent=4351"}],"curies":[{"name":"wp","href":"https:\/\/api.w.org\/{rel}","templated":true}]}}