{"id":4354,"date":"2024-09-16T13:10:53","date_gmt":"2024-09-16T17:10:53","guid":{"rendered":"https:\/\/1800hurt911co.com\/commerce-city\/commerce-city-resbalones-y-caidas\/"},"modified":"2024-10-02T08:01:09","modified_gmt":"2024-10-02T14:01:09","slug":"commerce-city-resbalones-y-caidas","status":"publish","type":"page","link":"https:\/\/1800hurt911co.com\/es\/commerce-city\/commerce-city-resbalones-y-caidas\/","title":{"rendered":"Commerce City Resbalones y ca\u00eddas"},"content":{"rendered":"<h2>\u00bfLastimado en un accidente de resbal\u00f3n y ca\u00edda? \u00a1Podemos ayudarle!<\/h2>\n<p>Si usted ha experimentado un accidente del resbal\u00f3n y de la ca\u00edda, usted puede hacer frente a dolor f\u00edsico y a se\u00f1al de socorro emocional. En Hurt 911 Colorado Injury Centers, entendemos los desaf\u00edos que usted est\u00e1 tratando. Nuestro equipo se dedica a proporcionarle la atenci\u00f3n y el apoyo que necesita para recuperarse eficazmente.<\/p>\n<p><img fetchpriority=\"high\" decoding=\"async\" class=\"alignnone wp-image-2543 size-full\" src=\"https:\/\/1800hurt911co.com\/wp-content\/uploads\/2024\/09\/shutterstock_2472681943.webp\" alt=\" A Hurt911 doctor works with an injured client after a slip and fall accident\" width=\"500\" height=\"334\" srcset=\"https:\/\/1800hurt911co.com\/wp-content\/uploads\/2024\/09\/shutterstock_2472681943.webp 500w, https:\/\/1800hurt911co.com\/wp-content\/uploads\/2024\/09\/shutterstock_2472681943-300x200.webp 300w\" sizes=\"(max-width: 500px) 100vw, 500px\" \/><\/p>\n<h3>Respuesta inmediata a sus necesidades<\/h3>\n<p>Cuando se pone en contacto con nosotros, damos prioridad a su bienestar. Nuestro experimentado personal le guiar\u00e1 a trav\u00e9s de los pasos iniciales de su recuperaci\u00f3n. Nos centramos en comprender sus lesiones espec\u00edficas y c\u00f3mo afectan a su vida diaria.<\/p>\n<h3>Evaluaci\u00f3n exhaustiva<\/h3>\n<p>Nuestro proceso comienza con una evaluaci\u00f3n exhaustiva de su estado. Utilizamos servicios avanzados de diagn\u00f3stico, incluyendo radiograf\u00edas y resonancias magn\u00e9ticas, para evaluar con precisi\u00f3n sus lesiones. Esta informaci\u00f3n nos permite crear un plan de tratamiento personalizado adaptado a sus necesidades \u00fanicas.<\/p>\n<h3>Planes de tratamiento a medida<\/h3>\n<p>Una vez que hemos evaluado sus lesiones, desarrollamos una estrategia de tratamiento personalizada. Esta puede incluir cuidados quiropr\u00e1cticos, fisioterapia y t\u00e9cnicas de control del dolor. Nuestro objetivo es aliviar su malestar y promover la curaci\u00f3n, lo que le permite recuperar su fuerza y movilidad.<\/p>\n<h3>Apoyo continuo<\/h3>\n<p>La recuperaci\u00f3n no termina cuando abandona nuestra cl\u00ednica. Le ofrecemos apoyo continuo mediante programas de ejercicios en casa dise\u00f1ados para fortalecer su cuerpo y mejorar la movilidad. Nuestro equipo le ense\u00f1ar\u00e1 la mec\u00e1nica corporal adecuada para prevenir futuras lesiones.<\/p>\n<h3>Accesibilidad y comodidad<\/h3>\n<p>Entendemos que llegar a las citas puede ser dif\u00edcil, especialmente cuando usted est\u00e1 en el dolor. Es por eso que ofrecemos servicios de transporte gratuito desde y hacia nuestra cl\u00ednica de lesiones Commerce City. Le facilitamos el acceso a la atenci\u00f3n que necesita sin estr\u00e9s a\u00f1adido.<\/p>\n<h3>Elija los Centros de Lesiones Hurt 911 Colorado<\/h3>\n<p>Nuestro dedicado equipo m\u00e9dico est\u00e1 formado por m\u00e9dicos certificados y quiropr\u00e1cticos reconocidos por su gesti\u00f3n eficaz de los casos de lesiones personales. Estamos comprometidos a proporcionar el m\u00e1s alto nivel de atenci\u00f3n y apoyo a lo largo de su viaje de recuperaci\u00f3n. P\u00f3ngase en contacto con nosotros hoy mismo para programar su consulta gratuita y dar el primer paso hacia una vida sin dolor. Estamos aqu\u00ed para ayudarle en cada paso del camino.<\/p>\n<h2>Evaluaci\u00f3n integral de lesiones por resbalones y ca\u00eddas<\/h2>\n<p><img decoding=\"async\" class=\"alignnone wp-image-2528 size-full\" src=\"https:\/\/1800hurt911co.com\/wp-content\/uploads\/2024\/09\/shutterstock_2173813485.webp\" alt=\"Woman hurt in a slip and fall accident\" width=\"500\" height=\"334\" srcset=\"https:\/\/1800hurt911co.com\/wp-content\/uploads\/2024\/09\/shutterstock_2173813485.webp 500w, https:\/\/1800hurt911co.com\/wp-content\/uploads\/2024\/09\/shutterstock_2173813485-300x200.webp 300w\" sizes=\"(max-width: 500px) 100vw, 500px\" \/><\/p>\n<p>Cuando usted sufre de un accidente de resbal\u00f3n y ca\u00edda, conseguir una evaluaci\u00f3n apropiada es crucial para su recuperaci\u00f3n. En Hurt 911 Colorado Injury Centers, nos centramos en ofrecer una evaluaci\u00f3n exhaustiva adaptada a sus necesidades espec\u00edficas.<\/p>\n<h3>Evaluaci\u00f3n Personal y Servicios de Diagn\u00f3stico<\/h3>\n<p>Nuestro equipo comienza con un examen detallado para entender la naturaleza de sus lesiones. Esto incluye:<\/p>\n<ul>\n<li><strong>Examen minucioso y diagn\u00f3stico<\/strong>: Nuestros profesionales m\u00e9dicos evaluar\u00e1n su estado, teniendo en cuenta sus s\u00edntomas, historial m\u00e9dico y las circunstancias de su incidente de resbal\u00f3n y ca\u00edda. Este enfoque integral nos ayuda a desarrollar un plan de tratamiento eficaz.<\/li>\n<li><strong>Servicios de rayos X y resonancia magn\u00e9tica<\/strong>: Para precisar el alcance de sus lesiones, ofrecemos servicios avanzados de diagn\u00f3stico por imagen. Estas pruebas nos permiten visualizar los problemas subyacentes que pueden no ser evidentes de inmediato, asegurando que usted reciba el diagn\u00f3stico m\u00e1s preciso posible.<\/li>\n<\/ul>\n<p>Esta evaluaci\u00f3n inicial es un paso fundamental en su viaje de recuperaci\u00f3n. Al entender el alcance completo de sus lesiones, podemos crear un plan de tratamiento personalizado que aborda tanto el alivio inmediato del dolor y la curaci\u00f3n a largo plazo. Nuestro objetivo es apoyarle en cada paso del camino, ayud\u00e1ndole a recuperar su fuerza y movilidad despu\u00e9s de un accidente por resbal\u00f3n y ca\u00edda.<\/p>\n<h2>Planes personalizados de tratamiento de lesiones por resbal\u00f3n y ca\u00edda<\/h2>\n<p><img decoding=\"async\" class=\"alignnone wp-image-2552 size-full\" src=\"https:\/\/1800hurt911co.com\/wp-content\/uploads\/2024\/09\/shutterstock_2475680809.webp\" alt=\" A slip and fall accident victim getting help from a physical therapist\" width=\"500\" height=\"330\" srcset=\"https:\/\/1800hurt911co.com\/wp-content\/uploads\/2024\/09\/shutterstock_2475680809.webp 500w, https:\/\/1800hurt911co.com\/wp-content\/uploads\/2024\/09\/shutterstock_2475680809-300x198.webp 300w\" sizes=\"(max-width: 500px) 100vw, 500px\" \/><\/p>\n<p>Cuando usted experimenta una lesi\u00f3n de resbal\u00f3n y ca\u00edda, es crucial recibir el tratamiento apropiado adaptado a sus necesidades espec\u00edficas. En los Centros de Lesiones Hurt 911 Colorado, nos centramos en desarrollar planes de tratamiento individualizados que aborden sus circunstancias \u00fanicas y promuevan la curaci\u00f3n.<\/p>\n<h2>Terapia de rehabilitaci\u00f3n personalizada<\/h2>\n<p>Nuestro enfoque de la rehabilitaci\u00f3n es integral y centrado en el cliente. Entendemos que cada lesi\u00f3n es diferente, y nos esforzamos por crear un plan que se adapte a sus objetivos de recuperaci\u00f3n. Nuestros servicios incluyen:<\/p>\n<ul>\n<li><strong>Cuidado Quiropr\u00e1ctico para Lesiones por Resbalones y Ca\u00eddas<\/strong>: Nuestros quiropr\u00e1cticos cualificados utilizan diversas t\u00e9cnicas para aliviar el dolor, restaurar la movilidad y mejorar la funci\u00f3n general. Este m\u00e9todo se dirige a los problemas subyacentes causados por su accidente de resbal\u00f3n y ca\u00edda, proporcionando alivio y fomentar la recuperaci\u00f3n natural.<\/li>\n<li><strong>Fisioterapia y tratamiento del dolor<\/strong>: Nuestros fisioterapeutas trabajan estrechamente con usted para desarrollar un programa que haga hincapi\u00e9 en el movimiento seguro y el fortalecimiento gradual. A trav\u00e9s de ejercicios espec\u00edficos y t\u00e9cnicas de control del dolor, nuestro objetivo es mejorar su movilidad y reducir las molestias.<\/li>\n<\/ul>\n<h3>Apoyo continuo y recuperaci\u00f3n a largo plazo<\/h3>\n<p>La recuperaci\u00f3n de una lesi\u00f3n por resbal\u00f3n y ca\u00edda no termina con el tratamiento inicial. Creemos en proporcionar apoyo continuo para ayudarle a recuperar su fuerza y prevenir futuras lesiones. Nuestro compromiso incluye:<\/p>\n<ul>\n<li><strong>Programas de ejercicios en casa<\/strong>: Le proporcionamos un conjunto de ejercicios para realizar en casa, centr\u00e1ndose en el fortalecimiento de los m\u00fasculos y la mejora de la movilidad. Este programa est\u00e1 dise\u00f1ado para complementar sus tratamientos en la cl\u00ednica y acelerar su recuperaci\u00f3n.<\/li>\n<li><strong>Educaci\u00f3n sobre la mec\u00e1nica corporal adecuada<\/strong>: Entender c\u00f3mo moverse con seguridad y eficacia es vital en su proceso de recuperaci\u00f3n. Le educamos en la mec\u00e1nica del cuerpo para ayudar a evitar m\u00e1s lesiones y promover el bienestar a largo plazo.<\/li>\n<\/ul>\n<p>Al elegir los Centros de Lesiones Hurt 911 Colorado, usted est\u00e1 optando por un equipo dedicado que prioriza su recuperaci\u00f3n. Nuestros planes de tratamiento personalizados est\u00e1n dise\u00f1ados para abordar no s\u00f3lo sus necesidades inmediatas, sino tambi\u00e9n sus objetivos de salud a largo plazo. Perm\u00edtanos ayudarle a volver a ponerse de pie y recuperar su vida despu\u00e9s de un accidente de resbal\u00f3n y ca\u00edda.<\/p>\n<h3>Apoyo continuo y recuperaci\u00f3n a largo plazo<\/h3>\n<p>Nuestro compromiso con su recuperaci\u00f3n a largo plazo significa que estamos con usted en cada paso del camino. Nos centramos en proporcionarle las herramientas y los conocimientos necesarios para que prospere despu\u00e9s de un accidente por resbal\u00f3n y ca\u00edda. Su salud y bienestar son nuestras principales prioridades, y nos esforzamos por ayudarle a conseguir un estilo de vida activo y sin dolor.<\/p>\n<h2>Atenci\u00f3n especializada para lesiones por resbalones y ca\u00eddas<\/h2>\n<h3><img loading=\"lazy\" decoding=\"async\" class=\"alignnone wp-image-2527 size-full\" src=\"https:\/\/1800hurt911co.com\/wp-content\/uploads\/2024\/09\/shutterstock_2347085123.webp\" alt=\"Young woman injured in a slip and fall accident\" width=\"500\" height=\"334\" srcset=\"https:\/\/1800hurt911co.com\/wp-content\/uploads\/2024\/09\/shutterstock_2347085123.webp 500w, https:\/\/1800hurt911co.com\/wp-content\/uploads\/2024\/09\/shutterstock_2347085123-300x200.webp 300w\" sizes=\"(max-width: 500px) 100vw, 500px\" \/><\/h3>\n<p>En Hurt 911 Colorado Injury Centers, nos centramos en la prestaci\u00f3n de atenci\u00f3n especializada para las personas que se ocupan de las secuelas de los accidentes por resbalones y ca\u00eddas. Nuestro equipo dedicado entiende los desaf\u00edos \u00fanicos que usted puede hacer frente. Estamos aqu\u00ed para proporcionar el apoyo que necesita para recuperarse de manera efectiva.<\/p>\n<h3>La atenci\u00f3n quiropr\u00e1ctica en Commerce City<\/h3>\n<p>Nuestros servicios quiropr\u00e1cticos tienen como objetivo aliviar el dolor y reducir la inflamaci\u00f3n resultante de su lesi\u00f3n por resbal\u00f3n y ca\u00edda. Nuestros quiropr\u00e1cticos cualificados utilizan diversas t\u00e9cnicas para promover la curaci\u00f3n y restaurar su movilidad. Este enfoque no s\u00f3lo se ocupa de las molestias inmediatas, sino que tambi\u00e9n ayuda en la recuperaci\u00f3n a largo plazo, asegurando a recuperar su fuerza y funcionalidad.<\/p>\n<ul>\n<li><strong>Alivio del dolor y reducci\u00f3n de la inflamaci\u00f3n<\/strong>: Empleamos ajustes quiropr\u00e1cticos espec\u00edficos para aliviar la presi\u00f3n sobre los nervios y reducir la inflamaci\u00f3n en las zonas afectadas. Esto ayuda a controlar el dolor y mejorar su comodidad general.<\/li>\n<li><strong>Promover la curaci\u00f3n a largo plazo<\/strong>: Nuestro enfoque va m\u00e1s all\u00e1 del alivio inmediato. Desarrollamos planes de tratamiento individualizados que fomentan la curaci\u00f3n a largo plazo. Al abordar las causas fundamentales de su dolor, nuestro objetivo es prevenir futuros problemas y apoyar su viaje de regreso a una vida libre de dolor.<\/li>\n<\/ul>\n<p>Nuestra cl\u00ednica de Commerce City est\u00e1 equipada para atender sus necesidades espec\u00edficas, ofreci\u00e9ndole un plan de recuperaci\u00f3n integral hecho a su medida. Con nuestro compromiso con su bienestar, nos esforzamos para que su proceso de recuperaci\u00f3n sea lo m\u00e1s suave y eficaz posible.<\/p>\n<h2>Asistencia jur\u00eddica<\/h2>\n<h3>Trabaje con su equipo legal<\/h3>\n<p>Despu\u00e9s de un accidente de resbal\u00f3n y ca\u00edda, navegar por las secuelas puede ser abrumador. Para aliviar esta carga, colaboramos estrechamente con su equipo legal para asegurarnos de que reciba el apoyo que necesita. Nuestro objetivo es ayudarle a obtener una compensaci\u00f3n justa mientras usted se centra en su recuperaci\u00f3n.<\/p>\n<ul>\n<li><strong>Documentaci\u00f3n m\u00e9dica exhaustiva<\/strong>: Proporcionamos registros e informes m\u00e9dicos detallados a su abogado. Esta documentaci\u00f3n es crucial para construir un caso fuerte. Se describen sus lesiones, planes de tratamiento, y el progreso, por lo que es m\u00e1s f\u00e1cil para su equipo legal para defender sus derechos.<\/li>\n<li><strong>Ayudar a asegurar una compensaci\u00f3n justa<\/strong>: Nuestro experimentado personal entiende las complejidades de las reclamaciones por resbalones y ca\u00eddas. Le ayudamos a calcular el alcance total de sus da\u00f1os, incluyendo gastos m\u00e9dicos, salarios perdidos y dolor y sufrimiento. Al trabajar juntos, nuestro objetivo es maximizar su compensaci\u00f3n, lo que le permite centrarse en la curaci\u00f3n.<\/li>\n<\/ul>\n<p>Con Hurt 911 Colorado Injury Centers, puede estar seguro de que su atenci\u00f3n m\u00e9dica y sus necesidades legales est\u00e1n en buenas manos. Nuestro compromiso con su recuperaci\u00f3n va m\u00e1s all\u00e1 del tratamiento; nos esforzamos por proporcionarle un apoyo integral durante todo el proceso legal. D\u00e9jenos ayudarle a navegar este tiempo desafiador con confianza y claridad.<\/p>\n<h2>\u00bfPor qu\u00e9 elegir Hurt 911 Colorado Injury Centers?<\/h2>\n<p><img loading=\"lazy\" decoding=\"async\" class=\"alignnone wp-image-2542 size-full\" src=\"https:\/\/1800hurt911co.com\/wp-content\/uploads\/2024\/09\/shutterstock_2500528345.webp\" alt=\"A Hurt911 physical therapist helps a man relearn to walk\" width=\"500\" height=\"333\" srcset=\"https:\/\/1800hurt911co.com\/wp-content\/uploads\/2024\/09\/shutterstock_2500528345.webp 500w, https:\/\/1800hurt911co.com\/wp-content\/uploads\/2024\/09\/shutterstock_2500528345-300x200.webp 300w\" sizes=\"(max-width: 500px) 100vw, 500px\" \/><\/p>\n<p>Cuando usted est\u00e1 tratando con las secuelas de un accidente de resbal\u00f3n y ca\u00edda, la selecci\u00f3n del proveedor de atenci\u00f3n adecuada es crucial. En Hurt 911 Colorado Injury Centers, damos prioridad a su recuperaci\u00f3n y bienestar. He aqu\u00ed por qu\u00e9 destacamos en Commerce City:<\/p>\n<h3>Equipo m\u00e9dico dedicado y experimentado<\/h3>\n<p>Nuestro equipo est\u00e1 formado por m\u00e9dicos y quiropr\u00e1cticos certificados que se especializan en el tratamiento de lesiones por resbalones y ca\u00eddas. Ellos traen una riqueza de conocimientos y experiencia para su cuidado. Nos centramos en proporcionar un tratamiento eficaz que aborde sus necesidades espec\u00edficas, garantizando que reciba el mejor resultado posible.<\/p>\n<h3>Enfoque de atenci\u00f3n integral<\/h3>\n<p>Ofrecemos una gama completa de servicios dise\u00f1ados para apoyar su viaje de recuperaci\u00f3n. Desde las evaluaciones iniciales hasta los planes de tratamiento personalizados, nuestro enfoque es exhaustivo. Utilizamos herramientas de diagn\u00f3stico avanzadas como radiograf\u00edas y resonancias magn\u00e9ticas para evaluar con precisi\u00f3n sus lesiones. Esto asegura que su plan de tratamiento se basa en informaci\u00f3n precisa, lo que permite la rehabilitaci\u00f3n espec\u00edfica.<\/p>\n<h3>Reconocida por la gesti\u00f3n eficaz de casos de lesiones personales<\/h3>\n<p>Nuestra cl\u00ednica tiene una s\u00f3lida reputaci\u00f3n en la gesti\u00f3n eficaz de casos de lesiones personales. Comprendemos la complejidad de los accidentes por resbalones y ca\u00eddas y nos comprometemos a proporcionarle los recursos que necesita. Nos centramos en su recuperaci\u00f3n, tanto f\u00edsica como econ\u00f3mica, mientras trabajamos para asegurarnos de que recibe la compensaci\u00f3n que se merece.<\/p>\n<h3>Testimonios e historias de \u00e9xito<\/h3>\n<p>No se conforme con nuestra palabra. Nuestros clientes satisfechos han compartido sus experiencias positivas con nuestros servicios. Destacan nuestra dedicaci\u00f3n, profesionalidad y los resultados que consiguieron gracias a nuestra atenci\u00f3n. Le invitamos a leer sus testimonios y ver c\u00f3mo hemos hecho una diferencia en sus viajes de recuperaci\u00f3n. Elegir los Centros de Lesiones Hurt 911 Colorado significa asociarse con un equipo que est\u00e1 comprometido con su salud y recuperaci\u00f3n. Estamos aqu\u00ed para apoyarle en cada paso del camino. P\u00f3ngase en contacto con nosotros hoy mismo para obtener m\u00e1s informaci\u00f3n sobre c\u00f3mo podemos ayudarle en su recuperaci\u00f3n de resbalones y ca\u00eddas.<\/p>\n<h2>P\u00f3ngase en contacto con nosotros para su tratamiento de resbalones y ca\u00eddas<\/h2>\n<p><img loading=\"lazy\" decoding=\"async\" class=\"alignnone wp-image-2064\" src=\"https:\/\/1800hurt911co.com\/wp-content\/uploads\/2020\/12\/banner-bg1-copy-1024x254.webp\" alt=\"HURT911\" width=\"500\" height=\"124\" srcset=\"https:\/\/1800hurt911co.com\/wp-content\/uploads\/2020\/12\/banner-bg1-copy-1024x254.webp 1024w, https:\/\/1800hurt911co.com\/wp-content\/uploads\/2020\/12\/banner-bg1-copy-300x75.webp 300w, https:\/\/1800hurt911co.com\/wp-content\/uploads\/2020\/12\/banner-bg1-copy-768x191.webp 768w, https:\/\/1800hurt911co.com\/wp-content\/uploads\/2020\/12\/banner-bg1-copy-1536x382.webp 1536w, https:\/\/1800hurt911co.com\/wp-content\/uploads\/2020\/12\/banner-bg1-copy.webp 1920w\" sizes=\"(max-width: 500px) 100vw, 500px\" \/><\/p>\n<h3>Programe su consulta libre hoy<\/h3>\n<p>Si usted ha sido lesionado en un accidente de resbal\u00f3n y ca\u00edda, Hurt 911 Colorado Injury Centers est\u00e1 aqu\u00ed para proporcionar el apoyo que necesita. Entendemos que la recuperaci\u00f3n de navegaci\u00f3n puede ser abrumadora, especialmente cuando se trata con el dolor y las facturas m\u00e9dicas. Es por eso que ofrecemos una consulta gratuita para discutir su situaci\u00f3n y delinear los pr\u00f3ximos pasos.<\/p>\n<ul>\n<li><strong>Ubicaci\u00f3n conveniente en Commerce City<\/strong>: Nuestra cl\u00ednica es de f\u00e1cil acceso, asegurando que usted puede obtener la ayuda que necesita sin estr\u00e9s a\u00f1adido.<\/li>\n<li><strong>Llame o reserve en l\u00ednea<\/strong>: P\u00f3ngase en contacto con nosotros a trav\u00e9s de una simple llamada telef\u00f3nica o reservando su cita en l\u00ednea. Nuestro equipo est\u00e1 preparado para ayudarle.<\/li>\n<\/ul>\n<p>Durante su consulta, evaluaremos sus lesiones y discutiremos un plan de tratamiento personalizado adaptado a sus necesidades. Damos prioridad a su salud y recuperaci\u00f3n, asegur\u00e1ndonos de que recibe la mejor atenci\u00f3n posible. No espere m\u00e1s. P\u00f3ngase en contacto con nosotros hoy mismo para comenzar su viaje hacia la curaci\u00f3n. Su recuperaci\u00f3n es nuestra prioridad.<\/p>\n","protected":false},"excerpt":{"rendered":"<p>\u00bfLastimado en un accidente de resbal\u00f3n y ca\u00edda? \u00a1Podemos ayudarle! Si usted ha experimentado un accidente del resbal\u00f3n y de la ca\u00edda, usted puede hacer frente a dolor f\u00edsico y a se\u00f1al de socorro emocional. En Hurt 911 Colorado Injury Centers, entendemos los desaf\u00edos que usted est\u00e1 tratando. Nuestro equipo se dedica a proporcionarle la [&hellip;]<\/p>\n","protected":false},"author":6,"featured_media":0,"parent":4325,"menu_order":0,"comment_status":"closed","ping_status":"closed","template":"","meta":{"_acf_changed":false,"footnotes":""},"class_list":["post-4354","page","type-page","status-publish","hentry"],"acf":[],"_links":{"self":[{"href":"https:\/\/1800hurt911co.com\/es\/wp-json\/wp\/v2\/pages\/4354","targetHints":{"allow":["GET"]}}],"collection":[{"href":"https:\/\/1800hurt911co.com\/es\/wp-json\/wp\/v2\/pages"}],"about":[{"href":"https:\/\/1800hurt911co.com\/es\/wp-json\/wp\/v2\/types\/page"}],"author":[{"embeddable":true,"href":"https:\/\/1800hurt911co.com\/es\/wp-json\/wp\/v2\/users\/6"}],"replies":[{"embeddable":true,"href":"https:\/\/1800hurt911co.com\/es\/wp-json\/wp\/v2\/comments?post=4354"}],"version-history":[{"count":2,"href":"https:\/\/1800hurt911co.com\/es\/wp-json\/wp\/v2\/pages\/4354\/revisions"}],"predecessor-version":[{"id":4356,"href":"https:\/\/1800hurt911co.com\/es\/wp-json\/wp\/v2\/pages\/4354\/revisions\/4356"}],"up":[{"embeddable":true,"href":"https:\/\/1800hurt911co.com\/es\/wp-json\/wp\/v2\/pages\/4325"}],"wp:attachment":[{"href":"https:\/\/1800hurt911co.com\/es\/wp-json\/wp\/v2\/media?parent=4354"}],"curies":[{"name":"wp","href":"https:\/\/api.w.org\/{rel}","templated":true}]}}