{"id":4357,"date":"2024-09-16T12:51:58","date_gmt":"2024-09-16T16:51:58","guid":{"rendered":"https:\/\/1800hurt911co.com\/commerce-city\/commerce-city-accidente-de-camion\/"},"modified":"2024-10-02T08:13:24","modified_gmt":"2024-10-02T14:13:24","slug":"commerce-city-accidente-de-camion","status":"publish","type":"page","link":"https:\/\/1800hurt911co.com\/es\/commerce-city\/commerce-city-accidente-de-camion\/","title":{"rendered":"Commerce City Accidente de cami\u00f3n"},"content":{"rendered":"<h2>Tratamiento de accidentes de camiones en Commerce City<\/h2>\n<p>Los accidentes de camiones en Commerce City, Colorado, pueden tener consecuencias devastadoras. Despu\u00e9s de un accidente de cami\u00f3n, el tratamiento m\u00e9dico inmediato y completo es esencial. En Hurt911 Colorado Injury Centers, nos especializamos en el tratamiento de lesiones por accidentes de camiones y conectamos a los pacientes con abogados expertos en accidentes de camiones. Usted no paga nada de su bolsillo para la atenci\u00f3n m\u00e9dica, ya que nuestros m\u00e9dicos de accidentes de camiones Commerce City se les paga una vez que gane su caso. Ofrecemos transporte gratuito a las citas. P\u00f3ngase en contacto con nuestro equipo de tratamiento de accidentes de camiones Commerce City hoy para una consulta gratuita.<\/p>\n<h2>Lesiones comunes de accidentes de camiones<\/h2>\n<p><img fetchpriority=\"high\" decoding=\"async\" class=\"alignnone size-full wp-image-3137\" src=\"https:\/\/1800hurt911co.com\/wp-content\/uploads\/2024\/09\/truck-accident-treatment-2.webp\" alt=\"Truck Accident, Commerce City Truck Accident Truck Treatment\" width=\"500\" height=\"334\" srcset=\"https:\/\/1800hurt911co.com\/wp-content\/uploads\/2024\/09\/truck-accident-treatment-2.webp 500w, https:\/\/1800hurt911co.com\/wp-content\/uploads\/2024\/09\/truck-accident-treatment-2-300x200.webp 300w\" sizes=\"(max-width: 500px) 100vw, 500px\" \/><\/p>\n<p>Los accidentes de cami\u00f3n suelen provocar lesiones m\u00e1s graves que los t\u00edpicos accidentes de coche. Esto es debido al tama\u00f1o y la fuerza de los veh\u00edculos implicados. A continuaci\u00f3n se presentan algunas de las lesiones m\u00e1s comunes de accidentes de camiones que tratamos en Hurt911 Colorado Injury Centers. Tambi\u00e9n podemos referir pacientes a especialistas adicionales.<\/p>\n<h3>Lesiones de espalda y lesiones de la m\u00e9dula espinal<\/h3>\n<p>Una de las consecuencias m\u00e1s graves de los accidentes de camiones son las lesiones de la m\u00e9dula espinal. El impacto de un accidente de cami\u00f3n grande puede causar da\u00f1os a la m\u00e9dula espinal, lo que lleva a la par\u00e1lisis u otras discapacidades a largo plazo. Incluso si no se secciona la m\u00e9dula espinal, las lesiones de espalda como hernias discales o fracturas de v\u00e9rtebras pueden provocar dolor cr\u00f3nico y movilidad limitada. Estas lesiones requieren una amplia atenci\u00f3n m\u00e9dica, que incluye diagn\u00f3stico por imagen, tratamiento del dolor y, en ocasiones, intervenci\u00f3n quir\u00fargica.<\/p>\n<h3>Lesiones cerebrales traum\u00e1ticas<\/h3>\n<p>La fuerza de un accidente de cami\u00f3n puede provocar lesiones cerebrales traum\u00e1ticas (TBI), que van desde conmociones cerebrales leves a da\u00f1os cerebrales graves. Los TBIs pueden ocurrir cuando la cabeza golpea un objeto o experimenta una sacudida repentina, causando que el cerebro se mueva dentro del cr\u00e1neo. Los s\u00edntomas pueden incluir dolores de cabeza, p\u00e9rdida de memoria, mareos y trastornos cognitivos. Estas lesiones pueden requerir rehabilitaci\u00f3n a largo plazo y afectar significativamente a la calidad de vida de una persona.<\/p>\n<h3>Lesiones cervicales<\/h3>\n<p>El latigazo cervical es una lesi\u00f3n com\u00fan del cuello que se produce en los accidentes de camiones, especialmente cuando un veh\u00edculo es chocado por detr\u00e1s. Esta lesi\u00f3n de los tejidos blandos es el resultado de un movimiento brusco de la cabeza y el cuello. Las lesiones cervicales m\u00e1s graves, como la fractura de v\u00e9rtebras o la dislocaci\u00f3n cervical, pueden causar dolor duradero y complicaciones si no se tratan a tiempo.<\/p>\n<h3>Huesos rotos<\/h3>\n<p>Los accidentes de cami\u00f3n suelen provocar fracturas \u00f3seas, sobre todo en costillas, brazos, piernas y cara. La fuerza del impacto puede aplastar los huesos o causar fracturas que requieren cirug\u00eda para repararlas. En casos graves, puede ser necesaria la cirug\u00eda reconstructiva para restaurar la funci\u00f3n y la apariencia. Los huesos rotos por accidentes de cami\u00f3n tardan m\u00e1s en curarse debido a la gravedad de las lesiones, y las v\u00edctimas pueden sufrir dolor e incapacidad continuos.<\/p>\n<h2>Servicios de tratamiento de accidentes de cami\u00f3n<\/h2>\n<p><img decoding=\"async\" class=\"alignnone wp-image-2548 size-full\" src=\"https:\/\/1800hurt911co.com\/wp-content\/uploads\/2024\/09\/shutterstock_1805310178.webp\" alt=\"Truck Accident Doctor, Truck Accident Treatment\" width=\"500\" height=\"334\" srcset=\"https:\/\/1800hurt911co.com\/wp-content\/uploads\/2024\/09\/shutterstock_1805310178.webp 500w, https:\/\/1800hurt911co.com\/wp-content\/uploads\/2024\/09\/shutterstock_1805310178-300x200.webp 300w\" sizes=\"(max-width: 500px) 100vw, 500px\" \/><\/p>\n<p>En Hurt911 Colorado Injury Centers, ofrecemos una amplia gama de tratamientos dise\u00f1ados para abordar las necesidades \u00fanicas de las v\u00edctimas de accidentes de camiones. Nuestro equipo de profesionales m\u00e9dicos tiene experiencia en el diagn\u00f3stico y tratamiento de lesiones graves. Aqu\u00ed est\u00e1n los servicios primarios del tratamiento que proporcionamos.<\/p>\n<h3>Diagn\u00f3stico por imagen<\/h3>\n<p>La diagnosis exacta es el primer paso en tratar cualquier lesi\u00f3n del accidente del carro. En Hurt911, utilizamos im\u00e1genes de diagn\u00f3stico de \u00faltima generaci\u00f3n, incluyendo rayos X y resonancias magn\u00e9ticas, para identificar huesos rotos, da\u00f1os en la m\u00e9dula espinal, y otros traumas f\u00edsicos. Esto permite a nuestros m\u00e9dicos desarrollar un plan de tratamiento espec\u00edfico que aborda todos los aspectos de sus lesiones.<\/p>\n<h3>Tratamiento del dolor<\/h3>\n<p>Las v\u00edctimas de accidentes de cami\u00f3n a menudo sufren de dolor cr\u00f3nico como resultado de sus lesiones. Nuestros especialistas en el tratamiento del dolor trabajan con usted para reducir las molestias y mejorar su calidad de vida. Ofrecemos una amplia gama de tratamientos, incluyendo medicaci\u00f3n, fisioterapia y t\u00e9cnicas avanzadas como bloqueos nerviosos e inyecciones, para aliviar el dolor de las lesiones de espalda, lesiones de columna y da\u00f1os en los tejidos blandos.<\/p>\n<h3>Cuidados ortop\u00e9dicos y cirug\u00eda ortop\u00e9dica<\/h3>\n<p>La atenci\u00f3n ortop\u00e9dica es fundamental para las v\u00edctimas de accidentes de camiones con huesos rotos, lesiones en las articulaciones o da\u00f1os en la columna vertebral. Nuestros cirujanos ortop\u00e9dicos son expertos en la realizaci\u00f3n de cirug\u00edas para reparar fracturas, reconstruir las articulaciones da\u00f1adas, y estabilizar la columna vertebral. Adem\u00e1s de la cirug\u00eda, proporcionamos tratamientos no quir\u00fargicos, tales como cors\u00e9s y fisioterapia para promover la curaci\u00f3n y prevenir nuevas lesiones.<\/p>\n<h3>Cuidados quiropr\u00e1cticos<\/h3>\n<p>La atenci\u00f3n quiropr\u00e1ctica es un componente esencial de la recuperaci\u00f3n de las v\u00edctimas de accidentes de cami\u00f3n que sufren lesiones en el cuello y la espalda. Nuestros quiropr\u00e1cticos se especializan en ajustes de la columna y manipulaciones para realinear la columna vertebral, reducir el dolor y restaurar la movilidad. La atenci\u00f3n quiropr\u00e1ctica es particularmente eficaz para el tratamiento de latigazo cervical, hernia de disco, y otras lesiones de tejidos blandos causadas por accidentes de cami\u00f3n.<\/p>\n<h3>Fisioterapia<\/h3>\n<p>La rehabilitaci\u00f3n a trav\u00e9s de la terapia f\u00edsica es a menudo necesaria para las v\u00edctimas de accidentes de cami\u00f3n para recuperar la fuerza, la flexibilidad y la funci\u00f3n. Nuestros fisioterapeutas dise\u00f1an programas de ejercicios personalizados para ayudar a los pacientes a recuperarse de lesiones graves, mejorar la movilidad y prevenir complicaciones a largo plazo. Si usted se est\u00e1 recuperando de una cirug\u00eda ortop\u00e9dica o la gesti\u00f3n de una lesi\u00f3n de tejidos blandos, la terapia f\u00edsica es crucial para lograr una recuperaci\u00f3n completa.<\/p>\n<h2>La ventaja de los centros de lesi\u00f3n de Hurt911 Colorado<\/h2>\n<p>Al ocuparse de las consecuencias de una ruina del carro, seleccionar el centro derecho del tratamiento es crucial. En los centros de lesi\u00f3n de Hurt 911 Colorado, entendemos los desaf\u00edos \u00fanicos hechos frente por las v\u00edctimas de accidentes del cami\u00f3n. Nuestro equipo dedicado est\u00e1 aqu\u00ed para apoyarle en cada paso del camino.<\/p>\n<ul>\n<li><strong>Equipo experimentado<\/strong>: Contamos con un equipo de m\u00e9dicos y especialistas altamente cualificados, incluyendo quiropr\u00e1cticos, fisioterapeutas y expertos ortop\u00e9dicos.<\/li>\n<li><strong>Transporte gratuito<\/strong>: Ofrecemos transporte gratuito desde y hacia nuestras oficinas. Esto asegura que usted pueda acceder al tratamiento que necesita.<\/li>\n<li><strong>Referencias de abogados<\/strong>: Proporcionamos referencias a abogados con experiencia que pueden ayudarle a obtener la compensaci\u00f3n que se merece.<\/li>\n<li><strong>No hay gastos de bolsillo<\/strong>: Operamos en una base sin costo por adelantado. Usted s\u00f3lo paga por los servicios una vez que reciba compensaci\u00f3n por sus lesiones.<\/li>\n<\/ul>\n<p>La elecci\u00f3n de los Centros de Lesiones Hurt 911 Colorado significa que usted est\u00e1 seleccionando un socio dedicado a su recuperaci\u00f3n. No navegue este viaje solo; perm\u00edtanos ayudarle a recuperar su salud y paz mental.<\/p>\n<h2>Referencias de Abogados de Accidentes de Camiones<\/h2>\n<p><img decoding=\"async\" class=\"alignnone wp-image-2883 size-full\" src=\"https:\/\/1800hurt911co.com\/wp-content\/uploads\/2024\/09\/truck-accident-treatment.webp\" alt=\"Truck Accident, Commerce City Truck Accident Lawyer Concept Image\" width=\"500\" height=\"340\" srcset=\"https:\/\/1800hurt911co.com\/wp-content\/uploads\/2024\/09\/truck-accident-treatment.webp 500w, https:\/\/1800hurt911co.com\/wp-content\/uploads\/2024\/09\/truck-accident-treatment-300x204.webp 300w\" sizes=\"(max-width: 500px) 100vw, 500px\" \/><\/p>\n<p>Adem\u00e1s del tratamiento m\u00e9dico, Hurt911 Colorado Injury Centers ayuda a las v\u00edctimas de accidentes de camiones a conectarse con abogados experimentados en accidentes de camiones. Estos abogados de confianza se especializan en casos de accidente de cami\u00f3n y pueden ayudar a v\u00edctimas a obtener la compensaci\u00f3n para cuentas m\u00e9dicas, salarios perdidos, y dolor y sufrimiento. Cuando usted busca tratamiento en Hurt911, podemos referirle a un abogado de accidente de cami\u00f3n que se encargar\u00e1 de su demanda por lesiones personales. Esta asociaci\u00f3n le permite centrarse en su recuperaci\u00f3n, mientras que su equipo legal lucha por la compensaci\u00f3n que se merece. Le pondremos en contacto con un abogado que tiene un historial probado en casos de accidentes de camiones.<\/p>\n<h2>Preguntas frecuentes sobre accidentes de camiones<\/h2>\n<h3>\u00bfQui\u00e9n puede ser responsable de un accidente de cami\u00f3n en Colorado?<\/h3>\n<p>La responsabilidad en accidentes de cami\u00f3n puede ser m\u00e1s complicada que en accidentes de coche t\u00edpicos. Adem\u00e1s del conductor de cami\u00f3n, otros partidos que pueden ser tenidos responsables incluyen la compa\u00f1\u00eda de camiones, el fabricante de partes de cami\u00f3n defectuosas, y cualquier proveedor de mantenimiento responsable del mantenimiento del veh\u00edculo. Un abogado con experiencia en accidentes de cami\u00f3n puede investigar la causa del accidente y determinar qui\u00e9n es responsable de las lesiones sufridas.<\/p>\n<h3>\u00bfQu\u00e9 indemnizaci\u00f3n puede recibir por un accidente de cami\u00f3n?<\/h3>\n<p>Las v\u00edctimas de accidentes de cami\u00f3n pueden obtener indemnizaci\u00f3n por una serie de da\u00f1os y perjuicios, como facturas m\u00e9dicas, salarios perdidos, dolor y sufrimiento, y gastos m\u00e9dicos futuros. En los casos de lesiones graves, como lesiones medulares o cerebrales traum\u00e1ticas, la indemnizaci\u00f3n puede cubrir tambi\u00e9n los cuidados a largo plazo y la rehabilitaci\u00f3n. Si el accidente se ha saldado con un fallecimiento por negligencia, los familiares pueden tener derecho a una indemnizaci\u00f3n adicional.<\/p>\n<h3>\u00bfC\u00f3mo apoya la documentaci\u00f3n m\u00e9dica su reclamaci\u00f3n por accidente de cami\u00f3n?<\/h3>\n<p>La documentaci\u00f3n m\u00e9dica es un componente cr\u00edtico de cualquier reclamaci\u00f3n por accidente de cami\u00f3n. Los registros m\u00e9dicos proporcionan evidencia de la magnitud de sus lesiones y el tratamiento que ha recibido. Esta documentaci\u00f3n apoya su reclamo mostrando el impacto f\u00edsico y financiero del accidente. Las compa\u00f1\u00edas de seguros y los tribunales se basan en estos registros para determinar la compensaci\u00f3n adecuada por lesiones graves y las necesidades de atenci\u00f3n a largo plazo.<\/p>\n<h3>\u00bfCu\u00e1ndo debe consultar a un m\u00e9dico de accidentes de cami\u00f3n?<\/h3>\n<p>Usted debe buscar atenci\u00f3n m\u00e9dica tan pronto como sea posible despu\u00e9s de un accidente de cami\u00f3n. Usted puede haber sufrido lesiones internas sin darse cuenta. Condiciones como el latigazo cervical pueden no ser evidentes hasta d\u00edas o semanas despu\u00e9s del accidente. La atenci\u00f3n m\u00e9dica oportuna asegura que sus lesiones sean diagnosticadas y tratadas adecuadamente, y crea la documentaci\u00f3n necesaria para su demanda por lesiones personales. Retrasar el tratamiento no s\u00f3lo podr\u00eda empeorar su condici\u00f3n, sino tambi\u00e9n afectar negativamente a su reclamaci\u00f3n legal.<\/p>\n<h2>P\u00f3ngase en contacto con nuestros m\u00e9dicos de accidentes de camiones Commerce City hoy<\/h2>\n<p><img loading=\"lazy\" decoding=\"async\" class=\"alignnone wp-image-2064\" src=\"https:\/\/1800hurt911co.com\/wp-content\/uploads\/2020\/12\/banner-bg1-copy-1024x254.webp\" alt=\"1-800-HURT911\" width=\"500\" height=\"124\" srcset=\"https:\/\/1800hurt911co.com\/wp-content\/uploads\/2020\/12\/banner-bg1-copy-1024x254.webp 1024w, https:\/\/1800hurt911co.com\/wp-content\/uploads\/2020\/12\/banner-bg1-copy-300x75.webp 300w, https:\/\/1800hurt911co.com\/wp-content\/uploads\/2020\/12\/banner-bg1-copy-768x191.webp 768w, https:\/\/1800hurt911co.com\/wp-content\/uploads\/2020\/12\/banner-bg1-copy-1536x382.webp 1536w, https:\/\/1800hurt911co.com\/wp-content\/uploads\/2020\/12\/banner-bg1-copy.webp 1920w\" sizes=\"(max-width: 500px) 100vw, 500px\" \/><\/p>\n<p>Los accidentes de camiones en Commerce City pueden resultar en lesiones catastr\u00f3ficas que requieren atenci\u00f3n m\u00e9dica especializada y apoyo legal. En Hurt911 Colorado Injury Centers, ofrecemos tratamiento para las v\u00edctimas de accidentes de camiones. Nuestros profesionales m\u00e9dicos trabajan con abogados dedicados a lesiones personales para asegurar que usted reciba la mejor atenci\u00f3n posible y la m\u00e1xima compensaci\u00f3n por sus lesiones. Si usted ha sido herido en un accidente de cami\u00f3n, p\u00f3ngase en contacto con Hurt911 Colorado Injury Centers hoy para comenzar su recuperaci\u00f3n.<\/p>\n","protected":false},"excerpt":{"rendered":"<p>Tratamiento de accidentes de camiones en Commerce City Los accidentes de camiones en Commerce City, Colorado, pueden tener consecuencias devastadoras. Despu\u00e9s de un accidente de cami\u00f3n, el tratamiento m\u00e9dico inmediato y completo es esencial. En Hurt911 Colorado Injury Centers, nos especializamos en el tratamiento de lesiones por accidentes de camiones y conectamos a los pacientes [&hellip;]<\/p>\n","protected":false},"author":6,"featured_media":0,"parent":4325,"menu_order":0,"comment_status":"closed","ping_status":"closed","template":"","meta":{"_acf_changed":false,"footnotes":""},"class_list":["post-4357","page","type-page","status-publish","hentry"],"acf":[],"_links":{"self":[{"href":"https:\/\/1800hurt911co.com\/es\/wp-json\/wp\/v2\/pages\/4357","targetHints":{"allow":["GET"]}}],"collection":[{"href":"https:\/\/1800hurt911co.com\/es\/wp-json\/wp\/v2\/pages"}],"about":[{"href":"https:\/\/1800hurt911co.com\/es\/wp-json\/wp\/v2\/types\/page"}],"author":[{"embeddable":true,"href":"https:\/\/1800hurt911co.com\/es\/wp-json\/wp\/v2\/users\/6"}],"replies":[{"embeddable":true,"href":"https:\/\/1800hurt911co.com\/es\/wp-json\/wp\/v2\/comments?post=4357"}],"version-history":[{"count":2,"href":"https:\/\/1800hurt911co.com\/es\/wp-json\/wp\/v2\/pages\/4357\/revisions"}],"predecessor-version":[{"id":4359,"href":"https:\/\/1800hurt911co.com\/es\/wp-json\/wp\/v2\/pages\/4357\/revisions\/4359"}],"up":[{"embeddable":true,"href":"https:\/\/1800hurt911co.com\/es\/wp-json\/wp\/v2\/pages\/4325"}],"wp:attachment":[{"href":"https:\/\/1800hurt911co.com\/es\/wp-json\/wp\/v2\/media?parent=4357"}],"curies":[{"name":"wp","href":"https:\/\/api.w.org\/{rel}","templated":true}]}}