{"id":4363,"date":"2024-09-16T12:42:09","date_gmt":"2024-09-16T16:42:09","guid":{"rendered":"https:\/\/1800hurt911co.com\/commerce-city\/commerce-city-doctor-de-latigazo-cervical\/"},"modified":"2024-10-02T08:29:37","modified_gmt":"2024-10-02T14:29:37","slug":"commerce-city-doctor-de-latigazo-cervical","status":"publish","type":"page","link":"https:\/\/1800hurt911co.com\/es\/commerce-city\/commerce-city-doctor-de-latigazo-cervical\/","title":{"rendered":"Commerce City Doctor de latigazo cervical"},"content":{"rendered":"<h2>Latigazo cervical Doctor en Commerce City, CO<\/h2>\n<p>El latigazo cervical es una lesi\u00f3n com\u00fan despu\u00e9s de un accidente de coche. El r\u00e1pido movimiento de vaiv\u00e9n de la cabeza resulta en un esguince de cuello. El latigazo cervical puede causar dolor de cuello severo y, si no se trata, puede conducir a problemas a largo plazo como el dolor cr\u00f3nico. Nuestro equipo en Hurt911 Colorado Injury Centers est\u00e1 aqu\u00ed para ayudar a los pacientes en Commerce City recuperarse de latigazo cervical y otras lesiones por accidente de coche. Un m\u00e9dico de latigazo cervical Commerce City dise\u00f1ar\u00e1 un plan de atenci\u00f3n personalizada que puede incluir ajustes quiropr\u00e1cticos, terapia f\u00edsica y atenci\u00f3n ortop\u00e9dica. P\u00f3ngase en contacto con nuestra cl\u00ednica de lesiones Commerce City hoy para una consulta gratuita.<\/p>\n<h2>Causas comunes de latigazo cervical<\/h2>\n<p><img fetchpriority=\"high\" decoding=\"async\" class=\"alignnone wp-image-2540 size-full\" src=\"https:\/\/1800hurt911co.com\/wp-content\/uploads\/2024\/09\/shutterstock_2267710669.webp\" alt=\"Commerce City Doctor de latigazo cervical\" width=\"500\" height=\"326\" srcset=\"https:\/\/1800hurt911co.com\/wp-content\/uploads\/2024\/09\/shutterstock_2267710669.webp 500w, https:\/\/1800hurt911co.com\/wp-content\/uploads\/2024\/09\/shutterstock_2267710669-300x196.webp 300w\" sizes=\"(max-width: 500px) 100vw, 500px\" \/><\/p>\n<p>El latigazo cervical es una lesi\u00f3n frecuente del cuello que se produce cuando la cabeza se mueve bruscamente hacia delante y hacia atr\u00e1s. Este movimiento r\u00e1pido puede forzar los m\u00fasculos y ligamentos del cuello, provocando dolor y molestias. Los accidentes de tr\u00e1fico son la causa m\u00e1s com\u00fan de latigazo cervical.<\/p>\n<h3>Accidentes de tr\u00e1fico<\/h3>\n<p>Los accidentes de tr\u00e1fico son la principal causa de lesiones por latigazo cervical. Cuando un veh\u00edculo es golpeado por detr\u00e1s, la fuerza puede hacer que la cabeza se mueva de un lado a otro, da\u00f1ando el cuello. Incluso las colisiones a baja velocidad pueden provocar lesiones cervicales importantes.<\/p>\n<h3>Lesiones deportivas<\/h3>\n<p>Los incidentes relacionados con el deporte tambi\u00e9n pueden provocar un latigazo cervical. Los deportes de contacto, como el f\u00fatbol o el hockey, suelen implicar impactos repentinos que pueden hacer que la cabeza y el cuello se muevan bruscamente. Los deportes sin contacto, como la gimnasia, el submarinismo y la equitaci\u00f3n, pueden provocar un latigazo cervical debido a ca\u00eddas o aterrizajes inadecuados.<\/p>\n<h3>Ca\u00eddas y agresiones f\u00edsicas<\/h3>\n<p>Las ca\u00eddas, ya sea desde una altura o resbalando en una superficie, tambi\u00e9n pueden provocar un latigazo cervical. El impacto repentino puede tensar los m\u00fasculos y ligamentos del cuello. Del mismo modo, las agresiones f\u00edsicas, como recibir un pu\u00f1etazo o un empuj\u00f3n, pueden provocar movimientos r\u00e1pidos de la cabeza que den lugar a lesiones por latigazo cervical.<\/p>\n<h2>S\u00edntomas del latigazo cervical<\/h2>\n<p>Los s\u00edntomas comunes del latigazo cervical incluyen:<\/p>\n<ul>\n<li><strong>Dolor y rigidez de cuello<\/strong>: Las molestias en el cuello pueden ir desde un dolor sordo hasta un dolor agudo, a menudo acompa\u00f1ado de rigidez en el cuello.<\/li>\n<li><strong>Dolores de cabeza y mareos<\/strong>: Los dolores de cabeza provocados por el latigazo cervical suelen comenzar en la base del cr\u00e1neo e irradiarse hacia la frente. Los mareos son otro s\u00edntoma frecuente.<\/li>\n<li><strong>Hormigueo o entumecimiento en los brazos<\/strong>: Algunas personas experimentan hormigueo o entumecimiento en los brazos. Este s\u00edntoma puede indicar una afectaci\u00f3n nerviosa debida a una lesi\u00f3n en la columna cervical.<\/li>\n<li><strong>Dolor en la parte superior de la espalda<\/strong>: El dolor de una lesi\u00f3n por latigazo cervical suele irradiarse desde el cuello hasta la parte superior de la espalda.<\/li>\n<\/ul>\n<p>Otros s\u00edntomas de una lesi\u00f3n por latigazo cervical pueden ser:<\/p>\n<ul>\n<li>Visi\u00f3n borrosa<\/li>\n<li>Zumbidos en los o\u00eddos<\/li>\n<li>Problemas de memoria<\/li>\n<li>Irritabilidad<\/li>\n<\/ul>\n<h2>\u00bfC\u00f3mo los doctores diagnostican lesiones del latigazo?<\/h2>\n<p>En los Centros de Lesiones Hurt 911 Colorado, diagnosticamos el latigazo cervical utilizando una combinaci\u00f3n de examen f\u00edsico y pruebas de diagn\u00f3stico avanzadas. Nuestros experimentados proveedores de atenci\u00f3n m\u00e9dica realizan ex\u00e1menes f\u00edsicos completos. Durante este gravamen, evaluamos la gama de su cuello del movimiento, de la dulzura, y de la fuerza. Tambi\u00e9n comprobamos si hay s\u00edntomas como espasmos musculares. Las radiograf\u00edas son a menudo el primer paso en el diagn\u00f3stico de latigazo cervical. Pueden revelar lesiones \u00f3seas y ayudar a descartar fracturas. Sin embargo, las radiograf\u00edas pueden no mostrar da\u00f1os en los tejidos blandos. Para una visi\u00f3n m\u00e1s detallada, podemos recomendar una resonancia magn\u00e9tica. Esta t\u00e9cnica de imagen nos permite examinar los tejidos blandos, incluyendo m\u00fasculos, ligamentos y la m\u00e9dula espinal.<\/p>\n<h2>Opciones de tratamiento para el latigazo cervical<\/h2>\n<p><img decoding=\"async\" class=\"alignnone wp-image-2828 size-full\" src=\"https:\/\/1800hurt911co.com\/wp-content\/uploads\/2024\/09\/whiplash-doctor.webp\" alt=\"Whiplash Treatment in Commerce City, Colorado\" width=\"500\" height=\"334\" srcset=\"https:\/\/1800hurt911co.com\/wp-content\/uploads\/2024\/09\/whiplash-doctor.webp 500w, https:\/\/1800hurt911co.com\/wp-content\/uploads\/2024\/09\/whiplash-doctor-300x200.webp 300w\" sizes=\"(max-width: 500px) 100vw, 500px\" \/><\/p>\n<p>Cuando se trata de una lesi\u00f3n de latigazo cervical, una variedad de opciones de tratamiento puede ayudar a aliviar el dolor y restaurar la funci\u00f3n. Cada plan de tratamiento es personalizado para atender las necesidades espec\u00edficas del individuo, asegurando un enfoque centrado en la recuperaci\u00f3n. En Hurt 911 Colorado Injury Centers, nos centramos en un enfoque integral para el tratamiento de latigazo cervical. Nuestro equipo incluye fisioterapeutas, quiropr\u00e1cticos, especialistas en dolor y m\u00e9dicos ortop\u00e9dicos.<\/p>\n<h3>Inmovilizaci\u00f3n y fr\u00edo<\/h3>\n<p>Inicialmente, la inmovilizaci\u00f3n puede ser recomendada para proteger el cuello. Esto puede implicar el uso de un collar cervical para limitar el movimiento y promover la curaci\u00f3n. El fr\u00edo, como las bolsas de hielo, tambi\u00e9n puede ayudar a reducir la inflamaci\u00f3n y adormecer el dolor en las primeras fases.<\/p>\n<h3>Tratamiento del dolor<\/h3>\n<p>Los medicamentos de venta libre, incluidos los antiinflamatorios no esteroideos (AINE), pueden aliviar el dolor y la inflamaci\u00f3n. El m\u00e9dico puede recetar relajantes musculares para aliviar los espasmos musculares. Ofrecemos varias opciones de tratamiento del dolor, como la estimulaci\u00f3n nerviosa el\u00e9ctrica transcut\u00e1nea (TENS) y la terapia de puntos gatillo. Nuestros profesionales m\u00e9dicos evaluar\u00e1n su estado y le recomendar\u00e1n las mejores estrategias para adaptarse a su situaci\u00f3n.<\/p>\n<h3>Quiropr\u00e1ctica<\/h3>\n<p>El cuidado quiropr\u00e1ctico es una opci\u00f3n de tratamiento eficaz para el latigazo cervical. Los quiropr\u00e1cticos utilizan t\u00e9cnicas de manipulaci\u00f3n vertebral para mejorar la alineaci\u00f3n y la movilidad, reducir el dolor y mejorar la funci\u00f3n general. Este enfoque pr\u00e1ctico ayuda a restaurar la amplitud de movimiento en el cuello y aliviar la rigidez.<\/p>\n<h3>Fisioterapia<\/h3>\n<p>La fisioterapia desempe\u00f1a un papel crucial en la recuperaci\u00f3n de una lesi\u00f3n por latigazo cervical. Un fisioterapeuta dise\u00f1ar\u00e1 un programa de ejercicios a medida dirigido a fortalecer los m\u00fasculos del cuello, mejorar la flexibilidad y aumentar la resistencia. El fisioterapeuta tambi\u00e9n puede utilizar la terapia de puntos gatillo. Este tipo de masaje se dirige a los puntos gatillo para aliviar el dolor y la rigidez muscular.<\/p>\n<h3>Cirug\u00eda de la columna vertebral<\/h3>\n<p>Si los tratamientos conservadores no proporcionan alivio, un m\u00e9dico ortop\u00e9dico puede recomendar la cirug\u00eda de la columna vertebral. Esta opci\u00f3n suele reservarse para personas con dolor intenso y persistente o problemas estructurales.<\/p>\n<h2>\u00bfCu\u00e1nto tarda en curarse una lesi\u00f3n por latigazo cervical?<\/h2>\n<p>El tiempo de curaci\u00f3n de un latigazo cervical puede variar considerablemente. Por lo general, la mayor\u00eda de las personas empiezan a sentirse mejor varias semanas despu\u00e9s de la lesi\u00f3n. Sin embargo, algunas pueden experimentar s\u00edntomas durante varios meses o incluso m\u00e1s. Por t\u00e9rmino medio, la recuperaci\u00f3n dura entre 6 y 12 semanas. Durante este tiempo, es fundamental seguir al pie de la letra el plan de tratamiento para acelerar el proceso de curaci\u00f3n. Si experimenta s\u00edntomas persistentes, es esencial que consulte con un profesional sanitario cualificado para discutir sus opciones de tratamiento y volver a la senda de una vida sin dolor.<\/p>\n<h3>\u00bfPor qu\u00e9 elegir los Centros de Lesiones Hurt 911 Colorado?<\/h3>\n<p>Cuando usted est\u00e1 tratando con una lesi\u00f3n de latigazo cervical, la selecci\u00f3n del proveedor de atenci\u00f3n adecuada es crucial. En los Centros de Lesiones Hurt 911 Colorado, nos especializamos en el tratamiento de lesiones por accidentes automovil\u00edsticos con un enfoque en la atenci\u00f3n personalizada y estrategias de recuperaci\u00f3n eficaces. He aqu\u00ed por qu\u00e9 usted debe considerarnos para su tratamiento de latigazo cervical.<\/p>\n<h3>Doctor con experiencia en latigazo cervical en Commerce City<\/h3>\n<p>Nuestro equipo dedicado entiende los matices de las lesiones de latigazo cervical. Ofrecemos un enfoque multifac\u00e9tico que incluye evaluaciones exhaustivas, diagn\u00f3sticos precisos y planes de tratamiento a medida para atender sus necesidades espec\u00edficas. Desde la atenci\u00f3n quiropr\u00e1ctica a la terapia f\u00edsica, nuestros servicios est\u00e1n dise\u00f1ados para reducir el dolor y restaurar su rango de movimiento.<\/p>\n<h3>Transporte gratuito<\/h3>\n<p>Reconocemos que llegar a las citas puede ser un reto, especialmente cuando se trata de dolor y malestar. Es por eso que ofrecemos transporte gratuito desde y hacia nuestras instalaciones. Este servicio garantiza que pueda centrarse en su recuperaci\u00f3n sin el estr\u00e9s a\u00f1adido de la log\u00edstica del viaje.<\/p>\n<h3>Sin gastos de su bolsillo<\/h3>\n<p>En los Centros de Lesiones Hurt 911 Colorado, operamos sin gastos de bolsillo para nuestros clientes. Nuestros m\u00e9dicos y personal reciben el pago una vez que usted gana su demanda por accidente de coche.<\/p>\n<h3>Remisiones del abogado del accidente de coche<\/h3>\n<p>Navegar por las secuelas de un accidente de coche puede ser abrumador. Proporcionamos referencias a los abogados de lesiones personales de confianza que pueden ayudarle a obtener una compensaci\u00f3n justa por sus lesiones por accidente de coche.<\/p>\n<h2>Cont\u00e1ctenos hoy para una consulta gratuita<\/h2>\n<p><img decoding=\"async\" class=\"alignnone wp-image-2064\" src=\"https:\/\/1800hurt911co.com\/wp-content\/uploads\/2020\/12\/banner-bg1-copy-1024x254.webp\" alt=\"1-800-HURT911\" width=\"500\" height=\"124\" srcset=\"https:\/\/1800hurt911co.com\/wp-content\/uploads\/2020\/12\/banner-bg1-copy-1024x254.webp 1024w, https:\/\/1800hurt911co.com\/wp-content\/uploads\/2020\/12\/banner-bg1-copy-300x75.webp 300w, https:\/\/1800hurt911co.com\/wp-content\/uploads\/2020\/12\/banner-bg1-copy-768x191.webp 768w, https:\/\/1800hurt911co.com\/wp-content\/uploads\/2020\/12\/banner-bg1-copy-1536x382.webp 1536w, https:\/\/1800hurt911co.com\/wp-content\/uploads\/2020\/12\/banner-bg1-copy.webp 1920w\" sizes=\"(max-width: 500px) 100vw, 500px\" \/><\/p>\n<p>Si usted o un ser querido est\u00e1 experimentando s\u00edntomas de latigazo cervical despu\u00e9s de un accidente, no espere para comenzar el tratamiento. En Hurt 911 Colorado Injury Centers, nos especializamos en proporcionar atenci\u00f3n de primera categor\u00eda para las lesiones de latigazo cervical. Nuestro equipo dedicado est\u00e1 aqu\u00ed para ayudarle en cada paso del camino. P\u00f3ngase en contacto con nosotros hoy para una consulta gratuita. Podemos ayudarle a entender sus opciones de tratamiento y guiarle a trav\u00e9s del proceso de recuperaci\u00f3n. Nuestro compasivo personal escuchar\u00e1 sus preocupaciones y desarrollar\u00e1 un plan de tratamiento personalizado adaptado a sus necesidades. Perm\u00edtanos ayudarle a recuperar su salud y volver a sus actividades diarias. Llame ahora a los Centros de Lesiones Hurt 911 Colorado y d\u00e9 el primer paso hacia la recuperaci\u00f3n.<\/p>\n","protected":false},"excerpt":{"rendered":"<p>Latigazo cervical Doctor en Commerce City, CO El latigazo cervical es una lesi\u00f3n com\u00fan despu\u00e9s de un accidente de coche. El r\u00e1pido movimiento de vaiv\u00e9n de la cabeza resulta en un esguince de cuello. El latigazo cervical puede causar dolor de cuello severo y, si no se trata, puede conducir a problemas a largo plazo [&hellip;]<\/p>\n","protected":false},"author":6,"featured_media":0,"parent":4325,"menu_order":0,"comment_status":"closed","ping_status":"closed","template":"","meta":{"_acf_changed":false,"footnotes":""},"class_list":["post-4363","page","type-page","status-publish","hentry"],"acf":[],"_links":{"self":[{"href":"https:\/\/1800hurt911co.com\/es\/wp-json\/wp\/v2\/pages\/4363","targetHints":{"allow":["GET"]}}],"collection":[{"href":"https:\/\/1800hurt911co.com\/es\/wp-json\/wp\/v2\/pages"}],"about":[{"href":"https:\/\/1800hurt911co.com\/es\/wp-json\/wp\/v2\/types\/page"}],"author":[{"embeddable":true,"href":"https:\/\/1800hurt911co.com\/es\/wp-json\/wp\/v2\/users\/6"}],"replies":[{"embeddable":true,"href":"https:\/\/1800hurt911co.com\/es\/wp-json\/wp\/v2\/comments?post=4363"}],"version-history":[{"count":2,"href":"https:\/\/1800hurt911co.com\/es\/wp-json\/wp\/v2\/pages\/4363\/revisions"}],"predecessor-version":[{"id":4365,"href":"https:\/\/1800hurt911co.com\/es\/wp-json\/wp\/v2\/pages\/4363\/revisions\/4365"}],"up":[{"embeddable":true,"href":"https:\/\/1800hurt911co.com\/es\/wp-json\/wp\/v2\/pages\/4325"}],"wp:attachment":[{"href":"https:\/\/1800hurt911co.com\/es\/wp-json\/wp\/v2\/media?parent=4363"}],"curies":[{"name":"wp","href":"https:\/\/api.w.org\/{rel}","templated":true}]}}