{"id":4366,"date":"2024-09-10T11:30:59","date_gmt":"2024-09-10T15:30:59","guid":{"rendered":"https:\/\/1800hurt911co.com\/denver\/"},"modified":"2024-10-02T09:42:09","modified_gmt":"2024-10-02T15:42:09","slug":"denver","status":"publish","type":"page","link":"https:\/\/1800hurt911co.com\/es\/denver\/","title":{"rendered":"Denver"},"content":{"rendered":"<p>Denver, Colorado, conocida como la \u00abMile-High City\u00bb por su altitud de 1.500 metros sobre el nivel del mar, es la vibrante capital del estado. Enclavada al pie de las Monta\u00f1as Rocosas, Denver es famosa por su estilo de vida al aire libre, que combina la sofisticaci\u00f3n urbana con el f\u00e1cil acceso a la belleza natural. Con m\u00e1s de 300 d\u00edas de sol al a\u00f1o, residentes y visitantes disfrutan de un amplio abanico de actividades, desde el senderismo y el esqu\u00ed en las monta\u00f1as cercanas hasta la exploraci\u00f3n de los parques y espacios al aire libre de la ciudad. La ciudad presume de una econom\u00eda pr\u00f3spera, impulsada por industrias como la aeroespacial, la tecnol\u00f3gica, la energ\u00e9tica y el turismo. Denver alberga tambi\u00e9n una floreciente escena de startups, lo que la convierte en un destino atractivo para j\u00f3venes profesionales y emprendedores. La diversidad de su poblaci\u00f3n y la solidez de su mercado laboral contribuyen a crear un paisaje cultural y econ\u00f3mico din\u00e1mico. El centro de Denver est\u00e1 repleto de atracciones, como el Museo de Arte de Denver, conocido por su colecci\u00f3n de arte nativo americano, y el Museo de Ciencias Naturales de Denver. Para los entusiastas del deporte, la ciudad alberga importantes equipos profesionales, como los Denver Broncos (NFL), los Colorado Rockies (MLB) y los Denver Nuggets (NBA). La escena gastron\u00f3mica y cervecera artesanal de la ciudad es otro punto destacado, con cervecer\u00edas locales y restaurantes de la granja a la mesa que reflejan el compromiso de Denver con la sostenibilidad y la calidad. Union Station, un hito hist\u00f3rico, se ha revitalizado como centro gastron\u00f3mico y de ocio, lo que refuerza a\u00fan m\u00e1s la reputaci\u00f3n de la ciudad como destino culinario. Desde el punto de vista cultural, Denver abraza su herencia del Oeste al tiempo que se muestra progresista y con visi\u00f3n de futuro. Con una ecl\u00e9ctica mezcla de barrios, que van desde el encanto hist\u00f3rico de Capitol Hill hasta el ambiente moderno de RiNo (River North), Denver ofrece algo para todo el mundo, ya sea un entusiasta de las actividades al aire libre, un buscador de cultura o un explorador urbano.<\/p>\n","protected":false},"excerpt":{"rendered":"<p>Denver, Colorado, conocida como la \u00abMile-High City\u00bb por su altitud de 1.500 metros sobre el nivel del mar, es la vibrante capital del estado. Enclavada al pie de las Monta\u00f1as Rocosas, Denver es famosa por su estilo de vida al aire libre, que combina la sofisticaci\u00f3n urbana con el f\u00e1cil acceso a la belleza natural. [&hellip;]<\/p>\n","protected":false},"author":34,"featured_media":3970,"parent":0,"menu_order":0,"comment_status":"closed","ping_status":"closed","template":"","meta":{"_acf_changed":false,"footnotes":""},"class_list":["post-4366","page","type-page","status-publish","has-post-thumbnail","hentry"],"acf":[],"_links":{"self":[{"href":"https:\/\/1800hurt911co.com\/es\/wp-json\/wp\/v2\/pages\/4366","targetHints":{"allow":["GET"]}}],"collection":[{"href":"https:\/\/1800hurt911co.com\/es\/wp-json\/wp\/v2\/pages"}],"about":[{"href":"https:\/\/1800hurt911co.com\/es\/wp-json\/wp\/v2\/types\/page"}],"author":[{"embeddable":true,"href":"https:\/\/1800hurt911co.com\/es\/wp-json\/wp\/v2\/users\/34"}],"replies":[{"embeddable":true,"href":"https:\/\/1800hurt911co.com\/es\/wp-json\/wp\/v2\/comments?post=4366"}],"version-history":[{"count":3,"href":"https:\/\/1800hurt911co.com\/es\/wp-json\/wp\/v2\/pages\/4366\/revisions"}],"predecessor-version":[{"id":4369,"href":"https:\/\/1800hurt911co.com\/es\/wp-json\/wp\/v2\/pages\/4366\/revisions\/4369"}],"wp:featuredmedia":[{"embeddable":true,"href":"https:\/\/1800hurt911co.com\/es\/wp-json\/wp\/v2\/media\/3970"}],"wp:attachment":[{"href":"https:\/\/1800hurt911co.com\/es\/wp-json\/wp\/v2\/media?parent=4366"}],"curies":[{"name":"wp","href":"https:\/\/api.w.org\/{rel}","templated":true}]}}