{"id":4370,"date":"2024-09-11T13:55:36","date_gmt":"2024-09-11T17:55:36","guid":{"rendered":"https:\/\/1800hurt911co.com\/denver\/denver-accidente-de-autobus\/"},"modified":"2024-10-02T09:53:53","modified_gmt":"2024-10-02T15:53:53","slug":"denver-accidente-de-autobus","status":"publish","type":"page","link":"https:\/\/1800hurt911co.com\/es\/denver\/denver-accidente-de-autobus\/","title":{"rendered":"Denver Accidente de autob\u00fas"},"content":{"rendered":"<h2>Tratamiento de Accidente de Autob\u00fas en Denver &#8211; Su Camino a la Recuperaci\u00f3n<\/h2>\n<p>Experimentar un accidente de autob\u00fas puede ser abrumador y doloroso. En Hurt 911 Colorado Injury Centers, entendemos los desaf\u00edos que usted enfrenta. Nuestro equipo dedicado est\u00e1 aqu\u00ed para guiarle a trav\u00e9s de su viaje de recuperaci\u00f3n con compasi\u00f3n y experiencia. Proporcionamos un tratamiento integral de lesiones por accidente de autob\u00fas adaptado a sus necesidades espec\u00edficas. Desde el momento en que entras por nuestras puertas, usted recibir\u00e1 una atenci\u00f3n personalizada que da prioridad a su bienestar. Nuestro enfoque combina el tratamiento m\u00e9dico, atenci\u00f3n quiropr\u00e1ctica y terapia f\u00edsica para hacer frente a sus objetivos de recuperaci\u00f3n inmediata y a largo plazo. En los d\u00edas siguientes a su accidente, es crucial buscar ayuda profesional. Nuestros especialistas llevar\u00e1n a cabo una evaluaci\u00f3n exhaustiva de las lesiones para identificar todas sus lesiones, incluso aquellas que pueden no ser evidentes de inmediato. Esto nos permite desarrollar un plan de tratamiento personalizado que se centra en aliviar el dolor y restaurar la funci\u00f3n. A medida que avance en su recuperaci\u00f3n, controlaremos su estado de cerca y ajustaremos el tratamiento seg\u00fan sea necesario. Nuestro objetivo es ayudarle a recuperar la fuerza, la movilidad y la confianza. Tambi\u00e9n proporcionamos asistencia legal, asegurando que reciba la compensaci\u00f3n que se merece. No deje que el dolor dicte su vida. D\u00e9 el primer paso en su camino hacia la recuperaci\u00f3n poni\u00e9ndose en contacto con el Centro de Lesiones Hurt 911 Colorado hoy mismo. Perm\u00edtanos ayudarle a recuperar su vida y volver a hacer lo que le gusta.<\/p>\n<h2>En qu\u00e9 nos especializamos<\/h2>\n<p><a href=\"https:\/\/1800hurt911co.com\/wp-content\/uploads\/2024\/09\/shutterstock_2234893373.webp\"><img fetchpriority=\"high\" decoding=\"async\" class=\"alignnone wp-image-2522 size-full\" src=\"https:\/\/1800hurt911co.com\/wp-content\/uploads\/2024\/09\/shutterstock_2234893373.webp\" alt=\"Denver Bus Accident Treatment, Bus Accident in Denver\" width=\"500\" height=\"333\" srcset=\"https:\/\/1800hurt911co.com\/wp-content\/uploads\/2024\/09\/shutterstock_2234893373.webp 500w, https:\/\/1800hurt911co.com\/wp-content\/uploads\/2024\/09\/shutterstock_2234893373-300x200.webp 300w\" sizes=\"(max-width: 500px) 100vw, 500px\" \/><\/a><\/p>\n<p>En los Centros de Lesiones Hurt 911 Colorado, nos centramos en proporcionar una atenci\u00f3n integral a las personas afectadas por accidentes de autob\u00fas. Nuestros servicios especializados aseguran que usted reciba el tratamiento que necesita para recuperarse completamente y eficientemente.<\/p>\n<h3>Lesiones por accidentes de autob\u00fas<\/h3>\n<p>Los accidentes de autob\u00fas pueden dar lugar a una serie de lesiones, desde latigazos cervicales a condiciones m\u00e1s graves. Nuestro equipo tiene experiencia en el diagn\u00f3stico y tratamiento de estas lesiones espec\u00edficas, lo que nos permite adaptar nuestro enfoque a su situaci\u00f3n particular.<\/p>\n<h3>Servicios integrales de diagn\u00f3stico<\/h3>\n<p>Un diagn\u00f3stico preciso es crucial para un tratamiento eficaz. Ofrecemos una variedad de servicios de diagn\u00f3stico, incluyendo radiograf\u00edas y resonancias magn\u00e9ticas, para evaluar sus lesiones a fondo. Esto nos ayuda a desarrollar un plan de tratamiento preciso dirigido a su recuperaci\u00f3n.<\/p>\n<h3>La atenci\u00f3n quiropr\u00e1ctica para las v\u00edctimas de accidentes de autob\u00fas<\/h3>\n<p>La atenci\u00f3n quiropr\u00e1ctica es esencial para muchas v\u00edctimas de accidentes de autob\u00fas. Nuestros quiropr\u00e1cticos expertos se centran en aliviar el dolor, restaurar la movilidad y promover la curaci\u00f3n a trav\u00e9s de ajustes y terapias espec\u00edficas.<\/p>\n<h3>Fisioterapia para la recuperaci\u00f3n de accidentes de autob\u00fas<\/h3>\n<p>La terapia f\u00edsica es un componente vital de la recuperaci\u00f3n despu\u00e9s de un accidente de autob\u00fas. Nuestros fisioterapeutas licenciados trabajan con usted para mejorar la fuerza, la flexibilidad y la funci\u00f3n general, ayud\u00e1ndole a recuperar su independencia.<\/p>\n<h3>Asistencia legal para reclamaciones de accidentes de autob\u00fas<\/h3>\n<p>Navegar por los aspectos legales de un accidente de autob\u00fas puede ser abrumador. Nuestro equipo proporciona orientaci\u00f3n sobre la presentaci\u00f3n de reclamaciones y la b\u00fasqueda de compensaci\u00f3n, asegur\u00e1ndose de que usted entienda sus derechos y opciones en cada paso del camino. En Hurt 911, estamos dedicados a ayudarle a recuperarse de sus lesiones por accidente de autob\u00fas. Nuestros servicios especializados est\u00e1n dise\u00f1ados para abordar sus necesidades de manera eficaz, lo que le permite recuperar su vida y volver a lo que m\u00e1s importa.<\/p>\n<h2>Si\u00e9ntase como usted mismo otra vez<\/h2>\n<p>Recuperarse de un accidente de autob\u00fas puede sentirse abrumador, pero en los Centros de Lesiones Hurt 911 Colorado, estamos aqu\u00ed para guiarlo a trav\u00e9s de cada paso del proceso. Nuestro equipo dedicado entiende el peaje f\u00edsico y emocional que tal incidente puede tomar. Es por eso que nos centramos en proporcionar una atenci\u00f3n integral adaptada a sus necesidades \u00fanicas.<\/p>\n<h3>Paso 1: Hable con un especialista en accidentes de autob\u00fas<\/h3>\n<p>Su viaje comienza con una consulta con un especialista calificado en accidentes de autob\u00fas. Durante esta reuni\u00f3n inicial, vamos a discutir sus lesiones y preocupaciones espec\u00edficas. Nuestros especialistas est\u00e1n bien versados en los matices de las lesiones de accidentes de autob\u00fas y se tomar\u00e1n el tiempo para escuchar su historia. Esto nos permite entender su situaci\u00f3n completamente y determinar el mejor curso de acci\u00f3n para su recuperaci\u00f3n.<\/p>\n<h3>Paso 2: Recibir su plan personalizado de lesiones<\/h3>\n<p>Despu\u00e9s de la consulta, nuestro equipo crear\u00e1 un plan personalizado de lesiones dise\u00f1ado para atender sus necesidades espec\u00edficas. Este plan puede incluir una combinaci\u00f3n de tratamiento m\u00e9dico, atenci\u00f3n quiropr\u00e1ctica y fisioterapia. Nuestro objetivo es proporcionar un enfoque hol\u00edstico que no s\u00f3lo alivia el dolor, sino que tambi\u00e9n promueve la curaci\u00f3n a largo plazo. Puede confiar en que nos centramos en su bienestar y en que vuelva a sus actividades diarias lo antes posible.<\/p>\n<h3>Paso 3: Comience su viaje de recuperaci\u00f3n<\/h3>\n<p>Con su plan personalizado en marcha, comenzar\u00e1 su viaje de recuperaci\u00f3n. Nuestro compasivo personal le apoyar\u00e1 en cada paso del camino. Ofrecemos varias opciones de tratamiento adaptadas a sus necesidades, garantizando que reciba la mejor atenci\u00f3n posible. Desde ajustes quiropr\u00e1cticos hasta fisioterapia espec\u00edfica, nuestro objetivo es ayudarle a recuperar la fuerza y la movilidad. En Hurt 911 Colorado Injury Centers, creemos que no deber\u00eda sufrir en silencio. Perm\u00edtanos ayudarle a recuperar su vida y sentirse usted mismo de nuevo. P\u00f3ngase en contacto con nosotros hoy para comenzar su camino hacia la recuperaci\u00f3n.<\/p>\n<h2>Tratamiento integral despu\u00e9s de un accidente de autob\u00fas<\/h2>\n<p><a href=\"https:\/\/1800hurt911co.com\/wp-content\/uploads\/2024\/08\/shutterstock_495722575-copy.webp\"><img decoding=\"async\" class=\"alignnone wp-image-2144\" src=\"https:\/\/1800hurt911co.com\/wp-content\/uploads\/2024\/08\/shutterstock_495722575-copy.webp\" alt=\"Bus Accident Injury Treatment in Denver\" width=\"500\" height=\"334\" srcset=\"https:\/\/1800hurt911co.com\/wp-content\/uploads\/2024\/08\/shutterstock_495722575-copy.webp 1000w, https:\/\/1800hurt911co.com\/wp-content\/uploads\/2024\/08\/shutterstock_495722575-copy-300x200.webp 300w, https:\/\/1800hurt911co.com\/wp-content\/uploads\/2024\/08\/shutterstock_495722575-copy-768x513.webp 768w\" sizes=\"(max-width: 500px) 100vw, 500px\" \/><\/a><\/p>\n<p>En Hurt 911 Colorado Injury Centers, nos centramos en proporcionar opciones de tratamiento integrales adaptadas a sus necesidades despu\u00e9s de un accidente de autob\u00fas. Entendemos el peaje f\u00edsico y emocional tales incidentes pueden tener en su vida, y estamos aqu\u00ed ayudarle a navegar el proceso de recuperaci\u00f3n. Nuestro enfoque comienza con una evaluaci\u00f3n exhaustiva de las lesiones. Ofrecemos una gama de atenci\u00f3n m\u00e9dica y servicios quiropr\u00e1cticos dise\u00f1ados espec\u00edficamente para las v\u00edctimas de accidentes de autob\u00fas. Nuestro equipo de profesionales experimentados se dedica a abordar sus lesiones \u00fanicas, asegurando que reciba la mejor atenci\u00f3n posible.<\/p>\n<h3>Atenci\u00f3n m\u00e9dica y servicios quiropr\u00e1cticos<\/h3>\n<p>Ofrecemos atenci\u00f3n m\u00e9dica especializada para controlar su dolor y promover la curaci\u00f3n. Nuestros quiropr\u00e1cticos utilizan t\u00e9cnicas eficaces para realinear su columna vertebral y aliviar las molestias. Este enfoque hol\u00edstico es esencial para restaurar su movilidad y bienestar general.<\/p>\n<h3>Fisioterapia y rehabilitaci\u00f3n<\/h3>\n<p>La recuperaci\u00f3n no termina con el tratamiento inicial. Nuestros servicios de fisioterapia se centran en la rehabilitaci\u00f3n para ayudarle a recuperar la fuerza y la funci\u00f3n despu\u00e9s de su lesi\u00f3n. Creamos planes de rehabilitaci\u00f3n personalizados que se adaptan a sus necesidades espec\u00edficas, ayud\u00e1ndole a volver a sus actividades diarias lo antes posible.<\/p>\n<h3>Pruebas diagn\u00f3sticas: Radiograf\u00edas y resonancias magn\u00e9ticas<\/h3>\n<p>Un diagn\u00f3stico preciso es crucial para un tratamiento eficaz. Utilizamos pruebas diagn\u00f3sticas avanzadas, como radiograf\u00edas y resonancias magn\u00e9ticas, para evaluar sus lesiones. Esta evaluaci\u00f3n exhaustiva nos permite desarrollar un plan de tratamiento preciso que aborda todos los aspectos de su recuperaci\u00f3n.<\/p>\n<h3>Transporte gratuito desde y hacia nuestras oficinas<\/h3>\n<p>Creemos que el acceso a la atenci\u00f3n debe ser f\u00e1cil. Por eso ofrecemos transporte gratuito de ida y vuelta a nuestras oficinas. Este servicio asegura que usted pueda asistir a sus citas sin el estr\u00e9s a\u00f1adido del viaje, permiti\u00e9ndole centrarse \u00fanicamente en su recuperaci\u00f3n. En los Centros de Lesiones Hurt 911 Colorado, nuestra misi\u00f3n es apoyarle en cada paso del camino. Desde el momento en que nos contacte, estamos comprometidos a ayudarle a recuperar su vida despu\u00e9s de un accidente de autob\u00fas.<\/p>\n<h2>Gerencia del cuidado<\/h2>\n<p>En Hurt 911 Colorado Injury Centers, entendemos que navegar por las secuelas de un accidente de autob\u00fas puede ser abrumador. Nuestro equipo de gesti\u00f3n de la atenci\u00f3n se dedica a guiarle a trav\u00e9s de cada paso de su recuperaci\u00f3n. Damos prioridad a su salud y bienestar, asegur\u00e1ndonos de que reciba la atenci\u00f3n y el apoyo que necesita.<\/p>\n<h3>Planes de tratamiento personalizados<\/h3>\n<p>Cada lesi\u00f3n por accidente de autob\u00fas es \u00fanica, y tambi\u00e9n lo es nuestro enfoque del tratamiento. Creamos planes de lesiones personalizados adaptados a sus necesidades espec\u00edficas. Nuestro equipo eval\u00faa su condici\u00f3n y desarrolla una estrategia integral que puede incluir atenci\u00f3n m\u00e9dica, servicios quiropr\u00e1cticos y terapia f\u00edsica. Este plan individualizado ayuda a abordar su dolor y promueve la curaci\u00f3n eficaz.<\/p>\n<h3>Citas el mismo d\u00eda<\/h3>\n<p>Reconocemos que el tiempo es esencial cuando se trata de la recuperaci\u00f3n. Es por eso que ofrecemos citas el mismo d\u00eda para las v\u00edctimas de accidentes de autob\u00fas. Nuestro objetivo es proporcionar un acceso r\u00e1pido a la atenci\u00f3n, asegurando que comience su viaje de curaci\u00f3n tan pronto como sea posible. Si usted necesita una evaluaci\u00f3n de lesiones o tratamiento, estamos aqu\u00ed para acomodar su horario y necesidades. Nuestro compromiso con la gesti\u00f3n de los cuidados significa que nunca estar\u00e1 solo durante su recuperaci\u00f3n. Estamos aqu\u00ed para apoyarle, responder a sus preguntas y mantenerle informado sobre el progreso de su tratamiento. En Hurt 911, su recuperaci\u00f3n es nuestra prioridad.<\/p>\n<h2>Gesti\u00f3n de casos<\/h2>\n<p><a href=\"https:\/\/1800hurt911co.com\/wp-content\/uploads\/2024\/09\/hurt911-colorado-lawyer.webp\"><img decoding=\"async\" class=\"alignnone wp-image-2951 size-full\" src=\"https:\/\/1800hurt911co.com\/wp-content\/uploads\/2024\/09\/hurt911-colorado-lawyer.webp\" alt=\"Denver Bus Accident Lawyer\" width=\"500\" height=\"334\" srcset=\"https:\/\/1800hurt911co.com\/wp-content\/uploads\/2024\/09\/hurt911-colorado-lawyer.webp 500w, https:\/\/1800hurt911co.com\/wp-content\/uploads\/2024\/09\/hurt911-colorado-lawyer-300x200.webp 300w\" sizes=\"(max-width: 500px) 100vw, 500px\" \/><\/a><\/p>\n<p>En Hurt 911 Colorado Injury Centers, damos prioridad a su recuperaci\u00f3n, proporcionando una gesti\u00f3n integral de casos adaptados a las v\u00edctimas de accidentes de autob\u00fas. Nuestro equipo dedicado entiende los desaf\u00edos que usted enfrenta despu\u00e9s de un accidente, y estamos aqu\u00ed para apoyarle en cada paso del camino.<\/p>\n<h3>Documentaci\u00f3n minuciosa y mantenimiento de registros<\/h3>\n<p>Documentamos meticulosamente cada aspecto de su caso. Esto incluye la recopilaci\u00f3n de registros m\u00e9dicos, informes de accidentes, y cualquier otra informaci\u00f3n pertinente. El mantenimiento de registros detallados es esencial para la construcci\u00f3n de un caso fuerte y asegurar que usted reciba la compensaci\u00f3n que se merece. Nuestro enfoque garantiza que no se pase por alto ning\u00fan detalle, lo que nos permite presentar un caso convincente en su nombre.<\/p>\n<h3>Asistencia jur\u00eddica y orientaci\u00f3n sobre indemnizaciones<\/h3>\n<p>Navegar por el panorama legal despu\u00e9s de un accidente de autob\u00fas puede ser abrumador. Nuestro experimentado equipo est\u00e1 aqu\u00ed para proporcionarle la orientaci\u00f3n que necesita. Le ayudamos a entender sus derechos y opciones, asegur\u00e1ndonos de que est\u00e9 completamente informado durante todo el proceso. Desde la presentaci\u00f3n de reclamaciones a la negociaci\u00f3n con las compa\u00f1\u00edas de seguros, estamos comprometidos a abogar por sus mejores intereses. Usted puede confiar en nosotros para trabajar diligentemente para asegurar una compensaci\u00f3n justa por sus lesiones y p\u00e9rdidas. Con nuestros servicios de gesti\u00f3n de casos, puede centrarse en su recuperaci\u00f3n mientras nosotros nos encargamos de las complejidades de su caso. Perm\u00edtanos ayudarle a recuperar su vida despu\u00e9s de un accidente de autob\u00fas.<\/p>\n<h2>Red Del Especialista<\/h2>\n<p>En Hurt 911 Colorado Injury Centers, entendemos que la recuperaci\u00f3n de un accidente de autob\u00fas requiere un enfoque de colaboraci\u00f3n. Nuestra red de especialistas m\u00e9dicos est\u00e1 dise\u00f1ada para proporcionarle una atenci\u00f3n integral adaptada a sus necesidades espec\u00edficas. Cuando nos visite, tendr\u00e1 acceso a una variedad de expertos, incluyendo cirujanos ortop\u00e9dicos, neur\u00f3logos y especialistas en el manejo del dolor. Cada profesional desempe\u00f1a un papel fundamental en su proceso de recuperaci\u00f3n. Trabajan juntos para crear un plan de tratamiento cohesivo que aborde todos los aspectos de sus lesiones. Esto asegura que usted reciba el m\u00e1s alto nivel de atenci\u00f3n posible. Nuestros especialistas en accidentes de autob\u00fas se dedican no s\u00f3lo a tratar sus lesiones f\u00edsicas, sino tambi\u00e9n a apoyar su bienestar general. Mediante la coordinaci\u00f3n con diversos proveedores de atenci\u00f3n m\u00e9dica, nuestro objetivo es agilizar su proceso de recuperaci\u00f3n, ayud\u00e1ndole a recuperar la funci\u00f3n y reducir el dolor de manera efectiva. Creemos que un sistema de apoyo s\u00f3lido es esencial para la curaci\u00f3n. Por eso nuestro equipo se compromete a mantener una comunicaci\u00f3n abierta con todos los especialistas implicados en su tratamiento. Esta colaboraci\u00f3n nos permite seguir de cerca sus progresos y hacer los ajustes necesarios en su plan de tratamiento. Navegar por las secuelas de un accidente de autob\u00fas puede ser abrumador. Con nuestra red de especialistas a su lado, puede estar seguro de que est\u00e1 recibiendo una atenci\u00f3n integral centrada en su recuperaci\u00f3n. Perm\u00edtanos ayudarle a dar los siguientes pasos para recuperar su vida.<\/p>\n<h2>Obtenga una consulta gratuita sobre accidentes de autob\u00fas<\/h2>\n<p>Si usted ha estado involucrado en un accidente de autob\u00fas, asegurar la ayuda adecuada es crucial. En Hurt 911 Colorado Injury Centers, ofrecemos una consulta gratuita para discutir su situaci\u00f3n y explorar sus opciones. Esta conversaci\u00f3n inicial le permite compartir detalles sobre su accidente, sus lesiones, y cualquier preocupaci\u00f3n que usted tenga. Durante la consulta, nuestro equipo experimentado escuchar\u00e1 atentamente su relato y evaluar\u00e1 c\u00f3mo podemos ayudarle. Entendemos el estr\u00e9s financiero y emocional que sigue a un accidente, y estamos aqu\u00ed para proporcionar orientaci\u00f3n. Nuestro objetivo es proporcionar claridad y direcci\u00f3n. Le explicaremos c\u00f3mo nuestros servicios pueden ayudarle a recuperarse tanto f\u00edsica como econ\u00f3micamente. Usted merece saber cu\u00e1les son sus derechos y c\u00f3mo buscar la compensaci\u00f3n a la que puede tener derecho. No deje que la incertidumbre le detenga. Programe hoy mismo su consulta gratuita sobre accidentes de autob\u00fas y d\u00e9 el primer paso para recuperar su vida. Estamos listos para ayudarle en su camino hacia la recuperaci\u00f3n.<\/p>\n<h2>Nuestras Localizaciones<\/h2>\n<p>En los Centros de Lesiones Hurt 911 Colorado, servimos con orgullo al \u00e1rea metropolitana de Denver. Nuestro compromiso de proporcionar un tratamiento excepcional de accidentes de autob\u00fas se extiende a trav\u00e9s de varios barrios y comunidades. Ya sea que se encuentre en el coraz\u00f3n de Denver o en los suburbios circundantes, nuestro dedicado equipo est\u00e1 aqu\u00ed para ayudarle en su camino hacia la recuperaci\u00f3n. Tenemos m\u00faltiples ubicaciones para asegurar que usted reciba la atenci\u00f3n que necesita sin problemas. Nuestras cl\u00ednicas est\u00e1n estrat\u00e9gicamente situadas en<\/p>\n<ul>\n<li><a href=\"\/es\/denver\/\">Denver<\/a><\/li>\n<li><a href=\"\/es\/aurora\/\">Aurora<\/a><\/li>\n<li><a href=\"\/es\/arvada\/\">Arvada<\/a><\/li>\n<li><a href=\"\/es\/lakewood\/\">Lakewood<\/a><\/li>\n<li><a href=\"\/es\/colorado-springs\/\">Colorado Springs<\/a><\/li>\n<li><a href=\"\/es\/commerce-city\/\">Commerce City<\/a><\/li>\n<li><a href=\"\/es\/centennial\/\">Centennial<\/a><\/li>\n<\/ul>\n<p>Each location is equipped with modern facilities and staffed by experienced professionals who understand the complexities of bus accident injuries. We strive to make your visit as straightforward as possible, with free transportation options available to ensure you can attend your appointments without added stress.<\/p>\n<h2>Contacte con nosotros hoy mismo<\/h2>\n<p><img loading=\"lazy\" decoding=\"async\" class=\"alignnone wp-image-2064\" src=\"https:\/\/1800hurt911co.com\/wp-content\/uploads\/2020\/12\/banner-bg1-copy-1024x254.webp\" alt=\"Hurt911 Logo\" width=\"500\" height=\"124\" srcset=\"https:\/\/1800hurt911co.com\/wp-content\/uploads\/2020\/12\/banner-bg1-copy-1024x254.webp 1024w, https:\/\/1800hurt911co.com\/wp-content\/uploads\/2020\/12\/banner-bg1-copy-300x75.webp 300w, https:\/\/1800hurt911co.com\/wp-content\/uploads\/2020\/12\/banner-bg1-copy-768x191.webp 768w, https:\/\/1800hurt911co.com\/wp-content\/uploads\/2020\/12\/banner-bg1-copy-1536x382.webp 1536w, https:\/\/1800hurt911co.com\/wp-content\/uploads\/2020\/12\/banner-bg1-copy.webp 1920w\" sizes=\"(max-width: 500px) 100vw, 500px\" \/><\/p>\n<p>En Hurt 911 Colorado Injury Centers, entendemos el impacto que un accidente de autob\u00fas puede tener en su vida. Nuestro equipo dedicado est\u00e1 aqu\u00ed para apoyarle a trav\u00e9s de cada paso de su viaje de recuperaci\u00f3n. Ofrecemos opciones de tratamiento integrales adaptadas a sus necesidades espec\u00edficas, asegurando que usted reciba la atenci\u00f3n necesaria para recuperar su salud y bienestar. Nuestros especialistas en accidentes de autob\u00fas se comprometen a proporcionar planes de lesiones personalizados dise\u00f1ados para hacer frente a sus circunstancias \u00fanicas. Desde la atenci\u00f3n m\u00e9dica y los servicios quiropr\u00e1cticos a la fisioterapia y la rehabilitaci\u00f3n, nos centramos en ofrecer soluciones eficaces para ayudarle a sanar. Nuestro objetivo es guiarle hacia una vida sin dolor, permiti\u00e9ndole volver al trabajo y disfrutar de sus actividades diarias sin limitaciones. Tambi\u00e9n reconocemos la importancia de la comodidad en su proceso de recuperaci\u00f3n. Por eso le proporcionamos transporte gratuito de ida y vuelta a nuestras oficinas, facilit\u00e1ndole el acceso a la atenci\u00f3n que necesita. Nuestro equipo est\u00e1 aqu\u00ed para simplificar su recuperaci\u00f3n, asegur\u00e1ndose de que se sienta apoyado en cada paso del camino. No deje que las secuelas de un accidente de autob\u00fas le retengan por m\u00e1s tiempo. P\u00f3ngase en contacto con el Centro de Lesiones Hurt 911 Colorado hoy mismo para discutir su situaci\u00f3n y explorar c\u00f3mo podemos ayudarle a recuperar su vida. Su viaje a la recuperaci\u00f3n comienza con una simple llamada. Perm\u00edtanos ayudarle a seguir adelante con confianza y fuerza.<\/p>\n","protected":false},"excerpt":{"rendered":"<p>Tratamiento de Accidente de Autob\u00fas en Denver &#8211; Su Camino a la Recuperaci\u00f3n Experimentar un accidente de autob\u00fas puede ser abrumador y doloroso. En Hurt 911 Colorado Injury Centers, entendemos los desaf\u00edos que usted enfrenta. Nuestro equipo dedicado est\u00e1 aqu\u00ed para guiarle a trav\u00e9s de su viaje de recuperaci\u00f3n con compasi\u00f3n y experiencia. Proporcionamos un [&hellip;]<\/p>\n","protected":false},"author":34,"featured_media":0,"parent":4366,"menu_order":0,"comment_status":"closed","ping_status":"closed","template":"","meta":{"_acf_changed":false,"footnotes":""},"class_list":["post-4370","page","type-page","status-publish","hentry"],"acf":[],"_links":{"self":[{"href":"https:\/\/1800hurt911co.com\/es\/wp-json\/wp\/v2\/pages\/4370","targetHints":{"allow":["GET"]}}],"collection":[{"href":"https:\/\/1800hurt911co.com\/es\/wp-json\/wp\/v2\/pages"}],"about":[{"href":"https:\/\/1800hurt911co.com\/es\/wp-json\/wp\/v2\/types\/page"}],"author":[{"embeddable":true,"href":"https:\/\/1800hurt911co.com\/es\/wp-json\/wp\/v2\/users\/34"}],"replies":[{"embeddable":true,"href":"https:\/\/1800hurt911co.com\/es\/wp-json\/wp\/v2\/comments?post=4370"}],"version-history":[{"count":2,"href":"https:\/\/1800hurt911co.com\/es\/wp-json\/wp\/v2\/pages\/4370\/revisions"}],"predecessor-version":[{"id":4372,"href":"https:\/\/1800hurt911co.com\/es\/wp-json\/wp\/v2\/pages\/4370\/revisions\/4372"}],"up":[{"embeddable":true,"href":"https:\/\/1800hurt911co.com\/es\/wp-json\/wp\/v2\/pages\/4366"}],"wp:attachment":[{"href":"https:\/\/1800hurt911co.com\/es\/wp-json\/wp\/v2\/media?parent=4370"}],"curies":[{"name":"wp","href":"https:\/\/api.w.org\/{rel}","templated":true}]}}