{"id":4373,"date":"2024-09-10T20:52:50","date_gmt":"2024-09-11T00:52:50","guid":{"rendered":"https:\/\/1800hurt911co.com\/denver\/denver-quiropractico-de-accidentes-de-coche\/"},"modified":"2024-10-02T10:03:46","modified_gmt":"2024-10-02T16:03:46","slug":"denver-quiropractico-de-accidentes-de-coche","status":"publish","type":"page","link":"https:\/\/1800hurt911co.com\/es\/denver\/denver-quiropractico-de-accidentes-de-coche\/","title":{"rendered":"Denver Quiropr\u00e1ctico de accidentes de coche"},"content":{"rendered":"<h2>\u00bfBuscando un quiropr\u00e1ctico del accidente de coche de Denver?<\/h2>\n<p>En Hurt 911 Colorado Injury Centers, nos especializamos en el tratamiento de lesiones sufridas por accidentes automovil\u00edsticos. La comprensi\u00f3n de la naturaleza de estas lesiones es crucial para la recuperaci\u00f3n eficaz.<\/p>\n<h3>Entendiendo las lesiones por accidente de coche<\/h3>\n<p>Los accidentes de coche pueden conducir a una variedad de lesiones. Los problemas comunes incluyen latigazo cervical, dolor de cuello y lesiones de tejidos blandos. Los s\u00edntomas no siempre aparecen inmediatamente, por lo que es vital buscar una pronta evaluaci\u00f3n m\u00e9dica. El diagn\u00f3stico precoz puede tener un impacto significativo en su proceso de recuperaci\u00f3n, lo que permite la intervenci\u00f3n y el tratamiento oportuno.<\/p>\n<h3>\u00bfPor qu\u00e9 elegir la atenci\u00f3n quiropr\u00e1ctica para las lesiones por accidente de auto?<\/h3>\n<p>El cuidado quiropr\u00e1ctico ofrece numerosas ventajas para aquellos que se recuperan de lesiones por accidente de auto.<\/p>\n<ul>\n<li><strong>Beneficios de los ajustes quiropr\u00e1cticos para los pacientes de accidentes de coche<\/strong>: Estos ajustes pueden ayudar a realinear la columna vertebral y aliviar el dolor, promoviendo una curaci\u00f3n m\u00e1s r\u00e1pida.<\/li>\n<li><strong>Opciones de tratamiento no invasivo<\/strong>: Los m\u00e9todos quiropr\u00e1cticos son suaves y se centran en la curaci\u00f3n natural, evitando la necesidad de procedimientos invasivos.<\/li>\n<li><strong>Evitar tratamientos m\u00e1s invasivos<\/strong>: Al optar por la atenci\u00f3n quiropr\u00e1ctica, los pacientes a menudo pueden evitar la cirug\u00eda y la dependencia de medicamentos para el dolor, que pueden tener efectos secundarios no deseados.<\/li>\n<\/ul>\n<p>Nuestro equipo se dedica a proporcionar una atenci\u00f3n integral adaptada a sus necesidades espec\u00edficas. Trabajamos estrechamente con nuestros clientes para asegurarnos de que reciben el mejor tratamiento posible. Si usted ha estado involucrado en un accidente de coche, no dude en ponerse en contacto. Su camino hacia la recuperaci\u00f3n comienza aqu\u00ed.<\/p>\n<h2>Nuestro enfoque integral para la recuperaci\u00f3n de lesiones por accidente de coche<\/h2>\n<p><a href=\"https:\/\/1800hurt911co.com\/wp-content\/uploads\/2024\/09\/shutterstock_2475680809.webp\"><img fetchpriority=\"high\" decoding=\"async\" class=\"alignnone wp-image-2552 size-full\" src=\"https:\/\/1800hurt911co.com\/wp-content\/uploads\/2024\/09\/shutterstock_2475680809.webp\" alt=\"Denver Quiropr\u00e1ctico de accidentes de coche\" width=\"500\" height=\"330\" srcset=\"https:\/\/1800hurt911co.com\/wp-content\/uploads\/2024\/09\/shutterstock_2475680809.webp 500w, https:\/\/1800hurt911co.com\/wp-content\/uploads\/2024\/09\/shutterstock_2475680809-300x198.webp 300w\" sizes=\"(max-width: 500px) 100vw, 500px\" \/><\/a><\/p>\n<p>En Hurt 911 Colorado Injury Centers, creemos en un enfoque hol\u00edstico para la curaci\u00f3n despu\u00e9s de un accidente de coche. Nos centramos en proporcionar una atenci\u00f3n multidisciplinar que aborde las diversas necesidades de cada paciente. Entendemos que cada lesi\u00f3n es \u00fanica y requiere un plan de tratamiento a medida.<\/p>\n<h3>Atenci\u00f3n multidisciplinar para lesiones por accidente de coche<\/h3>\n<p>Nuestro equipo dedicado ofrece una gama de servicios para facilitar su recuperaci\u00f3n:<\/p>\n<ul>\n<li><strong>Cuidado Quiropr\u00e1ctico<\/strong>: Nuestros quiropr\u00e1cticos experimentados utilizan ajustes de la columna vertebral para aliviar el dolor y restaurar la movilidad. Este enfoque no invasivo es particularmente eficaz para las lesiones comunes de accidentes de coche como dolor de cuello y latigazo cervical.<\/li>\n<li><strong>Fisioterapia<\/strong>: Nuestros fisioterapeutas trabajan estrechamente con usted para desarrollar ejercicios de rehabilitaci\u00f3n destinados a mejorar la fuerza y la flexibilidad. Esto es crucial para una recuperaci\u00f3n exitosa.<\/li>\n<li><strong>Masaje terap\u00e9utico<\/strong>: El masaje terap\u00e9utico puede ayudar a aliviar la tensi\u00f3n y promover la relajaci\u00f3n, mejorando su bienestar general durante el proceso de recuperaci\u00f3n.<\/li>\n<li><strong>Servicios de diagn\u00f3stico<\/strong>: Proporcionamos servicios de diagn\u00f3stico esenciales, incluidas radiograf\u00edas y resonancias magn\u00e9ticas, para evaluar con precisi\u00f3n sus lesiones y desarrollar un plan de tratamiento eficaz.<\/li>\n<\/ul>\n<h3>C\u00f3mo funciona nuestro tratamiento quiropr\u00e1ctico<\/h3>\n<p>Nuestro proceso comienza con una evaluaci\u00f3n completa para entender sus necesidades espec\u00edficas:<\/p>\n<ul>\n<li><strong>Consulta Inicial y Diagn\u00f3stico<\/strong>: Durante su primera visita, realizamos una evaluaci\u00f3n exhaustiva para identificar la naturaleza y el alcance de sus lesiones. Esto nos ayuda a determinar el mejor curso de acci\u00f3n para su tratamiento.<\/li>\n<li><strong>Planes de tratamiento personalizados<\/strong>: Bas\u00e1ndonos en su diagn\u00f3stico, creamos un plan de tratamiento personalizado que puede incluir ajustes quiropr\u00e1cticos, fisioterapia y otras terapias de apoyo. Esto asegura que usted reciba la mejor atenci\u00f3n adaptada a su situaci\u00f3n.<\/li>\n<li><strong>Alivio del dolor y rehabilitaci\u00f3n a largo plazo<\/strong>: Nuestro objetivo no es s\u00f3lo aliviar su dolor inmediato, sino tambi\u00e9n promover la recuperaci\u00f3n a largo plazo. Nos centramos en las estrategias de rehabilitaci\u00f3n que apoyan sus objetivos de salud y bienestar.<\/li>\n<\/ul>\n<p>Al elegir los Centros de Lesiones Hurt 911 Colorado, usted obtiene acceso a un equipo de colaboraci\u00f3n de profesionales dedicados a guiarle a trav\u00e9s de su viaje de recuperaci\u00f3n. Estamos aqu\u00ed para ayudarle a recuperar su fuerza y volver a una vida sin dolor.<\/p>\n<h2>Conozca a nuestros quiropr\u00e1cticos con experiencia en accidentes de coche en Denver<\/h2>\n<p><a href=\"https:\/\/1800hurt911co.com\/wp-content\/uploads\/2024\/09\/chiropractic-treatment.webp\"><img decoding=\"async\" class=\"alignnone wp-image-2882 size-full\" src=\"https:\/\/1800hurt911co.com\/wp-content\/uploads\/2024\/09\/chiropractic-treatment.webp\" alt=\"Chiropractic Care After a Car Accident\" width=\"500\" height=\"334\" srcset=\"https:\/\/1800hurt911co.com\/wp-content\/uploads\/2024\/09\/chiropractic-treatment.webp 500w, https:\/\/1800hurt911co.com\/wp-content\/uploads\/2024\/09\/chiropractic-treatment-300x200.webp 300w\" sizes=\"(max-width: 500px) 100vw, 500px\" \/><\/a><\/p>\n<h3>Nuestro Equipo de Especialistas<\/h3>\n<p>En Hurt 911 Colorado Injury Centers, nos enorgullecemos de contar con un equipo dedicado de profesionales listos para ayudarle despu\u00e9s de un accidente de coche. Nuestro equipo tiene una amplia experiencia en ayudar a los pacientes de accidentes automovil\u00edsticos a recuperarse de las lesiones. Estamos comprometidos a guiar a los pacientes a trav\u00e9s de su viaje de rehabilitaci\u00f3n. Nuestros especialistas hacen hincapi\u00e9 en el fortalecimiento y la restauraci\u00f3n de la funci\u00f3n para asegurar una recuperaci\u00f3n exitosa. La elecci\u00f3n de Hurt 911 Colorado Injury Centers significa que est\u00e1 en manos capaces. Nuestros quiropr\u00e1cticos experimentados se dedican a ayudarle a navegar por el proceso de recuperaci\u00f3n, asegurando que reciba la atenci\u00f3n que necesita para recuperar su salud y bienestar despu\u00e9s de un accidente automovil\u00edstico.<\/p>\n<h2>Qu\u00e9 hacer despu\u00e9s de un accidente de coche en Denver<\/h2>\n<p>Experimentar un accidente de coche puede ser abrumador. Es crucial conocer los pasos a seguir inmediatamente despu\u00e9s del incidente para salvaguardar su salud y sus derechos legales. He aqu\u00ed una gu\u00eda para ayudarle a navegar a trav\u00e9s de este momento dif\u00edcil.<\/p>\n<h3>Pasos inmediatos a seguir<\/h3>\n<p><strong>Busque atenci\u00f3n m\u00e9dica<\/strong><br \/>\nSu salud es la m\u00e1xima prioridad. Aunque no sienta dolor inmediato, es aconsejable que consulte a un profesional sanitario. Algunas lesiones, como el latigazo cervical o las lesiones de tejidos blandos, pueden no presentar s\u00edntomas de inmediato. Un examen exhaustivo puede ayudar a identificar cualquier problema subyacente.<\/p>\n<p><strong>Documenta tus lesiones<\/strong><br \/>\nLleve un registro detallado de sus lesiones y de los s\u00edntomas que experimenta. Esta documentaci\u00f3n puede ser vital para su tratamiento y para cualquier posible reclamaci\u00f3n. Tome fotos de las lesiones visibles y anote c\u00f3mo afecta el dolor a sus actividades cotidianas.<\/p>\n<h2>\u00bfPor qu\u00e9 visitar los Centros de Lesiones Hurt 911 Colorado?<\/h2>\n<h3>Transporte gratuito desde y hacia nuestras oficinas<\/h3>\n<p>Entendemos que el transporte puede ser una barrera para recibir atenci\u00f3n. Es por eso que ofrecemos servicios de transporte gratuito para hacer sus visitas sin problemas.<\/p>\n<h3>Sin costos por adelantado<\/h3>\n<p>Las preocupaciones financieras no deben impedirle recibir la atenci\u00f3n que necesita. Nuestro equipo cobra una vez que usted gana su caso de lesiones personales.<\/p>\n<h3>Apoyo integral desde asistencia m\u00e9dica hasta legal<\/h3>\n<p>En el Centro de Lesiones Hurt 911 Colorado, proporcionamos un enfoque hol\u00edstico para la recuperaci\u00f3n. Nuestros servicios no s\u00f3lo incluyen la atenci\u00f3n quiropr\u00e1ctica, sino tambi\u00e9n la orientaci\u00f3n jur\u00eddica. Remitimos a los pacientes a abogados de accidentes de coche de confianza. Tomar estas medidas puede tener un impacto significativo en su recuperaci\u00f3n y los resultados futuros de salud. Si usted ha estado en un accidente de coche, no dude en ponerse en contacto con nosotros para obtener ayuda. Su camino hacia la curaci\u00f3n comienza aqu\u00ed.<\/p>\n<h2>Preguntas frecuentes<\/h2>\n<h3>\u00bfCubrir\u00e1 mi seguro la atenci\u00f3n quiropr\u00e1ctica?<\/h3>\n<p>Navegar por el mundo de los seguros puede ser complicado, especialmente despu\u00e9s de un accidente de coche. La mayor\u00eda de las p\u00f3lizas de seguros de autom\u00f3viles cubren la atenci\u00f3n quiropr\u00e1ctica para las lesiones sufridas en un accidente de coche. Adem\u00e1s, su seguro m\u00e9dico tambi\u00e9n puede proporcionar cobertura. En Hurt 911 Colorado Injury Centers, podemos ponerle en contacto con un abogado de lesiones personales. Un abogado puede ayudarle a buscar la compensaci\u00f3n para el tratamiento m\u00e9dico. Nuestro equipo m\u00e9dico y socios legales son pagados una vez que usted gana compensaci\u00f3n en un caso de lesi\u00f3n personal.<\/p>\n<h3>\u00bfQu\u00e9 pasa si no siento dolor inmediatamente?<\/h3>\n<p>Es com\u00fan que los s\u00edntomas aparezcan d\u00edas o incluso semanas despu\u00e9s de un accidente. Esta respuesta tard\u00eda puede dar lugar a problemas persistentes si no se abordan con prontitud. El diagn\u00f3stico precoz es crucial. La atenci\u00f3n quiropr\u00e1ctica puede ayudar a identificar problemas subyacentes y prevenir complicaciones a largo plazo. Nuestro experimentado equipo evaluar\u00e1 su condici\u00f3n a fondo, asegur\u00e1ndose de que usted reciba la atenci\u00f3n necesaria para evitar futuras molestias.<\/p>\n<h3>\u00bfCu\u00e1ndo puedo empezar el tratamiento?<\/h3>\n<p>Comenzar su viaje de recuperaci\u00f3n es una prioridad. Usted puede programar su primera cita tan pronto como est\u00e9 listo. Durante esta visita inicial, nuestros quiropr\u00e1cticos evaluar\u00e1n sus lesiones y discutir\u00e1n sus opciones de tratamiento. Esperar una evaluaci\u00f3n exhaustiva para adaptar un plan que satisfaga sus necesidades espec\u00edficas. La intervenci\u00f3n temprana puede mejorar significativamente su proceso de recuperaci\u00f3n, as\u00ed que no dude en ponerse en contacto con nosotros.<\/p>\n<h2>Contacte con nosotros<\/h2>\n<p><img decoding=\"async\" class=\"alignnone wp-image-2064\" src=\"https:\/\/1800hurt911co.com\/wp-content\/uploads\/2020\/12\/banner-bg1-copy-1024x254.webp\" alt=\"Hurt911 Logo\" width=\"500\" height=\"124\" srcset=\"https:\/\/1800hurt911co.com\/wp-content\/uploads\/2020\/12\/banner-bg1-copy-1024x254.webp 1024w, https:\/\/1800hurt911co.com\/wp-content\/uploads\/2020\/12\/banner-bg1-copy-300x75.webp 300w, https:\/\/1800hurt911co.com\/wp-content\/uploads\/2020\/12\/banner-bg1-copy-768x191.webp 768w, https:\/\/1800hurt911co.com\/wp-content\/uploads\/2020\/12\/banner-bg1-copy-1536x382.webp 1536w, https:\/\/1800hurt911co.com\/wp-content\/uploads\/2020\/12\/banner-bg1-copy.webp 1920w\" sizes=\"(max-width: 500px) 100vw, 500px\" \/><\/p>\n<h3>\u00bfListo para empezar su recuperaci\u00f3n?<\/h3>\n<p>Si usted ha estado implicado recientemente en un accidente de coche, tomar el primer paso hacia la recuperaci\u00f3n es crucial. En Hurt 911 Colorado Injury Centers, estamos aqu\u00ed para apoyarle. Programe una cita hoy y comience su viaje hacia la curaci\u00f3n. Ofrecemos una consulta gratuita para los nuevos pacientes, lo que le permite entender sus opciones de tratamiento sin ning\u00fan tipo de presi\u00f3n financiera.<\/p>\n<h3>\u00bfTiene preguntas o necesita m\u00e1s informaci\u00f3n?<\/h3>\n<p>Nuestro personal amable y bien informado est\u00e1 listo para ayudarle. Si usted tiene preguntas acerca de nuestros servicios, opciones de tratamiento, o la cobertura del seguro, estamos aqu\u00ed para ayudar. No dude en ponerse en contacto con nosotros. Tambi\u00e9n puede visitar nuestra p\u00e1gina de preguntas frecuentes para m\u00e1s detalles sobre la atenci\u00f3n quiropr\u00e1ctica y la recuperaci\u00f3n despu\u00e9s de un accidente de coche.<\/p>\n<h3>Ubicaciones<\/h3>\n<p>Hurt 911 Colorado Injury Centers sirve el \u00e1rea metropolitana de Denver. Contamos con m\u00faltiples ubicaciones para garantizarle un f\u00e1cil acceso a nuestros servicios. Encuentre un centro cerca de usted y d\u00e9 el primer paso hacia la recuperaci\u00f3n de su salud y bienestar. Su recuperaci\u00f3n es nuestra prioridad.<\/p>\n<h2>Recursos<\/h2>\n<h3>Informaci\u00f3n adicional sobre la recuperaci\u00f3n del accidente de coche<\/h3>\n<p>En Hurt 911 Colorado Injury Centers, nos esforzamos por capacitar a nuestros clientes con el conocimiento. Nuestros recursos incluyen una variedad de art\u00edculos y gu\u00edas que cubren temas esenciales relacionados con la atenci\u00f3n quiropr\u00e1ctica y la recuperaci\u00f3n despu\u00e9s de un accidente de coche. Estos materiales tienen como objetivo educarle sobre los tipos de lesiones com\u00fanmente sufridas en accidentes automovil\u00edsticos, los s\u00edntomas a tener en cuenta, y c\u00f3mo el tratamiento quiropr\u00e1ctico puede abordar eficazmente estas preocupaciones.<\/p>\n<h3>Nuestras Ubicaciones<\/h3>\n<p>Estamos orgullosos de servir a la Gran \u00c1rea Metropolitana de Denver, asegurando que la atenci\u00f3n de calidad es accesible a todos. Nuestra red de Centros de Lesiones Hurt 911 Colorado est\u00e1 estrat\u00e9gicamente situada para proporcionar comodidad a nuestros pacientes. Usted puede encontrar f\u00e1cilmente un centro cerca de usted, lo que permite un acceso sin problemas a nuestros servicios m\u00e9dicos y legales.<\/p>\n<p>Tanto si necesita tratamiento inmediato como si tiene preguntas sobre sus opciones de recuperaci\u00f3n, nuestro equipo especializado est\u00e1 aqu\u00ed para ayudarle en cada paso del camino. P\u00f3ngase en contacto con nosotros hoy mismo para obtener m\u00e1s informaci\u00f3n sobre c\u00f3mo podemos ayudarle en su camino hacia la recuperaci\u00f3n.<\/p>\n","protected":false},"excerpt":{"rendered":"<p>\u00bfBuscando un quiropr\u00e1ctico del accidente de coche de Denver? En Hurt 911 Colorado Injury Centers, nos especializamos en el tratamiento de lesiones sufridas por accidentes automovil\u00edsticos. La comprensi\u00f3n de la naturaleza de estas lesiones es crucial para la recuperaci\u00f3n eficaz. Entendiendo las lesiones por accidente de coche Los accidentes de coche pueden conducir a una [&hellip;]<\/p>\n","protected":false},"author":34,"featured_media":0,"parent":4366,"menu_order":0,"comment_status":"closed","ping_status":"closed","template":"","meta":{"_acf_changed":false,"footnotes":""},"class_list":["post-4373","page","type-page","status-publish","hentry"],"acf":[],"_links":{"self":[{"href":"https:\/\/1800hurt911co.com\/es\/wp-json\/wp\/v2\/pages\/4373","targetHints":{"allow":["GET"]}}],"collection":[{"href":"https:\/\/1800hurt911co.com\/es\/wp-json\/wp\/v2\/pages"}],"about":[{"href":"https:\/\/1800hurt911co.com\/es\/wp-json\/wp\/v2\/types\/page"}],"author":[{"embeddable":true,"href":"https:\/\/1800hurt911co.com\/es\/wp-json\/wp\/v2\/users\/34"}],"replies":[{"embeddable":true,"href":"https:\/\/1800hurt911co.com\/es\/wp-json\/wp\/v2\/comments?post=4373"}],"version-history":[{"count":2,"href":"https:\/\/1800hurt911co.com\/es\/wp-json\/wp\/v2\/pages\/4373\/revisions"}],"predecessor-version":[{"id":4375,"href":"https:\/\/1800hurt911co.com\/es\/wp-json\/wp\/v2\/pages\/4373\/revisions\/4375"}],"up":[{"embeddable":true,"href":"https:\/\/1800hurt911co.com\/es\/wp-json\/wp\/v2\/pages\/4366"}],"wp:attachment":[{"href":"https:\/\/1800hurt911co.com\/es\/wp-json\/wp\/v2\/media?parent=4373"}],"curies":[{"name":"wp","href":"https:\/\/api.w.org\/{rel}","templated":true}]}}